{"id":7452,"date":"2020-07-17T22:10:31","date_gmt":"2020-07-17T20:13:21","guid":{"rendered":"https:\/\/www.arteartesania.com\/?post_type=product&#038;p=7452"},"modified":"2020-07-17T22:13:21","modified_gmt":"2020-07-17T20:13:21","slug":"lange-schuessel-natuerliches-ostrich-verfasser-jose-luis-bazan","status":"publish","type":"product","link":"https:\/\/www.arteartesania.com\/de\/producto\/lange-schuessel-natuerliches-ostrich-verfasser-jose-luis-bazan\/","title":{"rendered":"LANGE SCH\u00dcSSEL NAT\u00dcRLICHES OSTRICH    Verfasser: Jose Luis Bazan"},"content":{"rendered":"<p><span class=\"tlid-translation translation\" lang=\"de\"><span class=\"\" title=\"\">LANGE SCH\u00dcSSEL NAT\u00dcRLICHES OSTRICH<\/span><\/p>\n<p><span class=\"\" title=\"\">Material: Gemustertes und aufgeh\u00e4ngtes Leder<\/span><br \/>\n<span class=\"\" title=\"\">Strau\u00dfenbeinhaut-Anwendung<\/span><\/p>\n<p><span title=\"\">Verfasser: Jose Luis Bazan<\/span><\/span><\/p>\n","protected":false},"excerpt":{"rendered":"<p><span class=\"tlid-translation translation\" lang=\"de\"><span class=\"\" title=\"\">LANGE SCH\u00dcSSEL NAT\u00dcRLICHES OSTRICH<\/span><\/p>\n<p><span class=\"\" title=\"\">Material: Gemustertes und aufgeh\u00e4ngtes Leder<\/span><br \/>\n<span class=\"\" title=\"\">Strau\u00dfenbeinhaut-Anwendung<\/span><\/p>\n<p><span title=\"\">Verfasser: Jose Luis Bazan<\/span><\/span><\/p>\n","protected":false},"featured_media":7450,"comment_status":"closed","ping_status":"closed","template":"","meta":{"_acf_changed":false,"inline_featured_image":false},"product_cat":[213,223,214,799,740,252,504],"product_tag":[350,486],"class_list":{"0":"post-7452","1":"product","2":"type-product","3":"status-publish","4":"has-post-thumbnail","6":"product_cat-art-de","7":"product_cat-jose-luis-bazan-de","8":"product_cat-kuenstler","9":"product_cat-cuero-de","10":"product_cat-leder","11":"product_cat-objekte","12":"product_cat-sale-de","13":"product_tag-carlostellechea-soller-mallorca-joyeria-arteartesania-de","14":"product_tag-objetos-de","15":"product_shipping_class-paquetes-grandes-pesados-de","17":"first","18":"instock","19":"sale","20":"shipping-taxable","21":"purchasable","22":"product-type-simple"},"acf":[],"yoast_head":"<!-- This site is optimized with the Yoast SEO plugin v23.6 - https:\/\/yoast.com\/wordpress\/plugins\/seo\/ -->\n<title>LANGE SCH\u00dcSSEL NAT\u00dcRLICHES OSTRICH  Verfasser: Jose Luis Bazan - Arteartesania<\/title>\n<meta name=\"robots\" content=\"index, follow, max-snippet:-1, max-image-preview:large, max-video-preview:-1\" \/>\n<link rel=\"canonical\" href=\"https:\/\/www.arteartesania.com\/de\/producto\/lange-schuessel-natuerliches-ostrich-verfasser-jose-luis-bazan\/\" \/>\n<meta property=\"og:locale\" content=\"de_DE\" \/>\n<meta property=\"og:type\" content=\"article\" \/>\n<meta property=\"og:title\" content=\"LANGE SCH\u00dcSSEL NAT\u00dcRLICHES OSTRICH  Verfasser: Jose Luis Bazan - Arteartesania\" \/>\n<meta property=\"og:description\" content=\"LANGE SCH\u00dcSSEL NAT\u00dcRLICHES OSTRICH  Material: Gemustertes und aufgeh\u00e4ngtes Leder Strau\u00dfenbeinhaut-Anwendung  Verfasser: Jose Luis Bazan\" \/>\n<meta property=\"og:url\" content=\"https:\/\/www.arteartesania.com\/de\/producto\/lange-schuessel-natuerliches-ostrich-verfasser-jose-luis-bazan\/\" \/>\n<meta property=\"og:site_name\" content=\"Arteartesania\" \/>\n<meta property=\"og:image\" content=\"https:\/\/www.arteartesania.com\/wp-content\/uploads\/2020\/07\/OBJ_NZ_EX.1.jpg\" \/>\n\t<meta property=\"og:image:width\" content=\"420\" \/>\n\t<meta property=\"og:image:height\" content=\"420\" \/>\n\t<meta property=\"og:image:type\" content=\"image\/jpeg\" \/>\n<meta name=\"twitter:card\" content=\"summary_large_image\" \/>\n<script type=\"application\/ld+json\" class=\"yoast-schema-graph\">{\"@context\":\"https:\/\/schema.org\",\"@graph\":[{\"@type\":\"WebPage\",\"@id\":\"https:\/\/www.arteartesania.com\/de\/producto\/lange-schuessel-natuerliches-ostrich-verfasser-jose-luis-bazan\/\",\"url\":\"https:\/\/www.arteartesania.com\/de\/producto\/lange-schuessel-natuerliches-ostrich-verfasser-jose-luis-bazan\/\",\"name\":\"LANGE SCH\u00dcSSEL NAT\u00dcRLICHES OSTRICH Verfasser: Jose Luis Bazan - Arteartesania\",\"isPartOf\":{\"@id\":\"https:\/\/www.arteartesania.com\/de\/#website\"},\"primaryImageOfPage\":{\"@id\":\"https:\/\/www.arteartesania.com\/de\/producto\/lange-schuessel-natuerliches-ostrich-verfasser-jose-luis-bazan\/#primaryimage\"},\"image\":{\"@id\":\"https:\/\/www.arteartesania.com\/de\/producto\/lange-schuessel-natuerliches-ostrich-verfasser-jose-luis-bazan\/#primaryimage\"},\"thumbnailUrl\":\"https:\/\/www.arteartesania.com\/wp-content\/uploads\/2020\/07\/OBJ_NZ_EX.1.jpg\",\"datePublished\":\"2020-07-17T20:13:21+00:00\",\"dateModified\":\"2020-07-17T20:13:21+00:00\",\"breadcrumb\":{\"@id\":\"https:\/\/www.arteartesania.com\/de\/producto\/lange-schuessel-natuerliches-ostrich-verfasser-jose-luis-bazan\/#breadcrumb\"},\"inLanguage\":\"de\",\"potentialAction\":[{\"@type\":\"ReadAction\",\"target\":[\"https:\/\/www.arteartesania.com\/de\/producto\/lange-schuessel-natuerliches-ostrich-verfasser-jose-luis-bazan\/\"]}]},{\"@type\":\"ImageObject\",\"inLanguage\":\"de\",\"@id\":\"https:\/\/www.arteartesania.com\/de\/producto\/lange-schuessel-natuerliches-ostrich-verfasser-jose-luis-bazan\/#primaryimage\",\"url\":\"https:\/\/www.arteartesania.com\/wp-content\/uploads\/2020\/07\/OBJ_NZ_EX.1.jpg\",\"contentUrl\":\"https:\/\/www.arteartesania.com\/wp-content\/uploads\/2020\/07\/OBJ_NZ_EX.1.jpg\",\"width\":420,\"height\":420,\"caption\":\"CUENCO CUERO AVEZTRUZ 1\"},{\"@type\":\"BreadcrumbList\",\"@id\":\"https:\/\/www.arteartesania.com\/de\/producto\/lange-schuessel-natuerliches-ostrich-verfasser-jose-luis-bazan\/#breadcrumb\",\"itemListElement\":[{\"@type\":\"ListItem\",\"position\":1,\"name\":\"Portada\",\"item\":\"https:\/\/www.arteartesania.com\/de\/\"},{\"@type\":\"ListItem\",\"position\":2,\"name\":\"Shop online\",\"item\":\"https:\/\/www.arteartesania.com\/de\/online-bastelladen\/\"},{\"@type\":\"ListItem\",\"position\":3,\"name\":\"LANGE SCH\u00dcSSEL NAT\u00dcRLICHES OSTRICH Verfasser: Jose Luis Bazan\"}]},{\"@type\":\"WebSite\",\"@id\":\"https:\/\/www.arteartesania.com\/de\/#website\",\"url\":\"https:\/\/www.arteartesania.com\/de\/\",\"name\":\"Arteartesania\",\"description\":\"Original selecci\u00f3n de Artesan\u00eda Contempor\u00e1nea de Autor\",\"publisher\":{\"@id\":\"https:\/\/www.arteartesania.com\/de\/#organization\"},\"potentialAction\":[{\"@type\":\"SearchAction\",\"target\":{\"@type\":\"EntryPoint\",\"urlTemplate\":\"https:\/\/www.arteartesania.com\/de\/?s={search_term_string}\"},\"query-input\":{\"@type\":\"PropertyValueSpecification\",\"valueRequired\":true,\"valueName\":\"search_term_string\"}}],\"inLanguage\":\"de\"},{\"@type\":\"Organization\",\"@id\":\"https:\/\/www.arteartesania.com\/de\/#organization\",\"name\":\"Arteartesania\",\"url\":\"https:\/\/www.arteartesania.com\/de\/\",\"logo\":{\"@type\":\"ImageObject\",\"inLanguage\":\"de\",\"@id\":\"https:\/\/www.arteartesania.com\/de\/#\/schema\/logo\/image\/\",\"url\":\"https:\/\/www.arteartesania.com\/wp-content\/uploads\/2019\/12\/cropped-logofooter.png\",\"contentUrl\":\"https:\/\/www.arteartesania.com\/wp-content\/uploads\/2019\/12\/cropped-logofooter.png\",\"width\":539,\"height\":58,\"caption\":\"Arteartesania\"},\"image\":{\"@id\":\"https:\/\/www.arteartesania.com\/de\/#\/schema\/logo\/image\/\"}}]}<\/script>\n<!-- \/ Yoast SEO plugin. -->","yoast_head_json":{"title":"LANGE SCH\u00dcSSEL NAT\u00dcRLICHES OSTRICH  Verfasser: Jose Luis Bazan - Arteartesania","robots":{"index":"index","follow":"follow","max-snippet":"max-snippet:-1","max-image-preview":"max-image-preview:large","max-video-preview":"max-video-preview:-1"},"canonical":"https:\/\/www.arteartesania.com\/de\/producto\/lange-schuessel-natuerliches-ostrich-verfasser-jose-luis-bazan\/","og_locale":"de_DE","og_type":"article","og_title":"LANGE SCH\u00dcSSEL NAT\u00dcRLICHES OSTRICH  Verfasser: Jose Luis Bazan - Arteartesania","og_description":"LANGE SCH\u00dcSSEL NAT\u00dcRLICHES OSTRICH  Material: Gemustertes und aufgeh\u00e4ngtes Leder Strau\u00dfenbeinhaut-Anwendung  Verfasser: Jose Luis Bazan","og_url":"https:\/\/www.arteartesania.com\/de\/producto\/lange-schuessel-natuerliches-ostrich-verfasser-jose-luis-bazan\/","og_site_name":"Arteartesania","og_image":[{"width":420,"height":420,"url":"https:\/\/www.arteartesania.com\/wp-content\/uploads\/2020\/07\/OBJ_NZ_EX.1.jpg","type":"image\/jpeg"}],"twitter_card":"summary_large_image","schema":{"@context":"https:\/\/schema.org","@graph":[{"@type":"WebPage","@id":"https:\/\/www.arteartesania.com\/de\/producto\/lange-schuessel-natuerliches-ostrich-verfasser-jose-luis-bazan\/","url":"https:\/\/www.arteartesania.com\/de\/producto\/lange-schuessel-natuerliches-ostrich-verfasser-jose-luis-bazan\/","name":"LANGE SCH\u00dcSSEL NAT\u00dcRLICHES OSTRICH Verfasser: Jose Luis Bazan - Arteartesania","isPartOf":{"@id":"https:\/\/www.arteartesania.com\/de\/#website"},"primaryImageOfPage":{"@id":"https:\/\/www.arteartesania.com\/de\/producto\/lange-schuessel-natuerliches-ostrich-verfasser-jose-luis-bazan\/#primaryimage"},"image":{"@id":"https:\/\/www.arteartesania.com\/de\/producto\/lange-schuessel-natuerliches-ostrich-verfasser-jose-luis-bazan\/#primaryimage"},"thumbnailUrl":"https:\/\/www.arteartesania.com\/wp-content\/uploads\/2020\/07\/OBJ_NZ_EX.1.jpg","datePublished":"2020-07-17T20:13:21+00:00","dateModified":"2020-07-17T20:13:21+00:00","breadcrumb":{"@id":"https:\/\/www.arteartesania.com\/de\/producto\/lange-schuessel-natuerliches-ostrich-verfasser-jose-luis-bazan\/#breadcrumb"},"inLanguage":"de","potentialAction":[{"@type":"ReadAction","target":["https:\/\/www.arteartesania.com\/de\/producto\/lange-schuessel-natuerliches-ostrich-verfasser-jose-luis-bazan\/"]}]},{"@type":"ImageObject","inLanguage":"de","@id":"https:\/\/www.arteartesania.com\/de\/producto\/lange-schuessel-natuerliches-ostrich-verfasser-jose-luis-bazan\/#primaryimage","url":"https:\/\/www.arteartesania.com\/wp-content\/uploads\/2020\/07\/OBJ_NZ_EX.1.jpg","contentUrl":"https:\/\/www.arteartesania.com\/wp-content\/uploads\/2020\/07\/OBJ_NZ_EX.1.jpg","width":420,"height":420,"caption":"CUENCO CUERO AVEZTRUZ 1"},{"@type":"BreadcrumbList","@id":"https:\/\/www.arteartesania.com\/de\/producto\/lange-schuessel-natuerliches-ostrich-verfasser-jose-luis-bazan\/#breadcrumb","itemListElement":[{"@type":"ListItem","position":1,"name":"Portada","item":"https:\/\/www.arteartesania.com\/de\/"},{"@type":"ListItem","position":2,"name":"Shop online","item":"https:\/\/www.arteartesania.com\/de\/online-bastelladen\/"},{"@type":"ListItem","position":3,"name":"LANGE SCH\u00dcSSEL NAT\u00dcRLICHES OSTRICH Verfasser: Jose Luis Bazan"}]},{"@type":"WebSite","@id":"https:\/\/www.arteartesania.com\/de\/#website","url":"https:\/\/www.arteartesania.com\/de\/","name":"Arteartesania","description":"Original selecci\u00f3n de Artesan\u00eda Contempor\u00e1nea de Autor","publisher":{"@id":"https:\/\/www.arteartesania.com\/de\/#organization"},"potentialAction":[{"@type":"SearchAction","target":{"@type":"EntryPoint","urlTemplate":"https:\/\/www.arteartesania.com\/de\/?s={search_term_string}"},"query-input":{"@type":"PropertyValueSpecification","valueRequired":true,"valueName":"search_term_string"}}],"inLanguage":"de"},{"@type":"Organization","@id":"https:\/\/www.arteartesania.com\/de\/#organization","name":"Arteartesania","url":"https:\/\/www.arteartesania.com\/de\/","logo":{"@type":"ImageObject","inLanguage":"de","@id":"https:\/\/www.arteartesania.com\/de\/#\/schema\/logo\/image\/","url":"https:\/\/www.arteartesania.com\/wp-content\/uploads\/2019\/12\/cropped-logofooter.png","contentUrl":"https:\/\/www.arteartesania.com\/wp-content\/uploads\/2019\/12\/cropped-logofooter.png","width":539,"height":58,"caption":"Arteartesania"},"image":{"@id":"https:\/\/www.arteartesania.com\/de\/#\/schema\/logo\/image\/"}}]}},"_links":{"self":[{"href":"https:\/\/www.arteartesania.com\/de\/wp-json\/wp\/v2\/product\/7452"}],"collection":[{"href":"https:\/\/www.arteartesania.com\/de\/wp-json\/wp\/v2\/product"}],"about":[{"href":"https:\/\/www.arteartesania.com\/de\/wp-json\/wp\/v2\/types\/product"}],"replies":[{"embeddable":true,"href":"https:\/\/www.arteartesania.com\/de\/wp-json\/wp\/v2\/comments?post=7452"}],"wp:featuredmedia":[{"embeddable":true,"href":"https:\/\/www.arteartesania.com\/de\/wp-json\/wp\/v2\/media\/7450"}],"wp:attachment":[{"href":"https:\/\/www.arteartesania.com\/de\/wp-json\/wp\/v2\/media?parent=7452"}],"wp:term":[{"taxonomy":"product_cat","embeddable":true,"href":"https:\/\/www.arteartesania.com\/de\/wp-json\/wp\/v2\/product_cat?post=7452"},{"taxonomy":"product_tag","embeddable":true,"href":"https:\/\/www.arteartesania.com\/de\/wp-json\/wp\/v2\/product_tag?post=7452"}],"curies":[{"name":"wp","href":"https:\/\/api.w.org\/{rel}","templated":true}]}}