{"id":6885,"date":"2020-05-22T15:01:50","date_gmt":"2020-05-22T13:39:16","guid":{"rendered":"https:\/\/www.arteartesania.com\/?post_type=product&#038;p=6885"},"modified":"2020-05-22T15:39:17","modified_gmt":"2020-05-22T13:39:17","slug":"halskette-pink-green-emaillierter-stahl-silvia-walz","status":"publish","type":"product","link":"https:\/\/www.arteartesania.com\/de\/producto\/halskette-pink-green-emaillierter-stahl-silvia-walz\/","title":{"rendered":"Halskette &#8211; Pink Green   Emaillierter Stahl  SILVIA WALZ"},"content":{"rendered":"<p>Halskette &#8211; Pink Green<\/p>\n<p>Serie: Emaillierter Stahl<\/p>\n<p>Materialien Stahl, Emaille<\/p>\n<p>Verfasser: SILVIA WALZ<\/p>\n<p>JAHR 2018<\/p>\n","protected":false},"excerpt":{"rendered":"<p>Halskette &#8211; Pink Green<\/p>\n<p>Serie: Emaillierter Stahl<\/p>\n<p>Materialien Stahl, Emaille<\/p>\n<p>Verfasser: SILVIA WALZ<\/p>\n<p>JAHR 2018<\/p>\n","protected":false},"featured_media":6880,"comment_status":"closed","ping_status":"closed","template":"","meta":{"_acf_changed":false,"inline_featured_image":false},"product_cat":[248,243,235],"product_tag":[350,368],"class_list":{"0":"post-6885","1":"product","2":"type-product","3":"status-publish","4":"has-post-thumbnail","6":"product_cat-halsketten","7":"product_cat-schmuck","8":"product_cat-silvia-walz-de","9":"product_tag-carlostellechea-soller-mallorca-joyeria-arteartesania-de","10":"product_tag-silviawalz-de-2","12":"first","13":"instock","14":"shipping-taxable","15":"purchasable","16":"product-type-simple"},"acf":[],"yoast_head":"<!-- This site is optimized with the Yoast SEO plugin v23.6 - https:\/\/yoast.com\/wordpress\/plugins\/seo\/ -->\n<title>Halskette - Pink Green  Emaillierter Stahl SILVIA WALZ - Arteartesania<\/title>\n<meta name=\"robots\" content=\"index, follow, max-snippet:-1, max-image-preview:large, max-video-preview:-1\" \/>\n<link rel=\"canonical\" href=\"https:\/\/www.arteartesania.com\/de\/producto\/halskette-pink-green-emaillierter-stahl-silvia-walz\/\" \/>\n<meta property=\"og:locale\" content=\"de_DE\" \/>\n<meta property=\"og:type\" content=\"article\" \/>\n<meta property=\"og:title\" content=\"Halskette - Pink Green  Emaillierter Stahl SILVIA WALZ - Arteartesania\" \/>\n<meta property=\"og:description\" content=\"Halskette - Pink Green  Serie: Emaillierter Stahl  Materialien Stahl, Emaille  Verfasser: SILVIA WALZ  JAHR 2018\" \/>\n<meta property=\"og:url\" content=\"https:\/\/www.arteartesania.com\/de\/producto\/halskette-pink-green-emaillierter-stahl-silvia-walz\/\" \/>\n<meta property=\"og:site_name\" content=\"Arteartesania\" \/>\n<meta property=\"article:modified_time\" content=\"2020-05-22T13:39:17+00:00\" \/>\n<meta property=\"og:image\" content=\"https:\/\/www.arteartesania.com\/wp-content\/uploads\/2020\/05\/COLLARES-ACERO-ESMALTADO-VERDE-ROSA-SILVIA-WALZ.-3.jpeg\" \/>\n\t<meta property=\"og:image:width\" content=\"2560\" \/>\n\t<meta property=\"og:image:height\" content=\"1920\" \/>\n\t<meta property=\"og:image:type\" content=\"image\/jpeg\" \/>\n<meta name=\"twitter:card\" content=\"summary_large_image\" \/>\n<script type=\"application\/ld+json\" class=\"yoast-schema-graph\">{\"@context\":\"https:\/\/schema.org\",\"@graph\":[{\"@type\":\"WebPage\",\"@id\":\"https:\/\/www.arteartesania.com\/de\/producto\/halskette-pink-green-emaillierter-stahl-silvia-walz\/\",\"url\":\"https:\/\/www.arteartesania.com\/de\/producto\/halskette-pink-green-emaillierter-stahl-silvia-walz\/\",\"name\":\"Halskette - Pink Green Emaillierter Stahl SILVIA WALZ - Arteartesania\",\"isPartOf\":{\"@id\":\"https:\/\/www.arteartesania.com\/de\/#website\"},\"primaryImageOfPage\":{\"@id\":\"https:\/\/www.arteartesania.com\/de\/producto\/halskette-pink-green-emaillierter-stahl-silvia-walz\/#primaryimage\"},\"image\":{\"@id\":\"https:\/\/www.arteartesania.com\/de\/producto\/halskette-pink-green-emaillierter-stahl-silvia-walz\/#primaryimage\"},\"thumbnailUrl\":\"https:\/\/www.arteartesania.com\/wp-content\/uploads\/2020\/05\/COLLARES-ACERO-ESMALTADO-VERDE-ROSA-SILVIA-WALZ.-3.jpeg\",\"datePublished\":\"2020-05-22T13:39:16+00:00\",\"dateModified\":\"2020-05-22T13:39:17+00:00\",\"breadcrumb\":{\"@id\":\"https:\/\/www.arteartesania.com\/de\/producto\/halskette-pink-green-emaillierter-stahl-silvia-walz\/#breadcrumb\"},\"inLanguage\":\"de\",\"potentialAction\":[{\"@type\":\"ReadAction\",\"target\":[\"https:\/\/www.arteartesania.com\/de\/producto\/halskette-pink-green-emaillierter-stahl-silvia-walz\/\"]}]},{\"@type\":\"ImageObject\",\"inLanguage\":\"de\",\"@id\":\"https:\/\/www.arteartesania.com\/de\/producto\/halskette-pink-green-emaillierter-stahl-silvia-walz\/#primaryimage\",\"url\":\"https:\/\/www.arteartesania.com\/wp-content\/uploads\/2020\/05\/COLLARES-ACERO-ESMALTADO-VERDE-ROSA-SILVIA-WALZ.-3.jpeg\",\"contentUrl\":\"https:\/\/www.arteartesania.com\/wp-content\/uploads\/2020\/05\/COLLARES-ACERO-ESMALTADO-VERDE-ROSA-SILVIA-WALZ.-3.jpeg\",\"width\":2560,\"height\":1920,\"caption\":\"COLLARES ACERO ESMALTADO (VERDE ROSA) SILVIA WALZ\"},{\"@type\":\"BreadcrumbList\",\"@id\":\"https:\/\/www.arteartesania.com\/de\/producto\/halskette-pink-green-emaillierter-stahl-silvia-walz\/#breadcrumb\",\"itemListElement\":[{\"@type\":\"ListItem\",\"position\":1,\"name\":\"Portada\",\"item\":\"https:\/\/www.arteartesania.com\/de\/\"},{\"@type\":\"ListItem\",\"position\":2,\"name\":\"Shop online\",\"item\":\"https:\/\/www.arteartesania.com\/de\/online-bastelladen\/\"},{\"@type\":\"ListItem\",\"position\":3,\"name\":\"Halskette &#8211; Pink Green Emaillierter Stahl SILVIA WALZ\"}]},{\"@type\":\"WebSite\",\"@id\":\"https:\/\/www.arteartesania.com\/de\/#website\",\"url\":\"https:\/\/www.arteartesania.com\/de\/\",\"name\":\"Arteartesania\",\"description\":\"Original selecci\u00f3n de Artesan\u00eda Contempor\u00e1nea de Autor\",\"publisher\":{\"@id\":\"https:\/\/www.arteartesania.com\/de\/#organization\"},\"potentialAction\":[{\"@type\":\"SearchAction\",\"target\":{\"@type\":\"EntryPoint\",\"urlTemplate\":\"https:\/\/www.arteartesania.com\/de\/?s={search_term_string}\"},\"query-input\":{\"@type\":\"PropertyValueSpecification\",\"valueRequired\":true,\"valueName\":\"search_term_string\"}}],\"inLanguage\":\"de\"},{\"@type\":\"Organization\",\"@id\":\"https:\/\/www.arteartesania.com\/de\/#organization\",\"name\":\"Arteartesania\",\"url\":\"https:\/\/www.arteartesania.com\/de\/\",\"logo\":{\"@type\":\"ImageObject\",\"inLanguage\":\"de\",\"@id\":\"https:\/\/www.arteartesania.com\/de\/#\/schema\/logo\/image\/\",\"url\":\"https:\/\/www.arteartesania.com\/wp-content\/uploads\/2019\/12\/cropped-logofooter.png\",\"contentUrl\":\"https:\/\/www.arteartesania.com\/wp-content\/uploads\/2019\/12\/cropped-logofooter.png\",\"width\":539,\"height\":58,\"caption\":\"Arteartesania\"},\"image\":{\"@id\":\"https:\/\/www.arteartesania.com\/de\/#\/schema\/logo\/image\/\"}}]}<\/script>\n<!-- \/ Yoast SEO plugin. -->","yoast_head_json":{"title":"Halskette - Pink Green  Emaillierter Stahl SILVIA WALZ - Arteartesania","robots":{"index":"index","follow":"follow","max-snippet":"max-snippet:-1","max-image-preview":"max-image-preview:large","max-video-preview":"max-video-preview:-1"},"canonical":"https:\/\/www.arteartesania.com\/de\/producto\/halskette-pink-green-emaillierter-stahl-silvia-walz\/","og_locale":"de_DE","og_type":"article","og_title":"Halskette - Pink Green  Emaillierter Stahl SILVIA WALZ - Arteartesania","og_description":"Halskette - Pink Green  Serie: Emaillierter Stahl  Materialien Stahl, Emaille  Verfasser: SILVIA WALZ  JAHR 2018","og_url":"https:\/\/www.arteartesania.com\/de\/producto\/halskette-pink-green-emaillierter-stahl-silvia-walz\/","og_site_name":"Arteartesania","article_modified_time":"2020-05-22T13:39:17+00:00","og_image":[{"width":2560,"height":1920,"url":"https:\/\/www.arteartesania.com\/wp-content\/uploads\/2020\/05\/COLLARES-ACERO-ESMALTADO-VERDE-ROSA-SILVIA-WALZ.-3.jpeg","type":"image\/jpeg"}],"twitter_card":"summary_large_image","schema":{"@context":"https:\/\/schema.org","@graph":[{"@type":"WebPage","@id":"https:\/\/www.arteartesania.com\/de\/producto\/halskette-pink-green-emaillierter-stahl-silvia-walz\/","url":"https:\/\/www.arteartesania.com\/de\/producto\/halskette-pink-green-emaillierter-stahl-silvia-walz\/","name":"Halskette - Pink Green Emaillierter Stahl SILVIA WALZ - Arteartesania","isPartOf":{"@id":"https:\/\/www.arteartesania.com\/de\/#website"},"primaryImageOfPage":{"@id":"https:\/\/www.arteartesania.com\/de\/producto\/halskette-pink-green-emaillierter-stahl-silvia-walz\/#primaryimage"},"image":{"@id":"https:\/\/www.arteartesania.com\/de\/producto\/halskette-pink-green-emaillierter-stahl-silvia-walz\/#primaryimage"},"thumbnailUrl":"https:\/\/www.arteartesania.com\/wp-content\/uploads\/2020\/05\/COLLARES-ACERO-ESMALTADO-VERDE-ROSA-SILVIA-WALZ.-3.jpeg","datePublished":"2020-05-22T13:39:16+00:00","dateModified":"2020-05-22T13:39:17+00:00","breadcrumb":{"@id":"https:\/\/www.arteartesania.com\/de\/producto\/halskette-pink-green-emaillierter-stahl-silvia-walz\/#breadcrumb"},"inLanguage":"de","potentialAction":[{"@type":"ReadAction","target":["https:\/\/www.arteartesania.com\/de\/producto\/halskette-pink-green-emaillierter-stahl-silvia-walz\/"]}]},{"@type":"ImageObject","inLanguage":"de","@id":"https:\/\/www.arteartesania.com\/de\/producto\/halskette-pink-green-emaillierter-stahl-silvia-walz\/#primaryimage","url":"https:\/\/www.arteartesania.com\/wp-content\/uploads\/2020\/05\/COLLARES-ACERO-ESMALTADO-VERDE-ROSA-SILVIA-WALZ.-3.jpeg","contentUrl":"https:\/\/www.arteartesania.com\/wp-content\/uploads\/2020\/05\/COLLARES-ACERO-ESMALTADO-VERDE-ROSA-SILVIA-WALZ.-3.jpeg","width":2560,"height":1920,"caption":"COLLARES ACERO ESMALTADO (VERDE ROSA) SILVIA WALZ"},{"@type":"BreadcrumbList","@id":"https:\/\/www.arteartesania.com\/de\/producto\/halskette-pink-green-emaillierter-stahl-silvia-walz\/#breadcrumb","itemListElement":[{"@type":"ListItem","position":1,"name":"Portada","item":"https:\/\/www.arteartesania.com\/de\/"},{"@type":"ListItem","position":2,"name":"Shop online","item":"https:\/\/www.arteartesania.com\/de\/online-bastelladen\/"},{"@type":"ListItem","position":3,"name":"Halskette &#8211; Pink Green Emaillierter Stahl SILVIA WALZ"}]},{"@type":"WebSite","@id":"https:\/\/www.arteartesania.com\/de\/#website","url":"https:\/\/www.arteartesania.com\/de\/","name":"Arteartesania","description":"Original selecci\u00f3n de Artesan\u00eda Contempor\u00e1nea de Autor","publisher":{"@id":"https:\/\/www.arteartesania.com\/de\/#organization"},"potentialAction":[{"@type":"SearchAction","target":{"@type":"EntryPoint","urlTemplate":"https:\/\/www.arteartesania.com\/de\/?s={search_term_string}"},"query-input":{"@type":"PropertyValueSpecification","valueRequired":true,"valueName":"search_term_string"}}],"inLanguage":"de"},{"@type":"Organization","@id":"https:\/\/www.arteartesania.com\/de\/#organization","name":"Arteartesania","url":"https:\/\/www.arteartesania.com\/de\/","logo":{"@type":"ImageObject","inLanguage":"de","@id":"https:\/\/www.arteartesania.com\/de\/#\/schema\/logo\/image\/","url":"https:\/\/www.arteartesania.com\/wp-content\/uploads\/2019\/12\/cropped-logofooter.png","contentUrl":"https:\/\/www.arteartesania.com\/wp-content\/uploads\/2019\/12\/cropped-logofooter.png","width":539,"height":58,"caption":"Arteartesania"},"image":{"@id":"https:\/\/www.arteartesania.com\/de\/#\/schema\/logo\/image\/"}}]}},"_links":{"self":[{"href":"https:\/\/www.arteartesania.com\/de\/wp-json\/wp\/v2\/product\/6885"}],"collection":[{"href":"https:\/\/www.arteartesania.com\/de\/wp-json\/wp\/v2\/product"}],"about":[{"href":"https:\/\/www.arteartesania.com\/de\/wp-json\/wp\/v2\/types\/product"}],"replies":[{"embeddable":true,"href":"https:\/\/www.arteartesania.com\/de\/wp-json\/wp\/v2\/comments?post=6885"}],"wp:featuredmedia":[{"embeddable":true,"href":"https:\/\/www.arteartesania.com\/de\/wp-json\/wp\/v2\/media\/6880"}],"wp:attachment":[{"href":"https:\/\/www.arteartesania.com\/de\/wp-json\/wp\/v2\/media?parent=6885"}],"wp:term":[{"taxonomy":"product_cat","embeddable":true,"href":"https:\/\/www.arteartesania.com\/de\/wp-json\/wp\/v2\/product_cat?post=6885"},{"taxonomy":"product_tag","embeddable":true,"href":"https:\/\/www.arteartesania.com\/de\/wp-json\/wp\/v2\/product_tag?post=6885"}],"curies":[{"name":"wp","href":"https:\/\/api.w.org\/{rel}","templated":true}]}}