{"id":6751,"date":"2020-05-21T15:12:21","date_gmt":"2020-05-21T13:14:30","guid":{"rendered":"https:\/\/www.arteartesania.com\/?post_type=product&#038;p=6751"},"modified":"2022-02-11T11:52:19","modified_gmt":"2022-02-11T10:52:19","slug":"halskette-punkte-handgefertigt-von-ana-hagopian","status":"publish","type":"product","link":"https:\/\/www.arteartesania.com\/de\/producto\/halskette-punkte-handgefertigt-von-ana-hagopian\/","title":{"rendered":"Halskette &#8222;Punkte&#8220; Handgefertigt von ANA HAGOPIAN"},"content":{"rendered":"<p>ST\u00dcCK: Halskette &#8222;Punkte&#8220;<\/p>\n<p>Materialien: Pappmach\u00e9 und Seil<\/p>\n<p>L\u00e4nge: 90 cm<\/p>\n<p>Handgefertigt von ANA HAGOPIAN<\/p>\n<p><em><strong>\u00dcber Ana:<\/strong><\/em><\/p>\n<p>Mit Papier spielen, ausschneiden und einf\u00fcgen, um Volumen und Formen zu schaffen. Die Inspirationsquelle ist die Natur und ihre unendlichen Kreationen, ihre unbegrenzten Farben, ihre \u00fcberraschenden Texturen. \u201cDie Rolle ist widerspr\u00fcchlich, provokant und bescheiden, weil sie verg\u00e4nglich ist.\u201d Wenn er seine Werke schafft, sucht er unbewusst den urspr\u00fcnglichen Kontakt, das st\u00e4ndige Wunder der Kindheit, die magische Vision, die das Prosaische und Allt\u00e4gliche in etwas Neues und Wunderbares verwandelt.<\/p>\n","protected":false},"excerpt":{"rendered":"<p>ST\u00dcCK: Halskette &#8222;Punkte&#8220;<\/p>\n<p>Materialien: Pappmach\u00e9 und Seil<\/p>\n<p>L\u00e4nge: 90 cm<\/p>\n<p>Handgefertigt von ANA HAGOPIAN<\/p>\n","protected":false},"featured_media":6740,"comment_status":"closed","ping_status":"closed","template":"","meta":{"_acf_changed":false,"inline_featured_image":false},"product_cat":[217,248,243],"product_tag":[350],"class_list":{"0":"post-6751","1":"product","2":"type-product","3":"status-publish","4":"has-post-thumbnail","6":"product_cat-ana-hagopian-de-2","7":"product_cat-halsketten","8":"product_cat-schmuck","9":"product_tag-carlostellechea-soller-mallorca-joyeria-arteartesania-de","11":"first","12":"instock","13":"shipping-taxable","14":"purchasable","15":"product-type-simple"},"acf":[],"yoast_head":"<!-- This site is optimized with the Yoast SEO plugin v23.6 - https:\/\/yoast.com\/wordpress\/plugins\/seo\/ -->\n<title>Halskette &quot;Punkte&quot; Handgefertigt von ANA HAGOPIAN - Arteartesania<\/title>\n<meta name=\"robots\" content=\"index, follow, max-snippet:-1, max-image-preview:large, max-video-preview:-1\" \/>\n<link rel=\"canonical\" href=\"https:\/\/www.arteartesania.com\/de\/producto\/halskette-punkte-handgefertigt-von-ana-hagopian\/\" \/>\n<meta property=\"og:locale\" content=\"de_DE\" \/>\n<meta property=\"og:type\" content=\"article\" \/>\n<meta property=\"og:title\" content=\"Halskette &quot;Punkte&quot; Handgefertigt von ANA HAGOPIAN - Arteartesania\" \/>\n<meta property=\"og:description\" content=\"ST\u00dcCK: Halskette &quot;Punkte&quot;  Materialien: Pappmach\u00e9 und Seil  L\u00e4nge: 90 cm  Handgefertigt von ANA HAGOPIAN\" \/>\n<meta property=\"og:url\" content=\"https:\/\/www.arteartesania.com\/de\/producto\/halskette-punkte-handgefertigt-von-ana-hagopian\/\" \/>\n<meta property=\"og:site_name\" content=\"Arteartesania\" \/>\n<meta property=\"article:modified_time\" content=\"2022-02-11T10:52:19+00:00\" \/>\n<meta property=\"og:image\" content=\"https:\/\/www.arteartesania.com\/wp-content\/uploads\/2020\/05\/COLLAR-DOTS-ANA-HAGOPIAN-2.jpeg\" \/>\n\t<meta property=\"og:image:width\" content=\"1928\" \/>\n\t<meta property=\"og:image:height\" content=\"2560\" \/>\n\t<meta property=\"og:image:type\" content=\"image\/jpeg\" \/>\n<meta name=\"twitter:card\" content=\"summary_large_image\" \/>\n<meta name=\"twitter:label1\" content=\"Gesch\u00e4tzte Lesezeit\" \/>\n\t<meta name=\"twitter:data1\" content=\"1\u00a0Minute\" \/>\n<script type=\"application\/ld+json\" class=\"yoast-schema-graph\">{\"@context\":\"https:\/\/schema.org\",\"@graph\":[{\"@type\":\"WebPage\",\"@id\":\"https:\/\/www.arteartesania.com\/de\/producto\/halskette-punkte-handgefertigt-von-ana-hagopian\/\",\"url\":\"https:\/\/www.arteartesania.com\/de\/producto\/halskette-punkte-handgefertigt-von-ana-hagopian\/\",\"name\":\"Halskette \\\"Punkte\\\" Handgefertigt von ANA HAGOPIAN - Arteartesania\",\"isPartOf\":{\"@id\":\"https:\/\/www.arteartesania.com\/de\/#website\"},\"primaryImageOfPage\":{\"@id\":\"https:\/\/www.arteartesania.com\/de\/producto\/halskette-punkte-handgefertigt-von-ana-hagopian\/#primaryimage\"},\"image\":{\"@id\":\"https:\/\/www.arteartesania.com\/de\/producto\/halskette-punkte-handgefertigt-von-ana-hagopian\/#primaryimage\"},\"thumbnailUrl\":\"https:\/\/www.arteartesania.com\/wp-content\/uploads\/2020\/05\/COLLAR-DOTS-ANA-HAGOPIAN-2.jpeg\",\"datePublished\":\"2020-05-21T13:14:30+00:00\",\"dateModified\":\"2022-02-11T10:52:19+00:00\",\"breadcrumb\":{\"@id\":\"https:\/\/www.arteartesania.com\/de\/producto\/halskette-punkte-handgefertigt-von-ana-hagopian\/#breadcrumb\"},\"inLanguage\":\"de\",\"potentialAction\":[{\"@type\":\"ReadAction\",\"target\":[\"https:\/\/www.arteartesania.com\/de\/producto\/halskette-punkte-handgefertigt-von-ana-hagopian\/\"]}]},{\"@type\":\"ImageObject\",\"inLanguage\":\"de\",\"@id\":\"https:\/\/www.arteartesania.com\/de\/producto\/halskette-punkte-handgefertigt-von-ana-hagopian\/#primaryimage\",\"url\":\"https:\/\/www.arteartesania.com\/wp-content\/uploads\/2020\/05\/COLLAR-DOTS-ANA-HAGOPIAN-2.jpeg\",\"contentUrl\":\"https:\/\/www.arteartesania.com\/wp-content\/uploads\/2020\/05\/COLLAR-DOTS-ANA-HAGOPIAN-2.jpeg\",\"width\":1928,\"height\":2560},{\"@type\":\"BreadcrumbList\",\"@id\":\"https:\/\/www.arteartesania.com\/de\/producto\/halskette-punkte-handgefertigt-von-ana-hagopian\/#breadcrumb\",\"itemListElement\":[{\"@type\":\"ListItem\",\"position\":1,\"name\":\"Portada\",\"item\":\"https:\/\/www.arteartesania.com\/de\/\"},{\"@type\":\"ListItem\",\"position\":2,\"name\":\"Shop online\",\"item\":\"https:\/\/www.arteartesania.com\/de\/online-bastelladen\/\"},{\"@type\":\"ListItem\",\"position\":3,\"name\":\"Halskette \u00abPunkte\u00bb Handgefertigt von ANA HAGOPIAN\"}]},{\"@type\":\"WebSite\",\"@id\":\"https:\/\/www.arteartesania.com\/de\/#website\",\"url\":\"https:\/\/www.arteartesania.com\/de\/\",\"name\":\"Arteartesania\",\"description\":\"Original selecci\u00f3n de Artesan\u00eda Contempor\u00e1nea de Autor\",\"publisher\":{\"@id\":\"https:\/\/www.arteartesania.com\/de\/#organization\"},\"potentialAction\":[{\"@type\":\"SearchAction\",\"target\":{\"@type\":\"EntryPoint\",\"urlTemplate\":\"https:\/\/www.arteartesania.com\/de\/?s={search_term_string}\"},\"query-input\":{\"@type\":\"PropertyValueSpecification\",\"valueRequired\":true,\"valueName\":\"search_term_string\"}}],\"inLanguage\":\"de\"},{\"@type\":\"Organization\",\"@id\":\"https:\/\/www.arteartesania.com\/de\/#organization\",\"name\":\"Arteartesania\",\"url\":\"https:\/\/www.arteartesania.com\/de\/\",\"logo\":{\"@type\":\"ImageObject\",\"inLanguage\":\"de\",\"@id\":\"https:\/\/www.arteartesania.com\/de\/#\/schema\/logo\/image\/\",\"url\":\"https:\/\/www.arteartesania.com\/wp-content\/uploads\/2019\/12\/cropped-logofooter.png\",\"contentUrl\":\"https:\/\/www.arteartesania.com\/wp-content\/uploads\/2019\/12\/cropped-logofooter.png\",\"width\":539,\"height\":58,\"caption\":\"Arteartesania\"},\"image\":{\"@id\":\"https:\/\/www.arteartesania.com\/de\/#\/schema\/logo\/image\/\"}}]}<\/script>\n<!-- \/ Yoast SEO plugin. -->","yoast_head_json":{"title":"Halskette \"Punkte\" Handgefertigt von ANA HAGOPIAN - Arteartesania","robots":{"index":"index","follow":"follow","max-snippet":"max-snippet:-1","max-image-preview":"max-image-preview:large","max-video-preview":"max-video-preview:-1"},"canonical":"https:\/\/www.arteartesania.com\/de\/producto\/halskette-punkte-handgefertigt-von-ana-hagopian\/","og_locale":"de_DE","og_type":"article","og_title":"Halskette \"Punkte\" Handgefertigt von ANA HAGOPIAN - Arteartesania","og_description":"ST\u00dcCK: Halskette \"Punkte\"  Materialien: Pappmach\u00e9 und Seil  L\u00e4nge: 90 cm  Handgefertigt von ANA HAGOPIAN","og_url":"https:\/\/www.arteartesania.com\/de\/producto\/halskette-punkte-handgefertigt-von-ana-hagopian\/","og_site_name":"Arteartesania","article_modified_time":"2022-02-11T10:52:19+00:00","og_image":[{"width":1928,"height":2560,"url":"https:\/\/www.arteartesania.com\/wp-content\/uploads\/2020\/05\/COLLAR-DOTS-ANA-HAGOPIAN-2.jpeg","type":"image\/jpeg"}],"twitter_card":"summary_large_image","twitter_misc":{"Gesch\u00e4tzte Lesezeit":"1\u00a0Minute"},"schema":{"@context":"https:\/\/schema.org","@graph":[{"@type":"WebPage","@id":"https:\/\/www.arteartesania.com\/de\/producto\/halskette-punkte-handgefertigt-von-ana-hagopian\/","url":"https:\/\/www.arteartesania.com\/de\/producto\/halskette-punkte-handgefertigt-von-ana-hagopian\/","name":"Halskette \"Punkte\" Handgefertigt von ANA HAGOPIAN - Arteartesania","isPartOf":{"@id":"https:\/\/www.arteartesania.com\/de\/#website"},"primaryImageOfPage":{"@id":"https:\/\/www.arteartesania.com\/de\/producto\/halskette-punkte-handgefertigt-von-ana-hagopian\/#primaryimage"},"image":{"@id":"https:\/\/www.arteartesania.com\/de\/producto\/halskette-punkte-handgefertigt-von-ana-hagopian\/#primaryimage"},"thumbnailUrl":"https:\/\/www.arteartesania.com\/wp-content\/uploads\/2020\/05\/COLLAR-DOTS-ANA-HAGOPIAN-2.jpeg","datePublished":"2020-05-21T13:14:30+00:00","dateModified":"2022-02-11T10:52:19+00:00","breadcrumb":{"@id":"https:\/\/www.arteartesania.com\/de\/producto\/halskette-punkte-handgefertigt-von-ana-hagopian\/#breadcrumb"},"inLanguage":"de","potentialAction":[{"@type":"ReadAction","target":["https:\/\/www.arteartesania.com\/de\/producto\/halskette-punkte-handgefertigt-von-ana-hagopian\/"]}]},{"@type":"ImageObject","inLanguage":"de","@id":"https:\/\/www.arteartesania.com\/de\/producto\/halskette-punkte-handgefertigt-von-ana-hagopian\/#primaryimage","url":"https:\/\/www.arteartesania.com\/wp-content\/uploads\/2020\/05\/COLLAR-DOTS-ANA-HAGOPIAN-2.jpeg","contentUrl":"https:\/\/www.arteartesania.com\/wp-content\/uploads\/2020\/05\/COLLAR-DOTS-ANA-HAGOPIAN-2.jpeg","width":1928,"height":2560},{"@type":"BreadcrumbList","@id":"https:\/\/www.arteartesania.com\/de\/producto\/halskette-punkte-handgefertigt-von-ana-hagopian\/#breadcrumb","itemListElement":[{"@type":"ListItem","position":1,"name":"Portada","item":"https:\/\/www.arteartesania.com\/de\/"},{"@type":"ListItem","position":2,"name":"Shop online","item":"https:\/\/www.arteartesania.com\/de\/online-bastelladen\/"},{"@type":"ListItem","position":3,"name":"Halskette \u00abPunkte\u00bb Handgefertigt von ANA HAGOPIAN"}]},{"@type":"WebSite","@id":"https:\/\/www.arteartesania.com\/de\/#website","url":"https:\/\/www.arteartesania.com\/de\/","name":"Arteartesania","description":"Original selecci\u00f3n de Artesan\u00eda Contempor\u00e1nea de Autor","publisher":{"@id":"https:\/\/www.arteartesania.com\/de\/#organization"},"potentialAction":[{"@type":"SearchAction","target":{"@type":"EntryPoint","urlTemplate":"https:\/\/www.arteartesania.com\/de\/?s={search_term_string}"},"query-input":{"@type":"PropertyValueSpecification","valueRequired":true,"valueName":"search_term_string"}}],"inLanguage":"de"},{"@type":"Organization","@id":"https:\/\/www.arteartesania.com\/de\/#organization","name":"Arteartesania","url":"https:\/\/www.arteartesania.com\/de\/","logo":{"@type":"ImageObject","inLanguage":"de","@id":"https:\/\/www.arteartesania.com\/de\/#\/schema\/logo\/image\/","url":"https:\/\/www.arteartesania.com\/wp-content\/uploads\/2019\/12\/cropped-logofooter.png","contentUrl":"https:\/\/www.arteartesania.com\/wp-content\/uploads\/2019\/12\/cropped-logofooter.png","width":539,"height":58,"caption":"Arteartesania"},"image":{"@id":"https:\/\/www.arteartesania.com\/de\/#\/schema\/logo\/image\/"}}]}},"_links":{"self":[{"href":"https:\/\/www.arteartesania.com\/de\/wp-json\/wp\/v2\/product\/6751"}],"collection":[{"href":"https:\/\/www.arteartesania.com\/de\/wp-json\/wp\/v2\/product"}],"about":[{"href":"https:\/\/www.arteartesania.com\/de\/wp-json\/wp\/v2\/types\/product"}],"replies":[{"embeddable":true,"href":"https:\/\/www.arteartesania.com\/de\/wp-json\/wp\/v2\/comments?post=6751"}],"wp:featuredmedia":[{"embeddable":true,"href":"https:\/\/www.arteartesania.com\/de\/wp-json\/wp\/v2\/media\/6740"}],"wp:attachment":[{"href":"https:\/\/www.arteartesania.com\/de\/wp-json\/wp\/v2\/media?parent=6751"}],"wp:term":[{"taxonomy":"product_cat","embeddable":true,"href":"https:\/\/www.arteartesania.com\/de\/wp-json\/wp\/v2\/product_cat?post=6751"},{"taxonomy":"product_tag","embeddable":true,"href":"https:\/\/www.arteartesania.com\/de\/wp-json\/wp\/v2\/product_tag?post=6751"}],"curies":[{"name":"wp","href":"https:\/\/api.w.org\/{rel}","templated":true}]}}