{"id":6398,"date":"2020-05-14T13:39:03","date_gmt":"2020-05-14T11:40:56","guid":{"rendered":"https:\/\/www.arteartesania.com\/?post_type=product&#038;p=6398"},"modified":"2020-05-14T13:40:57","modified_gmt":"2020-05-14T11:40:57","slug":"serie-confinement-2020-nachhaltigkeitsuebungen-925-silber-deluxe","status":"publish","type":"product","link":"https:\/\/www.arteartesania.com\/de\/producto\/serie-confinement-2020-nachhaltigkeitsuebungen-925-silber-deluxe\/","title":{"rendered":"SERIE: &#8222;CONFINEMENT 2020&#8220; &#8222;NACHHALTIGKEITS\u00dcBUNGEN&#8220; 925 Silber (Deluxe)"},"content":{"rendered":"<p>SERIE: &#8222;CONFINEMENT 2020&#8220;<br \/>\n&#8222;NACHHALTIGKEITS\u00dcBUNGEN&#8220; 925 Silber (Deluxe)<br \/>\nMaterial: Silber, recyceltes Glas<br \/>\nMa\u00dfe: 4 x 4 x 12,5 cm<br \/>\nVerfasser: Carlos Tellechea<br \/>\nPreis: 250,00 C \/ U \u20ac<\/p>\n<p>Diese St\u00fccke, die im Jahr 2020 hergestellt wurden, sprechen von der Schwierigkeit, das Gleichgewicht und die Werte in einem l\u00e4ngeren Zeitraum aufrechtzuerhalten, und werden durch Recycling von Gl\u00e4sern mit Sardellen und Silberfetzen 925 hergestellt<\/p>\n","protected":false},"excerpt":{"rendered":"<p>SERIE: &#8222;CONFINEMENT 2020&#8220; &#8222;NACHHALTIGKEITS\u00dcBUNGEN&#8220; 925 Silber (Deluxe) Material: Silber, recyceltes Glas Ma\u00dfe: 4 x 4 x 12,5 cm Verfasser: Carlos Tellechea Preis: 250,00 C \/ U \u20ac Diese St\u00fccke, die im Jahr 2020 hergestellt wurden, sprechen von der Schwierigkeit, das Gleichgewicht und die Werte in einem l\u00e4ngeren Zeitraum aufrechtzuerhalten, und werden durch Recycling von Gl\u00e4sern &hellip; <\/p>\n<p class=\"link-more\"><a href=\"https:\/\/www.arteartesania.com\/de\/producto\/serie-confinement-2020-nachhaltigkeitsuebungen-925-silber-deluxe\/\" class=\"more-link\">Read More <span class=\"screen-reader-text\"> &#8222;SERIE: &#8222;CONFINEMENT 2020&#8220; &#8222;NACHHALTIGKEITS\u00dcBUNGEN&#8220; 925 Silber (Deluxe)&#8220;<\/span><\/a><\/p>\n","protected":false},"featured_media":6390,"comment_status":"closed","ping_status":"closed","template":"","meta":{"_acf_changed":false,"inline_featured_image":false},"product_cat":[213,218,214,252,260],"product_tag":[589],"class_list":{"0":"post-6398","1":"product","2":"type-product","3":"status-publish","4":"has-post-thumbnail","6":"product_cat-art-de","7":"product_cat-carlos-tellechea-de","8":"product_cat-kuenstler","9":"product_cat-objekte","10":"product_cat-recycelt","11":"product_tag-carlostellechea-arteartesania-soller-mallorca-confinamiento-de","13":"first","14":"instock","15":"shipping-taxable","16":"purchasable","17":"product-type-simple"},"acf":[],"yoast_head":"<!-- This site is optimized with the Yoast SEO plugin v23.6 - https:\/\/yoast.com\/wordpress\/plugins\/seo\/ -->\n<title>SERIE: &quot;CONFINEMENT 2020&quot; &quot;NACHHALTIGKEITS\u00dcBUNGEN&quot; 925 Silber (Deluxe) - Arteartesania<\/title>\n<meta name=\"robots\" content=\"index, follow, max-snippet:-1, max-image-preview:large, max-video-preview:-1\" \/>\n<link rel=\"canonical\" href=\"https:\/\/www.arteartesania.com\/de\/producto\/serie-confinement-2020-nachhaltigkeitsuebungen-925-silber-deluxe\/\" \/>\n<meta property=\"og:locale\" content=\"de_DE\" \/>\n<meta property=\"og:type\" content=\"article\" \/>\n<meta property=\"og:title\" content=\"SERIE: &quot;CONFINEMENT 2020&quot; &quot;NACHHALTIGKEITS\u00dcBUNGEN&quot; 925 Silber (Deluxe) - Arteartesania\" \/>\n<meta property=\"og:description\" content=\"SERIE: &#8222;CONFINEMENT 2020&#8220; &#8222;NACHHALTIGKEITS\u00dcBUNGEN&#8220; 925 Silber (Deluxe) Material: Silber, recyceltes Glas Ma\u00dfe: 4 x 4 x 12,5 cm Verfasser: Carlos Tellechea Preis: 250,00 C \/ U \u20ac Diese St\u00fccke, die im Jahr 2020 hergestellt wurden, sprechen von der Schwierigkeit, das Gleichgewicht und die Werte in einem l\u00e4ngeren Zeitraum aufrechtzuerhalten, und werden durch Recycling von Gl\u00e4sern &hellip; Read More &quot;SERIE: &#8222;CONFINEMENT 2020&#8220; &#8222;NACHHALTIGKEITS\u00dcBUNGEN&#8220; 925 Silber (Deluxe)&quot;\" \/>\n<meta property=\"og:url\" content=\"https:\/\/www.arteartesania.com\/de\/producto\/serie-confinement-2020-nachhaltigkeitsuebungen-925-silber-deluxe\/\" \/>\n<meta property=\"og:site_name\" content=\"Arteartesania\" \/>\n<meta property=\"article:modified_time\" content=\"2020-05-14T11:40:57+00:00\" \/>\n<meta property=\"og:image\" content=\"https:\/\/www.arteartesania.com\/wp-content\/uploads\/2020\/05\/22CONFINAMIENTO202022EJERCICIOSFRASCOS-DE-ANCHOAS.-DE-LUXE-PLATA-5.jpeg\" \/>\n\t<meta property=\"og:image:width\" content=\"2560\" \/>\n\t<meta property=\"og:image:height\" content=\"1803\" \/>\n\t<meta property=\"og:image:type\" content=\"image\/jpeg\" \/>\n<meta name=\"twitter:card\" content=\"summary_large_image\" \/>\n<script type=\"application\/ld+json\" class=\"yoast-schema-graph\">{\"@context\":\"https:\/\/schema.org\",\"@graph\":[{\"@type\":\"WebPage\",\"@id\":\"https:\/\/www.arteartesania.com\/de\/producto\/serie-confinement-2020-nachhaltigkeitsuebungen-925-silber-deluxe\/\",\"url\":\"https:\/\/www.arteartesania.com\/de\/producto\/serie-confinement-2020-nachhaltigkeitsuebungen-925-silber-deluxe\/\",\"name\":\"SERIE: \\\"CONFINEMENT 2020\\\" \\\"NACHHALTIGKEITS\u00dcBUNGEN\\\" 925 Silber (Deluxe) - Arteartesania\",\"isPartOf\":{\"@id\":\"https:\/\/www.arteartesania.com\/de\/#website\"},\"primaryImageOfPage\":{\"@id\":\"https:\/\/www.arteartesania.com\/de\/producto\/serie-confinement-2020-nachhaltigkeitsuebungen-925-silber-deluxe\/#primaryimage\"},\"image\":{\"@id\":\"https:\/\/www.arteartesania.com\/de\/producto\/serie-confinement-2020-nachhaltigkeitsuebungen-925-silber-deluxe\/#primaryimage\"},\"thumbnailUrl\":\"https:\/\/www.arteartesania.com\/wp-content\/uploads\/2020\/05\/22CONFINAMIENTO202022EJERCICIOSFRASCOS-DE-ANCHOAS.-DE-LUXE-PLATA-5.jpeg\",\"datePublished\":\"2020-05-14T11:40:56+00:00\",\"dateModified\":\"2020-05-14T11:40:57+00:00\",\"breadcrumb\":{\"@id\":\"https:\/\/www.arteartesania.com\/de\/producto\/serie-confinement-2020-nachhaltigkeitsuebungen-925-silber-deluxe\/#breadcrumb\"},\"inLanguage\":\"de\",\"potentialAction\":[{\"@type\":\"ReadAction\",\"target\":[\"https:\/\/www.arteartesania.com\/de\/producto\/serie-confinement-2020-nachhaltigkeitsuebungen-925-silber-deluxe\/\"]}]},{\"@type\":\"ImageObject\",\"inLanguage\":\"de\",\"@id\":\"https:\/\/www.arteartesania.com\/de\/producto\/serie-confinement-2020-nachhaltigkeitsuebungen-925-silber-deluxe\/#primaryimage\",\"url\":\"https:\/\/www.arteartesania.com\/wp-content\/uploads\/2020\/05\/22CONFINAMIENTO202022EJERCICIOSFRASCOS-DE-ANCHOAS.-DE-LUXE-PLATA-5.jpeg\",\"contentUrl\":\"https:\/\/www.arteartesania.com\/wp-content\/uploads\/2020\/05\/22CONFINAMIENTO202022EJERCICIOSFRASCOS-DE-ANCHOAS.-DE-LUXE-PLATA-5.jpeg\",\"width\":2560,\"height\":1803},{\"@type\":\"BreadcrumbList\",\"@id\":\"https:\/\/www.arteartesania.com\/de\/producto\/serie-confinement-2020-nachhaltigkeitsuebungen-925-silber-deluxe\/#breadcrumb\",\"itemListElement\":[{\"@type\":\"ListItem\",\"position\":1,\"name\":\"Portada\",\"item\":\"https:\/\/www.arteartesania.com\/de\/\"},{\"@type\":\"ListItem\",\"position\":2,\"name\":\"Shop online\",\"item\":\"https:\/\/www.arteartesania.com\/de\/online-bastelladen\/\"},{\"@type\":\"ListItem\",\"position\":3,\"name\":\"SERIE: &#8222;CONFINEMENT 2020&#8220; &#8222;NACHHALTIGKEITS\u00dcBUNGEN&#8220; 925 Silber (Deluxe)\"}]},{\"@type\":\"WebSite\",\"@id\":\"https:\/\/www.arteartesania.com\/de\/#website\",\"url\":\"https:\/\/www.arteartesania.com\/de\/\",\"name\":\"Arteartesania\",\"description\":\"Original selecci\u00f3n de Artesan\u00eda Contempor\u00e1nea de Autor\",\"publisher\":{\"@id\":\"https:\/\/www.arteartesania.com\/de\/#organization\"},\"potentialAction\":[{\"@type\":\"SearchAction\",\"target\":{\"@type\":\"EntryPoint\",\"urlTemplate\":\"https:\/\/www.arteartesania.com\/de\/?s={search_term_string}\"},\"query-input\":{\"@type\":\"PropertyValueSpecification\",\"valueRequired\":true,\"valueName\":\"search_term_string\"}}],\"inLanguage\":\"de\"},{\"@type\":\"Organization\",\"@id\":\"https:\/\/www.arteartesania.com\/de\/#organization\",\"name\":\"Arteartesania\",\"url\":\"https:\/\/www.arteartesania.com\/de\/\",\"logo\":{\"@type\":\"ImageObject\",\"inLanguage\":\"de\",\"@id\":\"https:\/\/www.arteartesania.com\/de\/#\/schema\/logo\/image\/\",\"url\":\"https:\/\/www.arteartesania.com\/wp-content\/uploads\/2019\/12\/cropped-logofooter.png\",\"contentUrl\":\"https:\/\/www.arteartesania.com\/wp-content\/uploads\/2019\/12\/cropped-logofooter.png\",\"width\":539,\"height\":58,\"caption\":\"Arteartesania\"},\"image\":{\"@id\":\"https:\/\/www.arteartesania.com\/de\/#\/schema\/logo\/image\/\"}}]}<\/script>\n<!-- \/ Yoast SEO plugin. -->","yoast_head_json":{"title":"SERIE: \"CONFINEMENT 2020\" \"NACHHALTIGKEITS\u00dcBUNGEN\" 925 Silber (Deluxe) - Arteartesania","robots":{"index":"index","follow":"follow","max-snippet":"max-snippet:-1","max-image-preview":"max-image-preview:large","max-video-preview":"max-video-preview:-1"},"canonical":"https:\/\/www.arteartesania.com\/de\/producto\/serie-confinement-2020-nachhaltigkeitsuebungen-925-silber-deluxe\/","og_locale":"de_DE","og_type":"article","og_title":"SERIE: \"CONFINEMENT 2020\" \"NACHHALTIGKEITS\u00dcBUNGEN\" 925 Silber (Deluxe) - Arteartesania","og_description":"SERIE: &#8222;CONFINEMENT 2020&#8220; &#8222;NACHHALTIGKEITS\u00dcBUNGEN&#8220; 925 Silber (Deluxe) Material: Silber, recyceltes Glas Ma\u00dfe: 4 x 4 x 12,5 cm Verfasser: Carlos Tellechea Preis: 250,00 C \/ U \u20ac Diese St\u00fccke, die im Jahr 2020 hergestellt wurden, sprechen von der Schwierigkeit, das Gleichgewicht und die Werte in einem l\u00e4ngeren Zeitraum aufrechtzuerhalten, und werden durch Recycling von Gl\u00e4sern &hellip; Read More \"SERIE: &#8222;CONFINEMENT 2020&#8220; &#8222;NACHHALTIGKEITS\u00dcBUNGEN&#8220; 925 Silber (Deluxe)\"","og_url":"https:\/\/www.arteartesania.com\/de\/producto\/serie-confinement-2020-nachhaltigkeitsuebungen-925-silber-deluxe\/","og_site_name":"Arteartesania","article_modified_time":"2020-05-14T11:40:57+00:00","og_image":[{"width":2560,"height":1803,"url":"https:\/\/www.arteartesania.com\/wp-content\/uploads\/2020\/05\/22CONFINAMIENTO202022EJERCICIOSFRASCOS-DE-ANCHOAS.-DE-LUXE-PLATA-5.jpeg","type":"image\/jpeg"}],"twitter_card":"summary_large_image","schema":{"@context":"https:\/\/schema.org","@graph":[{"@type":"WebPage","@id":"https:\/\/www.arteartesania.com\/de\/producto\/serie-confinement-2020-nachhaltigkeitsuebungen-925-silber-deluxe\/","url":"https:\/\/www.arteartesania.com\/de\/producto\/serie-confinement-2020-nachhaltigkeitsuebungen-925-silber-deluxe\/","name":"SERIE: \"CONFINEMENT 2020\" \"NACHHALTIGKEITS\u00dcBUNGEN\" 925 Silber (Deluxe) - Arteartesania","isPartOf":{"@id":"https:\/\/www.arteartesania.com\/de\/#website"},"primaryImageOfPage":{"@id":"https:\/\/www.arteartesania.com\/de\/producto\/serie-confinement-2020-nachhaltigkeitsuebungen-925-silber-deluxe\/#primaryimage"},"image":{"@id":"https:\/\/www.arteartesania.com\/de\/producto\/serie-confinement-2020-nachhaltigkeitsuebungen-925-silber-deluxe\/#primaryimage"},"thumbnailUrl":"https:\/\/www.arteartesania.com\/wp-content\/uploads\/2020\/05\/22CONFINAMIENTO202022EJERCICIOSFRASCOS-DE-ANCHOAS.-DE-LUXE-PLATA-5.jpeg","datePublished":"2020-05-14T11:40:56+00:00","dateModified":"2020-05-14T11:40:57+00:00","breadcrumb":{"@id":"https:\/\/www.arteartesania.com\/de\/producto\/serie-confinement-2020-nachhaltigkeitsuebungen-925-silber-deluxe\/#breadcrumb"},"inLanguage":"de","potentialAction":[{"@type":"ReadAction","target":["https:\/\/www.arteartesania.com\/de\/producto\/serie-confinement-2020-nachhaltigkeitsuebungen-925-silber-deluxe\/"]}]},{"@type":"ImageObject","inLanguage":"de","@id":"https:\/\/www.arteartesania.com\/de\/producto\/serie-confinement-2020-nachhaltigkeitsuebungen-925-silber-deluxe\/#primaryimage","url":"https:\/\/www.arteartesania.com\/wp-content\/uploads\/2020\/05\/22CONFINAMIENTO202022EJERCICIOSFRASCOS-DE-ANCHOAS.-DE-LUXE-PLATA-5.jpeg","contentUrl":"https:\/\/www.arteartesania.com\/wp-content\/uploads\/2020\/05\/22CONFINAMIENTO202022EJERCICIOSFRASCOS-DE-ANCHOAS.-DE-LUXE-PLATA-5.jpeg","width":2560,"height":1803},{"@type":"BreadcrumbList","@id":"https:\/\/www.arteartesania.com\/de\/producto\/serie-confinement-2020-nachhaltigkeitsuebungen-925-silber-deluxe\/#breadcrumb","itemListElement":[{"@type":"ListItem","position":1,"name":"Portada","item":"https:\/\/www.arteartesania.com\/de\/"},{"@type":"ListItem","position":2,"name":"Shop online","item":"https:\/\/www.arteartesania.com\/de\/online-bastelladen\/"},{"@type":"ListItem","position":3,"name":"SERIE: &#8222;CONFINEMENT 2020&#8220; &#8222;NACHHALTIGKEITS\u00dcBUNGEN&#8220; 925 Silber (Deluxe)"}]},{"@type":"WebSite","@id":"https:\/\/www.arteartesania.com\/de\/#website","url":"https:\/\/www.arteartesania.com\/de\/","name":"Arteartesania","description":"Original selecci\u00f3n de Artesan\u00eda Contempor\u00e1nea de Autor","publisher":{"@id":"https:\/\/www.arteartesania.com\/de\/#organization"},"potentialAction":[{"@type":"SearchAction","target":{"@type":"EntryPoint","urlTemplate":"https:\/\/www.arteartesania.com\/de\/?s={search_term_string}"},"query-input":{"@type":"PropertyValueSpecification","valueRequired":true,"valueName":"search_term_string"}}],"inLanguage":"de"},{"@type":"Organization","@id":"https:\/\/www.arteartesania.com\/de\/#organization","name":"Arteartesania","url":"https:\/\/www.arteartesania.com\/de\/","logo":{"@type":"ImageObject","inLanguage":"de","@id":"https:\/\/www.arteartesania.com\/de\/#\/schema\/logo\/image\/","url":"https:\/\/www.arteartesania.com\/wp-content\/uploads\/2019\/12\/cropped-logofooter.png","contentUrl":"https:\/\/www.arteartesania.com\/wp-content\/uploads\/2019\/12\/cropped-logofooter.png","width":539,"height":58,"caption":"Arteartesania"},"image":{"@id":"https:\/\/www.arteartesania.com\/de\/#\/schema\/logo\/image\/"}}]}},"_links":{"self":[{"href":"https:\/\/www.arteartesania.com\/de\/wp-json\/wp\/v2\/product\/6398"}],"collection":[{"href":"https:\/\/www.arteartesania.com\/de\/wp-json\/wp\/v2\/product"}],"about":[{"href":"https:\/\/www.arteartesania.com\/de\/wp-json\/wp\/v2\/types\/product"}],"replies":[{"embeddable":true,"href":"https:\/\/www.arteartesania.com\/de\/wp-json\/wp\/v2\/comments?post=6398"}],"wp:featuredmedia":[{"embeddable":true,"href":"https:\/\/www.arteartesania.com\/de\/wp-json\/wp\/v2\/media\/6390"}],"wp:attachment":[{"href":"https:\/\/www.arteartesania.com\/de\/wp-json\/wp\/v2\/media?parent=6398"}],"wp:term":[{"taxonomy":"product_cat","embeddable":true,"href":"https:\/\/www.arteartesania.com\/de\/wp-json\/wp\/v2\/product_cat?post=6398"},{"taxonomy":"product_tag","embeddable":true,"href":"https:\/\/www.arteartesania.com\/de\/wp-json\/wp\/v2\/product_tag?post=6398"}],"curies":[{"name":"wp","href":"https:\/\/api.w.org\/{rel}","templated":true}]}}