{"id":6190,"date":"2020-04-29T16:51:18","date_gmt":"2020-04-29T14:51:18","guid":{"rendered":"https:\/\/www.arteartesania.com\/producto\/caja-de-bronce-redonda-con-5-amapolas\/"},"modified":"2020-05-17T14:53:53","modified_gmt":"2020-05-17T12:53:53","slug":"bronze-round-box-5-mohnblumen","status":"publish","type":"product","link":"https:\/\/www.arteartesania.com\/de\/producto\/bronze-round-box-5-mohnblumen\/","title":{"rendered":"Bronze Round Box 5 Mohnblumen"},"content":{"rendered":"<p>Bronze Round Box 5 Mohnblumen (&#8222;Cascalls&#8220;)<br \/>\nMATERIAL: Bronze und Messing<br \/>\nMa\u00dfe: Hoch: 46 x 20 x 20 cm<br \/>\nVerfasser: Carlos Tellechea<br \/>\nJahr: 2020<br \/>\nSt\u00fcck hergestellt durch Recycling von Bronzegegenst\u00e4nden und Messingabf\u00e4llen<\/p>\n","protected":false},"excerpt":{"rendered":"<p>Bronze Round Box 5 Mohnblumen (&#8222;Cascalls&#8220;)<br \/>\nMATERIAL: Bronze und Messing<br \/>\nMa\u00dfe: Hoch: 46 x 20 x 20 cm<br \/>\nVerfasser: Carlos Tellechea<br \/>\nJahr: 2020<br \/>\nSt\u00fcck hergestellt durch Recycling von Bronzegegenst\u00e4nden und Messingabf\u00e4llen<\/p>\n","protected":false},"featured_media":6188,"comment_status":"closed","ping_status":"closed","template":"","meta":{"_acf_changed":false,"inline_featured_image":false},"product_cat":[218,510,214,252,504],"product_tag":[589],"class_list":{"0":"post-6190","1":"product","2":"type-product","3":"status-publish","4":"has-post-thumbnail","6":"product_cat-carlos-tellechea-de","7":"product_cat-outlet-dekoration-skulptur","8":"product_cat-kuenstler","9":"product_cat-objekte","10":"product_cat-sale-de","11":"product_tag-carlostellechea-arteartesania-soller-mallorca-confinamiento-de","12":"product_shipping_class-paquetes-grandes-pesados-de","14":"first","15":"outofstock","16":"sale","17":"shipping-taxable","18":"purchasable","19":"product-type-simple"},"acf":[],"yoast_head":"<!-- This site is optimized with the Yoast SEO plugin v23.6 - https:\/\/yoast.com\/wordpress\/plugins\/seo\/ -->\n<title>Bronze Round Box 5 Mohnblumen - Arteartesania<\/title>\n<meta name=\"robots\" content=\"index, follow, max-snippet:-1, max-image-preview:large, max-video-preview:-1\" \/>\n<link rel=\"canonical\" href=\"https:\/\/www.arteartesania.com\/de\/producto\/bronze-round-box-5-mohnblumen\/\" \/>\n<meta property=\"og:locale\" content=\"de_DE\" \/>\n<meta property=\"og:type\" content=\"article\" \/>\n<meta property=\"og:title\" content=\"Bronze Round Box 5 Mohnblumen - Arteartesania\" \/>\n<meta property=\"og:description\" content=\"Bronze Round Box 5 Mohnblumen (&quot;Cascalls&quot;) MATERIAL: Bronze und Messing Ma\u00dfe: Hoch: 46 x 20 x 20 cm Verfasser: Carlos Tellechea Jahr: 2020 St\u00fcck hergestellt durch Recycling von Bronzegegenst\u00e4nden und Messingabf\u00e4llen\" \/>\n<meta property=\"og:url\" content=\"https:\/\/www.arteartesania.com\/de\/producto\/bronze-round-box-5-mohnblumen\/\" \/>\n<meta property=\"og:site_name\" content=\"Arteartesania\" \/>\n<meta property=\"article:modified_time\" content=\"2020-05-17T12:53:53+00:00\" \/>\n<meta property=\"og:image\" content=\"https:\/\/www.arteartesania.com\/wp-content\/uploads\/2020\/04\/w_CAJA-REDONDA-BRONCE-BOLA-5-AMAPOLAS-9.jpg\" \/>\n\t<meta property=\"og:image:width\" content=\"1200\" \/>\n\t<meta property=\"og:image:height\" content=\"1251\" \/>\n\t<meta property=\"og:image:type\" content=\"image\/jpeg\" \/>\n<meta name=\"twitter:card\" content=\"summary_large_image\" \/>\n<script type=\"application\/ld+json\" class=\"yoast-schema-graph\">{\"@context\":\"https:\/\/schema.org\",\"@graph\":[{\"@type\":\"WebPage\",\"@id\":\"https:\/\/www.arteartesania.com\/de\/producto\/bronze-round-box-5-mohnblumen\/\",\"url\":\"https:\/\/www.arteartesania.com\/de\/producto\/bronze-round-box-5-mohnblumen\/\",\"name\":\"Bronze Round Box 5 Mohnblumen - Arteartesania\",\"isPartOf\":{\"@id\":\"https:\/\/www.arteartesania.com\/de\/#website\"},\"primaryImageOfPage\":{\"@id\":\"https:\/\/www.arteartesania.com\/de\/producto\/bronze-round-box-5-mohnblumen\/#primaryimage\"},\"image\":{\"@id\":\"https:\/\/www.arteartesania.com\/de\/producto\/bronze-round-box-5-mohnblumen\/#primaryimage\"},\"thumbnailUrl\":\"https:\/\/www.arteartesania.com\/wp-content\/uploads\/2020\/04\/w_CAJA-REDONDA-BRONCE-BOLA-5-AMAPOLAS-9.jpg\",\"datePublished\":\"2020-04-29T14:51:18+00:00\",\"dateModified\":\"2020-05-17T12:53:53+00:00\",\"breadcrumb\":{\"@id\":\"https:\/\/www.arteartesania.com\/de\/producto\/bronze-round-box-5-mohnblumen\/#breadcrumb\"},\"inLanguage\":\"de\",\"potentialAction\":[{\"@type\":\"ReadAction\",\"target\":[\"https:\/\/www.arteartesania.com\/de\/producto\/bronze-round-box-5-mohnblumen\/\"]}]},{\"@type\":\"ImageObject\",\"inLanguage\":\"de\",\"@id\":\"https:\/\/www.arteartesania.com\/de\/producto\/bronze-round-box-5-mohnblumen\/#primaryimage\",\"url\":\"https:\/\/www.arteartesania.com\/wp-content\/uploads\/2020\/04\/w_CAJA-REDONDA-BRONCE-BOLA-5-AMAPOLAS-9.jpg\",\"contentUrl\":\"https:\/\/www.arteartesania.com\/wp-content\/uploads\/2020\/04\/w_CAJA-REDONDA-BRONCE-BOLA-5-AMAPOLAS-9.jpg\",\"width\":1200,\"height\":1251},{\"@type\":\"BreadcrumbList\",\"@id\":\"https:\/\/www.arteartesania.com\/de\/producto\/bronze-round-box-5-mohnblumen\/#breadcrumb\",\"itemListElement\":[{\"@type\":\"ListItem\",\"position\":1,\"name\":\"Portada\",\"item\":\"https:\/\/www.arteartesania.com\/de\/\"},{\"@type\":\"ListItem\",\"position\":2,\"name\":\"Shop online\",\"item\":\"https:\/\/www.arteartesania.com\/de\/online-bastelladen\/\"},{\"@type\":\"ListItem\",\"position\":3,\"name\":\"Bronze Round Box 5 Mohnblumen\"}]},{\"@type\":\"WebSite\",\"@id\":\"https:\/\/www.arteartesania.com\/de\/#website\",\"url\":\"https:\/\/www.arteartesania.com\/de\/\",\"name\":\"Arteartesania\",\"description\":\"Original selecci\u00f3n de Artesan\u00eda Contempor\u00e1nea de Autor\",\"publisher\":{\"@id\":\"https:\/\/www.arteartesania.com\/de\/#organization\"},\"potentialAction\":[{\"@type\":\"SearchAction\",\"target\":{\"@type\":\"EntryPoint\",\"urlTemplate\":\"https:\/\/www.arteartesania.com\/de\/?s={search_term_string}\"},\"query-input\":{\"@type\":\"PropertyValueSpecification\",\"valueRequired\":true,\"valueName\":\"search_term_string\"}}],\"inLanguage\":\"de\"},{\"@type\":\"Organization\",\"@id\":\"https:\/\/www.arteartesania.com\/de\/#organization\",\"name\":\"Arteartesania\",\"url\":\"https:\/\/www.arteartesania.com\/de\/\",\"logo\":{\"@type\":\"ImageObject\",\"inLanguage\":\"de\",\"@id\":\"https:\/\/www.arteartesania.com\/de\/#\/schema\/logo\/image\/\",\"url\":\"https:\/\/www.arteartesania.com\/wp-content\/uploads\/2019\/12\/cropped-logofooter.png\",\"contentUrl\":\"https:\/\/www.arteartesania.com\/wp-content\/uploads\/2019\/12\/cropped-logofooter.png\",\"width\":539,\"height\":58,\"caption\":\"Arteartesania\"},\"image\":{\"@id\":\"https:\/\/www.arteartesania.com\/de\/#\/schema\/logo\/image\/\"}}]}<\/script>\n<!-- \/ Yoast SEO plugin. -->","yoast_head_json":{"title":"Bronze Round Box 5 Mohnblumen - Arteartesania","robots":{"index":"index","follow":"follow","max-snippet":"max-snippet:-1","max-image-preview":"max-image-preview:large","max-video-preview":"max-video-preview:-1"},"canonical":"https:\/\/www.arteartesania.com\/de\/producto\/bronze-round-box-5-mohnblumen\/","og_locale":"de_DE","og_type":"article","og_title":"Bronze Round Box 5 Mohnblumen - Arteartesania","og_description":"Bronze Round Box 5 Mohnblumen (\"Cascalls\") MATERIAL: Bronze und Messing Ma\u00dfe: Hoch: 46 x 20 x 20 cm Verfasser: Carlos Tellechea Jahr: 2020 St\u00fcck hergestellt durch Recycling von Bronzegegenst\u00e4nden und Messingabf\u00e4llen","og_url":"https:\/\/www.arteartesania.com\/de\/producto\/bronze-round-box-5-mohnblumen\/","og_site_name":"Arteartesania","article_modified_time":"2020-05-17T12:53:53+00:00","og_image":[{"width":1200,"height":1251,"url":"https:\/\/www.arteartesania.com\/wp-content\/uploads\/2020\/04\/w_CAJA-REDONDA-BRONCE-BOLA-5-AMAPOLAS-9.jpg","type":"image\/jpeg"}],"twitter_card":"summary_large_image","schema":{"@context":"https:\/\/schema.org","@graph":[{"@type":"WebPage","@id":"https:\/\/www.arteartesania.com\/de\/producto\/bronze-round-box-5-mohnblumen\/","url":"https:\/\/www.arteartesania.com\/de\/producto\/bronze-round-box-5-mohnblumen\/","name":"Bronze Round Box 5 Mohnblumen - Arteartesania","isPartOf":{"@id":"https:\/\/www.arteartesania.com\/de\/#website"},"primaryImageOfPage":{"@id":"https:\/\/www.arteartesania.com\/de\/producto\/bronze-round-box-5-mohnblumen\/#primaryimage"},"image":{"@id":"https:\/\/www.arteartesania.com\/de\/producto\/bronze-round-box-5-mohnblumen\/#primaryimage"},"thumbnailUrl":"https:\/\/www.arteartesania.com\/wp-content\/uploads\/2020\/04\/w_CAJA-REDONDA-BRONCE-BOLA-5-AMAPOLAS-9.jpg","datePublished":"2020-04-29T14:51:18+00:00","dateModified":"2020-05-17T12:53:53+00:00","breadcrumb":{"@id":"https:\/\/www.arteartesania.com\/de\/producto\/bronze-round-box-5-mohnblumen\/#breadcrumb"},"inLanguage":"de","potentialAction":[{"@type":"ReadAction","target":["https:\/\/www.arteartesania.com\/de\/producto\/bronze-round-box-5-mohnblumen\/"]}]},{"@type":"ImageObject","inLanguage":"de","@id":"https:\/\/www.arteartesania.com\/de\/producto\/bronze-round-box-5-mohnblumen\/#primaryimage","url":"https:\/\/www.arteartesania.com\/wp-content\/uploads\/2020\/04\/w_CAJA-REDONDA-BRONCE-BOLA-5-AMAPOLAS-9.jpg","contentUrl":"https:\/\/www.arteartesania.com\/wp-content\/uploads\/2020\/04\/w_CAJA-REDONDA-BRONCE-BOLA-5-AMAPOLAS-9.jpg","width":1200,"height":1251},{"@type":"BreadcrumbList","@id":"https:\/\/www.arteartesania.com\/de\/producto\/bronze-round-box-5-mohnblumen\/#breadcrumb","itemListElement":[{"@type":"ListItem","position":1,"name":"Portada","item":"https:\/\/www.arteartesania.com\/de\/"},{"@type":"ListItem","position":2,"name":"Shop online","item":"https:\/\/www.arteartesania.com\/de\/online-bastelladen\/"},{"@type":"ListItem","position":3,"name":"Bronze Round Box 5 Mohnblumen"}]},{"@type":"WebSite","@id":"https:\/\/www.arteartesania.com\/de\/#website","url":"https:\/\/www.arteartesania.com\/de\/","name":"Arteartesania","description":"Original selecci\u00f3n de Artesan\u00eda Contempor\u00e1nea de Autor","publisher":{"@id":"https:\/\/www.arteartesania.com\/de\/#organization"},"potentialAction":[{"@type":"SearchAction","target":{"@type":"EntryPoint","urlTemplate":"https:\/\/www.arteartesania.com\/de\/?s={search_term_string}"},"query-input":{"@type":"PropertyValueSpecification","valueRequired":true,"valueName":"search_term_string"}}],"inLanguage":"de"},{"@type":"Organization","@id":"https:\/\/www.arteartesania.com\/de\/#organization","name":"Arteartesania","url":"https:\/\/www.arteartesania.com\/de\/","logo":{"@type":"ImageObject","inLanguage":"de","@id":"https:\/\/www.arteartesania.com\/de\/#\/schema\/logo\/image\/","url":"https:\/\/www.arteartesania.com\/wp-content\/uploads\/2019\/12\/cropped-logofooter.png","contentUrl":"https:\/\/www.arteartesania.com\/wp-content\/uploads\/2019\/12\/cropped-logofooter.png","width":539,"height":58,"caption":"Arteartesania"},"image":{"@id":"https:\/\/www.arteartesania.com\/de\/#\/schema\/logo\/image\/"}}]}},"_links":{"self":[{"href":"https:\/\/www.arteartesania.com\/de\/wp-json\/wp\/v2\/product\/6190"}],"collection":[{"href":"https:\/\/www.arteartesania.com\/de\/wp-json\/wp\/v2\/product"}],"about":[{"href":"https:\/\/www.arteartesania.com\/de\/wp-json\/wp\/v2\/types\/product"}],"replies":[{"embeddable":true,"href":"https:\/\/www.arteartesania.com\/de\/wp-json\/wp\/v2\/comments?post=6190"}],"wp:featuredmedia":[{"embeddable":true,"href":"https:\/\/www.arteartesania.com\/de\/wp-json\/wp\/v2\/media\/6188"}],"wp:attachment":[{"href":"https:\/\/www.arteartesania.com\/de\/wp-json\/wp\/v2\/media?parent=6190"}],"wp:term":[{"taxonomy":"product_cat","embeddable":true,"href":"https:\/\/www.arteartesania.com\/de\/wp-json\/wp\/v2\/product_cat?post=6190"},{"taxonomy":"product_tag","embeddable":true,"href":"https:\/\/www.arteartesania.com\/de\/wp-json\/wp\/v2\/product_tag?post=6190"}],"curies":[{"name":"wp","href":"https:\/\/api.w.org\/{rel}","templated":true}]}}