{"id":6067,"date":"2020-04-23T22:48:38","date_gmt":"2020-04-23T20:48:38","guid":{"rendered":"https:\/\/www.arteartesania.com\/?post_type=product&#038;p=6067"},"modified":"2020-05-17T14:56:32","modified_gmt":"2020-05-17T12:56:32","slug":"ubungen-naturaleza-viva-flor-agata","status":"publish","type":"product","link":"https:\/\/www.arteartesania.com\/de\/producto\/ubungen-naturaleza-viva-flor-agata\/","title":{"rendered":"\u00dcBUNGEN: NATURALEZ VIVA II    Bronze Rundschachtel mit 1 Blume (AGATA)"},"content":{"rendered":"<p>SERIE: &#8222;CONFINEMENT 2020&#8220;<br \/>\n&#8222;\u00dcBUNGEN: NATURALEZA VIVA II &#8211; FLOR AGATA&#8220;<\/p>\n<p>Bronze Rundschachtel mit 1 Blume (AGATA)<br \/>\nMASSNAHMEN: 10 x 10 x 41 cm<br \/>\nMATERIAL: Blech- und Bronzeschrott und einer Scheibe AGATA<br \/>\nVerfasser: Carlos Tellechea<\/p>\n","protected":false},"excerpt":{"rendered":"<p>SERIE: &#8222;CONFINEMENT 2020&#8220;<br \/>\n&#8222;\u00dcBUNGEN: NATURALEZA VIVA II &#8211; FLOR AGATA&#8220;<\/p>\n<p>Bronze Rundschachtel mit 1 Blume (AGATA)<br \/>\nMASSNAHMEN: 10 x 10 x 41 cm<br \/>\nMATERIAL: Blech- und Bronzeschrott und einer Scheibe AGATA<br \/>\nVerfasser: Carlos Tellechea<\/p>\n<p>Diese Serie von St\u00fccken wurde w\u00e4hrend der Confinement 2020 hergestellt und ist vom Pflanzenreich inspiriert, das versucht, den subtilen Lauf der Zeit in Pflanzen in ihrer scheinbaren Stille zu verstehen &#8230;<br \/>\nHergestellt durch Recycling von Blech- und Messingabf\u00e4llen.<\/p>\n","protected":false},"featured_media":6080,"comment_status":"closed","ping_status":"closed","template":"","meta":{"_acf_changed":false,"inline_featured_image":false},"product_cat":[218,510,252,504],"product_tag":[],"class_list":{"0":"post-6067","1":"product","2":"type-product","3":"status-publish","4":"has-post-thumbnail","6":"product_cat-carlos-tellechea-de","7":"product_cat-outlet-dekoration-skulptur","8":"product_cat-objekte","9":"product_cat-sale-de","11":"first","12":"instock","13":"sale","14":"shipping-taxable","15":"purchasable","16":"product-type-simple"},"acf":[],"yoast_head":"<!-- This site is optimized with the Yoast SEO plugin v23.6 - https:\/\/yoast.com\/wordpress\/plugins\/seo\/ -->\n<title>\u00dcBUNGEN: NATURALEZ VIVA II  Bronze Rundschachtel mit 1 Blume (AGATA) - Arteartesania<\/title>\n<meta name=\"robots\" content=\"index, follow, max-snippet:-1, max-image-preview:large, max-video-preview:-1\" \/>\n<link rel=\"canonical\" href=\"https:\/\/www.arteartesania.com\/de\/producto\/ubungen-naturaleza-viva-flor-agata\/\" \/>\n<meta property=\"og:locale\" content=\"de_DE\" \/>\n<meta property=\"og:type\" content=\"article\" \/>\n<meta property=\"og:title\" content=\"\u00dcBUNGEN: NATURALEZ VIVA II  Bronze Rundschachtel mit 1 Blume (AGATA) - Arteartesania\" \/>\n<meta property=\"og:description\" content=\"SERIE: &quot;CONFINEMENT 2020&quot; &quot;\u00dcBUNGEN: NATURALEZA VIVA II - FLOR AGATA&quot;  Bronze Rundschachtel mit 1 Blume (AGATA) MASSNAHMEN: 10 x 10 x 41 cm MATERIAL: Blech- und Bronzeschrott und einer Scheibe AGATA Verfasser: Carlos Tellechea  Diese Serie von St\u00fccken wurde w\u00e4hrend der Confinement 2020 hergestellt und ist vom Pflanzenreich inspiriert, das versucht, den subtilen Lauf der Zeit in Pflanzen in ihrer scheinbaren Stille zu verstehen ... Hergestellt durch Recycling von Blech- und Messingabf\u00e4llen.\" \/>\n<meta property=\"og:url\" content=\"https:\/\/www.arteartesania.com\/de\/producto\/ubungen-naturaleza-viva-flor-agata\/\" \/>\n<meta property=\"og:site_name\" content=\"Arteartesania\" \/>\n<meta property=\"article:modified_time\" content=\"2020-05-17T12:56:32+00:00\" \/>\n<meta property=\"og:image\" content=\"https:\/\/www.arteartesania.com\/wp-content\/uploads\/2020\/04\/w_CONFINAMIENTO-2020-FLOR-AGATA7.jpg\" \/>\n\t<meta property=\"og:image:width\" content=\"1200\" \/>\n\t<meta property=\"og:image:height\" content=\"1925\" \/>\n\t<meta property=\"og:image:type\" content=\"image\/jpeg\" \/>\n<meta name=\"twitter:card\" content=\"summary_large_image\" \/>\n<script type=\"application\/ld+json\" class=\"yoast-schema-graph\">{\"@context\":\"https:\/\/schema.org\",\"@graph\":[{\"@type\":\"WebPage\",\"@id\":\"https:\/\/www.arteartesania.com\/de\/producto\/ubungen-naturaleza-viva-flor-agata\/\",\"url\":\"https:\/\/www.arteartesania.com\/de\/producto\/ubungen-naturaleza-viva-flor-agata\/\",\"name\":\"\u00dcBUNGEN: NATURALEZ VIVA II Bronze Rundschachtel mit 1 Blume (AGATA) - Arteartesania\",\"isPartOf\":{\"@id\":\"https:\/\/www.arteartesania.com\/de\/#website\"},\"primaryImageOfPage\":{\"@id\":\"https:\/\/www.arteartesania.com\/de\/producto\/ubungen-naturaleza-viva-flor-agata\/#primaryimage\"},\"image\":{\"@id\":\"https:\/\/www.arteartesania.com\/de\/producto\/ubungen-naturaleza-viva-flor-agata\/#primaryimage\"},\"thumbnailUrl\":\"https:\/\/www.arteartesania.com\/wp-content\/uploads\/2020\/04\/w_CONFINAMIENTO-2020-FLOR-AGATA7.jpg\",\"datePublished\":\"2020-04-23T20:48:38+00:00\",\"dateModified\":\"2020-05-17T12:56:32+00:00\",\"breadcrumb\":{\"@id\":\"https:\/\/www.arteartesania.com\/de\/producto\/ubungen-naturaleza-viva-flor-agata\/#breadcrumb\"},\"inLanguage\":\"de\",\"potentialAction\":[{\"@type\":\"ReadAction\",\"target\":[\"https:\/\/www.arteartesania.com\/de\/producto\/ubungen-naturaleza-viva-flor-agata\/\"]}]},{\"@type\":\"ImageObject\",\"inLanguage\":\"de\",\"@id\":\"https:\/\/www.arteartesania.com\/de\/producto\/ubungen-naturaleza-viva-flor-agata\/#primaryimage\",\"url\":\"https:\/\/www.arteartesania.com\/wp-content\/uploads\/2020\/04\/w_CONFINAMIENTO-2020-FLOR-AGATA7.jpg\",\"contentUrl\":\"https:\/\/www.arteartesania.com\/wp-content\/uploads\/2020\/04\/w_CONFINAMIENTO-2020-FLOR-AGATA7.jpg\",\"width\":1200,\"height\":1925},{\"@type\":\"BreadcrumbList\",\"@id\":\"https:\/\/www.arteartesania.com\/de\/producto\/ubungen-naturaleza-viva-flor-agata\/#breadcrumb\",\"itemListElement\":[{\"@type\":\"ListItem\",\"position\":1,\"name\":\"Portada\",\"item\":\"https:\/\/www.arteartesania.com\/de\/\"},{\"@type\":\"ListItem\",\"position\":2,\"name\":\"Shop online\",\"item\":\"https:\/\/www.arteartesania.com\/de\/online-bastelladen\/\"},{\"@type\":\"ListItem\",\"position\":3,\"name\":\"\u00dcBUNGEN: NATURALEZ VIVA II Bronze Rundschachtel mit 1 Blume (AGATA)\"}]},{\"@type\":\"WebSite\",\"@id\":\"https:\/\/www.arteartesania.com\/de\/#website\",\"url\":\"https:\/\/www.arteartesania.com\/de\/\",\"name\":\"Arteartesania\",\"description\":\"Original selecci\u00f3n de Artesan\u00eda Contempor\u00e1nea de Autor\",\"publisher\":{\"@id\":\"https:\/\/www.arteartesania.com\/de\/#organization\"},\"potentialAction\":[{\"@type\":\"SearchAction\",\"target\":{\"@type\":\"EntryPoint\",\"urlTemplate\":\"https:\/\/www.arteartesania.com\/de\/?s={search_term_string}\"},\"query-input\":{\"@type\":\"PropertyValueSpecification\",\"valueRequired\":true,\"valueName\":\"search_term_string\"}}],\"inLanguage\":\"de\"},{\"@type\":\"Organization\",\"@id\":\"https:\/\/www.arteartesania.com\/de\/#organization\",\"name\":\"Arteartesania\",\"url\":\"https:\/\/www.arteartesania.com\/de\/\",\"logo\":{\"@type\":\"ImageObject\",\"inLanguage\":\"de\",\"@id\":\"https:\/\/www.arteartesania.com\/de\/#\/schema\/logo\/image\/\",\"url\":\"https:\/\/www.arteartesania.com\/wp-content\/uploads\/2019\/12\/cropped-logofooter.png\",\"contentUrl\":\"https:\/\/www.arteartesania.com\/wp-content\/uploads\/2019\/12\/cropped-logofooter.png\",\"width\":539,\"height\":58,\"caption\":\"Arteartesania\"},\"image\":{\"@id\":\"https:\/\/www.arteartesania.com\/de\/#\/schema\/logo\/image\/\"}}]}<\/script>\n<!-- \/ Yoast SEO plugin. -->","yoast_head_json":{"title":"\u00dcBUNGEN: NATURALEZ VIVA II  Bronze Rundschachtel mit 1 Blume (AGATA) - Arteartesania","robots":{"index":"index","follow":"follow","max-snippet":"max-snippet:-1","max-image-preview":"max-image-preview:large","max-video-preview":"max-video-preview:-1"},"canonical":"https:\/\/www.arteartesania.com\/de\/producto\/ubungen-naturaleza-viva-flor-agata\/","og_locale":"de_DE","og_type":"article","og_title":"\u00dcBUNGEN: NATURALEZ VIVA II  Bronze Rundschachtel mit 1 Blume (AGATA) - Arteartesania","og_description":"SERIE: \"CONFINEMENT 2020\" \"\u00dcBUNGEN: NATURALEZA VIVA II - FLOR AGATA\"  Bronze Rundschachtel mit 1 Blume (AGATA) MASSNAHMEN: 10 x 10 x 41 cm MATERIAL: Blech- und Bronzeschrott und einer Scheibe AGATA Verfasser: Carlos Tellechea  Diese Serie von St\u00fccken wurde w\u00e4hrend der Confinement 2020 hergestellt und ist vom Pflanzenreich inspiriert, das versucht, den subtilen Lauf der Zeit in Pflanzen in ihrer scheinbaren Stille zu verstehen ... Hergestellt durch Recycling von Blech- und Messingabf\u00e4llen.","og_url":"https:\/\/www.arteartesania.com\/de\/producto\/ubungen-naturaleza-viva-flor-agata\/","og_site_name":"Arteartesania","article_modified_time":"2020-05-17T12:56:32+00:00","og_image":[{"width":1200,"height":1925,"url":"https:\/\/www.arteartesania.com\/wp-content\/uploads\/2020\/04\/w_CONFINAMIENTO-2020-FLOR-AGATA7.jpg","type":"image\/jpeg"}],"twitter_card":"summary_large_image","schema":{"@context":"https:\/\/schema.org","@graph":[{"@type":"WebPage","@id":"https:\/\/www.arteartesania.com\/de\/producto\/ubungen-naturaleza-viva-flor-agata\/","url":"https:\/\/www.arteartesania.com\/de\/producto\/ubungen-naturaleza-viva-flor-agata\/","name":"\u00dcBUNGEN: NATURALEZ VIVA II Bronze Rundschachtel mit 1 Blume (AGATA) - Arteartesania","isPartOf":{"@id":"https:\/\/www.arteartesania.com\/de\/#website"},"primaryImageOfPage":{"@id":"https:\/\/www.arteartesania.com\/de\/producto\/ubungen-naturaleza-viva-flor-agata\/#primaryimage"},"image":{"@id":"https:\/\/www.arteartesania.com\/de\/producto\/ubungen-naturaleza-viva-flor-agata\/#primaryimage"},"thumbnailUrl":"https:\/\/www.arteartesania.com\/wp-content\/uploads\/2020\/04\/w_CONFINAMIENTO-2020-FLOR-AGATA7.jpg","datePublished":"2020-04-23T20:48:38+00:00","dateModified":"2020-05-17T12:56:32+00:00","breadcrumb":{"@id":"https:\/\/www.arteartesania.com\/de\/producto\/ubungen-naturaleza-viva-flor-agata\/#breadcrumb"},"inLanguage":"de","potentialAction":[{"@type":"ReadAction","target":["https:\/\/www.arteartesania.com\/de\/producto\/ubungen-naturaleza-viva-flor-agata\/"]}]},{"@type":"ImageObject","inLanguage":"de","@id":"https:\/\/www.arteartesania.com\/de\/producto\/ubungen-naturaleza-viva-flor-agata\/#primaryimage","url":"https:\/\/www.arteartesania.com\/wp-content\/uploads\/2020\/04\/w_CONFINAMIENTO-2020-FLOR-AGATA7.jpg","contentUrl":"https:\/\/www.arteartesania.com\/wp-content\/uploads\/2020\/04\/w_CONFINAMIENTO-2020-FLOR-AGATA7.jpg","width":1200,"height":1925},{"@type":"BreadcrumbList","@id":"https:\/\/www.arteartesania.com\/de\/producto\/ubungen-naturaleza-viva-flor-agata\/#breadcrumb","itemListElement":[{"@type":"ListItem","position":1,"name":"Portada","item":"https:\/\/www.arteartesania.com\/de\/"},{"@type":"ListItem","position":2,"name":"Shop online","item":"https:\/\/www.arteartesania.com\/de\/online-bastelladen\/"},{"@type":"ListItem","position":3,"name":"\u00dcBUNGEN: NATURALEZ VIVA II Bronze Rundschachtel mit 1 Blume (AGATA)"}]},{"@type":"WebSite","@id":"https:\/\/www.arteartesania.com\/de\/#website","url":"https:\/\/www.arteartesania.com\/de\/","name":"Arteartesania","description":"Original selecci\u00f3n de Artesan\u00eda Contempor\u00e1nea de Autor","publisher":{"@id":"https:\/\/www.arteartesania.com\/de\/#organization"},"potentialAction":[{"@type":"SearchAction","target":{"@type":"EntryPoint","urlTemplate":"https:\/\/www.arteartesania.com\/de\/?s={search_term_string}"},"query-input":{"@type":"PropertyValueSpecification","valueRequired":true,"valueName":"search_term_string"}}],"inLanguage":"de"},{"@type":"Organization","@id":"https:\/\/www.arteartesania.com\/de\/#organization","name":"Arteartesania","url":"https:\/\/www.arteartesania.com\/de\/","logo":{"@type":"ImageObject","inLanguage":"de","@id":"https:\/\/www.arteartesania.com\/de\/#\/schema\/logo\/image\/","url":"https:\/\/www.arteartesania.com\/wp-content\/uploads\/2019\/12\/cropped-logofooter.png","contentUrl":"https:\/\/www.arteartesania.com\/wp-content\/uploads\/2019\/12\/cropped-logofooter.png","width":539,"height":58,"caption":"Arteartesania"},"image":{"@id":"https:\/\/www.arteartesania.com\/de\/#\/schema\/logo\/image\/"}}]}},"_links":{"self":[{"href":"https:\/\/www.arteartesania.com\/de\/wp-json\/wp\/v2\/product\/6067"}],"collection":[{"href":"https:\/\/www.arteartesania.com\/de\/wp-json\/wp\/v2\/product"}],"about":[{"href":"https:\/\/www.arteartesania.com\/de\/wp-json\/wp\/v2\/types\/product"}],"replies":[{"embeddable":true,"href":"https:\/\/www.arteartesania.com\/de\/wp-json\/wp\/v2\/comments?post=6067"}],"wp:featuredmedia":[{"embeddable":true,"href":"https:\/\/www.arteartesania.com\/de\/wp-json\/wp\/v2\/media\/6080"}],"wp:attachment":[{"href":"https:\/\/www.arteartesania.com\/de\/wp-json\/wp\/v2\/media?parent=6067"}],"wp:term":[{"taxonomy":"product_cat","embeddable":true,"href":"https:\/\/www.arteartesania.com\/de\/wp-json\/wp\/v2\/product_cat?post=6067"},{"taxonomy":"product_tag","embeddable":true,"href":"https:\/\/www.arteartesania.com\/de\/wp-json\/wp\/v2\/product_tag?post=6067"}],"curies":[{"name":"wp","href":"https:\/\/api.w.org\/{rel}","templated":true}]}}