{"id":6002,"date":"2020-04-23T00:34:10","date_gmt":"2020-04-22T22:34:11","guid":{"rendered":"https:\/\/www.arteartesania.com\/?post_type=product&#038;p=6002"},"modified":"2020-05-17T15:03:37","modified_gmt":"2020-05-17T13:03:37","slug":"ubungen-lebende-natur-1","status":"publish","type":"product","link":"https:\/\/www.arteartesania.com\/de\/producto\/ubungen-lebende-natur-1\/","title":{"rendered":"\u00dcBUNGEN: LEBENDE NATUR I"},"content":{"rendered":"<p>Rechteckige Bronzebox mit 2 getrockneten Mohnblumen<br \/>\nMASSNAHMEN: 8 x 5 x 31 cm<br \/>\nMATERIAL: Blech- und Bronzeschrott<br \/>\nVerfasser: Carlos Tellechea<\/p>\n<p>Diese Serie von St\u00fccken wurde w\u00e4hrend der Confinement 2020 hergestellt und ist vom Pflanzenreich inspiriert, das versucht, den subtilen Ablauf der Zeit in Pflanzen in ihrer scheinbaren Stille zu verstehen &#8230;<br \/>\nHergestellt durch Recycling von Blech- und Messinglaschen<\/p>\n","protected":false},"excerpt":{"rendered":"<p>Rechteckige Bronzebox mit 2 getrockneten Mohnblumen<br \/>\nMASSNAHMEN: 8 x 5 x 31 cm<br \/>\nMATERIAL: Blech- und Bronzeschrott<br \/>\nVerfasser: Carlos Tellechea<\/p>\n<p>Diese Serie von St\u00fccken wurde w\u00e4hrend der Confinement 2020 hergestellt und ist vom Pflanzenreich inspiriert, das versucht, den subtilen Ablauf der Zeit in Pflanzen in ihrer scheinbaren Stille zu verstehen &#8230;<br \/>\nHergestellt durch Recycling von Blech- und Messinglaschen<\/p>\n","protected":false},"featured_media":6006,"comment_status":"closed","ping_status":"closed","template":"","meta":{"_acf_changed":false,"inline_featured_image":false},"product_cat":[218,252],"product_tag":[],"class_list":{"0":"post-6002","1":"product","2":"type-product","3":"status-publish","4":"has-post-thumbnail","6":"product_cat-carlos-tellechea-de","7":"product_cat-objekte","9":"first","10":"instock","11":"shipping-taxable","12":"purchasable","13":"product-type-simple"},"acf":[],"yoast_head":"<!-- This site is optimized with the Yoast SEO plugin v23.6 - https:\/\/yoast.com\/wordpress\/plugins\/seo\/ -->\n<title>\u00dcBUNGEN: LEBENDE NATUR I - Arteartesania<\/title>\n<meta name=\"robots\" content=\"index, follow, max-snippet:-1, max-image-preview:large, max-video-preview:-1\" \/>\n<link rel=\"canonical\" href=\"https:\/\/www.arteartesania.com\/de\/producto\/ubungen-lebende-natur-1\/\" \/>\n<meta property=\"og:locale\" content=\"de_DE\" \/>\n<meta property=\"og:type\" content=\"article\" \/>\n<meta property=\"og:title\" content=\"\u00dcBUNGEN: LEBENDE NATUR I - Arteartesania\" \/>\n<meta property=\"og:description\" content=\"Rechteckige Bronzebox mit 2 getrockneten Mohnblumen MASSNAHMEN: 8 x 5 x 31 cm MATERIAL: Blech- und Bronzeschrott Verfasser: Carlos Tellechea  Diese Serie von St\u00fccken wurde w\u00e4hrend der Confinement 2020 hergestellt und ist vom Pflanzenreich inspiriert, das versucht, den subtilen Ablauf der Zeit in Pflanzen in ihrer scheinbaren Stille zu verstehen ... Hergestellt durch Recycling von Blech- und Messinglaschen\" \/>\n<meta property=\"og:url\" content=\"https:\/\/www.arteartesania.com\/de\/producto\/ubungen-lebende-natur-1\/\" \/>\n<meta property=\"og:site_name\" content=\"Arteartesania\" \/>\n<meta property=\"article:modified_time\" content=\"2020-05-17T13:03:37+00:00\" \/>\n<meta property=\"og:image\" content=\"https:\/\/www.arteartesania.com\/wp-content\/uploads\/2020\/04\/w_CONFINAMIENTO_CAJA_RECTANGULAR_DOS_AMAPOLAS_CASCALLS6.jpg\" \/>\n\t<meta property=\"og:image:width\" content=\"1200\" \/>\n\t<meta property=\"og:image:height\" content=\"1294\" \/>\n\t<meta property=\"og:image:type\" content=\"image\/jpeg\" \/>\n<meta name=\"twitter:card\" content=\"summary_large_image\" \/>\n<script type=\"application\/ld+json\" class=\"yoast-schema-graph\">{\"@context\":\"https:\/\/schema.org\",\"@graph\":[{\"@type\":\"WebPage\",\"@id\":\"https:\/\/www.arteartesania.com\/de\/producto\/ubungen-lebende-natur-1\/\",\"url\":\"https:\/\/www.arteartesania.com\/de\/producto\/ubungen-lebende-natur-1\/\",\"name\":\"\u00dcBUNGEN: LEBENDE NATUR I - Arteartesania\",\"isPartOf\":{\"@id\":\"https:\/\/www.arteartesania.com\/de\/#website\"},\"primaryImageOfPage\":{\"@id\":\"https:\/\/www.arteartesania.com\/de\/producto\/ubungen-lebende-natur-1\/#primaryimage\"},\"image\":{\"@id\":\"https:\/\/www.arteartesania.com\/de\/producto\/ubungen-lebende-natur-1\/#primaryimage\"},\"thumbnailUrl\":\"https:\/\/www.arteartesania.com\/wp-content\/uploads\/2020\/04\/w_CONFINAMIENTO_CAJA_RECTANGULAR_DOS_AMAPOLAS_CASCALLS6.jpg\",\"datePublished\":\"2020-04-22T22:34:11+00:00\",\"dateModified\":\"2020-05-17T13:03:37+00:00\",\"breadcrumb\":{\"@id\":\"https:\/\/www.arteartesania.com\/de\/producto\/ubungen-lebende-natur-1\/#breadcrumb\"},\"inLanguage\":\"de\",\"potentialAction\":[{\"@type\":\"ReadAction\",\"target\":[\"https:\/\/www.arteartesania.com\/de\/producto\/ubungen-lebende-natur-1\/\"]}]},{\"@type\":\"ImageObject\",\"inLanguage\":\"de\",\"@id\":\"https:\/\/www.arteartesania.com\/de\/producto\/ubungen-lebende-natur-1\/#primaryimage\",\"url\":\"https:\/\/www.arteartesania.com\/wp-content\/uploads\/2020\/04\/w_CONFINAMIENTO_CAJA_RECTANGULAR_DOS_AMAPOLAS_CASCALLS6.jpg\",\"contentUrl\":\"https:\/\/www.arteartesania.com\/wp-content\/uploads\/2020\/04\/w_CONFINAMIENTO_CAJA_RECTANGULAR_DOS_AMAPOLAS_CASCALLS6.jpg\",\"width\":1200,\"height\":1294},{\"@type\":\"BreadcrumbList\",\"@id\":\"https:\/\/www.arteartesania.com\/de\/producto\/ubungen-lebende-natur-1\/#breadcrumb\",\"itemListElement\":[{\"@type\":\"ListItem\",\"position\":1,\"name\":\"Portada\",\"item\":\"https:\/\/www.arteartesania.com\/de\/\"},{\"@type\":\"ListItem\",\"position\":2,\"name\":\"Shop online\",\"item\":\"https:\/\/www.arteartesania.com\/de\/online-bastelladen\/\"},{\"@type\":\"ListItem\",\"position\":3,\"name\":\"\u00dcBUNGEN: LEBENDE NATUR I\"}]},{\"@type\":\"WebSite\",\"@id\":\"https:\/\/www.arteartesania.com\/de\/#website\",\"url\":\"https:\/\/www.arteartesania.com\/de\/\",\"name\":\"Arteartesania\",\"description\":\"Original selecci\u00f3n de Artesan\u00eda Contempor\u00e1nea de Autor\",\"publisher\":{\"@id\":\"https:\/\/www.arteartesania.com\/de\/#organization\"},\"potentialAction\":[{\"@type\":\"SearchAction\",\"target\":{\"@type\":\"EntryPoint\",\"urlTemplate\":\"https:\/\/www.arteartesania.com\/de\/?s={search_term_string}\"},\"query-input\":{\"@type\":\"PropertyValueSpecification\",\"valueRequired\":true,\"valueName\":\"search_term_string\"}}],\"inLanguage\":\"de\"},{\"@type\":\"Organization\",\"@id\":\"https:\/\/www.arteartesania.com\/de\/#organization\",\"name\":\"Arteartesania\",\"url\":\"https:\/\/www.arteartesania.com\/de\/\",\"logo\":{\"@type\":\"ImageObject\",\"inLanguage\":\"de\",\"@id\":\"https:\/\/www.arteartesania.com\/de\/#\/schema\/logo\/image\/\",\"url\":\"https:\/\/www.arteartesania.com\/wp-content\/uploads\/2019\/12\/cropped-logofooter.png\",\"contentUrl\":\"https:\/\/www.arteartesania.com\/wp-content\/uploads\/2019\/12\/cropped-logofooter.png\",\"width\":539,\"height\":58,\"caption\":\"Arteartesania\"},\"image\":{\"@id\":\"https:\/\/www.arteartesania.com\/de\/#\/schema\/logo\/image\/\"}}]}<\/script>\n<!-- \/ Yoast SEO plugin. -->","yoast_head_json":{"title":"\u00dcBUNGEN: LEBENDE NATUR I - Arteartesania","robots":{"index":"index","follow":"follow","max-snippet":"max-snippet:-1","max-image-preview":"max-image-preview:large","max-video-preview":"max-video-preview:-1"},"canonical":"https:\/\/www.arteartesania.com\/de\/producto\/ubungen-lebende-natur-1\/","og_locale":"de_DE","og_type":"article","og_title":"\u00dcBUNGEN: LEBENDE NATUR I - Arteartesania","og_description":"Rechteckige Bronzebox mit 2 getrockneten Mohnblumen MASSNAHMEN: 8 x 5 x 31 cm MATERIAL: Blech- und Bronzeschrott Verfasser: Carlos Tellechea  Diese Serie von St\u00fccken wurde w\u00e4hrend der Confinement 2020 hergestellt und ist vom Pflanzenreich inspiriert, das versucht, den subtilen Ablauf der Zeit in Pflanzen in ihrer scheinbaren Stille zu verstehen ... Hergestellt durch Recycling von Blech- und Messinglaschen","og_url":"https:\/\/www.arteartesania.com\/de\/producto\/ubungen-lebende-natur-1\/","og_site_name":"Arteartesania","article_modified_time":"2020-05-17T13:03:37+00:00","og_image":[{"width":1200,"height":1294,"url":"https:\/\/www.arteartesania.com\/wp-content\/uploads\/2020\/04\/w_CONFINAMIENTO_CAJA_RECTANGULAR_DOS_AMAPOLAS_CASCALLS6.jpg","type":"image\/jpeg"}],"twitter_card":"summary_large_image","schema":{"@context":"https:\/\/schema.org","@graph":[{"@type":"WebPage","@id":"https:\/\/www.arteartesania.com\/de\/producto\/ubungen-lebende-natur-1\/","url":"https:\/\/www.arteartesania.com\/de\/producto\/ubungen-lebende-natur-1\/","name":"\u00dcBUNGEN: LEBENDE NATUR I - Arteartesania","isPartOf":{"@id":"https:\/\/www.arteartesania.com\/de\/#website"},"primaryImageOfPage":{"@id":"https:\/\/www.arteartesania.com\/de\/producto\/ubungen-lebende-natur-1\/#primaryimage"},"image":{"@id":"https:\/\/www.arteartesania.com\/de\/producto\/ubungen-lebende-natur-1\/#primaryimage"},"thumbnailUrl":"https:\/\/www.arteartesania.com\/wp-content\/uploads\/2020\/04\/w_CONFINAMIENTO_CAJA_RECTANGULAR_DOS_AMAPOLAS_CASCALLS6.jpg","datePublished":"2020-04-22T22:34:11+00:00","dateModified":"2020-05-17T13:03:37+00:00","breadcrumb":{"@id":"https:\/\/www.arteartesania.com\/de\/producto\/ubungen-lebende-natur-1\/#breadcrumb"},"inLanguage":"de","potentialAction":[{"@type":"ReadAction","target":["https:\/\/www.arteartesania.com\/de\/producto\/ubungen-lebende-natur-1\/"]}]},{"@type":"ImageObject","inLanguage":"de","@id":"https:\/\/www.arteartesania.com\/de\/producto\/ubungen-lebende-natur-1\/#primaryimage","url":"https:\/\/www.arteartesania.com\/wp-content\/uploads\/2020\/04\/w_CONFINAMIENTO_CAJA_RECTANGULAR_DOS_AMAPOLAS_CASCALLS6.jpg","contentUrl":"https:\/\/www.arteartesania.com\/wp-content\/uploads\/2020\/04\/w_CONFINAMIENTO_CAJA_RECTANGULAR_DOS_AMAPOLAS_CASCALLS6.jpg","width":1200,"height":1294},{"@type":"BreadcrumbList","@id":"https:\/\/www.arteartesania.com\/de\/producto\/ubungen-lebende-natur-1\/#breadcrumb","itemListElement":[{"@type":"ListItem","position":1,"name":"Portada","item":"https:\/\/www.arteartesania.com\/de\/"},{"@type":"ListItem","position":2,"name":"Shop online","item":"https:\/\/www.arteartesania.com\/de\/online-bastelladen\/"},{"@type":"ListItem","position":3,"name":"\u00dcBUNGEN: LEBENDE NATUR I"}]},{"@type":"WebSite","@id":"https:\/\/www.arteartesania.com\/de\/#website","url":"https:\/\/www.arteartesania.com\/de\/","name":"Arteartesania","description":"Original selecci\u00f3n de Artesan\u00eda Contempor\u00e1nea de Autor","publisher":{"@id":"https:\/\/www.arteartesania.com\/de\/#organization"},"potentialAction":[{"@type":"SearchAction","target":{"@type":"EntryPoint","urlTemplate":"https:\/\/www.arteartesania.com\/de\/?s={search_term_string}"},"query-input":{"@type":"PropertyValueSpecification","valueRequired":true,"valueName":"search_term_string"}}],"inLanguage":"de"},{"@type":"Organization","@id":"https:\/\/www.arteartesania.com\/de\/#organization","name":"Arteartesania","url":"https:\/\/www.arteartesania.com\/de\/","logo":{"@type":"ImageObject","inLanguage":"de","@id":"https:\/\/www.arteartesania.com\/de\/#\/schema\/logo\/image\/","url":"https:\/\/www.arteartesania.com\/wp-content\/uploads\/2019\/12\/cropped-logofooter.png","contentUrl":"https:\/\/www.arteartesania.com\/wp-content\/uploads\/2019\/12\/cropped-logofooter.png","width":539,"height":58,"caption":"Arteartesania"},"image":{"@id":"https:\/\/www.arteartesania.com\/de\/#\/schema\/logo\/image\/"}}]}},"_links":{"self":[{"href":"https:\/\/www.arteartesania.com\/de\/wp-json\/wp\/v2\/product\/6002"}],"collection":[{"href":"https:\/\/www.arteartesania.com\/de\/wp-json\/wp\/v2\/product"}],"about":[{"href":"https:\/\/www.arteartesania.com\/de\/wp-json\/wp\/v2\/types\/product"}],"replies":[{"embeddable":true,"href":"https:\/\/www.arteartesania.com\/de\/wp-json\/wp\/v2\/comments?post=6002"}],"wp:featuredmedia":[{"embeddable":true,"href":"https:\/\/www.arteartesania.com\/de\/wp-json\/wp\/v2\/media\/6006"}],"wp:attachment":[{"href":"https:\/\/www.arteartesania.com\/de\/wp-json\/wp\/v2\/media?parent=6002"}],"wp:term":[{"taxonomy":"product_cat","embeddable":true,"href":"https:\/\/www.arteartesania.com\/de\/wp-json\/wp\/v2\/product_cat?post=6002"},{"taxonomy":"product_tag","embeddable":true,"href":"https:\/\/www.arteartesania.com\/de\/wp-json\/wp\/v2\/product_tag?post=6002"}],"curies":[{"name":"wp","href":"https:\/\/api.w.org\/{rel}","templated":true}]}}