{"id":5998,"date":"2020-04-20T12:43:44","date_gmt":"2020-04-20T10:43:44","guid":{"rendered":"https:\/\/www.arteartesania.com\/producto\/anillos-cuenco-pata-925-1-piedra\/"},"modified":"2020-04-20T12:54:45","modified_gmt":"2020-04-20T10:54:45","slug":"925-sterling-silber-paw-bowl-ringe-1-stein","status":"publish","type":"product","link":"https:\/\/www.arteartesania.com\/de\/producto\/925-sterling-silber-paw-bowl-ringe-1-stein\/","title":{"rendered":"925 Sterling Silber Paw Bowl Ringe (1 Stein)"},"content":{"rendered":"","protected":false},"excerpt":{"rendered":"<p class=\"gmail-wt-text-body-01 gmail-wt-break-word\">925 Sterling Silber Paw Bowl Ringe, Keum-Boo-Anwendung,<br \/>\nCitrine aus 18 Karat Gold.<br \/>\nMaterial: 925 Silber, 18 Karat Gold<\/p>\n","protected":false},"featured_media":5990,"comment_status":"closed","ping_status":"closed","template":"","meta":{"_acf_changed":false,"inline_featured_image":false},"product_cat":[218,244],"product_tag":[305],"class_list":{"0":"post-5998","1":"product","2":"type-product","3":"status-publish","4":"has-post-thumbnail","6":"product_cat-carlos-tellechea-de","7":"product_cat-ringe","8":"product_tag-joyas-finas-de","10":"first","11":"instock","12":"shipping-taxable","13":"purchasable","14":"product-type-simple"},"acf":[],"yoast_head":"<!-- This site is optimized with the Yoast SEO plugin v23.6 - https:\/\/yoast.com\/wordpress\/plugins\/seo\/ -->\n<title>925 Sterling Silber Paw Bowl Ringe (1 Stein) - Arteartesania<\/title>\n<meta name=\"robots\" content=\"index, follow, max-snippet:-1, max-image-preview:large, max-video-preview:-1\" \/>\n<link rel=\"canonical\" href=\"https:\/\/www.arteartesania.com\/de\/producto\/925-sterling-silber-paw-bowl-ringe-1-stein\/\" \/>\n<meta property=\"og:locale\" content=\"de_DE\" \/>\n<meta property=\"og:type\" content=\"article\" \/>\n<meta property=\"og:title\" content=\"925 Sterling Silber Paw Bowl Ringe (1 Stein) - Arteartesania\" \/>\n<meta property=\"og:description\" content=\"925 Sterling Silber Paw Bowl Ringe, Keum-Boo-Anwendung, Citrine aus 18 Karat Gold. Material: 925 Silber, 18 Karat Gold\" \/>\n<meta property=\"og:url\" content=\"https:\/\/www.arteartesania.com\/de\/producto\/925-sterling-silber-paw-bowl-ringe-1-stein\/\" \/>\n<meta property=\"og:site_name\" content=\"Arteartesania\" \/>\n<meta property=\"article:modified_time\" content=\"2020-04-20T10:54:45+00:00\" \/>\n<meta property=\"og:image\" content=\"https:\/\/www.arteartesania.com\/wp-content\/uploads\/2020\/04\/ANILLOS-CUENCO-PLATA-KOOMBOO-PIEDRAS-ENGASTADAS-EN-ORO7.jpg\" \/>\n\t<meta property=\"og:image:width\" content=\"1200\" \/>\n\t<meta property=\"og:image:height\" content=\"900\" \/>\n\t<meta property=\"og:image:type\" content=\"image\/jpeg\" \/>\n<meta name=\"twitter:card\" content=\"summary_large_image\" \/>\n<script type=\"application\/ld+json\" class=\"yoast-schema-graph\">{\"@context\":\"https:\/\/schema.org\",\"@graph\":[{\"@type\":\"WebPage\",\"@id\":\"https:\/\/www.arteartesania.com\/de\/producto\/925-sterling-silber-paw-bowl-ringe-1-stein\/\",\"url\":\"https:\/\/www.arteartesania.com\/de\/producto\/925-sterling-silber-paw-bowl-ringe-1-stein\/\",\"name\":\"925 Sterling Silber Paw Bowl Ringe (1 Stein) - Arteartesania\",\"isPartOf\":{\"@id\":\"https:\/\/www.arteartesania.com\/de\/#website\"},\"primaryImageOfPage\":{\"@id\":\"https:\/\/www.arteartesania.com\/de\/producto\/925-sterling-silber-paw-bowl-ringe-1-stein\/#primaryimage\"},\"image\":{\"@id\":\"https:\/\/www.arteartesania.com\/de\/producto\/925-sterling-silber-paw-bowl-ringe-1-stein\/#primaryimage\"},\"thumbnailUrl\":\"https:\/\/www.arteartesania.com\/wp-content\/uploads\/2020\/04\/ANILLOS-CUENCO-PLATA-KOOMBOO-PIEDRAS-ENGASTADAS-EN-ORO7.jpg\",\"datePublished\":\"2020-04-20T10:43:44+00:00\",\"dateModified\":\"2020-04-20T10:54:45+00:00\",\"breadcrumb\":{\"@id\":\"https:\/\/www.arteartesania.com\/de\/producto\/925-sterling-silber-paw-bowl-ringe-1-stein\/#breadcrumb\"},\"inLanguage\":\"de\",\"potentialAction\":[{\"@type\":\"ReadAction\",\"target\":[\"https:\/\/www.arteartesania.com\/de\/producto\/925-sterling-silber-paw-bowl-ringe-1-stein\/\"]}]},{\"@type\":\"ImageObject\",\"inLanguage\":\"de\",\"@id\":\"https:\/\/www.arteartesania.com\/de\/producto\/925-sterling-silber-paw-bowl-ringe-1-stein\/#primaryimage\",\"url\":\"https:\/\/www.arteartesania.com\/wp-content\/uploads\/2020\/04\/ANILLOS-CUENCO-PLATA-KOOMBOO-PIEDRAS-ENGASTADAS-EN-ORO7.jpg\",\"contentUrl\":\"https:\/\/www.arteartesania.com\/wp-content\/uploads\/2020\/04\/ANILLOS-CUENCO-PLATA-KOOMBOO-PIEDRAS-ENGASTADAS-EN-ORO7.jpg\",\"width\":1200,\"height\":900},{\"@type\":\"BreadcrumbList\",\"@id\":\"https:\/\/www.arteartesania.com\/de\/producto\/925-sterling-silber-paw-bowl-ringe-1-stein\/#breadcrumb\",\"itemListElement\":[{\"@type\":\"ListItem\",\"position\":1,\"name\":\"Portada\",\"item\":\"https:\/\/www.arteartesania.com\/de\/\"},{\"@type\":\"ListItem\",\"position\":2,\"name\":\"Shop online\",\"item\":\"https:\/\/www.arteartesania.com\/de\/online-bastelladen\/\"},{\"@type\":\"ListItem\",\"position\":3,\"name\":\"925 Sterling Silber Paw Bowl Ringe (1 Stein)\"}]},{\"@type\":\"WebSite\",\"@id\":\"https:\/\/www.arteartesania.com\/de\/#website\",\"url\":\"https:\/\/www.arteartesania.com\/de\/\",\"name\":\"Arteartesania\",\"description\":\"Original selecci\u00f3n de Artesan\u00eda Contempor\u00e1nea de Autor\",\"publisher\":{\"@id\":\"https:\/\/www.arteartesania.com\/de\/#organization\"},\"potentialAction\":[{\"@type\":\"SearchAction\",\"target\":{\"@type\":\"EntryPoint\",\"urlTemplate\":\"https:\/\/www.arteartesania.com\/de\/?s={search_term_string}\"},\"query-input\":{\"@type\":\"PropertyValueSpecification\",\"valueRequired\":true,\"valueName\":\"search_term_string\"}}],\"inLanguage\":\"de\"},{\"@type\":\"Organization\",\"@id\":\"https:\/\/www.arteartesania.com\/de\/#organization\",\"name\":\"Arteartesania\",\"url\":\"https:\/\/www.arteartesania.com\/de\/\",\"logo\":{\"@type\":\"ImageObject\",\"inLanguage\":\"de\",\"@id\":\"https:\/\/www.arteartesania.com\/de\/#\/schema\/logo\/image\/\",\"url\":\"https:\/\/www.arteartesania.com\/wp-content\/uploads\/2019\/12\/cropped-logofooter.png\",\"contentUrl\":\"https:\/\/www.arteartesania.com\/wp-content\/uploads\/2019\/12\/cropped-logofooter.png\",\"width\":539,\"height\":58,\"caption\":\"Arteartesania\"},\"image\":{\"@id\":\"https:\/\/www.arteartesania.com\/de\/#\/schema\/logo\/image\/\"}}]}<\/script>\n<!-- \/ Yoast SEO plugin. -->","yoast_head_json":{"title":"925 Sterling Silber Paw Bowl Ringe (1 Stein) - Arteartesania","robots":{"index":"index","follow":"follow","max-snippet":"max-snippet:-1","max-image-preview":"max-image-preview:large","max-video-preview":"max-video-preview:-1"},"canonical":"https:\/\/www.arteartesania.com\/de\/producto\/925-sterling-silber-paw-bowl-ringe-1-stein\/","og_locale":"de_DE","og_type":"article","og_title":"925 Sterling Silber Paw Bowl Ringe (1 Stein) - Arteartesania","og_description":"925 Sterling Silber Paw Bowl Ringe, Keum-Boo-Anwendung, Citrine aus 18 Karat Gold. Material: 925 Silber, 18 Karat Gold","og_url":"https:\/\/www.arteartesania.com\/de\/producto\/925-sterling-silber-paw-bowl-ringe-1-stein\/","og_site_name":"Arteartesania","article_modified_time":"2020-04-20T10:54:45+00:00","og_image":[{"width":1200,"height":900,"url":"https:\/\/www.arteartesania.com\/wp-content\/uploads\/2020\/04\/ANILLOS-CUENCO-PLATA-KOOMBOO-PIEDRAS-ENGASTADAS-EN-ORO7.jpg","type":"image\/jpeg"}],"twitter_card":"summary_large_image","schema":{"@context":"https:\/\/schema.org","@graph":[{"@type":"WebPage","@id":"https:\/\/www.arteartesania.com\/de\/producto\/925-sterling-silber-paw-bowl-ringe-1-stein\/","url":"https:\/\/www.arteartesania.com\/de\/producto\/925-sterling-silber-paw-bowl-ringe-1-stein\/","name":"925 Sterling Silber Paw Bowl Ringe (1 Stein) - Arteartesania","isPartOf":{"@id":"https:\/\/www.arteartesania.com\/de\/#website"},"primaryImageOfPage":{"@id":"https:\/\/www.arteartesania.com\/de\/producto\/925-sterling-silber-paw-bowl-ringe-1-stein\/#primaryimage"},"image":{"@id":"https:\/\/www.arteartesania.com\/de\/producto\/925-sterling-silber-paw-bowl-ringe-1-stein\/#primaryimage"},"thumbnailUrl":"https:\/\/www.arteartesania.com\/wp-content\/uploads\/2020\/04\/ANILLOS-CUENCO-PLATA-KOOMBOO-PIEDRAS-ENGASTADAS-EN-ORO7.jpg","datePublished":"2020-04-20T10:43:44+00:00","dateModified":"2020-04-20T10:54:45+00:00","breadcrumb":{"@id":"https:\/\/www.arteartesania.com\/de\/producto\/925-sterling-silber-paw-bowl-ringe-1-stein\/#breadcrumb"},"inLanguage":"de","potentialAction":[{"@type":"ReadAction","target":["https:\/\/www.arteartesania.com\/de\/producto\/925-sterling-silber-paw-bowl-ringe-1-stein\/"]}]},{"@type":"ImageObject","inLanguage":"de","@id":"https:\/\/www.arteartesania.com\/de\/producto\/925-sterling-silber-paw-bowl-ringe-1-stein\/#primaryimage","url":"https:\/\/www.arteartesania.com\/wp-content\/uploads\/2020\/04\/ANILLOS-CUENCO-PLATA-KOOMBOO-PIEDRAS-ENGASTADAS-EN-ORO7.jpg","contentUrl":"https:\/\/www.arteartesania.com\/wp-content\/uploads\/2020\/04\/ANILLOS-CUENCO-PLATA-KOOMBOO-PIEDRAS-ENGASTADAS-EN-ORO7.jpg","width":1200,"height":900},{"@type":"BreadcrumbList","@id":"https:\/\/www.arteartesania.com\/de\/producto\/925-sterling-silber-paw-bowl-ringe-1-stein\/#breadcrumb","itemListElement":[{"@type":"ListItem","position":1,"name":"Portada","item":"https:\/\/www.arteartesania.com\/de\/"},{"@type":"ListItem","position":2,"name":"Shop online","item":"https:\/\/www.arteartesania.com\/de\/online-bastelladen\/"},{"@type":"ListItem","position":3,"name":"925 Sterling Silber Paw Bowl Ringe (1 Stein)"}]},{"@type":"WebSite","@id":"https:\/\/www.arteartesania.com\/de\/#website","url":"https:\/\/www.arteartesania.com\/de\/","name":"Arteartesania","description":"Original selecci\u00f3n de Artesan\u00eda Contempor\u00e1nea de Autor","publisher":{"@id":"https:\/\/www.arteartesania.com\/de\/#organization"},"potentialAction":[{"@type":"SearchAction","target":{"@type":"EntryPoint","urlTemplate":"https:\/\/www.arteartesania.com\/de\/?s={search_term_string}"},"query-input":{"@type":"PropertyValueSpecification","valueRequired":true,"valueName":"search_term_string"}}],"inLanguage":"de"},{"@type":"Organization","@id":"https:\/\/www.arteartesania.com\/de\/#organization","name":"Arteartesania","url":"https:\/\/www.arteartesania.com\/de\/","logo":{"@type":"ImageObject","inLanguage":"de","@id":"https:\/\/www.arteartesania.com\/de\/#\/schema\/logo\/image\/","url":"https:\/\/www.arteartesania.com\/wp-content\/uploads\/2019\/12\/cropped-logofooter.png","contentUrl":"https:\/\/www.arteartesania.com\/wp-content\/uploads\/2019\/12\/cropped-logofooter.png","width":539,"height":58,"caption":"Arteartesania"},"image":{"@id":"https:\/\/www.arteartesania.com\/de\/#\/schema\/logo\/image\/"}}]}},"_links":{"self":[{"href":"https:\/\/www.arteartesania.com\/de\/wp-json\/wp\/v2\/product\/5998"}],"collection":[{"href":"https:\/\/www.arteartesania.com\/de\/wp-json\/wp\/v2\/product"}],"about":[{"href":"https:\/\/www.arteartesania.com\/de\/wp-json\/wp\/v2\/types\/product"}],"replies":[{"embeddable":true,"href":"https:\/\/www.arteartesania.com\/de\/wp-json\/wp\/v2\/comments?post=5998"}],"wp:featuredmedia":[{"embeddable":true,"href":"https:\/\/www.arteartesania.com\/de\/wp-json\/wp\/v2\/media\/5990"}],"wp:attachment":[{"href":"https:\/\/www.arteartesania.com\/de\/wp-json\/wp\/v2\/media?parent=5998"}],"wp:term":[{"taxonomy":"product_cat","embeddable":true,"href":"https:\/\/www.arteartesania.com\/de\/wp-json\/wp\/v2\/product_cat?post=5998"},{"taxonomy":"product_tag","embeddable":true,"href":"https:\/\/www.arteartesania.com\/de\/wp-json\/wp\/v2\/product_tag?post=5998"}],"curies":[{"name":"wp","href":"https:\/\/api.w.org\/{rel}","templated":true}]}}