{"id":5967,"date":"2020-04-20T11:38:26","date_gmt":"2020-04-20T09:38:26","guid":{"rendered":"https:\/\/www.arteartesania.com\/producto\/ejercicios-aprovechamiento-energetico-y-fantasia\/"},"modified":"2020-05-17T15:34:19","modified_gmt":"2020-05-17T13:34:19","slug":"ejercicios-aprovechamiento-energetico-y-fantasia","status":"publish","type":"product","link":"https:\/\/www.arteartesania.com\/de\/producto\/ejercicios-aprovechamiento-energetico-y-fantasia\/","title":{"rendered":"\u00dcBUNGEN: ENERGIENUTZUNG UND FANTASIE   CARLOS TELLECHEA"},"content":{"rendered":"<p>Ovale Schachtel mit patinierter Scheide und Peseta<br \/>\nMATERIAL: Messing, Kupferoxid<br \/>\nGR\u00d6SSE: 13 cm (15 cm Scheide) x 5 cm x 10 cm hoch<br \/>\nEinzigartiges handgemachtes St\u00fcck von CARLOS TELLECHEA f\u00fcr ArteArtesania<br \/>\nVerfasser: Carlos Tellechea<\/p>\n<p>Diese St\u00fccke, die im Jahr 2020 hergestellt wurden, reflektieren die neuen M\u00f6glichkeiten, Energie zu nutzen, und die Wichtigkeit, die Fantasie in einem l\u00e4ngeren Verschluss aufrechtzuerhalten. Sie werden durch Recycling von Bronzeresten und einer Peseta hergestellt<\/p>\n<p>Kleines Format<\/p>\n","protected":false},"excerpt":{"rendered":"<p>Ovale Schachtel mit patinierter Scheide und Peseta<br \/>\nMATERIAL: Messing, Kupferoxid<br \/>\nGR\u00d6SSE: 13 cm (15 cm Scheide) x 5 cm x 10 cm hoch<br \/>\nEinzigartiges handgemachtes St\u00fcck von CARLOS TELLECHEA f\u00fcr ArteArtesania<br \/>\nVerfasser: Carlos Tellechea<\/p>\n<p>Diese St\u00fccke, die im Jahr 2020 hergestellt wurden, reflektieren die neuen M\u00f6glichkeiten, Energie zu nutzen, und die Wichtigkeit, die Fantasie in einem l\u00e4ngeren Verschluss aufrechtzuerhalten. Sie werden durch Recycling von Bronzeresten und einer Peseta hergestellt<\/p>\n<p>Kleines Format<\/p>\n","protected":false},"featured_media":5932,"comment_status":"closed","ping_status":"closed","template":"","meta":{"_acf_changed":false,"inline_featured_image":false},"product_cat":[213,218,510,252,599,260,504],"product_tag":[],"class_list":{"0":"post-5967","1":"product","2":"type-product","3":"status-publish","4":"has-post-thumbnail","6":"product_cat-art-de","7":"product_cat-carlos-tellechea-de","8":"product_cat-outlet-dekoration-skulptur","9":"product_cat-objekte","10":"product_cat-patina-de","11":"product_cat-recycelt","12":"product_cat-sale-de","14":"first","15":"instock","16":"shipping-taxable","17":"purchasable","18":"product-type-simple"},"acf":[],"yoast_head":"<!-- This site is optimized with the Yoast SEO plugin v23.6 - https:\/\/yoast.com\/wordpress\/plugins\/seo\/ -->\n<title>\u00dcBUNGEN: ENERGIENUTZUNG UND FANTASIE  CARLOS TELLECHEA - Arteartesania<\/title>\n<meta name=\"robots\" content=\"index, follow, max-snippet:-1, max-image-preview:large, max-video-preview:-1\" \/>\n<link rel=\"canonical\" href=\"https:\/\/www.arteartesania.com\/de\/producto\/ejercicios-aprovechamiento-energetico-y-fantasia\/\" \/>\n<meta property=\"og:locale\" content=\"de_DE\" \/>\n<meta property=\"og:type\" content=\"article\" \/>\n<meta property=\"og:title\" content=\"\u00dcBUNGEN: ENERGIENUTZUNG UND FANTASIE  CARLOS TELLECHEA - Arteartesania\" \/>\n<meta property=\"og:description\" content=\"Ovale Schachtel mit patinierter Scheide und Peseta MATERIAL: Messing, Kupferoxid GR\u00d6SSE: 13 cm (15 cm Scheide) x 5 cm x 10 cm hoch Einzigartiges handgemachtes St\u00fcck von CARLOS TELLECHEA f\u00fcr ArteArtesania Verfasser: Carlos Tellechea  Diese St\u00fccke, die im Jahr 2020 hergestellt wurden, reflektieren die neuen M\u00f6glichkeiten, Energie zu nutzen, und die Wichtigkeit, die Fantasie in einem l\u00e4ngeren Verschluss aufrechtzuerhalten. Sie werden durch Recycling von Bronzeresten und einer Peseta hergestellt  Kleines Format\" \/>\n<meta property=\"og:url\" content=\"https:\/\/www.arteartesania.com\/de\/producto\/ejercicios-aprovechamiento-energetico-y-fantasia\/\" \/>\n<meta property=\"og:site_name\" content=\"Arteartesania\" \/>\n<meta property=\"article:modified_time\" content=\"2020-05-17T13:34:19+00:00\" \/>\n<meta property=\"og:image\" content=\"https:\/\/www.arteartesania.com\/wp-content\/uploads\/2020\/04\/CAJA-VAINA-PATINADA-PESETA1.jpg\" \/>\n\t<meta property=\"og:image:width\" content=\"1200\" \/>\n\t<meta property=\"og:image:height\" content=\"1195\" \/>\n\t<meta property=\"og:image:type\" content=\"image\/jpeg\" \/>\n<meta name=\"twitter:card\" content=\"summary_large_image\" \/>\n<script type=\"application\/ld+json\" class=\"yoast-schema-graph\">{\"@context\":\"https:\/\/schema.org\",\"@graph\":[{\"@type\":\"WebPage\",\"@id\":\"https:\/\/www.arteartesania.com\/de\/producto\/ejercicios-aprovechamiento-energetico-y-fantasia\/\",\"url\":\"https:\/\/www.arteartesania.com\/de\/producto\/ejercicios-aprovechamiento-energetico-y-fantasia\/\",\"name\":\"\u00dcBUNGEN: ENERGIENUTZUNG UND FANTASIE CARLOS TELLECHEA - Arteartesania\",\"isPartOf\":{\"@id\":\"https:\/\/www.arteartesania.com\/de\/#website\"},\"primaryImageOfPage\":{\"@id\":\"https:\/\/www.arteartesania.com\/de\/producto\/ejercicios-aprovechamiento-energetico-y-fantasia\/#primaryimage\"},\"image\":{\"@id\":\"https:\/\/www.arteartesania.com\/de\/producto\/ejercicios-aprovechamiento-energetico-y-fantasia\/#primaryimage\"},\"thumbnailUrl\":\"https:\/\/www.arteartesania.com\/wp-content\/uploads\/2020\/04\/CAJA-VAINA-PATINADA-PESETA1.jpg\",\"datePublished\":\"2020-04-20T09:38:26+00:00\",\"dateModified\":\"2020-05-17T13:34:19+00:00\",\"breadcrumb\":{\"@id\":\"https:\/\/www.arteartesania.com\/de\/producto\/ejercicios-aprovechamiento-energetico-y-fantasia\/#breadcrumb\"},\"inLanguage\":\"de\",\"potentialAction\":[{\"@type\":\"ReadAction\",\"target\":[\"https:\/\/www.arteartesania.com\/de\/producto\/ejercicios-aprovechamiento-energetico-y-fantasia\/\"]}]},{\"@type\":\"ImageObject\",\"inLanguage\":\"de\",\"@id\":\"https:\/\/www.arteartesania.com\/de\/producto\/ejercicios-aprovechamiento-energetico-y-fantasia\/#primaryimage\",\"url\":\"https:\/\/www.arteartesania.com\/wp-content\/uploads\/2020\/04\/CAJA-VAINA-PATINADA-PESETA1.jpg\",\"contentUrl\":\"https:\/\/www.arteartesania.com\/wp-content\/uploads\/2020\/04\/CAJA-VAINA-PATINADA-PESETA1.jpg\",\"width\":1200,\"height\":1195},{\"@type\":\"BreadcrumbList\",\"@id\":\"https:\/\/www.arteartesania.com\/de\/producto\/ejercicios-aprovechamiento-energetico-y-fantasia\/#breadcrumb\",\"itemListElement\":[{\"@type\":\"ListItem\",\"position\":1,\"name\":\"Portada\",\"item\":\"https:\/\/www.arteartesania.com\/de\/\"},{\"@type\":\"ListItem\",\"position\":2,\"name\":\"Shop online\",\"item\":\"https:\/\/www.arteartesania.com\/de\/online-bastelladen\/\"},{\"@type\":\"ListItem\",\"position\":3,\"name\":\"\u00dcBUNGEN: ENERGIENUTZUNG UND FANTASIE CARLOS TELLECHEA\"}]},{\"@type\":\"WebSite\",\"@id\":\"https:\/\/www.arteartesania.com\/de\/#website\",\"url\":\"https:\/\/www.arteartesania.com\/de\/\",\"name\":\"Arteartesania\",\"description\":\"Original selecci\u00f3n de Artesan\u00eda Contempor\u00e1nea de Autor\",\"publisher\":{\"@id\":\"https:\/\/www.arteartesania.com\/de\/#organization\"},\"potentialAction\":[{\"@type\":\"SearchAction\",\"target\":{\"@type\":\"EntryPoint\",\"urlTemplate\":\"https:\/\/www.arteartesania.com\/de\/?s={search_term_string}\"},\"query-input\":{\"@type\":\"PropertyValueSpecification\",\"valueRequired\":true,\"valueName\":\"search_term_string\"}}],\"inLanguage\":\"de\"},{\"@type\":\"Organization\",\"@id\":\"https:\/\/www.arteartesania.com\/de\/#organization\",\"name\":\"Arteartesania\",\"url\":\"https:\/\/www.arteartesania.com\/de\/\",\"logo\":{\"@type\":\"ImageObject\",\"inLanguage\":\"de\",\"@id\":\"https:\/\/www.arteartesania.com\/de\/#\/schema\/logo\/image\/\",\"url\":\"https:\/\/www.arteartesania.com\/wp-content\/uploads\/2019\/12\/cropped-logofooter.png\",\"contentUrl\":\"https:\/\/www.arteartesania.com\/wp-content\/uploads\/2019\/12\/cropped-logofooter.png\",\"width\":539,\"height\":58,\"caption\":\"Arteartesania\"},\"image\":{\"@id\":\"https:\/\/www.arteartesania.com\/de\/#\/schema\/logo\/image\/\"}}]}<\/script>\n<!-- \/ Yoast SEO plugin. -->","yoast_head_json":{"title":"\u00dcBUNGEN: ENERGIENUTZUNG UND FANTASIE  CARLOS TELLECHEA - Arteartesania","robots":{"index":"index","follow":"follow","max-snippet":"max-snippet:-1","max-image-preview":"max-image-preview:large","max-video-preview":"max-video-preview:-1"},"canonical":"https:\/\/www.arteartesania.com\/de\/producto\/ejercicios-aprovechamiento-energetico-y-fantasia\/","og_locale":"de_DE","og_type":"article","og_title":"\u00dcBUNGEN: ENERGIENUTZUNG UND FANTASIE  CARLOS TELLECHEA - Arteartesania","og_description":"Ovale Schachtel mit patinierter Scheide und Peseta MATERIAL: Messing, Kupferoxid GR\u00d6SSE: 13 cm (15 cm Scheide) x 5 cm x 10 cm hoch Einzigartiges handgemachtes St\u00fcck von CARLOS TELLECHEA f\u00fcr ArteArtesania Verfasser: Carlos Tellechea  Diese St\u00fccke, die im Jahr 2020 hergestellt wurden, reflektieren die neuen M\u00f6glichkeiten, Energie zu nutzen, und die Wichtigkeit, die Fantasie in einem l\u00e4ngeren Verschluss aufrechtzuerhalten. Sie werden durch Recycling von Bronzeresten und einer Peseta hergestellt  Kleines Format","og_url":"https:\/\/www.arteartesania.com\/de\/producto\/ejercicios-aprovechamiento-energetico-y-fantasia\/","og_site_name":"Arteartesania","article_modified_time":"2020-05-17T13:34:19+00:00","og_image":[{"width":1200,"height":1195,"url":"https:\/\/www.arteartesania.com\/wp-content\/uploads\/2020\/04\/CAJA-VAINA-PATINADA-PESETA1.jpg","type":"image\/jpeg"}],"twitter_card":"summary_large_image","schema":{"@context":"https:\/\/schema.org","@graph":[{"@type":"WebPage","@id":"https:\/\/www.arteartesania.com\/de\/producto\/ejercicios-aprovechamiento-energetico-y-fantasia\/","url":"https:\/\/www.arteartesania.com\/de\/producto\/ejercicios-aprovechamiento-energetico-y-fantasia\/","name":"\u00dcBUNGEN: ENERGIENUTZUNG UND FANTASIE CARLOS TELLECHEA - Arteartesania","isPartOf":{"@id":"https:\/\/www.arteartesania.com\/de\/#website"},"primaryImageOfPage":{"@id":"https:\/\/www.arteartesania.com\/de\/producto\/ejercicios-aprovechamiento-energetico-y-fantasia\/#primaryimage"},"image":{"@id":"https:\/\/www.arteartesania.com\/de\/producto\/ejercicios-aprovechamiento-energetico-y-fantasia\/#primaryimage"},"thumbnailUrl":"https:\/\/www.arteartesania.com\/wp-content\/uploads\/2020\/04\/CAJA-VAINA-PATINADA-PESETA1.jpg","datePublished":"2020-04-20T09:38:26+00:00","dateModified":"2020-05-17T13:34:19+00:00","breadcrumb":{"@id":"https:\/\/www.arteartesania.com\/de\/producto\/ejercicios-aprovechamiento-energetico-y-fantasia\/#breadcrumb"},"inLanguage":"de","potentialAction":[{"@type":"ReadAction","target":["https:\/\/www.arteartesania.com\/de\/producto\/ejercicios-aprovechamiento-energetico-y-fantasia\/"]}]},{"@type":"ImageObject","inLanguage":"de","@id":"https:\/\/www.arteartesania.com\/de\/producto\/ejercicios-aprovechamiento-energetico-y-fantasia\/#primaryimage","url":"https:\/\/www.arteartesania.com\/wp-content\/uploads\/2020\/04\/CAJA-VAINA-PATINADA-PESETA1.jpg","contentUrl":"https:\/\/www.arteartesania.com\/wp-content\/uploads\/2020\/04\/CAJA-VAINA-PATINADA-PESETA1.jpg","width":1200,"height":1195},{"@type":"BreadcrumbList","@id":"https:\/\/www.arteartesania.com\/de\/producto\/ejercicios-aprovechamiento-energetico-y-fantasia\/#breadcrumb","itemListElement":[{"@type":"ListItem","position":1,"name":"Portada","item":"https:\/\/www.arteartesania.com\/de\/"},{"@type":"ListItem","position":2,"name":"Shop online","item":"https:\/\/www.arteartesania.com\/de\/online-bastelladen\/"},{"@type":"ListItem","position":3,"name":"\u00dcBUNGEN: ENERGIENUTZUNG UND FANTASIE CARLOS TELLECHEA"}]},{"@type":"WebSite","@id":"https:\/\/www.arteartesania.com\/de\/#website","url":"https:\/\/www.arteartesania.com\/de\/","name":"Arteartesania","description":"Original selecci\u00f3n de Artesan\u00eda Contempor\u00e1nea de Autor","publisher":{"@id":"https:\/\/www.arteartesania.com\/de\/#organization"},"potentialAction":[{"@type":"SearchAction","target":{"@type":"EntryPoint","urlTemplate":"https:\/\/www.arteartesania.com\/de\/?s={search_term_string}"},"query-input":{"@type":"PropertyValueSpecification","valueRequired":true,"valueName":"search_term_string"}}],"inLanguage":"de"},{"@type":"Organization","@id":"https:\/\/www.arteartesania.com\/de\/#organization","name":"Arteartesania","url":"https:\/\/www.arteartesania.com\/de\/","logo":{"@type":"ImageObject","inLanguage":"de","@id":"https:\/\/www.arteartesania.com\/de\/#\/schema\/logo\/image\/","url":"https:\/\/www.arteartesania.com\/wp-content\/uploads\/2019\/12\/cropped-logofooter.png","contentUrl":"https:\/\/www.arteartesania.com\/wp-content\/uploads\/2019\/12\/cropped-logofooter.png","width":539,"height":58,"caption":"Arteartesania"},"image":{"@id":"https:\/\/www.arteartesania.com\/de\/#\/schema\/logo\/image\/"}}]}},"_links":{"self":[{"href":"https:\/\/www.arteartesania.com\/de\/wp-json\/wp\/v2\/product\/5967"}],"collection":[{"href":"https:\/\/www.arteartesania.com\/de\/wp-json\/wp\/v2\/product"}],"about":[{"href":"https:\/\/www.arteartesania.com\/de\/wp-json\/wp\/v2\/types\/product"}],"replies":[{"embeddable":true,"href":"https:\/\/www.arteartesania.com\/de\/wp-json\/wp\/v2\/comments?post=5967"}],"wp:featuredmedia":[{"embeddable":true,"href":"https:\/\/www.arteartesania.com\/de\/wp-json\/wp\/v2\/media\/5932"}],"wp:attachment":[{"href":"https:\/\/www.arteartesania.com\/de\/wp-json\/wp\/v2\/media?parent=5967"}],"wp:term":[{"taxonomy":"product_cat","embeddable":true,"href":"https:\/\/www.arteartesania.com\/de\/wp-json\/wp\/v2\/product_cat?post=5967"},{"taxonomy":"product_tag","embeddable":true,"href":"https:\/\/www.arteartesania.com\/de\/wp-json\/wp\/v2\/product_tag?post=5967"}],"curies":[{"name":"wp","href":"https:\/\/api.w.org\/{rel}","templated":true}]}}