{"id":5920,"date":"2020-04-16T14:39:58","date_gmt":"2020-04-16T12:39:58","guid":{"rendered":"https:\/\/www.arteartesania.com\/producto\/ejercicios-sostenibilidad\/"},"modified":"2020-05-17T15:00:38","modified_gmt":"2020-05-17T13:00:38","slug":"ejercicios-sostenibilidad","status":"publish","type":"product","link":"https:\/\/www.arteartesania.com\/de\/producto\/ejercicios-sostenibilidad\/","title":{"rendered":"SERIE: &#8222;CONFINEMENT 2020&#8220; &#8222;NACHHALTIGKEITS\u00dcBUNGEN&#8220; Material: Messing, Bronze, recyceltes Glas"},"content":{"rendered":"<p>SERIE: &#8222;CONFINEMENT 2020&#8220;<br \/>\n&#8222;NACHHALTIGKEITS\u00dcBUNGEN&#8220;<br \/>\nMaterial: Messing, Bronze, recyceltes Glas<br \/>\nMa\u00dfe: 4 x 4 x 12 cm<br \/>\nVerfasser: Carlos Tellechea<\/p>\n<p>Diese St\u00fccke, die im Jahr 2020 hergestellt wurden, sprechen von der Schwierigkeit, das Gleichgewicht und die Werte in einem l\u00e4ngeren Zeitraum aufrechtzuerhalten, und werden durch Recycling von Gl\u00e4sern mit Sardellen und Resten von Bronze hergestellt<\/p>\n","protected":false},"excerpt":{"rendered":"<p>SERIE: &#8222;CONFINEMENT 2020&#8220;<br \/>\n&#8222;NACHHALTIGKEITS\u00dcBUNGEN&#8220;<br \/>\nMaterial: Messing, Bronze, recyceltes Glas<br \/>\nMa\u00dfe: 4 x 4 x 12 cm<br \/>\nVerfasser: Carlos Tellechea<\/p>\n<p>Diese St\u00fccke, die im Jahr 2020 hergestellt wurden, sprechen von der Schwierigkeit, das Gleichgewicht und die Werte in einem l\u00e4ngeren Zeitraum aufrechtzuerhalten, und werden durch Recycling von Gl\u00e4sern mit Sardellen und Resten von Bronze hergestellt<\/p>\n","protected":false},"featured_media":5906,"comment_status":"closed","ping_status":"closed","template":"","meta":{"_acf_changed":false,"inline_featured_image":false},"product_cat":[218,510,252,504],"product_tag":[],"class_list":{"0":"post-5920","1":"product","2":"type-product","3":"status-publish","4":"has-post-thumbnail","6":"product_cat-carlos-tellechea-de","7":"product_cat-outlet-dekoration-skulptur","8":"product_cat-objekte","9":"product_cat-sale-de","11":"first","12":"instock","13":"shipping-taxable","14":"purchasable","15":"product-type-simple"},"acf":[],"yoast_head":"<!-- This site is optimized with the Yoast SEO plugin v23.6 - https:\/\/yoast.com\/wordpress\/plugins\/seo\/ -->\n<title>SERIE: &quot;CONFINEMENT 2020&quot; &quot;NACHHALTIGKEITS\u00dcBUNGEN&quot; Material: Messing, Bronze, recyceltes Glas - Arteartesania<\/title>\n<meta name=\"robots\" content=\"index, follow, max-snippet:-1, max-image-preview:large, max-video-preview:-1\" \/>\n<link rel=\"canonical\" href=\"https:\/\/www.arteartesania.com\/de\/producto\/ejercicios-sostenibilidad\/\" \/>\n<meta property=\"og:locale\" content=\"de_DE\" \/>\n<meta property=\"og:type\" content=\"article\" \/>\n<meta property=\"og:title\" content=\"SERIE: &quot;CONFINEMENT 2020&quot; &quot;NACHHALTIGKEITS\u00dcBUNGEN&quot; Material: Messing, Bronze, recyceltes Glas - Arteartesania\" \/>\n<meta property=\"og:description\" content=\"SERIE: &quot;CONFINEMENT 2020&quot; &quot;NACHHALTIGKEITS\u00dcBUNGEN&quot; Material: Messing, Bronze, recyceltes Glas Ma\u00dfe: 4 x 4 x 12 cm Verfasser: Carlos Tellechea  Diese St\u00fccke, die im Jahr 2020 hergestellt wurden, sprechen von der Schwierigkeit, das Gleichgewicht und die Werte in einem l\u00e4ngeren Zeitraum aufrechtzuerhalten, und werden durch Recycling von Gl\u00e4sern mit Sardellen und Resten von Bronze hergestellt\" \/>\n<meta property=\"og:url\" content=\"https:\/\/www.arteartesania.com\/de\/producto\/ejercicios-sostenibilidad\/\" \/>\n<meta property=\"og:site_name\" content=\"Arteartesania\" \/>\n<meta property=\"article:modified_time\" content=\"2020-05-17T13:00:38+00:00\" \/>\n<meta property=\"og:image\" content=\"https:\/\/www.arteartesania.com\/wp-content\/uploads\/2020\/04\/CONFINAMIENTO_2020__EJERCICIOS_FRASCOS-DE-ANCHOAS2.jpg\" \/>\n\t<meta property=\"og:image:width\" content=\"1200\" \/>\n\t<meta property=\"og:image:height\" content=\"1096\" \/>\n\t<meta property=\"og:image:type\" content=\"image\/jpeg\" \/>\n<meta name=\"twitter:card\" content=\"summary_large_image\" \/>\n<script type=\"application\/ld+json\" class=\"yoast-schema-graph\">{\"@context\":\"https:\/\/schema.org\",\"@graph\":[{\"@type\":\"WebPage\",\"@id\":\"https:\/\/www.arteartesania.com\/de\/producto\/ejercicios-sostenibilidad\/\",\"url\":\"https:\/\/www.arteartesania.com\/de\/producto\/ejercicios-sostenibilidad\/\",\"name\":\"SERIE: \\\"CONFINEMENT 2020\\\" \\\"NACHHALTIGKEITS\u00dcBUNGEN\\\" Material: Messing, Bronze, recyceltes Glas - Arteartesania\",\"isPartOf\":{\"@id\":\"https:\/\/www.arteartesania.com\/de\/#website\"},\"primaryImageOfPage\":{\"@id\":\"https:\/\/www.arteartesania.com\/de\/producto\/ejercicios-sostenibilidad\/#primaryimage\"},\"image\":{\"@id\":\"https:\/\/www.arteartesania.com\/de\/producto\/ejercicios-sostenibilidad\/#primaryimage\"},\"thumbnailUrl\":\"https:\/\/www.arteartesania.com\/wp-content\/uploads\/2020\/04\/CONFINAMIENTO_2020__EJERCICIOS_FRASCOS-DE-ANCHOAS2.jpg\",\"datePublished\":\"2020-04-16T12:39:58+00:00\",\"dateModified\":\"2020-05-17T13:00:38+00:00\",\"breadcrumb\":{\"@id\":\"https:\/\/www.arteartesania.com\/de\/producto\/ejercicios-sostenibilidad\/#breadcrumb\"},\"inLanguage\":\"de\",\"potentialAction\":[{\"@type\":\"ReadAction\",\"target\":[\"https:\/\/www.arteartesania.com\/de\/producto\/ejercicios-sostenibilidad\/\"]}]},{\"@type\":\"ImageObject\",\"inLanguage\":\"de\",\"@id\":\"https:\/\/www.arteartesania.com\/de\/producto\/ejercicios-sostenibilidad\/#primaryimage\",\"url\":\"https:\/\/www.arteartesania.com\/wp-content\/uploads\/2020\/04\/CONFINAMIENTO_2020__EJERCICIOS_FRASCOS-DE-ANCHOAS2.jpg\",\"contentUrl\":\"https:\/\/www.arteartesania.com\/wp-content\/uploads\/2020\/04\/CONFINAMIENTO_2020__EJERCICIOS_FRASCOS-DE-ANCHOAS2.jpg\",\"width\":1200,\"height\":1096},{\"@type\":\"BreadcrumbList\",\"@id\":\"https:\/\/www.arteartesania.com\/de\/producto\/ejercicios-sostenibilidad\/#breadcrumb\",\"itemListElement\":[{\"@type\":\"ListItem\",\"position\":1,\"name\":\"Portada\",\"item\":\"https:\/\/www.arteartesania.com\/de\/\"},{\"@type\":\"ListItem\",\"position\":2,\"name\":\"Shop online\",\"item\":\"https:\/\/www.arteartesania.com\/de\/online-bastelladen\/\"},{\"@type\":\"ListItem\",\"position\":3,\"name\":\"SERIE: \u00abCONFINEMENT 2020\u00bb \u00abNACHHALTIGKEITS\u00dcBUNGEN\u00bb Material: Messing, Bronze, recyceltes Glas\"}]},{\"@type\":\"WebSite\",\"@id\":\"https:\/\/www.arteartesania.com\/de\/#website\",\"url\":\"https:\/\/www.arteartesania.com\/de\/\",\"name\":\"Arteartesania\",\"description\":\"Original selecci\u00f3n de Artesan\u00eda Contempor\u00e1nea de Autor\",\"publisher\":{\"@id\":\"https:\/\/www.arteartesania.com\/de\/#organization\"},\"potentialAction\":[{\"@type\":\"SearchAction\",\"target\":{\"@type\":\"EntryPoint\",\"urlTemplate\":\"https:\/\/www.arteartesania.com\/de\/?s={search_term_string}\"},\"query-input\":{\"@type\":\"PropertyValueSpecification\",\"valueRequired\":true,\"valueName\":\"search_term_string\"}}],\"inLanguage\":\"de\"},{\"@type\":\"Organization\",\"@id\":\"https:\/\/www.arteartesania.com\/de\/#organization\",\"name\":\"Arteartesania\",\"url\":\"https:\/\/www.arteartesania.com\/de\/\",\"logo\":{\"@type\":\"ImageObject\",\"inLanguage\":\"de\",\"@id\":\"https:\/\/www.arteartesania.com\/de\/#\/schema\/logo\/image\/\",\"url\":\"https:\/\/www.arteartesania.com\/wp-content\/uploads\/2019\/12\/cropped-logofooter.png\",\"contentUrl\":\"https:\/\/www.arteartesania.com\/wp-content\/uploads\/2019\/12\/cropped-logofooter.png\",\"width\":539,\"height\":58,\"caption\":\"Arteartesania\"},\"image\":{\"@id\":\"https:\/\/www.arteartesania.com\/de\/#\/schema\/logo\/image\/\"}}]}<\/script>\n<!-- \/ Yoast SEO plugin. -->","yoast_head_json":{"title":"SERIE: \"CONFINEMENT 2020\" \"NACHHALTIGKEITS\u00dcBUNGEN\" Material: Messing, Bronze, recyceltes Glas - Arteartesania","robots":{"index":"index","follow":"follow","max-snippet":"max-snippet:-1","max-image-preview":"max-image-preview:large","max-video-preview":"max-video-preview:-1"},"canonical":"https:\/\/www.arteartesania.com\/de\/producto\/ejercicios-sostenibilidad\/","og_locale":"de_DE","og_type":"article","og_title":"SERIE: \"CONFINEMENT 2020\" \"NACHHALTIGKEITS\u00dcBUNGEN\" Material: Messing, Bronze, recyceltes Glas - Arteartesania","og_description":"SERIE: \"CONFINEMENT 2020\" \"NACHHALTIGKEITS\u00dcBUNGEN\" Material: Messing, Bronze, recyceltes Glas Ma\u00dfe: 4 x 4 x 12 cm Verfasser: Carlos Tellechea  Diese St\u00fccke, die im Jahr 2020 hergestellt wurden, sprechen von der Schwierigkeit, das Gleichgewicht und die Werte in einem l\u00e4ngeren Zeitraum aufrechtzuerhalten, und werden durch Recycling von Gl\u00e4sern mit Sardellen und Resten von Bronze hergestellt","og_url":"https:\/\/www.arteartesania.com\/de\/producto\/ejercicios-sostenibilidad\/","og_site_name":"Arteartesania","article_modified_time":"2020-05-17T13:00:38+00:00","og_image":[{"width":1200,"height":1096,"url":"https:\/\/www.arteartesania.com\/wp-content\/uploads\/2020\/04\/CONFINAMIENTO_2020__EJERCICIOS_FRASCOS-DE-ANCHOAS2.jpg","type":"image\/jpeg"}],"twitter_card":"summary_large_image","schema":{"@context":"https:\/\/schema.org","@graph":[{"@type":"WebPage","@id":"https:\/\/www.arteartesania.com\/de\/producto\/ejercicios-sostenibilidad\/","url":"https:\/\/www.arteartesania.com\/de\/producto\/ejercicios-sostenibilidad\/","name":"SERIE: \"CONFINEMENT 2020\" \"NACHHALTIGKEITS\u00dcBUNGEN\" Material: Messing, Bronze, recyceltes Glas - Arteartesania","isPartOf":{"@id":"https:\/\/www.arteartesania.com\/de\/#website"},"primaryImageOfPage":{"@id":"https:\/\/www.arteartesania.com\/de\/producto\/ejercicios-sostenibilidad\/#primaryimage"},"image":{"@id":"https:\/\/www.arteartesania.com\/de\/producto\/ejercicios-sostenibilidad\/#primaryimage"},"thumbnailUrl":"https:\/\/www.arteartesania.com\/wp-content\/uploads\/2020\/04\/CONFINAMIENTO_2020__EJERCICIOS_FRASCOS-DE-ANCHOAS2.jpg","datePublished":"2020-04-16T12:39:58+00:00","dateModified":"2020-05-17T13:00:38+00:00","breadcrumb":{"@id":"https:\/\/www.arteartesania.com\/de\/producto\/ejercicios-sostenibilidad\/#breadcrumb"},"inLanguage":"de","potentialAction":[{"@type":"ReadAction","target":["https:\/\/www.arteartesania.com\/de\/producto\/ejercicios-sostenibilidad\/"]}]},{"@type":"ImageObject","inLanguage":"de","@id":"https:\/\/www.arteartesania.com\/de\/producto\/ejercicios-sostenibilidad\/#primaryimage","url":"https:\/\/www.arteartesania.com\/wp-content\/uploads\/2020\/04\/CONFINAMIENTO_2020__EJERCICIOS_FRASCOS-DE-ANCHOAS2.jpg","contentUrl":"https:\/\/www.arteartesania.com\/wp-content\/uploads\/2020\/04\/CONFINAMIENTO_2020__EJERCICIOS_FRASCOS-DE-ANCHOAS2.jpg","width":1200,"height":1096},{"@type":"BreadcrumbList","@id":"https:\/\/www.arteartesania.com\/de\/producto\/ejercicios-sostenibilidad\/#breadcrumb","itemListElement":[{"@type":"ListItem","position":1,"name":"Portada","item":"https:\/\/www.arteartesania.com\/de\/"},{"@type":"ListItem","position":2,"name":"Shop online","item":"https:\/\/www.arteartesania.com\/de\/online-bastelladen\/"},{"@type":"ListItem","position":3,"name":"SERIE: \u00abCONFINEMENT 2020\u00bb \u00abNACHHALTIGKEITS\u00dcBUNGEN\u00bb Material: Messing, Bronze, recyceltes Glas"}]},{"@type":"WebSite","@id":"https:\/\/www.arteartesania.com\/de\/#website","url":"https:\/\/www.arteartesania.com\/de\/","name":"Arteartesania","description":"Original selecci\u00f3n de Artesan\u00eda Contempor\u00e1nea de Autor","publisher":{"@id":"https:\/\/www.arteartesania.com\/de\/#organization"},"potentialAction":[{"@type":"SearchAction","target":{"@type":"EntryPoint","urlTemplate":"https:\/\/www.arteartesania.com\/de\/?s={search_term_string}"},"query-input":{"@type":"PropertyValueSpecification","valueRequired":true,"valueName":"search_term_string"}}],"inLanguage":"de"},{"@type":"Organization","@id":"https:\/\/www.arteartesania.com\/de\/#organization","name":"Arteartesania","url":"https:\/\/www.arteartesania.com\/de\/","logo":{"@type":"ImageObject","inLanguage":"de","@id":"https:\/\/www.arteartesania.com\/de\/#\/schema\/logo\/image\/","url":"https:\/\/www.arteartesania.com\/wp-content\/uploads\/2019\/12\/cropped-logofooter.png","contentUrl":"https:\/\/www.arteartesania.com\/wp-content\/uploads\/2019\/12\/cropped-logofooter.png","width":539,"height":58,"caption":"Arteartesania"},"image":{"@id":"https:\/\/www.arteartesania.com\/de\/#\/schema\/logo\/image\/"}}]}},"_links":{"self":[{"href":"https:\/\/www.arteartesania.com\/de\/wp-json\/wp\/v2\/product\/5920"}],"collection":[{"href":"https:\/\/www.arteartesania.com\/de\/wp-json\/wp\/v2\/product"}],"about":[{"href":"https:\/\/www.arteartesania.com\/de\/wp-json\/wp\/v2\/types\/product"}],"replies":[{"embeddable":true,"href":"https:\/\/www.arteartesania.com\/de\/wp-json\/wp\/v2\/comments?post=5920"}],"wp:featuredmedia":[{"embeddable":true,"href":"https:\/\/www.arteartesania.com\/de\/wp-json\/wp\/v2\/media\/5906"}],"wp:attachment":[{"href":"https:\/\/www.arteartesania.com\/de\/wp-json\/wp\/v2\/media?parent=5920"}],"wp:term":[{"taxonomy":"product_cat","embeddable":true,"href":"https:\/\/www.arteartesania.com\/de\/wp-json\/wp\/v2\/product_cat?post=5920"},{"taxonomy":"product_tag","embeddable":true,"href":"https:\/\/www.arteartesania.com\/de\/wp-json\/wp\/v2\/product_tag?post=5920"}],"curies":[{"name":"wp","href":"https:\/\/api.w.org\/{rel}","templated":true}]}}