{"id":5363,"date":"2020-01-08T14:26:22","date_gmt":"2020-01-08T13:26:22","guid":{"rendered":"http:\/\/www.arteartesania.com\/producto\/anillo-cala-florentina-con-pan-de-oro\/"},"modified":"2021-05-26T18:07:11","modified_gmt":"2021-05-26T16:07:11","slug":"anillo-cala-florentina-con-pan-de-oro","status":"publish","type":"product","link":"https:\/\/www.arteartesania.com\/de\/producto\/anillo-cala-florentina-con-pan-de-oro\/","title":{"rendered":"Ring mit 5 verschiedenen Callas"},"content":{"rendered":"<p>Zeile: &#8222;Calas de Oro&#8220;<br \/>\nST\u00dcCK: Ring mit 5 verschiedenen Callas<br \/>\nMATERIAL: Sterling Silber und Gold Anwendung 22 kt.<\/p>\n<p>Einzigartiges handgemachtes St\u00fcck von CARLOS TELLECHEA f\u00fcr ArteArtesania<\/p>\n<p><em><strong>Herstellungstechnik, verwendete Materialien:<\/strong><\/em><\/p>\n<p><span style=\"font-weight: 400\">Die Blumen werden ausgehend von Draht und Silberplatte 925 hergestellt. Das Blatt wird in verschiedene Richtungen gefaltet, bis der K\u00f6rper der Blume erhalten ist, an den ein kleiner Drahtstempel geschwei\u00dft ist, der in einer Kugel endet.<\/span><\/p>\n<p><span style=\"font-weight: 400\">Sobald die Blumen in verschiedenen Gr\u00f6\u00dfen hergestellt sind, werden sie kombiniert, um die verschiedenen St\u00fccke der Sammlung, Armb\u00e4nder, Ohrringe, Ringe usw. zu erhalten.<\/span><\/p>\n<p><span style=\"font-weight: 400\">Die gesamte Kollektion besteht aus 925er Silber und ist mit 22 Karat Blattgold im Kelch der Blume versehen.<\/span><\/p>\n","protected":false},"excerpt":{"rendered":"<p>Zeile: &#8222;Calas de Oro&#8220;<br \/>\nST\u00dcCK: Ring mit 5 verschiedenen Callas<br \/>\nMATERIAL: Sterling Silber und Gold Anwendung 22 kt.<\/p>\n<p>Einzigartiges handgemachtes St\u00fcck von CARLOS TELLECHEA f\u00fcr ArteArtesania<\/p>\n<p>El anillo es abierto y su talla ajustable<br \/>\nEscoja entra S, M y L o ind\u00edquenos su talla de anillo y le enviaremos uno a medida<\/p>\n","protected":false},"featured_media":5368,"comment_status":"closed","ping_status":"closed","template":"","meta":{"_acf_changed":false,"inline_featured_image":false},"product_cat":[218,293,244,243],"product_tag":[350,296],"class_list":{"0":"post-5363","1":"product","2":"type-product","3":"status-publish","4":"has-post-thumbnail","6":"product_cat-carlos-tellechea-de","7":"product_cat-las-calas-de-oro-de","8":"product_cat-ringe","9":"product_cat-schmuck","10":"product_tag-carlostellechea-soller-mallorca-joyeria-arteartesania-de","11":"product_tag-calas-de-oro-de","13":"first","14":"instock","15":"featured","16":"shipping-taxable","17":"purchasable","18":"product-type-simple"},"acf":[],"yoast_head":"<!-- This site is optimized with the Yoast SEO plugin v23.6 - https:\/\/yoast.com\/wordpress\/plugins\/seo\/ -->\n<title>Anillo Cala Florentina con pan de oro - Coleccion Calas - Carlos Tellechea<\/title>\n<meta name=\"robots\" content=\"index, follow, max-snippet:-1, max-image-preview:large, max-video-preview:-1\" \/>\n<link rel=\"canonical\" href=\"https:\/\/www.arteartesania.com\/de\/producto\/anillo-cala-florentina-con-pan-de-oro\/\" \/>\n<meta property=\"og:locale\" content=\"de_DE\" \/>\n<meta property=\"og:type\" content=\"article\" \/>\n<meta property=\"og:title\" content=\"Anillo Cala Florentina con pan de oro - Coleccion Calas - Carlos Tellechea\" \/>\n<meta property=\"og:description\" content=\"Zeile: &quot;Calas de Oro&quot; ST\u00dcCK: Ring mit 5 verschiedenen Callas MATERIAL: Sterling Silber und Gold Anwendung 22 kt.  Einzigartiges handgemachtes St\u00fcck von CARLOS TELLECHEA f\u00fcr ArteArtesania  El anillo es abierto y su talla ajustable Escoja entra S, M y L o ind\u00edquenos su talla de anillo y le enviaremos uno a medida\" \/>\n<meta property=\"og:url\" content=\"https:\/\/www.arteartesania.com\/de\/producto\/anillo-cala-florentina-con-pan-de-oro\/\" \/>\n<meta property=\"og:site_name\" content=\"Arteartesania\" \/>\n<meta property=\"article:modified_time\" content=\"2021-05-26T16:07:11+00:00\" \/>\n<meta property=\"og:image\" content=\"https:\/\/www.arteartesania.com\/wp-content\/uploads\/2020\/01\/il_794xN.1770061288_fypo.jpg\" \/>\n\t<meta property=\"og:image:width\" content=\"794\" \/>\n\t<meta property=\"og:image:height\" content=\"794\" \/>\n\t<meta property=\"og:image:type\" content=\"image\/jpeg\" \/>\n<meta name=\"twitter:card\" content=\"summary_large_image\" \/>\n<meta name=\"twitter:label1\" content=\"Gesch\u00e4tzte Lesezeit\" \/>\n\t<meta name=\"twitter:data1\" content=\"1\u00a0Minute\" \/>\n<script type=\"application\/ld+json\" class=\"yoast-schema-graph\">{\"@context\":\"https:\/\/schema.org\",\"@graph\":[{\"@type\":\"WebPage\",\"@id\":\"https:\/\/www.arteartesania.com\/de\/producto\/anillo-cala-florentina-con-pan-de-oro\/\",\"url\":\"https:\/\/www.arteartesania.com\/de\/producto\/anillo-cala-florentina-con-pan-de-oro\/\",\"name\":\"Anillo Cala Florentina con pan de oro - Coleccion Calas - Carlos Tellechea\",\"isPartOf\":{\"@id\":\"https:\/\/www.arteartesania.com\/de\/#website\"},\"primaryImageOfPage\":{\"@id\":\"https:\/\/www.arteartesania.com\/de\/producto\/anillo-cala-florentina-con-pan-de-oro\/#primaryimage\"},\"image\":{\"@id\":\"https:\/\/www.arteartesania.com\/de\/producto\/anillo-cala-florentina-con-pan-de-oro\/#primaryimage\"},\"thumbnailUrl\":\"https:\/\/www.arteartesania.com\/wp-content\/uploads\/2020\/01\/il_794xN.1770061288_fypo.jpg\",\"datePublished\":\"2020-01-08T13:26:22+00:00\",\"dateModified\":\"2021-05-26T16:07:11+00:00\",\"breadcrumb\":{\"@id\":\"https:\/\/www.arteartesania.com\/de\/producto\/anillo-cala-florentina-con-pan-de-oro\/#breadcrumb\"},\"inLanguage\":\"de\",\"potentialAction\":[{\"@type\":\"ReadAction\",\"target\":[\"https:\/\/www.arteartesania.com\/de\/producto\/anillo-cala-florentina-con-pan-de-oro\/\"]}]},{\"@type\":\"ImageObject\",\"inLanguage\":\"de\",\"@id\":\"https:\/\/www.arteartesania.com\/de\/producto\/anillo-cala-florentina-con-pan-de-oro\/#primaryimage\",\"url\":\"https:\/\/www.arteartesania.com\/wp-content\/uploads\/2020\/01\/il_794xN.1770061288_fypo.jpg\",\"contentUrl\":\"https:\/\/www.arteartesania.com\/wp-content\/uploads\/2020\/01\/il_794xN.1770061288_fypo.jpg\",\"width\":794,\"height\":794,\"caption\":\"anillo flor grande, anillo flores oro, carlos tellechea, Anillo flores cala oro, anillo artesanal plata, joyer\u00eda de autor\"},{\"@type\":\"BreadcrumbList\",\"@id\":\"https:\/\/www.arteartesania.com\/de\/producto\/anillo-cala-florentina-con-pan-de-oro\/#breadcrumb\",\"itemListElement\":[{\"@type\":\"ListItem\",\"position\":1,\"name\":\"Portada\",\"item\":\"https:\/\/www.arteartesania.com\/de\/\"},{\"@type\":\"ListItem\",\"position\":2,\"name\":\"Shop online\",\"item\":\"https:\/\/www.arteartesania.com\/de\/online-bastelladen\/\"},{\"@type\":\"ListItem\",\"position\":3,\"name\":\"Ring mit 5 verschiedenen Callas\"}]},{\"@type\":\"WebSite\",\"@id\":\"https:\/\/www.arteartesania.com\/de\/#website\",\"url\":\"https:\/\/www.arteartesania.com\/de\/\",\"name\":\"Arteartesania\",\"description\":\"Original selecci\u00f3n de Artesan\u00eda Contempor\u00e1nea de Autor\",\"publisher\":{\"@id\":\"https:\/\/www.arteartesania.com\/de\/#organization\"},\"potentialAction\":[{\"@type\":\"SearchAction\",\"target\":{\"@type\":\"EntryPoint\",\"urlTemplate\":\"https:\/\/www.arteartesania.com\/de\/?s={search_term_string}\"},\"query-input\":{\"@type\":\"PropertyValueSpecification\",\"valueRequired\":true,\"valueName\":\"search_term_string\"}}],\"inLanguage\":\"de\"},{\"@type\":\"Organization\",\"@id\":\"https:\/\/www.arteartesania.com\/de\/#organization\",\"name\":\"Arteartesania\",\"url\":\"https:\/\/www.arteartesania.com\/de\/\",\"logo\":{\"@type\":\"ImageObject\",\"inLanguage\":\"de\",\"@id\":\"https:\/\/www.arteartesania.com\/de\/#\/schema\/logo\/image\/\",\"url\":\"https:\/\/www.arteartesania.com\/wp-content\/uploads\/2019\/12\/cropped-logofooter.png\",\"contentUrl\":\"https:\/\/www.arteartesania.com\/wp-content\/uploads\/2019\/12\/cropped-logofooter.png\",\"width\":539,\"height\":58,\"caption\":\"Arteartesania\"},\"image\":{\"@id\":\"https:\/\/www.arteartesania.com\/de\/#\/schema\/logo\/image\/\"}}]}<\/script>\n<!-- \/ Yoast SEO plugin. -->","yoast_head_json":{"title":"Anillo Cala Florentina con pan de oro - Coleccion Calas - Carlos Tellechea","robots":{"index":"index","follow":"follow","max-snippet":"max-snippet:-1","max-image-preview":"max-image-preview:large","max-video-preview":"max-video-preview:-1"},"canonical":"https:\/\/www.arteartesania.com\/de\/producto\/anillo-cala-florentina-con-pan-de-oro\/","og_locale":"de_DE","og_type":"article","og_title":"Anillo Cala Florentina con pan de oro - Coleccion Calas - Carlos Tellechea","og_description":"Zeile: \"Calas de Oro\" ST\u00dcCK: Ring mit 5 verschiedenen Callas MATERIAL: Sterling Silber und Gold Anwendung 22 kt.  Einzigartiges handgemachtes St\u00fcck von CARLOS TELLECHEA f\u00fcr ArteArtesania  El anillo es abierto y su talla ajustable Escoja entra S, M y L o ind\u00edquenos su talla de anillo y le enviaremos uno a medida","og_url":"https:\/\/www.arteartesania.com\/de\/producto\/anillo-cala-florentina-con-pan-de-oro\/","og_site_name":"Arteartesania","article_modified_time":"2021-05-26T16:07:11+00:00","og_image":[{"width":794,"height":794,"url":"https:\/\/www.arteartesania.com\/wp-content\/uploads\/2020\/01\/il_794xN.1770061288_fypo.jpg","type":"image\/jpeg"}],"twitter_card":"summary_large_image","twitter_misc":{"Gesch\u00e4tzte Lesezeit":"1\u00a0Minute"},"schema":{"@context":"https:\/\/schema.org","@graph":[{"@type":"WebPage","@id":"https:\/\/www.arteartesania.com\/de\/producto\/anillo-cala-florentina-con-pan-de-oro\/","url":"https:\/\/www.arteartesania.com\/de\/producto\/anillo-cala-florentina-con-pan-de-oro\/","name":"Anillo Cala Florentina con pan de oro - Coleccion Calas - Carlos Tellechea","isPartOf":{"@id":"https:\/\/www.arteartesania.com\/de\/#website"},"primaryImageOfPage":{"@id":"https:\/\/www.arteartesania.com\/de\/producto\/anillo-cala-florentina-con-pan-de-oro\/#primaryimage"},"image":{"@id":"https:\/\/www.arteartesania.com\/de\/producto\/anillo-cala-florentina-con-pan-de-oro\/#primaryimage"},"thumbnailUrl":"https:\/\/www.arteartesania.com\/wp-content\/uploads\/2020\/01\/il_794xN.1770061288_fypo.jpg","datePublished":"2020-01-08T13:26:22+00:00","dateModified":"2021-05-26T16:07:11+00:00","breadcrumb":{"@id":"https:\/\/www.arteartesania.com\/de\/producto\/anillo-cala-florentina-con-pan-de-oro\/#breadcrumb"},"inLanguage":"de","potentialAction":[{"@type":"ReadAction","target":["https:\/\/www.arteartesania.com\/de\/producto\/anillo-cala-florentina-con-pan-de-oro\/"]}]},{"@type":"ImageObject","inLanguage":"de","@id":"https:\/\/www.arteartesania.com\/de\/producto\/anillo-cala-florentina-con-pan-de-oro\/#primaryimage","url":"https:\/\/www.arteartesania.com\/wp-content\/uploads\/2020\/01\/il_794xN.1770061288_fypo.jpg","contentUrl":"https:\/\/www.arteartesania.com\/wp-content\/uploads\/2020\/01\/il_794xN.1770061288_fypo.jpg","width":794,"height":794,"caption":"anillo flor grande, anillo flores oro, carlos tellechea, Anillo flores cala oro, anillo artesanal plata, joyer\u00eda de autor"},{"@type":"BreadcrumbList","@id":"https:\/\/www.arteartesania.com\/de\/producto\/anillo-cala-florentina-con-pan-de-oro\/#breadcrumb","itemListElement":[{"@type":"ListItem","position":1,"name":"Portada","item":"https:\/\/www.arteartesania.com\/de\/"},{"@type":"ListItem","position":2,"name":"Shop online","item":"https:\/\/www.arteartesania.com\/de\/online-bastelladen\/"},{"@type":"ListItem","position":3,"name":"Ring mit 5 verschiedenen Callas"}]},{"@type":"WebSite","@id":"https:\/\/www.arteartesania.com\/de\/#website","url":"https:\/\/www.arteartesania.com\/de\/","name":"Arteartesania","description":"Original selecci\u00f3n de Artesan\u00eda Contempor\u00e1nea de Autor","publisher":{"@id":"https:\/\/www.arteartesania.com\/de\/#organization"},"potentialAction":[{"@type":"SearchAction","target":{"@type":"EntryPoint","urlTemplate":"https:\/\/www.arteartesania.com\/de\/?s={search_term_string}"},"query-input":{"@type":"PropertyValueSpecification","valueRequired":true,"valueName":"search_term_string"}}],"inLanguage":"de"},{"@type":"Organization","@id":"https:\/\/www.arteartesania.com\/de\/#organization","name":"Arteartesania","url":"https:\/\/www.arteartesania.com\/de\/","logo":{"@type":"ImageObject","inLanguage":"de","@id":"https:\/\/www.arteartesania.com\/de\/#\/schema\/logo\/image\/","url":"https:\/\/www.arteartesania.com\/wp-content\/uploads\/2019\/12\/cropped-logofooter.png","contentUrl":"https:\/\/www.arteartesania.com\/wp-content\/uploads\/2019\/12\/cropped-logofooter.png","width":539,"height":58,"caption":"Arteartesania"},"image":{"@id":"https:\/\/www.arteartesania.com\/de\/#\/schema\/logo\/image\/"}}]}},"_links":{"self":[{"href":"https:\/\/www.arteartesania.com\/de\/wp-json\/wp\/v2\/product\/5363"}],"collection":[{"href":"https:\/\/www.arteartesania.com\/de\/wp-json\/wp\/v2\/product"}],"about":[{"href":"https:\/\/www.arteartesania.com\/de\/wp-json\/wp\/v2\/types\/product"}],"replies":[{"embeddable":true,"href":"https:\/\/www.arteartesania.com\/de\/wp-json\/wp\/v2\/comments?post=5363"}],"wp:featuredmedia":[{"embeddable":true,"href":"https:\/\/www.arteartesania.com\/de\/wp-json\/wp\/v2\/media\/5368"}],"wp:attachment":[{"href":"https:\/\/www.arteartesania.com\/de\/wp-json\/wp\/v2\/media?parent=5363"}],"wp:term":[{"taxonomy":"product_cat","embeddable":true,"href":"https:\/\/www.arteartesania.com\/de\/wp-json\/wp\/v2\/product_cat?post=5363"},{"taxonomy":"product_tag","embeddable":true,"href":"https:\/\/www.arteartesania.com\/de\/wp-json\/wp\/v2\/product_tag?post=5363"}],"curies":[{"name":"wp","href":"https:\/\/api.w.org\/{rel}","templated":true}]}}