{"id":5323,"date":"2020-01-29T13:06:09","date_gmt":"2020-01-29T12:06:09","guid":{"rendered":"http:\/\/www.arteartesania.com\/producto\/anillo-hojas-cala-mediano-de-plata-con-pan-de-oro\/"},"modified":"2020-05-16T19:05:13","modified_gmt":"2020-05-16T17:05:13","slug":"ring-medium-leaf-with-calla-lily-leaf-of-silver-with-leaf-gold","status":"publish","type":"product","link":"https:\/\/www.arteartesania.com\/de\/producto\/ring-medium-leaf-with-calla-lily-leaf-of-silver-with-leaf-gold\/","title":{"rendered":"Mittlerer Silberblatt- und Calla-Ring mit 22 kt Blattgold-Anwendung.   Verfasser: Carlos Tellechea"},"content":{"rendered":"<p>Mittlerer Silberblatt- und Calla-Ring mit 22 kt Blattgold-Anwendung.<\/p>\n<p>Der Ring ist verstellbarGolden Leaves and Callas Collection<br \/>\nMaterial: Gold, Silber<\/p>\n<p>Verfasser: Carlos Tellechea<\/p>\n","protected":false},"excerpt":{"rendered":"<div class=\"display-flex-xs pt-xs-1 pb-xs-1 ml-xs-1 ml-md-0\">\n<p>Mittlerer Silberblatt- und Calla-Ring mit 22 kt Blattgold-Anwendung.<\/p>\n<p>Der Ring ist verstellbarGolden Leaves and Callas Collection<br \/>\nMaterial: Gold, Silber<\/p>\n<p>Verfasser: Carlos Tellechea<\/p>\n<\/div>\n","protected":false},"featured_media":5324,"comment_status":"closed","ping_status":"closed","template":"","meta":{"_acf_changed":false,"inline_featured_image":false},"product_cat":[218,244,243],"product_tag":[439,455,589,350,296],"class_list":{"0":"post-5323","1":"product","2":"type-product","3":"status-publish","4":"has-post-thumbnail","6":"product_cat-carlos-tellechea-de","7":"product_cat-ringe","8":"product_cat-schmuck","9":"product_tag-anillo-de","10":"product_tag-arteartesania-2-de","11":"product_tag-carlostellechea-arteartesania-soller-mallorca-confinamiento-de","12":"product_tag-carlostellechea-soller-mallorca-joyeria-arteartesania-de","13":"product_tag-calas-de-oro-de","15":"first","16":"instock","17":"shipping-taxable","18":"purchasable","19":"product-type-simple"},"acf":[],"yoast_head":"<!-- This site is optimized with the Yoast SEO plugin v23.6 - https:\/\/yoast.com\/wordpress\/plugins\/seo\/ -->\n<title>Mittlerer Silberblatt- und Calla-Ring mit 22 kt Blattgold-Anwendung.  Verfasser: Carlos Tellechea - Arteartesania<\/title>\n<meta name=\"robots\" content=\"index, follow, max-snippet:-1, max-image-preview:large, max-video-preview:-1\" \/>\n<link rel=\"canonical\" href=\"https:\/\/www.arteartesania.com\/de\/producto\/ring-medium-leaf-with-calla-lily-leaf-of-silver-with-leaf-gold\/\" \/>\n<meta property=\"og:locale\" content=\"de_DE\" \/>\n<meta property=\"og:type\" content=\"article\" \/>\n<meta property=\"og:title\" content=\"Mittlerer Silberblatt- und Calla-Ring mit 22 kt Blattgold-Anwendung.  Verfasser: Carlos Tellechea - Arteartesania\" \/>\n<meta property=\"og:description\" content=\"Mittlerer Silberblatt- und Calla-Ring mit 22 kt Blattgold-Anwendung.  Der Ring ist verstellbarGolden Leaves and Callas Collection Material: Gold, Silber  Verfasser: Carlos Tellechea\" \/>\n<meta property=\"og:url\" content=\"https:\/\/www.arteartesania.com\/de\/producto\/ring-medium-leaf-with-calla-lily-leaf-of-silver-with-leaf-gold\/\" \/>\n<meta property=\"og:site_name\" content=\"Arteartesania\" \/>\n<meta property=\"article:modified_time\" content=\"2020-05-16T17:05:13+00:00\" \/>\n<meta property=\"og:image\" content=\"https:\/\/www.arteartesania.com\/wp-content\/uploads\/2020\/01\/il_794xN.2133354050_8zrq.jpg\" \/>\n\t<meta property=\"og:image:width\" content=\"794\" \/>\n\t<meta property=\"og:image:height\" content=\"794\" \/>\n\t<meta property=\"og:image:type\" content=\"image\/jpeg\" \/>\n<meta name=\"twitter:card\" content=\"summary_large_image\" \/>\n<script type=\"application\/ld+json\" class=\"yoast-schema-graph\">{\"@context\":\"https:\/\/schema.org\",\"@graph\":[{\"@type\":\"WebPage\",\"@id\":\"https:\/\/www.arteartesania.com\/de\/producto\/ring-medium-leaf-with-calla-lily-leaf-of-silver-with-leaf-gold\/\",\"url\":\"https:\/\/www.arteartesania.com\/de\/producto\/ring-medium-leaf-with-calla-lily-leaf-of-silver-with-leaf-gold\/\",\"name\":\"Mittlerer Silberblatt- und Calla-Ring mit 22 kt Blattgold-Anwendung. Verfasser: Carlos Tellechea - Arteartesania\",\"isPartOf\":{\"@id\":\"https:\/\/www.arteartesania.com\/de\/#website\"},\"primaryImageOfPage\":{\"@id\":\"https:\/\/www.arteartesania.com\/de\/producto\/ring-medium-leaf-with-calla-lily-leaf-of-silver-with-leaf-gold\/#primaryimage\"},\"image\":{\"@id\":\"https:\/\/www.arteartesania.com\/de\/producto\/ring-medium-leaf-with-calla-lily-leaf-of-silver-with-leaf-gold\/#primaryimage\"},\"thumbnailUrl\":\"https:\/\/www.arteartesania.com\/wp-content\/uploads\/2020\/01\/il_794xN.2133354050_8zrq.jpg\",\"datePublished\":\"2020-01-29T12:06:09+00:00\",\"dateModified\":\"2020-05-16T17:05:13+00:00\",\"breadcrumb\":{\"@id\":\"https:\/\/www.arteartesania.com\/de\/producto\/ring-medium-leaf-with-calla-lily-leaf-of-silver-with-leaf-gold\/#breadcrumb\"},\"inLanguage\":\"de\",\"potentialAction\":[{\"@type\":\"ReadAction\",\"target\":[\"https:\/\/www.arteartesania.com\/de\/producto\/ring-medium-leaf-with-calla-lily-leaf-of-silver-with-leaf-gold\/\"]}]},{\"@type\":\"ImageObject\",\"inLanguage\":\"de\",\"@id\":\"https:\/\/www.arteartesania.com\/de\/producto\/ring-medium-leaf-with-calla-lily-leaf-of-silver-with-leaf-gold\/#primaryimage\",\"url\":\"https:\/\/www.arteartesania.com\/wp-content\/uploads\/2020\/01\/il_794xN.2133354050_8zrq.jpg\",\"contentUrl\":\"https:\/\/www.arteartesania.com\/wp-content\/uploads\/2020\/01\/il_794xN.2133354050_8zrq.jpg\",\"width\":794,\"height\":794,\"caption\":\"anillo hojas abierto plata, anillo abierto plata, anillo flor grande, anillo flores oro, carlos tellechea, Anillo flores cala oro, anillo artesanal plata, joyer\u00eda de autor\"},{\"@type\":\"BreadcrumbList\",\"@id\":\"https:\/\/www.arteartesania.com\/de\/producto\/ring-medium-leaf-with-calla-lily-leaf-of-silver-with-leaf-gold\/#breadcrumb\",\"itemListElement\":[{\"@type\":\"ListItem\",\"position\":1,\"name\":\"Portada\",\"item\":\"https:\/\/www.arteartesania.com\/de\/\"},{\"@type\":\"ListItem\",\"position\":2,\"name\":\"Shop online\",\"item\":\"https:\/\/www.arteartesania.com\/de\/online-bastelladen\/\"},{\"@type\":\"ListItem\",\"position\":3,\"name\":\"Mittlerer Silberblatt- und Calla-Ring mit 22 kt Blattgold-Anwendung. Verfasser: Carlos Tellechea\"}]},{\"@type\":\"WebSite\",\"@id\":\"https:\/\/www.arteartesania.com\/de\/#website\",\"url\":\"https:\/\/www.arteartesania.com\/de\/\",\"name\":\"Arteartesania\",\"description\":\"Original selecci\u00f3n de Artesan\u00eda Contempor\u00e1nea de Autor\",\"publisher\":{\"@id\":\"https:\/\/www.arteartesania.com\/de\/#organization\"},\"potentialAction\":[{\"@type\":\"SearchAction\",\"target\":{\"@type\":\"EntryPoint\",\"urlTemplate\":\"https:\/\/www.arteartesania.com\/de\/?s={search_term_string}\"},\"query-input\":{\"@type\":\"PropertyValueSpecification\",\"valueRequired\":true,\"valueName\":\"search_term_string\"}}],\"inLanguage\":\"de\"},{\"@type\":\"Organization\",\"@id\":\"https:\/\/www.arteartesania.com\/de\/#organization\",\"name\":\"Arteartesania\",\"url\":\"https:\/\/www.arteartesania.com\/de\/\",\"logo\":{\"@type\":\"ImageObject\",\"inLanguage\":\"de\",\"@id\":\"https:\/\/www.arteartesania.com\/de\/#\/schema\/logo\/image\/\",\"url\":\"https:\/\/www.arteartesania.com\/wp-content\/uploads\/2019\/12\/cropped-logofooter.png\",\"contentUrl\":\"https:\/\/www.arteartesania.com\/wp-content\/uploads\/2019\/12\/cropped-logofooter.png\",\"width\":539,\"height\":58,\"caption\":\"Arteartesania\"},\"image\":{\"@id\":\"https:\/\/www.arteartesania.com\/de\/#\/schema\/logo\/image\/\"}}]}<\/script>\n<!-- \/ Yoast SEO plugin. -->","yoast_head_json":{"title":"Mittlerer Silberblatt- und Calla-Ring mit 22 kt Blattgold-Anwendung.  Verfasser: Carlos Tellechea - Arteartesania","robots":{"index":"index","follow":"follow","max-snippet":"max-snippet:-1","max-image-preview":"max-image-preview:large","max-video-preview":"max-video-preview:-1"},"canonical":"https:\/\/www.arteartesania.com\/de\/producto\/ring-medium-leaf-with-calla-lily-leaf-of-silver-with-leaf-gold\/","og_locale":"de_DE","og_type":"article","og_title":"Mittlerer Silberblatt- und Calla-Ring mit 22 kt Blattgold-Anwendung.  Verfasser: Carlos Tellechea - Arteartesania","og_description":"Mittlerer Silberblatt- und Calla-Ring mit 22 kt Blattgold-Anwendung.  Der Ring ist verstellbarGolden Leaves and Callas Collection Material: Gold, Silber  Verfasser: Carlos Tellechea","og_url":"https:\/\/www.arteartesania.com\/de\/producto\/ring-medium-leaf-with-calla-lily-leaf-of-silver-with-leaf-gold\/","og_site_name":"Arteartesania","article_modified_time":"2020-05-16T17:05:13+00:00","og_image":[{"width":794,"height":794,"url":"https:\/\/www.arteartesania.com\/wp-content\/uploads\/2020\/01\/il_794xN.2133354050_8zrq.jpg","type":"image\/jpeg"}],"twitter_card":"summary_large_image","schema":{"@context":"https:\/\/schema.org","@graph":[{"@type":"WebPage","@id":"https:\/\/www.arteartesania.com\/de\/producto\/ring-medium-leaf-with-calla-lily-leaf-of-silver-with-leaf-gold\/","url":"https:\/\/www.arteartesania.com\/de\/producto\/ring-medium-leaf-with-calla-lily-leaf-of-silver-with-leaf-gold\/","name":"Mittlerer Silberblatt- und Calla-Ring mit 22 kt Blattgold-Anwendung. Verfasser: Carlos Tellechea - Arteartesania","isPartOf":{"@id":"https:\/\/www.arteartesania.com\/de\/#website"},"primaryImageOfPage":{"@id":"https:\/\/www.arteartesania.com\/de\/producto\/ring-medium-leaf-with-calla-lily-leaf-of-silver-with-leaf-gold\/#primaryimage"},"image":{"@id":"https:\/\/www.arteartesania.com\/de\/producto\/ring-medium-leaf-with-calla-lily-leaf-of-silver-with-leaf-gold\/#primaryimage"},"thumbnailUrl":"https:\/\/www.arteartesania.com\/wp-content\/uploads\/2020\/01\/il_794xN.2133354050_8zrq.jpg","datePublished":"2020-01-29T12:06:09+00:00","dateModified":"2020-05-16T17:05:13+00:00","breadcrumb":{"@id":"https:\/\/www.arteartesania.com\/de\/producto\/ring-medium-leaf-with-calla-lily-leaf-of-silver-with-leaf-gold\/#breadcrumb"},"inLanguage":"de","potentialAction":[{"@type":"ReadAction","target":["https:\/\/www.arteartesania.com\/de\/producto\/ring-medium-leaf-with-calla-lily-leaf-of-silver-with-leaf-gold\/"]}]},{"@type":"ImageObject","inLanguage":"de","@id":"https:\/\/www.arteartesania.com\/de\/producto\/ring-medium-leaf-with-calla-lily-leaf-of-silver-with-leaf-gold\/#primaryimage","url":"https:\/\/www.arteartesania.com\/wp-content\/uploads\/2020\/01\/il_794xN.2133354050_8zrq.jpg","contentUrl":"https:\/\/www.arteartesania.com\/wp-content\/uploads\/2020\/01\/il_794xN.2133354050_8zrq.jpg","width":794,"height":794,"caption":"anillo hojas abierto plata, anillo abierto plata, anillo flor grande, anillo flores oro, carlos tellechea, Anillo flores cala oro, anillo artesanal plata, joyer\u00eda de autor"},{"@type":"BreadcrumbList","@id":"https:\/\/www.arteartesania.com\/de\/producto\/ring-medium-leaf-with-calla-lily-leaf-of-silver-with-leaf-gold\/#breadcrumb","itemListElement":[{"@type":"ListItem","position":1,"name":"Portada","item":"https:\/\/www.arteartesania.com\/de\/"},{"@type":"ListItem","position":2,"name":"Shop online","item":"https:\/\/www.arteartesania.com\/de\/online-bastelladen\/"},{"@type":"ListItem","position":3,"name":"Mittlerer Silberblatt- und Calla-Ring mit 22 kt Blattgold-Anwendung. Verfasser: Carlos Tellechea"}]},{"@type":"WebSite","@id":"https:\/\/www.arteartesania.com\/de\/#website","url":"https:\/\/www.arteartesania.com\/de\/","name":"Arteartesania","description":"Original selecci\u00f3n de Artesan\u00eda Contempor\u00e1nea de Autor","publisher":{"@id":"https:\/\/www.arteartesania.com\/de\/#organization"},"potentialAction":[{"@type":"SearchAction","target":{"@type":"EntryPoint","urlTemplate":"https:\/\/www.arteartesania.com\/de\/?s={search_term_string}"},"query-input":{"@type":"PropertyValueSpecification","valueRequired":true,"valueName":"search_term_string"}}],"inLanguage":"de"},{"@type":"Organization","@id":"https:\/\/www.arteartesania.com\/de\/#organization","name":"Arteartesania","url":"https:\/\/www.arteartesania.com\/de\/","logo":{"@type":"ImageObject","inLanguage":"de","@id":"https:\/\/www.arteartesania.com\/de\/#\/schema\/logo\/image\/","url":"https:\/\/www.arteartesania.com\/wp-content\/uploads\/2019\/12\/cropped-logofooter.png","contentUrl":"https:\/\/www.arteartesania.com\/wp-content\/uploads\/2019\/12\/cropped-logofooter.png","width":539,"height":58,"caption":"Arteartesania"},"image":{"@id":"https:\/\/www.arteartesania.com\/de\/#\/schema\/logo\/image\/"}}]}},"_links":{"self":[{"href":"https:\/\/www.arteartesania.com\/de\/wp-json\/wp\/v2\/product\/5323"}],"collection":[{"href":"https:\/\/www.arteartesania.com\/de\/wp-json\/wp\/v2\/product"}],"about":[{"href":"https:\/\/www.arteartesania.com\/de\/wp-json\/wp\/v2\/types\/product"}],"replies":[{"embeddable":true,"href":"https:\/\/www.arteartesania.com\/de\/wp-json\/wp\/v2\/comments?post=5323"}],"wp:featuredmedia":[{"embeddable":true,"href":"https:\/\/www.arteartesania.com\/de\/wp-json\/wp\/v2\/media\/5324"}],"wp:attachment":[{"href":"https:\/\/www.arteartesania.com\/de\/wp-json\/wp\/v2\/media?parent=5323"}],"wp:term":[{"taxonomy":"product_cat","embeddable":true,"href":"https:\/\/www.arteartesania.com\/de\/wp-json\/wp\/v2\/product_cat?post=5323"},{"taxonomy":"product_tag","embeddable":true,"href":"https:\/\/www.arteartesania.com\/de\/wp-json\/wp\/v2\/product_tag?post=5323"}],"curies":[{"name":"wp","href":"https:\/\/api.w.org\/{rel}","templated":true}]}}