{"id":5092,"date":"2020-02-21T10:42:01","date_gmt":"2020-02-21T09:42:01","guid":{"rendered":"http:\/\/www.arteartesania.com\/producto\/tetera-azul-peces\/"},"modified":"2021-01-18T17:40:15","modified_gmt":"2021-01-18T16:40:15","slug":"tetera-azul-peces","status":"publish","type":"product","link":"https:\/\/www.arteartesania.com\/de\/producto\/tetera-azul-peces\/","title":{"rendered":"Keramik &#8222;Blaue Teekanne mit Fisch&#8220;  TETEREAS-Serie  Verfasser: Rosa luis Elordui"},"content":{"rendered":"<p>Keramik &#8222;Blaue Teekanne mit Fisch&#8220;<\/p>\n<p>TETEREAS-Serie<\/p>\n<p>Verfasser: Rosa luis Elordui<\/p>\n<p>Material: Keramik (Feuerfestes Steinzeug)<\/p>\n<p>Ma\u00dfe: 42 x 22 x 14 cm<\/p>\n<p>Jahr 2005<\/p>\n<p>Feuerfester Ton, in einem Gasofen bei 1.280 \u00b0 C gebrannt<br \/>\nHergestellt aus Tellern und verziert mit Porzellan-Slip, Metalloxiden und Siebdrucken.<\/p>\n<p>ROSA LUIS ELORDUI Geboren am 6. August 1958 in Mungu\u00eda (Vizcaya). Sie studierte Keramik an der Barcelona Industrial School und der offiziellen Keramikschule in Madrid und schloss ihre Ausbildung mit Seminaren und Kursen ab.<\/p>\n","protected":false},"excerpt":{"rendered":"<p>Keramik &#8222;Blaue Teekanne mit Fisch&#8220;<\/p>\n<p>TETEREAS-Serie<\/p>\n<p>Verfasser: Rosa luis Elordui<\/p>\n<p>Material: Keramik (Feuerfestes Steinzeug)<\/p>\n<p>Ma\u00dfe: 42 x 22 x 14 cm<\/p>\n<p>Jahr 2005<\/p>\n<p><span style=\"font-size: 1rem\">Material: cer\u00e1mica (Gres refractario)<\/span><\/p>\n<p>Medidas: 42 x 20 x 12 cms<\/p>\n<p>A\u00f1o: 2005<\/p>\n","protected":false},"featured_media":5098,"comment_status":"closed","ping_status":"closed","template":"","meta":{"_acf_changed":false,"inline_featured_image":false},"product_cat":[213,256,252,234],"product_tag":[],"class_list":{"0":"post-5092","1":"product","2":"type-product","3":"status-publish","4":"has-post-thumbnail","6":"product_cat-art-de","7":"product_cat-keramik","8":"product_cat-objekte","9":"product_cat-rosa-elordui-de","10":"product_shipping_class-paquetes-grandes-pesados-de","12":"first","13":"outofstock","14":"sale","15":"shipping-taxable","16":"purchasable","17":"product-type-simple"},"acf":[],"yoast_head":"<!-- This site is optimized with the Yoast SEO plugin v23.6 - https:\/\/yoast.com\/wordpress\/plugins\/seo\/ -->\n<title>Tetera Azul peces - Pieza de cer\u00e1mica de Rosa Elordui - Arteartesania<\/title>\n<meta name=\"robots\" content=\"index, follow, max-snippet:-1, max-image-preview:large, max-video-preview:-1\" \/>\n<link rel=\"canonical\" href=\"https:\/\/www.arteartesania.com\/de\/producto\/tetera-azul-peces\/\" \/>\n<meta property=\"og:locale\" content=\"de_DE\" \/>\n<meta property=\"og:type\" content=\"article\" \/>\n<meta property=\"og:title\" content=\"Tetera Azul peces - Pieza de cer\u00e1mica de Rosa Elordui - Arteartesania\" \/>\n<meta property=\"og:description\" content=\"Keramik &quot;Blaue Teekanne mit Fisch&quot;  TETEREAS-Serie  Verfasser: Rosa luis Elordui  Material: Keramik (Feuerfestes Steinzeug)  Ma\u00dfe: 42 x 22 x 14 cm  Jahr 2005  Material: cer\u00e1mica (Gres refractario)  Medidas: 42 x 20 x 12 cms  A\u00f1o: 2005\" \/>\n<meta property=\"og:url\" content=\"https:\/\/www.arteartesania.com\/de\/producto\/tetera-azul-peces\/\" \/>\n<meta property=\"og:site_name\" content=\"Arteartesania\" \/>\n<meta property=\"article:modified_time\" content=\"2021-01-18T16:40:15+00:00\" \/>\n<meta property=\"og:image\" content=\"https:\/\/www.arteartesania.com\/wp-content\/uploads\/2020\/02\/OBJ_RE_TETERA_AZUL_PECES-3.jpg\" \/>\n\t<meta property=\"og:image:width\" content=\"420\" \/>\n\t<meta property=\"og:image:height\" content=\"420\" \/>\n\t<meta property=\"og:image:type\" content=\"image\/jpeg\" \/>\n<meta name=\"twitter:card\" content=\"summary_large_image\" \/>\n<script type=\"application\/ld+json\" class=\"yoast-schema-graph\">{\"@context\":\"https:\/\/schema.org\",\"@graph\":[{\"@type\":\"WebPage\",\"@id\":\"https:\/\/www.arteartesania.com\/de\/producto\/tetera-azul-peces\/\",\"url\":\"https:\/\/www.arteartesania.com\/de\/producto\/tetera-azul-peces\/\",\"name\":\"Tetera Azul peces - Pieza de cer\u00e1mica de Rosa Elordui - Arteartesania\",\"isPartOf\":{\"@id\":\"https:\/\/www.arteartesania.com\/de\/#website\"},\"primaryImageOfPage\":{\"@id\":\"https:\/\/www.arteartesania.com\/de\/producto\/tetera-azul-peces\/#primaryimage\"},\"image\":{\"@id\":\"https:\/\/www.arteartesania.com\/de\/producto\/tetera-azul-peces\/#primaryimage\"},\"thumbnailUrl\":\"https:\/\/www.arteartesania.com\/wp-content\/uploads\/2020\/02\/OBJ_RE_TETERA_AZUL_PECES-3.jpg\",\"datePublished\":\"2020-02-21T09:42:01+00:00\",\"dateModified\":\"2021-01-18T16:40:15+00:00\",\"breadcrumb\":{\"@id\":\"https:\/\/www.arteartesania.com\/de\/producto\/tetera-azul-peces\/#breadcrumb\"},\"inLanguage\":\"de\",\"potentialAction\":[{\"@type\":\"ReadAction\",\"target\":[\"https:\/\/www.arteartesania.com\/de\/producto\/tetera-azul-peces\/\"]}]},{\"@type\":\"ImageObject\",\"inLanguage\":\"de\",\"@id\":\"https:\/\/www.arteartesania.com\/de\/producto\/tetera-azul-peces\/#primaryimage\",\"url\":\"https:\/\/www.arteartesania.com\/wp-content\/uploads\/2020\/02\/OBJ_RE_TETERA_AZUL_PECES-3.jpg\",\"contentUrl\":\"https:\/\/www.arteartesania.com\/wp-content\/uploads\/2020\/02\/OBJ_RE_TETERA_AZUL_PECES-3.jpg\",\"width\":420,\"height\":420,\"caption\":\"rosa luis elordui cer\u00e1mica\"},{\"@type\":\"BreadcrumbList\",\"@id\":\"https:\/\/www.arteartesania.com\/de\/producto\/tetera-azul-peces\/#breadcrumb\",\"itemListElement\":[{\"@type\":\"ListItem\",\"position\":1,\"name\":\"Portada\",\"item\":\"https:\/\/www.arteartesania.com\/de\/\"},{\"@type\":\"ListItem\",\"position\":2,\"name\":\"Shop online\",\"item\":\"https:\/\/www.arteartesania.com\/de\/online-bastelladen\/\"},{\"@type\":\"ListItem\",\"position\":3,\"name\":\"Keramik \u00abBlaue Teekanne mit Fisch\u00bb TETEREAS-Serie Verfasser: Rosa luis Elordui\"}]},{\"@type\":\"WebSite\",\"@id\":\"https:\/\/www.arteartesania.com\/de\/#website\",\"url\":\"https:\/\/www.arteartesania.com\/de\/\",\"name\":\"Arteartesania\",\"description\":\"Original selecci\u00f3n de Artesan\u00eda Contempor\u00e1nea de Autor\",\"publisher\":{\"@id\":\"https:\/\/www.arteartesania.com\/de\/#organization\"},\"potentialAction\":[{\"@type\":\"SearchAction\",\"target\":{\"@type\":\"EntryPoint\",\"urlTemplate\":\"https:\/\/www.arteartesania.com\/de\/?s={search_term_string}\"},\"query-input\":{\"@type\":\"PropertyValueSpecification\",\"valueRequired\":true,\"valueName\":\"search_term_string\"}}],\"inLanguage\":\"de\"},{\"@type\":\"Organization\",\"@id\":\"https:\/\/www.arteartesania.com\/de\/#organization\",\"name\":\"Arteartesania\",\"url\":\"https:\/\/www.arteartesania.com\/de\/\",\"logo\":{\"@type\":\"ImageObject\",\"inLanguage\":\"de\",\"@id\":\"https:\/\/www.arteartesania.com\/de\/#\/schema\/logo\/image\/\",\"url\":\"https:\/\/www.arteartesania.com\/wp-content\/uploads\/2019\/12\/cropped-logofooter.png\",\"contentUrl\":\"https:\/\/www.arteartesania.com\/wp-content\/uploads\/2019\/12\/cropped-logofooter.png\",\"width\":539,\"height\":58,\"caption\":\"Arteartesania\"},\"image\":{\"@id\":\"https:\/\/www.arteartesania.com\/de\/#\/schema\/logo\/image\/\"}}]}<\/script>\n<!-- \/ Yoast SEO plugin. -->","yoast_head_json":{"title":"Tetera Azul peces - Pieza de cer\u00e1mica de Rosa Elordui - Arteartesania","robots":{"index":"index","follow":"follow","max-snippet":"max-snippet:-1","max-image-preview":"max-image-preview:large","max-video-preview":"max-video-preview:-1"},"canonical":"https:\/\/www.arteartesania.com\/de\/producto\/tetera-azul-peces\/","og_locale":"de_DE","og_type":"article","og_title":"Tetera Azul peces - Pieza de cer\u00e1mica de Rosa Elordui - Arteartesania","og_description":"Keramik \"Blaue Teekanne mit Fisch\"  TETEREAS-Serie  Verfasser: Rosa luis Elordui  Material: Keramik (Feuerfestes Steinzeug)  Ma\u00dfe: 42 x 22 x 14 cm  Jahr 2005  Material: cer\u00e1mica (Gres refractario)  Medidas: 42 x 20 x 12 cms  A\u00f1o: 2005","og_url":"https:\/\/www.arteartesania.com\/de\/producto\/tetera-azul-peces\/","og_site_name":"Arteartesania","article_modified_time":"2021-01-18T16:40:15+00:00","og_image":[{"width":420,"height":420,"url":"https:\/\/www.arteartesania.com\/wp-content\/uploads\/2020\/02\/OBJ_RE_TETERA_AZUL_PECES-3.jpg","type":"image\/jpeg"}],"twitter_card":"summary_large_image","schema":{"@context":"https:\/\/schema.org","@graph":[{"@type":"WebPage","@id":"https:\/\/www.arteartesania.com\/de\/producto\/tetera-azul-peces\/","url":"https:\/\/www.arteartesania.com\/de\/producto\/tetera-azul-peces\/","name":"Tetera Azul peces - Pieza de cer\u00e1mica de Rosa Elordui - Arteartesania","isPartOf":{"@id":"https:\/\/www.arteartesania.com\/de\/#website"},"primaryImageOfPage":{"@id":"https:\/\/www.arteartesania.com\/de\/producto\/tetera-azul-peces\/#primaryimage"},"image":{"@id":"https:\/\/www.arteartesania.com\/de\/producto\/tetera-azul-peces\/#primaryimage"},"thumbnailUrl":"https:\/\/www.arteartesania.com\/wp-content\/uploads\/2020\/02\/OBJ_RE_TETERA_AZUL_PECES-3.jpg","datePublished":"2020-02-21T09:42:01+00:00","dateModified":"2021-01-18T16:40:15+00:00","breadcrumb":{"@id":"https:\/\/www.arteartesania.com\/de\/producto\/tetera-azul-peces\/#breadcrumb"},"inLanguage":"de","potentialAction":[{"@type":"ReadAction","target":["https:\/\/www.arteartesania.com\/de\/producto\/tetera-azul-peces\/"]}]},{"@type":"ImageObject","inLanguage":"de","@id":"https:\/\/www.arteartesania.com\/de\/producto\/tetera-azul-peces\/#primaryimage","url":"https:\/\/www.arteartesania.com\/wp-content\/uploads\/2020\/02\/OBJ_RE_TETERA_AZUL_PECES-3.jpg","contentUrl":"https:\/\/www.arteartesania.com\/wp-content\/uploads\/2020\/02\/OBJ_RE_TETERA_AZUL_PECES-3.jpg","width":420,"height":420,"caption":"rosa luis elordui cer\u00e1mica"},{"@type":"BreadcrumbList","@id":"https:\/\/www.arteartesania.com\/de\/producto\/tetera-azul-peces\/#breadcrumb","itemListElement":[{"@type":"ListItem","position":1,"name":"Portada","item":"https:\/\/www.arteartesania.com\/de\/"},{"@type":"ListItem","position":2,"name":"Shop online","item":"https:\/\/www.arteartesania.com\/de\/online-bastelladen\/"},{"@type":"ListItem","position":3,"name":"Keramik \u00abBlaue Teekanne mit Fisch\u00bb TETEREAS-Serie Verfasser: Rosa luis Elordui"}]},{"@type":"WebSite","@id":"https:\/\/www.arteartesania.com\/de\/#website","url":"https:\/\/www.arteartesania.com\/de\/","name":"Arteartesania","description":"Original selecci\u00f3n de Artesan\u00eda Contempor\u00e1nea de Autor","publisher":{"@id":"https:\/\/www.arteartesania.com\/de\/#organization"},"potentialAction":[{"@type":"SearchAction","target":{"@type":"EntryPoint","urlTemplate":"https:\/\/www.arteartesania.com\/de\/?s={search_term_string}"},"query-input":{"@type":"PropertyValueSpecification","valueRequired":true,"valueName":"search_term_string"}}],"inLanguage":"de"},{"@type":"Organization","@id":"https:\/\/www.arteartesania.com\/de\/#organization","name":"Arteartesania","url":"https:\/\/www.arteartesania.com\/de\/","logo":{"@type":"ImageObject","inLanguage":"de","@id":"https:\/\/www.arteartesania.com\/de\/#\/schema\/logo\/image\/","url":"https:\/\/www.arteartesania.com\/wp-content\/uploads\/2019\/12\/cropped-logofooter.png","contentUrl":"https:\/\/www.arteartesania.com\/wp-content\/uploads\/2019\/12\/cropped-logofooter.png","width":539,"height":58,"caption":"Arteartesania"},"image":{"@id":"https:\/\/www.arteartesania.com\/de\/#\/schema\/logo\/image\/"}}]}},"_links":{"self":[{"href":"https:\/\/www.arteartesania.com\/de\/wp-json\/wp\/v2\/product\/5092"}],"collection":[{"href":"https:\/\/www.arteartesania.com\/de\/wp-json\/wp\/v2\/product"}],"about":[{"href":"https:\/\/www.arteartesania.com\/de\/wp-json\/wp\/v2\/types\/product"}],"replies":[{"embeddable":true,"href":"https:\/\/www.arteartesania.com\/de\/wp-json\/wp\/v2\/comments?post=5092"}],"wp:featuredmedia":[{"embeddable":true,"href":"https:\/\/www.arteartesania.com\/de\/wp-json\/wp\/v2\/media\/5098"}],"wp:attachment":[{"href":"https:\/\/www.arteartesania.com\/de\/wp-json\/wp\/v2\/media?parent=5092"}],"wp:term":[{"taxonomy":"product_cat","embeddable":true,"href":"https:\/\/www.arteartesania.com\/de\/wp-json\/wp\/v2\/product_cat?post=5092"},{"taxonomy":"product_tag","embeddable":true,"href":"https:\/\/www.arteartesania.com\/de\/wp-json\/wp\/v2\/product_tag?post=5092"}],"curies":[{"name":"wp","href":"https:\/\/api.w.org\/{rel}","templated":true}]}}