{"id":5087,"date":"2020-02-21T10:42:12","date_gmt":"2020-02-21T09:42:12","guid":{"rendered":"http:\/\/www.arteartesania.com\/producto\/tetera-te-jo\/"},"modified":"2021-01-18T17:35:41","modified_gmt":"2021-01-18T16:35:41","slug":"tetera-te-jo","status":"publish","type":"product","link":"https:\/\/www.arteartesania.com\/de\/producto\/tetera-te-jo\/","title":{"rendered":"Keramik &#8222;Te-Jo Teekanne&#8220;  TETEREAS-Serie  Verfasser: Rosa luis Elordui"},"content":{"rendered":"<p>Keramik &#8222;Te-Jo Teekanne&#8220;<\/p>\n<p>TETEREAS-Serie<\/p>\n<p>Verfasser: Rosa luis Elordui<\/p>\n<p>Material: Keramik (Feuerfestes Steinzeug)<\/p>\n<p>Ma\u00dfe: 42 x 22 x 14 cm<\/p>\n<p>Jahr 2005<\/p>\n<p>Feuerfester Ton, in einem Gasofen bei 1.280 \u00b0 C gebrannt<br \/>\nHergestellt aus Tellern und verziert mit Porzellan-Slip, Metalloxiden und Siebdrucken.<\/p>\n<p>ROSA LUIS ELORDUI Geboren am 6. August 1958 in Mungu\u00eda (Vizcaya). Sie studierte Keramik an der Barcelona Industrial School und der offiziellen Keramikschule in Madrid und schloss ihre Ausbildung mit Seminaren und Kursen ab.<\/p>\n<p>&nbsp;<\/p>\n","protected":false},"excerpt":{"rendered":"<p>Keramik &#8222;Te-Jo Teekanne&#8220;<\/p>\n<p>TETEREAS-Serie<\/p>\n<p>Verfasser: Rosa luis Elordui<\/p>\n<p>Material: Keramik (Feuerfestes Steinzeug)<\/p>\n<p>Ma\u00dfe: 42 x 22 x 14 cm<\/p>\n<p>Jahr 2005<\/p>\n","protected":false},"featured_media":5090,"comment_status":"closed","ping_status":"closed","template":"","meta":{"_acf_changed":false,"inline_featured_image":false},"product_cat":[213,510,256,252,234,504],"product_tag":[486,487,488],"class_list":{"0":"post-5087","1":"product","2":"type-product","3":"status-publish","4":"has-post-thumbnail","6":"product_cat-art-de","7":"product_cat-outlet-dekoration-skulptur","8":"product_cat-keramik","9":"product_cat-objekte","10":"product_cat-rosa-elordui-de","11":"product_cat-sale-de","12":"product_tag-objetos-de","13":"product_tag-ceramica-de","14":"product_tag-rosa-elordui-de","16":"first","17":"instock","18":"sale","19":"shipping-taxable","20":"purchasable","21":"product-type-simple"},"acf":[],"yoast_head":"<!-- This site is optimized with the Yoast SEO plugin v23.6 - https:\/\/yoast.com\/wordpress\/plugins\/seo\/ -->\n<title>Tetera Te-Jo - Pieza de cer\u00e1mica de Rosa Elordui - Arteartesania<\/title>\n<meta name=\"robots\" content=\"index, follow, max-snippet:-1, max-image-preview:large, max-video-preview:-1\" \/>\n<link rel=\"canonical\" href=\"https:\/\/www.arteartesania.com\/de\/producto\/tetera-te-jo\/\" \/>\n<meta property=\"og:locale\" content=\"de_DE\" \/>\n<meta property=\"og:type\" content=\"article\" \/>\n<meta property=\"og:title\" content=\"Tetera Te-Jo - Pieza de cer\u00e1mica de Rosa Elordui - Arteartesania\" \/>\n<meta property=\"og:description\" content=\"Keramik &quot;Te-Jo Teekanne&quot;  TETEREAS-Serie  Verfasser: Rosa luis Elordui  Material: Keramik (Feuerfestes Steinzeug)  Ma\u00dfe: 42 x 22 x 14 cm  Jahr 2005\" \/>\n<meta property=\"og:url\" content=\"https:\/\/www.arteartesania.com\/de\/producto\/tetera-te-jo\/\" \/>\n<meta property=\"og:site_name\" content=\"Arteartesania\" \/>\n<meta property=\"article:modified_time\" content=\"2021-01-18T16:35:41+00:00\" \/>\n<meta property=\"og:image\" content=\"https:\/\/www.arteartesania.com\/wp-content\/uploads\/2020\/02\/ROSA_TETERA_TE-JO_2.jpg\" \/>\n\t<meta property=\"og:image:width\" content=\"1200\" \/>\n\t<meta property=\"og:image:height\" content=\"1341\" \/>\n\t<meta property=\"og:image:type\" content=\"image\/jpeg\" \/>\n<meta name=\"twitter:card\" content=\"summary_large_image\" \/>\n<script type=\"application\/ld+json\" class=\"yoast-schema-graph\">{\"@context\":\"https:\/\/schema.org\",\"@graph\":[{\"@type\":\"WebPage\",\"@id\":\"https:\/\/www.arteartesania.com\/de\/producto\/tetera-te-jo\/\",\"url\":\"https:\/\/www.arteartesania.com\/de\/producto\/tetera-te-jo\/\",\"name\":\"Tetera Te-Jo - Pieza de cer\u00e1mica de Rosa Elordui - Arteartesania\",\"isPartOf\":{\"@id\":\"https:\/\/www.arteartesania.com\/de\/#website\"},\"primaryImageOfPage\":{\"@id\":\"https:\/\/www.arteartesania.com\/de\/producto\/tetera-te-jo\/#primaryimage\"},\"image\":{\"@id\":\"https:\/\/www.arteartesania.com\/de\/producto\/tetera-te-jo\/#primaryimage\"},\"thumbnailUrl\":\"https:\/\/www.arteartesania.com\/wp-content\/uploads\/2020\/02\/ROSA_TETERA_TE-JO_2.jpg\",\"datePublished\":\"2020-02-21T09:42:12+00:00\",\"dateModified\":\"2021-01-18T16:35:41+00:00\",\"breadcrumb\":{\"@id\":\"https:\/\/www.arteartesania.com\/de\/producto\/tetera-te-jo\/#breadcrumb\"},\"inLanguage\":\"de\",\"potentialAction\":[{\"@type\":\"ReadAction\",\"target\":[\"https:\/\/www.arteartesania.com\/de\/producto\/tetera-te-jo\/\"]}]},{\"@type\":\"ImageObject\",\"inLanguage\":\"de\",\"@id\":\"https:\/\/www.arteartesania.com\/de\/producto\/tetera-te-jo\/#primaryimage\",\"url\":\"https:\/\/www.arteartesania.com\/wp-content\/uploads\/2020\/02\/ROSA_TETERA_TE-JO_2.jpg\",\"contentUrl\":\"https:\/\/www.arteartesania.com\/wp-content\/uploads\/2020\/02\/ROSA_TETERA_TE-JO_2.jpg\",\"width\":1200,\"height\":1341,\"caption\":\"rosa luis elordui cer\u00e1mica\"},{\"@type\":\"BreadcrumbList\",\"@id\":\"https:\/\/www.arteartesania.com\/de\/producto\/tetera-te-jo\/#breadcrumb\",\"itemListElement\":[{\"@type\":\"ListItem\",\"position\":1,\"name\":\"Portada\",\"item\":\"https:\/\/www.arteartesania.com\/de\/\"},{\"@type\":\"ListItem\",\"position\":2,\"name\":\"Shop online\",\"item\":\"https:\/\/www.arteartesania.com\/de\/online-bastelladen\/\"},{\"@type\":\"ListItem\",\"position\":3,\"name\":\"Keramik \u00abTe-Jo Teekanne\u00bb TETEREAS-Serie Verfasser: Rosa luis Elordui\"}]},{\"@type\":\"WebSite\",\"@id\":\"https:\/\/www.arteartesania.com\/de\/#website\",\"url\":\"https:\/\/www.arteartesania.com\/de\/\",\"name\":\"Arteartesania\",\"description\":\"Original selecci\u00f3n de Artesan\u00eda Contempor\u00e1nea de Autor\",\"publisher\":{\"@id\":\"https:\/\/www.arteartesania.com\/de\/#organization\"},\"potentialAction\":[{\"@type\":\"SearchAction\",\"target\":{\"@type\":\"EntryPoint\",\"urlTemplate\":\"https:\/\/www.arteartesania.com\/de\/?s={search_term_string}\"},\"query-input\":{\"@type\":\"PropertyValueSpecification\",\"valueRequired\":true,\"valueName\":\"search_term_string\"}}],\"inLanguage\":\"de\"},{\"@type\":\"Organization\",\"@id\":\"https:\/\/www.arteartesania.com\/de\/#organization\",\"name\":\"Arteartesania\",\"url\":\"https:\/\/www.arteartesania.com\/de\/\",\"logo\":{\"@type\":\"ImageObject\",\"inLanguage\":\"de\",\"@id\":\"https:\/\/www.arteartesania.com\/de\/#\/schema\/logo\/image\/\",\"url\":\"https:\/\/www.arteartesania.com\/wp-content\/uploads\/2019\/12\/cropped-logofooter.png\",\"contentUrl\":\"https:\/\/www.arteartesania.com\/wp-content\/uploads\/2019\/12\/cropped-logofooter.png\",\"width\":539,\"height\":58,\"caption\":\"Arteartesania\"},\"image\":{\"@id\":\"https:\/\/www.arteartesania.com\/de\/#\/schema\/logo\/image\/\"}}]}<\/script>\n<!-- \/ Yoast SEO plugin. -->","yoast_head_json":{"title":"Tetera Te-Jo - Pieza de cer\u00e1mica de Rosa Elordui - Arteartesania","robots":{"index":"index","follow":"follow","max-snippet":"max-snippet:-1","max-image-preview":"max-image-preview:large","max-video-preview":"max-video-preview:-1"},"canonical":"https:\/\/www.arteartesania.com\/de\/producto\/tetera-te-jo\/","og_locale":"de_DE","og_type":"article","og_title":"Tetera Te-Jo - Pieza de cer\u00e1mica de Rosa Elordui - Arteartesania","og_description":"Keramik \"Te-Jo Teekanne\"  TETEREAS-Serie  Verfasser: Rosa luis Elordui  Material: Keramik (Feuerfestes Steinzeug)  Ma\u00dfe: 42 x 22 x 14 cm  Jahr 2005","og_url":"https:\/\/www.arteartesania.com\/de\/producto\/tetera-te-jo\/","og_site_name":"Arteartesania","article_modified_time":"2021-01-18T16:35:41+00:00","og_image":[{"width":1200,"height":1341,"url":"https:\/\/www.arteartesania.com\/wp-content\/uploads\/2020\/02\/ROSA_TETERA_TE-JO_2.jpg","type":"image\/jpeg"}],"twitter_card":"summary_large_image","schema":{"@context":"https:\/\/schema.org","@graph":[{"@type":"WebPage","@id":"https:\/\/www.arteartesania.com\/de\/producto\/tetera-te-jo\/","url":"https:\/\/www.arteartesania.com\/de\/producto\/tetera-te-jo\/","name":"Tetera Te-Jo - Pieza de cer\u00e1mica de Rosa Elordui - Arteartesania","isPartOf":{"@id":"https:\/\/www.arteartesania.com\/de\/#website"},"primaryImageOfPage":{"@id":"https:\/\/www.arteartesania.com\/de\/producto\/tetera-te-jo\/#primaryimage"},"image":{"@id":"https:\/\/www.arteartesania.com\/de\/producto\/tetera-te-jo\/#primaryimage"},"thumbnailUrl":"https:\/\/www.arteartesania.com\/wp-content\/uploads\/2020\/02\/ROSA_TETERA_TE-JO_2.jpg","datePublished":"2020-02-21T09:42:12+00:00","dateModified":"2021-01-18T16:35:41+00:00","breadcrumb":{"@id":"https:\/\/www.arteartesania.com\/de\/producto\/tetera-te-jo\/#breadcrumb"},"inLanguage":"de","potentialAction":[{"@type":"ReadAction","target":["https:\/\/www.arteartesania.com\/de\/producto\/tetera-te-jo\/"]}]},{"@type":"ImageObject","inLanguage":"de","@id":"https:\/\/www.arteartesania.com\/de\/producto\/tetera-te-jo\/#primaryimage","url":"https:\/\/www.arteartesania.com\/wp-content\/uploads\/2020\/02\/ROSA_TETERA_TE-JO_2.jpg","contentUrl":"https:\/\/www.arteartesania.com\/wp-content\/uploads\/2020\/02\/ROSA_TETERA_TE-JO_2.jpg","width":1200,"height":1341,"caption":"rosa luis elordui cer\u00e1mica"},{"@type":"BreadcrumbList","@id":"https:\/\/www.arteartesania.com\/de\/producto\/tetera-te-jo\/#breadcrumb","itemListElement":[{"@type":"ListItem","position":1,"name":"Portada","item":"https:\/\/www.arteartesania.com\/de\/"},{"@type":"ListItem","position":2,"name":"Shop online","item":"https:\/\/www.arteartesania.com\/de\/online-bastelladen\/"},{"@type":"ListItem","position":3,"name":"Keramik \u00abTe-Jo Teekanne\u00bb TETEREAS-Serie Verfasser: Rosa luis Elordui"}]},{"@type":"WebSite","@id":"https:\/\/www.arteartesania.com\/de\/#website","url":"https:\/\/www.arteartesania.com\/de\/","name":"Arteartesania","description":"Original selecci\u00f3n de Artesan\u00eda Contempor\u00e1nea de Autor","publisher":{"@id":"https:\/\/www.arteartesania.com\/de\/#organization"},"potentialAction":[{"@type":"SearchAction","target":{"@type":"EntryPoint","urlTemplate":"https:\/\/www.arteartesania.com\/de\/?s={search_term_string}"},"query-input":{"@type":"PropertyValueSpecification","valueRequired":true,"valueName":"search_term_string"}}],"inLanguage":"de"},{"@type":"Organization","@id":"https:\/\/www.arteartesania.com\/de\/#organization","name":"Arteartesania","url":"https:\/\/www.arteartesania.com\/de\/","logo":{"@type":"ImageObject","inLanguage":"de","@id":"https:\/\/www.arteartesania.com\/de\/#\/schema\/logo\/image\/","url":"https:\/\/www.arteartesania.com\/wp-content\/uploads\/2019\/12\/cropped-logofooter.png","contentUrl":"https:\/\/www.arteartesania.com\/wp-content\/uploads\/2019\/12\/cropped-logofooter.png","width":539,"height":58,"caption":"Arteartesania"},"image":{"@id":"https:\/\/www.arteartesania.com\/de\/#\/schema\/logo\/image\/"}}]}},"_links":{"self":[{"href":"https:\/\/www.arteartesania.com\/de\/wp-json\/wp\/v2\/product\/5087"}],"collection":[{"href":"https:\/\/www.arteartesania.com\/de\/wp-json\/wp\/v2\/product"}],"about":[{"href":"https:\/\/www.arteartesania.com\/de\/wp-json\/wp\/v2\/types\/product"}],"replies":[{"embeddable":true,"href":"https:\/\/www.arteartesania.com\/de\/wp-json\/wp\/v2\/comments?post=5087"}],"wp:featuredmedia":[{"embeddable":true,"href":"https:\/\/www.arteartesania.com\/de\/wp-json\/wp\/v2\/media\/5090"}],"wp:attachment":[{"href":"https:\/\/www.arteartesania.com\/de\/wp-json\/wp\/v2\/media?parent=5087"}],"wp:term":[{"taxonomy":"product_cat","embeddable":true,"href":"https:\/\/www.arteartesania.com\/de\/wp-json\/wp\/v2\/product_cat?post=5087"},{"taxonomy":"product_tag","embeddable":true,"href":"https:\/\/www.arteartesania.com\/de\/wp-json\/wp\/v2\/product_tag?post=5087"}],"curies":[{"name":"wp","href":"https:\/\/api.w.org\/{rel}","templated":true}]}}