{"id":5044,"date":"2020-03-02T10:28:56","date_gmt":"2020-03-02T09:28:56","guid":{"rendered":"http:\/\/www.arteartesania.com\/producto\/seeds\/"},"modified":"2020-05-21T14:34:07","modified_gmt":"2020-05-21T12:34:07","slug":"seeds","status":"publish","type":"product","link":"https:\/\/www.arteartesania.com\/de\/producto\/seeds\/","title":{"rendered":"Halskette \\ &#8222;Samen&#8220;  Handgefertigt von ANA HAGOPIAN"},"content":{"rendered":"<p>ST\u00dcCK: Halskette \\ &#8222;Samen&#8220;<\/p>\n<p>Materialien: Pappmach\u00e9 und Seil<\/p>\n<p>L\u00e4nge: 42 cm<\/p>\n<p>Handgefertigt von ANA HAGOPIAN<\/p>\n","protected":false},"excerpt":{"rendered":"<p>ST\u00dcCK: Halskette \\ &#8222;Samen&#8220;<\/p>\n<p>Materialien: Pappmach\u00e9 und Seil<\/p>\n<p>L\u00e4nge: 42 cm<\/p>\n<p>Handgefertigt von ANA HAGOPIAN<\/p>\n","protected":false},"featured_media":5045,"comment_status":"closed","ping_status":"closed","template":"","meta":{"_acf_changed":false,"inline_featured_image":false},"product_cat":[217,248,504,507],"product_tag":[],"class_list":{"0":"post-5044","1":"product","2":"type-product","3":"status-publish","4":"has-post-thumbnail","6":"product_cat-ana-hagopian-de-2","7":"product_cat-halsketten","8":"product_cat-sale-de","9":"product_cat-outlet-schmuck-de","11":"first","12":"outofstock","13":"sale","14":"shipping-taxable","15":"purchasable","16":"product-type-simple"},"acf":[],"yoast_head":"<!-- This site is optimized with the Yoast SEO plugin v23.6 - https:\/\/yoast.com\/wordpress\/plugins\/seo\/ -->\n<title>Seeds - Joyas Ana Hagopian - Arteartesania<\/title>\n<meta name=\"robots\" content=\"index, follow, max-snippet:-1, max-image-preview:large, max-video-preview:-1\" \/>\n<link rel=\"canonical\" href=\"https:\/\/www.arteartesania.com\/de\/producto\/seeds\/\" \/>\n<meta property=\"og:locale\" content=\"de_DE\" \/>\n<meta property=\"og:type\" content=\"article\" \/>\n<meta property=\"og:title\" content=\"Seeds - Joyas Ana Hagopian - Arteartesania\" \/>\n<meta property=\"og:description\" content=\"ST\u00dcCK: Halskette  &quot;Samen&quot;  Materialien: Pappmach\u00e9 und Seil  L\u00e4nge: 42 cm  Handgefertigt von ANA HAGOPIAN\" \/>\n<meta property=\"og:url\" content=\"https:\/\/www.arteartesania.com\/de\/producto\/seeds\/\" \/>\n<meta property=\"og:site_name\" content=\"Arteartesania\" \/>\n<meta property=\"article:modified_time\" content=\"2020-05-21T12:34:07+00:00\" \/>\n<meta property=\"og:image\" content=\"https:\/\/www.arteartesania.com\/wp-content\/uploads\/2020\/03\/COLL_AH_SEEDS-1.jpg\" \/>\n\t<meta property=\"og:image:width\" content=\"2531\" \/>\n\t<meta property=\"og:image:height\" content=\"2531\" \/>\n\t<meta property=\"og:image:type\" content=\"image\/jpeg\" \/>\n<meta name=\"twitter:card\" content=\"summary_large_image\" \/>\n<script type=\"application\/ld+json\" class=\"yoast-schema-graph\">{\"@context\":\"https:\/\/schema.org\",\"@graph\":[{\"@type\":\"WebPage\",\"@id\":\"https:\/\/www.arteartesania.com\/de\/producto\/seeds\/\",\"url\":\"https:\/\/www.arteartesania.com\/de\/producto\/seeds\/\",\"name\":\"Seeds - Joyas Ana Hagopian - Arteartesania\",\"isPartOf\":{\"@id\":\"https:\/\/www.arteartesania.com\/de\/#website\"},\"primaryImageOfPage\":{\"@id\":\"https:\/\/www.arteartesania.com\/de\/producto\/seeds\/#primaryimage\"},\"image\":{\"@id\":\"https:\/\/www.arteartesania.com\/de\/producto\/seeds\/#primaryimage\"},\"thumbnailUrl\":\"https:\/\/www.arteartesania.com\/wp-content\/uploads\/2020\/03\/COLL_AH_SEEDS-1.jpg\",\"datePublished\":\"2020-03-02T09:28:56+00:00\",\"dateModified\":\"2020-05-21T12:34:07+00:00\",\"breadcrumb\":{\"@id\":\"https:\/\/www.arteartesania.com\/de\/producto\/seeds\/#breadcrumb\"},\"inLanguage\":\"de\",\"potentialAction\":[{\"@type\":\"ReadAction\",\"target\":[\"https:\/\/www.arteartesania.com\/de\/producto\/seeds\/\"]}]},{\"@type\":\"ImageObject\",\"inLanguage\":\"de\",\"@id\":\"https:\/\/www.arteartesania.com\/de\/producto\/seeds\/#primaryimage\",\"url\":\"https:\/\/www.arteartesania.com\/wp-content\/uploads\/2020\/03\/COLL_AH_SEEDS-1.jpg\",\"contentUrl\":\"https:\/\/www.arteartesania.com\/wp-content\/uploads\/2020\/03\/COLL_AH_SEEDS-1.jpg\",\"width\":2531,\"height\":2531},{\"@type\":\"BreadcrumbList\",\"@id\":\"https:\/\/www.arteartesania.com\/de\/producto\/seeds\/#breadcrumb\",\"itemListElement\":[{\"@type\":\"ListItem\",\"position\":1,\"name\":\"Portada\",\"item\":\"https:\/\/www.arteartesania.com\/de\/\"},{\"@type\":\"ListItem\",\"position\":2,\"name\":\"Shop online\",\"item\":\"https:\/\/www.arteartesania.com\/de\/online-bastelladen\/\"},{\"@type\":\"ListItem\",\"position\":3,\"name\":\"Halskette \\\\ \u00abSamen\u00bb Handgefertigt von ANA HAGOPIAN\"}]},{\"@type\":\"WebSite\",\"@id\":\"https:\/\/www.arteartesania.com\/de\/#website\",\"url\":\"https:\/\/www.arteartesania.com\/de\/\",\"name\":\"Arteartesania\",\"description\":\"Original selecci\u00f3n de Artesan\u00eda Contempor\u00e1nea de Autor\",\"publisher\":{\"@id\":\"https:\/\/www.arteartesania.com\/de\/#organization\"},\"potentialAction\":[{\"@type\":\"SearchAction\",\"target\":{\"@type\":\"EntryPoint\",\"urlTemplate\":\"https:\/\/www.arteartesania.com\/de\/?s={search_term_string}\"},\"query-input\":{\"@type\":\"PropertyValueSpecification\",\"valueRequired\":true,\"valueName\":\"search_term_string\"}}],\"inLanguage\":\"de\"},{\"@type\":\"Organization\",\"@id\":\"https:\/\/www.arteartesania.com\/de\/#organization\",\"name\":\"Arteartesania\",\"url\":\"https:\/\/www.arteartesania.com\/de\/\",\"logo\":{\"@type\":\"ImageObject\",\"inLanguage\":\"de\",\"@id\":\"https:\/\/www.arteartesania.com\/de\/#\/schema\/logo\/image\/\",\"url\":\"https:\/\/www.arteartesania.com\/wp-content\/uploads\/2019\/12\/cropped-logofooter.png\",\"contentUrl\":\"https:\/\/www.arteartesania.com\/wp-content\/uploads\/2019\/12\/cropped-logofooter.png\",\"width\":539,\"height\":58,\"caption\":\"Arteartesania\"},\"image\":{\"@id\":\"https:\/\/www.arteartesania.com\/de\/#\/schema\/logo\/image\/\"}}]}<\/script>\n<!-- \/ Yoast SEO plugin. -->","yoast_head_json":{"title":"Seeds - Joyas Ana Hagopian - Arteartesania","robots":{"index":"index","follow":"follow","max-snippet":"max-snippet:-1","max-image-preview":"max-image-preview:large","max-video-preview":"max-video-preview:-1"},"canonical":"https:\/\/www.arteartesania.com\/de\/producto\/seeds\/","og_locale":"de_DE","og_type":"article","og_title":"Seeds - Joyas Ana Hagopian - Arteartesania","og_description":"ST\u00dcCK: Halskette  \"Samen\"  Materialien: Pappmach\u00e9 und Seil  L\u00e4nge: 42 cm  Handgefertigt von ANA HAGOPIAN","og_url":"https:\/\/www.arteartesania.com\/de\/producto\/seeds\/","og_site_name":"Arteartesania","article_modified_time":"2020-05-21T12:34:07+00:00","og_image":[{"width":2531,"height":2531,"url":"https:\/\/www.arteartesania.com\/wp-content\/uploads\/2020\/03\/COLL_AH_SEEDS-1.jpg","type":"image\/jpeg"}],"twitter_card":"summary_large_image","schema":{"@context":"https:\/\/schema.org","@graph":[{"@type":"WebPage","@id":"https:\/\/www.arteartesania.com\/de\/producto\/seeds\/","url":"https:\/\/www.arteartesania.com\/de\/producto\/seeds\/","name":"Seeds - Joyas Ana Hagopian - Arteartesania","isPartOf":{"@id":"https:\/\/www.arteartesania.com\/de\/#website"},"primaryImageOfPage":{"@id":"https:\/\/www.arteartesania.com\/de\/producto\/seeds\/#primaryimage"},"image":{"@id":"https:\/\/www.arteartesania.com\/de\/producto\/seeds\/#primaryimage"},"thumbnailUrl":"https:\/\/www.arteartesania.com\/wp-content\/uploads\/2020\/03\/COLL_AH_SEEDS-1.jpg","datePublished":"2020-03-02T09:28:56+00:00","dateModified":"2020-05-21T12:34:07+00:00","breadcrumb":{"@id":"https:\/\/www.arteartesania.com\/de\/producto\/seeds\/#breadcrumb"},"inLanguage":"de","potentialAction":[{"@type":"ReadAction","target":["https:\/\/www.arteartesania.com\/de\/producto\/seeds\/"]}]},{"@type":"ImageObject","inLanguage":"de","@id":"https:\/\/www.arteartesania.com\/de\/producto\/seeds\/#primaryimage","url":"https:\/\/www.arteartesania.com\/wp-content\/uploads\/2020\/03\/COLL_AH_SEEDS-1.jpg","contentUrl":"https:\/\/www.arteartesania.com\/wp-content\/uploads\/2020\/03\/COLL_AH_SEEDS-1.jpg","width":2531,"height":2531},{"@type":"BreadcrumbList","@id":"https:\/\/www.arteartesania.com\/de\/producto\/seeds\/#breadcrumb","itemListElement":[{"@type":"ListItem","position":1,"name":"Portada","item":"https:\/\/www.arteartesania.com\/de\/"},{"@type":"ListItem","position":2,"name":"Shop online","item":"https:\/\/www.arteartesania.com\/de\/online-bastelladen\/"},{"@type":"ListItem","position":3,"name":"Halskette \\ \u00abSamen\u00bb Handgefertigt von ANA HAGOPIAN"}]},{"@type":"WebSite","@id":"https:\/\/www.arteartesania.com\/de\/#website","url":"https:\/\/www.arteartesania.com\/de\/","name":"Arteartesania","description":"Original selecci\u00f3n de Artesan\u00eda Contempor\u00e1nea de Autor","publisher":{"@id":"https:\/\/www.arteartesania.com\/de\/#organization"},"potentialAction":[{"@type":"SearchAction","target":{"@type":"EntryPoint","urlTemplate":"https:\/\/www.arteartesania.com\/de\/?s={search_term_string}"},"query-input":{"@type":"PropertyValueSpecification","valueRequired":true,"valueName":"search_term_string"}}],"inLanguage":"de"},{"@type":"Organization","@id":"https:\/\/www.arteartesania.com\/de\/#organization","name":"Arteartesania","url":"https:\/\/www.arteartesania.com\/de\/","logo":{"@type":"ImageObject","inLanguage":"de","@id":"https:\/\/www.arteartesania.com\/de\/#\/schema\/logo\/image\/","url":"https:\/\/www.arteartesania.com\/wp-content\/uploads\/2019\/12\/cropped-logofooter.png","contentUrl":"https:\/\/www.arteartesania.com\/wp-content\/uploads\/2019\/12\/cropped-logofooter.png","width":539,"height":58,"caption":"Arteartesania"},"image":{"@id":"https:\/\/www.arteartesania.com\/de\/#\/schema\/logo\/image\/"}}]}},"_links":{"self":[{"href":"https:\/\/www.arteartesania.com\/de\/wp-json\/wp\/v2\/product\/5044"}],"collection":[{"href":"https:\/\/www.arteartesania.com\/de\/wp-json\/wp\/v2\/product"}],"about":[{"href":"https:\/\/www.arteartesania.com\/de\/wp-json\/wp\/v2\/types\/product"}],"replies":[{"embeddable":true,"href":"https:\/\/www.arteartesania.com\/de\/wp-json\/wp\/v2\/comments?post=5044"}],"wp:featuredmedia":[{"embeddable":true,"href":"https:\/\/www.arteartesania.com\/de\/wp-json\/wp\/v2\/media\/5045"}],"wp:attachment":[{"href":"https:\/\/www.arteartesania.com\/de\/wp-json\/wp\/v2\/media?parent=5044"}],"wp:term":[{"taxonomy":"product_cat","embeddable":true,"href":"https:\/\/www.arteartesania.com\/de\/wp-json\/wp\/v2\/product_cat?post=5044"},{"taxonomy":"product_tag","embeddable":true,"href":"https:\/\/www.arteartesania.com\/de\/wp-json\/wp\/v2\/product_tag?post=5044"}],"curies":[{"name":"wp","href":"https:\/\/api.w.org\/{rel}","templated":true}]}}