{"id":5018,"date":"2020-03-03T14:14:32","date_gmt":"2020-03-03T13:14:32","guid":{"rendered":"http:\/\/www.arteartesania.com\/producto\/pendiente-cala-media\/"},"modified":"2021-05-26T17:30:59","modified_gmt":"2021-05-26T15:30:59","slug":"pendiente-cala-media","status":"publish","type":"product","link":"https:\/\/www.arteartesania.com\/de\/producto\/pendiente-cala-media\/","title":{"rendered":"Mittlere Cala-Ohrringe"},"content":{"rendered":"<p>Sterling Silber und Gold Anwendung 22 kt.Beschreibung<br \/>\nZeile: &#8222;Calas de oro&#8220;<br \/>\nST\u00dcCK: Mittlere Cala-Ohrringe<br \/>\nMATERIAL: Sterling Silber und Gold Anwendung 22 kt.<br \/>\nGR\u00d6SSE: ca. 3,5 cm lang<\/p>\n<p>Unikat handgefertigt von CARLOS TELLECHEA<\/p>\n<p><em><strong>Herstellungstechnik, verwendete Materialien:<\/strong><\/em><\/p>\n<p><span style=\"font-weight: 400\">Die Blumen werden ausgehend von Draht und Silberplatte 925 hergestellt. Das Blatt wird in verschiedene Richtungen gefaltet, bis der K\u00f6rper der Blume erhalten ist, an den ein kleiner Drahtstempel geschwei\u00dft ist, der in einer Kugel endet.<\/span><\/p>\n<p><span style=\"font-weight: 400\">Sobald die Blumen in verschiedenen Gr\u00f6\u00dfen hergestellt sind, werden sie kombiniert, um die verschiedenen St\u00fccke der Sammlung, Armb\u00e4nder, Ohrringe, Ringe usw. zu erhalten.<\/span><\/p>\n<p><span style=\"font-weight: 400\">Die gesamte Kollektion besteht aus 925er Silber und ist mit 22 Karat Blattgold im Kelch der Blume versehen.<\/span><\/p>\n","protected":false},"excerpt":{"rendered":"<p>Sterling Silber und Gold Anwendung 22 kt.Beschreibung<br \/>\nZeile: &#8222;Calas de oro&#8220;<br \/>\nST\u00dcCK: Mittlere Cala-Ohrringe<br \/>\nMATERIAL: Sterling Silber und Gold Anwendung 22 kt.<br \/>\nGR\u00d6SSE: ca. 3,5 cm lang<\/p>\n<p>Unikat handgefertigt von CARLOS TELLECHEA<\/p>\n","protected":false},"featured_media":4783,"comment_status":"closed","ping_status":"closed","template":"","meta":{"_acf_changed":false,"inline_featured_image":false},"product_cat":[218,293,250,243],"product_tag":[350,296,311],"class_list":{"0":"post-5018","1":"product","2":"type-product","3":"status-publish","4":"has-post-thumbnail","6":"product_cat-carlos-tellechea-de","7":"product_cat-las-calas-de-oro-de","8":"product_cat-ohrringe","9":"product_cat-schmuck","10":"product_tag-carlostellechea-soller-mallorca-joyeria-arteartesania-de","11":"product_tag-calas-de-oro-de","12":"product_tag-pendientes-de-colgar-de","14":"first","15":"instock","16":"shipping-taxable","17":"purchasable","18":"product-type-simple"},"acf":[],"yoast_head":"<!-- This site is optimized with the Yoast SEO plugin v23.6 - https:\/\/yoast.com\/wordpress\/plugins\/seo\/ -->\n<title>Mittlere Cala-Ohrringe - Arteartesania<\/title>\n<meta name=\"robots\" content=\"index, follow, max-snippet:-1, max-image-preview:large, max-video-preview:-1\" \/>\n<link rel=\"canonical\" href=\"https:\/\/www.arteartesania.com\/de\/producto\/pendiente-cala-media\/\" \/>\n<meta property=\"og:locale\" content=\"de_DE\" \/>\n<meta property=\"og:type\" content=\"article\" \/>\n<meta property=\"og:title\" content=\"Mittlere Cala-Ohrringe - Arteartesania\" \/>\n<meta property=\"og:description\" content=\"Sterling Silber und Gold Anwendung 22 kt.Beschreibung Zeile: &quot;Calas de oro&quot; ST\u00dcCK: Mittlere Cala-Ohrringe MATERIAL: Sterling Silber und Gold Anwendung 22 kt. GR\u00d6SSE: ca. 3,5 cm lang  Unikat handgefertigt von CARLOS TELLECHEA\" \/>\n<meta property=\"og:url\" content=\"https:\/\/www.arteartesania.com\/de\/producto\/pendiente-cala-media\/\" \/>\n<meta property=\"og:site_name\" content=\"Arteartesania\" \/>\n<meta property=\"article:modified_time\" content=\"2021-05-26T15:30:59+00:00\" \/>\n<meta property=\"og:image\" content=\"https:\/\/www.arteartesania.com\/wp-content\/uploads\/2020\/03\/PEND_CT_CMO-2.jpg\" \/>\n\t<meta property=\"og:image:width\" content=\"1200\" \/>\n\t<meta property=\"og:image:height\" content=\"1200\" \/>\n\t<meta property=\"og:image:type\" content=\"image\/jpeg\" \/>\n<meta name=\"twitter:card\" content=\"summary_large_image\" \/>\n<meta name=\"twitter:label1\" content=\"Gesch\u00e4tzte Lesezeit\" \/>\n\t<meta name=\"twitter:data1\" content=\"1\u00a0Minute\" \/>\n<script type=\"application\/ld+json\" class=\"yoast-schema-graph\">{\"@context\":\"https:\/\/schema.org\",\"@graph\":[{\"@type\":\"WebPage\",\"@id\":\"https:\/\/www.arteartesania.com\/de\/producto\/pendiente-cala-media\/\",\"url\":\"https:\/\/www.arteartesania.com\/de\/producto\/pendiente-cala-media\/\",\"name\":\"Mittlere Cala-Ohrringe - Arteartesania\",\"isPartOf\":{\"@id\":\"https:\/\/www.arteartesania.com\/de\/#website\"},\"primaryImageOfPage\":{\"@id\":\"https:\/\/www.arteartesania.com\/de\/producto\/pendiente-cala-media\/#primaryimage\"},\"image\":{\"@id\":\"https:\/\/www.arteartesania.com\/de\/producto\/pendiente-cala-media\/#primaryimage\"},\"thumbnailUrl\":\"https:\/\/www.arteartesania.com\/wp-content\/uploads\/2020\/03\/PEND_CT_CMO-2.jpg\",\"datePublished\":\"2020-03-03T13:14:32+00:00\",\"dateModified\":\"2021-05-26T15:30:59+00:00\",\"breadcrumb\":{\"@id\":\"https:\/\/www.arteartesania.com\/de\/producto\/pendiente-cala-media\/#breadcrumb\"},\"inLanguage\":\"de\",\"potentialAction\":[{\"@type\":\"ReadAction\",\"target\":[\"https:\/\/www.arteartesania.com\/de\/producto\/pendiente-cala-media\/\"]}]},{\"@type\":\"ImageObject\",\"inLanguage\":\"de\",\"@id\":\"https:\/\/www.arteartesania.com\/de\/producto\/pendiente-cala-media\/#primaryimage\",\"url\":\"https:\/\/www.arteartesania.com\/wp-content\/uploads\/2020\/03\/PEND_CT_CMO-2.jpg\",\"contentUrl\":\"https:\/\/www.arteartesania.com\/wp-content\/uploads\/2020\/03\/PEND_CT_CMO-2.jpg\",\"width\":1200,\"height\":1200,\"caption\":\"Medium Cala Earrings\"},{\"@type\":\"BreadcrumbList\",\"@id\":\"https:\/\/www.arteartesania.com\/de\/producto\/pendiente-cala-media\/#breadcrumb\",\"itemListElement\":[{\"@type\":\"ListItem\",\"position\":1,\"name\":\"Portada\",\"item\":\"https:\/\/www.arteartesania.com\/de\/\"},{\"@type\":\"ListItem\",\"position\":2,\"name\":\"Shop online\",\"item\":\"https:\/\/www.arteartesania.com\/de\/online-bastelladen\/\"},{\"@type\":\"ListItem\",\"position\":3,\"name\":\"Mittlere Cala-Ohrringe\"}]},{\"@type\":\"WebSite\",\"@id\":\"https:\/\/www.arteartesania.com\/de\/#website\",\"url\":\"https:\/\/www.arteartesania.com\/de\/\",\"name\":\"Arteartesania\",\"description\":\"Original selecci\u00f3n de Artesan\u00eda Contempor\u00e1nea de Autor\",\"publisher\":{\"@id\":\"https:\/\/www.arteartesania.com\/de\/#organization\"},\"potentialAction\":[{\"@type\":\"SearchAction\",\"target\":{\"@type\":\"EntryPoint\",\"urlTemplate\":\"https:\/\/www.arteartesania.com\/de\/?s={search_term_string}\"},\"query-input\":{\"@type\":\"PropertyValueSpecification\",\"valueRequired\":true,\"valueName\":\"search_term_string\"}}],\"inLanguage\":\"de\"},{\"@type\":\"Organization\",\"@id\":\"https:\/\/www.arteartesania.com\/de\/#organization\",\"name\":\"Arteartesania\",\"url\":\"https:\/\/www.arteartesania.com\/de\/\",\"logo\":{\"@type\":\"ImageObject\",\"inLanguage\":\"de\",\"@id\":\"https:\/\/www.arteartesania.com\/de\/#\/schema\/logo\/image\/\",\"url\":\"https:\/\/www.arteartesania.com\/wp-content\/uploads\/2019\/12\/cropped-logofooter.png\",\"contentUrl\":\"https:\/\/www.arteartesania.com\/wp-content\/uploads\/2019\/12\/cropped-logofooter.png\",\"width\":539,\"height\":58,\"caption\":\"Arteartesania\"},\"image\":{\"@id\":\"https:\/\/www.arteartesania.com\/de\/#\/schema\/logo\/image\/\"}}]}<\/script>\n<!-- \/ Yoast SEO plugin. -->","yoast_head_json":{"title":"Mittlere Cala-Ohrringe - Arteartesania","robots":{"index":"index","follow":"follow","max-snippet":"max-snippet:-1","max-image-preview":"max-image-preview:large","max-video-preview":"max-video-preview:-1"},"canonical":"https:\/\/www.arteartesania.com\/de\/producto\/pendiente-cala-media\/","og_locale":"de_DE","og_type":"article","og_title":"Mittlere Cala-Ohrringe - Arteartesania","og_description":"Sterling Silber und Gold Anwendung 22 kt.Beschreibung Zeile: \"Calas de oro\" ST\u00dcCK: Mittlere Cala-Ohrringe MATERIAL: Sterling Silber und Gold Anwendung 22 kt. GR\u00d6SSE: ca. 3,5 cm lang  Unikat handgefertigt von CARLOS TELLECHEA","og_url":"https:\/\/www.arteartesania.com\/de\/producto\/pendiente-cala-media\/","og_site_name":"Arteartesania","article_modified_time":"2021-05-26T15:30:59+00:00","og_image":[{"width":1200,"height":1200,"url":"https:\/\/www.arteartesania.com\/wp-content\/uploads\/2020\/03\/PEND_CT_CMO-2.jpg","type":"image\/jpeg"}],"twitter_card":"summary_large_image","twitter_misc":{"Gesch\u00e4tzte Lesezeit":"1\u00a0Minute"},"schema":{"@context":"https:\/\/schema.org","@graph":[{"@type":"WebPage","@id":"https:\/\/www.arteartesania.com\/de\/producto\/pendiente-cala-media\/","url":"https:\/\/www.arteartesania.com\/de\/producto\/pendiente-cala-media\/","name":"Mittlere Cala-Ohrringe - Arteartesania","isPartOf":{"@id":"https:\/\/www.arteartesania.com\/de\/#website"},"primaryImageOfPage":{"@id":"https:\/\/www.arteartesania.com\/de\/producto\/pendiente-cala-media\/#primaryimage"},"image":{"@id":"https:\/\/www.arteartesania.com\/de\/producto\/pendiente-cala-media\/#primaryimage"},"thumbnailUrl":"https:\/\/www.arteartesania.com\/wp-content\/uploads\/2020\/03\/PEND_CT_CMO-2.jpg","datePublished":"2020-03-03T13:14:32+00:00","dateModified":"2021-05-26T15:30:59+00:00","breadcrumb":{"@id":"https:\/\/www.arteartesania.com\/de\/producto\/pendiente-cala-media\/#breadcrumb"},"inLanguage":"de","potentialAction":[{"@type":"ReadAction","target":["https:\/\/www.arteartesania.com\/de\/producto\/pendiente-cala-media\/"]}]},{"@type":"ImageObject","inLanguage":"de","@id":"https:\/\/www.arteartesania.com\/de\/producto\/pendiente-cala-media\/#primaryimage","url":"https:\/\/www.arteartesania.com\/wp-content\/uploads\/2020\/03\/PEND_CT_CMO-2.jpg","contentUrl":"https:\/\/www.arteartesania.com\/wp-content\/uploads\/2020\/03\/PEND_CT_CMO-2.jpg","width":1200,"height":1200,"caption":"Medium Cala Earrings"},{"@type":"BreadcrumbList","@id":"https:\/\/www.arteartesania.com\/de\/producto\/pendiente-cala-media\/#breadcrumb","itemListElement":[{"@type":"ListItem","position":1,"name":"Portada","item":"https:\/\/www.arteartesania.com\/de\/"},{"@type":"ListItem","position":2,"name":"Shop online","item":"https:\/\/www.arteartesania.com\/de\/online-bastelladen\/"},{"@type":"ListItem","position":3,"name":"Mittlere Cala-Ohrringe"}]},{"@type":"WebSite","@id":"https:\/\/www.arteartesania.com\/de\/#website","url":"https:\/\/www.arteartesania.com\/de\/","name":"Arteartesania","description":"Original selecci\u00f3n de Artesan\u00eda Contempor\u00e1nea de Autor","publisher":{"@id":"https:\/\/www.arteartesania.com\/de\/#organization"},"potentialAction":[{"@type":"SearchAction","target":{"@type":"EntryPoint","urlTemplate":"https:\/\/www.arteartesania.com\/de\/?s={search_term_string}"},"query-input":{"@type":"PropertyValueSpecification","valueRequired":true,"valueName":"search_term_string"}}],"inLanguage":"de"},{"@type":"Organization","@id":"https:\/\/www.arteartesania.com\/de\/#organization","name":"Arteartesania","url":"https:\/\/www.arteartesania.com\/de\/","logo":{"@type":"ImageObject","inLanguage":"de","@id":"https:\/\/www.arteartesania.com\/de\/#\/schema\/logo\/image\/","url":"https:\/\/www.arteartesania.com\/wp-content\/uploads\/2019\/12\/cropped-logofooter.png","contentUrl":"https:\/\/www.arteartesania.com\/wp-content\/uploads\/2019\/12\/cropped-logofooter.png","width":539,"height":58,"caption":"Arteartesania"},"image":{"@id":"https:\/\/www.arteartesania.com\/de\/#\/schema\/logo\/image\/"}}]}},"_links":{"self":[{"href":"https:\/\/www.arteartesania.com\/de\/wp-json\/wp\/v2\/product\/5018"}],"collection":[{"href":"https:\/\/www.arteartesania.com\/de\/wp-json\/wp\/v2\/product"}],"about":[{"href":"https:\/\/www.arteartesania.com\/de\/wp-json\/wp\/v2\/types\/product"}],"replies":[{"embeddable":true,"href":"https:\/\/www.arteartesania.com\/de\/wp-json\/wp\/v2\/comments?post=5018"}],"wp:featuredmedia":[{"embeddable":true,"href":"https:\/\/www.arteartesania.com\/de\/wp-json\/wp\/v2\/media\/4783"}],"wp:attachment":[{"href":"https:\/\/www.arteartesania.com\/de\/wp-json\/wp\/v2\/media?parent=5018"}],"wp:term":[{"taxonomy":"product_cat","embeddable":true,"href":"https:\/\/www.arteartesania.com\/de\/wp-json\/wp\/v2\/product_cat?post=5018"},{"taxonomy":"product_tag","embeddable":true,"href":"https:\/\/www.arteartesania.com\/de\/wp-json\/wp\/v2\/product_tag?post=5018"}],"curies":[{"name":"wp","href":"https:\/\/api.w.org\/{rel}","templated":true}]}}