{"id":5003,"date":"2020-03-03T14:14:35","date_gmt":"2020-03-03T13:14:35","guid":{"rendered":"http:\/\/www.arteartesania.com\/producto\/anillo-2-cala-mini\/"},"modified":"2021-05-26T13:26:25","modified_gmt":"2021-05-26T11:26:25","slug":"anillo-2-cala-mini","status":"publish","type":"product","link":"https:\/\/www.arteartesania.com\/de\/producto\/anillo-2-cala-mini\/","title":{"rendered":"Ring 2 Cala mini"},"content":{"rendered":"<p>Zeile: &#8222;Las Calas de Oro&#8220;<br \/>\nST\u00dcCK: Ring 2 Mini Calas<br \/>\nMATERIAL: 925 Silber + 22 kt Gold Anwendung.<\/p>\n<p>Unikat handgefertigt von CARLOS TELLECHEA f\u00fcr ArteArtesania<\/p>\n<p><em><strong>Herstellungstechnik, verwendete Materialien:<\/strong><\/em><\/p>\n<p><span style=\"font-weight: 400\">Die Blumen werden ausgehend von Draht und Silberplatte 925 hergestellt. Das Blatt wird in verschiedene Richtungen gefaltet, bis der K\u00f6rper der Blume erhalten ist, an den ein kleiner Drahtstempel geschwei\u00dft ist, der in einer Kugel endet.<\/span><\/p>\n<p><span style=\"font-weight: 400\">Sobald die Blumen in verschiedenen Gr\u00f6\u00dfen hergestellt sind, werden sie kombiniert, um die verschiedenen St\u00fccke der Sammlung, Armb\u00e4nder, Ohrringe, Ringe usw. zu erhalten.<\/span><\/p>\n<p><span style=\"font-weight: 400\">Die gesamte Kollektion besteht aus 925er Silber und ist mit 22 Karat Blattgold im Kelch der Blume versehen.<\/span><\/p>\n","protected":false},"excerpt":{"rendered":"<p>Zeile: &#8222;Las Calas de Oro&#8220;<br \/>\nST\u00dcCK: Ring 2 Mini Calas<br \/>\nMATERIAL: 925 Silber + 22 kt Gold Anwendung.<\/p>\n<p>Unikat handgefertigt von CARLOS TELLECHEA f\u00fcr ArteArtesania<\/p>\n<p>Der Ring ist offen und seine Gr\u00f6\u00dfe ist einstellbar. W\u00e4hlen Sie zwischen S, M und L oder teilen Sie uns Ihre Ringgr\u00f6\u00dfe mit und wir senden Ihnen eine nach Ma\u00df.<\/p>\n<p>Es gibt verschiedene Varianten des Modells!<\/p>\n<p>The ring is open and its size is adjustable. Choose between S, M and L or tell us your ring size and we will send you one made to measure.<\/p>\n<p>There are different variations of the model!<\/p>\n","protected":false},"featured_media":4837,"comment_status":"closed","ping_status":"closed","template":"","meta":{"_acf_changed":false,"inline_featured_image":false},"product_cat":[218,293,244,243],"product_tag":[295,314,296],"class_list":{"0":"post-5003","1":"product","2":"type-product","3":"status-publish","4":"has-post-thumbnail","6":"product_cat-carlos-tellechea-de","7":"product_cat-las-calas-de-oro-de","8":"product_cat-ringe","9":"product_cat-schmuck","10":"product_tag-ajustable-de","11":"product_tag-anillos-de","12":"product_tag-calas-de-oro-de","14":"first","15":"instock","16":"shipping-taxable","17":"purchasable","18":"product-type-simple"},"acf":[],"yoast_head":"<!-- This site is optimized with the Yoast SEO plugin v23.6 - https:\/\/yoast.com\/wordpress\/plugins\/seo\/ -->\n<title>Ring 2 Cala mini - Arteartesania<\/title>\n<meta name=\"robots\" content=\"index, follow, max-snippet:-1, max-image-preview:large, max-video-preview:-1\" \/>\n<link rel=\"canonical\" href=\"https:\/\/www.arteartesania.com\/de\/producto\/anillo-2-cala-mini\/\" \/>\n<meta property=\"og:locale\" content=\"de_DE\" \/>\n<meta property=\"og:type\" content=\"article\" \/>\n<meta property=\"og:title\" content=\"Ring 2 Cala mini - Arteartesania\" \/>\n<meta property=\"og:description\" content=\"Zeile: &quot;Las Calas de Oro&quot; ST\u00dcCK: Ring 2 Mini Calas MATERIAL: 925 Silber + 22 kt Gold Anwendung.  Unikat handgefertigt von CARLOS TELLECHEA f\u00fcr ArteArtesania  Der Ring ist offen und seine Gr\u00f6\u00dfe ist einstellbar. W\u00e4hlen Sie zwischen S, M und L oder teilen Sie uns Ihre Ringgr\u00f6\u00dfe mit und wir senden Ihnen eine nach Ma\u00df.  Es gibt verschiedene Varianten des Modells!  The ring is open and its size is adjustable. Choose between S, M and L or tell us your ring size and we will send you one made to measure.  There are different variations of the model!\" \/>\n<meta property=\"og:url\" content=\"https:\/\/www.arteartesania.com\/de\/producto\/anillo-2-cala-mini\/\" \/>\n<meta property=\"og:site_name\" content=\"Arteartesania\" \/>\n<meta property=\"article:modified_time\" content=\"2021-05-26T11:26:25+00:00\" \/>\n<meta property=\"og:image\" content=\"https:\/\/www.arteartesania.com\/wp-content\/uploads\/2020\/03\/ANL_CT_CMMO-1-1.jpg\" \/>\n\t<meta property=\"og:image:width\" content=\"1500\" \/>\n\t<meta property=\"og:image:height\" content=\"1500\" \/>\n\t<meta property=\"og:image:type\" content=\"image\/jpeg\" \/>\n<meta name=\"twitter:card\" content=\"summary_large_image\" \/>\n<meta name=\"twitter:label1\" content=\"Gesch\u00e4tzte Lesezeit\" \/>\n\t<meta name=\"twitter:data1\" content=\"1\u00a0Minute\" \/>\n<script type=\"application\/ld+json\" class=\"yoast-schema-graph\">{\"@context\":\"https:\/\/schema.org\",\"@graph\":[{\"@type\":\"WebPage\",\"@id\":\"https:\/\/www.arteartesania.com\/de\/producto\/anillo-2-cala-mini\/\",\"url\":\"https:\/\/www.arteartesania.com\/de\/producto\/anillo-2-cala-mini\/\",\"name\":\"Ring 2 Cala mini - Arteartesania\",\"isPartOf\":{\"@id\":\"https:\/\/www.arteartesania.com\/de\/#website\"},\"primaryImageOfPage\":{\"@id\":\"https:\/\/www.arteartesania.com\/de\/producto\/anillo-2-cala-mini\/#primaryimage\"},\"image\":{\"@id\":\"https:\/\/www.arteartesania.com\/de\/producto\/anillo-2-cala-mini\/#primaryimage\"},\"thumbnailUrl\":\"https:\/\/www.arteartesania.com\/wp-content\/uploads\/2020\/03\/ANL_CT_CMMO-1-1.jpg\",\"datePublished\":\"2020-03-03T13:14:35+00:00\",\"dateModified\":\"2021-05-26T11:26:25+00:00\",\"breadcrumb\":{\"@id\":\"https:\/\/www.arteartesania.com\/de\/producto\/anillo-2-cala-mini\/#breadcrumb\"},\"inLanguage\":\"de\",\"potentialAction\":[{\"@type\":\"ReadAction\",\"target\":[\"https:\/\/www.arteartesania.com\/de\/producto\/anillo-2-cala-mini\/\"]}]},{\"@type\":\"ImageObject\",\"inLanguage\":\"de\",\"@id\":\"https:\/\/www.arteartesania.com\/de\/producto\/anillo-2-cala-mini\/#primaryimage\",\"url\":\"https:\/\/www.arteartesania.com\/wp-content\/uploads\/2020\/03\/ANL_CT_CMMO-1-1.jpg\",\"contentUrl\":\"https:\/\/www.arteartesania.com\/wp-content\/uploads\/2020\/03\/ANL_CT_CMMO-1-1.jpg\",\"width\":1500,\"height\":1500,\"caption\":\"2 Calas Ring\"},{\"@type\":\"BreadcrumbList\",\"@id\":\"https:\/\/www.arteartesania.com\/de\/producto\/anillo-2-cala-mini\/#breadcrumb\",\"itemListElement\":[{\"@type\":\"ListItem\",\"position\":1,\"name\":\"Portada\",\"item\":\"https:\/\/www.arteartesania.com\/de\/\"},{\"@type\":\"ListItem\",\"position\":2,\"name\":\"Shop online\",\"item\":\"https:\/\/www.arteartesania.com\/de\/online-bastelladen\/\"},{\"@type\":\"ListItem\",\"position\":3,\"name\":\"Ring 2 Cala mini\"}]},{\"@type\":\"WebSite\",\"@id\":\"https:\/\/www.arteartesania.com\/de\/#website\",\"url\":\"https:\/\/www.arteartesania.com\/de\/\",\"name\":\"Arteartesania\",\"description\":\"Original selecci\u00f3n de Artesan\u00eda Contempor\u00e1nea de Autor\",\"publisher\":{\"@id\":\"https:\/\/www.arteartesania.com\/de\/#organization\"},\"potentialAction\":[{\"@type\":\"SearchAction\",\"target\":{\"@type\":\"EntryPoint\",\"urlTemplate\":\"https:\/\/www.arteartesania.com\/de\/?s={search_term_string}\"},\"query-input\":{\"@type\":\"PropertyValueSpecification\",\"valueRequired\":true,\"valueName\":\"search_term_string\"}}],\"inLanguage\":\"de\"},{\"@type\":\"Organization\",\"@id\":\"https:\/\/www.arteartesania.com\/de\/#organization\",\"name\":\"Arteartesania\",\"url\":\"https:\/\/www.arteartesania.com\/de\/\",\"logo\":{\"@type\":\"ImageObject\",\"inLanguage\":\"de\",\"@id\":\"https:\/\/www.arteartesania.com\/de\/#\/schema\/logo\/image\/\",\"url\":\"https:\/\/www.arteartesania.com\/wp-content\/uploads\/2019\/12\/cropped-logofooter.png\",\"contentUrl\":\"https:\/\/www.arteartesania.com\/wp-content\/uploads\/2019\/12\/cropped-logofooter.png\",\"width\":539,\"height\":58,\"caption\":\"Arteartesania\"},\"image\":{\"@id\":\"https:\/\/www.arteartesania.com\/de\/#\/schema\/logo\/image\/\"}}]}<\/script>\n<!-- \/ Yoast SEO plugin. -->","yoast_head_json":{"title":"Ring 2 Cala mini - Arteartesania","robots":{"index":"index","follow":"follow","max-snippet":"max-snippet:-1","max-image-preview":"max-image-preview:large","max-video-preview":"max-video-preview:-1"},"canonical":"https:\/\/www.arteartesania.com\/de\/producto\/anillo-2-cala-mini\/","og_locale":"de_DE","og_type":"article","og_title":"Ring 2 Cala mini - Arteartesania","og_description":"Zeile: \"Las Calas de Oro\" ST\u00dcCK: Ring 2 Mini Calas MATERIAL: 925 Silber + 22 kt Gold Anwendung.  Unikat handgefertigt von CARLOS TELLECHEA f\u00fcr ArteArtesania  Der Ring ist offen und seine Gr\u00f6\u00dfe ist einstellbar. W\u00e4hlen Sie zwischen S, M und L oder teilen Sie uns Ihre Ringgr\u00f6\u00dfe mit und wir senden Ihnen eine nach Ma\u00df.  Es gibt verschiedene Varianten des Modells!  The ring is open and its size is adjustable. Choose between S, M and L or tell us your ring size and we will send you one made to measure.  There are different variations of the model!","og_url":"https:\/\/www.arteartesania.com\/de\/producto\/anillo-2-cala-mini\/","og_site_name":"Arteartesania","article_modified_time":"2021-05-26T11:26:25+00:00","og_image":[{"width":1500,"height":1500,"url":"https:\/\/www.arteartesania.com\/wp-content\/uploads\/2020\/03\/ANL_CT_CMMO-1-1.jpg","type":"image\/jpeg"}],"twitter_card":"summary_large_image","twitter_misc":{"Gesch\u00e4tzte Lesezeit":"1\u00a0Minute"},"schema":{"@context":"https:\/\/schema.org","@graph":[{"@type":"WebPage","@id":"https:\/\/www.arteartesania.com\/de\/producto\/anillo-2-cala-mini\/","url":"https:\/\/www.arteartesania.com\/de\/producto\/anillo-2-cala-mini\/","name":"Ring 2 Cala mini - Arteartesania","isPartOf":{"@id":"https:\/\/www.arteartesania.com\/de\/#website"},"primaryImageOfPage":{"@id":"https:\/\/www.arteartesania.com\/de\/producto\/anillo-2-cala-mini\/#primaryimage"},"image":{"@id":"https:\/\/www.arteartesania.com\/de\/producto\/anillo-2-cala-mini\/#primaryimage"},"thumbnailUrl":"https:\/\/www.arteartesania.com\/wp-content\/uploads\/2020\/03\/ANL_CT_CMMO-1-1.jpg","datePublished":"2020-03-03T13:14:35+00:00","dateModified":"2021-05-26T11:26:25+00:00","breadcrumb":{"@id":"https:\/\/www.arteartesania.com\/de\/producto\/anillo-2-cala-mini\/#breadcrumb"},"inLanguage":"de","potentialAction":[{"@type":"ReadAction","target":["https:\/\/www.arteartesania.com\/de\/producto\/anillo-2-cala-mini\/"]}]},{"@type":"ImageObject","inLanguage":"de","@id":"https:\/\/www.arteartesania.com\/de\/producto\/anillo-2-cala-mini\/#primaryimage","url":"https:\/\/www.arteartesania.com\/wp-content\/uploads\/2020\/03\/ANL_CT_CMMO-1-1.jpg","contentUrl":"https:\/\/www.arteartesania.com\/wp-content\/uploads\/2020\/03\/ANL_CT_CMMO-1-1.jpg","width":1500,"height":1500,"caption":"2 Calas Ring"},{"@type":"BreadcrumbList","@id":"https:\/\/www.arteartesania.com\/de\/producto\/anillo-2-cala-mini\/#breadcrumb","itemListElement":[{"@type":"ListItem","position":1,"name":"Portada","item":"https:\/\/www.arteartesania.com\/de\/"},{"@type":"ListItem","position":2,"name":"Shop online","item":"https:\/\/www.arteartesania.com\/de\/online-bastelladen\/"},{"@type":"ListItem","position":3,"name":"Ring 2 Cala mini"}]},{"@type":"WebSite","@id":"https:\/\/www.arteartesania.com\/de\/#website","url":"https:\/\/www.arteartesania.com\/de\/","name":"Arteartesania","description":"Original selecci\u00f3n de Artesan\u00eda Contempor\u00e1nea de Autor","publisher":{"@id":"https:\/\/www.arteartesania.com\/de\/#organization"},"potentialAction":[{"@type":"SearchAction","target":{"@type":"EntryPoint","urlTemplate":"https:\/\/www.arteartesania.com\/de\/?s={search_term_string}"},"query-input":{"@type":"PropertyValueSpecification","valueRequired":true,"valueName":"search_term_string"}}],"inLanguage":"de"},{"@type":"Organization","@id":"https:\/\/www.arteartesania.com\/de\/#organization","name":"Arteartesania","url":"https:\/\/www.arteartesania.com\/de\/","logo":{"@type":"ImageObject","inLanguage":"de","@id":"https:\/\/www.arteartesania.com\/de\/#\/schema\/logo\/image\/","url":"https:\/\/www.arteartesania.com\/wp-content\/uploads\/2019\/12\/cropped-logofooter.png","contentUrl":"https:\/\/www.arteartesania.com\/wp-content\/uploads\/2019\/12\/cropped-logofooter.png","width":539,"height":58,"caption":"Arteartesania"},"image":{"@id":"https:\/\/www.arteartesania.com\/de\/#\/schema\/logo\/image\/"}}]}},"_links":{"self":[{"href":"https:\/\/www.arteartesania.com\/de\/wp-json\/wp\/v2\/product\/5003"}],"collection":[{"href":"https:\/\/www.arteartesania.com\/de\/wp-json\/wp\/v2\/product"}],"about":[{"href":"https:\/\/www.arteartesania.com\/de\/wp-json\/wp\/v2\/types\/product"}],"replies":[{"embeddable":true,"href":"https:\/\/www.arteartesania.com\/de\/wp-json\/wp\/v2\/comments?post=5003"}],"wp:featuredmedia":[{"embeddable":true,"href":"https:\/\/www.arteartesania.com\/de\/wp-json\/wp\/v2\/media\/4837"}],"wp:attachment":[{"href":"https:\/\/www.arteartesania.com\/de\/wp-json\/wp\/v2\/media?parent=5003"}],"wp:term":[{"taxonomy":"product_cat","embeddable":true,"href":"https:\/\/www.arteartesania.com\/de\/wp-json\/wp\/v2\/product_cat?post=5003"},{"taxonomy":"product_tag","embeddable":true,"href":"https:\/\/www.arteartesania.com\/de\/wp-json\/wp\/v2\/product_tag?post=5003"}],"curies":[{"name":"wp","href":"https:\/\/api.w.org\/{rel}","templated":true}]}}