{"id":4989,"date":"2020-03-03T14:14:38","date_gmt":"2020-03-03T13:14:38","guid":{"rendered":"http:\/\/www.arteartesania.com\/producto\/pendiente-cala-mini-largo-de-colgar\/"},"modified":"2025-10-27T12:17:32","modified_gmt":"2025-10-27T11:17:32","slug":"pendiente-cala-mini-largo-de-colgar","status":"publish","type":"product","link":"https:\/\/www.arteartesania.com\/de\/producto\/pendiente-cala-mini-largo-de-colgar\/","title":{"rendered":"Mini langer Cala Ohrring, h\u00e4ngend"},"content":{"rendered":"<p>LINE: &#8222;Calas&#8220;<br \/>\nST\u00dcCK: Mini-lange Cala-Ohrringe<br \/>\nMATERIAL: Sterling Silber und 22 kt Gold Anwendung.<br \/>\nGR\u00d6SSE: ca. 2,5 cm lang<\/p>\n<p>Unikat handgefertigt von CARLOS TELLECHEA<\/p>\n<p><em style=\"font-size: 1rem\"><strong>Herstellungstechnik, verwendete Materialien:<\/strong><\/em><\/p>\n<p><span style=\"font-weight: 400\">Die Blumen werden ausgehend von Draht und Silberplatte 925 hergestellt. Das Blatt wird in verschiedene Richtungen gefaltet, bis der K\u00f6rper der Blume erhalten ist, an den ein kleiner Drahtstempel geschwei\u00dft ist, der in einer Kugel endet.<\/span><\/p>\n<p><span style=\"font-weight: 400\">Sobald die Blumen in verschiedenen Gr\u00f6\u00dfen hergestellt sind, werden sie kombiniert, um die verschiedenen St\u00fccke der Sammlung, Armb\u00e4nder, Ohrringe, Ringe usw. zu erhalten.<\/span><\/p>\n<p><span style=\"font-weight: 400\">Die gesamte Kollektion besteht aus 925er Silber und ist mit 22 Karat Blattgold im Kelch der Blume versehen.<\/span><\/p>\n","protected":false},"excerpt":{"rendered":"<p>LINE: &#8222;Calas&#8220;<br \/>\nST\u00dcCK: Mini-lange Cala-Ohrringe<br \/>\nMATERIAL: Sterling Silber und 22 kt Gold Anwendung.<br \/>\nGR\u00d6SSE: ca. 2,5 cm lang<\/p>\n<p>Unikat handgefertigt von CARLOS TELLECHEA<\/p>\n","protected":false},"featured_media":4906,"comment_status":"closed","ping_status":"closed","template":"","meta":{"_acf_changed":false,"inline_featured_image":false},"product_cat":[218,293,250,243],"product_tag":[296,305,311],"class_list":{"0":"post-4989","1":"product","2":"type-product","3":"status-publish","4":"has-post-thumbnail","6":"product_cat-carlos-tellechea-de","7":"product_cat-las-calas-de-oro-de","8":"product_cat-ohrringe","9":"product_cat-schmuck","10":"product_tag-calas-de-oro-de","11":"product_tag-joyas-finas-de","12":"product_tag-pendientes-de-colgar-de","14":"first","15":"instock","16":"shipping-taxable","17":"purchasable","18":"product-type-simple"},"acf":[],"yoast_head":"<!-- This site is optimized with the Yoast SEO plugin v23.6 - https:\/\/yoast.com\/wordpress\/plugins\/seo\/ -->\n<title>Mini langer Cala Ohrring, h\u00e4ngend - Arteartesania<\/title>\n<meta name=\"robots\" content=\"index, follow, max-snippet:-1, max-image-preview:large, max-video-preview:-1\" \/>\n<link rel=\"canonical\" href=\"https:\/\/www.arteartesania.com\/de\/producto\/pendiente-cala-mini-largo-de-colgar\/\" \/>\n<meta property=\"og:locale\" content=\"de_DE\" \/>\n<meta property=\"og:type\" content=\"article\" \/>\n<meta property=\"og:title\" content=\"Mini langer Cala Ohrring, h\u00e4ngend - Arteartesania\" \/>\n<meta property=\"og:description\" content=\"LINE: &quot;Calas&quot; ST\u00dcCK: Mini-lange Cala-Ohrringe MATERIAL: Sterling Silber und 22 kt Gold Anwendung. GR\u00d6SSE: ca. 2,5 cm lang  Unikat handgefertigt von CARLOS TELLECHEA\" \/>\n<meta property=\"og:url\" content=\"https:\/\/www.arteartesania.com\/de\/producto\/pendiente-cala-mini-largo-de-colgar\/\" \/>\n<meta property=\"og:site_name\" content=\"Arteartesania\" \/>\n<meta property=\"article:modified_time\" content=\"2025-10-27T11:17:32+00:00\" \/>\n<meta property=\"og:image\" content=\"https:\/\/www.arteartesania.com\/wp-content\/uploads\/2020\/03\/PEND_CT_CMLO_COLG.jpg\" \/>\n\t<meta property=\"og:image:width\" content=\"2000\" \/>\n\t<meta property=\"og:image:height\" content=\"2000\" \/>\n\t<meta property=\"og:image:type\" content=\"image\/jpeg\" \/>\n<meta name=\"twitter:card\" content=\"summary_large_image\" \/>\n<meta name=\"twitter:label1\" content=\"Gesch\u00e4tzte Lesezeit\" \/>\n\t<meta name=\"twitter:data1\" content=\"1\u00a0Minute\" \/>\n<script type=\"application\/ld+json\" class=\"yoast-schema-graph\">{\"@context\":\"https:\/\/schema.org\",\"@graph\":[{\"@type\":\"WebPage\",\"@id\":\"https:\/\/www.arteartesania.com\/de\/producto\/pendiente-cala-mini-largo-de-colgar\/\",\"url\":\"https:\/\/www.arteartesania.com\/de\/producto\/pendiente-cala-mini-largo-de-colgar\/\",\"name\":\"Mini langer Cala Ohrring, h\u00e4ngend - Arteartesania\",\"isPartOf\":{\"@id\":\"https:\/\/www.arteartesania.com\/de\/#website\"},\"primaryImageOfPage\":{\"@id\":\"https:\/\/www.arteartesania.com\/de\/producto\/pendiente-cala-mini-largo-de-colgar\/#primaryimage\"},\"image\":{\"@id\":\"https:\/\/www.arteartesania.com\/de\/producto\/pendiente-cala-mini-largo-de-colgar\/#primaryimage\"},\"thumbnailUrl\":\"https:\/\/www.arteartesania.com\/wp-content\/uploads\/2020\/03\/PEND_CT_CMLO_COLG.jpg\",\"datePublished\":\"2020-03-03T13:14:38+00:00\",\"dateModified\":\"2025-10-27T11:17:32+00:00\",\"breadcrumb\":{\"@id\":\"https:\/\/www.arteartesania.com\/de\/producto\/pendiente-cala-mini-largo-de-colgar\/#breadcrumb\"},\"inLanguage\":\"de\",\"potentialAction\":[{\"@type\":\"ReadAction\",\"target\":[\"https:\/\/www.arteartesania.com\/de\/producto\/pendiente-cala-mini-largo-de-colgar\/\"]}]},{\"@type\":\"ImageObject\",\"inLanguage\":\"de\",\"@id\":\"https:\/\/www.arteartesania.com\/de\/producto\/pendiente-cala-mini-largo-de-colgar\/#primaryimage\",\"url\":\"https:\/\/www.arteartesania.com\/wp-content\/uploads\/2020\/03\/PEND_CT_CMLO_COLG.jpg\",\"contentUrl\":\"https:\/\/www.arteartesania.com\/wp-content\/uploads\/2020\/03\/PEND_CT_CMLO_COLG.jpg\",\"width\":2000,\"height\":2000,\"caption\":\"Pendientes, joya de la colecci\u00f3n Calas de Oro de Carlos Tellechea, joyero artesano, de Arteartesania\"},{\"@type\":\"BreadcrumbList\",\"@id\":\"https:\/\/www.arteartesania.com\/de\/producto\/pendiente-cala-mini-largo-de-colgar\/#breadcrumb\",\"itemListElement\":[{\"@type\":\"ListItem\",\"position\":1,\"name\":\"Portada\",\"item\":\"https:\/\/www.arteartesania.com\/de\/\"},{\"@type\":\"ListItem\",\"position\":2,\"name\":\"Shop online\",\"item\":\"https:\/\/www.arteartesania.com\/de\/online-bastelladen\/\"},{\"@type\":\"ListItem\",\"position\":3,\"name\":\"Mini langer Cala Ohrring, h\u00e4ngend\"}]},{\"@type\":\"WebSite\",\"@id\":\"https:\/\/www.arteartesania.com\/de\/#website\",\"url\":\"https:\/\/www.arteartesania.com\/de\/\",\"name\":\"Arteartesania\",\"description\":\"Original selecci\u00f3n de Artesan\u00eda Contempor\u00e1nea de Autor\",\"publisher\":{\"@id\":\"https:\/\/www.arteartesania.com\/de\/#organization\"},\"potentialAction\":[{\"@type\":\"SearchAction\",\"target\":{\"@type\":\"EntryPoint\",\"urlTemplate\":\"https:\/\/www.arteartesania.com\/de\/?s={search_term_string}\"},\"query-input\":{\"@type\":\"PropertyValueSpecification\",\"valueRequired\":true,\"valueName\":\"search_term_string\"}}],\"inLanguage\":\"de\"},{\"@type\":\"Organization\",\"@id\":\"https:\/\/www.arteartesania.com\/de\/#organization\",\"name\":\"Arteartesania\",\"url\":\"https:\/\/www.arteartesania.com\/de\/\",\"logo\":{\"@type\":\"ImageObject\",\"inLanguage\":\"de\",\"@id\":\"https:\/\/www.arteartesania.com\/de\/#\/schema\/logo\/image\/\",\"url\":\"https:\/\/www.arteartesania.com\/wp-content\/uploads\/2019\/12\/cropped-logofooter.png\",\"contentUrl\":\"https:\/\/www.arteartesania.com\/wp-content\/uploads\/2019\/12\/cropped-logofooter.png\",\"width\":539,\"height\":58,\"caption\":\"Arteartesania\"},\"image\":{\"@id\":\"https:\/\/www.arteartesania.com\/de\/#\/schema\/logo\/image\/\"}}]}<\/script>\n<!-- \/ Yoast SEO plugin. -->","yoast_head_json":{"title":"Mini langer Cala Ohrring, h\u00e4ngend - Arteartesania","robots":{"index":"index","follow":"follow","max-snippet":"max-snippet:-1","max-image-preview":"max-image-preview:large","max-video-preview":"max-video-preview:-1"},"canonical":"https:\/\/www.arteartesania.com\/de\/producto\/pendiente-cala-mini-largo-de-colgar\/","og_locale":"de_DE","og_type":"article","og_title":"Mini langer Cala Ohrring, h\u00e4ngend - Arteartesania","og_description":"LINE: \"Calas\" ST\u00dcCK: Mini-lange Cala-Ohrringe MATERIAL: Sterling Silber und 22 kt Gold Anwendung. GR\u00d6SSE: ca. 2,5 cm lang  Unikat handgefertigt von CARLOS TELLECHEA","og_url":"https:\/\/www.arteartesania.com\/de\/producto\/pendiente-cala-mini-largo-de-colgar\/","og_site_name":"Arteartesania","article_modified_time":"2025-10-27T11:17:32+00:00","og_image":[{"width":2000,"height":2000,"url":"https:\/\/www.arteartesania.com\/wp-content\/uploads\/2020\/03\/PEND_CT_CMLO_COLG.jpg","type":"image\/jpeg"}],"twitter_card":"summary_large_image","twitter_misc":{"Gesch\u00e4tzte Lesezeit":"1\u00a0Minute"},"schema":{"@context":"https:\/\/schema.org","@graph":[{"@type":"WebPage","@id":"https:\/\/www.arteartesania.com\/de\/producto\/pendiente-cala-mini-largo-de-colgar\/","url":"https:\/\/www.arteartesania.com\/de\/producto\/pendiente-cala-mini-largo-de-colgar\/","name":"Mini langer Cala Ohrring, h\u00e4ngend - Arteartesania","isPartOf":{"@id":"https:\/\/www.arteartesania.com\/de\/#website"},"primaryImageOfPage":{"@id":"https:\/\/www.arteartesania.com\/de\/producto\/pendiente-cala-mini-largo-de-colgar\/#primaryimage"},"image":{"@id":"https:\/\/www.arteartesania.com\/de\/producto\/pendiente-cala-mini-largo-de-colgar\/#primaryimage"},"thumbnailUrl":"https:\/\/www.arteartesania.com\/wp-content\/uploads\/2020\/03\/PEND_CT_CMLO_COLG.jpg","datePublished":"2020-03-03T13:14:38+00:00","dateModified":"2025-10-27T11:17:32+00:00","breadcrumb":{"@id":"https:\/\/www.arteartesania.com\/de\/producto\/pendiente-cala-mini-largo-de-colgar\/#breadcrumb"},"inLanguage":"de","potentialAction":[{"@type":"ReadAction","target":["https:\/\/www.arteartesania.com\/de\/producto\/pendiente-cala-mini-largo-de-colgar\/"]}]},{"@type":"ImageObject","inLanguage":"de","@id":"https:\/\/www.arteartesania.com\/de\/producto\/pendiente-cala-mini-largo-de-colgar\/#primaryimage","url":"https:\/\/www.arteartesania.com\/wp-content\/uploads\/2020\/03\/PEND_CT_CMLO_COLG.jpg","contentUrl":"https:\/\/www.arteartesania.com\/wp-content\/uploads\/2020\/03\/PEND_CT_CMLO_COLG.jpg","width":2000,"height":2000,"caption":"Pendientes, joya de la colecci\u00f3n Calas de Oro de Carlos Tellechea, joyero artesano, de Arteartesania"},{"@type":"BreadcrumbList","@id":"https:\/\/www.arteartesania.com\/de\/producto\/pendiente-cala-mini-largo-de-colgar\/#breadcrumb","itemListElement":[{"@type":"ListItem","position":1,"name":"Portada","item":"https:\/\/www.arteartesania.com\/de\/"},{"@type":"ListItem","position":2,"name":"Shop online","item":"https:\/\/www.arteartesania.com\/de\/online-bastelladen\/"},{"@type":"ListItem","position":3,"name":"Mini langer Cala Ohrring, h\u00e4ngend"}]},{"@type":"WebSite","@id":"https:\/\/www.arteartesania.com\/de\/#website","url":"https:\/\/www.arteartesania.com\/de\/","name":"Arteartesania","description":"Original selecci\u00f3n de Artesan\u00eda Contempor\u00e1nea de Autor","publisher":{"@id":"https:\/\/www.arteartesania.com\/de\/#organization"},"potentialAction":[{"@type":"SearchAction","target":{"@type":"EntryPoint","urlTemplate":"https:\/\/www.arteartesania.com\/de\/?s={search_term_string}"},"query-input":{"@type":"PropertyValueSpecification","valueRequired":true,"valueName":"search_term_string"}}],"inLanguage":"de"},{"@type":"Organization","@id":"https:\/\/www.arteartesania.com\/de\/#organization","name":"Arteartesania","url":"https:\/\/www.arteartesania.com\/de\/","logo":{"@type":"ImageObject","inLanguage":"de","@id":"https:\/\/www.arteartesania.com\/de\/#\/schema\/logo\/image\/","url":"https:\/\/www.arteartesania.com\/wp-content\/uploads\/2019\/12\/cropped-logofooter.png","contentUrl":"https:\/\/www.arteartesania.com\/wp-content\/uploads\/2019\/12\/cropped-logofooter.png","width":539,"height":58,"caption":"Arteartesania"},"image":{"@id":"https:\/\/www.arteartesania.com\/de\/#\/schema\/logo\/image\/"}}]}},"_links":{"self":[{"href":"https:\/\/www.arteartesania.com\/de\/wp-json\/wp\/v2\/product\/4989"}],"collection":[{"href":"https:\/\/www.arteartesania.com\/de\/wp-json\/wp\/v2\/product"}],"about":[{"href":"https:\/\/www.arteartesania.com\/de\/wp-json\/wp\/v2\/types\/product"}],"replies":[{"embeddable":true,"href":"https:\/\/www.arteartesania.com\/de\/wp-json\/wp\/v2\/comments?post=4989"}],"wp:featuredmedia":[{"embeddable":true,"href":"https:\/\/www.arteartesania.com\/de\/wp-json\/wp\/v2\/media\/4906"}],"wp:attachment":[{"href":"https:\/\/www.arteartesania.com\/de\/wp-json\/wp\/v2\/media?parent=4989"}],"wp:term":[{"taxonomy":"product_cat","embeddable":true,"href":"https:\/\/www.arteartesania.com\/de\/wp-json\/wp\/v2\/product_cat?post=4989"},{"taxonomy":"product_tag","embeddable":true,"href":"https:\/\/www.arteartesania.com\/de\/wp-json\/wp\/v2\/product_tag?post=4989"}],"curies":[{"name":"wp","href":"https:\/\/api.w.org\/{rel}","templated":true}]}}