{"id":4987,"date":"2020-03-03T14:14:38","date_gmt":"2020-03-03T13:14:38","guid":{"rendered":"http:\/\/www.arteartesania.com\/producto\/anillo-cala-mini-largo\/"},"modified":"2021-05-26T12:29:23","modified_gmt":"2021-05-26T10:29:23","slug":"anillo-cala-mini-largo","status":"publish","type":"product","link":"https:\/\/www.arteartesania.com\/de\/producto\/anillo-cala-mini-largo\/","title":{"rendered":"Cala &#8222;Mini-langer&#8220; GOLDRING"},"content":{"rendered":"<p>ST\u00dcCK: Cala &#8222;Mini-langer&#8220; GOLDRING<br \/>\nMATERIAL: 925 Silber + 22 kt Gold Anwendung<br \/>\nUnikate, handgemacht. Der Ring ist offen und seine Gr\u00f6\u00dfe ist einstellbar<\/p>\n<p>Unikat handgefertigt von CARLOS TELLECHEA<\/p>\n<p><em><strong>Herstellungstechnik, verwendete Materialien:<\/strong><\/em><\/p>\n<p><span style=\"font-weight: 400\">Die Blumen werden ausgehend von Draht und Silberplatte 925 hergestellt. Das Blatt wird in verschiedene Richtungen gefaltet, bis der K\u00f6rper der Blume erhalten ist, an den ein kleiner Drahtstempel geschwei\u00dft ist, der in einer Kugel endet.<\/span><\/p>\n<p><span style=\"font-weight: 400\">Sobald die Blumen in verschiedenen Gr\u00f6\u00dfen hergestellt sind, werden sie kombiniert, um die verschiedenen St\u00fccke der Sammlung, Armb\u00e4nder, Ohrringe, Ringe usw. zu erhalten.<\/span><\/p>\n<p><span style=\"font-weight: 400\">Die gesamte Kollektion besteht aus 925er Silber und ist mit 22 Karat Blattgold im Kelch der Blume versehen.<\/span><\/p>\n","protected":false},"excerpt":{"rendered":"<p>ST\u00dcCK: Cala &#8222;Mini-langer&#8220; GOLDRING<br \/>\nMATERIAL: 925 Silber + 22 kt Gold Anwendung<br \/>\nUnikate, handgemacht. Der Ring ist offen und seine Gr\u00f6\u00dfe ist einstellbar<\/p>\n<p>W\u00e4hlen Sie zwischen S, M und L oder teilen Sie uns Ihre Ringgr\u00f6\u00dfe mit und wir senden Ihnen eine nach Ma\u00df<\/p>\n","protected":false},"featured_media":8168,"comment_status":"closed","ping_status":"closed","template":"","meta":{"_acf_changed":false,"inline_featured_image":false},"product_cat":[218,293,244,243],"product_tag":[295,314,296,305],"class_list":{"0":"post-4987","1":"product","2":"type-product","3":"status-publish","4":"has-post-thumbnail","6":"product_cat-carlos-tellechea-de","7":"product_cat-las-calas-de-oro-de","8":"product_cat-ringe","9":"product_cat-schmuck","10":"product_tag-ajustable-de","11":"product_tag-anillos-de","12":"product_tag-calas-de-oro-de","13":"product_tag-joyas-finas-de","15":"first","16":"outofstock","17":"shipping-taxable","18":"purchasable","19":"product-type-simple"},"acf":[],"yoast_head":"<!-- This site is optimized with the Yoast SEO plugin v23.6 - https:\/\/yoast.com\/wordpress\/plugins\/seo\/ -->\n<title>Cala &quot;Mini-langer&quot; GOLDRING - Arteartesania<\/title>\n<meta name=\"robots\" content=\"index, follow, max-snippet:-1, max-image-preview:large, max-video-preview:-1\" \/>\n<link rel=\"canonical\" href=\"https:\/\/www.arteartesania.com\/de\/producto\/anillo-cala-mini-largo\/\" \/>\n<meta property=\"og:locale\" content=\"de_DE\" \/>\n<meta property=\"og:type\" content=\"article\" \/>\n<meta property=\"og:title\" content=\"Cala &quot;Mini-langer&quot; GOLDRING - Arteartesania\" \/>\n<meta property=\"og:description\" content=\"ST\u00dcCK: Cala &quot;Mini-langer&quot; GOLDRING MATERIAL: 925 Silber + 22 kt Gold Anwendung Unikate, handgemacht. Der Ring ist offen und seine Gr\u00f6\u00dfe ist einstellbar  W\u00e4hlen Sie zwischen S, M und L oder teilen Sie uns Ihre Ringgr\u00f6\u00dfe mit und wir senden Ihnen eine nach Ma\u00df\" \/>\n<meta property=\"og:url\" content=\"https:\/\/www.arteartesania.com\/de\/producto\/anillo-cala-mini-largo\/\" \/>\n<meta property=\"og:site_name\" content=\"Arteartesania\" \/>\n<meta property=\"article:modified_time\" content=\"2021-05-26T10:29:23+00:00\" \/>\n<meta property=\"og:image\" content=\"https:\/\/www.arteartesania.com\/wp-content\/uploads\/2020\/03\/13-Anillo-Cala-mini-largo-ariadna.jpeg\" \/>\n\t<meta property=\"og:image:width\" content=\"2556\" \/>\n\t<meta property=\"og:image:height\" content=\"2560\" \/>\n\t<meta property=\"og:image:type\" content=\"image\/jpeg\" \/>\n<meta name=\"twitter:card\" content=\"summary_large_image\" \/>\n<meta name=\"twitter:label1\" content=\"Gesch\u00e4tzte Lesezeit\" \/>\n\t<meta name=\"twitter:data1\" content=\"1\u00a0Minute\" \/>\n<script type=\"application\/ld+json\" class=\"yoast-schema-graph\">{\"@context\":\"https:\/\/schema.org\",\"@graph\":[{\"@type\":\"WebPage\",\"@id\":\"https:\/\/www.arteartesania.com\/de\/producto\/anillo-cala-mini-largo\/\",\"url\":\"https:\/\/www.arteartesania.com\/de\/producto\/anillo-cala-mini-largo\/\",\"name\":\"Cala \\\"Mini-langer\\\" GOLDRING - Arteartesania\",\"isPartOf\":{\"@id\":\"https:\/\/www.arteartesania.com\/de\/#website\"},\"primaryImageOfPage\":{\"@id\":\"https:\/\/www.arteartesania.com\/de\/producto\/anillo-cala-mini-largo\/#primaryimage\"},\"image\":{\"@id\":\"https:\/\/www.arteartesania.com\/de\/producto\/anillo-cala-mini-largo\/#primaryimage\"},\"thumbnailUrl\":\"https:\/\/www.arteartesania.com\/wp-content\/uploads\/2020\/03\/13-Anillo-Cala-mini-largo-ariadna.jpeg\",\"datePublished\":\"2020-03-03T13:14:38+00:00\",\"dateModified\":\"2021-05-26T10:29:23+00:00\",\"breadcrumb\":{\"@id\":\"https:\/\/www.arteartesania.com\/de\/producto\/anillo-cala-mini-largo\/#breadcrumb\"},\"inLanguage\":\"de\",\"potentialAction\":[{\"@type\":\"ReadAction\",\"target\":[\"https:\/\/www.arteartesania.com\/de\/producto\/anillo-cala-mini-largo\/\"]}]},{\"@type\":\"ImageObject\",\"inLanguage\":\"de\",\"@id\":\"https:\/\/www.arteartesania.com\/de\/producto\/anillo-cala-mini-largo\/#primaryimage\",\"url\":\"https:\/\/www.arteartesania.com\/wp-content\/uploads\/2020\/03\/13-Anillo-Cala-mini-largo-ariadna.jpeg\",\"contentUrl\":\"https:\/\/www.arteartesania.com\/wp-content\/uploads\/2020\/03\/13-Anillo-Cala-mini-largo-ariadna.jpeg\",\"width\":2556,\"height\":2560,\"caption\":\"Anillo flor cala de plata 925, con aplicaci\u00f3n de oro 22kt. Anillo artesanal cruzado hecho por Carlos Tellechea. Joyer\u00eda de autor original.\"},{\"@type\":\"BreadcrumbList\",\"@id\":\"https:\/\/www.arteartesania.com\/de\/producto\/anillo-cala-mini-largo\/#breadcrumb\",\"itemListElement\":[{\"@type\":\"ListItem\",\"position\":1,\"name\":\"Portada\",\"item\":\"https:\/\/www.arteartesania.com\/de\/\"},{\"@type\":\"ListItem\",\"position\":2,\"name\":\"Shop online\",\"item\":\"https:\/\/www.arteartesania.com\/de\/online-bastelladen\/\"},{\"@type\":\"ListItem\",\"position\":3,\"name\":\"Cala \u00abMini-langer\u00bb GOLDRING\"}]},{\"@type\":\"WebSite\",\"@id\":\"https:\/\/www.arteartesania.com\/de\/#website\",\"url\":\"https:\/\/www.arteartesania.com\/de\/\",\"name\":\"Arteartesania\",\"description\":\"Original selecci\u00f3n de Artesan\u00eda Contempor\u00e1nea de Autor\",\"publisher\":{\"@id\":\"https:\/\/www.arteartesania.com\/de\/#organization\"},\"potentialAction\":[{\"@type\":\"SearchAction\",\"target\":{\"@type\":\"EntryPoint\",\"urlTemplate\":\"https:\/\/www.arteartesania.com\/de\/?s={search_term_string}\"},\"query-input\":{\"@type\":\"PropertyValueSpecification\",\"valueRequired\":true,\"valueName\":\"search_term_string\"}}],\"inLanguage\":\"de\"},{\"@type\":\"Organization\",\"@id\":\"https:\/\/www.arteartesania.com\/de\/#organization\",\"name\":\"Arteartesania\",\"url\":\"https:\/\/www.arteartesania.com\/de\/\",\"logo\":{\"@type\":\"ImageObject\",\"inLanguage\":\"de\",\"@id\":\"https:\/\/www.arteartesania.com\/de\/#\/schema\/logo\/image\/\",\"url\":\"https:\/\/www.arteartesania.com\/wp-content\/uploads\/2019\/12\/cropped-logofooter.png\",\"contentUrl\":\"https:\/\/www.arteartesania.com\/wp-content\/uploads\/2019\/12\/cropped-logofooter.png\",\"width\":539,\"height\":58,\"caption\":\"Arteartesania\"},\"image\":{\"@id\":\"https:\/\/www.arteartesania.com\/de\/#\/schema\/logo\/image\/\"}}]}<\/script>\n<!-- \/ Yoast SEO plugin. -->","yoast_head_json":{"title":"Cala \"Mini-langer\" GOLDRING - Arteartesania","robots":{"index":"index","follow":"follow","max-snippet":"max-snippet:-1","max-image-preview":"max-image-preview:large","max-video-preview":"max-video-preview:-1"},"canonical":"https:\/\/www.arteartesania.com\/de\/producto\/anillo-cala-mini-largo\/","og_locale":"de_DE","og_type":"article","og_title":"Cala \"Mini-langer\" GOLDRING - Arteartesania","og_description":"ST\u00dcCK: Cala \"Mini-langer\" GOLDRING MATERIAL: 925 Silber + 22 kt Gold Anwendung Unikate, handgemacht. Der Ring ist offen und seine Gr\u00f6\u00dfe ist einstellbar  W\u00e4hlen Sie zwischen S, M und L oder teilen Sie uns Ihre Ringgr\u00f6\u00dfe mit und wir senden Ihnen eine nach Ma\u00df","og_url":"https:\/\/www.arteartesania.com\/de\/producto\/anillo-cala-mini-largo\/","og_site_name":"Arteartesania","article_modified_time":"2021-05-26T10:29:23+00:00","og_image":[{"width":2556,"height":2560,"url":"https:\/\/www.arteartesania.com\/wp-content\/uploads\/2020\/03\/13-Anillo-Cala-mini-largo-ariadna.jpeg","type":"image\/jpeg"}],"twitter_card":"summary_large_image","twitter_misc":{"Gesch\u00e4tzte Lesezeit":"1\u00a0Minute"},"schema":{"@context":"https:\/\/schema.org","@graph":[{"@type":"WebPage","@id":"https:\/\/www.arteartesania.com\/de\/producto\/anillo-cala-mini-largo\/","url":"https:\/\/www.arteartesania.com\/de\/producto\/anillo-cala-mini-largo\/","name":"Cala \"Mini-langer\" GOLDRING - Arteartesania","isPartOf":{"@id":"https:\/\/www.arteartesania.com\/de\/#website"},"primaryImageOfPage":{"@id":"https:\/\/www.arteartesania.com\/de\/producto\/anillo-cala-mini-largo\/#primaryimage"},"image":{"@id":"https:\/\/www.arteartesania.com\/de\/producto\/anillo-cala-mini-largo\/#primaryimage"},"thumbnailUrl":"https:\/\/www.arteartesania.com\/wp-content\/uploads\/2020\/03\/13-Anillo-Cala-mini-largo-ariadna.jpeg","datePublished":"2020-03-03T13:14:38+00:00","dateModified":"2021-05-26T10:29:23+00:00","breadcrumb":{"@id":"https:\/\/www.arteartesania.com\/de\/producto\/anillo-cala-mini-largo\/#breadcrumb"},"inLanguage":"de","potentialAction":[{"@type":"ReadAction","target":["https:\/\/www.arteartesania.com\/de\/producto\/anillo-cala-mini-largo\/"]}]},{"@type":"ImageObject","inLanguage":"de","@id":"https:\/\/www.arteartesania.com\/de\/producto\/anillo-cala-mini-largo\/#primaryimage","url":"https:\/\/www.arteartesania.com\/wp-content\/uploads\/2020\/03\/13-Anillo-Cala-mini-largo-ariadna.jpeg","contentUrl":"https:\/\/www.arteartesania.com\/wp-content\/uploads\/2020\/03\/13-Anillo-Cala-mini-largo-ariadna.jpeg","width":2556,"height":2560,"caption":"Anillo flor cala de plata 925, con aplicaci\u00f3n de oro 22kt. Anillo artesanal cruzado hecho por Carlos Tellechea. Joyer\u00eda de autor original."},{"@type":"BreadcrumbList","@id":"https:\/\/www.arteartesania.com\/de\/producto\/anillo-cala-mini-largo\/#breadcrumb","itemListElement":[{"@type":"ListItem","position":1,"name":"Portada","item":"https:\/\/www.arteartesania.com\/de\/"},{"@type":"ListItem","position":2,"name":"Shop online","item":"https:\/\/www.arteartesania.com\/de\/online-bastelladen\/"},{"@type":"ListItem","position":3,"name":"Cala \u00abMini-langer\u00bb GOLDRING"}]},{"@type":"WebSite","@id":"https:\/\/www.arteartesania.com\/de\/#website","url":"https:\/\/www.arteartesania.com\/de\/","name":"Arteartesania","description":"Original selecci\u00f3n de Artesan\u00eda Contempor\u00e1nea de Autor","publisher":{"@id":"https:\/\/www.arteartesania.com\/de\/#organization"},"potentialAction":[{"@type":"SearchAction","target":{"@type":"EntryPoint","urlTemplate":"https:\/\/www.arteartesania.com\/de\/?s={search_term_string}"},"query-input":{"@type":"PropertyValueSpecification","valueRequired":true,"valueName":"search_term_string"}}],"inLanguage":"de"},{"@type":"Organization","@id":"https:\/\/www.arteartesania.com\/de\/#organization","name":"Arteartesania","url":"https:\/\/www.arteartesania.com\/de\/","logo":{"@type":"ImageObject","inLanguage":"de","@id":"https:\/\/www.arteartesania.com\/de\/#\/schema\/logo\/image\/","url":"https:\/\/www.arteartesania.com\/wp-content\/uploads\/2019\/12\/cropped-logofooter.png","contentUrl":"https:\/\/www.arteartesania.com\/wp-content\/uploads\/2019\/12\/cropped-logofooter.png","width":539,"height":58,"caption":"Arteartesania"},"image":{"@id":"https:\/\/www.arteartesania.com\/de\/#\/schema\/logo\/image\/"}}]}},"_links":{"self":[{"href":"https:\/\/www.arteartesania.com\/de\/wp-json\/wp\/v2\/product\/4987"}],"collection":[{"href":"https:\/\/www.arteartesania.com\/de\/wp-json\/wp\/v2\/product"}],"about":[{"href":"https:\/\/www.arteartesania.com\/de\/wp-json\/wp\/v2\/types\/product"}],"replies":[{"embeddable":true,"href":"https:\/\/www.arteartesania.com\/de\/wp-json\/wp\/v2\/comments?post=4987"}],"wp:featuredmedia":[{"embeddable":true,"href":"https:\/\/www.arteartesania.com\/de\/wp-json\/wp\/v2\/media\/8168"}],"wp:attachment":[{"href":"https:\/\/www.arteartesania.com\/de\/wp-json\/wp\/v2\/media?parent=4987"}],"wp:term":[{"taxonomy":"product_cat","embeddable":true,"href":"https:\/\/www.arteartesania.com\/de\/wp-json\/wp\/v2\/product_cat?post=4987"},{"taxonomy":"product_tag","embeddable":true,"href":"https:\/\/www.arteartesania.com\/de\/wp-json\/wp\/v2\/product_tag?post=4987"}],"curies":[{"name":"wp","href":"https:\/\/api.w.org\/{rel}","templated":true}]}}