{"id":4985,"date":"2020-03-03T14:14:39","date_gmt":"2020-03-03T13:14:39","guid":{"rendered":"http:\/\/www.arteartesania.com\/producto\/brazalete-florentina\/"},"modified":"2021-08-06T10:46:06","modified_gmt":"2021-08-06T08:46:06","slug":"brazalete-florentina","status":"publish","type":"product","link":"https:\/\/www.arteartesania.com\/de\/producto\/brazalete-florentina\/","title":{"rendered":"Calas &#8222;Florentina&#8220; GOLD Armband (5 Calas)"},"content":{"rendered":"<p>ST\u00dcCK: Armband Calas &#8222;Florentina&#8220; GOLD &#8222;(5 Stollen)<br \/>\nMATERIAL: 925 Silber + 22 kt Gold Anwendung.<br \/>\nAUTOR: Carlos Tellechea<\/p>\n<p>Dieses Teil ist relativ verstellbar und bietet die M\u00f6glichkeit, es f\u00fcr eine optimale Passform nur minimal auszudehnen oder zusammenzuziehen.<\/p>\n<p>Da es sich um handgefertigte Einzelst\u00fccke handelt, gibt es KEINE zwei identischen St\u00fccke. Alle haben kleine Variationen.<\/p>\n<p><strong><em>Herstellungstechnik, verwendete Materialien:<\/em><\/strong><\/p>\n<p><span style=\"font-weight: 400\">Die Blumen werden ausgehend von Draht und Silberplatte 925 hergestellt. Das Blatt wird in verschiedene Richtungen gefaltet, bis der K\u00f6rper der Blume erhalten ist, an den ein kleiner Drahtstempel geschwei\u00dft ist, der in einer Kugel endet.<\/span><\/p>\n<p><span style=\"font-weight: 400\">Sobald die Blumen in verschiedenen Gr\u00f6\u00dfen hergestellt sind, werden sie kombiniert, um die verschiedenen St\u00fccke der Sammlung, Armb\u00e4nder, Ohrringe, Ringe usw. zu erhalten.<\/span><\/p>\n<p><span style=\"font-weight: 400\">Die gesamte Kollektion besteht aus 925er Silber und ist mit 22 Karat Blattgold im Kelch der Blume versehen.<\/span><\/p>\n","protected":false},"excerpt":{"rendered":"<p>ST\u00dcCK: Callas &#8222;Florentina&#8220; GOLD &#8222;Armband (5 Callas)<br \/>\nMATERIAL: Silber 925 Gold Anwendung 22 kt.<\/p>\n<p>Das Armband ist in der Gr\u00f6\u00dfe verstellbar<br \/>\nW\u00e4hlen Sie zwischen S, M und L und wir senden Ihnen eine benutzerdefinierte<\/p>\n<p>Unikate von CARLOS TELLECHEA handgefertigt<\/p>\n<p><span style=\"font-weight: 400\">Die Armb\u00e4nder werden auf die Seite gelegt, um zu verhindern, dass sie ihre Form verlieren. Sie treten durch die d\u00fcnne Seite des Handgelenks ein und stellen sich mit einer halben Umdrehung in ihre nat\u00fcrliche Position ein, wobei die Blumen oben hervorstehen.<\/span><\/p>\n","protected":false},"featured_media":4909,"comment_status":"closed","ping_status":"closed","template":"","meta":{"_acf_changed":false,"inline_featured_image":false},"product_cat":[251,246,218,293,243],"product_tag":[776,350,295,296,305],"class_list":{"0":"post-4985","1":"product","2":"type-product","3":"status-publish","4":"has-post-thumbnail","6":"product_cat-armbaender","7":"product_cat-armreifen","8":"product_cat-carlos-tellechea-de","9":"product_cat-las-calas-de-oro-de","10":"product_cat-schmuck","11":"product_tag-brazalete-de","12":"product_tag-carlostellechea-soller-mallorca-joyeria-arteartesania-de","13":"product_tag-ajustable-de","14":"product_tag-calas-de-oro-de","15":"product_tag-joyas-finas-de","17":"first","18":"instock","19":"sold-individually","20":"shipping-taxable","21":"purchasable","22":"product-type-variable"},"acf":[],"yoast_head":"<!-- This site is optimized with the Yoast SEO plugin v23.6 - https:\/\/yoast.com\/wordpress\/plugins\/seo\/ -->\n<title>Calas &quot;Florentina&quot; GOLD Armband (5 Calas) - Arteartesania<\/title>\n<meta name=\"robots\" content=\"index, follow, max-snippet:-1, max-image-preview:large, max-video-preview:-1\" \/>\n<link rel=\"canonical\" href=\"https:\/\/www.arteartesania.com\/de\/producto\/brazalete-florentina\/\" \/>\n<meta property=\"og:locale\" content=\"de_DE\" \/>\n<meta property=\"og:type\" content=\"article\" \/>\n<meta property=\"og:title\" content=\"Calas &quot;Florentina&quot; GOLD Armband (5 Calas) - Arteartesania\" \/>\n<meta property=\"og:description\" content=\"ST\u00dcCK: Callas &quot;Florentina&quot; GOLD &quot;Armband (5 Callas) MATERIAL: Silber 925 Gold Anwendung 22 kt.  Das Armband ist in der Gr\u00f6\u00dfe verstellbar W\u00e4hlen Sie zwischen S, M und L und wir senden Ihnen eine benutzerdefinierte  Unikate von CARLOS TELLECHEA handgefertigt  Die Armb\u00e4nder werden auf die Seite gelegt, um zu verhindern, dass sie ihre Form verlieren. Sie treten durch die d\u00fcnne Seite des Handgelenks ein und stellen sich mit einer halben Umdrehung in ihre nat\u00fcrliche Position ein, wobei die Blumen oben hervorstehen.\" \/>\n<meta property=\"og:url\" content=\"https:\/\/www.arteartesania.com\/de\/producto\/brazalete-florentina\/\" \/>\n<meta property=\"og:site_name\" content=\"Arteartesania\" \/>\n<meta property=\"article:modified_time\" content=\"2021-08-06T08:46:06+00:00\" \/>\n<meta property=\"og:image\" content=\"https:\/\/www.arteartesania.com\/wp-content\/uploads\/2020\/03\/BRA_CT_FLORO-1.jpg\" \/>\n\t<meta property=\"og:image:width\" content=\"1500\" \/>\n\t<meta property=\"og:image:height\" content=\"1500\" \/>\n\t<meta property=\"og:image:type\" content=\"image\/jpeg\" \/>\n<meta name=\"twitter:card\" content=\"summary_large_image\" \/>\n<meta name=\"twitter:label1\" content=\"Gesch\u00e4tzte Lesezeit\" \/>\n\t<meta name=\"twitter:data1\" content=\"1\u00a0Minute\" \/>\n<script type=\"application\/ld+json\" class=\"yoast-schema-graph\">{\"@context\":\"https:\/\/schema.org\",\"@graph\":[{\"@type\":\"WebPage\",\"@id\":\"https:\/\/www.arteartesania.com\/de\/producto\/brazalete-florentina\/\",\"url\":\"https:\/\/www.arteartesania.com\/de\/producto\/brazalete-florentina\/\",\"name\":\"Calas \\\"Florentina\\\" GOLD Armband (5 Calas) - Arteartesania\",\"isPartOf\":{\"@id\":\"https:\/\/www.arteartesania.com\/de\/#website\"},\"primaryImageOfPage\":{\"@id\":\"https:\/\/www.arteartesania.com\/de\/producto\/brazalete-florentina\/#primaryimage\"},\"image\":{\"@id\":\"https:\/\/www.arteartesania.com\/de\/producto\/brazalete-florentina\/#primaryimage\"},\"thumbnailUrl\":\"https:\/\/www.arteartesania.com\/wp-content\/uploads\/2020\/03\/BRA_CT_FLORO-1.jpg\",\"datePublished\":\"2020-03-03T13:14:39+00:00\",\"dateModified\":\"2021-08-06T08:46:06+00:00\",\"breadcrumb\":{\"@id\":\"https:\/\/www.arteartesania.com\/de\/producto\/brazalete-florentina\/#breadcrumb\"},\"inLanguage\":\"de\",\"potentialAction\":[{\"@type\":\"ReadAction\",\"target\":[\"https:\/\/www.arteartesania.com\/de\/producto\/brazalete-florentina\/\"]}]},{\"@type\":\"ImageObject\",\"inLanguage\":\"de\",\"@id\":\"https:\/\/www.arteartesania.com\/de\/producto\/brazalete-florentina\/#primaryimage\",\"url\":\"https:\/\/www.arteartesania.com\/wp-content\/uploads\/2020\/03\/BRA_CT_FLORO-1.jpg\",\"contentUrl\":\"https:\/\/www.arteartesania.com\/wp-content\/uploads\/2020\/03\/BRA_CT_FLORO-1.jpg\",\"width\":1500,\"height\":1500,\"caption\":\"Carlos tellechea joyer\u00eda de autor, joyer\u00eda contempor\u00e1nea, p\u00e1tina de oro, arteartesania,\"},{\"@type\":\"BreadcrumbList\",\"@id\":\"https:\/\/www.arteartesania.com\/de\/producto\/brazalete-florentina\/#breadcrumb\",\"itemListElement\":[{\"@type\":\"ListItem\",\"position\":1,\"name\":\"Portada\",\"item\":\"https:\/\/www.arteartesania.com\/de\/\"},{\"@type\":\"ListItem\",\"position\":2,\"name\":\"Shop online\",\"item\":\"https:\/\/www.arteartesania.com\/de\/online-bastelladen\/\"},{\"@type\":\"ListItem\",\"position\":3,\"name\":\"Calas \u00abFlorentina\u00bb GOLD Armband (5 Calas)\"}]},{\"@type\":\"WebSite\",\"@id\":\"https:\/\/www.arteartesania.com\/de\/#website\",\"url\":\"https:\/\/www.arteartesania.com\/de\/\",\"name\":\"Arteartesania\",\"description\":\"Original selecci\u00f3n de Artesan\u00eda Contempor\u00e1nea de Autor\",\"publisher\":{\"@id\":\"https:\/\/www.arteartesania.com\/de\/#organization\"},\"potentialAction\":[{\"@type\":\"SearchAction\",\"target\":{\"@type\":\"EntryPoint\",\"urlTemplate\":\"https:\/\/www.arteartesania.com\/de\/?s={search_term_string}\"},\"query-input\":{\"@type\":\"PropertyValueSpecification\",\"valueRequired\":true,\"valueName\":\"search_term_string\"}}],\"inLanguage\":\"de\"},{\"@type\":\"Organization\",\"@id\":\"https:\/\/www.arteartesania.com\/de\/#organization\",\"name\":\"Arteartesania\",\"url\":\"https:\/\/www.arteartesania.com\/de\/\",\"logo\":{\"@type\":\"ImageObject\",\"inLanguage\":\"de\",\"@id\":\"https:\/\/www.arteartesania.com\/de\/#\/schema\/logo\/image\/\",\"url\":\"https:\/\/www.arteartesania.com\/wp-content\/uploads\/2019\/12\/cropped-logofooter.png\",\"contentUrl\":\"https:\/\/www.arteartesania.com\/wp-content\/uploads\/2019\/12\/cropped-logofooter.png\",\"width\":539,\"height\":58,\"caption\":\"Arteartesania\"},\"image\":{\"@id\":\"https:\/\/www.arteartesania.com\/de\/#\/schema\/logo\/image\/\"}}]}<\/script>\n<!-- \/ Yoast SEO plugin. -->","yoast_head_json":{"title":"Calas \"Florentina\" GOLD Armband (5 Calas) - Arteartesania","robots":{"index":"index","follow":"follow","max-snippet":"max-snippet:-1","max-image-preview":"max-image-preview:large","max-video-preview":"max-video-preview:-1"},"canonical":"https:\/\/www.arteartesania.com\/de\/producto\/brazalete-florentina\/","og_locale":"de_DE","og_type":"article","og_title":"Calas \"Florentina\" GOLD Armband (5 Calas) - Arteartesania","og_description":"ST\u00dcCK: Callas \"Florentina\" GOLD \"Armband (5 Callas) MATERIAL: Silber 925 Gold Anwendung 22 kt.  Das Armband ist in der Gr\u00f6\u00dfe verstellbar W\u00e4hlen Sie zwischen S, M und L und wir senden Ihnen eine benutzerdefinierte  Unikate von CARLOS TELLECHEA handgefertigt  Die Armb\u00e4nder werden auf die Seite gelegt, um zu verhindern, dass sie ihre Form verlieren. Sie treten durch die d\u00fcnne Seite des Handgelenks ein und stellen sich mit einer halben Umdrehung in ihre nat\u00fcrliche Position ein, wobei die Blumen oben hervorstehen.","og_url":"https:\/\/www.arteartesania.com\/de\/producto\/brazalete-florentina\/","og_site_name":"Arteartesania","article_modified_time":"2021-08-06T08:46:06+00:00","og_image":[{"width":1500,"height":1500,"url":"https:\/\/www.arteartesania.com\/wp-content\/uploads\/2020\/03\/BRA_CT_FLORO-1.jpg","type":"image\/jpeg"}],"twitter_card":"summary_large_image","twitter_misc":{"Gesch\u00e4tzte Lesezeit":"1\u00a0Minute"},"schema":{"@context":"https:\/\/schema.org","@graph":[{"@type":"WebPage","@id":"https:\/\/www.arteartesania.com\/de\/producto\/brazalete-florentina\/","url":"https:\/\/www.arteartesania.com\/de\/producto\/brazalete-florentina\/","name":"Calas \"Florentina\" GOLD Armband (5 Calas) - Arteartesania","isPartOf":{"@id":"https:\/\/www.arteartesania.com\/de\/#website"},"primaryImageOfPage":{"@id":"https:\/\/www.arteartesania.com\/de\/producto\/brazalete-florentina\/#primaryimage"},"image":{"@id":"https:\/\/www.arteartesania.com\/de\/producto\/brazalete-florentina\/#primaryimage"},"thumbnailUrl":"https:\/\/www.arteartesania.com\/wp-content\/uploads\/2020\/03\/BRA_CT_FLORO-1.jpg","datePublished":"2020-03-03T13:14:39+00:00","dateModified":"2021-08-06T08:46:06+00:00","breadcrumb":{"@id":"https:\/\/www.arteartesania.com\/de\/producto\/brazalete-florentina\/#breadcrumb"},"inLanguage":"de","potentialAction":[{"@type":"ReadAction","target":["https:\/\/www.arteartesania.com\/de\/producto\/brazalete-florentina\/"]}]},{"@type":"ImageObject","inLanguage":"de","@id":"https:\/\/www.arteartesania.com\/de\/producto\/brazalete-florentina\/#primaryimage","url":"https:\/\/www.arteartesania.com\/wp-content\/uploads\/2020\/03\/BRA_CT_FLORO-1.jpg","contentUrl":"https:\/\/www.arteartesania.com\/wp-content\/uploads\/2020\/03\/BRA_CT_FLORO-1.jpg","width":1500,"height":1500,"caption":"Carlos tellechea joyer\u00eda de autor, joyer\u00eda contempor\u00e1nea, p\u00e1tina de oro, arteartesania,"},{"@type":"BreadcrumbList","@id":"https:\/\/www.arteartesania.com\/de\/producto\/brazalete-florentina\/#breadcrumb","itemListElement":[{"@type":"ListItem","position":1,"name":"Portada","item":"https:\/\/www.arteartesania.com\/de\/"},{"@type":"ListItem","position":2,"name":"Shop online","item":"https:\/\/www.arteartesania.com\/de\/online-bastelladen\/"},{"@type":"ListItem","position":3,"name":"Calas \u00abFlorentina\u00bb GOLD Armband (5 Calas)"}]},{"@type":"WebSite","@id":"https:\/\/www.arteartesania.com\/de\/#website","url":"https:\/\/www.arteartesania.com\/de\/","name":"Arteartesania","description":"Original selecci\u00f3n de Artesan\u00eda Contempor\u00e1nea de Autor","publisher":{"@id":"https:\/\/www.arteartesania.com\/de\/#organization"},"potentialAction":[{"@type":"SearchAction","target":{"@type":"EntryPoint","urlTemplate":"https:\/\/www.arteartesania.com\/de\/?s={search_term_string}"},"query-input":{"@type":"PropertyValueSpecification","valueRequired":true,"valueName":"search_term_string"}}],"inLanguage":"de"},{"@type":"Organization","@id":"https:\/\/www.arteartesania.com\/de\/#organization","name":"Arteartesania","url":"https:\/\/www.arteartesania.com\/de\/","logo":{"@type":"ImageObject","inLanguage":"de","@id":"https:\/\/www.arteartesania.com\/de\/#\/schema\/logo\/image\/","url":"https:\/\/www.arteartesania.com\/wp-content\/uploads\/2019\/12\/cropped-logofooter.png","contentUrl":"https:\/\/www.arteartesania.com\/wp-content\/uploads\/2019\/12\/cropped-logofooter.png","width":539,"height":58,"caption":"Arteartesania"},"image":{"@id":"https:\/\/www.arteartesania.com\/de\/#\/schema\/logo\/image\/"}}]}},"_links":{"self":[{"href":"https:\/\/www.arteartesania.com\/de\/wp-json\/wp\/v2\/product\/4985"}],"collection":[{"href":"https:\/\/www.arteartesania.com\/de\/wp-json\/wp\/v2\/product"}],"about":[{"href":"https:\/\/www.arteartesania.com\/de\/wp-json\/wp\/v2\/types\/product"}],"replies":[{"embeddable":true,"href":"https:\/\/www.arteartesania.com\/de\/wp-json\/wp\/v2\/comments?post=4985"}],"wp:featuredmedia":[{"embeddable":true,"href":"https:\/\/www.arteartesania.com\/de\/wp-json\/wp\/v2\/media\/4909"}],"wp:attachment":[{"href":"https:\/\/www.arteartesania.com\/de\/wp-json\/wp\/v2\/media?parent=4985"}],"wp:term":[{"taxonomy":"product_cat","embeddable":true,"href":"https:\/\/www.arteartesania.com\/de\/wp-json\/wp\/v2\/product_cat?post=4985"},{"taxonomy":"product_tag","embeddable":true,"href":"https:\/\/www.arteartesania.com\/de\/wp-json\/wp\/v2\/product_tag?post=4985"}],"curies":[{"name":"wp","href":"https:\/\/api.w.org\/{rel}","templated":true}]}}