{"id":4983,"date":"2020-03-03T14:14:39","date_gmt":"2020-03-03T13:14:39","guid":{"rendered":"http:\/\/www.arteartesania.com\/producto\/pendiente-cala-grande-de-colgar\/"},"modified":"2021-05-25T14:02:26","modified_gmt":"2021-05-25T12:02:26","slug":"pendiente-cala-grande-de-colgar","status":"publish","type":"product","link":"https:\/\/www.arteartesania.com\/de\/producto\/pendiente-cala-grande-de-colgar\/","title":{"rendered":"Gro\u00dfe Cala Gold h\u00e4ngende Ohrringe"},"content":{"rendered":"<p>ST\u00dcCK: Gro\u00dfe Cala-Ohrringe<br \/>\nMATERIAL: Sterling Silber und 22 kt Gold Anwendung.<br \/>\nGR\u00d6SSE: ca. 5,2 cm lang<br \/>\nGewicht ca. 6,5 g pc. (Insgesamt 13 g)<\/p>\n<p><em><strong>Herstellungstechnik, verwendete Materialien:<\/strong><\/em><\/p>\n<p><span style=\"font-weight: 400\">Die Blumen werden ausgehend von Draht und Silberplatte 925 hergestellt. Das Blatt wird in verschiedene Richtungen gefaltet, bis der K\u00f6rper der Blume erhalten ist, an den ein kleiner Drahtstempel geschwei\u00dft ist, der in einer Kugel endet.<\/span><\/p>\n<p><span style=\"font-weight: 400\">Sobald die Blumen in verschiedenen Gr\u00f6\u00dfen hergestellt sind, werden sie kombiniert, um die verschiedenen St\u00fccke der Sammlung, Armb\u00e4nder, Ohrringe, Ringe usw. zu erhalten.<\/span><\/p>\n<p><span style=\"font-weight: 400\">Die gesamte Kollektion besteht aus 925er Silber und ist mit 22 Karat Blattgold im Kelch der Blume versehen.<\/span><\/p>\n","protected":false},"excerpt":{"rendered":"<p>ST\u00dcCK: Gro\u00dfe Cala-Ohrringe<br \/>\nMATERIAL: Sterling Silber und 22 kt Gold Anwendung.<br \/>\nGR\u00d6SSE: ca. 5,2 cm lang<br \/>\nGewicht ca. 6,5 g pc. (Insgesamt 13 g)<\/p>\n<p>Unikat handgefertigt von CARLOS TELLECHEA<\/p>\n","protected":false},"featured_media":4918,"comment_status":"closed","ping_status":"closed","template":"","meta":{"_acf_changed":false,"inline_featured_image":false},"product_cat":[218,293,250,243],"product_tag":[350,296,411,412,311],"class_list":{"0":"post-4983","1":"product","2":"type-product","3":"status-publish","4":"has-post-thumbnail","6":"product_cat-carlos-tellechea-de","7":"product_cat-las-calas-de-oro-de","8":"product_cat-ohrringe","9":"product_cat-schmuck","10":"product_tag-carlostellechea-soller-mallorca-joyeria-arteartesania-de","11":"product_tag-calas-de-oro-de","12":"product_tag-earring-de","13":"product_tag-pendientes-en-de","14":"product_tag-pendientes-de-colgar-de","16":"first","17":"instock","18":"shipping-taxable","19":"purchasable","20":"product-type-simple"},"acf":[],"yoast_head":"<!-- This site is optimized with the Yoast SEO plugin v23.6 - https:\/\/yoast.com\/wordpress\/plugins\/seo\/ -->\n<title>Gro\u00dfe Cala Gold h\u00e4ngende Ohrringe - Arteartesania<\/title>\n<meta name=\"robots\" content=\"index, follow, max-snippet:-1, max-image-preview:large, max-video-preview:-1\" \/>\n<link rel=\"canonical\" href=\"https:\/\/www.arteartesania.com\/de\/producto\/pendiente-cala-grande-de-colgar\/\" \/>\n<meta property=\"og:locale\" content=\"de_DE\" \/>\n<meta property=\"og:type\" content=\"article\" \/>\n<meta property=\"og:title\" content=\"Gro\u00dfe Cala Gold h\u00e4ngende Ohrringe - Arteartesania\" \/>\n<meta property=\"og:description\" content=\"ST\u00dcCK: Gro\u00dfe Cala-Ohrringe MATERIAL: Sterling Silber und 22 kt Gold Anwendung. GR\u00d6SSE: ca. 5,2 cm lang Gewicht ca. 6,5 g pc. (Insgesamt 13 g)  Unikat handgefertigt von CARLOS TELLECHEA\" \/>\n<meta property=\"og:url\" content=\"https:\/\/www.arteartesania.com\/de\/producto\/pendiente-cala-grande-de-colgar\/\" \/>\n<meta property=\"og:site_name\" content=\"Arteartesania\" \/>\n<meta property=\"article:modified_time\" content=\"2021-05-25T12:02:26+00:00\" \/>\n<meta property=\"og:image\" content=\"https:\/\/www.arteartesania.com\/wp-content\/uploads\/2020\/03\/PEND_CT_CGO-1.jpg\" \/>\n\t<meta property=\"og:image:width\" content=\"1500\" \/>\n\t<meta property=\"og:image:height\" content=\"1500\" \/>\n\t<meta property=\"og:image:type\" content=\"image\/jpeg\" \/>\n<meta name=\"twitter:card\" content=\"summary_large_image\" \/>\n<meta name=\"twitter:label1\" content=\"Gesch\u00e4tzte Lesezeit\" \/>\n\t<meta name=\"twitter:data1\" content=\"1\u00a0Minute\" \/>\n<script type=\"application\/ld+json\" class=\"yoast-schema-graph\">{\"@context\":\"https:\/\/schema.org\",\"@graph\":[{\"@type\":\"WebPage\",\"@id\":\"https:\/\/www.arteartesania.com\/de\/producto\/pendiente-cala-grande-de-colgar\/\",\"url\":\"https:\/\/www.arteartesania.com\/de\/producto\/pendiente-cala-grande-de-colgar\/\",\"name\":\"Gro\u00dfe Cala Gold h\u00e4ngende Ohrringe - Arteartesania\",\"isPartOf\":{\"@id\":\"https:\/\/www.arteartesania.com\/de\/#website\"},\"primaryImageOfPage\":{\"@id\":\"https:\/\/www.arteartesania.com\/de\/producto\/pendiente-cala-grande-de-colgar\/#primaryimage\"},\"image\":{\"@id\":\"https:\/\/www.arteartesania.com\/de\/producto\/pendiente-cala-grande-de-colgar\/#primaryimage\"},\"thumbnailUrl\":\"https:\/\/www.arteartesania.com\/wp-content\/uploads\/2020\/03\/PEND_CT_CGO-1.jpg\",\"datePublished\":\"2020-03-03T13:14:39+00:00\",\"dateModified\":\"2021-05-25T12:02:26+00:00\",\"breadcrumb\":{\"@id\":\"https:\/\/www.arteartesania.com\/de\/producto\/pendiente-cala-grande-de-colgar\/#breadcrumb\"},\"inLanguage\":\"de\",\"potentialAction\":[{\"@type\":\"ReadAction\",\"target\":[\"https:\/\/www.arteartesania.com\/de\/producto\/pendiente-cala-grande-de-colgar\/\"]}]},{\"@type\":\"ImageObject\",\"inLanguage\":\"de\",\"@id\":\"https:\/\/www.arteartesania.com\/de\/producto\/pendiente-cala-grande-de-colgar\/#primaryimage\",\"url\":\"https:\/\/www.arteartesania.com\/wp-content\/uploads\/2020\/03\/PEND_CT_CGO-1.jpg\",\"contentUrl\":\"https:\/\/www.arteartesania.com\/wp-content\/uploads\/2020\/03\/PEND_CT_CGO-1.jpg\",\"width\":1500,\"height\":1500,\"caption\":\"Big Cala Earrings\"},{\"@type\":\"BreadcrumbList\",\"@id\":\"https:\/\/www.arteartesania.com\/de\/producto\/pendiente-cala-grande-de-colgar\/#breadcrumb\",\"itemListElement\":[{\"@type\":\"ListItem\",\"position\":1,\"name\":\"Portada\",\"item\":\"https:\/\/www.arteartesania.com\/de\/\"},{\"@type\":\"ListItem\",\"position\":2,\"name\":\"Shop online\",\"item\":\"https:\/\/www.arteartesania.com\/de\/online-bastelladen\/\"},{\"@type\":\"ListItem\",\"position\":3,\"name\":\"Gro\u00dfe Cala Gold h\u00e4ngende Ohrringe\"}]},{\"@type\":\"WebSite\",\"@id\":\"https:\/\/www.arteartesania.com\/de\/#website\",\"url\":\"https:\/\/www.arteartesania.com\/de\/\",\"name\":\"Arteartesania\",\"description\":\"Original selecci\u00f3n de Artesan\u00eda Contempor\u00e1nea de Autor\",\"publisher\":{\"@id\":\"https:\/\/www.arteartesania.com\/de\/#organization\"},\"potentialAction\":[{\"@type\":\"SearchAction\",\"target\":{\"@type\":\"EntryPoint\",\"urlTemplate\":\"https:\/\/www.arteartesania.com\/de\/?s={search_term_string}\"},\"query-input\":{\"@type\":\"PropertyValueSpecification\",\"valueRequired\":true,\"valueName\":\"search_term_string\"}}],\"inLanguage\":\"de\"},{\"@type\":\"Organization\",\"@id\":\"https:\/\/www.arteartesania.com\/de\/#organization\",\"name\":\"Arteartesania\",\"url\":\"https:\/\/www.arteartesania.com\/de\/\",\"logo\":{\"@type\":\"ImageObject\",\"inLanguage\":\"de\",\"@id\":\"https:\/\/www.arteartesania.com\/de\/#\/schema\/logo\/image\/\",\"url\":\"https:\/\/www.arteartesania.com\/wp-content\/uploads\/2019\/12\/cropped-logofooter.png\",\"contentUrl\":\"https:\/\/www.arteartesania.com\/wp-content\/uploads\/2019\/12\/cropped-logofooter.png\",\"width\":539,\"height\":58,\"caption\":\"Arteartesania\"},\"image\":{\"@id\":\"https:\/\/www.arteartesania.com\/de\/#\/schema\/logo\/image\/\"}}]}<\/script>\n<!-- \/ Yoast SEO plugin. -->","yoast_head_json":{"title":"Gro\u00dfe Cala Gold h\u00e4ngende Ohrringe - Arteartesania","robots":{"index":"index","follow":"follow","max-snippet":"max-snippet:-1","max-image-preview":"max-image-preview:large","max-video-preview":"max-video-preview:-1"},"canonical":"https:\/\/www.arteartesania.com\/de\/producto\/pendiente-cala-grande-de-colgar\/","og_locale":"de_DE","og_type":"article","og_title":"Gro\u00dfe Cala Gold h\u00e4ngende Ohrringe - Arteartesania","og_description":"ST\u00dcCK: Gro\u00dfe Cala-Ohrringe MATERIAL: Sterling Silber und 22 kt Gold Anwendung. GR\u00d6SSE: ca. 5,2 cm lang Gewicht ca. 6,5 g pc. (Insgesamt 13 g)  Unikat handgefertigt von CARLOS TELLECHEA","og_url":"https:\/\/www.arteartesania.com\/de\/producto\/pendiente-cala-grande-de-colgar\/","og_site_name":"Arteartesania","article_modified_time":"2021-05-25T12:02:26+00:00","og_image":[{"width":1500,"height":1500,"url":"https:\/\/www.arteartesania.com\/wp-content\/uploads\/2020\/03\/PEND_CT_CGO-1.jpg","type":"image\/jpeg"}],"twitter_card":"summary_large_image","twitter_misc":{"Gesch\u00e4tzte Lesezeit":"1\u00a0Minute"},"schema":{"@context":"https:\/\/schema.org","@graph":[{"@type":"WebPage","@id":"https:\/\/www.arteartesania.com\/de\/producto\/pendiente-cala-grande-de-colgar\/","url":"https:\/\/www.arteartesania.com\/de\/producto\/pendiente-cala-grande-de-colgar\/","name":"Gro\u00dfe Cala Gold h\u00e4ngende Ohrringe - Arteartesania","isPartOf":{"@id":"https:\/\/www.arteartesania.com\/de\/#website"},"primaryImageOfPage":{"@id":"https:\/\/www.arteartesania.com\/de\/producto\/pendiente-cala-grande-de-colgar\/#primaryimage"},"image":{"@id":"https:\/\/www.arteartesania.com\/de\/producto\/pendiente-cala-grande-de-colgar\/#primaryimage"},"thumbnailUrl":"https:\/\/www.arteartesania.com\/wp-content\/uploads\/2020\/03\/PEND_CT_CGO-1.jpg","datePublished":"2020-03-03T13:14:39+00:00","dateModified":"2021-05-25T12:02:26+00:00","breadcrumb":{"@id":"https:\/\/www.arteartesania.com\/de\/producto\/pendiente-cala-grande-de-colgar\/#breadcrumb"},"inLanguage":"de","potentialAction":[{"@type":"ReadAction","target":["https:\/\/www.arteartesania.com\/de\/producto\/pendiente-cala-grande-de-colgar\/"]}]},{"@type":"ImageObject","inLanguage":"de","@id":"https:\/\/www.arteartesania.com\/de\/producto\/pendiente-cala-grande-de-colgar\/#primaryimage","url":"https:\/\/www.arteartesania.com\/wp-content\/uploads\/2020\/03\/PEND_CT_CGO-1.jpg","contentUrl":"https:\/\/www.arteartesania.com\/wp-content\/uploads\/2020\/03\/PEND_CT_CGO-1.jpg","width":1500,"height":1500,"caption":"Big Cala Earrings"},{"@type":"BreadcrumbList","@id":"https:\/\/www.arteartesania.com\/de\/producto\/pendiente-cala-grande-de-colgar\/#breadcrumb","itemListElement":[{"@type":"ListItem","position":1,"name":"Portada","item":"https:\/\/www.arteartesania.com\/de\/"},{"@type":"ListItem","position":2,"name":"Shop online","item":"https:\/\/www.arteartesania.com\/de\/online-bastelladen\/"},{"@type":"ListItem","position":3,"name":"Gro\u00dfe Cala Gold h\u00e4ngende Ohrringe"}]},{"@type":"WebSite","@id":"https:\/\/www.arteartesania.com\/de\/#website","url":"https:\/\/www.arteartesania.com\/de\/","name":"Arteartesania","description":"Original selecci\u00f3n de Artesan\u00eda Contempor\u00e1nea de Autor","publisher":{"@id":"https:\/\/www.arteartesania.com\/de\/#organization"},"potentialAction":[{"@type":"SearchAction","target":{"@type":"EntryPoint","urlTemplate":"https:\/\/www.arteartesania.com\/de\/?s={search_term_string}"},"query-input":{"@type":"PropertyValueSpecification","valueRequired":true,"valueName":"search_term_string"}}],"inLanguage":"de"},{"@type":"Organization","@id":"https:\/\/www.arteartesania.com\/de\/#organization","name":"Arteartesania","url":"https:\/\/www.arteartesania.com\/de\/","logo":{"@type":"ImageObject","inLanguage":"de","@id":"https:\/\/www.arteartesania.com\/de\/#\/schema\/logo\/image\/","url":"https:\/\/www.arteartesania.com\/wp-content\/uploads\/2019\/12\/cropped-logofooter.png","contentUrl":"https:\/\/www.arteartesania.com\/wp-content\/uploads\/2019\/12\/cropped-logofooter.png","width":539,"height":58,"caption":"Arteartesania"},"image":{"@id":"https:\/\/www.arteartesania.com\/de\/#\/schema\/logo\/image\/"}}]}},"_links":{"self":[{"href":"https:\/\/www.arteartesania.com\/de\/wp-json\/wp\/v2\/product\/4983"}],"collection":[{"href":"https:\/\/www.arteartesania.com\/de\/wp-json\/wp\/v2\/product"}],"about":[{"href":"https:\/\/www.arteartesania.com\/de\/wp-json\/wp\/v2\/types\/product"}],"replies":[{"embeddable":true,"href":"https:\/\/www.arteartesania.com\/de\/wp-json\/wp\/v2\/comments?post=4983"}],"wp:featuredmedia":[{"embeddable":true,"href":"https:\/\/www.arteartesania.com\/de\/wp-json\/wp\/v2\/media\/4918"}],"wp:attachment":[{"href":"https:\/\/www.arteartesania.com\/de\/wp-json\/wp\/v2\/media?parent=4983"}],"wp:term":[{"taxonomy":"product_cat","embeddable":true,"href":"https:\/\/www.arteartesania.com\/de\/wp-json\/wp\/v2\/product_cat?post=4983"},{"taxonomy":"product_tag","embeddable":true,"href":"https:\/\/www.arteartesania.com\/de\/wp-json\/wp\/v2\/product_tag?post=4983"}],"curies":[{"name":"wp","href":"https:\/\/api.w.org\/{rel}","templated":true}]}}