{"id":4977,"date":"2020-03-03T14:14:40","date_gmt":"2020-03-03T13:14:40","guid":{"rendered":"http:\/\/www.arteartesania.com\/producto\/brazalete-de-1-cala-grande\/"},"modified":"2021-05-25T13:43:12","modified_gmt":"2021-05-25T11:43:12","slug":"brazalete-de-1-cala-grande","status":"publish","type":"product","link":"https:\/\/www.arteartesania.com\/de\/producto\/brazalete-de-1-cala-grande\/","title":{"rendered":"Silberarmband mit 1 gro\u00dfen Calla"},"content":{"rendered":"<div class=\"tlid-input input\">\n<div class=\"source-wrap\">\n<div class=\"input-full-height-wrapper tlid-input-full-height-wrapper\">\n<div class=\"source-input\">\n<div class=\"source-footer-wrap source-or-target-footer\">\n<div class=\"character-count tlid-character-count\">\n<p>ST\u00dcCK: Silberarmband mit 1 gro\u00dfen Calla<br \/>\nMATERIAL: 925 Silber + 22 kt Blattgoldapplikation.<\/p>\n<p>Unikat handgefertigt von<\/p>\n<p>Das Armband ist offen und seine Gr\u00f6\u00dfe ist verstellbar. W\u00e4hlen Sie zwischen den Gr\u00f6\u00dfen S, M oder L oder senden Sie uns Ihre Handgelenkgr\u00f6\u00dfe und wir senden Ihnen eine benutzerdefinierte Gr\u00f6\u00dfe.<\/p>\n<p><strong><em>Herstellungstechnik, verwendete Materialien:<\/em><\/strong><\/p>\n<p><span style=\"font-weight: 400\">Die Blumen werden ausgehend von Draht und Silberplatte 925 hergestellt. Das Blatt wird in verschiedene Richtungen gefaltet, bis der K\u00f6rper der Blume erhalten ist, an den ein kleiner Drahtstempel geschwei\u00dft ist, der in einer Kugel endet.<\/span><\/p>\n<p><span style=\"font-weight: 400\">Sobald die Blumen in verschiedenen Gr\u00f6\u00dfen hergestellt sind, werden sie kombiniert, um die verschiedenen St\u00fccke der Sammlung, Armb\u00e4nder, Ohrringe, Ringe usw. zu erhalten.<\/span><\/p>\n<p><span style=\"font-weight: 400\">Die gesamte Kollektion besteht aus 925er Silber und ist mit 22 Karat Blattgold im Kelch der Blume versehen.<\/span><\/p>\n<\/div>\n<\/div>\n<\/div>\n<\/div>\n<\/div>\n<\/div>\n","protected":false},"excerpt":{"rendered":"<div class=\"tlid-input input\">\n<div class=\"source-wrap\">\n<div class=\"input-full-height-wrapper tlid-input-full-height-wrapper\">\n<div class=\"source-input\">\n<div class=\"source-footer-wrap source-or-target-footer\">\n<div class=\"character-count tlid-character-count\">\n<p>ST\u00dcCK: Silberarmband mit 1 gro\u00dfen Calla<br \/>\nMATERIAL: 925 Silber + 22 kt Blattgoldapplikation.<\/p>\n<p>Unikat handgefertigt von<\/p>\n<p>Das Armband ist offen und seine Gr\u00f6\u00dfe ist verstellbar. W\u00e4hlen Sie zwischen den Gr\u00f6\u00dfen S, M oder L oder senden Sie uns Ihre Handgelenkgr\u00f6\u00dfe und wir senden Ihnen eine benutzerdefinierte Gr\u00f6\u00dfe.<\/p>\n<p><span style=\"font-weight: 400\">Die Armb\u00e4nder werden auf die Seite gelegt, um zu verhindern, dass sie ihre Form verlieren. Sie treten durch die d\u00fcnne Seite des Handgelenks ein und stellen sich mit einer halben Umdrehung in ihre nat\u00fcrliche Position ein, wobei die Blumen oben hervorstehen.<\/span><\/p>\n<\/div>\n<\/div>\n<\/div>\n<\/div>\n<\/div>\n<\/div>\n","protected":false},"featured_media":4933,"comment_status":"closed","ping_status":"closed","template":"","meta":{"_acf_changed":false,"inline_featured_image":false},"product_cat":[246,218,293,243],"product_tag":[295,296],"class_list":{"0":"post-4977","1":"product","2":"type-product","3":"status-publish","4":"has-post-thumbnail","6":"product_cat-armreifen","7":"product_cat-carlos-tellechea-de","8":"product_cat-las-calas-de-oro-de","9":"product_cat-schmuck","10":"product_tag-ajustable-de","11":"product_tag-calas-de-oro-de","13":"first","14":"instock","15":"shipping-taxable","16":"purchasable","17":"product-type-simple"},"acf":[],"yoast_head":"<!-- This site is optimized with the Yoast SEO plugin v23.6 - https:\/\/yoast.com\/wordpress\/plugins\/seo\/ -->\n<title>Silberarmband mit 1 gro\u00dfen Calla - Arteartesania<\/title>\n<meta name=\"robots\" content=\"index, follow, max-snippet:-1, max-image-preview:large, max-video-preview:-1\" \/>\n<link rel=\"canonical\" href=\"https:\/\/www.arteartesania.com\/de\/producto\/brazalete-de-1-cala-grande\/\" \/>\n<meta property=\"og:locale\" content=\"de_DE\" \/>\n<meta property=\"og:type\" content=\"article\" \/>\n<meta property=\"og:title\" content=\"Silberarmband mit 1 gro\u00dfen Calla - Arteartesania\" \/>\n<meta property=\"og:description\" content=\"ST\u00dcCK: Silberarmband mit 1 gro\u00dfen Calla MATERIAL: 925 Silber + 22 kt Blattgoldapplikation.  Unikat handgefertigt von  Das Armband ist offen und seine Gr\u00f6\u00dfe ist verstellbar. W\u00e4hlen Sie zwischen den Gr\u00f6\u00dfen S, M oder L oder senden Sie uns Ihre Handgelenkgr\u00f6\u00dfe und wir senden Ihnen eine benutzerdefinierte Gr\u00f6\u00dfe.  Die Armb\u00e4nder werden auf die Seite gelegt, um zu verhindern, dass sie ihre Form verlieren. Sie treten durch die d\u00fcnne Seite des Handgelenks ein und stellen sich mit einer halben Umdrehung in ihre nat\u00fcrliche Position ein, wobei die Blumen oben hervorstehen.\" \/>\n<meta property=\"og:url\" content=\"https:\/\/www.arteartesania.com\/de\/producto\/brazalete-de-1-cala-grande\/\" \/>\n<meta property=\"og:site_name\" content=\"Arteartesania\" \/>\n<meta property=\"article:modified_time\" content=\"2021-05-25T11:43:12+00:00\" \/>\n<meta property=\"og:image\" content=\"https:\/\/www.arteartesania.com\/wp-content\/uploads\/2020\/03\/BRA_CT_1CGO.jpg\" \/>\n\t<meta property=\"og:image:width\" content=\"2243\" \/>\n\t<meta property=\"og:image:height\" content=\"2243\" \/>\n\t<meta property=\"og:image:type\" content=\"image\/jpeg\" \/>\n<meta name=\"twitter:card\" content=\"summary_large_image\" \/>\n<meta name=\"twitter:label1\" content=\"Gesch\u00e4tzte Lesezeit\" \/>\n\t<meta name=\"twitter:data1\" content=\"1\u00a0Minute\" \/>\n<script type=\"application\/ld+json\" class=\"yoast-schema-graph\">{\"@context\":\"https:\/\/schema.org\",\"@graph\":[{\"@type\":\"WebPage\",\"@id\":\"https:\/\/www.arteartesania.com\/de\/producto\/brazalete-de-1-cala-grande\/\",\"url\":\"https:\/\/www.arteartesania.com\/de\/producto\/brazalete-de-1-cala-grande\/\",\"name\":\"Silberarmband mit 1 gro\u00dfen Calla - Arteartesania\",\"isPartOf\":{\"@id\":\"https:\/\/www.arteartesania.com\/de\/#website\"},\"primaryImageOfPage\":{\"@id\":\"https:\/\/www.arteartesania.com\/de\/producto\/brazalete-de-1-cala-grande\/#primaryimage\"},\"image\":{\"@id\":\"https:\/\/www.arteartesania.com\/de\/producto\/brazalete-de-1-cala-grande\/#primaryimage\"},\"thumbnailUrl\":\"https:\/\/www.arteartesania.com\/wp-content\/uploads\/2020\/03\/BRA_CT_1CGO.jpg\",\"datePublished\":\"2020-03-03T13:14:40+00:00\",\"dateModified\":\"2021-05-25T11:43:12+00:00\",\"breadcrumb\":{\"@id\":\"https:\/\/www.arteartesania.com\/de\/producto\/brazalete-de-1-cala-grande\/#breadcrumb\"},\"inLanguage\":\"de\",\"potentialAction\":[{\"@type\":\"ReadAction\",\"target\":[\"https:\/\/www.arteartesania.com\/de\/producto\/brazalete-de-1-cala-grande\/\"]}]},{\"@type\":\"ImageObject\",\"inLanguage\":\"de\",\"@id\":\"https:\/\/www.arteartesania.com\/de\/producto\/brazalete-de-1-cala-grande\/#primaryimage\",\"url\":\"https:\/\/www.arteartesania.com\/wp-content\/uploads\/2020\/03\/BRA_CT_1CGO.jpg\",\"contentUrl\":\"https:\/\/www.arteartesania.com\/wp-content\/uploads\/2020\/03\/BRA_CT_1CGO.jpg\",\"width\":2243,\"height\":2243,\"caption\":\"Carlos tellechea joyer\u00eda de autor, joyer\u00eda contempor\u00e1nea, p\u00e1tina de oro, arteartesania,\"},{\"@type\":\"BreadcrumbList\",\"@id\":\"https:\/\/www.arteartesania.com\/de\/producto\/brazalete-de-1-cala-grande\/#breadcrumb\",\"itemListElement\":[{\"@type\":\"ListItem\",\"position\":1,\"name\":\"Portada\",\"item\":\"https:\/\/www.arteartesania.com\/de\/\"},{\"@type\":\"ListItem\",\"position\":2,\"name\":\"Shop online\",\"item\":\"https:\/\/www.arteartesania.com\/de\/online-bastelladen\/\"},{\"@type\":\"ListItem\",\"position\":3,\"name\":\"Silberarmband mit 1 gro\u00dfen Calla\"}]},{\"@type\":\"WebSite\",\"@id\":\"https:\/\/www.arteartesania.com\/de\/#website\",\"url\":\"https:\/\/www.arteartesania.com\/de\/\",\"name\":\"Arteartesania\",\"description\":\"Original selecci\u00f3n de Artesan\u00eda Contempor\u00e1nea de Autor\",\"publisher\":{\"@id\":\"https:\/\/www.arteartesania.com\/de\/#organization\"},\"potentialAction\":[{\"@type\":\"SearchAction\",\"target\":{\"@type\":\"EntryPoint\",\"urlTemplate\":\"https:\/\/www.arteartesania.com\/de\/?s={search_term_string}\"},\"query-input\":{\"@type\":\"PropertyValueSpecification\",\"valueRequired\":true,\"valueName\":\"search_term_string\"}}],\"inLanguage\":\"de\"},{\"@type\":\"Organization\",\"@id\":\"https:\/\/www.arteartesania.com\/de\/#organization\",\"name\":\"Arteartesania\",\"url\":\"https:\/\/www.arteartesania.com\/de\/\",\"logo\":{\"@type\":\"ImageObject\",\"inLanguage\":\"de\",\"@id\":\"https:\/\/www.arteartesania.com\/de\/#\/schema\/logo\/image\/\",\"url\":\"https:\/\/www.arteartesania.com\/wp-content\/uploads\/2019\/12\/cropped-logofooter.png\",\"contentUrl\":\"https:\/\/www.arteartesania.com\/wp-content\/uploads\/2019\/12\/cropped-logofooter.png\",\"width\":539,\"height\":58,\"caption\":\"Arteartesania\"},\"image\":{\"@id\":\"https:\/\/www.arteartesania.com\/de\/#\/schema\/logo\/image\/\"}}]}<\/script>\n<!-- \/ Yoast SEO plugin. -->","yoast_head_json":{"title":"Silberarmband mit 1 gro\u00dfen Calla - Arteartesania","robots":{"index":"index","follow":"follow","max-snippet":"max-snippet:-1","max-image-preview":"max-image-preview:large","max-video-preview":"max-video-preview:-1"},"canonical":"https:\/\/www.arteartesania.com\/de\/producto\/brazalete-de-1-cala-grande\/","og_locale":"de_DE","og_type":"article","og_title":"Silberarmband mit 1 gro\u00dfen Calla - Arteartesania","og_description":"ST\u00dcCK: Silberarmband mit 1 gro\u00dfen Calla MATERIAL: 925 Silber + 22 kt Blattgoldapplikation.  Unikat handgefertigt von  Das Armband ist offen und seine Gr\u00f6\u00dfe ist verstellbar. W\u00e4hlen Sie zwischen den Gr\u00f6\u00dfen S, M oder L oder senden Sie uns Ihre Handgelenkgr\u00f6\u00dfe und wir senden Ihnen eine benutzerdefinierte Gr\u00f6\u00dfe.  Die Armb\u00e4nder werden auf die Seite gelegt, um zu verhindern, dass sie ihre Form verlieren. Sie treten durch die d\u00fcnne Seite des Handgelenks ein und stellen sich mit einer halben Umdrehung in ihre nat\u00fcrliche Position ein, wobei die Blumen oben hervorstehen.","og_url":"https:\/\/www.arteartesania.com\/de\/producto\/brazalete-de-1-cala-grande\/","og_site_name":"Arteartesania","article_modified_time":"2021-05-25T11:43:12+00:00","og_image":[{"width":2243,"height":2243,"url":"https:\/\/www.arteartesania.com\/wp-content\/uploads\/2020\/03\/BRA_CT_1CGO.jpg","type":"image\/jpeg"}],"twitter_card":"summary_large_image","twitter_misc":{"Gesch\u00e4tzte Lesezeit":"1\u00a0Minute"},"schema":{"@context":"https:\/\/schema.org","@graph":[{"@type":"WebPage","@id":"https:\/\/www.arteartesania.com\/de\/producto\/brazalete-de-1-cala-grande\/","url":"https:\/\/www.arteartesania.com\/de\/producto\/brazalete-de-1-cala-grande\/","name":"Silberarmband mit 1 gro\u00dfen Calla - Arteartesania","isPartOf":{"@id":"https:\/\/www.arteartesania.com\/de\/#website"},"primaryImageOfPage":{"@id":"https:\/\/www.arteartesania.com\/de\/producto\/brazalete-de-1-cala-grande\/#primaryimage"},"image":{"@id":"https:\/\/www.arteartesania.com\/de\/producto\/brazalete-de-1-cala-grande\/#primaryimage"},"thumbnailUrl":"https:\/\/www.arteartesania.com\/wp-content\/uploads\/2020\/03\/BRA_CT_1CGO.jpg","datePublished":"2020-03-03T13:14:40+00:00","dateModified":"2021-05-25T11:43:12+00:00","breadcrumb":{"@id":"https:\/\/www.arteartesania.com\/de\/producto\/brazalete-de-1-cala-grande\/#breadcrumb"},"inLanguage":"de","potentialAction":[{"@type":"ReadAction","target":["https:\/\/www.arteartesania.com\/de\/producto\/brazalete-de-1-cala-grande\/"]}]},{"@type":"ImageObject","inLanguage":"de","@id":"https:\/\/www.arteartesania.com\/de\/producto\/brazalete-de-1-cala-grande\/#primaryimage","url":"https:\/\/www.arteartesania.com\/wp-content\/uploads\/2020\/03\/BRA_CT_1CGO.jpg","contentUrl":"https:\/\/www.arteartesania.com\/wp-content\/uploads\/2020\/03\/BRA_CT_1CGO.jpg","width":2243,"height":2243,"caption":"Carlos tellechea joyer\u00eda de autor, joyer\u00eda contempor\u00e1nea, p\u00e1tina de oro, arteartesania,"},{"@type":"BreadcrumbList","@id":"https:\/\/www.arteartesania.com\/de\/producto\/brazalete-de-1-cala-grande\/#breadcrumb","itemListElement":[{"@type":"ListItem","position":1,"name":"Portada","item":"https:\/\/www.arteartesania.com\/de\/"},{"@type":"ListItem","position":2,"name":"Shop online","item":"https:\/\/www.arteartesania.com\/de\/online-bastelladen\/"},{"@type":"ListItem","position":3,"name":"Silberarmband mit 1 gro\u00dfen Calla"}]},{"@type":"WebSite","@id":"https:\/\/www.arteartesania.com\/de\/#website","url":"https:\/\/www.arteartesania.com\/de\/","name":"Arteartesania","description":"Original selecci\u00f3n de Artesan\u00eda Contempor\u00e1nea de Autor","publisher":{"@id":"https:\/\/www.arteartesania.com\/de\/#organization"},"potentialAction":[{"@type":"SearchAction","target":{"@type":"EntryPoint","urlTemplate":"https:\/\/www.arteartesania.com\/de\/?s={search_term_string}"},"query-input":{"@type":"PropertyValueSpecification","valueRequired":true,"valueName":"search_term_string"}}],"inLanguage":"de"},{"@type":"Organization","@id":"https:\/\/www.arteartesania.com\/de\/#organization","name":"Arteartesania","url":"https:\/\/www.arteartesania.com\/de\/","logo":{"@type":"ImageObject","inLanguage":"de","@id":"https:\/\/www.arteartesania.com\/de\/#\/schema\/logo\/image\/","url":"https:\/\/www.arteartesania.com\/wp-content\/uploads\/2019\/12\/cropped-logofooter.png","contentUrl":"https:\/\/www.arteartesania.com\/wp-content\/uploads\/2019\/12\/cropped-logofooter.png","width":539,"height":58,"caption":"Arteartesania"},"image":{"@id":"https:\/\/www.arteartesania.com\/de\/#\/schema\/logo\/image\/"}}]}},"_links":{"self":[{"href":"https:\/\/www.arteartesania.com\/de\/wp-json\/wp\/v2\/product\/4977"}],"collection":[{"href":"https:\/\/www.arteartesania.com\/de\/wp-json\/wp\/v2\/product"}],"about":[{"href":"https:\/\/www.arteartesania.com\/de\/wp-json\/wp\/v2\/types\/product"}],"replies":[{"embeddable":true,"href":"https:\/\/www.arteartesania.com\/de\/wp-json\/wp\/v2\/comments?post=4977"}],"wp:featuredmedia":[{"embeddable":true,"href":"https:\/\/www.arteartesania.com\/de\/wp-json\/wp\/v2\/media\/4933"}],"wp:attachment":[{"href":"https:\/\/www.arteartesania.com\/de\/wp-json\/wp\/v2\/media?parent=4977"}],"wp:term":[{"taxonomy":"product_cat","embeddable":true,"href":"https:\/\/www.arteartesania.com\/de\/wp-json\/wp\/v2\/product_cat?post=4977"},{"taxonomy":"product_tag","embeddable":true,"href":"https:\/\/www.arteartesania.com\/de\/wp-json\/wp\/v2\/product_tag?post=4977"}],"curies":[{"name":"wp","href":"https:\/\/api.w.org\/{rel}","templated":true}]}}