{"id":18765,"date":"2025-10-23T18:13:38","date_gmt":"2025-10-23T16:13:38","guid":{"rendered":"https:\/\/www.arteartesania.com\/producto\/pendientes-banados-en-1-micra-de-oro\/"},"modified":"2025-10-24T12:15:51","modified_gmt":"2025-10-24T10:15:51","slug":"pendientes-banados-en-1-micra-de-oro","status":"publish","type":"product","link":"https:\/\/www.arteartesania.com\/de\/producto\/pendientes-banados-en-1-micra-de-oro\/","title":{"rendered":"1 Mikron vergoldete Ohrringe"},"content":{"rendered":"<p>Diese eleganten und schlichten runden Ohrringe werden in unserer Werkstatt mit viel Liebe und Sorgfalt handgefertigt.<\/p>\n<p>Material: 925er Silber, vergoldet mit 1 Mikron.<\/p>\n<p>Sie k\u00f6nnen zwischen verschiedenen Gr\u00f6\u00dfen w\u00e4hlen und zwischen Ohrhaken und Ohrclips w\u00e4hlen.<\/p>\n","protected":false},"excerpt":{"rendered":"<p>Diese eleganten und schlichten runden Ohrringe werden in unserer Werkstatt mit viel Liebe und Sorgfalt handgefertigt. Material: 925er Silber, vergoldet mit 1 Mikron. Sie k\u00f6nnen zwischen verschiedenen Gr\u00f6\u00dfen w\u00e4hlen und zwischen Ohrhaken und Ohrclips w\u00e4hlen.<\/p>\n","protected":false},"featured_media":18757,"comment_status":"closed","ping_status":"closed","template":"","meta":{"_acf_changed":false,"inline_featured_image":false},"product_cat":[218,250,243,507],"product_tag":[455,571,456,989,990,829,778,779,975,991,992,993,342,994,995,918,919,343,929],"class_list":{"0":"post-18765","1":"product","2":"type-product","3":"status-publish","4":"has-post-thumbnail","6":"product_cat-carlos-tellechea-de","7":"product_cat-ohrringe","8":"product_cat-schmuck","9":"product_cat-outlet-schmuck-de","10":"product_tag-arteartesania-2-de","11":"product_tag-carlos-tellechea-de","12":"product_tag-arte-de","13":"product_tag-artistas-de","14":"product_tag-handberg-de","15":"product_tag-handicraft-de","16":"product_tag-handmade-de-2","17":"product_tag-hecho-a-mano-de","18":"product_tag-joyeria-de","19":"product_tag-joyeria-artesanal-de","20":"product_tag-joyeria-de-oro-de","21":"product_tag-joyeria-de-plata-de","22":"product_tag-mallorca-de","23":"product_tag-pendientes-banados-en-oro-de","24":"product_tag-pendientes-de-oro-de","25":"product_tag-plata-925-de","26":"product_tag-plata-de-ley-de","27":"product_tag-soller-de","28":"product_tag-sterling-silver-de","30":"first","31":"instock","32":"shipping-taxable","33":"purchasable","34":"product-type-variable"},"acf":[],"yoast_head":"<!-- This site is optimized with the Yoast SEO plugin v23.6 - https:\/\/yoast.com\/wordpress\/plugins\/seo\/ -->\n<title>1 Mikron vergoldete Ohrringe - Arteartesania<\/title>\n<meta name=\"robots\" content=\"index, follow, max-snippet:-1, max-image-preview:large, max-video-preview:-1\" \/>\n<link rel=\"canonical\" href=\"https:\/\/www.arteartesania.com\/de\/producto\/pendientes-banados-en-1-micra-de-oro\/\" \/>\n<meta property=\"og:locale\" content=\"de_DE\" \/>\n<meta property=\"og:type\" content=\"article\" \/>\n<meta property=\"og:title\" content=\"1 Mikron vergoldete Ohrringe - Arteartesania\" \/>\n<meta property=\"og:description\" content=\"Diese eleganten und schlichten runden Ohrringe werden in unserer Werkstatt mit viel Liebe und Sorgfalt handgefertigt. Material: 925er Silber, vergoldet mit 1 Mikron. Sie k\u00f6nnen zwischen verschiedenen Gr\u00f6\u00dfen w\u00e4hlen und zwischen Ohrhaken und Ohrclips w\u00e4hlen.\" \/>\n<meta property=\"og:url\" content=\"https:\/\/www.arteartesania.com\/de\/producto\/pendientes-banados-en-1-micra-de-oro\/\" \/>\n<meta property=\"og:site_name\" content=\"Arteartesania\" \/>\n<meta property=\"article:modified_time\" content=\"2025-10-24T10:15:51+00:00\" \/>\n<meta property=\"og:image\" content=\"https:\/\/www.arteartesania.com\/wp-content\/uploads\/2025\/10\/IMG_4060-scaled.jpg\" \/>\n\t<meta property=\"og:image:width\" content=\"2560\" \/>\n\t<meta property=\"og:image:height\" content=\"2560\" \/>\n\t<meta property=\"og:image:type\" content=\"image\/jpeg\" \/>\n<meta name=\"twitter:card\" content=\"summary_large_image\" \/>\n<meta name=\"twitter:label1\" content=\"Gesch\u00e4tzte Lesezeit\" \/>\n\t<meta name=\"twitter:data1\" content=\"1\u00a0Minute\" \/>\n<script type=\"application\/ld+json\" class=\"yoast-schema-graph\">{\"@context\":\"https:\/\/schema.org\",\"@graph\":[{\"@type\":\"WebPage\",\"@id\":\"https:\/\/www.arteartesania.com\/de\/producto\/pendientes-banados-en-1-micra-de-oro\/\",\"url\":\"https:\/\/www.arteartesania.com\/de\/producto\/pendientes-banados-en-1-micra-de-oro\/\",\"name\":\"1 Mikron vergoldete Ohrringe - Arteartesania\",\"isPartOf\":{\"@id\":\"https:\/\/www.arteartesania.com\/de\/#website\"},\"primaryImageOfPage\":{\"@id\":\"https:\/\/www.arteartesania.com\/de\/producto\/pendientes-banados-en-1-micra-de-oro\/#primaryimage\"},\"image\":{\"@id\":\"https:\/\/www.arteartesania.com\/de\/producto\/pendientes-banados-en-1-micra-de-oro\/#primaryimage\"},\"thumbnailUrl\":\"https:\/\/www.arteartesania.com\/wp-content\/uploads\/2025\/10\/IMG_4060-scaled.jpg\",\"datePublished\":\"2025-10-23T16:13:38+00:00\",\"dateModified\":\"2025-10-24T10:15:51+00:00\",\"breadcrumb\":{\"@id\":\"https:\/\/www.arteartesania.com\/de\/producto\/pendientes-banados-en-1-micra-de-oro\/#breadcrumb\"},\"inLanguage\":\"de\",\"potentialAction\":[{\"@type\":\"ReadAction\",\"target\":[\"https:\/\/www.arteartesania.com\/de\/producto\/pendientes-banados-en-1-micra-de-oro\/\"]}]},{\"@type\":\"ImageObject\",\"inLanguage\":\"de\",\"@id\":\"https:\/\/www.arteartesania.com\/de\/producto\/pendientes-banados-en-1-micra-de-oro\/#primaryimage\",\"url\":\"https:\/\/www.arteartesania.com\/wp-content\/uploads\/2025\/10\/IMG_4060-scaled.jpg\",\"contentUrl\":\"https:\/\/www.arteartesania.com\/wp-content\/uploads\/2025\/10\/IMG_4060-scaled.jpg\",\"width\":2560,\"height\":2560},{\"@type\":\"BreadcrumbList\",\"@id\":\"https:\/\/www.arteartesania.com\/de\/producto\/pendientes-banados-en-1-micra-de-oro\/#breadcrumb\",\"itemListElement\":[{\"@type\":\"ListItem\",\"position\":1,\"name\":\"Portada\",\"item\":\"https:\/\/www.arteartesania.com\/de\/\"},{\"@type\":\"ListItem\",\"position\":2,\"name\":\"Shop online\",\"item\":\"https:\/\/www.arteartesania.com\/de\/online-bastelladen\/\"},{\"@type\":\"ListItem\",\"position\":3,\"name\":\"1 Mikron vergoldete Ohrringe\"}]},{\"@type\":\"WebSite\",\"@id\":\"https:\/\/www.arteartesania.com\/de\/#website\",\"url\":\"https:\/\/www.arteartesania.com\/de\/\",\"name\":\"Arteartesania\",\"description\":\"Original selecci\u00f3n de Artesan\u00eda Contempor\u00e1nea de Autor\",\"publisher\":{\"@id\":\"https:\/\/www.arteartesania.com\/de\/#organization\"},\"potentialAction\":[{\"@type\":\"SearchAction\",\"target\":{\"@type\":\"EntryPoint\",\"urlTemplate\":\"https:\/\/www.arteartesania.com\/de\/?s={search_term_string}\"},\"query-input\":{\"@type\":\"PropertyValueSpecification\",\"valueRequired\":true,\"valueName\":\"search_term_string\"}}],\"inLanguage\":\"de\"},{\"@type\":\"Organization\",\"@id\":\"https:\/\/www.arteartesania.com\/de\/#organization\",\"name\":\"Arteartesania\",\"url\":\"https:\/\/www.arteartesania.com\/de\/\",\"logo\":{\"@type\":\"ImageObject\",\"inLanguage\":\"de\",\"@id\":\"https:\/\/www.arteartesania.com\/de\/#\/schema\/logo\/image\/\",\"url\":\"https:\/\/www.arteartesania.com\/wp-content\/uploads\/2019\/12\/cropped-logofooter.png\",\"contentUrl\":\"https:\/\/www.arteartesania.com\/wp-content\/uploads\/2019\/12\/cropped-logofooter.png\",\"width\":539,\"height\":58,\"caption\":\"Arteartesania\"},\"image\":{\"@id\":\"https:\/\/www.arteartesania.com\/de\/#\/schema\/logo\/image\/\"}}]}<\/script>\n<!-- \/ Yoast SEO plugin. -->","yoast_head_json":{"title":"1 Mikron vergoldete Ohrringe - Arteartesania","robots":{"index":"index","follow":"follow","max-snippet":"max-snippet:-1","max-image-preview":"max-image-preview:large","max-video-preview":"max-video-preview:-1"},"canonical":"https:\/\/www.arteartesania.com\/de\/producto\/pendientes-banados-en-1-micra-de-oro\/","og_locale":"de_DE","og_type":"article","og_title":"1 Mikron vergoldete Ohrringe - Arteartesania","og_description":"Diese eleganten und schlichten runden Ohrringe werden in unserer Werkstatt mit viel Liebe und Sorgfalt handgefertigt. Material: 925er Silber, vergoldet mit 1 Mikron. Sie k\u00f6nnen zwischen verschiedenen Gr\u00f6\u00dfen w\u00e4hlen und zwischen Ohrhaken und Ohrclips w\u00e4hlen.","og_url":"https:\/\/www.arteartesania.com\/de\/producto\/pendientes-banados-en-1-micra-de-oro\/","og_site_name":"Arteartesania","article_modified_time":"2025-10-24T10:15:51+00:00","og_image":[{"width":2560,"height":2560,"url":"https:\/\/www.arteartesania.com\/wp-content\/uploads\/2025\/10\/IMG_4060-scaled.jpg","type":"image\/jpeg"}],"twitter_card":"summary_large_image","twitter_misc":{"Gesch\u00e4tzte Lesezeit":"1\u00a0Minute"},"schema":{"@context":"https:\/\/schema.org","@graph":[{"@type":"WebPage","@id":"https:\/\/www.arteartesania.com\/de\/producto\/pendientes-banados-en-1-micra-de-oro\/","url":"https:\/\/www.arteartesania.com\/de\/producto\/pendientes-banados-en-1-micra-de-oro\/","name":"1 Mikron vergoldete Ohrringe - Arteartesania","isPartOf":{"@id":"https:\/\/www.arteartesania.com\/de\/#website"},"primaryImageOfPage":{"@id":"https:\/\/www.arteartesania.com\/de\/producto\/pendientes-banados-en-1-micra-de-oro\/#primaryimage"},"image":{"@id":"https:\/\/www.arteartesania.com\/de\/producto\/pendientes-banados-en-1-micra-de-oro\/#primaryimage"},"thumbnailUrl":"https:\/\/www.arteartesania.com\/wp-content\/uploads\/2025\/10\/IMG_4060-scaled.jpg","datePublished":"2025-10-23T16:13:38+00:00","dateModified":"2025-10-24T10:15:51+00:00","breadcrumb":{"@id":"https:\/\/www.arteartesania.com\/de\/producto\/pendientes-banados-en-1-micra-de-oro\/#breadcrumb"},"inLanguage":"de","potentialAction":[{"@type":"ReadAction","target":["https:\/\/www.arteartesania.com\/de\/producto\/pendientes-banados-en-1-micra-de-oro\/"]}]},{"@type":"ImageObject","inLanguage":"de","@id":"https:\/\/www.arteartesania.com\/de\/producto\/pendientes-banados-en-1-micra-de-oro\/#primaryimage","url":"https:\/\/www.arteartesania.com\/wp-content\/uploads\/2025\/10\/IMG_4060-scaled.jpg","contentUrl":"https:\/\/www.arteartesania.com\/wp-content\/uploads\/2025\/10\/IMG_4060-scaled.jpg","width":2560,"height":2560},{"@type":"BreadcrumbList","@id":"https:\/\/www.arteartesania.com\/de\/producto\/pendientes-banados-en-1-micra-de-oro\/#breadcrumb","itemListElement":[{"@type":"ListItem","position":1,"name":"Portada","item":"https:\/\/www.arteartesania.com\/de\/"},{"@type":"ListItem","position":2,"name":"Shop online","item":"https:\/\/www.arteartesania.com\/de\/online-bastelladen\/"},{"@type":"ListItem","position":3,"name":"1 Mikron vergoldete Ohrringe"}]},{"@type":"WebSite","@id":"https:\/\/www.arteartesania.com\/de\/#website","url":"https:\/\/www.arteartesania.com\/de\/","name":"Arteartesania","description":"Original selecci\u00f3n de Artesan\u00eda Contempor\u00e1nea de Autor","publisher":{"@id":"https:\/\/www.arteartesania.com\/de\/#organization"},"potentialAction":[{"@type":"SearchAction","target":{"@type":"EntryPoint","urlTemplate":"https:\/\/www.arteartesania.com\/de\/?s={search_term_string}"},"query-input":{"@type":"PropertyValueSpecification","valueRequired":true,"valueName":"search_term_string"}}],"inLanguage":"de"},{"@type":"Organization","@id":"https:\/\/www.arteartesania.com\/de\/#organization","name":"Arteartesania","url":"https:\/\/www.arteartesania.com\/de\/","logo":{"@type":"ImageObject","inLanguage":"de","@id":"https:\/\/www.arteartesania.com\/de\/#\/schema\/logo\/image\/","url":"https:\/\/www.arteartesania.com\/wp-content\/uploads\/2019\/12\/cropped-logofooter.png","contentUrl":"https:\/\/www.arteartesania.com\/wp-content\/uploads\/2019\/12\/cropped-logofooter.png","width":539,"height":58,"caption":"Arteartesania"},"image":{"@id":"https:\/\/www.arteartesania.com\/de\/#\/schema\/logo\/image\/"}}]}},"_links":{"self":[{"href":"https:\/\/www.arteartesania.com\/de\/wp-json\/wp\/v2\/product\/18765"}],"collection":[{"href":"https:\/\/www.arteartesania.com\/de\/wp-json\/wp\/v2\/product"}],"about":[{"href":"https:\/\/www.arteartesania.com\/de\/wp-json\/wp\/v2\/types\/product"}],"replies":[{"embeddable":true,"href":"https:\/\/www.arteartesania.com\/de\/wp-json\/wp\/v2\/comments?post=18765"}],"wp:featuredmedia":[{"embeddable":true,"href":"https:\/\/www.arteartesania.com\/de\/wp-json\/wp\/v2\/media\/18757"}],"wp:attachment":[{"href":"https:\/\/www.arteartesania.com\/de\/wp-json\/wp\/v2\/media?parent=18765"}],"wp:term":[{"taxonomy":"product_cat","embeddable":true,"href":"https:\/\/www.arteartesania.com\/de\/wp-json\/wp\/v2\/product_cat?post=18765"},{"taxonomy":"product_tag","embeddable":true,"href":"https:\/\/www.arteartesania.com\/de\/wp-json\/wp\/v2\/product_tag?post=18765"}],"curies":[{"name":"wp","href":"https:\/\/api.w.org\/{rel}","templated":true}]}}