{"id":18690,"date":"2025-09-18T14:58:58","date_gmt":"2025-09-18T12:58:58","guid":{"rendered":"https:\/\/www.arteartesania.com\/producto\/porta-inciensos-camaleon-de-bronce-con-patina\/"},"modified":"2025-09-18T15:03:10","modified_gmt":"2025-09-18T13:03:10","slug":"porta-inciensos-camaleon-de-bronce-con-patina","status":"publish","type":"product","link":"https:\/\/www.arteartesania.com\/de\/producto\/porta-inciensos-camaleon-de-bronce-con-patina\/","title":{"rendered":"Bronzener Cham\u00e4leon-R\u00e4ucherst\u00e4bchenhalter mit Patina"},"content":{"rendered":"<p>Original handgefertigter R\u00e4ucherst\u00e4bchenhalter mit Cham\u00e4leon-Figur.<\/p>\n<p>Hergestellt und entworfen von Carlos Tellechea in seiner Werkstatt in Soller, Mallorca.<\/p>\n<p>Ungef\u00e4hre Ma\u00dfe: 23 cm lang und 3 cm breit.<\/p>\n","protected":false},"excerpt":{"rendered":"<p>Original handgefertigter R\u00e4ucherst\u00e4bchenhalter mit Cham\u00e4leon-Figur. Hergestellt und entworfen von Carlos Tellechea in seiner Werkstatt in Soller, Mallorca. Ungef\u00e4hre Ma\u00dfe: 23 cm lang und 3 cm breit.<\/p>\n","protected":false},"featured_media":18682,"comment_status":"closed","ping_status":"closed","template":"","meta":{"_acf_changed":false,"inline_featured_image":false},"product_cat":[218,510,252,599],"product_tag":[439,455,775,571,777,589,350,486,456,828,778,779,342],"class_list":{"0":"post-18690","1":"product","2":"type-product","3":"status-publish","4":"has-post-thumbnail","6":"product_cat-carlos-tellechea-de","7":"product_cat-outlet-dekoration-skulptur","8":"product_cat-objekte","9":"product_cat-patina-de","10":"product_tag-anillo-de","11":"product_tag-arteartesania-2-de","12":"product_tag-artesania-de-2","13":"product_tag-carlos-tellechea-de","14":"product_tag-carlostellechea-2-de","15":"product_tag-carlostellechea-arteartesania-soller-mallorca-confinamiento-de","16":"product_tag-carlostellechea-soller-mallorca-joyeria-arteartesania-de","17":"product_tag-objetos-de","18":"product_tag-arte-de","19":"product_tag-handcraft-de","20":"product_tag-handmade-de-2","21":"product_tag-hecho-a-mano-de","22":"product_tag-mallorca-de","24":"first","25":"instock","26":"shipping-taxable","27":"purchasable","28":"product-type-simple"},"acf":[],"yoast_head":"<!-- This site is optimized with the Yoast SEO plugin v23.6 - https:\/\/yoast.com\/wordpress\/plugins\/seo\/ -->\n<title>Bronzener Cham\u00e4leon-R\u00e4ucherst\u00e4bchenhalter mit Patina - Arteartesania<\/title>\n<meta name=\"robots\" content=\"index, follow, max-snippet:-1, max-image-preview:large, max-video-preview:-1\" \/>\n<link rel=\"canonical\" href=\"https:\/\/www.arteartesania.com\/de\/producto\/porta-inciensos-camaleon-de-bronce-con-patina\/\" \/>\n<meta property=\"og:locale\" content=\"de_DE\" \/>\n<meta property=\"og:type\" content=\"article\" \/>\n<meta property=\"og:title\" content=\"Bronzener Cham\u00e4leon-R\u00e4ucherst\u00e4bchenhalter mit Patina - Arteartesania\" \/>\n<meta property=\"og:description\" content=\"Original handgefertigter R\u00e4ucherst\u00e4bchenhalter mit Cham\u00e4leon-Figur. Hergestellt und entworfen von Carlos Tellechea in seiner Werkstatt in Soller, Mallorca. Ungef\u00e4hre Ma\u00dfe: 23 cm lang und 3 cm breit.\" \/>\n<meta property=\"og:url\" content=\"https:\/\/www.arteartesania.com\/de\/producto\/porta-inciensos-camaleon-de-bronce-con-patina\/\" \/>\n<meta property=\"og:site_name\" content=\"Arteartesania\" \/>\n<meta property=\"article:modified_time\" content=\"2025-09-18T13:03:10+00:00\" \/>\n<meta property=\"og:image\" content=\"https:\/\/www.arteartesania.com\/wp-content\/uploads\/2025\/09\/IMG_3095.jpg\" \/>\n\t<meta property=\"og:image:width\" content=\"2172\" \/>\n\t<meta property=\"og:image:height\" content=\"2172\" \/>\n\t<meta property=\"og:image:type\" content=\"image\/jpeg\" \/>\n<meta name=\"twitter:card\" content=\"summary_large_image\" \/>\n<meta name=\"twitter:label1\" content=\"Gesch\u00e4tzte Lesezeit\" \/>\n\t<meta name=\"twitter:data1\" content=\"1\u00a0Minute\" \/>\n<script type=\"application\/ld+json\" class=\"yoast-schema-graph\">{\"@context\":\"https:\/\/schema.org\",\"@graph\":[{\"@type\":\"WebPage\",\"@id\":\"https:\/\/www.arteartesania.com\/de\/producto\/porta-inciensos-camaleon-de-bronce-con-patina\/\",\"url\":\"https:\/\/www.arteartesania.com\/de\/producto\/porta-inciensos-camaleon-de-bronce-con-patina\/\",\"name\":\"Bronzener Cham\u00e4leon-R\u00e4ucherst\u00e4bchenhalter mit Patina - Arteartesania\",\"isPartOf\":{\"@id\":\"https:\/\/www.arteartesania.com\/de\/#website\"},\"primaryImageOfPage\":{\"@id\":\"https:\/\/www.arteartesania.com\/de\/producto\/porta-inciensos-camaleon-de-bronce-con-patina\/#primaryimage\"},\"image\":{\"@id\":\"https:\/\/www.arteartesania.com\/de\/producto\/porta-inciensos-camaleon-de-bronce-con-patina\/#primaryimage\"},\"thumbnailUrl\":\"https:\/\/www.arteartesania.com\/wp-content\/uploads\/2025\/09\/IMG_3095.jpg\",\"datePublished\":\"2025-09-18T12:58:58+00:00\",\"dateModified\":\"2025-09-18T13:03:10+00:00\",\"breadcrumb\":{\"@id\":\"https:\/\/www.arteartesania.com\/de\/producto\/porta-inciensos-camaleon-de-bronce-con-patina\/#breadcrumb\"},\"inLanguage\":\"de\",\"potentialAction\":[{\"@type\":\"ReadAction\",\"target\":[\"https:\/\/www.arteartesania.com\/de\/producto\/porta-inciensos-camaleon-de-bronce-con-patina\/\"]}]},{\"@type\":\"ImageObject\",\"inLanguage\":\"de\",\"@id\":\"https:\/\/www.arteartesania.com\/de\/producto\/porta-inciensos-camaleon-de-bronce-con-patina\/#primaryimage\",\"url\":\"https:\/\/www.arteartesania.com\/wp-content\/uploads\/2025\/09\/IMG_3095.jpg\",\"contentUrl\":\"https:\/\/www.arteartesania.com\/wp-content\/uploads\/2025\/09\/IMG_3095.jpg\",\"width\":2172,\"height\":2172},{\"@type\":\"BreadcrumbList\",\"@id\":\"https:\/\/www.arteartesania.com\/de\/producto\/porta-inciensos-camaleon-de-bronce-con-patina\/#breadcrumb\",\"itemListElement\":[{\"@type\":\"ListItem\",\"position\":1,\"name\":\"Portada\",\"item\":\"https:\/\/www.arteartesania.com\/de\/\"},{\"@type\":\"ListItem\",\"position\":2,\"name\":\"Shop online\",\"item\":\"https:\/\/www.arteartesania.com\/de\/online-bastelladen\/\"},{\"@type\":\"ListItem\",\"position\":3,\"name\":\"Bronzener Cham\u00e4leon-R\u00e4ucherst\u00e4bchenhalter mit Patina\"}]},{\"@type\":\"WebSite\",\"@id\":\"https:\/\/www.arteartesania.com\/de\/#website\",\"url\":\"https:\/\/www.arteartesania.com\/de\/\",\"name\":\"Arteartesania\",\"description\":\"Original selecci\u00f3n de Artesan\u00eda Contempor\u00e1nea de Autor\",\"publisher\":{\"@id\":\"https:\/\/www.arteartesania.com\/de\/#organization\"},\"potentialAction\":[{\"@type\":\"SearchAction\",\"target\":{\"@type\":\"EntryPoint\",\"urlTemplate\":\"https:\/\/www.arteartesania.com\/de\/?s={search_term_string}\"},\"query-input\":{\"@type\":\"PropertyValueSpecification\",\"valueRequired\":true,\"valueName\":\"search_term_string\"}}],\"inLanguage\":\"de\"},{\"@type\":\"Organization\",\"@id\":\"https:\/\/www.arteartesania.com\/de\/#organization\",\"name\":\"Arteartesania\",\"url\":\"https:\/\/www.arteartesania.com\/de\/\",\"logo\":{\"@type\":\"ImageObject\",\"inLanguage\":\"de\",\"@id\":\"https:\/\/www.arteartesania.com\/de\/#\/schema\/logo\/image\/\",\"url\":\"https:\/\/www.arteartesania.com\/wp-content\/uploads\/2019\/12\/cropped-logofooter.png\",\"contentUrl\":\"https:\/\/www.arteartesania.com\/wp-content\/uploads\/2019\/12\/cropped-logofooter.png\",\"width\":539,\"height\":58,\"caption\":\"Arteartesania\"},\"image\":{\"@id\":\"https:\/\/www.arteartesania.com\/de\/#\/schema\/logo\/image\/\"}}]}<\/script>\n<!-- \/ Yoast SEO plugin. -->","yoast_head_json":{"title":"Bronzener Cham\u00e4leon-R\u00e4ucherst\u00e4bchenhalter mit Patina - Arteartesania","robots":{"index":"index","follow":"follow","max-snippet":"max-snippet:-1","max-image-preview":"max-image-preview:large","max-video-preview":"max-video-preview:-1"},"canonical":"https:\/\/www.arteartesania.com\/de\/producto\/porta-inciensos-camaleon-de-bronce-con-patina\/","og_locale":"de_DE","og_type":"article","og_title":"Bronzener Cham\u00e4leon-R\u00e4ucherst\u00e4bchenhalter mit Patina - Arteartesania","og_description":"Original handgefertigter R\u00e4ucherst\u00e4bchenhalter mit Cham\u00e4leon-Figur. Hergestellt und entworfen von Carlos Tellechea in seiner Werkstatt in Soller, Mallorca. Ungef\u00e4hre Ma\u00dfe: 23 cm lang und 3 cm breit.","og_url":"https:\/\/www.arteartesania.com\/de\/producto\/porta-inciensos-camaleon-de-bronce-con-patina\/","og_site_name":"Arteartesania","article_modified_time":"2025-09-18T13:03:10+00:00","og_image":[{"width":2172,"height":2172,"url":"https:\/\/www.arteartesania.com\/wp-content\/uploads\/2025\/09\/IMG_3095.jpg","type":"image\/jpeg"}],"twitter_card":"summary_large_image","twitter_misc":{"Gesch\u00e4tzte Lesezeit":"1\u00a0Minute"},"schema":{"@context":"https:\/\/schema.org","@graph":[{"@type":"WebPage","@id":"https:\/\/www.arteartesania.com\/de\/producto\/porta-inciensos-camaleon-de-bronce-con-patina\/","url":"https:\/\/www.arteartesania.com\/de\/producto\/porta-inciensos-camaleon-de-bronce-con-patina\/","name":"Bronzener Cham\u00e4leon-R\u00e4ucherst\u00e4bchenhalter mit Patina - Arteartesania","isPartOf":{"@id":"https:\/\/www.arteartesania.com\/de\/#website"},"primaryImageOfPage":{"@id":"https:\/\/www.arteartesania.com\/de\/producto\/porta-inciensos-camaleon-de-bronce-con-patina\/#primaryimage"},"image":{"@id":"https:\/\/www.arteartesania.com\/de\/producto\/porta-inciensos-camaleon-de-bronce-con-patina\/#primaryimage"},"thumbnailUrl":"https:\/\/www.arteartesania.com\/wp-content\/uploads\/2025\/09\/IMG_3095.jpg","datePublished":"2025-09-18T12:58:58+00:00","dateModified":"2025-09-18T13:03:10+00:00","breadcrumb":{"@id":"https:\/\/www.arteartesania.com\/de\/producto\/porta-inciensos-camaleon-de-bronce-con-patina\/#breadcrumb"},"inLanguage":"de","potentialAction":[{"@type":"ReadAction","target":["https:\/\/www.arteartesania.com\/de\/producto\/porta-inciensos-camaleon-de-bronce-con-patina\/"]}]},{"@type":"ImageObject","inLanguage":"de","@id":"https:\/\/www.arteartesania.com\/de\/producto\/porta-inciensos-camaleon-de-bronce-con-patina\/#primaryimage","url":"https:\/\/www.arteartesania.com\/wp-content\/uploads\/2025\/09\/IMG_3095.jpg","contentUrl":"https:\/\/www.arteartesania.com\/wp-content\/uploads\/2025\/09\/IMG_3095.jpg","width":2172,"height":2172},{"@type":"BreadcrumbList","@id":"https:\/\/www.arteartesania.com\/de\/producto\/porta-inciensos-camaleon-de-bronce-con-patina\/#breadcrumb","itemListElement":[{"@type":"ListItem","position":1,"name":"Portada","item":"https:\/\/www.arteartesania.com\/de\/"},{"@type":"ListItem","position":2,"name":"Shop online","item":"https:\/\/www.arteartesania.com\/de\/online-bastelladen\/"},{"@type":"ListItem","position":3,"name":"Bronzener Cham\u00e4leon-R\u00e4ucherst\u00e4bchenhalter mit Patina"}]},{"@type":"WebSite","@id":"https:\/\/www.arteartesania.com\/de\/#website","url":"https:\/\/www.arteartesania.com\/de\/","name":"Arteartesania","description":"Original selecci\u00f3n de Artesan\u00eda Contempor\u00e1nea de Autor","publisher":{"@id":"https:\/\/www.arteartesania.com\/de\/#organization"},"potentialAction":[{"@type":"SearchAction","target":{"@type":"EntryPoint","urlTemplate":"https:\/\/www.arteartesania.com\/de\/?s={search_term_string}"},"query-input":{"@type":"PropertyValueSpecification","valueRequired":true,"valueName":"search_term_string"}}],"inLanguage":"de"},{"@type":"Organization","@id":"https:\/\/www.arteartesania.com\/de\/#organization","name":"Arteartesania","url":"https:\/\/www.arteartesania.com\/de\/","logo":{"@type":"ImageObject","inLanguage":"de","@id":"https:\/\/www.arteartesania.com\/de\/#\/schema\/logo\/image\/","url":"https:\/\/www.arteartesania.com\/wp-content\/uploads\/2019\/12\/cropped-logofooter.png","contentUrl":"https:\/\/www.arteartesania.com\/wp-content\/uploads\/2019\/12\/cropped-logofooter.png","width":539,"height":58,"caption":"Arteartesania"},"image":{"@id":"https:\/\/www.arteartesania.com\/de\/#\/schema\/logo\/image\/"}}]}},"_links":{"self":[{"href":"https:\/\/www.arteartesania.com\/de\/wp-json\/wp\/v2\/product\/18690"}],"collection":[{"href":"https:\/\/www.arteartesania.com\/de\/wp-json\/wp\/v2\/product"}],"about":[{"href":"https:\/\/www.arteartesania.com\/de\/wp-json\/wp\/v2\/types\/product"}],"replies":[{"embeddable":true,"href":"https:\/\/www.arteartesania.com\/de\/wp-json\/wp\/v2\/comments?post=18690"}],"wp:featuredmedia":[{"embeddable":true,"href":"https:\/\/www.arteartesania.com\/de\/wp-json\/wp\/v2\/media\/18682"}],"wp:attachment":[{"href":"https:\/\/www.arteartesania.com\/de\/wp-json\/wp\/v2\/media?parent=18690"}],"wp:term":[{"taxonomy":"product_cat","embeddable":true,"href":"https:\/\/www.arteartesania.com\/de\/wp-json\/wp\/v2\/product_cat?post=18690"},{"taxonomy":"product_tag","embeddable":true,"href":"https:\/\/www.arteartesania.com\/de\/wp-json\/wp\/v2\/product_tag?post=18690"}],"curies":[{"name":"wp","href":"https:\/\/api.w.org\/{rel}","templated":true}]}}