{"id":18533,"date":"2025-08-21T18:35:50","date_gmt":"2025-08-21T16:35:50","guid":{"rendered":"https:\/\/www.arteartesania.com\/producto\/pendientes-acero-y-plata-de-figuritas\/"},"modified":"2025-08-22T12:30:41","modified_gmt":"2025-08-22T10:30:41","slug":"pendientes-acero-y-plata-de-figuritas","status":"publish","type":"product","link":"https:\/\/www.arteartesania.com\/de\/producto\/pendientes-acero-y-plata-de-figuritas\/","title":{"rendered":"Figurenohrringe aus Stahl und Silber"},"content":{"rendered":"<p>Wundersch\u00f6ne Ohrringe aus Stahl mit silbernen Haken und verschiedenen Figuren.<\/p>\n<p>PREIS PRO EINHEIT<\/p>\n<p>Hergestellt von Juanjo Villar in seiner Werkstatt in Madrid.<\/p>\n<p>Kontaktieren Sie uns, um das genaue Modell zu bestellen.<\/p>\n","protected":false},"excerpt":{"rendered":"<p>Wundersch\u00f6ne Ohrringe aus Stahl mit silbernen Haken und verschiedenen Figuren. PREIS PRO EINHEIT Hergestellt von Juanjo Villar in seiner Werkstatt in Madrid. Kontaktieren Sie uns, um das genaue Modell zu bestellen.<\/p>\n","protected":false},"featured_media":18520,"comment_status":"closed","ping_status":"closed","template":"","meta":{"_acf_changed":false,"inline_featured_image":false},"product_cat":[896,250,243],"product_tag":[571,897,898,779,899,900,901,902,903,904,905,906,907,343],"class_list":{"0":"post-18533","1":"product","2":"type-product","3":"status-publish","4":"has-post-thumbnail","6":"product_cat-juanjo-villar-metal-art-de","7":"product_cat-ohrringe","8":"product_cat-schmuck","9":"product_tag-carlos-tellechea-de","10":"product_tag-handmade-earrings-de","11":"product_tag-handmade-jewelry-de","12":"product_tag-hecho-a-mano-de","13":"product_tag-juanjo-villar-de","14":"product_tag-madrid-de","15":"product_tag-metalart-de","16":"product_tag-pendientes-de","17":"product_tag-pendientes-de-acero-de","18":"product_tag-pendientes-de-plata-de","19":"product_tag-pendientes-divertidos-de","20":"product_tag-pendientes-figuritas-de","21":"product_tag-pendientes-hechos-a-mano-de","22":"product_tag-soller-de","24":"first","25":"instock","26":"shipping-taxable","27":"purchasable","28":"product-type-variable"},"acf":[],"yoast_head":"<!-- This site is optimized with the Yoast SEO plugin v23.6 - https:\/\/yoast.com\/wordpress\/plugins\/seo\/ -->\n<title>Figurenohrringe aus Stahl und Silber - Arteartesania<\/title>\n<meta name=\"robots\" content=\"index, follow, max-snippet:-1, max-image-preview:large, max-video-preview:-1\" \/>\n<link rel=\"canonical\" href=\"https:\/\/www.arteartesania.com\/de\/producto\/pendientes-acero-y-plata-de-figuritas\/\" \/>\n<meta property=\"og:locale\" content=\"de_DE\" \/>\n<meta property=\"og:type\" content=\"article\" \/>\n<meta property=\"og:title\" content=\"Figurenohrringe aus Stahl und Silber - Arteartesania\" \/>\n<meta property=\"og:description\" content=\"Wundersch\u00f6ne Ohrringe aus Stahl mit silbernen Haken und verschiedenen Figuren. PREIS PRO EINHEIT Hergestellt von Juanjo Villar in seiner Werkstatt in Madrid. Kontaktieren Sie uns, um das genaue Modell zu bestellen.\" \/>\n<meta property=\"og:url\" content=\"https:\/\/www.arteartesania.com\/de\/producto\/pendientes-acero-y-plata-de-figuritas\/\" \/>\n<meta property=\"og:site_name\" content=\"Arteartesania\" \/>\n<meta property=\"article:modified_time\" content=\"2025-08-22T10:30:41+00:00\" \/>\n<meta property=\"og:image\" content=\"https:\/\/www.arteartesania.com\/wp-content\/uploads\/2025\/08\/2pendientes-juanjo-figuritas-scaled.jpg\" \/>\n\t<meta property=\"og:image:width\" content=\"2560\" \/>\n\t<meta property=\"og:image:height\" content=\"2560\" \/>\n\t<meta property=\"og:image:type\" content=\"image\/jpeg\" \/>\n<meta name=\"twitter:card\" content=\"summary_large_image\" \/>\n<meta name=\"twitter:label1\" content=\"Gesch\u00e4tzte Lesezeit\" \/>\n\t<meta name=\"twitter:data1\" content=\"1\u00a0Minute\" \/>\n<script type=\"application\/ld+json\" class=\"yoast-schema-graph\">{\"@context\":\"https:\/\/schema.org\",\"@graph\":[{\"@type\":\"WebPage\",\"@id\":\"https:\/\/www.arteartesania.com\/de\/producto\/pendientes-acero-y-plata-de-figuritas\/\",\"url\":\"https:\/\/www.arteartesania.com\/de\/producto\/pendientes-acero-y-plata-de-figuritas\/\",\"name\":\"Figurenohrringe aus Stahl und Silber - Arteartesania\",\"isPartOf\":{\"@id\":\"https:\/\/www.arteartesania.com\/de\/#website\"},\"primaryImageOfPage\":{\"@id\":\"https:\/\/www.arteartesania.com\/de\/producto\/pendientes-acero-y-plata-de-figuritas\/#primaryimage\"},\"image\":{\"@id\":\"https:\/\/www.arteartesania.com\/de\/producto\/pendientes-acero-y-plata-de-figuritas\/#primaryimage\"},\"thumbnailUrl\":\"https:\/\/www.arteartesania.com\/wp-content\/uploads\/2025\/08\/2pendientes-juanjo-figuritas-scaled.jpg\",\"datePublished\":\"2025-08-21T16:35:50+00:00\",\"dateModified\":\"2025-08-22T10:30:41+00:00\",\"breadcrumb\":{\"@id\":\"https:\/\/www.arteartesania.com\/de\/producto\/pendientes-acero-y-plata-de-figuritas\/#breadcrumb\"},\"inLanguage\":\"de\",\"potentialAction\":[{\"@type\":\"ReadAction\",\"target\":[\"https:\/\/www.arteartesania.com\/de\/producto\/pendientes-acero-y-plata-de-figuritas\/\"]}]},{\"@type\":\"ImageObject\",\"inLanguage\":\"de\",\"@id\":\"https:\/\/www.arteartesania.com\/de\/producto\/pendientes-acero-y-plata-de-figuritas\/#primaryimage\",\"url\":\"https:\/\/www.arteartesania.com\/wp-content\/uploads\/2025\/08\/2pendientes-juanjo-figuritas-scaled.jpg\",\"contentUrl\":\"https:\/\/www.arteartesania.com\/wp-content\/uploads\/2025\/08\/2pendientes-juanjo-figuritas-scaled.jpg\",\"width\":2560,\"height\":2560},{\"@type\":\"BreadcrumbList\",\"@id\":\"https:\/\/www.arteartesania.com\/de\/producto\/pendientes-acero-y-plata-de-figuritas\/#breadcrumb\",\"itemListElement\":[{\"@type\":\"ListItem\",\"position\":1,\"name\":\"Portada\",\"item\":\"https:\/\/www.arteartesania.com\/de\/\"},{\"@type\":\"ListItem\",\"position\":2,\"name\":\"Shop online\",\"item\":\"https:\/\/www.arteartesania.com\/de\/online-bastelladen\/\"},{\"@type\":\"ListItem\",\"position\":3,\"name\":\"Figurenohrringe aus Stahl und Silber\"}]},{\"@type\":\"WebSite\",\"@id\":\"https:\/\/www.arteartesania.com\/de\/#website\",\"url\":\"https:\/\/www.arteartesania.com\/de\/\",\"name\":\"Arteartesania\",\"description\":\"Original selecci\u00f3n de Artesan\u00eda Contempor\u00e1nea de Autor\",\"publisher\":{\"@id\":\"https:\/\/www.arteartesania.com\/de\/#organization\"},\"potentialAction\":[{\"@type\":\"SearchAction\",\"target\":{\"@type\":\"EntryPoint\",\"urlTemplate\":\"https:\/\/www.arteartesania.com\/de\/?s={search_term_string}\"},\"query-input\":{\"@type\":\"PropertyValueSpecification\",\"valueRequired\":true,\"valueName\":\"search_term_string\"}}],\"inLanguage\":\"de\"},{\"@type\":\"Organization\",\"@id\":\"https:\/\/www.arteartesania.com\/de\/#organization\",\"name\":\"Arteartesania\",\"url\":\"https:\/\/www.arteartesania.com\/de\/\",\"logo\":{\"@type\":\"ImageObject\",\"inLanguage\":\"de\",\"@id\":\"https:\/\/www.arteartesania.com\/de\/#\/schema\/logo\/image\/\",\"url\":\"https:\/\/www.arteartesania.com\/wp-content\/uploads\/2019\/12\/cropped-logofooter.png\",\"contentUrl\":\"https:\/\/www.arteartesania.com\/wp-content\/uploads\/2019\/12\/cropped-logofooter.png\",\"width\":539,\"height\":58,\"caption\":\"Arteartesania\"},\"image\":{\"@id\":\"https:\/\/www.arteartesania.com\/de\/#\/schema\/logo\/image\/\"}}]}<\/script>\n<!-- \/ Yoast SEO plugin. -->","yoast_head_json":{"title":"Figurenohrringe aus Stahl und Silber - Arteartesania","robots":{"index":"index","follow":"follow","max-snippet":"max-snippet:-1","max-image-preview":"max-image-preview:large","max-video-preview":"max-video-preview:-1"},"canonical":"https:\/\/www.arteartesania.com\/de\/producto\/pendientes-acero-y-plata-de-figuritas\/","og_locale":"de_DE","og_type":"article","og_title":"Figurenohrringe aus Stahl und Silber - Arteartesania","og_description":"Wundersch\u00f6ne Ohrringe aus Stahl mit silbernen Haken und verschiedenen Figuren. PREIS PRO EINHEIT Hergestellt von Juanjo Villar in seiner Werkstatt in Madrid. Kontaktieren Sie uns, um das genaue Modell zu bestellen.","og_url":"https:\/\/www.arteartesania.com\/de\/producto\/pendientes-acero-y-plata-de-figuritas\/","og_site_name":"Arteartesania","article_modified_time":"2025-08-22T10:30:41+00:00","og_image":[{"width":2560,"height":2560,"url":"https:\/\/www.arteartesania.com\/wp-content\/uploads\/2025\/08\/2pendientes-juanjo-figuritas-scaled.jpg","type":"image\/jpeg"}],"twitter_card":"summary_large_image","twitter_misc":{"Gesch\u00e4tzte Lesezeit":"1\u00a0Minute"},"schema":{"@context":"https:\/\/schema.org","@graph":[{"@type":"WebPage","@id":"https:\/\/www.arteartesania.com\/de\/producto\/pendientes-acero-y-plata-de-figuritas\/","url":"https:\/\/www.arteartesania.com\/de\/producto\/pendientes-acero-y-plata-de-figuritas\/","name":"Figurenohrringe aus Stahl und Silber - Arteartesania","isPartOf":{"@id":"https:\/\/www.arteartesania.com\/de\/#website"},"primaryImageOfPage":{"@id":"https:\/\/www.arteartesania.com\/de\/producto\/pendientes-acero-y-plata-de-figuritas\/#primaryimage"},"image":{"@id":"https:\/\/www.arteartesania.com\/de\/producto\/pendientes-acero-y-plata-de-figuritas\/#primaryimage"},"thumbnailUrl":"https:\/\/www.arteartesania.com\/wp-content\/uploads\/2025\/08\/2pendientes-juanjo-figuritas-scaled.jpg","datePublished":"2025-08-21T16:35:50+00:00","dateModified":"2025-08-22T10:30:41+00:00","breadcrumb":{"@id":"https:\/\/www.arteartesania.com\/de\/producto\/pendientes-acero-y-plata-de-figuritas\/#breadcrumb"},"inLanguage":"de","potentialAction":[{"@type":"ReadAction","target":["https:\/\/www.arteartesania.com\/de\/producto\/pendientes-acero-y-plata-de-figuritas\/"]}]},{"@type":"ImageObject","inLanguage":"de","@id":"https:\/\/www.arteartesania.com\/de\/producto\/pendientes-acero-y-plata-de-figuritas\/#primaryimage","url":"https:\/\/www.arteartesania.com\/wp-content\/uploads\/2025\/08\/2pendientes-juanjo-figuritas-scaled.jpg","contentUrl":"https:\/\/www.arteartesania.com\/wp-content\/uploads\/2025\/08\/2pendientes-juanjo-figuritas-scaled.jpg","width":2560,"height":2560},{"@type":"BreadcrumbList","@id":"https:\/\/www.arteartesania.com\/de\/producto\/pendientes-acero-y-plata-de-figuritas\/#breadcrumb","itemListElement":[{"@type":"ListItem","position":1,"name":"Portada","item":"https:\/\/www.arteartesania.com\/de\/"},{"@type":"ListItem","position":2,"name":"Shop online","item":"https:\/\/www.arteartesania.com\/de\/online-bastelladen\/"},{"@type":"ListItem","position":3,"name":"Figurenohrringe aus Stahl und Silber"}]},{"@type":"WebSite","@id":"https:\/\/www.arteartesania.com\/de\/#website","url":"https:\/\/www.arteartesania.com\/de\/","name":"Arteartesania","description":"Original selecci\u00f3n de Artesan\u00eda Contempor\u00e1nea de Autor","publisher":{"@id":"https:\/\/www.arteartesania.com\/de\/#organization"},"potentialAction":[{"@type":"SearchAction","target":{"@type":"EntryPoint","urlTemplate":"https:\/\/www.arteartesania.com\/de\/?s={search_term_string}"},"query-input":{"@type":"PropertyValueSpecification","valueRequired":true,"valueName":"search_term_string"}}],"inLanguage":"de"},{"@type":"Organization","@id":"https:\/\/www.arteartesania.com\/de\/#organization","name":"Arteartesania","url":"https:\/\/www.arteartesania.com\/de\/","logo":{"@type":"ImageObject","inLanguage":"de","@id":"https:\/\/www.arteartesania.com\/de\/#\/schema\/logo\/image\/","url":"https:\/\/www.arteartesania.com\/wp-content\/uploads\/2019\/12\/cropped-logofooter.png","contentUrl":"https:\/\/www.arteartesania.com\/wp-content\/uploads\/2019\/12\/cropped-logofooter.png","width":539,"height":58,"caption":"Arteartesania"},"image":{"@id":"https:\/\/www.arteartesania.com\/de\/#\/schema\/logo\/image\/"}}]}},"_links":{"self":[{"href":"https:\/\/www.arteartesania.com\/de\/wp-json\/wp\/v2\/product\/18533"}],"collection":[{"href":"https:\/\/www.arteartesania.com\/de\/wp-json\/wp\/v2\/product"}],"about":[{"href":"https:\/\/www.arteartesania.com\/de\/wp-json\/wp\/v2\/types\/product"}],"replies":[{"embeddable":true,"href":"https:\/\/www.arteartesania.com\/de\/wp-json\/wp\/v2\/comments?post=18533"}],"wp:featuredmedia":[{"embeddable":true,"href":"https:\/\/www.arteartesania.com\/de\/wp-json\/wp\/v2\/media\/18520"}],"wp:attachment":[{"href":"https:\/\/www.arteartesania.com\/de\/wp-json\/wp\/v2\/media?parent=18533"}],"wp:term":[{"taxonomy":"product_cat","embeddable":true,"href":"https:\/\/www.arteartesania.com\/de\/wp-json\/wp\/v2\/product_cat?post=18533"},{"taxonomy":"product_tag","embeddable":true,"href":"https:\/\/www.arteartesania.com\/de\/wp-json\/wp\/v2\/product_tag?post=18533"}],"curies":[{"name":"wp","href":"https:\/\/api.w.org\/{rel}","templated":true}]}}