{"id":18428,"date":"2025-08-20T16:44:24","date_gmt":"2025-08-20T14:44:24","guid":{"rendered":"https:\/\/www.arteartesania.com\/producto\/pequena-carterita-de-piel-pintada-a-mano\/"},"modified":"2025-08-20T16:54:08","modified_gmt":"2025-08-20T14:54:08","slug":"pequena-carterita-de-piel-pintada-a-mano","status":"publish","type":"product","link":"https:\/\/www.arteartesania.com\/de\/producto\/pequena-carterita-de-piel-pintada-a-mano\/","title":{"rendered":"Kleines handbemaltes Lederportemonnaie TALABAR"},"content":{"rendered":"<p>Handgefertigtes und handbemaltes Lederportemonnaie aus Sevilla.<\/p>\n<p>Mit einem Fach f\u00fcr Karten, Scheine und einem kleinen M\u00fcnzfach.<\/p>\n<p>10 cm lang, 8 cm hoch<\/p>\n","protected":false},"excerpt":{"rendered":"<p>Handgefertigtes und handbemaltes Lederportemonnaie aus Sevilla. Mit einem Fach f\u00fcr Karten, Scheine und einem kleinen M\u00fcnzfach. 10 cm lang, 8 cm hoch<\/p>\n","protected":false},"featured_media":18404,"comment_status":"closed","ping_status":"closed","template":"","meta":{"_acf_changed":false,"inline_featured_image":false},"product_cat":[799,740,238],"product_tag":[455,800,801,802,779,803,804,805,806,807],"class_list":{"0":"post-18428","1":"product","2":"type-product","3":"status-publish","4":"has-post-thumbnail","6":"product_cat-cuero-de","7":"product_cat-leder","8":"product_cat-talabar-de","9":"product_tag-arteartesania-2-de","10":"product_tag-carlostellechea-arteartesania-confinamiento-de","11":"product_tag-cartera-de","12":"product_tag-cartera-de-piel-de","13":"product_tag-hecho-a-mano-de","14":"product_tag-leather-de","15":"product_tag-moda-de","16":"product_tag-piel-de","17":"product_tag-sevilla-de","18":"product_tag-talabar-de","20":"first","21":"instock","22":"shipping-taxable","23":"purchasable","24":"product-type-variable"},"acf":[],"yoast_head":"<!-- This site is optimized with the Yoast SEO plugin v23.6 - https:\/\/yoast.com\/wordpress\/plugins\/seo\/ -->\n<title>Kleines handbemaltes Lederportemonnaie TALABAR - Arteartesania<\/title>\n<meta name=\"robots\" content=\"index, follow, max-snippet:-1, max-image-preview:large, max-video-preview:-1\" \/>\n<link rel=\"canonical\" href=\"https:\/\/www.arteartesania.com\/de\/producto\/pequena-carterita-de-piel-pintada-a-mano\/\" \/>\n<meta property=\"og:locale\" content=\"de_DE\" \/>\n<meta property=\"og:type\" content=\"article\" \/>\n<meta property=\"og:title\" content=\"Kleines handbemaltes Lederportemonnaie TALABAR - Arteartesania\" \/>\n<meta property=\"og:description\" content=\"Handgefertigtes und handbemaltes Lederportemonnaie aus Sevilla. Mit einem Fach f\u00fcr Karten, Scheine und einem kleinen M\u00fcnzfach. 10 cm lang, 8 cm hoch\" \/>\n<meta property=\"og:url\" content=\"https:\/\/www.arteartesania.com\/de\/producto\/pequena-carterita-de-piel-pintada-a-mano\/\" \/>\n<meta property=\"og:site_name\" content=\"Arteartesania\" \/>\n<meta property=\"article:modified_time\" content=\"2025-08-20T14:54:08+00:00\" \/>\n<meta property=\"og:image\" content=\"https:\/\/www.arteartesania.com\/wp-content\/uploads\/2025\/08\/1TALABAR-CARTERITA-scaled.jpg\" \/>\n\t<meta property=\"og:image:width\" content=\"2560\" \/>\n\t<meta property=\"og:image:height\" content=\"2560\" \/>\n\t<meta property=\"og:image:type\" content=\"image\/jpeg\" \/>\n<meta name=\"twitter:card\" content=\"summary_large_image\" \/>\n<meta name=\"twitter:label1\" content=\"Gesch\u00e4tzte Lesezeit\" \/>\n\t<meta name=\"twitter:data1\" content=\"1\u00a0Minute\" \/>\n<script type=\"application\/ld+json\" class=\"yoast-schema-graph\">{\"@context\":\"https:\/\/schema.org\",\"@graph\":[{\"@type\":\"WebPage\",\"@id\":\"https:\/\/www.arteartesania.com\/de\/producto\/pequena-carterita-de-piel-pintada-a-mano\/\",\"url\":\"https:\/\/www.arteartesania.com\/de\/producto\/pequena-carterita-de-piel-pintada-a-mano\/\",\"name\":\"Kleines handbemaltes Lederportemonnaie TALABAR - Arteartesania\",\"isPartOf\":{\"@id\":\"https:\/\/www.arteartesania.com\/de\/#website\"},\"primaryImageOfPage\":{\"@id\":\"https:\/\/www.arteartesania.com\/de\/producto\/pequena-carterita-de-piel-pintada-a-mano\/#primaryimage\"},\"image\":{\"@id\":\"https:\/\/www.arteartesania.com\/de\/producto\/pequena-carterita-de-piel-pintada-a-mano\/#primaryimage\"},\"thumbnailUrl\":\"https:\/\/www.arteartesania.com\/wp-content\/uploads\/2025\/08\/1TALABAR-CARTERITA-scaled.jpg\",\"datePublished\":\"2025-08-20T14:44:24+00:00\",\"dateModified\":\"2025-08-20T14:54:08+00:00\",\"breadcrumb\":{\"@id\":\"https:\/\/www.arteartesania.com\/de\/producto\/pequena-carterita-de-piel-pintada-a-mano\/#breadcrumb\"},\"inLanguage\":\"de\",\"potentialAction\":[{\"@type\":\"ReadAction\",\"target\":[\"https:\/\/www.arteartesania.com\/de\/producto\/pequena-carterita-de-piel-pintada-a-mano\/\"]}]},{\"@type\":\"ImageObject\",\"inLanguage\":\"de\",\"@id\":\"https:\/\/www.arteartesania.com\/de\/producto\/pequena-carterita-de-piel-pintada-a-mano\/#primaryimage\",\"url\":\"https:\/\/www.arteartesania.com\/wp-content\/uploads\/2025\/08\/1TALABAR-CARTERITA-scaled.jpg\",\"contentUrl\":\"https:\/\/www.arteartesania.com\/wp-content\/uploads\/2025\/08\/1TALABAR-CARTERITA-scaled.jpg\",\"width\":2560,\"height\":2560,\"caption\":\"cartera de cuero talabar pintada a mano arteartesania\"},{\"@type\":\"BreadcrumbList\",\"@id\":\"https:\/\/www.arteartesania.com\/de\/producto\/pequena-carterita-de-piel-pintada-a-mano\/#breadcrumb\",\"itemListElement\":[{\"@type\":\"ListItem\",\"position\":1,\"name\":\"Portada\",\"item\":\"https:\/\/www.arteartesania.com\/de\/\"},{\"@type\":\"ListItem\",\"position\":2,\"name\":\"Shop online\",\"item\":\"https:\/\/www.arteartesania.com\/de\/online-bastelladen\/\"},{\"@type\":\"ListItem\",\"position\":3,\"name\":\"Kleines handbemaltes Lederportemonnaie TALABAR\"}]},{\"@type\":\"WebSite\",\"@id\":\"https:\/\/www.arteartesania.com\/de\/#website\",\"url\":\"https:\/\/www.arteartesania.com\/de\/\",\"name\":\"Arteartesania\",\"description\":\"Original selecci\u00f3n de Artesan\u00eda Contempor\u00e1nea de Autor\",\"publisher\":{\"@id\":\"https:\/\/www.arteartesania.com\/de\/#organization\"},\"potentialAction\":[{\"@type\":\"SearchAction\",\"target\":{\"@type\":\"EntryPoint\",\"urlTemplate\":\"https:\/\/www.arteartesania.com\/de\/?s={search_term_string}\"},\"query-input\":{\"@type\":\"PropertyValueSpecification\",\"valueRequired\":true,\"valueName\":\"search_term_string\"}}],\"inLanguage\":\"de\"},{\"@type\":\"Organization\",\"@id\":\"https:\/\/www.arteartesania.com\/de\/#organization\",\"name\":\"Arteartesania\",\"url\":\"https:\/\/www.arteartesania.com\/de\/\",\"logo\":{\"@type\":\"ImageObject\",\"inLanguage\":\"de\",\"@id\":\"https:\/\/www.arteartesania.com\/de\/#\/schema\/logo\/image\/\",\"url\":\"https:\/\/www.arteartesania.com\/wp-content\/uploads\/2019\/12\/cropped-logofooter.png\",\"contentUrl\":\"https:\/\/www.arteartesania.com\/wp-content\/uploads\/2019\/12\/cropped-logofooter.png\",\"width\":539,\"height\":58,\"caption\":\"Arteartesania\"},\"image\":{\"@id\":\"https:\/\/www.arteartesania.com\/de\/#\/schema\/logo\/image\/\"}}]}<\/script>\n<!-- \/ Yoast SEO plugin. -->","yoast_head_json":{"title":"Kleines handbemaltes Lederportemonnaie TALABAR - Arteartesania","robots":{"index":"index","follow":"follow","max-snippet":"max-snippet:-1","max-image-preview":"max-image-preview:large","max-video-preview":"max-video-preview:-1"},"canonical":"https:\/\/www.arteartesania.com\/de\/producto\/pequena-carterita-de-piel-pintada-a-mano\/","og_locale":"de_DE","og_type":"article","og_title":"Kleines handbemaltes Lederportemonnaie TALABAR - Arteartesania","og_description":"Handgefertigtes und handbemaltes Lederportemonnaie aus Sevilla. Mit einem Fach f\u00fcr Karten, Scheine und einem kleinen M\u00fcnzfach. 10 cm lang, 8 cm hoch","og_url":"https:\/\/www.arteartesania.com\/de\/producto\/pequena-carterita-de-piel-pintada-a-mano\/","og_site_name":"Arteartesania","article_modified_time":"2025-08-20T14:54:08+00:00","og_image":[{"width":2560,"height":2560,"url":"https:\/\/www.arteartesania.com\/wp-content\/uploads\/2025\/08\/1TALABAR-CARTERITA-scaled.jpg","type":"image\/jpeg"}],"twitter_card":"summary_large_image","twitter_misc":{"Gesch\u00e4tzte Lesezeit":"1\u00a0Minute"},"schema":{"@context":"https:\/\/schema.org","@graph":[{"@type":"WebPage","@id":"https:\/\/www.arteartesania.com\/de\/producto\/pequena-carterita-de-piel-pintada-a-mano\/","url":"https:\/\/www.arteartesania.com\/de\/producto\/pequena-carterita-de-piel-pintada-a-mano\/","name":"Kleines handbemaltes Lederportemonnaie TALABAR - Arteartesania","isPartOf":{"@id":"https:\/\/www.arteartesania.com\/de\/#website"},"primaryImageOfPage":{"@id":"https:\/\/www.arteartesania.com\/de\/producto\/pequena-carterita-de-piel-pintada-a-mano\/#primaryimage"},"image":{"@id":"https:\/\/www.arteartesania.com\/de\/producto\/pequena-carterita-de-piel-pintada-a-mano\/#primaryimage"},"thumbnailUrl":"https:\/\/www.arteartesania.com\/wp-content\/uploads\/2025\/08\/1TALABAR-CARTERITA-scaled.jpg","datePublished":"2025-08-20T14:44:24+00:00","dateModified":"2025-08-20T14:54:08+00:00","breadcrumb":{"@id":"https:\/\/www.arteartesania.com\/de\/producto\/pequena-carterita-de-piel-pintada-a-mano\/#breadcrumb"},"inLanguage":"de","potentialAction":[{"@type":"ReadAction","target":["https:\/\/www.arteartesania.com\/de\/producto\/pequena-carterita-de-piel-pintada-a-mano\/"]}]},{"@type":"ImageObject","inLanguage":"de","@id":"https:\/\/www.arteartesania.com\/de\/producto\/pequena-carterita-de-piel-pintada-a-mano\/#primaryimage","url":"https:\/\/www.arteartesania.com\/wp-content\/uploads\/2025\/08\/1TALABAR-CARTERITA-scaled.jpg","contentUrl":"https:\/\/www.arteartesania.com\/wp-content\/uploads\/2025\/08\/1TALABAR-CARTERITA-scaled.jpg","width":2560,"height":2560,"caption":"cartera de cuero talabar pintada a mano arteartesania"},{"@type":"BreadcrumbList","@id":"https:\/\/www.arteartesania.com\/de\/producto\/pequena-carterita-de-piel-pintada-a-mano\/#breadcrumb","itemListElement":[{"@type":"ListItem","position":1,"name":"Portada","item":"https:\/\/www.arteartesania.com\/de\/"},{"@type":"ListItem","position":2,"name":"Shop online","item":"https:\/\/www.arteartesania.com\/de\/online-bastelladen\/"},{"@type":"ListItem","position":3,"name":"Kleines handbemaltes Lederportemonnaie TALABAR"}]},{"@type":"WebSite","@id":"https:\/\/www.arteartesania.com\/de\/#website","url":"https:\/\/www.arteartesania.com\/de\/","name":"Arteartesania","description":"Original selecci\u00f3n de Artesan\u00eda Contempor\u00e1nea de Autor","publisher":{"@id":"https:\/\/www.arteartesania.com\/de\/#organization"},"potentialAction":[{"@type":"SearchAction","target":{"@type":"EntryPoint","urlTemplate":"https:\/\/www.arteartesania.com\/de\/?s={search_term_string}"},"query-input":{"@type":"PropertyValueSpecification","valueRequired":true,"valueName":"search_term_string"}}],"inLanguage":"de"},{"@type":"Organization","@id":"https:\/\/www.arteartesania.com\/de\/#organization","name":"Arteartesania","url":"https:\/\/www.arteartesania.com\/de\/","logo":{"@type":"ImageObject","inLanguage":"de","@id":"https:\/\/www.arteartesania.com\/de\/#\/schema\/logo\/image\/","url":"https:\/\/www.arteartesania.com\/wp-content\/uploads\/2019\/12\/cropped-logofooter.png","contentUrl":"https:\/\/www.arteartesania.com\/wp-content\/uploads\/2019\/12\/cropped-logofooter.png","width":539,"height":58,"caption":"Arteartesania"},"image":{"@id":"https:\/\/www.arteartesania.com\/de\/#\/schema\/logo\/image\/"}}]}},"_links":{"self":[{"href":"https:\/\/www.arteartesania.com\/de\/wp-json\/wp\/v2\/product\/18428"}],"collection":[{"href":"https:\/\/www.arteartesania.com\/de\/wp-json\/wp\/v2\/product"}],"about":[{"href":"https:\/\/www.arteartesania.com\/de\/wp-json\/wp\/v2\/types\/product"}],"replies":[{"embeddable":true,"href":"https:\/\/www.arteartesania.com\/de\/wp-json\/wp\/v2\/comments?post=18428"}],"wp:featuredmedia":[{"embeddable":true,"href":"https:\/\/www.arteartesania.com\/de\/wp-json\/wp\/v2\/media\/18404"}],"wp:attachment":[{"href":"https:\/\/www.arteartesania.com\/de\/wp-json\/wp\/v2\/media?parent=18428"}],"wp:term":[{"taxonomy":"product_cat","embeddable":true,"href":"https:\/\/www.arteartesania.com\/de\/wp-json\/wp\/v2\/product_cat?post=18428"},{"taxonomy":"product_tag","embeddable":true,"href":"https:\/\/www.arteartesania.com\/de\/wp-json\/wp\/v2\/product_tag?post=18428"}],"curies":[{"name":"wp","href":"https:\/\/api.w.org\/{rel}","templated":true}]}}