{"id":18333,"date":"2025-08-08T18:44:22","date_gmt":"2025-08-08T16:44:22","guid":{"rendered":"https:\/\/www.arteartesania.com\/producto\/brazalete-myotragus-balearicus-mediano-plata-y-plata-oxidada\/"},"modified":"2025-08-08T18:52:27","modified_gmt":"2025-08-08T16:52:27","slug":"brazalete-myotragus-balearicus-mediano-plata-y-plata-oxidada","status":"publish","type":"product","link":"https:\/\/www.arteartesania.com\/de\/producto\/brazalete-myotragus-balearicus-mediano-plata-y-plata-oxidada\/","title":{"rendered":"Mittelgro\u00dfes Myotragus Balearicus-Armband aus Silber und oxidiertem Silber"},"content":{"rendered":"<p>Offenes Armband mit zwei Enden in Form des Sch\u00e4dels eines Myotragus Balearicus, der ikonischen ausgestorbenen Art Mallorcas.<\/p>\n<p>Es ist in zwei Ausf\u00fchrungen erh\u00e4ltlich: 925er Sterlingsilber und oxidiertes Silber.<\/p>\n<p>Die Kopfgr\u00f6\u00dfe des Myotragus Balearicus ist mittelgro\u00df.<\/p>\n<p>Ein einzigartiges Schmuckst\u00fcck, das Geschichte, Handwerkskunst und modernes Design vereint.<\/p>\n","protected":false},"excerpt":{"rendered":"<p>Offenes Armband mit zwei Enden in Form des Sch\u00e4dels eines Myotragus Balearicus, der ikonischen ausgestorbenen Art Mallorcas. Es ist in zwei Ausf\u00fchrungen erh\u00e4ltlich: 925er Sterlingsilber und oxidiertes Silber. Die Kopfgr\u00f6\u00dfe des Myotragus Balearicus ist mittelgro\u00df. Ein einzigartiges Schmuckst\u00fcck, das Geschichte, Handwerkskunst und modernes Design vereint.<\/p>\n","protected":false},"featured_media":18306,"comment_status":"closed","ping_status":"closed","template":"","meta":{"_acf_changed":false,"inline_featured_image":false},"product_cat":[246,218,507,243],"product_tag":[455,775,776,571,777,350,778,779,780,342,781,782,783,784,343],"class_list":{"0":"post-18333","1":"product","2":"type-product","3":"status-publish","4":"has-post-thumbnail","6":"product_cat-armreifen","7":"product_cat-carlos-tellechea-de","8":"product_cat-outlet-schmuck-de","9":"product_cat-schmuck","10":"product_tag-arteartesania-2-de","11":"product_tag-artesania-de-2","12":"product_tag-brazalete-de","13":"product_tag-carlos-tellechea-de","14":"product_tag-carlostellechea-2-de","15":"product_tag-carlostellechea-soller-mallorca-joyeria-arteartesania-de","16":"product_tag-handmade-de-2","17":"product_tag-hecho-a-mano-de","18":"product_tag-jewelry-de","19":"product_tag-mallorca-de","20":"product_tag-myotragus-de","21":"product_tag-myotragus-balearicus-de","22":"product_tag-plata-de","23":"product_tag-silver-de-2","24":"product_tag-soller-de","25":"product_shipping_class-paquetes-grandes-pesados-de","27":"first","28":"instock","29":"shipping-taxable","30":"purchasable","31":"product-type-variable"},"acf":[],"yoast_head":"<!-- This site is optimized with the Yoast SEO plugin v23.6 - https:\/\/yoast.com\/wordpress\/plugins\/seo\/ -->\n<title>Mittelgro\u00dfes Myotragus Balearicus-Armband aus Silber und oxidiertem Silber - Arteartesania<\/title>\n<meta name=\"robots\" content=\"index, follow, max-snippet:-1, max-image-preview:large, max-video-preview:-1\" \/>\n<link rel=\"canonical\" href=\"https:\/\/www.arteartesania.com\/de\/producto\/brazalete-myotragus-balearicus-mediano-plata-y-plata-oxidada\/\" \/>\n<meta property=\"og:locale\" content=\"de_DE\" \/>\n<meta property=\"og:type\" content=\"article\" \/>\n<meta property=\"og:title\" content=\"Mittelgro\u00dfes Myotragus Balearicus-Armband aus Silber und oxidiertem Silber - Arteartesania\" \/>\n<meta property=\"og:description\" content=\"Offenes Armband mit zwei Enden in Form des Sch\u00e4dels eines Myotragus Balearicus, der ikonischen ausgestorbenen Art Mallorcas. Es ist in zwei Ausf\u00fchrungen erh\u00e4ltlich: 925er Sterlingsilber und oxidiertes Silber. Die Kopfgr\u00f6\u00dfe des Myotragus Balearicus ist mittelgro\u00df. Ein einzigartiges Schmuckst\u00fcck, das Geschichte, Handwerkskunst und modernes Design vereint.\" \/>\n<meta property=\"og:url\" content=\"https:\/\/www.arteartesania.com\/de\/producto\/brazalete-myotragus-balearicus-mediano-plata-y-plata-oxidada\/\" \/>\n<meta property=\"og:site_name\" content=\"Arteartesania\" \/>\n<meta property=\"article:modified_time\" content=\"2025-08-08T16:52:27+00:00\" \/>\n<meta property=\"og:image\" content=\"https:\/\/www.arteartesania.com\/wp-content\/uploads\/2025\/08\/myotragus-plata-y-oxidado-.jpeg\" \/>\n\t<meta property=\"og:image:width\" content=\"2118\" \/>\n\t<meta property=\"og:image:height\" content=\"2118\" \/>\n\t<meta property=\"og:image:type\" content=\"image\/jpeg\" \/>\n<meta name=\"twitter:card\" content=\"summary_large_image\" \/>\n<meta name=\"twitter:label1\" content=\"Gesch\u00e4tzte Lesezeit\" \/>\n\t<meta name=\"twitter:data1\" content=\"1\u00a0Minute\" \/>\n<script type=\"application\/ld+json\" class=\"yoast-schema-graph\">{\"@context\":\"https:\/\/schema.org\",\"@graph\":[{\"@type\":\"WebPage\",\"@id\":\"https:\/\/www.arteartesania.com\/de\/producto\/brazalete-myotragus-balearicus-mediano-plata-y-plata-oxidada\/\",\"url\":\"https:\/\/www.arteartesania.com\/de\/producto\/brazalete-myotragus-balearicus-mediano-plata-y-plata-oxidada\/\",\"name\":\"Mittelgro\u00dfes Myotragus Balearicus-Armband aus Silber und oxidiertem Silber - Arteartesania\",\"isPartOf\":{\"@id\":\"https:\/\/www.arteartesania.com\/de\/#website\"},\"primaryImageOfPage\":{\"@id\":\"https:\/\/www.arteartesania.com\/de\/producto\/brazalete-myotragus-balearicus-mediano-plata-y-plata-oxidada\/#primaryimage\"},\"image\":{\"@id\":\"https:\/\/www.arteartesania.com\/de\/producto\/brazalete-myotragus-balearicus-mediano-plata-y-plata-oxidada\/#primaryimage\"},\"thumbnailUrl\":\"https:\/\/www.arteartesania.com\/wp-content\/uploads\/2025\/08\/myotragus-plata-y-oxidado-.jpeg\",\"datePublished\":\"2025-08-08T16:44:22+00:00\",\"dateModified\":\"2025-08-08T16:52:27+00:00\",\"breadcrumb\":{\"@id\":\"https:\/\/www.arteartesania.com\/de\/producto\/brazalete-myotragus-balearicus-mediano-plata-y-plata-oxidada\/#breadcrumb\"},\"inLanguage\":\"de\",\"potentialAction\":[{\"@type\":\"ReadAction\",\"target\":[\"https:\/\/www.arteartesania.com\/de\/producto\/brazalete-myotragus-balearicus-mediano-plata-y-plata-oxidada\/\"]}]},{\"@type\":\"ImageObject\",\"inLanguage\":\"de\",\"@id\":\"https:\/\/www.arteartesania.com\/de\/producto\/brazalete-myotragus-balearicus-mediano-plata-y-plata-oxidada\/#primaryimage\",\"url\":\"https:\/\/www.arteartesania.com\/wp-content\/uploads\/2025\/08\/myotragus-plata-y-oxidado-.jpeg\",\"contentUrl\":\"https:\/\/www.arteartesania.com\/wp-content\/uploads\/2025\/08\/myotragus-plata-y-oxidado-.jpeg\",\"width\":2118,\"height\":2118},{\"@type\":\"BreadcrumbList\",\"@id\":\"https:\/\/www.arteartesania.com\/de\/producto\/brazalete-myotragus-balearicus-mediano-plata-y-plata-oxidada\/#breadcrumb\",\"itemListElement\":[{\"@type\":\"ListItem\",\"position\":1,\"name\":\"Portada\",\"item\":\"https:\/\/www.arteartesania.com\/de\/\"},{\"@type\":\"ListItem\",\"position\":2,\"name\":\"Shop online\",\"item\":\"https:\/\/www.arteartesania.com\/de\/online-bastelladen\/\"},{\"@type\":\"ListItem\",\"position\":3,\"name\":\"Mittelgro\u00dfes Myotragus Balearicus-Armband aus Silber und oxidiertem Silber\"}]},{\"@type\":\"WebSite\",\"@id\":\"https:\/\/www.arteartesania.com\/de\/#website\",\"url\":\"https:\/\/www.arteartesania.com\/de\/\",\"name\":\"Arteartesania\",\"description\":\"Original selecci\u00f3n de Artesan\u00eda Contempor\u00e1nea de Autor\",\"publisher\":{\"@id\":\"https:\/\/www.arteartesania.com\/de\/#organization\"},\"potentialAction\":[{\"@type\":\"SearchAction\",\"target\":{\"@type\":\"EntryPoint\",\"urlTemplate\":\"https:\/\/www.arteartesania.com\/de\/?s={search_term_string}\"},\"query-input\":{\"@type\":\"PropertyValueSpecification\",\"valueRequired\":true,\"valueName\":\"search_term_string\"}}],\"inLanguage\":\"de\"},{\"@type\":\"Organization\",\"@id\":\"https:\/\/www.arteartesania.com\/de\/#organization\",\"name\":\"Arteartesania\",\"url\":\"https:\/\/www.arteartesania.com\/de\/\",\"logo\":{\"@type\":\"ImageObject\",\"inLanguage\":\"de\",\"@id\":\"https:\/\/www.arteartesania.com\/de\/#\/schema\/logo\/image\/\",\"url\":\"https:\/\/www.arteartesania.com\/wp-content\/uploads\/2019\/12\/cropped-logofooter.png\",\"contentUrl\":\"https:\/\/www.arteartesania.com\/wp-content\/uploads\/2019\/12\/cropped-logofooter.png\",\"width\":539,\"height\":58,\"caption\":\"Arteartesania\"},\"image\":{\"@id\":\"https:\/\/www.arteartesania.com\/de\/#\/schema\/logo\/image\/\"}}]}<\/script>\n<!-- \/ Yoast SEO plugin. -->","yoast_head_json":{"title":"Mittelgro\u00dfes Myotragus Balearicus-Armband aus Silber und oxidiertem Silber - Arteartesania","robots":{"index":"index","follow":"follow","max-snippet":"max-snippet:-1","max-image-preview":"max-image-preview:large","max-video-preview":"max-video-preview:-1"},"canonical":"https:\/\/www.arteartesania.com\/de\/producto\/brazalete-myotragus-balearicus-mediano-plata-y-plata-oxidada\/","og_locale":"de_DE","og_type":"article","og_title":"Mittelgro\u00dfes Myotragus Balearicus-Armband aus Silber und oxidiertem Silber - Arteartesania","og_description":"Offenes Armband mit zwei Enden in Form des Sch\u00e4dels eines Myotragus Balearicus, der ikonischen ausgestorbenen Art Mallorcas. Es ist in zwei Ausf\u00fchrungen erh\u00e4ltlich: 925er Sterlingsilber und oxidiertes Silber. Die Kopfgr\u00f6\u00dfe des Myotragus Balearicus ist mittelgro\u00df. Ein einzigartiges Schmuckst\u00fcck, das Geschichte, Handwerkskunst und modernes Design vereint.","og_url":"https:\/\/www.arteartesania.com\/de\/producto\/brazalete-myotragus-balearicus-mediano-plata-y-plata-oxidada\/","og_site_name":"Arteartesania","article_modified_time":"2025-08-08T16:52:27+00:00","og_image":[{"width":2118,"height":2118,"url":"https:\/\/www.arteartesania.com\/wp-content\/uploads\/2025\/08\/myotragus-plata-y-oxidado-.jpeg","type":"image\/jpeg"}],"twitter_card":"summary_large_image","twitter_misc":{"Gesch\u00e4tzte Lesezeit":"1\u00a0Minute"},"schema":{"@context":"https:\/\/schema.org","@graph":[{"@type":"WebPage","@id":"https:\/\/www.arteartesania.com\/de\/producto\/brazalete-myotragus-balearicus-mediano-plata-y-plata-oxidada\/","url":"https:\/\/www.arteartesania.com\/de\/producto\/brazalete-myotragus-balearicus-mediano-plata-y-plata-oxidada\/","name":"Mittelgro\u00dfes Myotragus Balearicus-Armband aus Silber und oxidiertem Silber - Arteartesania","isPartOf":{"@id":"https:\/\/www.arteartesania.com\/de\/#website"},"primaryImageOfPage":{"@id":"https:\/\/www.arteartesania.com\/de\/producto\/brazalete-myotragus-balearicus-mediano-plata-y-plata-oxidada\/#primaryimage"},"image":{"@id":"https:\/\/www.arteartesania.com\/de\/producto\/brazalete-myotragus-balearicus-mediano-plata-y-plata-oxidada\/#primaryimage"},"thumbnailUrl":"https:\/\/www.arteartesania.com\/wp-content\/uploads\/2025\/08\/myotragus-plata-y-oxidado-.jpeg","datePublished":"2025-08-08T16:44:22+00:00","dateModified":"2025-08-08T16:52:27+00:00","breadcrumb":{"@id":"https:\/\/www.arteartesania.com\/de\/producto\/brazalete-myotragus-balearicus-mediano-plata-y-plata-oxidada\/#breadcrumb"},"inLanguage":"de","potentialAction":[{"@type":"ReadAction","target":["https:\/\/www.arteartesania.com\/de\/producto\/brazalete-myotragus-balearicus-mediano-plata-y-plata-oxidada\/"]}]},{"@type":"ImageObject","inLanguage":"de","@id":"https:\/\/www.arteartesania.com\/de\/producto\/brazalete-myotragus-balearicus-mediano-plata-y-plata-oxidada\/#primaryimage","url":"https:\/\/www.arteartesania.com\/wp-content\/uploads\/2025\/08\/myotragus-plata-y-oxidado-.jpeg","contentUrl":"https:\/\/www.arteartesania.com\/wp-content\/uploads\/2025\/08\/myotragus-plata-y-oxidado-.jpeg","width":2118,"height":2118},{"@type":"BreadcrumbList","@id":"https:\/\/www.arteartesania.com\/de\/producto\/brazalete-myotragus-balearicus-mediano-plata-y-plata-oxidada\/#breadcrumb","itemListElement":[{"@type":"ListItem","position":1,"name":"Portada","item":"https:\/\/www.arteartesania.com\/de\/"},{"@type":"ListItem","position":2,"name":"Shop online","item":"https:\/\/www.arteartesania.com\/de\/online-bastelladen\/"},{"@type":"ListItem","position":3,"name":"Mittelgro\u00dfes Myotragus Balearicus-Armband aus Silber und oxidiertem Silber"}]},{"@type":"WebSite","@id":"https:\/\/www.arteartesania.com\/de\/#website","url":"https:\/\/www.arteartesania.com\/de\/","name":"Arteartesania","description":"Original selecci\u00f3n de Artesan\u00eda Contempor\u00e1nea de Autor","publisher":{"@id":"https:\/\/www.arteartesania.com\/de\/#organization"},"potentialAction":[{"@type":"SearchAction","target":{"@type":"EntryPoint","urlTemplate":"https:\/\/www.arteartesania.com\/de\/?s={search_term_string}"},"query-input":{"@type":"PropertyValueSpecification","valueRequired":true,"valueName":"search_term_string"}}],"inLanguage":"de"},{"@type":"Organization","@id":"https:\/\/www.arteartesania.com\/de\/#organization","name":"Arteartesania","url":"https:\/\/www.arteartesania.com\/de\/","logo":{"@type":"ImageObject","inLanguage":"de","@id":"https:\/\/www.arteartesania.com\/de\/#\/schema\/logo\/image\/","url":"https:\/\/www.arteartesania.com\/wp-content\/uploads\/2019\/12\/cropped-logofooter.png","contentUrl":"https:\/\/www.arteartesania.com\/wp-content\/uploads\/2019\/12\/cropped-logofooter.png","width":539,"height":58,"caption":"Arteartesania"},"image":{"@id":"https:\/\/www.arteartesania.com\/de\/#\/schema\/logo\/image\/"}}]}},"_links":{"self":[{"href":"https:\/\/www.arteartesania.com\/de\/wp-json\/wp\/v2\/product\/18333"}],"collection":[{"href":"https:\/\/www.arteartesania.com\/de\/wp-json\/wp\/v2\/product"}],"about":[{"href":"https:\/\/www.arteartesania.com\/de\/wp-json\/wp\/v2\/types\/product"}],"replies":[{"embeddable":true,"href":"https:\/\/www.arteartesania.com\/de\/wp-json\/wp\/v2\/comments?post=18333"}],"wp:featuredmedia":[{"embeddable":true,"href":"https:\/\/www.arteartesania.com\/de\/wp-json\/wp\/v2\/media\/18306"}],"wp:attachment":[{"href":"https:\/\/www.arteartesania.com\/de\/wp-json\/wp\/v2\/media?parent=18333"}],"wp:term":[{"taxonomy":"product_cat","embeddable":true,"href":"https:\/\/www.arteartesania.com\/de\/wp-json\/wp\/v2\/product_cat?post=18333"},{"taxonomy":"product_tag","embeddable":true,"href":"https:\/\/www.arteartesania.com\/de\/wp-json\/wp\/v2\/product_tag?post=18333"}],"curies":[{"name":"wp","href":"https:\/\/api.w.org\/{rel}","templated":true}]}}