{"id":18262,"date":"2023-12-22T17:27:20","date_gmt":"2025-08-07T10:35:54","guid":{"rendered":"https:\/\/www.arteartesania.com\/?post_type=product&#038;p=18262"},"modified":"2025-08-07T12:35:56","modified_gmt":"2025-08-07T10:35:56","slug":"dicker-silberring-mit-18-karaetigen-golddetails-und-oeffnung-mondstein","status":"publish","type":"product","link":"https:\/\/www.arteartesania.com\/de\/producto\/dicker-silberring-mit-18-karaetigen-golddetails-und-oeffnung-mondstein\/","title":{"rendered":"Dicker Silberring mit 18-kar\u00e4tigen Golddetails und \u00d6ffnung, Mondstein"},"content":{"rendered":"<p>Dicker Silberring mit 18-kar\u00e4tigen Golddetails und \u00d6ffnung, Mondstein<\/p>\n<p>Materialien: 925er Silber, 18-kar\u00e4tiges Gold, Mondstein<\/p>\n<p>Autor: Carlos Tellechea f\u00fcr ARTEARTESANIA<\/p>\n<p>Jahr: 2023<\/p>\n","protected":false},"excerpt":{"rendered":"<p>Dicker Silberring mit 18-kar\u00e4tigen Golddetails und \u00d6ffnung, Mondstein Materialien: 925er Silber, 18-kar\u00e4tiges Gold, Mondstein Autor: Carlos Tellechea f\u00fcr ARTEARTESANIA Jahr: 2023<\/p>\n","protected":false},"featured_media":15937,"comment_status":"closed","ping_status":"closed","template":"","meta":{"_acf_changed":false,"inline_featured_image":false},"product_cat":[218,261,214,244,243],"product_tag":[350,314],"class_list":{"0":"post-18262","1":"product","2":"type-product","3":"status-publish","4":"has-post-thumbnail","6":"product_cat-carlos-tellechea-de","7":"product_cat-keine-kategorie","8":"product_cat-kuenstler","9":"product_cat-ringe","10":"product_cat-schmuck","11":"product_tag-carlostellechea-soller-mallorca-joyeria-arteartesania-de","12":"product_tag-anillos-de","14":"first","15":"instock","16":"shipping-taxable","17":"purchasable","18":"product-type-simple"},"acf":[],"yoast_head":"<!-- This site is optimized with the Yoast SEO plugin v23.6 - https:\/\/yoast.com\/wordpress\/plugins\/seo\/ -->\n<title>Dicker Silberring mit 18-kar\u00e4tigen Golddetails und \u00d6ffnung, Mondstein - Arteartesania<\/title>\n<meta name=\"robots\" content=\"index, follow, max-snippet:-1, max-image-preview:large, max-video-preview:-1\" \/>\n<link rel=\"canonical\" href=\"https:\/\/www.arteartesania.com\/de\/producto\/dicker-silberring-mit-18-karaetigen-golddetails-und-oeffnung-mondstein\/\" \/>\n<meta property=\"og:locale\" content=\"de_DE\" \/>\n<meta property=\"og:type\" content=\"article\" \/>\n<meta property=\"og:title\" content=\"Dicker Silberring mit 18-kar\u00e4tigen Golddetails und \u00d6ffnung, Mondstein - Arteartesania\" \/>\n<meta property=\"og:description\" content=\"Dicker Silberring mit 18-kar\u00e4tigen Golddetails und \u00d6ffnung, Mondstein Materialien: 925er Silber, 18-kar\u00e4tiges Gold, Mondstein Autor: Carlos Tellechea f\u00fcr ARTEARTESANIA Jahr: 2023\" \/>\n<meta property=\"og:url\" content=\"https:\/\/www.arteartesania.com\/de\/producto\/dicker-silberring-mit-18-karaetigen-golddetails-und-oeffnung-mondstein\/\" \/>\n<meta property=\"og:site_name\" content=\"Arteartesania\" \/>\n<meta property=\"article:modified_time\" content=\"2025-08-07T10:35:56+00:00\" \/>\n<meta property=\"og:image\" content=\"https:\/\/www.arteartesania.com\/wp-content\/uploads\/2023\/12\/ANILLO-BOLITAS-ORO-PIEDRA-LUNA2-scaled.jpeg\" \/>\n\t<meta property=\"og:image:width\" content=\"2560\" \/>\n\t<meta property=\"og:image:height\" content=\"2560\" \/>\n\t<meta property=\"og:image:type\" content=\"image\/jpeg\" \/>\n<meta name=\"twitter:card\" content=\"summary_large_image\" \/>\n<meta name=\"twitter:label1\" content=\"Gesch\u00e4tzte Lesezeit\" \/>\n\t<meta name=\"twitter:data1\" content=\"1\u00a0Minute\" \/>\n<script type=\"application\/ld+json\" class=\"yoast-schema-graph\">{\"@context\":\"https:\/\/schema.org\",\"@graph\":[{\"@type\":\"WebPage\",\"@id\":\"https:\/\/www.arteartesania.com\/de\/producto\/dicker-silberring-mit-18-karaetigen-golddetails-und-oeffnung-mondstein\/\",\"url\":\"https:\/\/www.arteartesania.com\/de\/producto\/dicker-silberring-mit-18-karaetigen-golddetails-und-oeffnung-mondstein\/\",\"name\":\"Dicker Silberring mit 18-kar\u00e4tigen Golddetails und \u00d6ffnung, Mondstein - Arteartesania\",\"isPartOf\":{\"@id\":\"https:\/\/www.arteartesania.com\/de\/#website\"},\"primaryImageOfPage\":{\"@id\":\"https:\/\/www.arteartesania.com\/de\/producto\/dicker-silberring-mit-18-karaetigen-golddetails-und-oeffnung-mondstein\/#primaryimage\"},\"image\":{\"@id\":\"https:\/\/www.arteartesania.com\/de\/producto\/dicker-silberring-mit-18-karaetigen-golddetails-und-oeffnung-mondstein\/#primaryimage\"},\"thumbnailUrl\":\"https:\/\/www.arteartesania.com\/wp-content\/uploads\/2023\/12\/ANILLO-BOLITAS-ORO-PIEDRA-LUNA2-scaled.jpeg\",\"datePublished\":\"2025-08-07T10:35:54+00:00\",\"dateModified\":\"2025-08-07T10:35:56+00:00\",\"breadcrumb\":{\"@id\":\"https:\/\/www.arteartesania.com\/de\/producto\/dicker-silberring-mit-18-karaetigen-golddetails-und-oeffnung-mondstein\/#breadcrumb\"},\"inLanguage\":\"de\",\"potentialAction\":[{\"@type\":\"ReadAction\",\"target\":[\"https:\/\/www.arteartesania.com\/de\/producto\/dicker-silberring-mit-18-karaetigen-golddetails-und-oeffnung-mondstein\/\"]}]},{\"@type\":\"ImageObject\",\"inLanguage\":\"de\",\"@id\":\"https:\/\/www.arteartesania.com\/de\/producto\/dicker-silberring-mit-18-karaetigen-golddetails-und-oeffnung-mondstein\/#primaryimage\",\"url\":\"https:\/\/www.arteartesania.com\/wp-content\/uploads\/2023\/12\/ANILLO-BOLITAS-ORO-PIEDRA-LUNA2-scaled.jpeg\",\"contentUrl\":\"https:\/\/www.arteartesania.com\/wp-content\/uploads\/2023\/12\/ANILLO-BOLITAS-ORO-PIEDRA-LUNA2-scaled.jpeg\",\"width\":2560,\"height\":2560},{\"@type\":\"BreadcrumbList\",\"@id\":\"https:\/\/www.arteartesania.com\/de\/producto\/dicker-silberring-mit-18-karaetigen-golddetails-und-oeffnung-mondstein\/#breadcrumb\",\"itemListElement\":[{\"@type\":\"ListItem\",\"position\":1,\"name\":\"Portada\",\"item\":\"https:\/\/www.arteartesania.com\/de\/\"},{\"@type\":\"ListItem\",\"position\":2,\"name\":\"Shop online\",\"item\":\"https:\/\/www.arteartesania.com\/de\/online-bastelladen\/\"},{\"@type\":\"ListItem\",\"position\":3,\"name\":\"Dicker Silberring mit 18-kar\u00e4tigen Golddetails und \u00d6ffnung, Mondstein\"}]},{\"@type\":\"WebSite\",\"@id\":\"https:\/\/www.arteartesania.com\/de\/#website\",\"url\":\"https:\/\/www.arteartesania.com\/de\/\",\"name\":\"Arteartesania\",\"description\":\"Original selecci\u00f3n de Artesan\u00eda Contempor\u00e1nea de Autor\",\"publisher\":{\"@id\":\"https:\/\/www.arteartesania.com\/de\/#organization\"},\"potentialAction\":[{\"@type\":\"SearchAction\",\"target\":{\"@type\":\"EntryPoint\",\"urlTemplate\":\"https:\/\/www.arteartesania.com\/de\/?s={search_term_string}\"},\"query-input\":{\"@type\":\"PropertyValueSpecification\",\"valueRequired\":true,\"valueName\":\"search_term_string\"}}],\"inLanguage\":\"de\"},{\"@type\":\"Organization\",\"@id\":\"https:\/\/www.arteartesania.com\/de\/#organization\",\"name\":\"Arteartesania\",\"url\":\"https:\/\/www.arteartesania.com\/de\/\",\"logo\":{\"@type\":\"ImageObject\",\"inLanguage\":\"de\",\"@id\":\"https:\/\/www.arteartesania.com\/de\/#\/schema\/logo\/image\/\",\"url\":\"https:\/\/www.arteartesania.com\/wp-content\/uploads\/2019\/12\/cropped-logofooter.png\",\"contentUrl\":\"https:\/\/www.arteartesania.com\/wp-content\/uploads\/2019\/12\/cropped-logofooter.png\",\"width\":539,\"height\":58,\"caption\":\"Arteartesania\"},\"image\":{\"@id\":\"https:\/\/www.arteartesania.com\/de\/#\/schema\/logo\/image\/\"}}]}<\/script>\n<!-- \/ Yoast SEO plugin. -->","yoast_head_json":{"title":"Dicker Silberring mit 18-kar\u00e4tigen Golddetails und \u00d6ffnung, Mondstein - Arteartesania","robots":{"index":"index","follow":"follow","max-snippet":"max-snippet:-1","max-image-preview":"max-image-preview:large","max-video-preview":"max-video-preview:-1"},"canonical":"https:\/\/www.arteartesania.com\/de\/producto\/dicker-silberring-mit-18-karaetigen-golddetails-und-oeffnung-mondstein\/","og_locale":"de_DE","og_type":"article","og_title":"Dicker Silberring mit 18-kar\u00e4tigen Golddetails und \u00d6ffnung, Mondstein - Arteartesania","og_description":"Dicker Silberring mit 18-kar\u00e4tigen Golddetails und \u00d6ffnung, Mondstein Materialien: 925er Silber, 18-kar\u00e4tiges Gold, Mondstein Autor: Carlos Tellechea f\u00fcr ARTEARTESANIA Jahr: 2023","og_url":"https:\/\/www.arteartesania.com\/de\/producto\/dicker-silberring-mit-18-karaetigen-golddetails-und-oeffnung-mondstein\/","og_site_name":"Arteartesania","article_modified_time":"2025-08-07T10:35:56+00:00","og_image":[{"width":2560,"height":2560,"url":"https:\/\/www.arteartesania.com\/wp-content\/uploads\/2023\/12\/ANILLO-BOLITAS-ORO-PIEDRA-LUNA2-scaled.jpeg","type":"image\/jpeg"}],"twitter_card":"summary_large_image","twitter_misc":{"Gesch\u00e4tzte Lesezeit":"1\u00a0Minute"},"schema":{"@context":"https:\/\/schema.org","@graph":[{"@type":"WebPage","@id":"https:\/\/www.arteartesania.com\/de\/producto\/dicker-silberring-mit-18-karaetigen-golddetails-und-oeffnung-mondstein\/","url":"https:\/\/www.arteartesania.com\/de\/producto\/dicker-silberring-mit-18-karaetigen-golddetails-und-oeffnung-mondstein\/","name":"Dicker Silberring mit 18-kar\u00e4tigen Golddetails und \u00d6ffnung, Mondstein - Arteartesania","isPartOf":{"@id":"https:\/\/www.arteartesania.com\/de\/#website"},"primaryImageOfPage":{"@id":"https:\/\/www.arteartesania.com\/de\/producto\/dicker-silberring-mit-18-karaetigen-golddetails-und-oeffnung-mondstein\/#primaryimage"},"image":{"@id":"https:\/\/www.arteartesania.com\/de\/producto\/dicker-silberring-mit-18-karaetigen-golddetails-und-oeffnung-mondstein\/#primaryimage"},"thumbnailUrl":"https:\/\/www.arteartesania.com\/wp-content\/uploads\/2023\/12\/ANILLO-BOLITAS-ORO-PIEDRA-LUNA2-scaled.jpeg","datePublished":"2025-08-07T10:35:54+00:00","dateModified":"2025-08-07T10:35:56+00:00","breadcrumb":{"@id":"https:\/\/www.arteartesania.com\/de\/producto\/dicker-silberring-mit-18-karaetigen-golddetails-und-oeffnung-mondstein\/#breadcrumb"},"inLanguage":"de","potentialAction":[{"@type":"ReadAction","target":["https:\/\/www.arteartesania.com\/de\/producto\/dicker-silberring-mit-18-karaetigen-golddetails-und-oeffnung-mondstein\/"]}]},{"@type":"ImageObject","inLanguage":"de","@id":"https:\/\/www.arteartesania.com\/de\/producto\/dicker-silberring-mit-18-karaetigen-golddetails-und-oeffnung-mondstein\/#primaryimage","url":"https:\/\/www.arteartesania.com\/wp-content\/uploads\/2023\/12\/ANILLO-BOLITAS-ORO-PIEDRA-LUNA2-scaled.jpeg","contentUrl":"https:\/\/www.arteartesania.com\/wp-content\/uploads\/2023\/12\/ANILLO-BOLITAS-ORO-PIEDRA-LUNA2-scaled.jpeg","width":2560,"height":2560},{"@type":"BreadcrumbList","@id":"https:\/\/www.arteartesania.com\/de\/producto\/dicker-silberring-mit-18-karaetigen-golddetails-und-oeffnung-mondstein\/#breadcrumb","itemListElement":[{"@type":"ListItem","position":1,"name":"Portada","item":"https:\/\/www.arteartesania.com\/de\/"},{"@type":"ListItem","position":2,"name":"Shop online","item":"https:\/\/www.arteartesania.com\/de\/online-bastelladen\/"},{"@type":"ListItem","position":3,"name":"Dicker Silberring mit 18-kar\u00e4tigen Golddetails und \u00d6ffnung, Mondstein"}]},{"@type":"WebSite","@id":"https:\/\/www.arteartesania.com\/de\/#website","url":"https:\/\/www.arteartesania.com\/de\/","name":"Arteartesania","description":"Original selecci\u00f3n de Artesan\u00eda Contempor\u00e1nea de Autor","publisher":{"@id":"https:\/\/www.arteartesania.com\/de\/#organization"},"potentialAction":[{"@type":"SearchAction","target":{"@type":"EntryPoint","urlTemplate":"https:\/\/www.arteartesania.com\/de\/?s={search_term_string}"},"query-input":{"@type":"PropertyValueSpecification","valueRequired":true,"valueName":"search_term_string"}}],"inLanguage":"de"},{"@type":"Organization","@id":"https:\/\/www.arteartesania.com\/de\/#organization","name":"Arteartesania","url":"https:\/\/www.arteartesania.com\/de\/","logo":{"@type":"ImageObject","inLanguage":"de","@id":"https:\/\/www.arteartesania.com\/de\/#\/schema\/logo\/image\/","url":"https:\/\/www.arteartesania.com\/wp-content\/uploads\/2019\/12\/cropped-logofooter.png","contentUrl":"https:\/\/www.arteartesania.com\/wp-content\/uploads\/2019\/12\/cropped-logofooter.png","width":539,"height":58,"caption":"Arteartesania"},"image":{"@id":"https:\/\/www.arteartesania.com\/de\/#\/schema\/logo\/image\/"}}]}},"_links":{"self":[{"href":"https:\/\/www.arteartesania.com\/de\/wp-json\/wp\/v2\/product\/18262"}],"collection":[{"href":"https:\/\/www.arteartesania.com\/de\/wp-json\/wp\/v2\/product"}],"about":[{"href":"https:\/\/www.arteartesania.com\/de\/wp-json\/wp\/v2\/types\/product"}],"replies":[{"embeddable":true,"href":"https:\/\/www.arteartesania.com\/de\/wp-json\/wp\/v2\/comments?post=18262"}],"wp:featuredmedia":[{"embeddable":true,"href":"https:\/\/www.arteartesania.com\/de\/wp-json\/wp\/v2\/media\/15937"}],"wp:attachment":[{"href":"https:\/\/www.arteartesania.com\/de\/wp-json\/wp\/v2\/media?parent=18262"}],"wp:term":[{"taxonomy":"product_cat","embeddable":true,"href":"https:\/\/www.arteartesania.com\/de\/wp-json\/wp\/v2\/product_cat?post=18262"},{"taxonomy":"product_tag","embeddable":true,"href":"https:\/\/www.arteartesania.com\/de\/wp-json\/wp\/v2\/product_tag?post=18262"}],"curies":[{"name":"wp","href":"https:\/\/api.w.org\/{rel}","templated":true}]}}