{"id":18231,"date":"2025-04-02T13:52:16","date_gmt":"2025-08-05T13:38:44","guid":{"rendered":"https:\/\/www.arteartesania.com\/?post_type=product&#038;p=18231"},"modified":"2025-08-09T13:51:49","modified_gmt":"2025-08-09T11:51:49","slug":"grosser-bronze-torque-mit-zwei-patinierten-hohlkehlen","status":"publish","type":"product","link":"https:\/\/www.arteartesania.com\/de\/producto\/grosser-bronze-torque-mit-zwei-patinierten-hohlkehlen\/","title":{"rendered":"GROSSER Bronze-Torque mit zwei patinierten Hohlkehlen"},"content":{"rendered":"","protected":false},"excerpt":{"rendered":"<p>ARTIKEL: GROSSER Bronze-Torque mit zwei patinierten Hohlkehlen<br \/>\nMATERIAL: Messing \u2013 Kupferoxid-Patina<\/p>\n<p>Mallorquinische Handwerkskunst<\/p>\n<p>Handgefertigte Unikatst\u00fccke.<br \/>\nCARLOS TELLECHEA<\/p>\n<p>&nbsp;<\/p>\n","protected":false},"featured_media":17878,"comment_status":"closed","ping_status":"closed","template":"","meta":{"_acf_changed":false,"inline_featured_image":false},"product_cat":[261],"product_tag":[],"class_list":{"0":"post-18231","1":"product","2":"type-product","3":"status-publish","4":"has-post-thumbnail","6":"product_cat-keine-kategorie","8":"first","9":"instock","10":"shipping-taxable","11":"purchasable","12":"product-type-simple"},"acf":[],"yoast_head":"<!-- This site is optimized with the Yoast SEO plugin v23.6 - https:\/\/yoast.com\/wordpress\/plugins\/seo\/ -->\n<title>GROSSER Bronze-Torque mit zwei patinierten Hohlkehlen - Arteartesania<\/title>\n<meta name=\"robots\" content=\"index, follow, max-snippet:-1, max-image-preview:large, max-video-preview:-1\" \/>\n<link rel=\"canonical\" href=\"https:\/\/www.arteartesania.com\/de\/producto\/grosser-bronze-torque-mit-zwei-patinierten-hohlkehlen\/\" \/>\n<meta property=\"og:locale\" content=\"de_DE\" \/>\n<meta property=\"og:type\" content=\"article\" \/>\n<meta property=\"og:title\" content=\"GROSSER Bronze-Torque mit zwei patinierten Hohlkehlen - Arteartesania\" \/>\n<meta property=\"og:description\" content=\"ARTIKEL: GROSSER Bronze-Torque mit zwei patinierten Hohlkehlen MATERIAL: Messing \u2013 Kupferoxid-Patina  Mallorquinische Handwerkskunst  Handgefertigte Unikatst\u00fccke. CARLOS TELLECHEA  &nbsp;\" \/>\n<meta property=\"og:url\" content=\"https:\/\/www.arteartesania.com\/de\/producto\/grosser-bronze-torque-mit-zwei-patinierten-hohlkehlen\/\" \/>\n<meta property=\"og:site_name\" content=\"Arteartesania\" \/>\n<meta property=\"article:modified_time\" content=\"2025-08-09T11:51:49+00:00\" \/>\n<meta property=\"og:image\" content=\"https:\/\/www.arteartesania.com\/wp-content\/uploads\/2025\/04\/PXL_20250402_091156435.PORTRAIT-scaled.jpg\" \/>\n\t<meta property=\"og:image:width\" content=\"2558\" \/>\n\t<meta property=\"og:image:height\" content=\"2560\" \/>\n\t<meta property=\"og:image:type\" content=\"image\/jpeg\" \/>\n<meta name=\"twitter:card\" content=\"summary_large_image\" \/>\n<meta name=\"twitter:label1\" content=\"Gesch\u00e4tzte Lesezeit\" \/>\n\t<meta name=\"twitter:data1\" content=\"1\u00a0Minute\" \/>\n<script type=\"application\/ld+json\" class=\"yoast-schema-graph\">{\"@context\":\"https:\/\/schema.org\",\"@graph\":[{\"@type\":\"WebPage\",\"@id\":\"https:\/\/www.arteartesania.com\/de\/producto\/grosser-bronze-torque-mit-zwei-patinierten-hohlkehlen\/\",\"url\":\"https:\/\/www.arteartesania.com\/de\/producto\/grosser-bronze-torque-mit-zwei-patinierten-hohlkehlen\/\",\"name\":\"GROSSER Bronze-Torque mit zwei patinierten Hohlkehlen - Arteartesania\",\"isPartOf\":{\"@id\":\"https:\/\/www.arteartesania.com\/de\/#website\"},\"primaryImageOfPage\":{\"@id\":\"https:\/\/www.arteartesania.com\/de\/producto\/grosser-bronze-torque-mit-zwei-patinierten-hohlkehlen\/#primaryimage\"},\"image\":{\"@id\":\"https:\/\/www.arteartesania.com\/de\/producto\/grosser-bronze-torque-mit-zwei-patinierten-hohlkehlen\/#primaryimage\"},\"thumbnailUrl\":\"https:\/\/www.arteartesania.com\/wp-content\/uploads\/2025\/04\/PXL_20250402_091156435.PORTRAIT-scaled.jpg\",\"datePublished\":\"2025-08-05T13:38:44+00:00\",\"dateModified\":\"2025-08-09T11:51:49+00:00\",\"breadcrumb\":{\"@id\":\"https:\/\/www.arteartesania.com\/de\/producto\/grosser-bronze-torque-mit-zwei-patinierten-hohlkehlen\/#breadcrumb\"},\"inLanguage\":\"de\",\"potentialAction\":[{\"@type\":\"ReadAction\",\"target\":[\"https:\/\/www.arteartesania.com\/de\/producto\/grosser-bronze-torque-mit-zwei-patinierten-hohlkehlen\/\"]}]},{\"@type\":\"ImageObject\",\"inLanguage\":\"de\",\"@id\":\"https:\/\/www.arteartesania.com\/de\/producto\/grosser-bronze-torque-mit-zwei-patinierten-hohlkehlen\/#primaryimage\",\"url\":\"https:\/\/www.arteartesania.com\/wp-content\/uploads\/2025\/04\/PXL_20250402_091156435.PORTRAIT-scaled.jpg\",\"contentUrl\":\"https:\/\/www.arteartesania.com\/wp-content\/uploads\/2025\/04\/PXL_20250402_091156435.PORTRAIT-scaled.jpg\",\"width\":2558,\"height\":2560},{\"@type\":\"BreadcrumbList\",\"@id\":\"https:\/\/www.arteartesania.com\/de\/producto\/grosser-bronze-torque-mit-zwei-patinierten-hohlkehlen\/#breadcrumb\",\"itemListElement\":[{\"@type\":\"ListItem\",\"position\":1,\"name\":\"Portada\",\"item\":\"https:\/\/www.arteartesania.com\/de\/\"},{\"@type\":\"ListItem\",\"position\":2,\"name\":\"Shop online\",\"item\":\"https:\/\/www.arteartesania.com\/de\/online-bastelladen\/\"},{\"@type\":\"ListItem\",\"position\":3,\"name\":\"GROSSER Bronze-Torque mit zwei patinierten Hohlkehlen\"}]},{\"@type\":\"WebSite\",\"@id\":\"https:\/\/www.arteartesania.com\/de\/#website\",\"url\":\"https:\/\/www.arteartesania.com\/de\/\",\"name\":\"Arteartesania\",\"description\":\"Original selecci\u00f3n de Artesan\u00eda Contempor\u00e1nea de Autor\",\"publisher\":{\"@id\":\"https:\/\/www.arteartesania.com\/de\/#organization\"},\"potentialAction\":[{\"@type\":\"SearchAction\",\"target\":{\"@type\":\"EntryPoint\",\"urlTemplate\":\"https:\/\/www.arteartesania.com\/de\/?s={search_term_string}\"},\"query-input\":{\"@type\":\"PropertyValueSpecification\",\"valueRequired\":true,\"valueName\":\"search_term_string\"}}],\"inLanguage\":\"de\"},{\"@type\":\"Organization\",\"@id\":\"https:\/\/www.arteartesania.com\/de\/#organization\",\"name\":\"Arteartesania\",\"url\":\"https:\/\/www.arteartesania.com\/de\/\",\"logo\":{\"@type\":\"ImageObject\",\"inLanguage\":\"de\",\"@id\":\"https:\/\/www.arteartesania.com\/de\/#\/schema\/logo\/image\/\",\"url\":\"https:\/\/www.arteartesania.com\/wp-content\/uploads\/2019\/12\/cropped-logofooter.png\",\"contentUrl\":\"https:\/\/www.arteartesania.com\/wp-content\/uploads\/2019\/12\/cropped-logofooter.png\",\"width\":539,\"height\":58,\"caption\":\"Arteartesania\"},\"image\":{\"@id\":\"https:\/\/www.arteartesania.com\/de\/#\/schema\/logo\/image\/\"}}]}<\/script>\n<!-- \/ Yoast SEO plugin. -->","yoast_head_json":{"title":"GROSSER Bronze-Torque mit zwei patinierten Hohlkehlen - Arteartesania","robots":{"index":"index","follow":"follow","max-snippet":"max-snippet:-1","max-image-preview":"max-image-preview:large","max-video-preview":"max-video-preview:-1"},"canonical":"https:\/\/www.arteartesania.com\/de\/producto\/grosser-bronze-torque-mit-zwei-patinierten-hohlkehlen\/","og_locale":"de_DE","og_type":"article","og_title":"GROSSER Bronze-Torque mit zwei patinierten Hohlkehlen - Arteartesania","og_description":"ARTIKEL: GROSSER Bronze-Torque mit zwei patinierten Hohlkehlen MATERIAL: Messing \u2013 Kupferoxid-Patina  Mallorquinische Handwerkskunst  Handgefertigte Unikatst\u00fccke. CARLOS TELLECHEA  &nbsp;","og_url":"https:\/\/www.arteartesania.com\/de\/producto\/grosser-bronze-torque-mit-zwei-patinierten-hohlkehlen\/","og_site_name":"Arteartesania","article_modified_time":"2025-08-09T11:51:49+00:00","og_image":[{"width":2558,"height":2560,"url":"https:\/\/www.arteartesania.com\/wp-content\/uploads\/2025\/04\/PXL_20250402_091156435.PORTRAIT-scaled.jpg","type":"image\/jpeg"}],"twitter_card":"summary_large_image","twitter_misc":{"Gesch\u00e4tzte Lesezeit":"1\u00a0Minute"},"schema":{"@context":"https:\/\/schema.org","@graph":[{"@type":"WebPage","@id":"https:\/\/www.arteartesania.com\/de\/producto\/grosser-bronze-torque-mit-zwei-patinierten-hohlkehlen\/","url":"https:\/\/www.arteartesania.com\/de\/producto\/grosser-bronze-torque-mit-zwei-patinierten-hohlkehlen\/","name":"GROSSER Bronze-Torque mit zwei patinierten Hohlkehlen - Arteartesania","isPartOf":{"@id":"https:\/\/www.arteartesania.com\/de\/#website"},"primaryImageOfPage":{"@id":"https:\/\/www.arteartesania.com\/de\/producto\/grosser-bronze-torque-mit-zwei-patinierten-hohlkehlen\/#primaryimage"},"image":{"@id":"https:\/\/www.arteartesania.com\/de\/producto\/grosser-bronze-torque-mit-zwei-patinierten-hohlkehlen\/#primaryimage"},"thumbnailUrl":"https:\/\/www.arteartesania.com\/wp-content\/uploads\/2025\/04\/PXL_20250402_091156435.PORTRAIT-scaled.jpg","datePublished":"2025-08-05T13:38:44+00:00","dateModified":"2025-08-09T11:51:49+00:00","breadcrumb":{"@id":"https:\/\/www.arteartesania.com\/de\/producto\/grosser-bronze-torque-mit-zwei-patinierten-hohlkehlen\/#breadcrumb"},"inLanguage":"de","potentialAction":[{"@type":"ReadAction","target":["https:\/\/www.arteartesania.com\/de\/producto\/grosser-bronze-torque-mit-zwei-patinierten-hohlkehlen\/"]}]},{"@type":"ImageObject","inLanguage":"de","@id":"https:\/\/www.arteartesania.com\/de\/producto\/grosser-bronze-torque-mit-zwei-patinierten-hohlkehlen\/#primaryimage","url":"https:\/\/www.arteartesania.com\/wp-content\/uploads\/2025\/04\/PXL_20250402_091156435.PORTRAIT-scaled.jpg","contentUrl":"https:\/\/www.arteartesania.com\/wp-content\/uploads\/2025\/04\/PXL_20250402_091156435.PORTRAIT-scaled.jpg","width":2558,"height":2560},{"@type":"BreadcrumbList","@id":"https:\/\/www.arteartesania.com\/de\/producto\/grosser-bronze-torque-mit-zwei-patinierten-hohlkehlen\/#breadcrumb","itemListElement":[{"@type":"ListItem","position":1,"name":"Portada","item":"https:\/\/www.arteartesania.com\/de\/"},{"@type":"ListItem","position":2,"name":"Shop online","item":"https:\/\/www.arteartesania.com\/de\/online-bastelladen\/"},{"@type":"ListItem","position":3,"name":"GROSSER Bronze-Torque mit zwei patinierten Hohlkehlen"}]},{"@type":"WebSite","@id":"https:\/\/www.arteartesania.com\/de\/#website","url":"https:\/\/www.arteartesania.com\/de\/","name":"Arteartesania","description":"Original selecci\u00f3n de Artesan\u00eda Contempor\u00e1nea de Autor","publisher":{"@id":"https:\/\/www.arteartesania.com\/de\/#organization"},"potentialAction":[{"@type":"SearchAction","target":{"@type":"EntryPoint","urlTemplate":"https:\/\/www.arteartesania.com\/de\/?s={search_term_string}"},"query-input":{"@type":"PropertyValueSpecification","valueRequired":true,"valueName":"search_term_string"}}],"inLanguage":"de"},{"@type":"Organization","@id":"https:\/\/www.arteartesania.com\/de\/#organization","name":"Arteartesania","url":"https:\/\/www.arteartesania.com\/de\/","logo":{"@type":"ImageObject","inLanguage":"de","@id":"https:\/\/www.arteartesania.com\/de\/#\/schema\/logo\/image\/","url":"https:\/\/www.arteartesania.com\/wp-content\/uploads\/2019\/12\/cropped-logofooter.png","contentUrl":"https:\/\/www.arteartesania.com\/wp-content\/uploads\/2019\/12\/cropped-logofooter.png","width":539,"height":58,"caption":"Arteartesania"},"image":{"@id":"https:\/\/www.arteartesania.com\/de\/#\/schema\/logo\/image\/"}}]}},"_links":{"self":[{"href":"https:\/\/www.arteartesania.com\/de\/wp-json\/wp\/v2\/product\/18231"}],"collection":[{"href":"https:\/\/www.arteartesania.com\/de\/wp-json\/wp\/v2\/product"}],"about":[{"href":"https:\/\/www.arteartesania.com\/de\/wp-json\/wp\/v2\/types\/product"}],"replies":[{"embeddable":true,"href":"https:\/\/www.arteartesania.com\/de\/wp-json\/wp\/v2\/comments?post=18231"}],"wp:featuredmedia":[{"embeddable":true,"href":"https:\/\/www.arteartesania.com\/de\/wp-json\/wp\/v2\/media\/17878"}],"wp:attachment":[{"href":"https:\/\/www.arteartesania.com\/de\/wp-json\/wp\/v2\/media?parent=18231"}],"wp:term":[{"taxonomy":"product_cat","embeddable":true,"href":"https:\/\/www.arteartesania.com\/de\/wp-json\/wp\/v2\/product_cat?post=18231"},{"taxonomy":"product_tag","embeddable":true,"href":"https:\/\/www.arteartesania.com\/de\/wp-json\/wp\/v2\/product_tag?post=18231"}],"curies":[{"name":"wp","href":"https:\/\/api.w.org\/{rel}","templated":true}]}}