{"id":17767,"date":"2025-02-26T13:33:14","date_gmt":"2025-02-26T12:33:14","guid":{"rendered":"https:\/\/www.arteartesania.com\/producto\/tecnicas-basicas-de-joyeria\/"},"modified":"2025-03-14T13:32:25","modified_gmt":"2025-03-14T12:32:25","slug":"tecnicas-basicas-de-joyeria","status":"publish","type":"product","link":"https:\/\/www.arteartesania.com\/de\/producto\/tecnicas-basicas-de-joyeria\/","title":{"rendered":"Grundlegende Schmucktechniken"},"content":{"rendered":"<p><strong>Die erste Zahlung gilt f\u00fcr die Reservierung des Kurses<\/strong><\/p>\n<p>Kurse zur Ann\u00e4herung an zeitgen\u00f6ssischen Schmuck<\/p>\n<p>Verstehen und kreativ sein<\/p>\n<p>F\u00fcr Menschen mit unterschiedlichem Hintergrund, die daran interessiert sind, die grundlegenden Prozesse und Techniken der Schmuckherstellung kennen zu lernen.<\/p>\n<p>Eine freie und praktische Art des Lehrens und Lernens, die sich auf das Verst\u00e4ndnis des Prozesses und das Denken mit den H\u00e4nden konzentriert&#8230;<\/p>\n<p>Es handelt sich um einen personalisierten Kurs mit individueller \u00dcberwachung des Lernprozesses. Wir arbeiten in einem gemeinsamen Raum, der f\u00fcr zwei Studenten vorbereitet ist, unter Ber\u00fccksichtigung der Distanzprotokolle.<\/p>\n<p><strong>Was wird in den Kursen passieren:<\/strong><\/p>\n<p>Arbeitsmaterial: Messing oder Alpaka (wenn der Sch\u00fcler bereits Erfahrung hat und das Material zur Verf\u00fcgung stellt, kann er\/sie in Silber arbeiten).<\/p>\n<p>Kontakt mit den grundlegenden Werkzeugen und ihrer Verwendung, Anwendung verschiedener Techniken der Manipulation mit Pinzetten, Falten, Strecken und Schneiden, Durchbrucharbeiten, Schwei\u00dfen, Konstruktion von Volumen, Nieten und Verschl\u00fcssen, Entwicklung eines von der Person &#8230;. entworfenen St\u00fccks.<\/p>\n<p><strong>Zielsetzungen:<\/strong><br \/>\nErlernen der Grundtechniken der Schmuckherstellung und deren Erweiterung durch die Kenntnis anderer erg\u00e4nzender Techniken wie Silberschmieden, Volumen, Schmieden, Schwei\u00dfen mit PUK, Ziselieren, Kum Boo, Crimpen, etc.<\/p>\n<p>KURS BASISTECHNIKEN Unterrichtet von Carlos Tellechea<\/p>\n<p><strong>DAUER:<\/strong><br \/>\nDie Kurse werden in Bl\u00f6cken von 10 Stunden abgehalten (5 Unterrichtseinheiten von 2 Stunden oder 4 von 2,5 Stunden).<\/p>\n<p><strong>PREIS:<\/strong><br \/>\nEINE PERSON &#8211; 500,00 \u20ac.<\/p>\n<p>ZWEI PERSONEN &#8211; 400,00 \u20ac \/JEDE PERSON<\/p>\n<p>Inklusive Werkzeug und Material (Messing oder Alpaka).<\/p>\n<p><strong>Zahlungsm\u00f6glichkeiten:<\/strong><br \/>\nSie k\u00f6nnen mit Kreditkarte bezahlen.<\/p>\n","protected":false},"excerpt":{"rendered":"<p>Lernen Sie die Techniken der Schmuckherstellung kennen und kreieren Sie Ihr eigenes Schmuckst\u00fcck.<\/p>\n","protected":false},"featured_media":17723,"comment_status":"closed","ping_status":"closed","template":"","meta":{"_acf_changed":false,"inline_featured_image":false},"product_cat":[743],"product_tag":[],"class_list":{"0":"post-17767","1":"product","2":"type-product","3":"status-publish","4":"has-post-thumbnail","6":"product_cat-workshops-de","8":"first","9":"instock","10":"shipping-taxable","11":"purchasable","12":"product-type-variable"},"acf":[],"yoast_head":"<!-- This site is optimized with the Yoast SEO plugin v23.6 - https:\/\/yoast.com\/wordpress\/plugins\/seo\/ -->\n<title>Grundlegende Schmucktechniken - Arteartesania<\/title>\n<meta name=\"robots\" content=\"index, follow, max-snippet:-1, max-image-preview:large, max-video-preview:-1\" \/>\n<link rel=\"canonical\" href=\"https:\/\/www.arteartesania.com\/de\/producto\/tecnicas-basicas-de-joyeria\/\" \/>\n<meta property=\"og:locale\" content=\"de_DE\" \/>\n<meta property=\"og:type\" content=\"article\" \/>\n<meta property=\"og:title\" content=\"Grundlegende Schmucktechniken - Arteartesania\" \/>\n<meta property=\"og:description\" content=\"Lernen Sie die Techniken der Schmuckherstellung kennen und kreieren Sie Ihr eigenes Schmuckst\u00fcck.\" \/>\n<meta property=\"og:url\" content=\"https:\/\/www.arteartesania.com\/de\/producto\/tecnicas-basicas-de-joyeria\/\" \/>\n<meta property=\"og:site_name\" content=\"Arteartesania\" \/>\n<meta property=\"article:modified_time\" content=\"2025-03-14T12:32:25+00:00\" \/>\n<meta property=\"og:image\" content=\"https:\/\/www.arteartesania.com\/wp-content\/uploads\/2025\/02\/ACHILLES-ROMAIN-CURSO2-copia-scaled-1.jpg\" \/>\n\t<meta property=\"og:image:width\" content=\"2560\" \/>\n\t<meta property=\"og:image:height\" content=\"1900\" \/>\n\t<meta property=\"og:image:type\" content=\"image\/jpeg\" \/>\n<meta name=\"twitter:card\" content=\"summary_large_image\" \/>\n<meta name=\"twitter:label1\" content=\"Gesch\u00e4tzte Lesezeit\" \/>\n\t<meta name=\"twitter:data1\" content=\"2\u00a0Minuten\" \/>\n<script type=\"application\/ld+json\" class=\"yoast-schema-graph\">{\"@context\":\"https:\/\/schema.org\",\"@graph\":[{\"@type\":\"WebPage\",\"@id\":\"https:\/\/www.arteartesania.com\/de\/producto\/tecnicas-basicas-de-joyeria\/\",\"url\":\"https:\/\/www.arteartesania.com\/de\/producto\/tecnicas-basicas-de-joyeria\/\",\"name\":\"Grundlegende Schmucktechniken - Arteartesania\",\"isPartOf\":{\"@id\":\"https:\/\/www.arteartesania.com\/de\/#website\"},\"primaryImageOfPage\":{\"@id\":\"https:\/\/www.arteartesania.com\/de\/producto\/tecnicas-basicas-de-joyeria\/#primaryimage\"},\"image\":{\"@id\":\"https:\/\/www.arteartesania.com\/de\/producto\/tecnicas-basicas-de-joyeria\/#primaryimage\"},\"thumbnailUrl\":\"https:\/\/www.arteartesania.com\/wp-content\/uploads\/2025\/02\/ACHILLES-ROMAIN-CURSO2-copia-scaled-1.jpg\",\"datePublished\":\"2025-02-26T12:33:14+00:00\",\"dateModified\":\"2025-03-14T12:32:25+00:00\",\"breadcrumb\":{\"@id\":\"https:\/\/www.arteartesania.com\/de\/producto\/tecnicas-basicas-de-joyeria\/#breadcrumb\"},\"inLanguage\":\"de\",\"potentialAction\":[{\"@type\":\"ReadAction\",\"target\":[\"https:\/\/www.arteartesania.com\/de\/producto\/tecnicas-basicas-de-joyeria\/\"]}]},{\"@type\":\"ImageObject\",\"inLanguage\":\"de\",\"@id\":\"https:\/\/www.arteartesania.com\/de\/producto\/tecnicas-basicas-de-joyeria\/#primaryimage\",\"url\":\"https:\/\/www.arteartesania.com\/wp-content\/uploads\/2025\/02\/ACHILLES-ROMAIN-CURSO2-copia-scaled-1.jpg\",\"contentUrl\":\"https:\/\/www.arteartesania.com\/wp-content\/uploads\/2025\/02\/ACHILLES-ROMAIN-CURSO2-copia-scaled-1.jpg\",\"width\":2560,\"height\":1900},{\"@type\":\"BreadcrumbList\",\"@id\":\"https:\/\/www.arteartesania.com\/de\/producto\/tecnicas-basicas-de-joyeria\/#breadcrumb\",\"itemListElement\":[{\"@type\":\"ListItem\",\"position\":1,\"name\":\"Portada\",\"item\":\"https:\/\/www.arteartesania.com\/de\/\"},{\"@type\":\"ListItem\",\"position\":2,\"name\":\"Shop online\",\"item\":\"https:\/\/www.arteartesania.com\/de\/online-bastelladen\/\"},{\"@type\":\"ListItem\",\"position\":3,\"name\":\"Grundlegende Schmucktechniken\"}]},{\"@type\":\"WebSite\",\"@id\":\"https:\/\/www.arteartesania.com\/de\/#website\",\"url\":\"https:\/\/www.arteartesania.com\/de\/\",\"name\":\"Arteartesania\",\"description\":\"Original selecci\u00f3n de Artesan\u00eda Contempor\u00e1nea de Autor\",\"publisher\":{\"@id\":\"https:\/\/www.arteartesania.com\/de\/#organization\"},\"potentialAction\":[{\"@type\":\"SearchAction\",\"target\":{\"@type\":\"EntryPoint\",\"urlTemplate\":\"https:\/\/www.arteartesania.com\/de\/?s={search_term_string}\"},\"query-input\":{\"@type\":\"PropertyValueSpecification\",\"valueRequired\":true,\"valueName\":\"search_term_string\"}}],\"inLanguage\":\"de\"},{\"@type\":\"Organization\",\"@id\":\"https:\/\/www.arteartesania.com\/de\/#organization\",\"name\":\"Arteartesania\",\"url\":\"https:\/\/www.arteartesania.com\/de\/\",\"logo\":{\"@type\":\"ImageObject\",\"inLanguage\":\"de\",\"@id\":\"https:\/\/www.arteartesania.com\/de\/#\/schema\/logo\/image\/\",\"url\":\"https:\/\/www.arteartesania.com\/wp-content\/uploads\/2019\/12\/cropped-logofooter.png\",\"contentUrl\":\"https:\/\/www.arteartesania.com\/wp-content\/uploads\/2019\/12\/cropped-logofooter.png\",\"width\":539,\"height\":58,\"caption\":\"Arteartesania\"},\"image\":{\"@id\":\"https:\/\/www.arteartesania.com\/de\/#\/schema\/logo\/image\/\"}}]}<\/script>\n<!-- \/ Yoast SEO plugin. -->","yoast_head_json":{"title":"Grundlegende Schmucktechniken - Arteartesania","robots":{"index":"index","follow":"follow","max-snippet":"max-snippet:-1","max-image-preview":"max-image-preview:large","max-video-preview":"max-video-preview:-1"},"canonical":"https:\/\/www.arteartesania.com\/de\/producto\/tecnicas-basicas-de-joyeria\/","og_locale":"de_DE","og_type":"article","og_title":"Grundlegende Schmucktechniken - Arteartesania","og_description":"Lernen Sie die Techniken der Schmuckherstellung kennen und kreieren Sie Ihr eigenes Schmuckst\u00fcck.","og_url":"https:\/\/www.arteartesania.com\/de\/producto\/tecnicas-basicas-de-joyeria\/","og_site_name":"Arteartesania","article_modified_time":"2025-03-14T12:32:25+00:00","og_image":[{"width":2560,"height":1900,"url":"https:\/\/www.arteartesania.com\/wp-content\/uploads\/2025\/02\/ACHILLES-ROMAIN-CURSO2-copia-scaled-1.jpg","type":"image\/jpeg"}],"twitter_card":"summary_large_image","twitter_misc":{"Gesch\u00e4tzte Lesezeit":"2\u00a0Minuten"},"schema":{"@context":"https:\/\/schema.org","@graph":[{"@type":"WebPage","@id":"https:\/\/www.arteartesania.com\/de\/producto\/tecnicas-basicas-de-joyeria\/","url":"https:\/\/www.arteartesania.com\/de\/producto\/tecnicas-basicas-de-joyeria\/","name":"Grundlegende Schmucktechniken - Arteartesania","isPartOf":{"@id":"https:\/\/www.arteartesania.com\/de\/#website"},"primaryImageOfPage":{"@id":"https:\/\/www.arteartesania.com\/de\/producto\/tecnicas-basicas-de-joyeria\/#primaryimage"},"image":{"@id":"https:\/\/www.arteartesania.com\/de\/producto\/tecnicas-basicas-de-joyeria\/#primaryimage"},"thumbnailUrl":"https:\/\/www.arteartesania.com\/wp-content\/uploads\/2025\/02\/ACHILLES-ROMAIN-CURSO2-copia-scaled-1.jpg","datePublished":"2025-02-26T12:33:14+00:00","dateModified":"2025-03-14T12:32:25+00:00","breadcrumb":{"@id":"https:\/\/www.arteartesania.com\/de\/producto\/tecnicas-basicas-de-joyeria\/#breadcrumb"},"inLanguage":"de","potentialAction":[{"@type":"ReadAction","target":["https:\/\/www.arteartesania.com\/de\/producto\/tecnicas-basicas-de-joyeria\/"]}]},{"@type":"ImageObject","inLanguage":"de","@id":"https:\/\/www.arteartesania.com\/de\/producto\/tecnicas-basicas-de-joyeria\/#primaryimage","url":"https:\/\/www.arteartesania.com\/wp-content\/uploads\/2025\/02\/ACHILLES-ROMAIN-CURSO2-copia-scaled-1.jpg","contentUrl":"https:\/\/www.arteartesania.com\/wp-content\/uploads\/2025\/02\/ACHILLES-ROMAIN-CURSO2-copia-scaled-1.jpg","width":2560,"height":1900},{"@type":"BreadcrumbList","@id":"https:\/\/www.arteartesania.com\/de\/producto\/tecnicas-basicas-de-joyeria\/#breadcrumb","itemListElement":[{"@type":"ListItem","position":1,"name":"Portada","item":"https:\/\/www.arteartesania.com\/de\/"},{"@type":"ListItem","position":2,"name":"Shop online","item":"https:\/\/www.arteartesania.com\/de\/online-bastelladen\/"},{"@type":"ListItem","position":3,"name":"Grundlegende Schmucktechniken"}]},{"@type":"WebSite","@id":"https:\/\/www.arteartesania.com\/de\/#website","url":"https:\/\/www.arteartesania.com\/de\/","name":"Arteartesania","description":"Original selecci\u00f3n de Artesan\u00eda Contempor\u00e1nea de Autor","publisher":{"@id":"https:\/\/www.arteartesania.com\/de\/#organization"},"potentialAction":[{"@type":"SearchAction","target":{"@type":"EntryPoint","urlTemplate":"https:\/\/www.arteartesania.com\/de\/?s={search_term_string}"},"query-input":{"@type":"PropertyValueSpecification","valueRequired":true,"valueName":"search_term_string"}}],"inLanguage":"de"},{"@type":"Organization","@id":"https:\/\/www.arteartesania.com\/de\/#organization","name":"Arteartesania","url":"https:\/\/www.arteartesania.com\/de\/","logo":{"@type":"ImageObject","inLanguage":"de","@id":"https:\/\/www.arteartesania.com\/de\/#\/schema\/logo\/image\/","url":"https:\/\/www.arteartesania.com\/wp-content\/uploads\/2019\/12\/cropped-logofooter.png","contentUrl":"https:\/\/www.arteartesania.com\/wp-content\/uploads\/2019\/12\/cropped-logofooter.png","width":539,"height":58,"caption":"Arteartesania"},"image":{"@id":"https:\/\/www.arteartesania.com\/de\/#\/schema\/logo\/image\/"}}]}},"_links":{"self":[{"href":"https:\/\/www.arteartesania.com\/de\/wp-json\/wp\/v2\/product\/17767"}],"collection":[{"href":"https:\/\/www.arteartesania.com\/de\/wp-json\/wp\/v2\/product"}],"about":[{"href":"https:\/\/www.arteartesania.com\/de\/wp-json\/wp\/v2\/types\/product"}],"replies":[{"embeddable":true,"href":"https:\/\/www.arteartesania.com\/de\/wp-json\/wp\/v2\/comments?post=17767"}],"wp:featuredmedia":[{"embeddable":true,"href":"https:\/\/www.arteartesania.com\/de\/wp-json\/wp\/v2\/media\/17723"}],"wp:attachment":[{"href":"https:\/\/www.arteartesania.com\/de\/wp-json\/wp\/v2\/media?parent=17767"}],"wp:term":[{"taxonomy":"product_cat","embeddable":true,"href":"https:\/\/www.arteartesania.com\/de\/wp-json\/wp\/v2\/product_cat?post=17767"},{"taxonomy":"product_tag","embeddable":true,"href":"https:\/\/www.arteartesania.com\/de\/wp-json\/wp\/v2\/product_tag?post=17767"}],"curies":[{"name":"wp","href":"https:\/\/api.w.org\/{rel}","templated":true}]}}