{"id":17262,"date":"2023-12-12T15:16:06","date_gmt":"2024-12-05T11:52:52","guid":{"rendered":"https:\/\/www.arteartesania.com\/?post_type=product&#038;p=17262"},"modified":"2024-12-05T12:52:53","modified_gmt":"2024-12-05T11:52:53","slug":"silhouette-ohrringe-fuer-damen","status":"publish","type":"product","link":"https:\/\/www.arteartesania.com\/de\/producto\/silhouette-ohrringe-fuer-damen\/","title":{"rendered":"Silhouette-Ohrringe f\u00fcr Damen"},"content":{"rendered":"<p>Preis pro Einheit.<\/p>\n<p>Verschiedene Designs in zwei verschiedenen Gr\u00f6\u00dfen erh\u00e4ltlich.<\/p>\n","protected":false},"excerpt":{"rendered":"<p>HANDGEZEICHNETE MESSING-OHRRINGE MIT FRAUEN-SILHOUETTE, MATERIAL: MESSING UND PATINA, LANGER SILBERHAKEN, FRAUENK\u00d6RPER:<\/p>\n<p>Klein: 5 CM<br \/>\nGro\u00df: 6 cm<\/p>\n<p>AUTOR: CARLOS TELLECHEA<\/p>\n","protected":false},"featured_media":17273,"comment_status":"closed","ping_status":"closed","template":"","meta":{"_acf_changed":false,"inline_featured_image":false},"product_cat":[218,214,250,243],"product_tag":[],"class_list":{"0":"post-17262","1":"product","2":"type-product","3":"status-publish","4":"has-post-thumbnail","6":"product_cat-carlos-tellechea-de","7":"product_cat-kuenstler","8":"product_cat-ohrringe","9":"product_cat-schmuck","11":"first","12":"instock","13":"shipping-taxable","14":"purchasable","15":"product-type-variable"},"acf":[],"yoast_head":"<!-- This site is optimized with the Yoast SEO plugin v23.6 - https:\/\/yoast.com\/wordpress\/plugins\/seo\/ -->\n<title>Silhouette-Ohrringe f\u00fcr Damen - Arteartesania<\/title>\n<meta name=\"robots\" content=\"index, follow, max-snippet:-1, max-image-preview:large, max-video-preview:-1\" \/>\n<link rel=\"canonical\" href=\"https:\/\/www.arteartesania.com\/de\/producto\/silhouette-ohrringe-fuer-damen\/\" \/>\n<meta property=\"og:locale\" content=\"de_DE\" \/>\n<meta property=\"og:type\" content=\"article\" \/>\n<meta property=\"og:title\" content=\"Silhouette-Ohrringe f\u00fcr Damen - Arteartesania\" \/>\n<meta property=\"og:description\" content=\"HANDGEZEICHNETE MESSING-OHRRINGE MIT FRAUEN-SILHOUETTE, MATERIAL: MESSING UND PATINA, LANGER SILBERHAKEN, FRAUENK\u00d6RPER:  Klein: 5 CM Gro\u00df: 6 cm  AUTOR: CARLOS TELLECHEA\" \/>\n<meta property=\"og:url\" content=\"https:\/\/www.arteartesania.com\/de\/producto\/silhouette-ohrringe-fuer-damen\/\" \/>\n<meta property=\"og:site_name\" content=\"Arteartesania\" \/>\n<meta property=\"article:modified_time\" content=\"2024-12-05T11:52:53+00:00\" \/>\n<meta property=\"og:image\" content=\"https:\/\/www.arteartesania.com\/wp-content\/uploads\/2023\/12\/IMG_3412-scaled.jpg\" \/>\n\t<meta property=\"og:image:width\" content=\"2560\" \/>\n\t<meta property=\"og:image:height\" content=\"2137\" \/>\n\t<meta property=\"og:image:type\" content=\"image\/jpeg\" \/>\n<meta name=\"twitter:card\" content=\"summary_large_image\" \/>\n<meta name=\"twitter:label1\" content=\"Gesch\u00e4tzte Lesezeit\" \/>\n\t<meta name=\"twitter:data1\" content=\"1\u00a0Minute\" \/>\n<script type=\"application\/ld+json\" class=\"yoast-schema-graph\">{\"@context\":\"https:\/\/schema.org\",\"@graph\":[{\"@type\":\"WebPage\",\"@id\":\"https:\/\/www.arteartesania.com\/de\/producto\/silhouette-ohrringe-fuer-damen\/\",\"url\":\"https:\/\/www.arteartesania.com\/de\/producto\/silhouette-ohrringe-fuer-damen\/\",\"name\":\"Silhouette-Ohrringe f\u00fcr Damen - Arteartesania\",\"isPartOf\":{\"@id\":\"https:\/\/www.arteartesania.com\/de\/#website\"},\"primaryImageOfPage\":{\"@id\":\"https:\/\/www.arteartesania.com\/de\/producto\/silhouette-ohrringe-fuer-damen\/#primaryimage\"},\"image\":{\"@id\":\"https:\/\/www.arteartesania.com\/de\/producto\/silhouette-ohrringe-fuer-damen\/#primaryimage\"},\"thumbnailUrl\":\"https:\/\/www.arteartesania.com\/wp-content\/uploads\/2023\/12\/IMG_3412-scaled.jpg\",\"datePublished\":\"2024-12-05T11:52:52+00:00\",\"dateModified\":\"2024-12-05T11:52:53+00:00\",\"breadcrumb\":{\"@id\":\"https:\/\/www.arteartesania.com\/de\/producto\/silhouette-ohrringe-fuer-damen\/#breadcrumb\"},\"inLanguage\":\"de\",\"potentialAction\":[{\"@type\":\"ReadAction\",\"target\":[\"https:\/\/www.arteartesania.com\/de\/producto\/silhouette-ohrringe-fuer-damen\/\"]}]},{\"@type\":\"ImageObject\",\"inLanguage\":\"de\",\"@id\":\"https:\/\/www.arteartesania.com\/de\/producto\/silhouette-ohrringe-fuer-damen\/#primaryimage\",\"url\":\"https:\/\/www.arteartesania.com\/wp-content\/uploads\/2023\/12\/IMG_3412-scaled.jpg\",\"contentUrl\":\"https:\/\/www.arteartesania.com\/wp-content\/uploads\/2023\/12\/IMG_3412-scaled.jpg\",\"width\":2560,\"height\":2137},{\"@type\":\"BreadcrumbList\",\"@id\":\"https:\/\/www.arteartesania.com\/de\/producto\/silhouette-ohrringe-fuer-damen\/#breadcrumb\",\"itemListElement\":[{\"@type\":\"ListItem\",\"position\":1,\"name\":\"Portada\",\"item\":\"https:\/\/www.arteartesania.com\/de\/\"},{\"@type\":\"ListItem\",\"position\":2,\"name\":\"Shop online\",\"item\":\"https:\/\/www.arteartesania.com\/de\/online-bastelladen\/\"},{\"@type\":\"ListItem\",\"position\":3,\"name\":\"Silhouette-Ohrringe f\u00fcr Damen\"}]},{\"@type\":\"WebSite\",\"@id\":\"https:\/\/www.arteartesania.com\/de\/#website\",\"url\":\"https:\/\/www.arteartesania.com\/de\/\",\"name\":\"Arteartesania\",\"description\":\"Original selecci\u00f3n de Artesan\u00eda Contempor\u00e1nea de Autor\",\"publisher\":{\"@id\":\"https:\/\/www.arteartesania.com\/de\/#organization\"},\"potentialAction\":[{\"@type\":\"SearchAction\",\"target\":{\"@type\":\"EntryPoint\",\"urlTemplate\":\"https:\/\/www.arteartesania.com\/de\/?s={search_term_string}\"},\"query-input\":{\"@type\":\"PropertyValueSpecification\",\"valueRequired\":true,\"valueName\":\"search_term_string\"}}],\"inLanguage\":\"de\"},{\"@type\":\"Organization\",\"@id\":\"https:\/\/www.arteartesania.com\/de\/#organization\",\"name\":\"Arteartesania\",\"url\":\"https:\/\/www.arteartesania.com\/de\/\",\"logo\":{\"@type\":\"ImageObject\",\"inLanguage\":\"de\",\"@id\":\"https:\/\/www.arteartesania.com\/de\/#\/schema\/logo\/image\/\",\"url\":\"https:\/\/www.arteartesania.com\/wp-content\/uploads\/2019\/12\/cropped-logofooter.png\",\"contentUrl\":\"https:\/\/www.arteartesania.com\/wp-content\/uploads\/2019\/12\/cropped-logofooter.png\",\"width\":539,\"height\":58,\"caption\":\"Arteartesania\"},\"image\":{\"@id\":\"https:\/\/www.arteartesania.com\/de\/#\/schema\/logo\/image\/\"}}]}<\/script>\n<!-- \/ Yoast SEO plugin. -->","yoast_head_json":{"title":"Silhouette-Ohrringe f\u00fcr Damen - Arteartesania","robots":{"index":"index","follow":"follow","max-snippet":"max-snippet:-1","max-image-preview":"max-image-preview:large","max-video-preview":"max-video-preview:-1"},"canonical":"https:\/\/www.arteartesania.com\/de\/producto\/silhouette-ohrringe-fuer-damen\/","og_locale":"de_DE","og_type":"article","og_title":"Silhouette-Ohrringe f\u00fcr Damen - Arteartesania","og_description":"HANDGEZEICHNETE MESSING-OHRRINGE MIT FRAUEN-SILHOUETTE, MATERIAL: MESSING UND PATINA, LANGER SILBERHAKEN, FRAUENK\u00d6RPER:  Klein: 5 CM Gro\u00df: 6 cm  AUTOR: CARLOS TELLECHEA","og_url":"https:\/\/www.arteartesania.com\/de\/producto\/silhouette-ohrringe-fuer-damen\/","og_site_name":"Arteartesania","article_modified_time":"2024-12-05T11:52:53+00:00","og_image":[{"width":2560,"height":2137,"url":"https:\/\/www.arteartesania.com\/wp-content\/uploads\/2023\/12\/IMG_3412-scaled.jpg","type":"image\/jpeg"}],"twitter_card":"summary_large_image","twitter_misc":{"Gesch\u00e4tzte Lesezeit":"1\u00a0Minute"},"schema":{"@context":"https:\/\/schema.org","@graph":[{"@type":"WebPage","@id":"https:\/\/www.arteartesania.com\/de\/producto\/silhouette-ohrringe-fuer-damen\/","url":"https:\/\/www.arteartesania.com\/de\/producto\/silhouette-ohrringe-fuer-damen\/","name":"Silhouette-Ohrringe f\u00fcr Damen - Arteartesania","isPartOf":{"@id":"https:\/\/www.arteartesania.com\/de\/#website"},"primaryImageOfPage":{"@id":"https:\/\/www.arteartesania.com\/de\/producto\/silhouette-ohrringe-fuer-damen\/#primaryimage"},"image":{"@id":"https:\/\/www.arteartesania.com\/de\/producto\/silhouette-ohrringe-fuer-damen\/#primaryimage"},"thumbnailUrl":"https:\/\/www.arteartesania.com\/wp-content\/uploads\/2023\/12\/IMG_3412-scaled.jpg","datePublished":"2024-12-05T11:52:52+00:00","dateModified":"2024-12-05T11:52:53+00:00","breadcrumb":{"@id":"https:\/\/www.arteartesania.com\/de\/producto\/silhouette-ohrringe-fuer-damen\/#breadcrumb"},"inLanguage":"de","potentialAction":[{"@type":"ReadAction","target":["https:\/\/www.arteartesania.com\/de\/producto\/silhouette-ohrringe-fuer-damen\/"]}]},{"@type":"ImageObject","inLanguage":"de","@id":"https:\/\/www.arteartesania.com\/de\/producto\/silhouette-ohrringe-fuer-damen\/#primaryimage","url":"https:\/\/www.arteartesania.com\/wp-content\/uploads\/2023\/12\/IMG_3412-scaled.jpg","contentUrl":"https:\/\/www.arteartesania.com\/wp-content\/uploads\/2023\/12\/IMG_3412-scaled.jpg","width":2560,"height":2137},{"@type":"BreadcrumbList","@id":"https:\/\/www.arteartesania.com\/de\/producto\/silhouette-ohrringe-fuer-damen\/#breadcrumb","itemListElement":[{"@type":"ListItem","position":1,"name":"Portada","item":"https:\/\/www.arteartesania.com\/de\/"},{"@type":"ListItem","position":2,"name":"Shop online","item":"https:\/\/www.arteartesania.com\/de\/online-bastelladen\/"},{"@type":"ListItem","position":3,"name":"Silhouette-Ohrringe f\u00fcr Damen"}]},{"@type":"WebSite","@id":"https:\/\/www.arteartesania.com\/de\/#website","url":"https:\/\/www.arteartesania.com\/de\/","name":"Arteartesania","description":"Original selecci\u00f3n de Artesan\u00eda Contempor\u00e1nea de Autor","publisher":{"@id":"https:\/\/www.arteartesania.com\/de\/#organization"},"potentialAction":[{"@type":"SearchAction","target":{"@type":"EntryPoint","urlTemplate":"https:\/\/www.arteartesania.com\/de\/?s={search_term_string}"},"query-input":{"@type":"PropertyValueSpecification","valueRequired":true,"valueName":"search_term_string"}}],"inLanguage":"de"},{"@type":"Organization","@id":"https:\/\/www.arteartesania.com\/de\/#organization","name":"Arteartesania","url":"https:\/\/www.arteartesania.com\/de\/","logo":{"@type":"ImageObject","inLanguage":"de","@id":"https:\/\/www.arteartesania.com\/de\/#\/schema\/logo\/image\/","url":"https:\/\/www.arteartesania.com\/wp-content\/uploads\/2019\/12\/cropped-logofooter.png","contentUrl":"https:\/\/www.arteartesania.com\/wp-content\/uploads\/2019\/12\/cropped-logofooter.png","width":539,"height":58,"caption":"Arteartesania"},"image":{"@id":"https:\/\/www.arteartesania.com\/de\/#\/schema\/logo\/image\/"}}]}},"_links":{"self":[{"href":"https:\/\/www.arteartesania.com\/de\/wp-json\/wp\/v2\/product\/17262"}],"collection":[{"href":"https:\/\/www.arteartesania.com\/de\/wp-json\/wp\/v2\/product"}],"about":[{"href":"https:\/\/www.arteartesania.com\/de\/wp-json\/wp\/v2\/types\/product"}],"replies":[{"embeddable":true,"href":"https:\/\/www.arteartesania.com\/de\/wp-json\/wp\/v2\/comments?post=17262"}],"wp:featuredmedia":[{"embeddable":true,"href":"https:\/\/www.arteartesania.com\/de\/wp-json\/wp\/v2\/media\/17273"}],"wp:attachment":[{"href":"https:\/\/www.arteartesania.com\/de\/wp-json\/wp\/v2\/media?parent=17262"}],"wp:term":[{"taxonomy":"product_cat","embeddable":true,"href":"https:\/\/www.arteartesania.com\/de\/wp-json\/wp\/v2\/product_cat?post=17262"},{"taxonomy":"product_tag","embeddable":true,"href":"https:\/\/www.arteartesania.com\/de\/wp-json\/wp\/v2\/product_tag?post=17262"}],"curies":[{"name":"wp","href":"https:\/\/api.w.org\/{rel}","templated":true}]}}