{"id":17176,"date":"2024-11-30T12:14:40","date_gmt":"2024-11-30T11:30:43","guid":{"rendered":"https:\/\/www.arteartesania.com\/?post_type=product&#038;p=17176"},"modified":"2024-11-30T12:30:43","modified_gmt":"2024-11-30T11:30:43","slug":"mittelgrosser-cala-ring","status":"publish","type":"product","link":"https:\/\/www.arteartesania.com\/de\/producto\/mittelgrosser-cala-ring\/","title":{"rendered":"Mittelgro\u00dfer Cala-Ring"},"content":{"rendered":"<p><strong>Cala-Blumenring mit Goldapplikation<\/strong><\/p>\n<p>ST\u00dcCK: Cala \u201eMittelgro\u00dfer\u201c GOLDRING<br \/>\nMATERIAL: 925er Silber + 22 kt Goldapplikation<br \/>\nEinzigartige handgefertigte St\u00fccke. Der Ring ist offen und in der Gr\u00f6\u00dfe verstellbar.<br \/>\nW\u00e4hlen Sie zwischen S, M und L oder teilen Sie uns Ihre Ringgr\u00f6\u00dfe mit und wir senden Ihnen ein individuelles Ringst\u00fcck zu<\/p>\n<p><strong>Produktionstechnik, verwendete Materialien:<\/strong><\/p>\n<p>Die Blumen bestehen aus Draht und 925er Silberblech. Das Blatt wird in verschiedene Richtungen gefaltet, bis der K\u00f6rper der Blume entsteht, an den ein kleiner Drahtstempel geschwei\u00dft ist, der in einer kleinen Kugel endet.<\/p>\n<p>Sobald die Blumen unterschiedlicher Gr\u00f6\u00dfe hergestellt sind, werden sie kombiniert, um die verschiedenen St\u00fccke der Kollektion, Armb\u00e4nder, Ohrringe, Ringe usw., zu erhalten.<\/p>\n<p>Die gesamte Kollektion ist aus 925er Silber gefertigt und mit 22-kar\u00e4tigem Blattgold auf dem Blumenkelch veredelt.<\/p>\n<p>Cala-Blumenring<\/p>\n","protected":false},"excerpt":{"rendered":"<p>ST\u00dcCK: Cala \u201eMittelgro\u00dfer\u201c GOLDRING<\/p>\n<p>MATERIAL: 925er Silber + 22 kt Gold Anwendung<\/p>\n<p>Einzigartige handgefertigte St\u00fccke. Der Ring ist offen und in der Gr\u00f6\u00dfe verstellbar.<\/p>\n","protected":false},"featured_media":17166,"comment_status":"closed","ping_status":"closed","template":"","meta":{"_acf_changed":false,"inline_featured_image":false},"product_cat":[218,214,293,244,243],"product_tag":[],"class_list":{"0":"post-17176","1":"product","2":"type-product","3":"status-publish","4":"has-post-thumbnail","6":"product_cat-carlos-tellechea-de","7":"product_cat-kuenstler","8":"product_cat-las-calas-de-oro-de","9":"product_cat-ringe","10":"product_cat-schmuck","12":"first","13":"instock","14":"shipping-taxable","15":"purchasable","16":"product-type-simple"},"acf":[],"yoast_head":"<!-- This site is optimized with the Yoast SEO plugin v23.6 - https:\/\/yoast.com\/wordpress\/plugins\/seo\/ -->\n<title>Mittelgro\u00dfer Cala-Ring - Arteartesania<\/title>\n<meta name=\"robots\" content=\"index, follow, max-snippet:-1, max-image-preview:large, max-video-preview:-1\" \/>\n<link rel=\"canonical\" href=\"https:\/\/www.arteartesania.com\/de\/producto\/mittelgrosser-cala-ring\/\" \/>\n<meta property=\"og:locale\" content=\"de_DE\" \/>\n<meta property=\"og:type\" content=\"article\" \/>\n<meta property=\"og:title\" content=\"Mittelgro\u00dfer Cala-Ring - Arteartesania\" \/>\n<meta property=\"og:description\" content=\"ST\u00dcCK: Cala \u201eMittelgro\u00dfer\u201c GOLDRING  MATERIAL: 925er Silber + 22 kt Gold Anwendung  Einzigartige handgefertigte St\u00fccke. Der Ring ist offen und in der Gr\u00f6\u00dfe verstellbar.\" \/>\n<meta property=\"og:url\" content=\"https:\/\/www.arteartesania.com\/de\/producto\/mittelgrosser-cala-ring\/\" \/>\n<meta property=\"og:site_name\" content=\"Arteartesania\" \/>\n<meta property=\"og:image\" content=\"https:\/\/www.arteartesania.com\/wp-content\/uploads\/2024\/11\/IMG_3309-scaled.jpg\" \/>\n\t<meta property=\"og:image:width\" content=\"1920\" \/>\n\t<meta property=\"og:image:height\" content=\"2560\" \/>\n\t<meta property=\"og:image:type\" content=\"image\/jpeg\" \/>\n<meta name=\"twitter:card\" content=\"summary_large_image\" \/>\n<meta name=\"twitter:label1\" content=\"Gesch\u00e4tzte Lesezeit\" \/>\n\t<meta name=\"twitter:data1\" content=\"1\u00a0Minute\" \/>\n<script type=\"application\/ld+json\" class=\"yoast-schema-graph\">{\"@context\":\"https:\/\/schema.org\",\"@graph\":[{\"@type\":\"WebPage\",\"@id\":\"https:\/\/www.arteartesania.com\/de\/producto\/mittelgrosser-cala-ring\/\",\"url\":\"https:\/\/www.arteartesania.com\/de\/producto\/mittelgrosser-cala-ring\/\",\"name\":\"Mittelgro\u00dfer Cala-Ring - Arteartesania\",\"isPartOf\":{\"@id\":\"https:\/\/www.arteartesania.com\/de\/#website\"},\"primaryImageOfPage\":{\"@id\":\"https:\/\/www.arteartesania.com\/de\/producto\/mittelgrosser-cala-ring\/#primaryimage\"},\"image\":{\"@id\":\"https:\/\/www.arteartesania.com\/de\/producto\/mittelgrosser-cala-ring\/#primaryimage\"},\"thumbnailUrl\":\"https:\/\/www.arteartesania.com\/wp-content\/uploads\/2024\/11\/IMG_3309-scaled.jpg\",\"datePublished\":\"2024-11-30T11:30:43+00:00\",\"dateModified\":\"2024-11-30T11:30:43+00:00\",\"breadcrumb\":{\"@id\":\"https:\/\/www.arteartesania.com\/de\/producto\/mittelgrosser-cala-ring\/#breadcrumb\"},\"inLanguage\":\"de\",\"potentialAction\":[{\"@type\":\"ReadAction\",\"target\":[\"https:\/\/www.arteartesania.com\/de\/producto\/mittelgrosser-cala-ring\/\"]}]},{\"@type\":\"ImageObject\",\"inLanguage\":\"de\",\"@id\":\"https:\/\/www.arteartesania.com\/de\/producto\/mittelgrosser-cala-ring\/#primaryimage\",\"url\":\"https:\/\/www.arteartesania.com\/wp-content\/uploads\/2024\/11\/IMG_3309-scaled.jpg\",\"contentUrl\":\"https:\/\/www.arteartesania.com\/wp-content\/uploads\/2024\/11\/IMG_3309-scaled.jpg\",\"width\":1920,\"height\":2560},{\"@type\":\"BreadcrumbList\",\"@id\":\"https:\/\/www.arteartesania.com\/de\/producto\/mittelgrosser-cala-ring\/#breadcrumb\",\"itemListElement\":[{\"@type\":\"ListItem\",\"position\":1,\"name\":\"Portada\",\"item\":\"https:\/\/www.arteartesania.com\/de\/\"},{\"@type\":\"ListItem\",\"position\":2,\"name\":\"Shop online\",\"item\":\"https:\/\/www.arteartesania.com\/de\/online-bastelladen\/\"},{\"@type\":\"ListItem\",\"position\":3,\"name\":\"Mittelgro\u00dfer Cala-Ring\"}]},{\"@type\":\"WebSite\",\"@id\":\"https:\/\/www.arteartesania.com\/de\/#website\",\"url\":\"https:\/\/www.arteartesania.com\/de\/\",\"name\":\"Arteartesania\",\"description\":\"Original selecci\u00f3n de Artesan\u00eda Contempor\u00e1nea de Autor\",\"publisher\":{\"@id\":\"https:\/\/www.arteartesania.com\/de\/#organization\"},\"potentialAction\":[{\"@type\":\"SearchAction\",\"target\":{\"@type\":\"EntryPoint\",\"urlTemplate\":\"https:\/\/www.arteartesania.com\/de\/?s={search_term_string}\"},\"query-input\":{\"@type\":\"PropertyValueSpecification\",\"valueRequired\":true,\"valueName\":\"search_term_string\"}}],\"inLanguage\":\"de\"},{\"@type\":\"Organization\",\"@id\":\"https:\/\/www.arteartesania.com\/de\/#organization\",\"name\":\"Arteartesania\",\"url\":\"https:\/\/www.arteartesania.com\/de\/\",\"logo\":{\"@type\":\"ImageObject\",\"inLanguage\":\"de\",\"@id\":\"https:\/\/www.arteartesania.com\/de\/#\/schema\/logo\/image\/\",\"url\":\"https:\/\/www.arteartesania.com\/wp-content\/uploads\/2019\/12\/cropped-logofooter.png\",\"contentUrl\":\"https:\/\/www.arteartesania.com\/wp-content\/uploads\/2019\/12\/cropped-logofooter.png\",\"width\":539,\"height\":58,\"caption\":\"Arteartesania\"},\"image\":{\"@id\":\"https:\/\/www.arteartesania.com\/de\/#\/schema\/logo\/image\/\"}}]}<\/script>\n<!-- \/ Yoast SEO plugin. -->","yoast_head_json":{"title":"Mittelgro\u00dfer Cala-Ring - Arteartesania","robots":{"index":"index","follow":"follow","max-snippet":"max-snippet:-1","max-image-preview":"max-image-preview:large","max-video-preview":"max-video-preview:-1"},"canonical":"https:\/\/www.arteartesania.com\/de\/producto\/mittelgrosser-cala-ring\/","og_locale":"de_DE","og_type":"article","og_title":"Mittelgro\u00dfer Cala-Ring - Arteartesania","og_description":"ST\u00dcCK: Cala \u201eMittelgro\u00dfer\u201c GOLDRING  MATERIAL: 925er Silber + 22 kt Gold Anwendung  Einzigartige handgefertigte St\u00fccke. Der Ring ist offen und in der Gr\u00f6\u00dfe verstellbar.","og_url":"https:\/\/www.arteartesania.com\/de\/producto\/mittelgrosser-cala-ring\/","og_site_name":"Arteartesania","og_image":[{"width":1920,"height":2560,"url":"https:\/\/www.arteartesania.com\/wp-content\/uploads\/2024\/11\/IMG_3309-scaled.jpg","type":"image\/jpeg"}],"twitter_card":"summary_large_image","twitter_misc":{"Gesch\u00e4tzte Lesezeit":"1\u00a0Minute"},"schema":{"@context":"https:\/\/schema.org","@graph":[{"@type":"WebPage","@id":"https:\/\/www.arteartesania.com\/de\/producto\/mittelgrosser-cala-ring\/","url":"https:\/\/www.arteartesania.com\/de\/producto\/mittelgrosser-cala-ring\/","name":"Mittelgro\u00dfer Cala-Ring - Arteartesania","isPartOf":{"@id":"https:\/\/www.arteartesania.com\/de\/#website"},"primaryImageOfPage":{"@id":"https:\/\/www.arteartesania.com\/de\/producto\/mittelgrosser-cala-ring\/#primaryimage"},"image":{"@id":"https:\/\/www.arteartesania.com\/de\/producto\/mittelgrosser-cala-ring\/#primaryimage"},"thumbnailUrl":"https:\/\/www.arteartesania.com\/wp-content\/uploads\/2024\/11\/IMG_3309-scaled.jpg","datePublished":"2024-11-30T11:30:43+00:00","dateModified":"2024-11-30T11:30:43+00:00","breadcrumb":{"@id":"https:\/\/www.arteartesania.com\/de\/producto\/mittelgrosser-cala-ring\/#breadcrumb"},"inLanguage":"de","potentialAction":[{"@type":"ReadAction","target":["https:\/\/www.arteartesania.com\/de\/producto\/mittelgrosser-cala-ring\/"]}]},{"@type":"ImageObject","inLanguage":"de","@id":"https:\/\/www.arteartesania.com\/de\/producto\/mittelgrosser-cala-ring\/#primaryimage","url":"https:\/\/www.arteartesania.com\/wp-content\/uploads\/2024\/11\/IMG_3309-scaled.jpg","contentUrl":"https:\/\/www.arteartesania.com\/wp-content\/uploads\/2024\/11\/IMG_3309-scaled.jpg","width":1920,"height":2560},{"@type":"BreadcrumbList","@id":"https:\/\/www.arteartesania.com\/de\/producto\/mittelgrosser-cala-ring\/#breadcrumb","itemListElement":[{"@type":"ListItem","position":1,"name":"Portada","item":"https:\/\/www.arteartesania.com\/de\/"},{"@type":"ListItem","position":2,"name":"Shop online","item":"https:\/\/www.arteartesania.com\/de\/online-bastelladen\/"},{"@type":"ListItem","position":3,"name":"Mittelgro\u00dfer Cala-Ring"}]},{"@type":"WebSite","@id":"https:\/\/www.arteartesania.com\/de\/#website","url":"https:\/\/www.arteartesania.com\/de\/","name":"Arteartesania","description":"Original selecci\u00f3n de Artesan\u00eda Contempor\u00e1nea de Autor","publisher":{"@id":"https:\/\/www.arteartesania.com\/de\/#organization"},"potentialAction":[{"@type":"SearchAction","target":{"@type":"EntryPoint","urlTemplate":"https:\/\/www.arteartesania.com\/de\/?s={search_term_string}"},"query-input":{"@type":"PropertyValueSpecification","valueRequired":true,"valueName":"search_term_string"}}],"inLanguage":"de"},{"@type":"Organization","@id":"https:\/\/www.arteartesania.com\/de\/#organization","name":"Arteartesania","url":"https:\/\/www.arteartesania.com\/de\/","logo":{"@type":"ImageObject","inLanguage":"de","@id":"https:\/\/www.arteartesania.com\/de\/#\/schema\/logo\/image\/","url":"https:\/\/www.arteartesania.com\/wp-content\/uploads\/2019\/12\/cropped-logofooter.png","contentUrl":"https:\/\/www.arteartesania.com\/wp-content\/uploads\/2019\/12\/cropped-logofooter.png","width":539,"height":58,"caption":"Arteartesania"},"image":{"@id":"https:\/\/www.arteartesania.com\/de\/#\/schema\/logo\/image\/"}}]}},"_links":{"self":[{"href":"https:\/\/www.arteartesania.com\/de\/wp-json\/wp\/v2\/product\/17176"}],"collection":[{"href":"https:\/\/www.arteartesania.com\/de\/wp-json\/wp\/v2\/product"}],"about":[{"href":"https:\/\/www.arteartesania.com\/de\/wp-json\/wp\/v2\/types\/product"}],"replies":[{"embeddable":true,"href":"https:\/\/www.arteartesania.com\/de\/wp-json\/wp\/v2\/comments?post=17176"}],"wp:featuredmedia":[{"embeddable":true,"href":"https:\/\/www.arteartesania.com\/de\/wp-json\/wp\/v2\/media\/17166"}],"wp:attachment":[{"href":"https:\/\/www.arteartesania.com\/de\/wp-json\/wp\/v2\/media?parent=17176"}],"wp:term":[{"taxonomy":"product_cat","embeddable":true,"href":"https:\/\/www.arteartesania.com\/de\/wp-json\/wp\/v2\/product_cat?post=17176"},{"taxonomy":"product_tag","embeddable":true,"href":"https:\/\/www.arteartesania.com\/de\/wp-json\/wp\/v2\/product_tag?post=17176"}],"curies":[{"name":"wp","href":"https:\/\/api.w.org\/{rel}","templated":true}]}}