{"id":16194,"date":"2024-04-22T15:33:34","date_gmt":"2024-04-22T13:42:10","guid":{"rendered":"https:\/\/www.arteartesania.com\/?post_type=product&#038;p=16194"},"modified":"2024-04-22T16:56:54","modified_gmt":"2024-04-22T14:56:54","slug":"roemischer-muenzanhaenger-tiberius-drusus","status":"publish","type":"product","link":"https:\/\/www.arteartesania.com\/de\/producto\/roemischer-muenzanhaenger-tiberius-drusus\/","title":{"rendered":"R\u00f6mischer M\u00fcnzanh\u00e4nger Tiberius Drusus"},"content":{"rendered":"<p>R\u00f6mischer M\u00fcnzanh\u00e4nger Tiberius Drusus aus 925er Silber, handgefertigter Anh\u00e4nger auf Mallorca<\/p>\n<blockquote><p>TIBERIUS CLAUS DRUSUS CLADIUS<\/p>\n<p>KAISER zwischen 41 und 54 n. Chr.<\/p>\n<p>DRVSVS CAESAR TI AVG F DIVI AVG N,<\/p>\n<p>nackter Kopf des Drusus auf der linken Seite<\/p>\n<p>Drusus, der einzige \u00fcberlebende Sohn des Tiberius, wurde im Jahr 4 n. Chr. Caesar. als Augustus seinen Vater adoptierte. Trotz seines angeblich gewaltt\u00e4tigen Temperaments zeigte Drusus im politischen und milit\u00e4rischen Leben vielversprechende Erfolge; Nach dem Tod des Augustus schlug er die Meuterei der pannonischen Legionen nieder und wurde im Jahr 15 n. Chr. Konsul. C. Er war zwischen 17 und 20 n. Chr. ein erfolgreicher Gouverneur in Illyricum. C. und wurde nach seiner R\u00fcckkehr nach Rom erneut Konsul.<\/p><\/blockquote>\n","protected":false},"excerpt":{"rendered":"<p>R\u00f6mischer Tiberius-Drusus-M\u00fcnzanh\u00e4nger aus 925er Silber.<\/p>\n<p>Materialien: 925er Silber, antike M\u00fcnze<\/p>\n<p>Ma\u00dfe: 3 x 3,2 cm<\/p>\n<p>Autor: Carlos Tellechea f\u00fcr ARTEARTESANIA.<\/p>\n<p>Jahr: 2023<\/p>\n","protected":false},"featured_media":16166,"comment_status":"closed","ping_status":"closed","template":"","meta":{"_acf_changed":false,"inline_featured_image":false},"product_cat":[218,248,214,243],"product_tag":[],"class_list":{"0":"post-16194","1":"product","2":"type-product","3":"status-publish","4":"has-post-thumbnail","6":"product_cat-carlos-tellechea-de","7":"product_cat-halsketten","8":"product_cat-kuenstler","9":"product_cat-schmuck","11":"first","12":"instock","13":"shipping-taxable","14":"purchasable","15":"product-type-simple"},"acf":[],"yoast_head":"<!-- This site is optimized with the Yoast SEO plugin v23.6 - https:\/\/yoast.com\/wordpress\/plugins\/seo\/ -->\n<title>R\u00f6mischer M\u00fcnzanh\u00e4nger Tiberius Drusus - Arteartesania<\/title>\n<meta name=\"robots\" content=\"index, follow, max-snippet:-1, max-image-preview:large, max-video-preview:-1\" \/>\n<link rel=\"canonical\" href=\"https:\/\/www.arteartesania.com\/de\/producto\/roemischer-muenzanhaenger-tiberius-drusus\/\" \/>\n<meta property=\"og:locale\" content=\"de_DE\" \/>\n<meta property=\"og:type\" content=\"article\" \/>\n<meta property=\"og:title\" content=\"R\u00f6mischer M\u00fcnzanh\u00e4nger Tiberius Drusus - Arteartesania\" \/>\n<meta property=\"og:description\" content=\"R\u00f6mischer Tiberius-Drusus-M\u00fcnzanh\u00e4nger aus 925er Silber.  Materialien: 925er Silber, antike M\u00fcnze  Ma\u00dfe: 3 x 3,2 cm  Autor: Carlos Tellechea f\u00fcr ARTEARTESANIA.  Jahr: 2023\" \/>\n<meta property=\"og:url\" content=\"https:\/\/www.arteartesania.com\/de\/producto\/roemischer-muenzanhaenger-tiberius-drusus\/\" \/>\n<meta property=\"og:site_name\" content=\"Arteartesania\" \/>\n<meta property=\"article:modified_time\" content=\"2024-04-22T14:56:54+00:00\" \/>\n<meta property=\"og:image\" content=\"https:\/\/www.arteartesania.com\/wp-content\/uploads\/2024\/04\/IMG_8583-scaled.jpg\" \/>\n\t<meta property=\"og:image:width\" content=\"2123\" \/>\n\t<meta property=\"og:image:height\" content=\"2560\" \/>\n\t<meta property=\"og:image:type\" content=\"image\/jpeg\" \/>\n<meta name=\"twitter:card\" content=\"summary_large_image\" \/>\n<meta name=\"twitter:label1\" content=\"Gesch\u00e4tzte Lesezeit\" \/>\n\t<meta name=\"twitter:data1\" content=\"1\u00a0Minute\" \/>\n<script type=\"application\/ld+json\" class=\"yoast-schema-graph\">{\"@context\":\"https:\/\/schema.org\",\"@graph\":[{\"@type\":\"WebPage\",\"@id\":\"https:\/\/www.arteartesania.com\/de\/producto\/roemischer-muenzanhaenger-tiberius-drusus\/\",\"url\":\"https:\/\/www.arteartesania.com\/de\/producto\/roemischer-muenzanhaenger-tiberius-drusus\/\",\"name\":\"R\u00f6mischer M\u00fcnzanh\u00e4nger Tiberius Drusus - Arteartesania\",\"isPartOf\":{\"@id\":\"https:\/\/www.arteartesania.com\/de\/#website\"},\"primaryImageOfPage\":{\"@id\":\"https:\/\/www.arteartesania.com\/de\/producto\/roemischer-muenzanhaenger-tiberius-drusus\/#primaryimage\"},\"image\":{\"@id\":\"https:\/\/www.arteartesania.com\/de\/producto\/roemischer-muenzanhaenger-tiberius-drusus\/#primaryimage\"},\"thumbnailUrl\":\"https:\/\/www.arteartesania.com\/wp-content\/uploads\/2024\/04\/IMG_8583-scaled.jpg\",\"datePublished\":\"2024-04-22T13:42:10+00:00\",\"dateModified\":\"2024-04-22T14:56:54+00:00\",\"breadcrumb\":{\"@id\":\"https:\/\/www.arteartesania.com\/de\/producto\/roemischer-muenzanhaenger-tiberius-drusus\/#breadcrumb\"},\"inLanguage\":\"de\",\"potentialAction\":[{\"@type\":\"ReadAction\",\"target\":[\"https:\/\/www.arteartesania.com\/de\/producto\/roemischer-muenzanhaenger-tiberius-drusus\/\"]}]},{\"@type\":\"ImageObject\",\"inLanguage\":\"de\",\"@id\":\"https:\/\/www.arteartesania.com\/de\/producto\/roemischer-muenzanhaenger-tiberius-drusus\/#primaryimage\",\"url\":\"https:\/\/www.arteartesania.com\/wp-content\/uploads\/2024\/04\/IMG_8583-scaled.jpg\",\"contentUrl\":\"https:\/\/www.arteartesania.com\/wp-content\/uploads\/2024\/04\/IMG_8583-scaled.jpg\",\"width\":2123,\"height\":2560},{\"@type\":\"BreadcrumbList\",\"@id\":\"https:\/\/www.arteartesania.com\/de\/producto\/roemischer-muenzanhaenger-tiberius-drusus\/#breadcrumb\",\"itemListElement\":[{\"@type\":\"ListItem\",\"position\":1,\"name\":\"Portada\",\"item\":\"https:\/\/www.arteartesania.com\/de\/\"},{\"@type\":\"ListItem\",\"position\":2,\"name\":\"Shop online\",\"item\":\"https:\/\/www.arteartesania.com\/de\/online-bastelladen\/\"},{\"@type\":\"ListItem\",\"position\":3,\"name\":\"R\u00f6mischer M\u00fcnzanh\u00e4nger Tiberius Drusus\"}]},{\"@type\":\"WebSite\",\"@id\":\"https:\/\/www.arteartesania.com\/de\/#website\",\"url\":\"https:\/\/www.arteartesania.com\/de\/\",\"name\":\"Arteartesania\",\"description\":\"Original selecci\u00f3n de Artesan\u00eda Contempor\u00e1nea de Autor\",\"publisher\":{\"@id\":\"https:\/\/www.arteartesania.com\/de\/#organization\"},\"potentialAction\":[{\"@type\":\"SearchAction\",\"target\":{\"@type\":\"EntryPoint\",\"urlTemplate\":\"https:\/\/www.arteartesania.com\/de\/?s={search_term_string}\"},\"query-input\":{\"@type\":\"PropertyValueSpecification\",\"valueRequired\":true,\"valueName\":\"search_term_string\"}}],\"inLanguage\":\"de\"},{\"@type\":\"Organization\",\"@id\":\"https:\/\/www.arteartesania.com\/de\/#organization\",\"name\":\"Arteartesania\",\"url\":\"https:\/\/www.arteartesania.com\/de\/\",\"logo\":{\"@type\":\"ImageObject\",\"inLanguage\":\"de\",\"@id\":\"https:\/\/www.arteartesania.com\/de\/#\/schema\/logo\/image\/\",\"url\":\"https:\/\/www.arteartesania.com\/wp-content\/uploads\/2019\/12\/cropped-logofooter.png\",\"contentUrl\":\"https:\/\/www.arteartesania.com\/wp-content\/uploads\/2019\/12\/cropped-logofooter.png\",\"width\":539,\"height\":58,\"caption\":\"Arteartesania\"},\"image\":{\"@id\":\"https:\/\/www.arteartesania.com\/de\/#\/schema\/logo\/image\/\"}}]}<\/script>\n<!-- \/ Yoast SEO plugin. -->","yoast_head_json":{"title":"R\u00f6mischer M\u00fcnzanh\u00e4nger Tiberius Drusus - Arteartesania","robots":{"index":"index","follow":"follow","max-snippet":"max-snippet:-1","max-image-preview":"max-image-preview:large","max-video-preview":"max-video-preview:-1"},"canonical":"https:\/\/www.arteartesania.com\/de\/producto\/roemischer-muenzanhaenger-tiberius-drusus\/","og_locale":"de_DE","og_type":"article","og_title":"R\u00f6mischer M\u00fcnzanh\u00e4nger Tiberius Drusus - Arteartesania","og_description":"R\u00f6mischer Tiberius-Drusus-M\u00fcnzanh\u00e4nger aus 925er Silber.  Materialien: 925er Silber, antike M\u00fcnze  Ma\u00dfe: 3 x 3,2 cm  Autor: Carlos Tellechea f\u00fcr ARTEARTESANIA.  Jahr: 2023","og_url":"https:\/\/www.arteartesania.com\/de\/producto\/roemischer-muenzanhaenger-tiberius-drusus\/","og_site_name":"Arteartesania","article_modified_time":"2024-04-22T14:56:54+00:00","og_image":[{"width":2123,"height":2560,"url":"https:\/\/www.arteartesania.com\/wp-content\/uploads\/2024\/04\/IMG_8583-scaled.jpg","type":"image\/jpeg"}],"twitter_card":"summary_large_image","twitter_misc":{"Gesch\u00e4tzte Lesezeit":"1\u00a0Minute"},"schema":{"@context":"https:\/\/schema.org","@graph":[{"@type":"WebPage","@id":"https:\/\/www.arteartesania.com\/de\/producto\/roemischer-muenzanhaenger-tiberius-drusus\/","url":"https:\/\/www.arteartesania.com\/de\/producto\/roemischer-muenzanhaenger-tiberius-drusus\/","name":"R\u00f6mischer M\u00fcnzanh\u00e4nger Tiberius Drusus - Arteartesania","isPartOf":{"@id":"https:\/\/www.arteartesania.com\/de\/#website"},"primaryImageOfPage":{"@id":"https:\/\/www.arteartesania.com\/de\/producto\/roemischer-muenzanhaenger-tiberius-drusus\/#primaryimage"},"image":{"@id":"https:\/\/www.arteartesania.com\/de\/producto\/roemischer-muenzanhaenger-tiberius-drusus\/#primaryimage"},"thumbnailUrl":"https:\/\/www.arteartesania.com\/wp-content\/uploads\/2024\/04\/IMG_8583-scaled.jpg","datePublished":"2024-04-22T13:42:10+00:00","dateModified":"2024-04-22T14:56:54+00:00","breadcrumb":{"@id":"https:\/\/www.arteartesania.com\/de\/producto\/roemischer-muenzanhaenger-tiberius-drusus\/#breadcrumb"},"inLanguage":"de","potentialAction":[{"@type":"ReadAction","target":["https:\/\/www.arteartesania.com\/de\/producto\/roemischer-muenzanhaenger-tiberius-drusus\/"]}]},{"@type":"ImageObject","inLanguage":"de","@id":"https:\/\/www.arteartesania.com\/de\/producto\/roemischer-muenzanhaenger-tiberius-drusus\/#primaryimage","url":"https:\/\/www.arteartesania.com\/wp-content\/uploads\/2024\/04\/IMG_8583-scaled.jpg","contentUrl":"https:\/\/www.arteartesania.com\/wp-content\/uploads\/2024\/04\/IMG_8583-scaled.jpg","width":2123,"height":2560},{"@type":"BreadcrumbList","@id":"https:\/\/www.arteartesania.com\/de\/producto\/roemischer-muenzanhaenger-tiberius-drusus\/#breadcrumb","itemListElement":[{"@type":"ListItem","position":1,"name":"Portada","item":"https:\/\/www.arteartesania.com\/de\/"},{"@type":"ListItem","position":2,"name":"Shop online","item":"https:\/\/www.arteartesania.com\/de\/online-bastelladen\/"},{"@type":"ListItem","position":3,"name":"R\u00f6mischer M\u00fcnzanh\u00e4nger Tiberius Drusus"}]},{"@type":"WebSite","@id":"https:\/\/www.arteartesania.com\/de\/#website","url":"https:\/\/www.arteartesania.com\/de\/","name":"Arteartesania","description":"Original selecci\u00f3n de Artesan\u00eda Contempor\u00e1nea de Autor","publisher":{"@id":"https:\/\/www.arteartesania.com\/de\/#organization"},"potentialAction":[{"@type":"SearchAction","target":{"@type":"EntryPoint","urlTemplate":"https:\/\/www.arteartesania.com\/de\/?s={search_term_string}"},"query-input":{"@type":"PropertyValueSpecification","valueRequired":true,"valueName":"search_term_string"}}],"inLanguage":"de"},{"@type":"Organization","@id":"https:\/\/www.arteartesania.com\/de\/#organization","name":"Arteartesania","url":"https:\/\/www.arteartesania.com\/de\/","logo":{"@type":"ImageObject","inLanguage":"de","@id":"https:\/\/www.arteartesania.com\/de\/#\/schema\/logo\/image\/","url":"https:\/\/www.arteartesania.com\/wp-content\/uploads\/2019\/12\/cropped-logofooter.png","contentUrl":"https:\/\/www.arteartesania.com\/wp-content\/uploads\/2019\/12\/cropped-logofooter.png","width":539,"height":58,"caption":"Arteartesania"},"image":{"@id":"https:\/\/www.arteartesania.com\/de\/#\/schema\/logo\/image\/"}}]}},"_links":{"self":[{"href":"https:\/\/www.arteartesania.com\/de\/wp-json\/wp\/v2\/product\/16194"}],"collection":[{"href":"https:\/\/www.arteartesania.com\/de\/wp-json\/wp\/v2\/product"}],"about":[{"href":"https:\/\/www.arteartesania.com\/de\/wp-json\/wp\/v2\/types\/product"}],"replies":[{"embeddable":true,"href":"https:\/\/www.arteartesania.com\/de\/wp-json\/wp\/v2\/comments?post=16194"}],"wp:featuredmedia":[{"embeddable":true,"href":"https:\/\/www.arteartesania.com\/de\/wp-json\/wp\/v2\/media\/16166"}],"wp:attachment":[{"href":"https:\/\/www.arteartesania.com\/de\/wp-json\/wp\/v2\/media?parent=16194"}],"wp:term":[{"taxonomy":"product_cat","embeddable":true,"href":"https:\/\/www.arteartesania.com\/de\/wp-json\/wp\/v2\/product_cat?post=16194"},{"taxonomy":"product_tag","embeddable":true,"href":"https:\/\/www.arteartesania.com\/de\/wp-json\/wp\/v2\/product_tag?post=16194"}],"curies":[{"name":"wp","href":"https:\/\/api.w.org\/{rel}","templated":true}]}}