{"id":15531,"date":"2023-08-01T16:16:59","date_gmt":"2023-08-01T16:59:06","guid":{"rendered":"https:\/\/www.arteartesania.com\/?post_type=product&#038;p=15531"},"modified":"2023-08-01T18:59:07","modified_gmt":"2023-08-01T16:59:07","slug":"handgefertigte-ohrringe-aus-pergament-fuenf-quadrate-shades-of-winter-handgefertigt-von-hilde-janich","status":"publish","type":"product","link":"https:\/\/www.arteartesania.com\/de\/producto\/handgefertigte-ohrringe-aus-pergament-fuenf-quadrate-shades-of-winter-handgefertigt-von-hilde-janich\/","title":{"rendered":"HANDGEFERTIGTE OHRRINGE AUS PERGAMENT  F\u00dcNF QUADRATE &#8222;SHADES OF WINTER\u201c. HANDGEFERTIGT VON  HILDE JANICH"},"content":{"rendered":"<p>HANDGEFERTIGTE OHRRINGE AUS PERGAMENT<\/p>\n<p>F\u00dcNF QUADRATE \u201eSHADES OF WINTER\u201c<\/p>\n<p>MATERIALIEN: PERGAMENT MIT DETAILS AUS PERLEN<\/p>\n<p>HANDGEFERTIGT VON<\/p>\n<p>HILDE JANICH<\/p>\n","protected":false},"excerpt":{"rendered":"<p>HANDGEFERTIGTE OHRRINGE AUS PERGAMENT<\/p>\n<p>F\u00dcNF QUADRATE \u201eSHADES OF WINTER\u201c<\/p>\n<p>MATERIALIEN: PERGAMENT MIT DETAILS AUS PERLEN<\/p>\n<p>HANDGEFERTIGT VON<\/p>\n<p>HILDE JANICH<\/p>\n","protected":false},"featured_media":18950,"comment_status":"closed","ping_status":"closed","template":"","meta":{"_acf_changed":false,"inline_featured_image":false},"product_cat":[261,250,243],"product_tag":[822,295,963,778,779,780,305,975,342,902,302,311,783,784,343],"class_list":{"0":"post-15531","1":"product","2":"type-product","3":"status-publish","4":"has-post-thumbnail","6":"product_cat-keine-kategorie","7":"product_cat-ohrringe","8":"product_cat-schmuck","9":"product_tag-cuero-de","10":"product_tag-ajustable-de","11":"product_tag-artesano-de","12":"product_tag-handmade-de-2","13":"product_tag-hecho-a-mano-de","14":"product_tag-jewelry-de","15":"product_tag-joyas-finas-de","16":"product_tag-joyeria-de","17":"product_tag-mallorca-de","18":"product_tag-pendientes-de","19":"product_tag-pendientes-de-cierre-de-presion-de","20":"product_tag-pendientes-de-colgar-de","21":"product_tag-plata-de","22":"product_tag-silver-de-2","23":"product_tag-soller-de","25":"first","26":"instock","27":"sold-individually","28":"shipping-taxable","29":"purchasable","30":"product-type-simple"},"acf":[],"yoast_head":"<!-- This site is optimized with the Yoast SEO plugin v23.6 - https:\/\/yoast.com\/wordpress\/plugins\/seo\/ -->\n<title>HANDGEFERTIGTE OHRRINGE AUS PERGAMENT F\u00dcNF QUADRATE &quot;SHADES OF WINTER\u201c. HANDGEFERTIGT VON HILDE JANICH - Arteartesania<\/title>\n<meta name=\"description\" content=\"HANDGEFERTIGTE OHRRINGE AUS PERGAMENTF\u00dcNF QUADRATE \u201eSHADES OF WINTER\u201cMATERIALIEN: PERGAMENT MIT DETAILS AUS PERLENHANDGEFERTIGT VONHILDE JANICH\" \/>\n<meta name=\"robots\" content=\"index, follow, max-snippet:-1, max-image-preview:large, max-video-preview:-1\" \/>\n<link rel=\"canonical\" href=\"https:\/\/www.arteartesania.com\/de\/producto\/handgefertigte-ohrringe-aus-pergament-fuenf-quadrate-shades-of-winter-handgefertigt-von-hilde-janich\/\" \/>\n<meta property=\"og:locale\" content=\"de_DE\" \/>\n<meta property=\"og:type\" content=\"article\" \/>\n<meta property=\"og:title\" content=\"HANDGEFERTIGTE OHRRINGE AUS PERGAMENT F\u00dcNF QUADRATE &quot;SHADES OF WINTER\u201c. HANDGEFERTIGT VON HILDE JANICH - Arteartesania\" \/>\n<meta property=\"og:description\" content=\"HANDGEFERTIGTE OHRRINGE AUS PERGAMENTF\u00dcNF QUADRATE \u201eSHADES OF WINTER\u201cMATERIALIEN: PERGAMENT MIT DETAILS AUS PERLENHANDGEFERTIGT VONHILDE JANICH\" \/>\n<meta property=\"og:url\" content=\"https:\/\/www.arteartesania.com\/de\/producto\/handgefertigte-ohrringe-aus-pergament-fuenf-quadrate-shades-of-winter-handgefertigt-von-hilde-janich\/\" \/>\n<meta property=\"og:site_name\" content=\"Arteartesania\" \/>\n<meta property=\"article:modified_time\" content=\"2023-08-01T16:59:07+00:00\" \/>\n<meta property=\"og:image\" content=\"https:\/\/www.arteartesania.com\/wp-content\/uploads\/2023\/08\/IMG_8634-scaled.jpg\" \/>\n\t<meta property=\"og:image:width\" content=\"2560\" \/>\n\t<meta property=\"og:image:height\" content=\"2560\" \/>\n\t<meta property=\"og:image:type\" content=\"image\/jpeg\" \/>\n<meta name=\"twitter:card\" content=\"summary_large_image\" \/>\n<meta name=\"twitter:label1\" content=\"Gesch\u00e4tzte Lesezeit\" \/>\n\t<meta name=\"twitter:data1\" content=\"1\u00a0Minute\" \/>\n<script type=\"application\/ld+json\" class=\"yoast-schema-graph\">{\"@context\":\"https:\/\/schema.org\",\"@graph\":[{\"@type\":\"WebPage\",\"@id\":\"https:\/\/www.arteartesania.com\/de\/producto\/handgefertigte-ohrringe-aus-pergament-fuenf-quadrate-shades-of-winter-handgefertigt-von-hilde-janich\/\",\"url\":\"https:\/\/www.arteartesania.com\/de\/producto\/handgefertigte-ohrringe-aus-pergament-fuenf-quadrate-shades-of-winter-handgefertigt-von-hilde-janich\/\",\"name\":\"HANDGEFERTIGTE OHRRINGE AUS PERGAMENT F\u00dcNF QUADRATE \\\"SHADES OF WINTER\u201c. HANDGEFERTIGT VON HILDE JANICH - Arteartesania\",\"isPartOf\":{\"@id\":\"https:\/\/www.arteartesania.com\/de\/#website\"},\"primaryImageOfPage\":{\"@id\":\"https:\/\/www.arteartesania.com\/de\/producto\/handgefertigte-ohrringe-aus-pergament-fuenf-quadrate-shades-of-winter-handgefertigt-von-hilde-janich\/#primaryimage\"},\"image\":{\"@id\":\"https:\/\/www.arteartesania.com\/de\/producto\/handgefertigte-ohrringe-aus-pergament-fuenf-quadrate-shades-of-winter-handgefertigt-von-hilde-janich\/#primaryimage\"},\"thumbnailUrl\":\"https:\/\/www.arteartesania.com\/wp-content\/uploads\/2023\/08\/1pend-4-cuerpos-azules-hilde-1.jpg\",\"datePublished\":\"2023-08-01T16:59:06+00:00\",\"dateModified\":\"2023-08-01T16:59:07+00:00\",\"description\":\"HANDGEFERTIGTE OHRRINGE AUS PERGAMENTF\u00dcNF QUADRATE \u201eSHADES OF WINTER\u201cMATERIALIEN: PERGAMENT MIT DETAILS AUS PERLENHANDGEFERTIGT VONHILDE JANICH\",\"breadcrumb\":{\"@id\":\"https:\/\/www.arteartesania.com\/de\/producto\/handgefertigte-ohrringe-aus-pergament-fuenf-quadrate-shades-of-winter-handgefertigt-von-hilde-janich\/#breadcrumb\"},\"inLanguage\":\"de\",\"potentialAction\":[{\"@type\":\"ReadAction\",\"target\":[\"https:\/\/www.arteartesania.com\/de\/producto\/handgefertigte-ohrringe-aus-pergament-fuenf-quadrate-shades-of-winter-handgefertigt-von-hilde-janich\/\"]}]},{\"@type\":\"ImageObject\",\"inLanguage\":\"de\",\"@id\":\"https:\/\/www.arteartesania.com\/de\/producto\/handgefertigte-ohrringe-aus-pergament-fuenf-quadrate-shades-of-winter-handgefertigt-von-hilde-janich\/#primaryimage\",\"url\":\"https:\/\/www.arteartesania.com\/wp-content\/uploads\/2023\/08\/1pend-4-cuerpos-azules-hilde-1.jpg\",\"contentUrl\":\"https:\/\/www.arteartesania.com\/wp-content\/uploads\/2023\/08\/1pend-4-cuerpos-azules-hilde-1.jpg\",\"width\":2051,\"height\":2051,\"caption\":\"pendientes 5 cuerpos azules de \u00f1ergamieno tienda soller arteartesania mallorca hilde janich hechos a mano largos\"},{\"@type\":\"BreadcrumbList\",\"@id\":\"https:\/\/www.arteartesania.com\/de\/producto\/handgefertigte-ohrringe-aus-pergament-fuenf-quadrate-shades-of-winter-handgefertigt-von-hilde-janich\/#breadcrumb\",\"itemListElement\":[{\"@type\":\"ListItem\",\"position\":1,\"name\":\"Portada\",\"item\":\"https:\/\/www.arteartesania.com\/de\/\"},{\"@type\":\"ListItem\",\"position\":2,\"name\":\"Shop online\",\"item\":\"https:\/\/www.arteartesania.com\/de\/online-bastelladen\/\"},{\"@type\":\"ListItem\",\"position\":3,\"name\":\"HANDGEFERTIGTE OHRRINGE AUS PERGAMENT F\u00dcNF QUADRATE \u00abSHADES OF WINTER\u201c. HANDGEFERTIGT VON HILDE JANICH\"}]},{\"@type\":\"WebSite\",\"@id\":\"https:\/\/www.arteartesania.com\/de\/#website\",\"url\":\"https:\/\/www.arteartesania.com\/de\/\",\"name\":\"Arteartesania\",\"description\":\"Original selecci\u00f3n de Artesan\u00eda Contempor\u00e1nea de Autor\",\"publisher\":{\"@id\":\"https:\/\/www.arteartesania.com\/de\/#organization\"},\"potentialAction\":[{\"@type\":\"SearchAction\",\"target\":{\"@type\":\"EntryPoint\",\"urlTemplate\":\"https:\/\/www.arteartesania.com\/de\/?s={search_term_string}\"},\"query-input\":{\"@type\":\"PropertyValueSpecification\",\"valueRequired\":true,\"valueName\":\"search_term_string\"}}],\"inLanguage\":\"de\"},{\"@type\":\"Organization\",\"@id\":\"https:\/\/www.arteartesania.com\/de\/#organization\",\"name\":\"Arteartesania\",\"url\":\"https:\/\/www.arteartesania.com\/de\/\",\"logo\":{\"@type\":\"ImageObject\",\"inLanguage\":\"de\",\"@id\":\"https:\/\/www.arteartesania.com\/de\/#\/schema\/logo\/image\/\",\"url\":\"https:\/\/www.arteartesania.com\/wp-content\/uploads\/2019\/12\/cropped-logofooter.png\",\"contentUrl\":\"https:\/\/www.arteartesania.com\/wp-content\/uploads\/2019\/12\/cropped-logofooter.png\",\"width\":539,\"height\":58,\"caption\":\"Arteartesania\"},\"image\":{\"@id\":\"https:\/\/www.arteartesania.com\/de\/#\/schema\/logo\/image\/\"}}]}<\/script>\n<!-- \/ Yoast SEO plugin. -->","yoast_head_json":{"title":"HANDGEFERTIGTE OHRRINGE AUS PERGAMENT F\u00dcNF QUADRATE \"SHADES OF WINTER\u201c. HANDGEFERTIGT VON HILDE JANICH - Arteartesania","description":"HANDGEFERTIGTE OHRRINGE AUS PERGAMENTF\u00dcNF QUADRATE \u201eSHADES OF WINTER\u201cMATERIALIEN: PERGAMENT MIT DETAILS AUS PERLENHANDGEFERTIGT VONHILDE JANICH","robots":{"index":"index","follow":"follow","max-snippet":"max-snippet:-1","max-image-preview":"max-image-preview:large","max-video-preview":"max-video-preview:-1"},"canonical":"https:\/\/www.arteartesania.com\/de\/producto\/handgefertigte-ohrringe-aus-pergament-fuenf-quadrate-shades-of-winter-handgefertigt-von-hilde-janich\/","og_locale":"de_DE","og_type":"article","og_title":"HANDGEFERTIGTE OHRRINGE AUS PERGAMENT F\u00dcNF QUADRATE \"SHADES OF WINTER\u201c. HANDGEFERTIGT VON HILDE JANICH - Arteartesania","og_description":"HANDGEFERTIGTE OHRRINGE AUS PERGAMENTF\u00dcNF QUADRATE \u201eSHADES OF WINTER\u201cMATERIALIEN: PERGAMENT MIT DETAILS AUS PERLENHANDGEFERTIGT VONHILDE JANICH","og_url":"https:\/\/www.arteartesania.com\/de\/producto\/handgefertigte-ohrringe-aus-pergament-fuenf-quadrate-shades-of-winter-handgefertigt-von-hilde-janich\/","og_site_name":"Arteartesania","article_modified_time":"2023-08-01T16:59:07+00:00","og_image":[{"width":2560,"height":2560,"url":"https:\/\/www.arteartesania.com\/wp-content\/uploads\/2023\/08\/IMG_8634-scaled.jpg","type":"image\/jpeg"}],"twitter_card":"summary_large_image","twitter_misc":{"Gesch\u00e4tzte Lesezeit":"1\u00a0Minute"},"schema":{"@context":"https:\/\/schema.org","@graph":[{"@type":"WebPage","@id":"https:\/\/www.arteartesania.com\/de\/producto\/handgefertigte-ohrringe-aus-pergament-fuenf-quadrate-shades-of-winter-handgefertigt-von-hilde-janich\/","url":"https:\/\/www.arteartesania.com\/de\/producto\/handgefertigte-ohrringe-aus-pergament-fuenf-quadrate-shades-of-winter-handgefertigt-von-hilde-janich\/","name":"HANDGEFERTIGTE OHRRINGE AUS PERGAMENT F\u00dcNF QUADRATE \"SHADES OF WINTER\u201c. HANDGEFERTIGT VON HILDE JANICH - Arteartesania","isPartOf":{"@id":"https:\/\/www.arteartesania.com\/de\/#website"},"primaryImageOfPage":{"@id":"https:\/\/www.arteartesania.com\/de\/producto\/handgefertigte-ohrringe-aus-pergament-fuenf-quadrate-shades-of-winter-handgefertigt-von-hilde-janich\/#primaryimage"},"image":{"@id":"https:\/\/www.arteartesania.com\/de\/producto\/handgefertigte-ohrringe-aus-pergament-fuenf-quadrate-shades-of-winter-handgefertigt-von-hilde-janich\/#primaryimage"},"thumbnailUrl":"https:\/\/www.arteartesania.com\/wp-content\/uploads\/2023\/08\/1pend-4-cuerpos-azules-hilde-1.jpg","datePublished":"2023-08-01T16:59:06+00:00","dateModified":"2023-08-01T16:59:07+00:00","description":"HANDGEFERTIGTE OHRRINGE AUS PERGAMENTF\u00dcNF QUADRATE \u201eSHADES OF WINTER\u201cMATERIALIEN: PERGAMENT MIT DETAILS AUS PERLENHANDGEFERTIGT VONHILDE JANICH","breadcrumb":{"@id":"https:\/\/www.arteartesania.com\/de\/producto\/handgefertigte-ohrringe-aus-pergament-fuenf-quadrate-shades-of-winter-handgefertigt-von-hilde-janich\/#breadcrumb"},"inLanguage":"de","potentialAction":[{"@type":"ReadAction","target":["https:\/\/www.arteartesania.com\/de\/producto\/handgefertigte-ohrringe-aus-pergament-fuenf-quadrate-shades-of-winter-handgefertigt-von-hilde-janich\/"]}]},{"@type":"ImageObject","inLanguage":"de","@id":"https:\/\/www.arteartesania.com\/de\/producto\/handgefertigte-ohrringe-aus-pergament-fuenf-quadrate-shades-of-winter-handgefertigt-von-hilde-janich\/#primaryimage","url":"https:\/\/www.arteartesania.com\/wp-content\/uploads\/2023\/08\/1pend-4-cuerpos-azules-hilde-1.jpg","contentUrl":"https:\/\/www.arteartesania.com\/wp-content\/uploads\/2023\/08\/1pend-4-cuerpos-azules-hilde-1.jpg","width":2051,"height":2051,"caption":"pendientes 5 cuerpos azules de \u00f1ergamieno tienda soller arteartesania mallorca hilde janich hechos a mano largos"},{"@type":"BreadcrumbList","@id":"https:\/\/www.arteartesania.com\/de\/producto\/handgefertigte-ohrringe-aus-pergament-fuenf-quadrate-shades-of-winter-handgefertigt-von-hilde-janich\/#breadcrumb","itemListElement":[{"@type":"ListItem","position":1,"name":"Portada","item":"https:\/\/www.arteartesania.com\/de\/"},{"@type":"ListItem","position":2,"name":"Shop online","item":"https:\/\/www.arteartesania.com\/de\/online-bastelladen\/"},{"@type":"ListItem","position":3,"name":"HANDGEFERTIGTE OHRRINGE AUS PERGAMENT F\u00dcNF QUADRATE \u00abSHADES OF WINTER\u201c. HANDGEFERTIGT VON HILDE JANICH"}]},{"@type":"WebSite","@id":"https:\/\/www.arteartesania.com\/de\/#website","url":"https:\/\/www.arteartesania.com\/de\/","name":"Arteartesania","description":"Original selecci\u00f3n de Artesan\u00eda Contempor\u00e1nea de Autor","publisher":{"@id":"https:\/\/www.arteartesania.com\/de\/#organization"},"potentialAction":[{"@type":"SearchAction","target":{"@type":"EntryPoint","urlTemplate":"https:\/\/www.arteartesania.com\/de\/?s={search_term_string}"},"query-input":{"@type":"PropertyValueSpecification","valueRequired":true,"valueName":"search_term_string"}}],"inLanguage":"de"},{"@type":"Organization","@id":"https:\/\/www.arteartesania.com\/de\/#organization","name":"Arteartesania","url":"https:\/\/www.arteartesania.com\/de\/","logo":{"@type":"ImageObject","inLanguage":"de","@id":"https:\/\/www.arteartesania.com\/de\/#\/schema\/logo\/image\/","url":"https:\/\/www.arteartesania.com\/wp-content\/uploads\/2019\/12\/cropped-logofooter.png","contentUrl":"https:\/\/www.arteartesania.com\/wp-content\/uploads\/2019\/12\/cropped-logofooter.png","width":539,"height":58,"caption":"Arteartesania"},"image":{"@id":"https:\/\/www.arteartesania.com\/de\/#\/schema\/logo\/image\/"}}]}},"_links":{"self":[{"href":"https:\/\/www.arteartesania.com\/de\/wp-json\/wp\/v2\/product\/15531"}],"collection":[{"href":"https:\/\/www.arteartesania.com\/de\/wp-json\/wp\/v2\/product"}],"about":[{"href":"https:\/\/www.arteartesania.com\/de\/wp-json\/wp\/v2\/types\/product"}],"replies":[{"embeddable":true,"href":"https:\/\/www.arteartesania.com\/de\/wp-json\/wp\/v2\/comments?post=15531"}],"wp:featuredmedia":[{"embeddable":true,"href":"https:\/\/www.arteartesania.com\/de\/wp-json\/wp\/v2\/media\/18950"}],"wp:attachment":[{"href":"https:\/\/www.arteartesania.com\/de\/wp-json\/wp\/v2\/media?parent=15531"}],"wp:term":[{"taxonomy":"product_cat","embeddable":true,"href":"https:\/\/www.arteartesania.com\/de\/wp-json\/wp\/v2\/product_cat?post=15531"},{"taxonomy":"product_tag","embeddable":true,"href":"https:\/\/www.arteartesania.com\/de\/wp-json\/wp\/v2\/product_tag?post=15531"}],"curies":[{"name":"wp","href":"https:\/\/api.w.org\/{rel}","templated":true}]}}