{"id":15069,"date":"2023-03-27T13:52:47","date_gmt":"2023-03-27T11:54:21","guid":{"rendered":"https:\/\/www.arteartesania.com\/?post_type=product&#038;p=15069"},"modified":"2023-03-27T13:54:23","modified_gmt":"2023-03-27T11:54:23","slug":"laengliche-schale-mit-4-beinen-patina-bronze-obstschale","status":"publish","type":"product","link":"https:\/\/www.arteartesania.com\/de\/producto\/laengliche-schale-mit-4-beinen-patina-bronze-obstschale\/","title":{"rendered":"L\u00c4NGLICHE SCHALE MIT 4 BEINEN PATINA-BRONZE-OBSTSCHALE"},"content":{"rendered":"<p>L\u00c4NGLICHE SCHALE MIT 4 BEINEN PATINA-BRONZE-OBSTSCHALE<\/p>\n<p>MASSNAHMEN: 12 X 45 X 15 cm<\/p>\n<p>MATERIALIEN: PATINA-BRONZE<\/p>\n<p>AUTOR: CARLOS TELLECHEA<\/p>\n<p>EINZIGARTIGES JAHR: 2023<\/p>\n","protected":false},"excerpt":{"rendered":"<p>L\u00c4NGLICHE SCHALE MIT 4 BEINEN PATINA-BRONZE-OBSTSCHALE<\/p>\n<p>MASSNAHMEN: 12 X 45 X 15 cm<\/p>\n<p>MATERIALIEN: PATINA-BRONZE<\/p>\n<p>AUTOR: CARLOS TELLECHEA<\/p>\n<p>EINZIGARTIGES JAHR: 2023<\/p>\n","protected":false},"featured_media":19185,"comment_status":"closed","ping_status":"closed","template":"","meta":{"_acf_changed":false,"inline_featured_image":false},"product_cat":[213,218,971,214,252,599],"product_tag":[350,486,778],"class_list":{"0":"post-15069","1":"product","2":"type-product","3":"status-publish","4":"has-post-thumbnail","6":"product_cat-art-de","7":"product_cat-carlos-tellechea-de","8":"product_cat-decoracion-escultorico-de","9":"product_cat-kuenstler","10":"product_cat-objekte","11":"product_cat-patina-de","12":"product_tag-carlostellechea-soller-mallorca-joyeria-arteartesania-de","13":"product_tag-objetos-de","14":"product_tag-handmade-de-2","15":"product_shipping_class-paquetes-grandes-pesados-de","17":"first","18":"instock","19":"sold-individually","20":"shipping-taxable","21":"purchasable","22":"product-type-simple"},"acf":[],"yoast_head":"<!-- This site is optimized with the Yoast SEO plugin v23.6 - https:\/\/yoast.com\/wordpress\/plugins\/seo\/ -->\n<title>L\u00c4NGLICHE SCHALE MIT 4 BEINEN PATINA-BRONZE-OBSTSCHALE - Arteartesania<\/title>\n<meta name=\"robots\" content=\"index, follow, max-snippet:-1, max-image-preview:large, max-video-preview:-1\" \/>\n<link rel=\"canonical\" href=\"https:\/\/www.arteartesania.com\/de\/producto\/laengliche-schale-mit-4-beinen-patina-bronze-obstschale\/\" \/>\n<meta property=\"og:locale\" content=\"de_DE\" \/>\n<meta property=\"og:type\" content=\"article\" \/>\n<meta property=\"og:title\" content=\"L\u00c4NGLICHE SCHALE MIT 4 BEINEN PATINA-BRONZE-OBSTSCHALE - Arteartesania\" \/>\n<meta property=\"og:description\" content=\"L\u00c4NGLICHE SCHALE MIT 4 BEINEN PATINA-BRONZE-OBSTSCHALE  MASSNAHMEN: 12 X 45 X 15 cm  MATERIALIEN: PATINA-BRONZE  AUTOR: CARLOS TELLECHEA  EINZIGARTIGES JAHR: 2023\" \/>\n<meta property=\"og:url\" content=\"https:\/\/www.arteartesania.com\/de\/producto\/laengliche-schale-mit-4-beinen-patina-bronze-obstschale\/\" \/>\n<meta property=\"og:site_name\" content=\"Arteartesania\" \/>\n<meta property=\"article:modified_time\" content=\"2023-03-27T11:54:23+00:00\" \/>\n<meta property=\"og:image\" content=\"https:\/\/www.arteartesania.com\/wp-content\/uploads\/2023\/03\/IMG_1912-scaled.jpeg\" \/>\n\t<meta property=\"og:image:width\" content=\"2560\" \/>\n\t<meta property=\"og:image:height\" content=\"2385\" \/>\n\t<meta property=\"og:image:type\" content=\"image\/jpeg\" \/>\n<meta name=\"twitter:card\" content=\"summary_large_image\" \/>\n<meta name=\"twitter:label1\" content=\"Gesch\u00e4tzte Lesezeit\" \/>\n\t<meta name=\"twitter:data1\" content=\"1\u00a0Minute\" \/>\n<script type=\"application\/ld+json\" class=\"yoast-schema-graph\">{\"@context\":\"https:\/\/schema.org\",\"@graph\":[{\"@type\":\"WebPage\",\"@id\":\"https:\/\/www.arteartesania.com\/de\/producto\/laengliche-schale-mit-4-beinen-patina-bronze-obstschale\/\",\"url\":\"https:\/\/www.arteartesania.com\/de\/producto\/laengliche-schale-mit-4-beinen-patina-bronze-obstschale\/\",\"name\":\"L\u00c4NGLICHE SCHALE MIT 4 BEINEN PATINA-BRONZE-OBSTSCHALE - Arteartesania\",\"isPartOf\":{\"@id\":\"https:\/\/www.arteartesania.com\/de\/#website\"},\"primaryImageOfPage\":{\"@id\":\"https:\/\/www.arteartesania.com\/de\/producto\/laengliche-schale-mit-4-beinen-patina-bronze-obstschale\/#primaryimage\"},\"image\":{\"@id\":\"https:\/\/www.arteartesania.com\/de\/producto\/laengliche-schale-mit-4-beinen-patina-bronze-obstschale\/#primaryimage\"},\"thumbnailUrl\":\"https:\/\/www.arteartesania.com\/wp-content\/uploads\/2023\/03\/CUENCOS-BRONCE-scaled.jpg\",\"datePublished\":\"2023-03-27T11:54:21+00:00\",\"dateModified\":\"2023-03-27T11:54:23+00:00\",\"breadcrumb\":{\"@id\":\"https:\/\/www.arteartesania.com\/de\/producto\/laengliche-schale-mit-4-beinen-patina-bronze-obstschale\/#breadcrumb\"},\"inLanguage\":\"de\",\"potentialAction\":[{\"@type\":\"ReadAction\",\"target\":[\"https:\/\/www.arteartesania.com\/de\/producto\/laengliche-schale-mit-4-beinen-patina-bronze-obstschale\/\"]}]},{\"@type\":\"ImageObject\",\"inLanguage\":\"de\",\"@id\":\"https:\/\/www.arteartesania.com\/de\/producto\/laengliche-schale-mit-4-beinen-patina-bronze-obstschale\/#primaryimage\",\"url\":\"https:\/\/www.arteartesania.com\/wp-content\/uploads\/2023\/03\/CUENCOS-BRONCE-scaled.jpg\",\"contentUrl\":\"https:\/\/www.arteartesania.com\/wp-content\/uploads\/2023\/03\/CUENCOS-BRONCE-scaled.jpg\",\"width\":2560,\"height\":1909,\"caption\":\"CUENCOS ALARGADOS BRONCE 4 PATAS CARLOS TELLECHEA ARTE ARTESANIA\"},{\"@type\":\"BreadcrumbList\",\"@id\":\"https:\/\/www.arteartesania.com\/de\/producto\/laengliche-schale-mit-4-beinen-patina-bronze-obstschale\/#breadcrumb\",\"itemListElement\":[{\"@type\":\"ListItem\",\"position\":1,\"name\":\"Portada\",\"item\":\"https:\/\/www.arteartesania.com\/de\/\"},{\"@type\":\"ListItem\",\"position\":2,\"name\":\"Shop online\",\"item\":\"https:\/\/www.arteartesania.com\/de\/online-bastelladen\/\"},{\"@type\":\"ListItem\",\"position\":3,\"name\":\"L\u00c4NGLICHE SCHALE MIT 4 BEINEN PATINA-BRONZE-OBSTSCHALE\"}]},{\"@type\":\"WebSite\",\"@id\":\"https:\/\/www.arteartesania.com\/de\/#website\",\"url\":\"https:\/\/www.arteartesania.com\/de\/\",\"name\":\"Arteartesania\",\"description\":\"Original selecci\u00f3n de Artesan\u00eda Contempor\u00e1nea de Autor\",\"publisher\":{\"@id\":\"https:\/\/www.arteartesania.com\/de\/#organization\"},\"potentialAction\":[{\"@type\":\"SearchAction\",\"target\":{\"@type\":\"EntryPoint\",\"urlTemplate\":\"https:\/\/www.arteartesania.com\/de\/?s={search_term_string}\"},\"query-input\":{\"@type\":\"PropertyValueSpecification\",\"valueRequired\":true,\"valueName\":\"search_term_string\"}}],\"inLanguage\":\"de\"},{\"@type\":\"Organization\",\"@id\":\"https:\/\/www.arteartesania.com\/de\/#organization\",\"name\":\"Arteartesania\",\"url\":\"https:\/\/www.arteartesania.com\/de\/\",\"logo\":{\"@type\":\"ImageObject\",\"inLanguage\":\"de\",\"@id\":\"https:\/\/www.arteartesania.com\/de\/#\/schema\/logo\/image\/\",\"url\":\"https:\/\/www.arteartesania.com\/wp-content\/uploads\/2019\/12\/cropped-logofooter.png\",\"contentUrl\":\"https:\/\/www.arteartesania.com\/wp-content\/uploads\/2019\/12\/cropped-logofooter.png\",\"width\":539,\"height\":58,\"caption\":\"Arteartesania\"},\"image\":{\"@id\":\"https:\/\/www.arteartesania.com\/de\/#\/schema\/logo\/image\/\"}}]}<\/script>\n<!-- \/ Yoast SEO plugin. -->","yoast_head_json":{"title":"L\u00c4NGLICHE SCHALE MIT 4 BEINEN PATINA-BRONZE-OBSTSCHALE - Arteartesania","robots":{"index":"index","follow":"follow","max-snippet":"max-snippet:-1","max-image-preview":"max-image-preview:large","max-video-preview":"max-video-preview:-1"},"canonical":"https:\/\/www.arteartesania.com\/de\/producto\/laengliche-schale-mit-4-beinen-patina-bronze-obstschale\/","og_locale":"de_DE","og_type":"article","og_title":"L\u00c4NGLICHE SCHALE MIT 4 BEINEN PATINA-BRONZE-OBSTSCHALE - Arteartesania","og_description":"L\u00c4NGLICHE SCHALE MIT 4 BEINEN PATINA-BRONZE-OBSTSCHALE  MASSNAHMEN: 12 X 45 X 15 cm  MATERIALIEN: PATINA-BRONZE  AUTOR: CARLOS TELLECHEA  EINZIGARTIGES JAHR: 2023","og_url":"https:\/\/www.arteartesania.com\/de\/producto\/laengliche-schale-mit-4-beinen-patina-bronze-obstschale\/","og_site_name":"Arteartesania","article_modified_time":"2023-03-27T11:54:23+00:00","og_image":[{"width":2560,"height":2385,"url":"https:\/\/www.arteartesania.com\/wp-content\/uploads\/2023\/03\/IMG_1912-scaled.jpeg","type":"image\/jpeg"}],"twitter_card":"summary_large_image","twitter_misc":{"Gesch\u00e4tzte Lesezeit":"1\u00a0Minute"},"schema":{"@context":"https:\/\/schema.org","@graph":[{"@type":"WebPage","@id":"https:\/\/www.arteartesania.com\/de\/producto\/laengliche-schale-mit-4-beinen-patina-bronze-obstschale\/","url":"https:\/\/www.arteartesania.com\/de\/producto\/laengliche-schale-mit-4-beinen-patina-bronze-obstschale\/","name":"L\u00c4NGLICHE SCHALE MIT 4 BEINEN PATINA-BRONZE-OBSTSCHALE - Arteartesania","isPartOf":{"@id":"https:\/\/www.arteartesania.com\/de\/#website"},"primaryImageOfPage":{"@id":"https:\/\/www.arteartesania.com\/de\/producto\/laengliche-schale-mit-4-beinen-patina-bronze-obstschale\/#primaryimage"},"image":{"@id":"https:\/\/www.arteartesania.com\/de\/producto\/laengliche-schale-mit-4-beinen-patina-bronze-obstschale\/#primaryimage"},"thumbnailUrl":"https:\/\/www.arteartesania.com\/wp-content\/uploads\/2023\/03\/CUENCOS-BRONCE-scaled.jpg","datePublished":"2023-03-27T11:54:21+00:00","dateModified":"2023-03-27T11:54:23+00:00","breadcrumb":{"@id":"https:\/\/www.arteartesania.com\/de\/producto\/laengliche-schale-mit-4-beinen-patina-bronze-obstschale\/#breadcrumb"},"inLanguage":"de","potentialAction":[{"@type":"ReadAction","target":["https:\/\/www.arteartesania.com\/de\/producto\/laengliche-schale-mit-4-beinen-patina-bronze-obstschale\/"]}]},{"@type":"ImageObject","inLanguage":"de","@id":"https:\/\/www.arteartesania.com\/de\/producto\/laengliche-schale-mit-4-beinen-patina-bronze-obstschale\/#primaryimage","url":"https:\/\/www.arteartesania.com\/wp-content\/uploads\/2023\/03\/CUENCOS-BRONCE-scaled.jpg","contentUrl":"https:\/\/www.arteartesania.com\/wp-content\/uploads\/2023\/03\/CUENCOS-BRONCE-scaled.jpg","width":2560,"height":1909,"caption":"CUENCOS ALARGADOS BRONCE 4 PATAS CARLOS TELLECHEA ARTE ARTESANIA"},{"@type":"BreadcrumbList","@id":"https:\/\/www.arteartesania.com\/de\/producto\/laengliche-schale-mit-4-beinen-patina-bronze-obstschale\/#breadcrumb","itemListElement":[{"@type":"ListItem","position":1,"name":"Portada","item":"https:\/\/www.arteartesania.com\/de\/"},{"@type":"ListItem","position":2,"name":"Shop online","item":"https:\/\/www.arteartesania.com\/de\/online-bastelladen\/"},{"@type":"ListItem","position":3,"name":"L\u00c4NGLICHE SCHALE MIT 4 BEINEN PATINA-BRONZE-OBSTSCHALE"}]},{"@type":"WebSite","@id":"https:\/\/www.arteartesania.com\/de\/#website","url":"https:\/\/www.arteartesania.com\/de\/","name":"Arteartesania","description":"Original selecci\u00f3n de Artesan\u00eda Contempor\u00e1nea de Autor","publisher":{"@id":"https:\/\/www.arteartesania.com\/de\/#organization"},"potentialAction":[{"@type":"SearchAction","target":{"@type":"EntryPoint","urlTemplate":"https:\/\/www.arteartesania.com\/de\/?s={search_term_string}"},"query-input":{"@type":"PropertyValueSpecification","valueRequired":true,"valueName":"search_term_string"}}],"inLanguage":"de"},{"@type":"Organization","@id":"https:\/\/www.arteartesania.com\/de\/#organization","name":"Arteartesania","url":"https:\/\/www.arteartesania.com\/de\/","logo":{"@type":"ImageObject","inLanguage":"de","@id":"https:\/\/www.arteartesania.com\/de\/#\/schema\/logo\/image\/","url":"https:\/\/www.arteartesania.com\/wp-content\/uploads\/2019\/12\/cropped-logofooter.png","contentUrl":"https:\/\/www.arteartesania.com\/wp-content\/uploads\/2019\/12\/cropped-logofooter.png","width":539,"height":58,"caption":"Arteartesania"},"image":{"@id":"https:\/\/www.arteartesania.com\/de\/#\/schema\/logo\/image\/"}}]}},"_links":{"self":[{"href":"https:\/\/www.arteartesania.com\/de\/wp-json\/wp\/v2\/product\/15069"}],"collection":[{"href":"https:\/\/www.arteartesania.com\/de\/wp-json\/wp\/v2\/product"}],"about":[{"href":"https:\/\/www.arteartesania.com\/de\/wp-json\/wp\/v2\/types\/product"}],"replies":[{"embeddable":true,"href":"https:\/\/www.arteartesania.com\/de\/wp-json\/wp\/v2\/comments?post=15069"}],"wp:featuredmedia":[{"embeddable":true,"href":"https:\/\/www.arteartesania.com\/de\/wp-json\/wp\/v2\/media\/19185"}],"wp:attachment":[{"href":"https:\/\/www.arteartesania.com\/de\/wp-json\/wp\/v2\/media?parent=15069"}],"wp:term":[{"taxonomy":"product_cat","embeddable":true,"href":"https:\/\/www.arteartesania.com\/de\/wp-json\/wp\/v2\/product_cat?post=15069"},{"taxonomy":"product_tag","embeddable":true,"href":"https:\/\/www.arteartesania.com\/de\/wp-json\/wp\/v2\/product_tag?post=15069"}],"curies":[{"name":"wp","href":"https:\/\/api.w.org\/{rel}","templated":true}]}}