{"id":15010,"date":"2023-03-11T13:10:18","date_gmt":"2023-03-11T13:10:27","guid":{"rendered":"https:\/\/www.arteartesania.com\/?post_type=product&#038;p=15010"},"modified":"2023-03-11T14:10:41","modified_gmt":"2023-03-11T13:10:41","slug":"halskette-3-roemische-muenzen-caligula-silber-bernstein-jaspis-perlen-granat","status":"publish","type":"product","link":"https:\/\/www.arteartesania.com\/de\/producto\/halskette-3-roemische-muenzen-caligula-silber-bernstein-jaspis-perlen-granat\/","title":{"rendered":"HALSKETTE 3 R\u00d6MISCHE M\u00dcNZEN (Caligula) SILBER BERNSTEIN JASPIS PERLEN GRANAT"},"content":{"rendered":"<p>HALSKETTE 3 R\u00d6MISCHE M\u00dcNZEN (Caligula) SILBER BERNSTEIN JASPIS PERLEN GRANAT<\/p>\n<p>MATERIALIEN: R\u00d6MISCHE SILBERM\u00dcNZEN BERNSTEIN JASPIS PERLEN GRANAT<\/p>\n<p>AUTOR: CARLOS TELLECHEA<\/p>\n<p>JAHR: 2023<\/p>\n<p>ZENTRALE M\u00dcNZE \u2013 Caligula. (Wert ca. 100\/120 \u20ac)<\/p>\n<p>Gaius Julius Caesar Augustus Germanicus1 (lateinisch: Gaius Iulius Caesar Augustus Germanicus; Anzio, 31. August 12-Rom, 24. Januar 41), besser bekannt als Caligula, war der dritte r\u00f6mische Kaiser und regierte vom Jahr 37 bis zum Jahr 41.<\/p>\n<p>SEITE M\u00dcNZEN<\/p>\n<p>Marcus Aurelius Claudius (lat. Marcus Aurelius Claudius; 10. Mai 213 oder 214-270), besser bekannt in der r\u00f6mischen Geschichtsschreibung als Claudius II. der Gotische, war ein r\u00f6mischer Kaiser, der von 268 bis 270 regierte.<\/p>\n","protected":false},"excerpt":{"rendered":"<p>HALSKETTE 3 R\u00d6MISCHE M\u00dcNZEN (Caligula) SILBER BERNSTEIN JASPIS PERLEN GRANAT<\/p>\n<p>MATERIALIEN: R\u00d6MISCHE SILBERM\u00dcNZEN BERNSTEIN JASPIS PERLEN GRANAT<\/p>\n<p>AUTOR: CARLOS TELLECHEA<\/p>\n<p>JAHR: 2023<\/p>\n<p>ZENTRALE M\u00dcNZE \u2013 Caligula. (Wert ca. 100\/120 \u20ac)<\/p>\n<p>Gaius Julius Caesar Augustus Germanicus1 (lateinisch: Gaius Iulius Caesar Augustus Germanicus; Anzio, 31. August 12-Rom, 24. Januar 41), besser bekannt als Caligula, war der dritte r\u00f6mische Kaiser und regierte vom Jahr 37 bis zum Jahr 41.<\/p>\n<p>SEITE M\u00dcNZEN<\/p>\n<p>Marcus Aurelius Claudius (lat. Marcus Aurelius Claudius; 10. Mai 213 oder 214-270), besser bekannt in der r\u00f6mischen Geschichtsschreibung als Claudius II. der Gotische, war ein r\u00f6mischer Kaiser, der von 268 bis 270 regierte.<\/p>\n","protected":false},"featured_media":17181,"comment_status":"closed","ping_status":"closed","template":"","meta":{"_acf_changed":false,"inline_featured_image":false},"product_cat":[218,248,214,243],"product_tag":[455,350],"class_list":{"0":"post-15010","1":"product","2":"type-product","3":"status-publish","4":"has-post-thumbnail","6":"product_cat-carlos-tellechea-de","7":"product_cat-halsketten","8":"product_cat-kuenstler","9":"product_cat-schmuck","10":"product_tag-arteartesania-2-de","11":"product_tag-carlostellechea-soller-mallorca-joyeria-arteartesania-de","13":"first","14":"instock","15":"shipping-taxable","16":"purchasable","17":"product-type-simple"},"acf":[],"yoast_head":"<!-- This site is optimized with the Yoast SEO plugin v23.6 - https:\/\/yoast.com\/wordpress\/plugins\/seo\/ -->\n<title>HALSKETTE 3 R\u00d6MISCHE M\u00dcNZEN (Caligula) SILBER BERNSTEIN JASPIS PERLEN GRANAT - Arteartesania<\/title>\n<meta name=\"robots\" content=\"index, follow, max-snippet:-1, max-image-preview:large, max-video-preview:-1\" \/>\n<link rel=\"canonical\" href=\"https:\/\/www.arteartesania.com\/de\/producto\/halskette-3-roemische-muenzen-caligula-silber-bernstein-jaspis-perlen-granat\/\" \/>\n<meta property=\"og:locale\" content=\"de_DE\" \/>\n<meta property=\"og:type\" content=\"article\" \/>\n<meta property=\"og:title\" content=\"HALSKETTE 3 R\u00d6MISCHE M\u00dcNZEN (Caligula) SILBER BERNSTEIN JASPIS PERLEN GRANAT - Arteartesania\" \/>\n<meta property=\"og:description\" content=\"HALSKETTE 3 R\u00d6MISCHE M\u00dcNZEN (Caligula) SILBER BERNSTEIN JASPIS PERLEN GRANAT  MATERIALIEN: R\u00d6MISCHE SILBERM\u00dcNZEN BERNSTEIN JASPIS PERLEN GRANAT  AUTOR: CARLOS TELLECHEA  JAHR: 2023  ZENTRALE M\u00dcNZE \u2013 Caligula. (Wert ca. 100\/120 \u20ac)  Gaius Julius Caesar Augustus Germanicus1 (lateinisch: Gaius Iulius Caesar Augustus Germanicus; Anzio, 31. August 12-Rom, 24. Januar 41), besser bekannt als Caligula, war der dritte r\u00f6mische Kaiser und regierte vom Jahr 37 bis zum Jahr 41.  SEITE M\u00dcNZEN  Marcus Aurelius Claudius (lat. Marcus Aurelius Claudius; 10. Mai 213 oder 214-270), besser bekannt in der r\u00f6mischen Geschichtsschreibung als Claudius II. der Gotische, war ein r\u00f6mischer Kaiser, der von 268 bis 270 regierte.\" \/>\n<meta property=\"og:url\" content=\"https:\/\/www.arteartesania.com\/de\/producto\/halskette-3-roemische-muenzen-caligula-silber-bernstein-jaspis-perlen-granat\/\" \/>\n<meta property=\"og:site_name\" content=\"Arteartesania\" \/>\n<meta property=\"article:modified_time\" content=\"2023-03-11T13:10:41+00:00\" \/>\n<meta property=\"og:image\" content=\"https:\/\/www.arteartesania.com\/wp-content\/uploads\/2023\/03\/IMG_3361-scaled-e1733137148890.jpg\" \/>\n\t<meta property=\"og:image:width\" content=\"1920\" \/>\n\t<meta property=\"og:image:height\" content=\"2560\" \/>\n\t<meta property=\"og:image:type\" content=\"image\/jpeg\" \/>\n<meta name=\"twitter:card\" content=\"summary_large_image\" \/>\n<meta name=\"twitter:label1\" content=\"Gesch\u00e4tzte Lesezeit\" \/>\n\t<meta name=\"twitter:data1\" content=\"1\u00a0Minute\" \/>\n<script type=\"application\/ld+json\" class=\"yoast-schema-graph\">{\"@context\":\"https:\/\/schema.org\",\"@graph\":[{\"@type\":\"WebPage\",\"@id\":\"https:\/\/www.arteartesania.com\/de\/producto\/halskette-3-roemische-muenzen-caligula-silber-bernstein-jaspis-perlen-granat\/\",\"url\":\"https:\/\/www.arteartesania.com\/de\/producto\/halskette-3-roemische-muenzen-caligula-silber-bernstein-jaspis-perlen-granat\/\",\"name\":\"HALSKETTE 3 R\u00d6MISCHE M\u00dcNZEN (Caligula) SILBER BERNSTEIN JASPIS PERLEN GRANAT - Arteartesania\",\"isPartOf\":{\"@id\":\"https:\/\/www.arteartesania.com\/de\/#website\"},\"primaryImageOfPage\":{\"@id\":\"https:\/\/www.arteartesania.com\/de\/producto\/halskette-3-roemische-muenzen-caligula-silber-bernstein-jaspis-perlen-granat\/#primaryimage\"},\"image\":{\"@id\":\"https:\/\/www.arteartesania.com\/de\/producto\/halskette-3-roemische-muenzen-caligula-silber-bernstein-jaspis-perlen-granat\/#primaryimage\"},\"thumbnailUrl\":\"https:\/\/www.arteartesania.com\/wp-content\/uploads\/2023\/03\/IMG_3361-scaled-e1733137148890.jpg\",\"datePublished\":\"2023-03-11T13:10:27+00:00\",\"dateModified\":\"2023-03-11T13:10:41+00:00\",\"breadcrumb\":{\"@id\":\"https:\/\/www.arteartesania.com\/de\/producto\/halskette-3-roemische-muenzen-caligula-silber-bernstein-jaspis-perlen-granat\/#breadcrumb\"},\"inLanguage\":\"de\",\"potentialAction\":[{\"@type\":\"ReadAction\",\"target\":[\"https:\/\/www.arteartesania.com\/de\/producto\/halskette-3-roemische-muenzen-caligula-silber-bernstein-jaspis-perlen-granat\/\"]}]},{\"@type\":\"ImageObject\",\"inLanguage\":\"de\",\"@id\":\"https:\/\/www.arteartesania.com\/de\/producto\/halskette-3-roemische-muenzen-caligula-silber-bernstein-jaspis-perlen-granat\/#primaryimage\",\"url\":\"https:\/\/www.arteartesania.com\/wp-content\/uploads\/2023\/03\/IMG_3361-scaled-e1733137148890.jpg\",\"contentUrl\":\"https:\/\/www.arteartesania.com\/wp-content\/uploads\/2023\/03\/IMG_3361-scaled-e1733137148890.jpg\",\"width\":1920,\"height\":2560},{\"@type\":\"BreadcrumbList\",\"@id\":\"https:\/\/www.arteartesania.com\/de\/producto\/halskette-3-roemische-muenzen-caligula-silber-bernstein-jaspis-perlen-granat\/#breadcrumb\",\"itemListElement\":[{\"@type\":\"ListItem\",\"position\":1,\"name\":\"Portada\",\"item\":\"https:\/\/www.arteartesania.com\/de\/\"},{\"@type\":\"ListItem\",\"position\":2,\"name\":\"Shop online\",\"item\":\"https:\/\/www.arteartesania.com\/de\/online-bastelladen\/\"},{\"@type\":\"ListItem\",\"position\":3,\"name\":\"HALSKETTE 3 R\u00d6MISCHE M\u00dcNZEN (Caligula) SILBER BERNSTEIN JASPIS PERLEN GRANAT\"}]},{\"@type\":\"WebSite\",\"@id\":\"https:\/\/www.arteartesania.com\/de\/#website\",\"url\":\"https:\/\/www.arteartesania.com\/de\/\",\"name\":\"Arteartesania\",\"description\":\"Original selecci\u00f3n de Artesan\u00eda Contempor\u00e1nea de Autor\",\"publisher\":{\"@id\":\"https:\/\/www.arteartesania.com\/de\/#organization\"},\"potentialAction\":[{\"@type\":\"SearchAction\",\"target\":{\"@type\":\"EntryPoint\",\"urlTemplate\":\"https:\/\/www.arteartesania.com\/de\/?s={search_term_string}\"},\"query-input\":{\"@type\":\"PropertyValueSpecification\",\"valueRequired\":true,\"valueName\":\"search_term_string\"}}],\"inLanguage\":\"de\"},{\"@type\":\"Organization\",\"@id\":\"https:\/\/www.arteartesania.com\/de\/#organization\",\"name\":\"Arteartesania\",\"url\":\"https:\/\/www.arteartesania.com\/de\/\",\"logo\":{\"@type\":\"ImageObject\",\"inLanguage\":\"de\",\"@id\":\"https:\/\/www.arteartesania.com\/de\/#\/schema\/logo\/image\/\",\"url\":\"https:\/\/www.arteartesania.com\/wp-content\/uploads\/2019\/12\/cropped-logofooter.png\",\"contentUrl\":\"https:\/\/www.arteartesania.com\/wp-content\/uploads\/2019\/12\/cropped-logofooter.png\",\"width\":539,\"height\":58,\"caption\":\"Arteartesania\"},\"image\":{\"@id\":\"https:\/\/www.arteartesania.com\/de\/#\/schema\/logo\/image\/\"}}]}<\/script>\n<!-- \/ Yoast SEO plugin. -->","yoast_head_json":{"title":"HALSKETTE 3 R\u00d6MISCHE M\u00dcNZEN (Caligula) SILBER BERNSTEIN JASPIS PERLEN GRANAT - Arteartesania","robots":{"index":"index","follow":"follow","max-snippet":"max-snippet:-1","max-image-preview":"max-image-preview:large","max-video-preview":"max-video-preview:-1"},"canonical":"https:\/\/www.arteartesania.com\/de\/producto\/halskette-3-roemische-muenzen-caligula-silber-bernstein-jaspis-perlen-granat\/","og_locale":"de_DE","og_type":"article","og_title":"HALSKETTE 3 R\u00d6MISCHE M\u00dcNZEN (Caligula) SILBER BERNSTEIN JASPIS PERLEN GRANAT - Arteartesania","og_description":"HALSKETTE 3 R\u00d6MISCHE M\u00dcNZEN (Caligula) SILBER BERNSTEIN JASPIS PERLEN GRANAT  MATERIALIEN: R\u00d6MISCHE SILBERM\u00dcNZEN BERNSTEIN JASPIS PERLEN GRANAT  AUTOR: CARLOS TELLECHEA  JAHR: 2023  ZENTRALE M\u00dcNZE \u2013 Caligula. (Wert ca. 100\/120 \u20ac)  Gaius Julius Caesar Augustus Germanicus1 (lateinisch: Gaius Iulius Caesar Augustus Germanicus; Anzio, 31. August 12-Rom, 24. Januar 41), besser bekannt als Caligula, war der dritte r\u00f6mische Kaiser und regierte vom Jahr 37 bis zum Jahr 41.  SEITE M\u00dcNZEN  Marcus Aurelius Claudius (lat. Marcus Aurelius Claudius; 10. Mai 213 oder 214-270), besser bekannt in der r\u00f6mischen Geschichtsschreibung als Claudius II. der Gotische, war ein r\u00f6mischer Kaiser, der von 268 bis 270 regierte.","og_url":"https:\/\/www.arteartesania.com\/de\/producto\/halskette-3-roemische-muenzen-caligula-silber-bernstein-jaspis-perlen-granat\/","og_site_name":"Arteartesania","article_modified_time":"2023-03-11T13:10:41+00:00","og_image":[{"width":1920,"height":2560,"url":"https:\/\/www.arteartesania.com\/wp-content\/uploads\/2023\/03\/IMG_3361-scaled-e1733137148890.jpg","type":"image\/jpeg"}],"twitter_card":"summary_large_image","twitter_misc":{"Gesch\u00e4tzte Lesezeit":"1\u00a0Minute"},"schema":{"@context":"https:\/\/schema.org","@graph":[{"@type":"WebPage","@id":"https:\/\/www.arteartesania.com\/de\/producto\/halskette-3-roemische-muenzen-caligula-silber-bernstein-jaspis-perlen-granat\/","url":"https:\/\/www.arteartesania.com\/de\/producto\/halskette-3-roemische-muenzen-caligula-silber-bernstein-jaspis-perlen-granat\/","name":"HALSKETTE 3 R\u00d6MISCHE M\u00dcNZEN (Caligula) SILBER BERNSTEIN JASPIS PERLEN GRANAT - Arteartesania","isPartOf":{"@id":"https:\/\/www.arteartesania.com\/de\/#website"},"primaryImageOfPage":{"@id":"https:\/\/www.arteartesania.com\/de\/producto\/halskette-3-roemische-muenzen-caligula-silber-bernstein-jaspis-perlen-granat\/#primaryimage"},"image":{"@id":"https:\/\/www.arteartesania.com\/de\/producto\/halskette-3-roemische-muenzen-caligula-silber-bernstein-jaspis-perlen-granat\/#primaryimage"},"thumbnailUrl":"https:\/\/www.arteartesania.com\/wp-content\/uploads\/2023\/03\/IMG_3361-scaled-e1733137148890.jpg","datePublished":"2023-03-11T13:10:27+00:00","dateModified":"2023-03-11T13:10:41+00:00","breadcrumb":{"@id":"https:\/\/www.arteartesania.com\/de\/producto\/halskette-3-roemische-muenzen-caligula-silber-bernstein-jaspis-perlen-granat\/#breadcrumb"},"inLanguage":"de","potentialAction":[{"@type":"ReadAction","target":["https:\/\/www.arteartesania.com\/de\/producto\/halskette-3-roemische-muenzen-caligula-silber-bernstein-jaspis-perlen-granat\/"]}]},{"@type":"ImageObject","inLanguage":"de","@id":"https:\/\/www.arteartesania.com\/de\/producto\/halskette-3-roemische-muenzen-caligula-silber-bernstein-jaspis-perlen-granat\/#primaryimage","url":"https:\/\/www.arteartesania.com\/wp-content\/uploads\/2023\/03\/IMG_3361-scaled-e1733137148890.jpg","contentUrl":"https:\/\/www.arteartesania.com\/wp-content\/uploads\/2023\/03\/IMG_3361-scaled-e1733137148890.jpg","width":1920,"height":2560},{"@type":"BreadcrumbList","@id":"https:\/\/www.arteartesania.com\/de\/producto\/halskette-3-roemische-muenzen-caligula-silber-bernstein-jaspis-perlen-granat\/#breadcrumb","itemListElement":[{"@type":"ListItem","position":1,"name":"Portada","item":"https:\/\/www.arteartesania.com\/de\/"},{"@type":"ListItem","position":2,"name":"Shop online","item":"https:\/\/www.arteartesania.com\/de\/online-bastelladen\/"},{"@type":"ListItem","position":3,"name":"HALSKETTE 3 R\u00d6MISCHE M\u00dcNZEN (Caligula) SILBER BERNSTEIN JASPIS PERLEN GRANAT"}]},{"@type":"WebSite","@id":"https:\/\/www.arteartesania.com\/de\/#website","url":"https:\/\/www.arteartesania.com\/de\/","name":"Arteartesania","description":"Original selecci\u00f3n de Artesan\u00eda Contempor\u00e1nea de Autor","publisher":{"@id":"https:\/\/www.arteartesania.com\/de\/#organization"},"potentialAction":[{"@type":"SearchAction","target":{"@type":"EntryPoint","urlTemplate":"https:\/\/www.arteartesania.com\/de\/?s={search_term_string}"},"query-input":{"@type":"PropertyValueSpecification","valueRequired":true,"valueName":"search_term_string"}}],"inLanguage":"de"},{"@type":"Organization","@id":"https:\/\/www.arteartesania.com\/de\/#organization","name":"Arteartesania","url":"https:\/\/www.arteartesania.com\/de\/","logo":{"@type":"ImageObject","inLanguage":"de","@id":"https:\/\/www.arteartesania.com\/de\/#\/schema\/logo\/image\/","url":"https:\/\/www.arteartesania.com\/wp-content\/uploads\/2019\/12\/cropped-logofooter.png","contentUrl":"https:\/\/www.arteartesania.com\/wp-content\/uploads\/2019\/12\/cropped-logofooter.png","width":539,"height":58,"caption":"Arteartesania"},"image":{"@id":"https:\/\/www.arteartesania.com\/de\/#\/schema\/logo\/image\/"}}]}},"_links":{"self":[{"href":"https:\/\/www.arteartesania.com\/de\/wp-json\/wp\/v2\/product\/15010"}],"collection":[{"href":"https:\/\/www.arteartesania.com\/de\/wp-json\/wp\/v2\/product"}],"about":[{"href":"https:\/\/www.arteartesania.com\/de\/wp-json\/wp\/v2\/types\/product"}],"replies":[{"embeddable":true,"href":"https:\/\/www.arteartesania.com\/de\/wp-json\/wp\/v2\/comments?post=15010"}],"wp:featuredmedia":[{"embeddable":true,"href":"https:\/\/www.arteartesania.com\/de\/wp-json\/wp\/v2\/media\/17181"}],"wp:attachment":[{"href":"https:\/\/www.arteartesania.com\/de\/wp-json\/wp\/v2\/media?parent=15010"}],"wp:term":[{"taxonomy":"product_cat","embeddable":true,"href":"https:\/\/www.arteartesania.com\/de\/wp-json\/wp\/v2\/product_cat?post=15010"},{"taxonomy":"product_tag","embeddable":true,"href":"https:\/\/www.arteartesania.com\/de\/wp-json\/wp\/v2\/product_tag?post=15010"}],"curies":[{"name":"wp","href":"https:\/\/api.w.org\/{rel}","templated":true}]}}