{"id":14930,"date":"2022-11-25T14:03:53","date_gmt":"2022-11-25T13:08:37","guid":{"rendered":"https:\/\/www.arteartesania.com\/?post_type=product&#038;p=14930"},"modified":"2022-11-25T14:08:38","modified_gmt":"2022-11-25T13:08:38","slug":"kreisbrosche-aus-gehaemmertem-silber","status":"publish","type":"product","link":"https:\/\/www.arteartesania.com\/de\/producto\/kreisbrosche-aus-gehaemmertem-silber\/","title":{"rendered":"Kreisbrosche aus geh\u00e4mmertem Silber"},"content":{"rendered":"<p>Kreisbrosche aus geh\u00e4mmertem Silber<\/p>\n<p>Material: 925er Silber<\/p>\n<p>Autor: Carlos Tellechea<\/p>\n<p>Die Brosche hat einen Sicherheitsverschluss, der sich \u00f6ffnet, indem man die Spitze nach unten dreht (im Uhrzeigersinn), dann m\u00fcssen Sie die Spitze ausstrecken, bis sie ein wenig aus dem Verschluss kommt, danach k\u00f6nnen Sie die Nadel loslassen. Um es zu schlie\u00dfen, werden die gleichen Bewegungen in die entgegengesetzte Richtung verwendet.<\/p>\n","protected":false},"excerpt":{"rendered":"<p>Kreisbrosche aus geh\u00e4mmertem Silber<\/p>\n<p>Material: 925er Silber<\/p>\n<p>Autor: Carlos Tellechea<\/p>\n","protected":false},"featured_media":14921,"comment_status":"closed","ping_status":"closed","template":"","meta":{"_acf_changed":false,"inline_featured_image":false},"product_cat":[247,218,214,243],"product_tag":[],"class_list":{"0":"post-14930","1":"product","2":"type-product","3":"status-publish","4":"has-post-thumbnail","6":"product_cat-broschen","7":"product_cat-carlos-tellechea-de","8":"product_cat-kuenstler","9":"product_cat-schmuck","11":"first","12":"instock","13":"shipping-taxable","14":"purchasable","15":"product-type-variable"},"acf":[],"yoast_head":"<!-- This site is optimized with the Yoast SEO plugin v23.6 - https:\/\/yoast.com\/wordpress\/plugins\/seo\/ -->\n<title>Kreisbrosche aus geh\u00e4mmertem Silber - Arteartesania<\/title>\n<meta name=\"robots\" content=\"index, follow, max-snippet:-1, max-image-preview:large, max-video-preview:-1\" \/>\n<link rel=\"canonical\" href=\"https:\/\/www.arteartesania.com\/de\/producto\/kreisbrosche-aus-gehaemmertem-silber\/\" \/>\n<meta property=\"og:locale\" content=\"de_DE\" \/>\n<meta property=\"og:type\" content=\"article\" \/>\n<meta property=\"og:title\" content=\"Kreisbrosche aus geh\u00e4mmertem Silber - Arteartesania\" \/>\n<meta property=\"og:description\" content=\"Kreisbrosche aus geh\u00e4mmertem Silber  Material: 925er Silber  Autor: Carlos Tellechea\" \/>\n<meta property=\"og:url\" content=\"https:\/\/www.arteartesania.com\/de\/producto\/kreisbrosche-aus-gehaemmertem-silber\/\" \/>\n<meta property=\"og:site_name\" content=\"Arteartesania\" \/>\n<meta property=\"article:modified_time\" content=\"2022-11-25T13:08:38+00:00\" \/>\n<meta property=\"og:image\" content=\"https:\/\/www.arteartesania.com\/wp-content\/uploads\/2022\/11\/IMG_2138-scaled.jpeg\" \/>\n\t<meta property=\"og:image:width\" content=\"2336\" \/>\n\t<meta property=\"og:image:height\" content=\"2560\" \/>\n\t<meta property=\"og:image:type\" content=\"image\/jpeg\" \/>\n<meta name=\"twitter:card\" content=\"summary_large_image\" \/>\n<meta name=\"twitter:label1\" content=\"Gesch\u00e4tzte Lesezeit\" \/>\n\t<meta name=\"twitter:data1\" content=\"1\u00a0Minute\" \/>\n<script type=\"application\/ld+json\" class=\"yoast-schema-graph\">{\"@context\":\"https:\/\/schema.org\",\"@graph\":[{\"@type\":\"WebPage\",\"@id\":\"https:\/\/www.arteartesania.com\/de\/producto\/kreisbrosche-aus-gehaemmertem-silber\/\",\"url\":\"https:\/\/www.arteartesania.com\/de\/producto\/kreisbrosche-aus-gehaemmertem-silber\/\",\"name\":\"Kreisbrosche aus geh\u00e4mmertem Silber - Arteartesania\",\"isPartOf\":{\"@id\":\"https:\/\/www.arteartesania.com\/de\/#website\"},\"primaryImageOfPage\":{\"@id\":\"https:\/\/www.arteartesania.com\/de\/producto\/kreisbrosche-aus-gehaemmertem-silber\/#primaryimage\"},\"image\":{\"@id\":\"https:\/\/www.arteartesania.com\/de\/producto\/kreisbrosche-aus-gehaemmertem-silber\/#primaryimage\"},\"thumbnailUrl\":\"https:\/\/www.arteartesania.com\/wp-content\/uploads\/2022\/11\/IMG_2138-scaled.jpeg\",\"datePublished\":\"2022-11-25T13:08:37+00:00\",\"dateModified\":\"2022-11-25T13:08:38+00:00\",\"breadcrumb\":{\"@id\":\"https:\/\/www.arteartesania.com\/de\/producto\/kreisbrosche-aus-gehaemmertem-silber\/#breadcrumb\"},\"inLanguage\":\"de\",\"potentialAction\":[{\"@type\":\"ReadAction\",\"target\":[\"https:\/\/www.arteartesania.com\/de\/producto\/kreisbrosche-aus-gehaemmertem-silber\/\"]}]},{\"@type\":\"ImageObject\",\"inLanguage\":\"de\",\"@id\":\"https:\/\/www.arteartesania.com\/de\/producto\/kreisbrosche-aus-gehaemmertem-silber\/#primaryimage\",\"url\":\"https:\/\/www.arteartesania.com\/wp-content\/uploads\/2022\/11\/IMG_2138-scaled.jpeg\",\"contentUrl\":\"https:\/\/www.arteartesania.com\/wp-content\/uploads\/2022\/11\/IMG_2138-scaled.jpeg\",\"width\":2336,\"height\":2560},{\"@type\":\"BreadcrumbList\",\"@id\":\"https:\/\/www.arteartesania.com\/de\/producto\/kreisbrosche-aus-gehaemmertem-silber\/#breadcrumb\",\"itemListElement\":[{\"@type\":\"ListItem\",\"position\":1,\"name\":\"Portada\",\"item\":\"https:\/\/www.arteartesania.com\/de\/\"},{\"@type\":\"ListItem\",\"position\":2,\"name\":\"Shop online\",\"item\":\"https:\/\/www.arteartesania.com\/de\/online-bastelladen\/\"},{\"@type\":\"ListItem\",\"position\":3,\"name\":\"Kreisbrosche aus geh\u00e4mmertem Silber\"}]},{\"@type\":\"WebSite\",\"@id\":\"https:\/\/www.arteartesania.com\/de\/#website\",\"url\":\"https:\/\/www.arteartesania.com\/de\/\",\"name\":\"Arteartesania\",\"description\":\"Original selecci\u00f3n de Artesan\u00eda Contempor\u00e1nea de Autor\",\"publisher\":{\"@id\":\"https:\/\/www.arteartesania.com\/de\/#organization\"},\"potentialAction\":[{\"@type\":\"SearchAction\",\"target\":{\"@type\":\"EntryPoint\",\"urlTemplate\":\"https:\/\/www.arteartesania.com\/de\/?s={search_term_string}\"},\"query-input\":{\"@type\":\"PropertyValueSpecification\",\"valueRequired\":true,\"valueName\":\"search_term_string\"}}],\"inLanguage\":\"de\"},{\"@type\":\"Organization\",\"@id\":\"https:\/\/www.arteartesania.com\/de\/#organization\",\"name\":\"Arteartesania\",\"url\":\"https:\/\/www.arteartesania.com\/de\/\",\"logo\":{\"@type\":\"ImageObject\",\"inLanguage\":\"de\",\"@id\":\"https:\/\/www.arteartesania.com\/de\/#\/schema\/logo\/image\/\",\"url\":\"https:\/\/www.arteartesania.com\/wp-content\/uploads\/2019\/12\/cropped-logofooter.png\",\"contentUrl\":\"https:\/\/www.arteartesania.com\/wp-content\/uploads\/2019\/12\/cropped-logofooter.png\",\"width\":539,\"height\":58,\"caption\":\"Arteartesania\"},\"image\":{\"@id\":\"https:\/\/www.arteartesania.com\/de\/#\/schema\/logo\/image\/\"}}]}<\/script>\n<!-- \/ Yoast SEO plugin. -->","yoast_head_json":{"title":"Kreisbrosche aus geh\u00e4mmertem Silber - Arteartesania","robots":{"index":"index","follow":"follow","max-snippet":"max-snippet:-1","max-image-preview":"max-image-preview:large","max-video-preview":"max-video-preview:-1"},"canonical":"https:\/\/www.arteartesania.com\/de\/producto\/kreisbrosche-aus-gehaemmertem-silber\/","og_locale":"de_DE","og_type":"article","og_title":"Kreisbrosche aus geh\u00e4mmertem Silber - Arteartesania","og_description":"Kreisbrosche aus geh\u00e4mmertem Silber  Material: 925er Silber  Autor: Carlos Tellechea","og_url":"https:\/\/www.arteartesania.com\/de\/producto\/kreisbrosche-aus-gehaemmertem-silber\/","og_site_name":"Arteartesania","article_modified_time":"2022-11-25T13:08:38+00:00","og_image":[{"width":2336,"height":2560,"url":"https:\/\/www.arteartesania.com\/wp-content\/uploads\/2022\/11\/IMG_2138-scaled.jpeg","type":"image\/jpeg"}],"twitter_card":"summary_large_image","twitter_misc":{"Gesch\u00e4tzte Lesezeit":"1\u00a0Minute"},"schema":{"@context":"https:\/\/schema.org","@graph":[{"@type":"WebPage","@id":"https:\/\/www.arteartesania.com\/de\/producto\/kreisbrosche-aus-gehaemmertem-silber\/","url":"https:\/\/www.arteartesania.com\/de\/producto\/kreisbrosche-aus-gehaemmertem-silber\/","name":"Kreisbrosche aus geh\u00e4mmertem Silber - Arteartesania","isPartOf":{"@id":"https:\/\/www.arteartesania.com\/de\/#website"},"primaryImageOfPage":{"@id":"https:\/\/www.arteartesania.com\/de\/producto\/kreisbrosche-aus-gehaemmertem-silber\/#primaryimage"},"image":{"@id":"https:\/\/www.arteartesania.com\/de\/producto\/kreisbrosche-aus-gehaemmertem-silber\/#primaryimage"},"thumbnailUrl":"https:\/\/www.arteartesania.com\/wp-content\/uploads\/2022\/11\/IMG_2138-scaled.jpeg","datePublished":"2022-11-25T13:08:37+00:00","dateModified":"2022-11-25T13:08:38+00:00","breadcrumb":{"@id":"https:\/\/www.arteartesania.com\/de\/producto\/kreisbrosche-aus-gehaemmertem-silber\/#breadcrumb"},"inLanguage":"de","potentialAction":[{"@type":"ReadAction","target":["https:\/\/www.arteartesania.com\/de\/producto\/kreisbrosche-aus-gehaemmertem-silber\/"]}]},{"@type":"ImageObject","inLanguage":"de","@id":"https:\/\/www.arteartesania.com\/de\/producto\/kreisbrosche-aus-gehaemmertem-silber\/#primaryimage","url":"https:\/\/www.arteartesania.com\/wp-content\/uploads\/2022\/11\/IMG_2138-scaled.jpeg","contentUrl":"https:\/\/www.arteartesania.com\/wp-content\/uploads\/2022\/11\/IMG_2138-scaled.jpeg","width":2336,"height":2560},{"@type":"BreadcrumbList","@id":"https:\/\/www.arteartesania.com\/de\/producto\/kreisbrosche-aus-gehaemmertem-silber\/#breadcrumb","itemListElement":[{"@type":"ListItem","position":1,"name":"Portada","item":"https:\/\/www.arteartesania.com\/de\/"},{"@type":"ListItem","position":2,"name":"Shop online","item":"https:\/\/www.arteartesania.com\/de\/online-bastelladen\/"},{"@type":"ListItem","position":3,"name":"Kreisbrosche aus geh\u00e4mmertem Silber"}]},{"@type":"WebSite","@id":"https:\/\/www.arteartesania.com\/de\/#website","url":"https:\/\/www.arteartesania.com\/de\/","name":"Arteartesania","description":"Original selecci\u00f3n de Artesan\u00eda Contempor\u00e1nea de Autor","publisher":{"@id":"https:\/\/www.arteartesania.com\/de\/#organization"},"potentialAction":[{"@type":"SearchAction","target":{"@type":"EntryPoint","urlTemplate":"https:\/\/www.arteartesania.com\/de\/?s={search_term_string}"},"query-input":{"@type":"PropertyValueSpecification","valueRequired":true,"valueName":"search_term_string"}}],"inLanguage":"de"},{"@type":"Organization","@id":"https:\/\/www.arteartesania.com\/de\/#organization","name":"Arteartesania","url":"https:\/\/www.arteartesania.com\/de\/","logo":{"@type":"ImageObject","inLanguage":"de","@id":"https:\/\/www.arteartesania.com\/de\/#\/schema\/logo\/image\/","url":"https:\/\/www.arteartesania.com\/wp-content\/uploads\/2019\/12\/cropped-logofooter.png","contentUrl":"https:\/\/www.arteartesania.com\/wp-content\/uploads\/2019\/12\/cropped-logofooter.png","width":539,"height":58,"caption":"Arteartesania"},"image":{"@id":"https:\/\/www.arteartesania.com\/de\/#\/schema\/logo\/image\/"}}]}},"_links":{"self":[{"href":"https:\/\/www.arteartesania.com\/de\/wp-json\/wp\/v2\/product\/14930"}],"collection":[{"href":"https:\/\/www.arteartesania.com\/de\/wp-json\/wp\/v2\/product"}],"about":[{"href":"https:\/\/www.arteartesania.com\/de\/wp-json\/wp\/v2\/types\/product"}],"replies":[{"embeddable":true,"href":"https:\/\/www.arteartesania.com\/de\/wp-json\/wp\/v2\/comments?post=14930"}],"wp:featuredmedia":[{"embeddable":true,"href":"https:\/\/www.arteartesania.com\/de\/wp-json\/wp\/v2\/media\/14921"}],"wp:attachment":[{"href":"https:\/\/www.arteartesania.com\/de\/wp-json\/wp\/v2\/media?parent=14930"}],"wp:term":[{"taxonomy":"product_cat","embeddable":true,"href":"https:\/\/www.arteartesania.com\/de\/wp-json\/wp\/v2\/product_cat?post=14930"},{"taxonomy":"product_tag","embeddable":true,"href":"https:\/\/www.arteartesania.com\/de\/wp-json\/wp\/v2\/product_tag?post=14930"}],"curies":[{"name":"wp","href":"https:\/\/api.w.org\/{rel}","templated":true}]}}