{"id":14562,"date":"2022-10-19T16:52:02","date_gmt":"2022-10-19T15:31:48","guid":{"rendered":"https:\/\/www.arteartesania.com\/?post_type=product&#038;p=14562"},"modified":"2022-10-19T17:35:35","modified_gmt":"2022-10-19T15:35:35","slug":"torque-mit-grosser-cala","status":"publish","type":"product","link":"https:\/\/www.arteartesania.com\/de\/producto\/torque-mit-grosser-cala\/","title":{"rendered":"Torque mit gro\u00dfer Cala"},"content":{"rendered":"<p>ST\u00dcCK: Torque mit gro\u00dfer Cala, einteilig<\/p>\n<p>KOLLEKTION: Die Calas mit Gold<\/p>\n<p>MATERIAL: 925 Silber, 22 KT Blattgold<\/p>\n<p>AUTOR: Carlos Tellechea<\/p>\n<p>JAHR: 2022<\/p>\n<p>Produktionstechnik, verwendete Materialien:<\/p>\n<p>Die Blumen bestehen aus Draht und Silberplatte 925. Die Platte wird in verschiedene Richtungen gefaltet, bis der K\u00f6rper der Blume entsteht, an den ein kleiner Drahtstempel geschwei\u00dft wird, der in einer kleinen Kugel endet.<\/p>\n<p>Sobald die Blumen in verschiedenen Gr\u00f6\u00dfen hergestellt sind, werden sie kombiniert, um die verschiedenen St\u00fccke der Kollektion zu erhalten, Armb\u00e4nder, Ohrringe, Ringe usw.<\/p>\n<p>Die gesamte Kollektion besteht aus 925er Silber mit einem 22-kar\u00e4tigen Blattgold-Finish auf dem Bl\u00fctenkelch.<\/p>\n","protected":false},"excerpt":{"rendered":"<p>ST\u00dcCK: Torque mit gro\u00dfer Cala, einteilig<\/p>\n<p>KOLLEKTION: Die Calas mit Gold<\/p>\n<p>MATERIAL: 925 Silber, 22 KT Blattgold<\/p>\n<p>AUTOR: Carlos Tellechea<\/p>\n<p>JAHR: 2022<\/p>\n","protected":false},"featured_media":14545,"comment_status":"closed","ping_status":"closed","template":"","meta":{"_acf_changed":false,"inline_featured_image":false},"product_cat":[218,248,214,293,243],"product_tag":[],"class_list":{"0":"post-14562","1":"product","2":"type-product","3":"status-publish","4":"has-post-thumbnail","6":"product_cat-carlos-tellechea-de","7":"product_cat-halsketten","8":"product_cat-kuenstler","9":"product_cat-las-calas-de-oro-de","10":"product_cat-schmuck","12":"first","13":"instock","14":"sold-individually","15":"shipping-taxable","16":"purchasable","17":"product-type-simple"},"acf":[],"yoast_head":"<!-- This site is optimized with the Yoast SEO plugin v23.6 - https:\/\/yoast.com\/wordpress\/plugins\/seo\/ -->\n<title>Torque mit gro\u00dfer Cala - Arteartesania<\/title>\n<meta name=\"robots\" content=\"index, follow, max-snippet:-1, max-image-preview:large, max-video-preview:-1\" \/>\n<link rel=\"canonical\" href=\"https:\/\/www.arteartesania.com\/de\/producto\/torque-mit-grosser-cala\/\" \/>\n<meta property=\"og:locale\" content=\"de_DE\" \/>\n<meta property=\"og:type\" content=\"article\" \/>\n<meta property=\"og:title\" content=\"Torque mit gro\u00dfer Cala - Arteartesania\" \/>\n<meta property=\"og:description\" content=\"ST\u00dcCK: Torque mit gro\u00dfer Cala, einteilig  KOLLEKTION: Die Calas mit Gold  MATERIAL: 925 Silber, 22 KT Blattgold  AUTOR: Carlos Tellechea  JAHR: 2022\" \/>\n<meta property=\"og:url\" content=\"https:\/\/www.arteartesania.com\/de\/producto\/torque-mit-grosser-cala\/\" \/>\n<meta property=\"og:site_name\" content=\"Arteartesania\" \/>\n<meta property=\"article:modified_time\" content=\"2022-10-19T15:35:35+00:00\" \/>\n<meta property=\"og:image\" content=\"https:\/\/www.arteartesania.com\/wp-content\/uploads\/2022\/10\/IMG_0902-scaled.jpeg\" \/>\n\t<meta property=\"og:image:width\" content=\"1920\" \/>\n\t<meta property=\"og:image:height\" content=\"2560\" \/>\n\t<meta property=\"og:image:type\" content=\"image\/jpeg\" \/>\n<meta name=\"twitter:card\" content=\"summary_large_image\" \/>\n<meta name=\"twitter:label1\" content=\"Gesch\u00e4tzte Lesezeit\" \/>\n\t<meta name=\"twitter:data1\" content=\"1\u00a0Minute\" \/>\n<script type=\"application\/ld+json\" class=\"yoast-schema-graph\">{\"@context\":\"https:\/\/schema.org\",\"@graph\":[{\"@type\":\"WebPage\",\"@id\":\"https:\/\/www.arteartesania.com\/de\/producto\/torque-mit-grosser-cala\/\",\"url\":\"https:\/\/www.arteartesania.com\/de\/producto\/torque-mit-grosser-cala\/\",\"name\":\"Torque mit gro\u00dfer Cala - Arteartesania\",\"isPartOf\":{\"@id\":\"https:\/\/www.arteartesania.com\/de\/#website\"},\"primaryImageOfPage\":{\"@id\":\"https:\/\/www.arteartesania.com\/de\/producto\/torque-mit-grosser-cala\/#primaryimage\"},\"image\":{\"@id\":\"https:\/\/www.arteartesania.com\/de\/producto\/torque-mit-grosser-cala\/#primaryimage\"},\"thumbnailUrl\":\"https:\/\/www.arteartesania.com\/wp-content\/uploads\/2022\/10\/IMG_0902-scaled.jpeg\",\"datePublished\":\"2022-10-19T15:31:48+00:00\",\"dateModified\":\"2022-10-19T15:35:35+00:00\",\"breadcrumb\":{\"@id\":\"https:\/\/www.arteartesania.com\/de\/producto\/torque-mit-grosser-cala\/#breadcrumb\"},\"inLanguage\":\"de\",\"potentialAction\":[{\"@type\":\"ReadAction\",\"target\":[\"https:\/\/www.arteartesania.com\/de\/producto\/torque-mit-grosser-cala\/\"]}]},{\"@type\":\"ImageObject\",\"inLanguage\":\"de\",\"@id\":\"https:\/\/www.arteartesania.com\/de\/producto\/torque-mit-grosser-cala\/#primaryimage\",\"url\":\"https:\/\/www.arteartesania.com\/wp-content\/uploads\/2022\/10\/IMG_0902-scaled.jpeg\",\"contentUrl\":\"https:\/\/www.arteartesania.com\/wp-content\/uploads\/2022\/10\/IMG_0902-scaled.jpeg\",\"width\":1920,\"height\":2560},{\"@type\":\"BreadcrumbList\",\"@id\":\"https:\/\/www.arteartesania.com\/de\/producto\/torque-mit-grosser-cala\/#breadcrumb\",\"itemListElement\":[{\"@type\":\"ListItem\",\"position\":1,\"name\":\"Portada\",\"item\":\"https:\/\/www.arteartesania.com\/de\/\"},{\"@type\":\"ListItem\",\"position\":2,\"name\":\"Shop online\",\"item\":\"https:\/\/www.arteartesania.com\/de\/online-bastelladen\/\"},{\"@type\":\"ListItem\",\"position\":3,\"name\":\"Torque mit gro\u00dfer Cala\"}]},{\"@type\":\"WebSite\",\"@id\":\"https:\/\/www.arteartesania.com\/de\/#website\",\"url\":\"https:\/\/www.arteartesania.com\/de\/\",\"name\":\"Arteartesania\",\"description\":\"Original selecci\u00f3n de Artesan\u00eda Contempor\u00e1nea de Autor\",\"publisher\":{\"@id\":\"https:\/\/www.arteartesania.com\/de\/#organization\"},\"potentialAction\":[{\"@type\":\"SearchAction\",\"target\":{\"@type\":\"EntryPoint\",\"urlTemplate\":\"https:\/\/www.arteartesania.com\/de\/?s={search_term_string}\"},\"query-input\":{\"@type\":\"PropertyValueSpecification\",\"valueRequired\":true,\"valueName\":\"search_term_string\"}}],\"inLanguage\":\"de\"},{\"@type\":\"Organization\",\"@id\":\"https:\/\/www.arteartesania.com\/de\/#organization\",\"name\":\"Arteartesania\",\"url\":\"https:\/\/www.arteartesania.com\/de\/\",\"logo\":{\"@type\":\"ImageObject\",\"inLanguage\":\"de\",\"@id\":\"https:\/\/www.arteartesania.com\/de\/#\/schema\/logo\/image\/\",\"url\":\"https:\/\/www.arteartesania.com\/wp-content\/uploads\/2019\/12\/cropped-logofooter.png\",\"contentUrl\":\"https:\/\/www.arteartesania.com\/wp-content\/uploads\/2019\/12\/cropped-logofooter.png\",\"width\":539,\"height\":58,\"caption\":\"Arteartesania\"},\"image\":{\"@id\":\"https:\/\/www.arteartesania.com\/de\/#\/schema\/logo\/image\/\"}}]}<\/script>\n<!-- \/ Yoast SEO plugin. -->","yoast_head_json":{"title":"Torque mit gro\u00dfer Cala - Arteartesania","robots":{"index":"index","follow":"follow","max-snippet":"max-snippet:-1","max-image-preview":"max-image-preview:large","max-video-preview":"max-video-preview:-1"},"canonical":"https:\/\/www.arteartesania.com\/de\/producto\/torque-mit-grosser-cala\/","og_locale":"de_DE","og_type":"article","og_title":"Torque mit gro\u00dfer Cala - Arteartesania","og_description":"ST\u00dcCK: Torque mit gro\u00dfer Cala, einteilig  KOLLEKTION: Die Calas mit Gold  MATERIAL: 925 Silber, 22 KT Blattgold  AUTOR: Carlos Tellechea  JAHR: 2022","og_url":"https:\/\/www.arteartesania.com\/de\/producto\/torque-mit-grosser-cala\/","og_site_name":"Arteartesania","article_modified_time":"2022-10-19T15:35:35+00:00","og_image":[{"width":1920,"height":2560,"url":"https:\/\/www.arteartesania.com\/wp-content\/uploads\/2022\/10\/IMG_0902-scaled.jpeg","type":"image\/jpeg"}],"twitter_card":"summary_large_image","twitter_misc":{"Gesch\u00e4tzte Lesezeit":"1\u00a0Minute"},"schema":{"@context":"https:\/\/schema.org","@graph":[{"@type":"WebPage","@id":"https:\/\/www.arteartesania.com\/de\/producto\/torque-mit-grosser-cala\/","url":"https:\/\/www.arteartesania.com\/de\/producto\/torque-mit-grosser-cala\/","name":"Torque mit gro\u00dfer Cala - Arteartesania","isPartOf":{"@id":"https:\/\/www.arteartesania.com\/de\/#website"},"primaryImageOfPage":{"@id":"https:\/\/www.arteartesania.com\/de\/producto\/torque-mit-grosser-cala\/#primaryimage"},"image":{"@id":"https:\/\/www.arteartesania.com\/de\/producto\/torque-mit-grosser-cala\/#primaryimage"},"thumbnailUrl":"https:\/\/www.arteartesania.com\/wp-content\/uploads\/2022\/10\/IMG_0902-scaled.jpeg","datePublished":"2022-10-19T15:31:48+00:00","dateModified":"2022-10-19T15:35:35+00:00","breadcrumb":{"@id":"https:\/\/www.arteartesania.com\/de\/producto\/torque-mit-grosser-cala\/#breadcrumb"},"inLanguage":"de","potentialAction":[{"@type":"ReadAction","target":["https:\/\/www.arteartesania.com\/de\/producto\/torque-mit-grosser-cala\/"]}]},{"@type":"ImageObject","inLanguage":"de","@id":"https:\/\/www.arteartesania.com\/de\/producto\/torque-mit-grosser-cala\/#primaryimage","url":"https:\/\/www.arteartesania.com\/wp-content\/uploads\/2022\/10\/IMG_0902-scaled.jpeg","contentUrl":"https:\/\/www.arteartesania.com\/wp-content\/uploads\/2022\/10\/IMG_0902-scaled.jpeg","width":1920,"height":2560},{"@type":"BreadcrumbList","@id":"https:\/\/www.arteartesania.com\/de\/producto\/torque-mit-grosser-cala\/#breadcrumb","itemListElement":[{"@type":"ListItem","position":1,"name":"Portada","item":"https:\/\/www.arteartesania.com\/de\/"},{"@type":"ListItem","position":2,"name":"Shop online","item":"https:\/\/www.arteartesania.com\/de\/online-bastelladen\/"},{"@type":"ListItem","position":3,"name":"Torque mit gro\u00dfer Cala"}]},{"@type":"WebSite","@id":"https:\/\/www.arteartesania.com\/de\/#website","url":"https:\/\/www.arteartesania.com\/de\/","name":"Arteartesania","description":"Original selecci\u00f3n de Artesan\u00eda Contempor\u00e1nea de Autor","publisher":{"@id":"https:\/\/www.arteartesania.com\/de\/#organization"},"potentialAction":[{"@type":"SearchAction","target":{"@type":"EntryPoint","urlTemplate":"https:\/\/www.arteartesania.com\/de\/?s={search_term_string}"},"query-input":{"@type":"PropertyValueSpecification","valueRequired":true,"valueName":"search_term_string"}}],"inLanguage":"de"},{"@type":"Organization","@id":"https:\/\/www.arteartesania.com\/de\/#organization","name":"Arteartesania","url":"https:\/\/www.arteartesania.com\/de\/","logo":{"@type":"ImageObject","inLanguage":"de","@id":"https:\/\/www.arteartesania.com\/de\/#\/schema\/logo\/image\/","url":"https:\/\/www.arteartesania.com\/wp-content\/uploads\/2019\/12\/cropped-logofooter.png","contentUrl":"https:\/\/www.arteartesania.com\/wp-content\/uploads\/2019\/12\/cropped-logofooter.png","width":539,"height":58,"caption":"Arteartesania"},"image":{"@id":"https:\/\/www.arteartesania.com\/de\/#\/schema\/logo\/image\/"}}]}},"_links":{"self":[{"href":"https:\/\/www.arteartesania.com\/de\/wp-json\/wp\/v2\/product\/14562"}],"collection":[{"href":"https:\/\/www.arteartesania.com\/de\/wp-json\/wp\/v2\/product"}],"about":[{"href":"https:\/\/www.arteartesania.com\/de\/wp-json\/wp\/v2\/types\/product"}],"replies":[{"embeddable":true,"href":"https:\/\/www.arteartesania.com\/de\/wp-json\/wp\/v2\/comments?post=14562"}],"wp:featuredmedia":[{"embeddable":true,"href":"https:\/\/www.arteartesania.com\/de\/wp-json\/wp\/v2\/media\/14545"}],"wp:attachment":[{"href":"https:\/\/www.arteartesania.com\/de\/wp-json\/wp\/v2\/media?parent=14562"}],"wp:term":[{"taxonomy":"product_cat","embeddable":true,"href":"https:\/\/www.arteartesania.com\/de\/wp-json\/wp\/v2\/product_cat?post=14562"},{"taxonomy":"product_tag","embeddable":true,"href":"https:\/\/www.arteartesania.com\/de\/wp-json\/wp\/v2\/product_tag?post=14562"}],"curies":[{"name":"wp","href":"https:\/\/api.w.org\/{rel}","templated":true}]}}