{"id":12776,"date":"2021-11-25T18:28:16","date_gmt":"2021-11-27T12:35:15","guid":{"rendered":"https:\/\/www.arteartesania.com\/?post_type=product&#038;p=12776"},"modified":"2021-11-27T13:47:31","modified_gmt":"2021-11-27T12:47:31","slug":"skulptur-geimpft-in-silber","status":"publish","type":"product","link":"https:\/\/www.arteartesania.com\/de\/producto\/skulptur-geimpft-in-silber\/","title":{"rendered":"Objekte: &#8222;Geimpft&#8220;"},"content":{"rendered":"<p>Skulptur &#8222;Geimpft&#8220; in Silber<\/p>\n<p>Material: 925er Silber<\/p>\n<p><strong>MA\u00dfNAHMEN:<\/strong> H\u00f6he: 22 cm. Durchmesser ca.: 11,5 cm<\/p>\n<p>Autor: Carlos Tellechea<\/p>\n<p>Jahr: 2021<\/p>\n<p>&#8222;Geimpft&#8220; ist Teil der Serie der Objekte, ironische Reflexionen, die ich nach der Zusammenarbeit mit Steven Appleby begonnen habe, in denen es wie in einem Comicstrip notwendig ist, mit sehr wenigen Mitteln zu erz\u00e4hlen &#8230;<\/p>\n<p>Die Idee und das erste dieser Werke stammen aus dem Jahr 2016 &#8230;<\/p>\n<p>Das ist der erste in der 2021er Serie und der erste auch komplett in 925er Silber \ud83d\ude42<\/p>\n","protected":false},"excerpt":{"rendered":"<p>Skulptur &#8222;Geimpft&#8220; in Silber<\/p>\n<p>Material: 925er Silber<\/p>\n<p><strong>MA\u00dfNAHMEN:<\/strong> H\u00f6he: 22 cm. Durchmesser ca.: 11,5 cm<\/p>\n<p>Autor: Carlos Tellechea<\/p>\n<p>Jahr: 2021<\/p>\n","protected":false},"featured_media":16134,"comment_status":"closed","ping_status":"closed","template":"","meta":{"_acf_changed":false,"inline_featured_image":false},"product_cat":[218,971,214,252],"product_tag":[],"class_list":{"0":"post-12776","1":"product","2":"type-product","3":"status-publish","4":"has-post-thumbnail","6":"product_cat-carlos-tellechea-de","7":"product_cat-decoracion-escultorico-de","8":"product_cat-kuenstler","9":"product_cat-objekte","10":"product_shipping_class-paquetes-grandes-pesados-de","12":"first","13":"instock","14":"shipping-taxable","15":"purchasable","16":"product-type-simple"},"acf":[],"yoast_head":"<!-- This site is optimized with the Yoast SEO plugin v23.6 - https:\/\/yoast.com\/wordpress\/plugins\/seo\/ -->\n<title>Skulptur &quot;Geimpft&quot; in Silber 925 von Carlos Tellechea | Arteartesan\u00eda<\/title>\n<meta name=\"description\" content=\"Skulptur &quot;Geimpft&quot; in Silber 925 erstellt von Carlos Tellechea. Es ist Teil der Serie, die nach der Zusammenarbeit mit Steven Appleby begann\" \/>\n<meta name=\"robots\" content=\"index, follow, max-snippet:-1, max-image-preview:large, max-video-preview:-1\" \/>\n<link rel=\"canonical\" href=\"https:\/\/www.arteartesania.com\/de\/producto\/skulptur-geimpft-in-silber\/\" \/>\n<meta property=\"og:locale\" content=\"de_DE\" \/>\n<meta property=\"og:type\" content=\"article\" \/>\n<meta property=\"og:title\" content=\"Skulptur &quot;Geimpft&quot; in Silber 925 von Carlos Tellechea | Arteartesan\u00eda\" \/>\n<meta property=\"og:description\" content=\"Skulptur &quot;Geimpft&quot; in Silber 925 erstellt von Carlos Tellechea. Es ist Teil der Serie, die nach der Zusammenarbeit mit Steven Appleby begann\" \/>\n<meta property=\"og:url\" content=\"https:\/\/www.arteartesania.com\/de\/producto\/skulptur-geimpft-in-silber\/\" \/>\n<meta property=\"og:site_name\" content=\"Arteartesania\" \/>\n<meta property=\"article:modified_time\" content=\"2021-11-27T12:47:31+00:00\" \/>\n<meta property=\"og:image\" content=\"https:\/\/www.arteartesania.com\/wp-content\/uploads\/2021\/11\/IMG_7157-scaled.jpeg\" \/>\n\t<meta property=\"og:image:width\" content=\"2065\" \/>\n\t<meta property=\"og:image:height\" content=\"2560\" \/>\n\t<meta property=\"og:image:type\" content=\"image\/jpeg\" \/>\n<meta name=\"twitter:card\" content=\"summary_large_image\" \/>\n<meta name=\"twitter:label1\" content=\"Gesch\u00e4tzte Lesezeit\" \/>\n\t<meta name=\"twitter:data1\" content=\"1\u00a0Minute\" \/>\n<script type=\"application\/ld+json\" class=\"yoast-schema-graph\">{\"@context\":\"https:\/\/schema.org\",\"@graph\":[{\"@type\":\"WebPage\",\"@id\":\"https:\/\/www.arteartesania.com\/de\/producto\/skulptur-geimpft-in-silber\/\",\"url\":\"https:\/\/www.arteartesania.com\/de\/producto\/skulptur-geimpft-in-silber\/\",\"name\":\"Skulptur \\\"Geimpft\\\" in Silber 925 von Carlos Tellechea | Arteartesan\u00eda\",\"isPartOf\":{\"@id\":\"https:\/\/www.arteartesania.com\/de\/#website\"},\"primaryImageOfPage\":{\"@id\":\"https:\/\/www.arteartesania.com\/de\/producto\/skulptur-geimpft-in-silber\/#primaryimage\"},\"image\":{\"@id\":\"https:\/\/www.arteartesania.com\/de\/producto\/skulptur-geimpft-in-silber\/#primaryimage\"},\"thumbnailUrl\":\"https:\/\/www.arteartesania.com\/wp-content\/uploads\/2021\/11\/IMG_7157-scaled-1.jpeg\",\"datePublished\":\"2021-11-27T12:35:15+00:00\",\"dateModified\":\"2021-11-27T12:47:31+00:00\",\"description\":\"Skulptur \\\"Geimpft\\\" in Silber 925 erstellt von Carlos Tellechea. Es ist Teil der Serie, die nach der Zusammenarbeit mit Steven Appleby begann\",\"breadcrumb\":{\"@id\":\"https:\/\/www.arteartesania.com\/de\/producto\/skulptur-geimpft-in-silber\/#breadcrumb\"},\"inLanguage\":\"de\",\"potentialAction\":[{\"@type\":\"ReadAction\",\"target\":[\"https:\/\/www.arteartesania.com\/de\/producto\/skulptur-geimpft-in-silber\/\"]}]},{\"@type\":\"ImageObject\",\"inLanguage\":\"de\",\"@id\":\"https:\/\/www.arteartesania.com\/de\/producto\/skulptur-geimpft-in-silber\/#primaryimage\",\"url\":\"https:\/\/www.arteartesania.com\/wp-content\/uploads\/2021\/11\/IMG_7157-scaled-1.jpeg\",\"contentUrl\":\"https:\/\/www.arteartesania.com\/wp-content\/uploads\/2021\/11\/IMG_7157-scaled-1.jpeg\",\"width\":2065,\"height\":2560},{\"@type\":\"BreadcrumbList\",\"@id\":\"https:\/\/www.arteartesania.com\/de\/producto\/skulptur-geimpft-in-silber\/#breadcrumb\",\"itemListElement\":[{\"@type\":\"ListItem\",\"position\":1,\"name\":\"Portada\",\"item\":\"https:\/\/www.arteartesania.com\/de\/\"},{\"@type\":\"ListItem\",\"position\":2,\"name\":\"Shop online\",\"item\":\"https:\/\/www.arteartesania.com\/de\/online-bastelladen\/\"},{\"@type\":\"ListItem\",\"position\":3,\"name\":\"Objekte: \u00abGeimpft\u00bb\"}]},{\"@type\":\"WebSite\",\"@id\":\"https:\/\/www.arteartesania.com\/de\/#website\",\"url\":\"https:\/\/www.arteartesania.com\/de\/\",\"name\":\"Arteartesania\",\"description\":\"Original selecci\u00f3n de Artesan\u00eda Contempor\u00e1nea de Autor\",\"publisher\":{\"@id\":\"https:\/\/www.arteartesania.com\/de\/#organization\"},\"potentialAction\":[{\"@type\":\"SearchAction\",\"target\":{\"@type\":\"EntryPoint\",\"urlTemplate\":\"https:\/\/www.arteartesania.com\/de\/?s={search_term_string}\"},\"query-input\":{\"@type\":\"PropertyValueSpecification\",\"valueRequired\":true,\"valueName\":\"search_term_string\"}}],\"inLanguage\":\"de\"},{\"@type\":\"Organization\",\"@id\":\"https:\/\/www.arteartesania.com\/de\/#organization\",\"name\":\"Arteartesania\",\"url\":\"https:\/\/www.arteartesania.com\/de\/\",\"logo\":{\"@type\":\"ImageObject\",\"inLanguage\":\"de\",\"@id\":\"https:\/\/www.arteartesania.com\/de\/#\/schema\/logo\/image\/\",\"url\":\"https:\/\/www.arteartesania.com\/wp-content\/uploads\/2019\/12\/cropped-logofooter.png\",\"contentUrl\":\"https:\/\/www.arteartesania.com\/wp-content\/uploads\/2019\/12\/cropped-logofooter.png\",\"width\":539,\"height\":58,\"caption\":\"Arteartesania\"},\"image\":{\"@id\":\"https:\/\/www.arteartesania.com\/de\/#\/schema\/logo\/image\/\"}}]}<\/script>\n<!-- \/ Yoast SEO plugin. -->","yoast_head_json":{"title":"Skulptur \"Geimpft\" in Silber 925 von Carlos Tellechea | Arteartesan\u00eda","description":"Skulptur \"Geimpft\" in Silber 925 erstellt von Carlos Tellechea. Es ist Teil der Serie, die nach der Zusammenarbeit mit Steven Appleby begann","robots":{"index":"index","follow":"follow","max-snippet":"max-snippet:-1","max-image-preview":"max-image-preview:large","max-video-preview":"max-video-preview:-1"},"canonical":"https:\/\/www.arteartesania.com\/de\/producto\/skulptur-geimpft-in-silber\/","og_locale":"de_DE","og_type":"article","og_title":"Skulptur \"Geimpft\" in Silber 925 von Carlos Tellechea | Arteartesan\u00eda","og_description":"Skulptur \"Geimpft\" in Silber 925 erstellt von Carlos Tellechea. Es ist Teil der Serie, die nach der Zusammenarbeit mit Steven Appleby begann","og_url":"https:\/\/www.arteartesania.com\/de\/producto\/skulptur-geimpft-in-silber\/","og_site_name":"Arteartesania","article_modified_time":"2021-11-27T12:47:31+00:00","og_image":[{"width":2065,"height":2560,"url":"https:\/\/www.arteartesania.com\/wp-content\/uploads\/2021\/11\/IMG_7157-scaled.jpeg","type":"image\/jpeg"}],"twitter_card":"summary_large_image","twitter_misc":{"Gesch\u00e4tzte Lesezeit":"1\u00a0Minute"},"schema":{"@context":"https:\/\/schema.org","@graph":[{"@type":"WebPage","@id":"https:\/\/www.arteartesania.com\/de\/producto\/skulptur-geimpft-in-silber\/","url":"https:\/\/www.arteartesania.com\/de\/producto\/skulptur-geimpft-in-silber\/","name":"Skulptur \"Geimpft\" in Silber 925 von Carlos Tellechea | Arteartesan\u00eda","isPartOf":{"@id":"https:\/\/www.arteartesania.com\/de\/#website"},"primaryImageOfPage":{"@id":"https:\/\/www.arteartesania.com\/de\/producto\/skulptur-geimpft-in-silber\/#primaryimage"},"image":{"@id":"https:\/\/www.arteartesania.com\/de\/producto\/skulptur-geimpft-in-silber\/#primaryimage"},"thumbnailUrl":"https:\/\/www.arteartesania.com\/wp-content\/uploads\/2021\/11\/IMG_7157-scaled-1.jpeg","datePublished":"2021-11-27T12:35:15+00:00","dateModified":"2021-11-27T12:47:31+00:00","description":"Skulptur \"Geimpft\" in Silber 925 erstellt von Carlos Tellechea. Es ist Teil der Serie, die nach der Zusammenarbeit mit Steven Appleby begann","breadcrumb":{"@id":"https:\/\/www.arteartesania.com\/de\/producto\/skulptur-geimpft-in-silber\/#breadcrumb"},"inLanguage":"de","potentialAction":[{"@type":"ReadAction","target":["https:\/\/www.arteartesania.com\/de\/producto\/skulptur-geimpft-in-silber\/"]}]},{"@type":"ImageObject","inLanguage":"de","@id":"https:\/\/www.arteartesania.com\/de\/producto\/skulptur-geimpft-in-silber\/#primaryimage","url":"https:\/\/www.arteartesania.com\/wp-content\/uploads\/2021\/11\/IMG_7157-scaled-1.jpeg","contentUrl":"https:\/\/www.arteartesania.com\/wp-content\/uploads\/2021\/11\/IMG_7157-scaled-1.jpeg","width":2065,"height":2560},{"@type":"BreadcrumbList","@id":"https:\/\/www.arteartesania.com\/de\/producto\/skulptur-geimpft-in-silber\/#breadcrumb","itemListElement":[{"@type":"ListItem","position":1,"name":"Portada","item":"https:\/\/www.arteartesania.com\/de\/"},{"@type":"ListItem","position":2,"name":"Shop online","item":"https:\/\/www.arteartesania.com\/de\/online-bastelladen\/"},{"@type":"ListItem","position":3,"name":"Objekte: \u00abGeimpft\u00bb"}]},{"@type":"WebSite","@id":"https:\/\/www.arteartesania.com\/de\/#website","url":"https:\/\/www.arteartesania.com\/de\/","name":"Arteartesania","description":"Original selecci\u00f3n de Artesan\u00eda Contempor\u00e1nea de Autor","publisher":{"@id":"https:\/\/www.arteartesania.com\/de\/#organization"},"potentialAction":[{"@type":"SearchAction","target":{"@type":"EntryPoint","urlTemplate":"https:\/\/www.arteartesania.com\/de\/?s={search_term_string}"},"query-input":{"@type":"PropertyValueSpecification","valueRequired":true,"valueName":"search_term_string"}}],"inLanguage":"de"},{"@type":"Organization","@id":"https:\/\/www.arteartesania.com\/de\/#organization","name":"Arteartesania","url":"https:\/\/www.arteartesania.com\/de\/","logo":{"@type":"ImageObject","inLanguage":"de","@id":"https:\/\/www.arteartesania.com\/de\/#\/schema\/logo\/image\/","url":"https:\/\/www.arteartesania.com\/wp-content\/uploads\/2019\/12\/cropped-logofooter.png","contentUrl":"https:\/\/www.arteartesania.com\/wp-content\/uploads\/2019\/12\/cropped-logofooter.png","width":539,"height":58,"caption":"Arteartesania"},"image":{"@id":"https:\/\/www.arteartesania.com\/de\/#\/schema\/logo\/image\/"}}]}},"_links":{"self":[{"href":"https:\/\/www.arteartesania.com\/de\/wp-json\/wp\/v2\/product\/12776"}],"collection":[{"href":"https:\/\/www.arteartesania.com\/de\/wp-json\/wp\/v2\/product"}],"about":[{"href":"https:\/\/www.arteartesania.com\/de\/wp-json\/wp\/v2\/types\/product"}],"replies":[{"embeddable":true,"href":"https:\/\/www.arteartesania.com\/de\/wp-json\/wp\/v2\/comments?post=12776"}],"wp:featuredmedia":[{"embeddable":true,"href":"https:\/\/www.arteartesania.com\/de\/wp-json\/wp\/v2\/media\/16134"}],"wp:attachment":[{"href":"https:\/\/www.arteartesania.com\/de\/wp-json\/wp\/v2\/media?parent=12776"}],"wp:term":[{"taxonomy":"product_cat","embeddable":true,"href":"https:\/\/www.arteartesania.com\/de\/wp-json\/wp\/v2\/product_cat?post=12776"},{"taxonomy":"product_tag","embeddable":true,"href":"https:\/\/www.arteartesania.com\/de\/wp-json\/wp\/v2\/product_tag?post=12776"}],"curies":[{"name":"wp","href":"https:\/\/api.w.org\/{rel}","templated":true}]}}