{"id":11859,"date":"2021-10-11T13:12:10","date_gmt":"2021-10-11T11:35:25","guid":{"rendered":"https:\/\/www.arteartesania.com\/?post_type=product&#038;p=11859"},"modified":"2021-12-07T13:58:54","modified_gmt":"2021-12-07T12:58:54","slug":"dreieckiger-ring-in-925er-silber-mit-18-kt-goldkugel-und-mondstein-oder-granat","status":"publish","type":"product","link":"https:\/\/www.arteartesania.com\/de\/producto\/dreieckiger-ring-in-925er-silber-mit-18-kt-goldkugel-und-mondstein-oder-granat\/","title":{"rendered":"Dreieckiger Ring in 925er Silber mit 18 KT Goldkugel und Mondstein oder Granat"},"content":{"rendered":"<div class=\"woocommerce-product-details__short-description\">\n<p>ST\u00dcCK: Dreieckiger Ring mit Goldkugel<\/p>\n<p>MATERIAL: 925 Silber, 18 Karat Goldspitze<\/p>\n<p>EDELSTEIN: Granat \/ Mondstein<\/p>\n<p><em><strong>VERF\u00dcGBARE GR\u00d6SSEN:<\/strong> Granat &#8211; Gr\u00f6\u00dfe 11 (USA 5 1\/2), Mondstein &#8211; Gr\u00f6\u00dfe 15 (USA 7)<\/em><\/p>\n<p>AUTOR: Carlos Tellechea<\/p>\n<p>JAHR: 2021<\/p>\n<\/div>\n<p>Eine bestimmte Gr\u00f6\u00dfe kann reserviert werden.<\/p>\n","protected":false},"excerpt":{"rendered":"<p>ST\u00dcCK: Dreieckiger Ring mit Goldkugel<\/p>\n<p>MATERIAL: 925 Silber, 18 Karat Goldspitze<\/p>\n<p>EDELSTEIN: Granat \/ Mondstein<\/p>\n<p><em><strong>VERF\u00dcGBARE GR\u00d6SSEN:<\/strong> Granat &#8211; Gr\u00f6\u00dfe 11 (USA 5 1\/2), Mondstein &#8211; Gr\u00f6\u00dfe 15 (USA 7)<\/em><\/p>\n<p>AUTOR: Carlos Tellechea<\/p>\n<p>JAHR: 2021<\/p>\n<p>Eine bestimmte Gr\u00f6\u00dfe kann reserviert werden.<\/p>\n","protected":false},"featured_media":11871,"comment_status":"closed","ping_status":"closed","template":"","meta":{"_acf_changed":false,"inline_featured_image":false},"product_cat":[218,214,244,243],"product_tag":[455,571,342,343],"class_list":{"0":"post-11859","1":"product","2":"type-product","3":"status-publish","4":"has-post-thumbnail","6":"product_cat-carlos-tellechea-de","7":"product_cat-kuenstler","8":"product_cat-ringe","9":"product_cat-schmuck","10":"product_tag-arteartesania-2-de","11":"product_tag-carlos-tellechea-de","12":"product_tag-mallorca-de","13":"product_tag-soller-de","15":"first","16":"outofstock","17":"shipping-taxable","18":"product-type-variable"},"acf":[],"yoast_head":"<!-- This site is optimized with the Yoast SEO plugin v23.6 - https:\/\/yoast.com\/wordpress\/plugins\/seo\/ -->\n<title>Dreieckiger Ring in 925er Silber mit 18 KT Goldkugel und Mondstein oder Granat - Arteartesania<\/title>\n<meta name=\"robots\" content=\"index, follow, max-snippet:-1, max-image-preview:large, max-video-preview:-1\" \/>\n<link rel=\"canonical\" href=\"https:\/\/www.arteartesania.com\/de\/producto\/dreieckiger-ring-in-925er-silber-mit-18-kt-goldkugel-und-mondstein-oder-granat\/\" \/>\n<meta property=\"og:locale\" content=\"de_DE\" \/>\n<meta property=\"og:type\" content=\"article\" \/>\n<meta property=\"og:title\" content=\"Dreieckiger Ring in 925er Silber mit 18 KT Goldkugel und Mondstein oder Granat - Arteartesania\" \/>\n<meta property=\"og:description\" content=\"ST\u00dcCK: Dreieckiger Ring mit Goldkugel  MATERIAL: 925 Silber, 18 Karat Goldspitze  EDELSTEIN: Granat \/ Mondstein  VERF\u00dcGBARE GR\u00d6SSEN: Granat - Gr\u00f6\u00dfe 11 (USA 5 1\/2), Mondstein - Gr\u00f6\u00dfe 15 (USA 7)  AUTOR: Carlos Tellechea  JAHR: 2021  Eine bestimmte Gr\u00f6\u00dfe kann reserviert werden.\" \/>\n<meta property=\"og:url\" content=\"https:\/\/www.arteartesania.com\/de\/producto\/dreieckiger-ring-in-925er-silber-mit-18-kt-goldkugel-und-mondstein-oder-granat\/\" \/>\n<meta property=\"og:site_name\" content=\"Arteartesania\" \/>\n<meta property=\"article:modified_time\" content=\"2021-12-07T12:58:54+00:00\" \/>\n<meta property=\"og:image\" content=\"https:\/\/www.arteartesania.com\/wp-content\/uploads\/2021\/10\/PhotoRoom_20211011_133750.jpg\" \/>\n\t<meta property=\"og:image:width\" content=\"1800\" \/>\n\t<meta property=\"og:image:height\" content=\"1612\" \/>\n\t<meta property=\"og:image:type\" content=\"image\/jpeg\" \/>\n<meta name=\"twitter:card\" content=\"summary_large_image\" \/>\n<meta name=\"twitter:label1\" content=\"Gesch\u00e4tzte Lesezeit\" \/>\n\t<meta name=\"twitter:data1\" content=\"1\u00a0Minute\" \/>\n<script type=\"application\/ld+json\" class=\"yoast-schema-graph\">{\"@context\":\"https:\/\/schema.org\",\"@graph\":[{\"@type\":\"WebPage\",\"@id\":\"https:\/\/www.arteartesania.com\/de\/producto\/dreieckiger-ring-in-925er-silber-mit-18-kt-goldkugel-und-mondstein-oder-granat\/\",\"url\":\"https:\/\/www.arteartesania.com\/de\/producto\/dreieckiger-ring-in-925er-silber-mit-18-kt-goldkugel-und-mondstein-oder-granat\/\",\"name\":\"Dreieckiger Ring in 925er Silber mit 18 KT Goldkugel und Mondstein oder Granat - Arteartesania\",\"isPartOf\":{\"@id\":\"https:\/\/www.arteartesania.com\/de\/#website\"},\"primaryImageOfPage\":{\"@id\":\"https:\/\/www.arteartesania.com\/de\/producto\/dreieckiger-ring-in-925er-silber-mit-18-kt-goldkugel-und-mondstein-oder-granat\/#primaryimage\"},\"image\":{\"@id\":\"https:\/\/www.arteartesania.com\/de\/producto\/dreieckiger-ring-in-925er-silber-mit-18-kt-goldkugel-und-mondstein-oder-granat\/#primaryimage\"},\"thumbnailUrl\":\"https:\/\/www.arteartesania.com\/wp-content\/uploads\/2021\/10\/PhotoRoom_20211011_133750.jpg\",\"datePublished\":\"2021-10-11T11:35:25+00:00\",\"dateModified\":\"2021-12-07T12:58:54+00:00\",\"breadcrumb\":{\"@id\":\"https:\/\/www.arteartesania.com\/de\/producto\/dreieckiger-ring-in-925er-silber-mit-18-kt-goldkugel-und-mondstein-oder-granat\/#breadcrumb\"},\"inLanguage\":\"de\",\"potentialAction\":[{\"@type\":\"ReadAction\",\"target\":[\"https:\/\/www.arteartesania.com\/de\/producto\/dreieckiger-ring-in-925er-silber-mit-18-kt-goldkugel-und-mondstein-oder-granat\/\"]}]},{\"@type\":\"ImageObject\",\"inLanguage\":\"de\",\"@id\":\"https:\/\/www.arteartesania.com\/de\/producto\/dreieckiger-ring-in-925er-silber-mit-18-kt-goldkugel-und-mondstein-oder-granat\/#primaryimage\",\"url\":\"https:\/\/www.arteartesania.com\/wp-content\/uploads\/2021\/10\/PhotoRoom_20211011_133750.jpg\",\"contentUrl\":\"https:\/\/www.arteartesania.com\/wp-content\/uploads\/2021\/10\/PhotoRoom_20211011_133750.jpg\",\"width\":1800,\"height\":1612,\"caption\":\"Anillos artesanales de plata y piedras, Joyas de autor, joyer\u00eda artesanal, joyer\u00eda de plata, joyer\u00eda de oro, anillos triangulares, anillos piedra luna, anillos plata artesanales, joyas artesanales espa\u00f1a, carlos tellechea\"},{\"@type\":\"BreadcrumbList\",\"@id\":\"https:\/\/www.arteartesania.com\/de\/producto\/dreieckiger-ring-in-925er-silber-mit-18-kt-goldkugel-und-mondstein-oder-granat\/#breadcrumb\",\"itemListElement\":[{\"@type\":\"ListItem\",\"position\":1,\"name\":\"Portada\",\"item\":\"https:\/\/www.arteartesania.com\/de\/\"},{\"@type\":\"ListItem\",\"position\":2,\"name\":\"Shop online\",\"item\":\"https:\/\/www.arteartesania.com\/de\/online-bastelladen\/\"},{\"@type\":\"ListItem\",\"position\":3,\"name\":\"Dreieckiger Ring in 925er Silber mit 18 KT Goldkugel und Mondstein oder Granat\"}]},{\"@type\":\"WebSite\",\"@id\":\"https:\/\/www.arteartesania.com\/de\/#website\",\"url\":\"https:\/\/www.arteartesania.com\/de\/\",\"name\":\"Arteartesania\",\"description\":\"Original selecci\u00f3n de Artesan\u00eda Contempor\u00e1nea de Autor\",\"publisher\":{\"@id\":\"https:\/\/www.arteartesania.com\/de\/#organization\"},\"potentialAction\":[{\"@type\":\"SearchAction\",\"target\":{\"@type\":\"EntryPoint\",\"urlTemplate\":\"https:\/\/www.arteartesania.com\/de\/?s={search_term_string}\"},\"query-input\":{\"@type\":\"PropertyValueSpecification\",\"valueRequired\":true,\"valueName\":\"search_term_string\"}}],\"inLanguage\":\"de\"},{\"@type\":\"Organization\",\"@id\":\"https:\/\/www.arteartesania.com\/de\/#organization\",\"name\":\"Arteartesania\",\"url\":\"https:\/\/www.arteartesania.com\/de\/\",\"logo\":{\"@type\":\"ImageObject\",\"inLanguage\":\"de\",\"@id\":\"https:\/\/www.arteartesania.com\/de\/#\/schema\/logo\/image\/\",\"url\":\"https:\/\/www.arteartesania.com\/wp-content\/uploads\/2019\/12\/cropped-logofooter.png\",\"contentUrl\":\"https:\/\/www.arteartesania.com\/wp-content\/uploads\/2019\/12\/cropped-logofooter.png\",\"width\":539,\"height\":58,\"caption\":\"Arteartesania\"},\"image\":{\"@id\":\"https:\/\/www.arteartesania.com\/de\/#\/schema\/logo\/image\/\"}}]}<\/script>\n<!-- \/ Yoast SEO plugin. -->","yoast_head_json":{"title":"Dreieckiger Ring in 925er Silber mit 18 KT Goldkugel und Mondstein oder Granat - Arteartesania","robots":{"index":"index","follow":"follow","max-snippet":"max-snippet:-1","max-image-preview":"max-image-preview:large","max-video-preview":"max-video-preview:-1"},"canonical":"https:\/\/www.arteartesania.com\/de\/producto\/dreieckiger-ring-in-925er-silber-mit-18-kt-goldkugel-und-mondstein-oder-granat\/","og_locale":"de_DE","og_type":"article","og_title":"Dreieckiger Ring in 925er Silber mit 18 KT Goldkugel und Mondstein oder Granat - Arteartesania","og_description":"ST\u00dcCK: Dreieckiger Ring mit Goldkugel  MATERIAL: 925 Silber, 18 Karat Goldspitze  EDELSTEIN: Granat \/ Mondstein  VERF\u00dcGBARE GR\u00d6SSEN: Granat - Gr\u00f6\u00dfe 11 (USA 5 1\/2), Mondstein - Gr\u00f6\u00dfe 15 (USA 7)  AUTOR: Carlos Tellechea  JAHR: 2021  Eine bestimmte Gr\u00f6\u00dfe kann reserviert werden.","og_url":"https:\/\/www.arteartesania.com\/de\/producto\/dreieckiger-ring-in-925er-silber-mit-18-kt-goldkugel-und-mondstein-oder-granat\/","og_site_name":"Arteartesania","article_modified_time":"2021-12-07T12:58:54+00:00","og_image":[{"width":1800,"height":1612,"url":"https:\/\/www.arteartesania.com\/wp-content\/uploads\/2021\/10\/PhotoRoom_20211011_133750.jpg","type":"image\/jpeg"}],"twitter_card":"summary_large_image","twitter_misc":{"Gesch\u00e4tzte Lesezeit":"1\u00a0Minute"},"schema":{"@context":"https:\/\/schema.org","@graph":[{"@type":"WebPage","@id":"https:\/\/www.arteartesania.com\/de\/producto\/dreieckiger-ring-in-925er-silber-mit-18-kt-goldkugel-und-mondstein-oder-granat\/","url":"https:\/\/www.arteartesania.com\/de\/producto\/dreieckiger-ring-in-925er-silber-mit-18-kt-goldkugel-und-mondstein-oder-granat\/","name":"Dreieckiger Ring in 925er Silber mit 18 KT Goldkugel und Mondstein oder Granat - Arteartesania","isPartOf":{"@id":"https:\/\/www.arteartesania.com\/de\/#website"},"primaryImageOfPage":{"@id":"https:\/\/www.arteartesania.com\/de\/producto\/dreieckiger-ring-in-925er-silber-mit-18-kt-goldkugel-und-mondstein-oder-granat\/#primaryimage"},"image":{"@id":"https:\/\/www.arteartesania.com\/de\/producto\/dreieckiger-ring-in-925er-silber-mit-18-kt-goldkugel-und-mondstein-oder-granat\/#primaryimage"},"thumbnailUrl":"https:\/\/www.arteartesania.com\/wp-content\/uploads\/2021\/10\/PhotoRoom_20211011_133750.jpg","datePublished":"2021-10-11T11:35:25+00:00","dateModified":"2021-12-07T12:58:54+00:00","breadcrumb":{"@id":"https:\/\/www.arteartesania.com\/de\/producto\/dreieckiger-ring-in-925er-silber-mit-18-kt-goldkugel-und-mondstein-oder-granat\/#breadcrumb"},"inLanguage":"de","potentialAction":[{"@type":"ReadAction","target":["https:\/\/www.arteartesania.com\/de\/producto\/dreieckiger-ring-in-925er-silber-mit-18-kt-goldkugel-und-mondstein-oder-granat\/"]}]},{"@type":"ImageObject","inLanguage":"de","@id":"https:\/\/www.arteartesania.com\/de\/producto\/dreieckiger-ring-in-925er-silber-mit-18-kt-goldkugel-und-mondstein-oder-granat\/#primaryimage","url":"https:\/\/www.arteartesania.com\/wp-content\/uploads\/2021\/10\/PhotoRoom_20211011_133750.jpg","contentUrl":"https:\/\/www.arteartesania.com\/wp-content\/uploads\/2021\/10\/PhotoRoom_20211011_133750.jpg","width":1800,"height":1612,"caption":"Anillos artesanales de plata y piedras, Joyas de autor, joyer\u00eda artesanal, joyer\u00eda de plata, joyer\u00eda de oro, anillos triangulares, anillos piedra luna, anillos plata artesanales, joyas artesanales espa\u00f1a, carlos tellechea"},{"@type":"BreadcrumbList","@id":"https:\/\/www.arteartesania.com\/de\/producto\/dreieckiger-ring-in-925er-silber-mit-18-kt-goldkugel-und-mondstein-oder-granat\/#breadcrumb","itemListElement":[{"@type":"ListItem","position":1,"name":"Portada","item":"https:\/\/www.arteartesania.com\/de\/"},{"@type":"ListItem","position":2,"name":"Shop online","item":"https:\/\/www.arteartesania.com\/de\/online-bastelladen\/"},{"@type":"ListItem","position":3,"name":"Dreieckiger Ring in 925er Silber mit 18 KT Goldkugel und Mondstein oder Granat"}]},{"@type":"WebSite","@id":"https:\/\/www.arteartesania.com\/de\/#website","url":"https:\/\/www.arteartesania.com\/de\/","name":"Arteartesania","description":"Original selecci\u00f3n de Artesan\u00eda Contempor\u00e1nea de Autor","publisher":{"@id":"https:\/\/www.arteartesania.com\/de\/#organization"},"potentialAction":[{"@type":"SearchAction","target":{"@type":"EntryPoint","urlTemplate":"https:\/\/www.arteartesania.com\/de\/?s={search_term_string}"},"query-input":{"@type":"PropertyValueSpecification","valueRequired":true,"valueName":"search_term_string"}}],"inLanguage":"de"},{"@type":"Organization","@id":"https:\/\/www.arteartesania.com\/de\/#organization","name":"Arteartesania","url":"https:\/\/www.arteartesania.com\/de\/","logo":{"@type":"ImageObject","inLanguage":"de","@id":"https:\/\/www.arteartesania.com\/de\/#\/schema\/logo\/image\/","url":"https:\/\/www.arteartesania.com\/wp-content\/uploads\/2019\/12\/cropped-logofooter.png","contentUrl":"https:\/\/www.arteartesania.com\/wp-content\/uploads\/2019\/12\/cropped-logofooter.png","width":539,"height":58,"caption":"Arteartesania"},"image":{"@id":"https:\/\/www.arteartesania.com\/de\/#\/schema\/logo\/image\/"}}]}},"_links":{"self":[{"href":"https:\/\/www.arteartesania.com\/de\/wp-json\/wp\/v2\/product\/11859"}],"collection":[{"href":"https:\/\/www.arteartesania.com\/de\/wp-json\/wp\/v2\/product"}],"about":[{"href":"https:\/\/www.arteartesania.com\/de\/wp-json\/wp\/v2\/types\/product"}],"replies":[{"embeddable":true,"href":"https:\/\/www.arteartesania.com\/de\/wp-json\/wp\/v2\/comments?post=11859"}],"wp:featuredmedia":[{"embeddable":true,"href":"https:\/\/www.arteartesania.com\/de\/wp-json\/wp\/v2\/media\/11871"}],"wp:attachment":[{"href":"https:\/\/www.arteartesania.com\/de\/wp-json\/wp\/v2\/media?parent=11859"}],"wp:term":[{"taxonomy":"product_cat","embeddable":true,"href":"https:\/\/www.arteartesania.com\/de\/wp-json\/wp\/v2\/product_cat?post=11859"},{"taxonomy":"product_tag","embeddable":true,"href":"https:\/\/www.arteartesania.com\/de\/wp-json\/wp\/v2\/product_tag?post=11859"}],"curies":[{"name":"wp","href":"https:\/\/api.w.org\/{rel}","templated":true}]}}