{"id":11381,"date":"2021-09-13T12:48:02","date_gmt":"2021-09-13T11:25:16","guid":{"rendered":"https:\/\/www.arteartesania.com\/?post_type=product&#038;p=11381"},"modified":"2021-09-13T13:28:23","modified_gmt":"2021-09-13T11:28:23","slug":"skulptur-zwei-mohnblumen-mit-rechteckiger-oder-runder-dose","status":"publish","type":"product","link":"https:\/\/www.arteartesania.com\/de\/producto\/skulptur-zwei-mohnblumen-mit-rechteckiger-oder-runder-dose\/","title":{"rendered":"Skulptur &#8222;Zwei Mohnblumen&#8220; mit rechteckiger oder runder Dose"},"content":{"rendered":"<p>Skulptur &#8222;Zwei Mohnblumen&#8220; mit rechteckiger oder runder Dose<\/p>\n<p>Material: Bronze, Patina (Kupferoxid)<\/p>\n<p><strong>MASSE:<\/strong><\/p>\n<p>Kleine runde Dose: Durchmesser 8 cm, H\u00f6he 33 cm<\/p>\n<p>Gro\u00dfe runde Dose: Durchmesser 11 cm, H\u00f6he 33 cm<\/p>\n<p>Rechteckige Box: 9 x 6 x 31 cm<\/p>\n<p>Autor: Carlos Tellechea<\/p>\n<p>Jahr: 2021<\/p>\n","protected":false},"excerpt":{"rendered":"<p>Skulptur &#8222;Zwei Mohnblumen&#8220; mit rechteckiger oder runder Dose<\/p>\n<p>Material: Bronze, Patina (Kupferoxid)<\/p>\n<p><strong>MASSE:<\/strong><\/p>\n<p>Kleine runde Dose: Durchmesser 8 cm, H\u00f6he 33 cm<\/p>\n<p>Gro\u00dfe runde Dose: Durchmesser 11 cm, H\u00f6he 33 cm<\/p>\n<p>Rechteckige Box: 9 x 6 x 31 cm<\/p>\n<p>Autor: Carlos Tellechea<\/p>\n<p>Jahr: 2021<\/p>\n","protected":false},"featured_media":11409,"comment_status":"closed","ping_status":"closed","template":"","meta":{"_acf_changed":false,"inline_featured_image":false},"product_cat":[218,214,254,252,599],"product_tag":[455,571,342],"class_list":{"0":"post-11381","1":"product","2":"type-product","3":"status-publish","4":"has-post-thumbnail","6":"product_cat-carlos-tellechea-de","7":"product_cat-kuenstler","8":"product_cat-liebesschloesser","9":"product_cat-objekte","10":"product_cat-patina-de","11":"product_tag-arteartesania-2-de","12":"product_tag-carlos-tellechea-de","13":"product_tag-mallorca-de","15":"first","16":"outofstock","17":"shipping-taxable","18":"product-type-variable"},"acf":[],"yoast_head":"<!-- This site is optimized with the Yoast SEO plugin v23.6 - https:\/\/yoast.com\/wordpress\/plugins\/seo\/ -->\n<title>Skulptur &quot;Zwei Mohnblumen&quot; mit rechteckiger oder runder Dose - Arteartesania<\/title>\n<meta name=\"robots\" content=\"index, follow, max-snippet:-1, max-image-preview:large, max-video-preview:-1\" \/>\n<link rel=\"canonical\" href=\"https:\/\/www.arteartesania.com\/de\/producto\/skulptur-zwei-mohnblumen-mit-rechteckiger-oder-runder-dose\/\" \/>\n<meta property=\"og:locale\" content=\"de_DE\" \/>\n<meta property=\"og:type\" content=\"article\" \/>\n<meta property=\"og:title\" content=\"Skulptur &quot;Zwei Mohnblumen&quot; mit rechteckiger oder runder Dose - Arteartesania\" \/>\n<meta property=\"og:description\" content=\"Skulptur &quot;Zwei Mohnblumen&quot; mit rechteckiger oder runder Dose  Material: Bronze, Patina (Kupferoxid)  MASSE:  Kleine runde Dose: Durchmesser 8 cm, H\u00f6he 33 cm  Gro\u00dfe runde Dose: Durchmesser 11 cm, H\u00f6he 33 cm  Rechteckige Box: 9 x 6 x 31 cm  Autor: Carlos Tellechea  Jahr: 2021\" \/>\n<meta property=\"og:url\" content=\"https:\/\/www.arteartesania.com\/de\/producto\/skulptur-zwei-mohnblumen-mit-rechteckiger-oder-runder-dose\/\" \/>\n<meta property=\"og:site_name\" content=\"Arteartesania\" \/>\n<meta property=\"article:modified_time\" content=\"2021-09-13T11:28:23+00:00\" \/>\n<meta property=\"og:image\" content=\"https:\/\/www.arteartesania.com\/wp-content\/uploads\/2021\/09\/IMG_3796-1-scaled-e1632479793972.jpeg\" \/>\n\t<meta property=\"og:image:width\" content=\"1845\" \/>\n\t<meta property=\"og:image:height\" content=\"2560\" \/>\n\t<meta property=\"og:image:type\" content=\"image\/jpeg\" \/>\n<meta name=\"twitter:card\" content=\"summary_large_image\" \/>\n<meta name=\"twitter:label1\" content=\"Gesch\u00e4tzte Lesezeit\" \/>\n\t<meta name=\"twitter:data1\" content=\"1\u00a0Minute\" \/>\n<script type=\"application\/ld+json\" class=\"yoast-schema-graph\">{\"@context\":\"https:\/\/schema.org\",\"@graph\":[{\"@type\":\"WebPage\",\"@id\":\"https:\/\/www.arteartesania.com\/de\/producto\/skulptur-zwei-mohnblumen-mit-rechteckiger-oder-runder-dose\/\",\"url\":\"https:\/\/www.arteartesania.com\/de\/producto\/skulptur-zwei-mohnblumen-mit-rechteckiger-oder-runder-dose\/\",\"name\":\"Skulptur \\\"Zwei Mohnblumen\\\" mit rechteckiger oder runder Dose - Arteartesania\",\"isPartOf\":{\"@id\":\"https:\/\/www.arteartesania.com\/de\/#website\"},\"primaryImageOfPage\":{\"@id\":\"https:\/\/www.arteartesania.com\/de\/producto\/skulptur-zwei-mohnblumen-mit-rechteckiger-oder-runder-dose\/#primaryimage\"},\"image\":{\"@id\":\"https:\/\/www.arteartesania.com\/de\/producto\/skulptur-zwei-mohnblumen-mit-rechteckiger-oder-runder-dose\/#primaryimage\"},\"thumbnailUrl\":\"https:\/\/www.arteartesania.com\/wp-content\/uploads\/2021\/09\/IMG_3796-1.jpeg\",\"datePublished\":\"2021-09-13T11:25:16+00:00\",\"dateModified\":\"2021-09-13T11:28:23+00:00\",\"breadcrumb\":{\"@id\":\"https:\/\/www.arteartesania.com\/de\/producto\/skulptur-zwei-mohnblumen-mit-rechteckiger-oder-runder-dose\/#breadcrumb\"},\"inLanguage\":\"de\",\"potentialAction\":[{\"@type\":\"ReadAction\",\"target\":[\"https:\/\/www.arteartesania.com\/de\/producto\/skulptur-zwei-mohnblumen-mit-rechteckiger-oder-runder-dose\/\"]}]},{\"@type\":\"ImageObject\",\"inLanguage\":\"de\",\"@id\":\"https:\/\/www.arteartesania.com\/de\/producto\/skulptur-zwei-mohnblumen-mit-rechteckiger-oder-runder-dose\/#primaryimage\",\"url\":\"https:\/\/www.arteartesania.com\/wp-content\/uploads\/2021\/09\/IMG_3796-1.jpeg\",\"contentUrl\":\"https:\/\/www.arteartesania.com\/wp-content\/uploads\/2021\/09\/IMG_3796-1.jpeg\",\"width\":1845,\"height\":2560,\"caption\":\"figuras decorativas de dise\u00f1o, sal\u00f3n moderno, escultura moderna,\"},{\"@type\":\"BreadcrumbList\",\"@id\":\"https:\/\/www.arteartesania.com\/de\/producto\/skulptur-zwei-mohnblumen-mit-rechteckiger-oder-runder-dose\/#breadcrumb\",\"itemListElement\":[{\"@type\":\"ListItem\",\"position\":1,\"name\":\"Portada\",\"item\":\"https:\/\/www.arteartesania.com\/de\/\"},{\"@type\":\"ListItem\",\"position\":2,\"name\":\"Shop online\",\"item\":\"https:\/\/www.arteartesania.com\/de\/online-bastelladen\/\"},{\"@type\":\"ListItem\",\"position\":3,\"name\":\"Skulptur \u00abZwei Mohnblumen\u00bb mit rechteckiger oder runder Dose\"}]},{\"@type\":\"WebSite\",\"@id\":\"https:\/\/www.arteartesania.com\/de\/#website\",\"url\":\"https:\/\/www.arteartesania.com\/de\/\",\"name\":\"Arteartesania\",\"description\":\"Original selecci\u00f3n de Artesan\u00eda Contempor\u00e1nea de Autor\",\"publisher\":{\"@id\":\"https:\/\/www.arteartesania.com\/de\/#organization\"},\"potentialAction\":[{\"@type\":\"SearchAction\",\"target\":{\"@type\":\"EntryPoint\",\"urlTemplate\":\"https:\/\/www.arteartesania.com\/de\/?s={search_term_string}\"},\"query-input\":{\"@type\":\"PropertyValueSpecification\",\"valueRequired\":true,\"valueName\":\"search_term_string\"}}],\"inLanguage\":\"de\"},{\"@type\":\"Organization\",\"@id\":\"https:\/\/www.arteartesania.com\/de\/#organization\",\"name\":\"Arteartesania\",\"url\":\"https:\/\/www.arteartesania.com\/de\/\",\"logo\":{\"@type\":\"ImageObject\",\"inLanguage\":\"de\",\"@id\":\"https:\/\/www.arteartesania.com\/de\/#\/schema\/logo\/image\/\",\"url\":\"https:\/\/www.arteartesania.com\/wp-content\/uploads\/2019\/12\/cropped-logofooter.png\",\"contentUrl\":\"https:\/\/www.arteartesania.com\/wp-content\/uploads\/2019\/12\/cropped-logofooter.png\",\"width\":539,\"height\":58,\"caption\":\"Arteartesania\"},\"image\":{\"@id\":\"https:\/\/www.arteartesania.com\/de\/#\/schema\/logo\/image\/\"}}]}<\/script>\n<!-- \/ Yoast SEO plugin. -->","yoast_head_json":{"title":"Skulptur \"Zwei Mohnblumen\" mit rechteckiger oder runder Dose - Arteartesania","robots":{"index":"index","follow":"follow","max-snippet":"max-snippet:-1","max-image-preview":"max-image-preview:large","max-video-preview":"max-video-preview:-1"},"canonical":"https:\/\/www.arteartesania.com\/de\/producto\/skulptur-zwei-mohnblumen-mit-rechteckiger-oder-runder-dose\/","og_locale":"de_DE","og_type":"article","og_title":"Skulptur \"Zwei Mohnblumen\" mit rechteckiger oder runder Dose - Arteartesania","og_description":"Skulptur \"Zwei Mohnblumen\" mit rechteckiger oder runder Dose  Material: Bronze, Patina (Kupferoxid)  MASSE:  Kleine runde Dose: Durchmesser 8 cm, H\u00f6he 33 cm  Gro\u00dfe runde Dose: Durchmesser 11 cm, H\u00f6he 33 cm  Rechteckige Box: 9 x 6 x 31 cm  Autor: Carlos Tellechea  Jahr: 2021","og_url":"https:\/\/www.arteartesania.com\/de\/producto\/skulptur-zwei-mohnblumen-mit-rechteckiger-oder-runder-dose\/","og_site_name":"Arteartesania","article_modified_time":"2021-09-13T11:28:23+00:00","og_image":[{"width":1845,"height":2560,"url":"https:\/\/www.arteartesania.com\/wp-content\/uploads\/2021\/09\/IMG_3796-1-scaled-e1632479793972.jpeg","type":"image\/jpeg"}],"twitter_card":"summary_large_image","twitter_misc":{"Gesch\u00e4tzte Lesezeit":"1\u00a0Minute"},"schema":{"@context":"https:\/\/schema.org","@graph":[{"@type":"WebPage","@id":"https:\/\/www.arteartesania.com\/de\/producto\/skulptur-zwei-mohnblumen-mit-rechteckiger-oder-runder-dose\/","url":"https:\/\/www.arteartesania.com\/de\/producto\/skulptur-zwei-mohnblumen-mit-rechteckiger-oder-runder-dose\/","name":"Skulptur \"Zwei Mohnblumen\" mit rechteckiger oder runder Dose - Arteartesania","isPartOf":{"@id":"https:\/\/www.arteartesania.com\/de\/#website"},"primaryImageOfPage":{"@id":"https:\/\/www.arteartesania.com\/de\/producto\/skulptur-zwei-mohnblumen-mit-rechteckiger-oder-runder-dose\/#primaryimage"},"image":{"@id":"https:\/\/www.arteartesania.com\/de\/producto\/skulptur-zwei-mohnblumen-mit-rechteckiger-oder-runder-dose\/#primaryimage"},"thumbnailUrl":"https:\/\/www.arteartesania.com\/wp-content\/uploads\/2021\/09\/IMG_3796-1.jpeg","datePublished":"2021-09-13T11:25:16+00:00","dateModified":"2021-09-13T11:28:23+00:00","breadcrumb":{"@id":"https:\/\/www.arteartesania.com\/de\/producto\/skulptur-zwei-mohnblumen-mit-rechteckiger-oder-runder-dose\/#breadcrumb"},"inLanguage":"de","potentialAction":[{"@type":"ReadAction","target":["https:\/\/www.arteartesania.com\/de\/producto\/skulptur-zwei-mohnblumen-mit-rechteckiger-oder-runder-dose\/"]}]},{"@type":"ImageObject","inLanguage":"de","@id":"https:\/\/www.arteartesania.com\/de\/producto\/skulptur-zwei-mohnblumen-mit-rechteckiger-oder-runder-dose\/#primaryimage","url":"https:\/\/www.arteartesania.com\/wp-content\/uploads\/2021\/09\/IMG_3796-1.jpeg","contentUrl":"https:\/\/www.arteartesania.com\/wp-content\/uploads\/2021\/09\/IMG_3796-1.jpeg","width":1845,"height":2560,"caption":"figuras decorativas de dise\u00f1o, sal\u00f3n moderno, escultura moderna,"},{"@type":"BreadcrumbList","@id":"https:\/\/www.arteartesania.com\/de\/producto\/skulptur-zwei-mohnblumen-mit-rechteckiger-oder-runder-dose\/#breadcrumb","itemListElement":[{"@type":"ListItem","position":1,"name":"Portada","item":"https:\/\/www.arteartesania.com\/de\/"},{"@type":"ListItem","position":2,"name":"Shop online","item":"https:\/\/www.arteartesania.com\/de\/online-bastelladen\/"},{"@type":"ListItem","position":3,"name":"Skulptur \u00abZwei Mohnblumen\u00bb mit rechteckiger oder runder Dose"}]},{"@type":"WebSite","@id":"https:\/\/www.arteartesania.com\/de\/#website","url":"https:\/\/www.arteartesania.com\/de\/","name":"Arteartesania","description":"Original selecci\u00f3n de Artesan\u00eda Contempor\u00e1nea de Autor","publisher":{"@id":"https:\/\/www.arteartesania.com\/de\/#organization"},"potentialAction":[{"@type":"SearchAction","target":{"@type":"EntryPoint","urlTemplate":"https:\/\/www.arteartesania.com\/de\/?s={search_term_string}"},"query-input":{"@type":"PropertyValueSpecification","valueRequired":true,"valueName":"search_term_string"}}],"inLanguage":"de"},{"@type":"Organization","@id":"https:\/\/www.arteartesania.com\/de\/#organization","name":"Arteartesania","url":"https:\/\/www.arteartesania.com\/de\/","logo":{"@type":"ImageObject","inLanguage":"de","@id":"https:\/\/www.arteartesania.com\/de\/#\/schema\/logo\/image\/","url":"https:\/\/www.arteartesania.com\/wp-content\/uploads\/2019\/12\/cropped-logofooter.png","contentUrl":"https:\/\/www.arteartesania.com\/wp-content\/uploads\/2019\/12\/cropped-logofooter.png","width":539,"height":58,"caption":"Arteartesania"},"image":{"@id":"https:\/\/www.arteartesania.com\/de\/#\/schema\/logo\/image\/"}}]}},"_links":{"self":[{"href":"https:\/\/www.arteartesania.com\/de\/wp-json\/wp\/v2\/product\/11381"}],"collection":[{"href":"https:\/\/www.arteartesania.com\/de\/wp-json\/wp\/v2\/product"}],"about":[{"href":"https:\/\/www.arteartesania.com\/de\/wp-json\/wp\/v2\/types\/product"}],"replies":[{"embeddable":true,"href":"https:\/\/www.arteartesania.com\/de\/wp-json\/wp\/v2\/comments?post=11381"}],"wp:featuredmedia":[{"embeddable":true,"href":"https:\/\/www.arteartesania.com\/de\/wp-json\/wp\/v2\/media\/11409"}],"wp:attachment":[{"href":"https:\/\/www.arteartesania.com\/de\/wp-json\/wp\/v2\/media?parent=11381"}],"wp:term":[{"taxonomy":"product_cat","embeddable":true,"href":"https:\/\/www.arteartesania.com\/de\/wp-json\/wp\/v2\/product_cat?post=11381"},{"taxonomy":"product_tag","embeddable":true,"href":"https:\/\/www.arteartesania.com\/de\/wp-json\/wp\/v2\/product_tag?post=11381"}],"curies":[{"name":"wp","href":"https:\/\/api.w.org\/{rel}","templated":true}]}}