{"id":11078,"date":"2021-04-30T16:42:04","date_gmt":"2021-08-14T10:54:39","guid":{"rendered":"https:\/\/www.arteartesania.com\/?post_type=product&#038;p=11078"},"modified":"2021-08-14T12:54:41","modified_gmt":"2021-08-14T10:54:41","slug":"manschettenknoepfe-und-krawattenklammern-aus-925er-silber-in-schwarz-mit-details-aus-18-karat-gold","status":"publish","type":"product","link":"https:\/\/www.arteartesania.com\/de\/producto\/manschettenknoepfe-und-krawattenklammern-aus-925er-silber-in-schwarz-mit-details-aus-18-karat-gold\/","title":{"rendered":"Manschettenkn\u00f6pfe und Krawattenklammern aus 925er Silber in Schwarz mit Details aus 18 Karat Gold"},"content":{"rendered":"<p>Schwarze Manschettenkn\u00f6pfe und Krawattenklammer aus 925er Silber<\/p>\n<p>Handgefertigte St\u00fccke von Carlos Tellechea in schwarzem Silber mit goldenen Details<\/p>\n","protected":false},"excerpt":{"rendered":"<p>ST\u00dcCK: Set aus Manschettenkn\u00f6pfen und Krawattenklammern<\/p>\n<p>MATERIAL: Oxidiertes 925er Silber mit Golddetails<\/p>\n<p>AUTOR: Carlos Tellechea<\/p>\n","protected":false},"featured_media":9805,"comment_status":"closed","ping_status":"closed","template":"","meta":{"_acf_changed":false,"inline_featured_image":false},"product_cat":[218,214,249],"product_tag":[455,777,779,342,783,343],"class_list":{"0":"post-11078","1":"product","2":"type-product","3":"status-publish","4":"has-post-thumbnail","6":"product_cat-carlos-tellechea-de","7":"product_cat-kuenstler","8":"product_cat-maenner","9":"product_tag-arteartesania-2-de","10":"product_tag-carlostellechea-2-de","11":"product_tag-hecho-a-mano-de","12":"product_tag-mallorca-de","13":"product_tag-plata-de","14":"product_tag-soller-de","16":"first","17":"instock","18":"shipping-taxable","19":"purchasable","20":"product-type-simple"},"acf":[],"yoast_head":"<!-- This site is optimized with the Yoast SEO plugin v23.6 - https:\/\/yoast.com\/wordpress\/plugins\/seo\/ -->\n<title>Manschettenkn\u00f6pfe und Krawattenklammern aus 925er Silber in Schwarz mit Details aus 18 Karat Gold - Arteartesania<\/title>\n<meta name=\"robots\" content=\"index, follow, max-snippet:-1, max-image-preview:large, max-video-preview:-1\" \/>\n<link rel=\"canonical\" href=\"https:\/\/www.arteartesania.com\/de\/producto\/manschettenknoepfe-und-krawattenklammern-aus-925er-silber-in-schwarz-mit-details-aus-18-karat-gold\/\" \/>\n<meta property=\"og:locale\" content=\"de_DE\" \/>\n<meta property=\"og:type\" content=\"article\" \/>\n<meta property=\"og:title\" content=\"Manschettenkn\u00f6pfe und Krawattenklammern aus 925er Silber in Schwarz mit Details aus 18 Karat Gold - Arteartesania\" \/>\n<meta property=\"og:description\" content=\"ST\u00dcCK: Set aus Manschettenkn\u00f6pfen und Krawattenklammern  MATERIAL: Oxidiertes 925er Silber mit Golddetails  AUTOR: Carlos Tellechea\" \/>\n<meta property=\"og:url\" content=\"https:\/\/www.arteartesania.com\/de\/producto\/manschettenknoepfe-und-krawattenklammern-aus-925er-silber-in-schwarz-mit-details-aus-18-karat-gold\/\" \/>\n<meta property=\"og:site_name\" content=\"Arteartesania\" \/>\n<meta property=\"article:modified_time\" content=\"2021-08-14T10:54:41+00:00\" \/>\n<meta property=\"og:image\" content=\"https:\/\/www.arteartesania.com\/wp-content\/uploads\/2021\/04\/IMG_4574.jpg\" \/>\n\t<meta property=\"og:image:width\" content=\"2295\" \/>\n\t<meta property=\"og:image:height\" content=\"2295\" \/>\n\t<meta property=\"og:image:type\" content=\"image\/jpeg\" \/>\n<meta name=\"twitter:card\" content=\"summary_large_image\" \/>\n<meta name=\"twitter:label1\" content=\"Gesch\u00e4tzte Lesezeit\" \/>\n\t<meta name=\"twitter:data1\" content=\"1\u00a0Minute\" \/>\n<script type=\"application\/ld+json\" class=\"yoast-schema-graph\">{\"@context\":\"https:\/\/schema.org\",\"@graph\":[{\"@type\":\"WebPage\",\"@id\":\"https:\/\/www.arteartesania.com\/de\/producto\/manschettenknoepfe-und-krawattenklammern-aus-925er-silber-in-schwarz-mit-details-aus-18-karat-gold\/\",\"url\":\"https:\/\/www.arteartesania.com\/de\/producto\/manschettenknoepfe-und-krawattenklammern-aus-925er-silber-in-schwarz-mit-details-aus-18-karat-gold\/\",\"name\":\"Manschettenkn\u00f6pfe und Krawattenklammern aus 925er Silber in Schwarz mit Details aus 18 Karat Gold - Arteartesania\",\"isPartOf\":{\"@id\":\"https:\/\/www.arteartesania.com\/de\/#website\"},\"primaryImageOfPage\":{\"@id\":\"https:\/\/www.arteartesania.com\/de\/producto\/manschettenknoepfe-und-krawattenklammern-aus-925er-silber-in-schwarz-mit-details-aus-18-karat-gold\/#primaryimage\"},\"image\":{\"@id\":\"https:\/\/www.arteartesania.com\/de\/producto\/manschettenknoepfe-und-krawattenklammern-aus-925er-silber-in-schwarz-mit-details-aus-18-karat-gold\/#primaryimage\"},\"thumbnailUrl\":\"https:\/\/www.arteartesania.com\/wp-content\/uploads\/2021\/04\/IMG_4574.jpg\",\"datePublished\":\"2021-08-14T10:54:39+00:00\",\"dateModified\":\"2021-08-14T10:54:41+00:00\",\"breadcrumb\":{\"@id\":\"https:\/\/www.arteartesania.com\/de\/producto\/manschettenknoepfe-und-krawattenklammern-aus-925er-silber-in-schwarz-mit-details-aus-18-karat-gold\/#breadcrumb\"},\"inLanguage\":\"de\",\"potentialAction\":[{\"@type\":\"ReadAction\",\"target\":[\"https:\/\/www.arteartesania.com\/de\/producto\/manschettenknoepfe-und-krawattenklammern-aus-925er-silber-in-schwarz-mit-details-aus-18-karat-gold\/\"]}]},{\"@type\":\"ImageObject\",\"inLanguage\":\"de\",\"@id\":\"https:\/\/www.arteartesania.com\/de\/producto\/manschettenknoepfe-und-krawattenklammern-aus-925er-silber-in-schwarz-mit-details-aus-18-karat-gold\/#primaryimage\",\"url\":\"https:\/\/www.arteartesania.com\/wp-content\/uploads\/2021\/04\/IMG_4574.jpg\",\"contentUrl\":\"https:\/\/www.arteartesania.com\/wp-content\/uploads\/2021\/04\/IMG_4574.jpg\",\"width\":2295,\"height\":2295,\"caption\":\"gemelos plata artesanos, joyer\u00eda para hombre, joyas de plata artesanales, carlos tellechea\"},{\"@type\":\"BreadcrumbList\",\"@id\":\"https:\/\/www.arteartesania.com\/de\/producto\/manschettenknoepfe-und-krawattenklammern-aus-925er-silber-in-schwarz-mit-details-aus-18-karat-gold\/#breadcrumb\",\"itemListElement\":[{\"@type\":\"ListItem\",\"position\":1,\"name\":\"Portada\",\"item\":\"https:\/\/www.arteartesania.com\/de\/\"},{\"@type\":\"ListItem\",\"position\":2,\"name\":\"Shop online\",\"item\":\"https:\/\/www.arteartesania.com\/de\/online-bastelladen\/\"},{\"@type\":\"ListItem\",\"position\":3,\"name\":\"Manschettenkn\u00f6pfe und Krawattenklammern aus 925er Silber in Schwarz mit Details aus 18 Karat Gold\"}]},{\"@type\":\"WebSite\",\"@id\":\"https:\/\/www.arteartesania.com\/de\/#website\",\"url\":\"https:\/\/www.arteartesania.com\/de\/\",\"name\":\"Arteartesania\",\"description\":\"Original selecci\u00f3n de Artesan\u00eda Contempor\u00e1nea de Autor\",\"publisher\":{\"@id\":\"https:\/\/www.arteartesania.com\/de\/#organization\"},\"potentialAction\":[{\"@type\":\"SearchAction\",\"target\":{\"@type\":\"EntryPoint\",\"urlTemplate\":\"https:\/\/www.arteartesania.com\/de\/?s={search_term_string}\"},\"query-input\":{\"@type\":\"PropertyValueSpecification\",\"valueRequired\":true,\"valueName\":\"search_term_string\"}}],\"inLanguage\":\"de\"},{\"@type\":\"Organization\",\"@id\":\"https:\/\/www.arteartesania.com\/de\/#organization\",\"name\":\"Arteartesania\",\"url\":\"https:\/\/www.arteartesania.com\/de\/\",\"logo\":{\"@type\":\"ImageObject\",\"inLanguage\":\"de\",\"@id\":\"https:\/\/www.arteartesania.com\/de\/#\/schema\/logo\/image\/\",\"url\":\"https:\/\/www.arteartesania.com\/wp-content\/uploads\/2019\/12\/cropped-logofooter.png\",\"contentUrl\":\"https:\/\/www.arteartesania.com\/wp-content\/uploads\/2019\/12\/cropped-logofooter.png\",\"width\":539,\"height\":58,\"caption\":\"Arteartesania\"},\"image\":{\"@id\":\"https:\/\/www.arteartesania.com\/de\/#\/schema\/logo\/image\/\"}}]}<\/script>\n<!-- \/ Yoast SEO plugin. -->","yoast_head_json":{"title":"Manschettenkn\u00f6pfe und Krawattenklammern aus 925er Silber in Schwarz mit Details aus 18 Karat Gold - Arteartesania","robots":{"index":"index","follow":"follow","max-snippet":"max-snippet:-1","max-image-preview":"max-image-preview:large","max-video-preview":"max-video-preview:-1"},"canonical":"https:\/\/www.arteartesania.com\/de\/producto\/manschettenknoepfe-und-krawattenklammern-aus-925er-silber-in-schwarz-mit-details-aus-18-karat-gold\/","og_locale":"de_DE","og_type":"article","og_title":"Manschettenkn\u00f6pfe und Krawattenklammern aus 925er Silber in Schwarz mit Details aus 18 Karat Gold - Arteartesania","og_description":"ST\u00dcCK: Set aus Manschettenkn\u00f6pfen und Krawattenklammern  MATERIAL: Oxidiertes 925er Silber mit Golddetails  AUTOR: Carlos Tellechea","og_url":"https:\/\/www.arteartesania.com\/de\/producto\/manschettenknoepfe-und-krawattenklammern-aus-925er-silber-in-schwarz-mit-details-aus-18-karat-gold\/","og_site_name":"Arteartesania","article_modified_time":"2021-08-14T10:54:41+00:00","og_image":[{"width":2295,"height":2295,"url":"https:\/\/www.arteartesania.com\/wp-content\/uploads\/2021\/04\/IMG_4574.jpg","type":"image\/jpeg"}],"twitter_card":"summary_large_image","twitter_misc":{"Gesch\u00e4tzte Lesezeit":"1\u00a0Minute"},"schema":{"@context":"https:\/\/schema.org","@graph":[{"@type":"WebPage","@id":"https:\/\/www.arteartesania.com\/de\/producto\/manschettenknoepfe-und-krawattenklammern-aus-925er-silber-in-schwarz-mit-details-aus-18-karat-gold\/","url":"https:\/\/www.arteartesania.com\/de\/producto\/manschettenknoepfe-und-krawattenklammern-aus-925er-silber-in-schwarz-mit-details-aus-18-karat-gold\/","name":"Manschettenkn\u00f6pfe und Krawattenklammern aus 925er Silber in Schwarz mit Details aus 18 Karat Gold - Arteartesania","isPartOf":{"@id":"https:\/\/www.arteartesania.com\/de\/#website"},"primaryImageOfPage":{"@id":"https:\/\/www.arteartesania.com\/de\/producto\/manschettenknoepfe-und-krawattenklammern-aus-925er-silber-in-schwarz-mit-details-aus-18-karat-gold\/#primaryimage"},"image":{"@id":"https:\/\/www.arteartesania.com\/de\/producto\/manschettenknoepfe-und-krawattenklammern-aus-925er-silber-in-schwarz-mit-details-aus-18-karat-gold\/#primaryimage"},"thumbnailUrl":"https:\/\/www.arteartesania.com\/wp-content\/uploads\/2021\/04\/IMG_4574.jpg","datePublished":"2021-08-14T10:54:39+00:00","dateModified":"2021-08-14T10:54:41+00:00","breadcrumb":{"@id":"https:\/\/www.arteartesania.com\/de\/producto\/manschettenknoepfe-und-krawattenklammern-aus-925er-silber-in-schwarz-mit-details-aus-18-karat-gold\/#breadcrumb"},"inLanguage":"de","potentialAction":[{"@type":"ReadAction","target":["https:\/\/www.arteartesania.com\/de\/producto\/manschettenknoepfe-und-krawattenklammern-aus-925er-silber-in-schwarz-mit-details-aus-18-karat-gold\/"]}]},{"@type":"ImageObject","inLanguage":"de","@id":"https:\/\/www.arteartesania.com\/de\/producto\/manschettenknoepfe-und-krawattenklammern-aus-925er-silber-in-schwarz-mit-details-aus-18-karat-gold\/#primaryimage","url":"https:\/\/www.arteartesania.com\/wp-content\/uploads\/2021\/04\/IMG_4574.jpg","contentUrl":"https:\/\/www.arteartesania.com\/wp-content\/uploads\/2021\/04\/IMG_4574.jpg","width":2295,"height":2295,"caption":"gemelos plata artesanos, joyer\u00eda para hombre, joyas de plata artesanales, carlos tellechea"},{"@type":"BreadcrumbList","@id":"https:\/\/www.arteartesania.com\/de\/producto\/manschettenknoepfe-und-krawattenklammern-aus-925er-silber-in-schwarz-mit-details-aus-18-karat-gold\/#breadcrumb","itemListElement":[{"@type":"ListItem","position":1,"name":"Portada","item":"https:\/\/www.arteartesania.com\/de\/"},{"@type":"ListItem","position":2,"name":"Shop online","item":"https:\/\/www.arteartesania.com\/de\/online-bastelladen\/"},{"@type":"ListItem","position":3,"name":"Manschettenkn\u00f6pfe und Krawattenklammern aus 925er Silber in Schwarz mit Details aus 18 Karat Gold"}]},{"@type":"WebSite","@id":"https:\/\/www.arteartesania.com\/de\/#website","url":"https:\/\/www.arteartesania.com\/de\/","name":"Arteartesania","description":"Original selecci\u00f3n de Artesan\u00eda Contempor\u00e1nea de Autor","publisher":{"@id":"https:\/\/www.arteartesania.com\/de\/#organization"},"potentialAction":[{"@type":"SearchAction","target":{"@type":"EntryPoint","urlTemplate":"https:\/\/www.arteartesania.com\/de\/?s={search_term_string}"},"query-input":{"@type":"PropertyValueSpecification","valueRequired":true,"valueName":"search_term_string"}}],"inLanguage":"de"},{"@type":"Organization","@id":"https:\/\/www.arteartesania.com\/de\/#organization","name":"Arteartesania","url":"https:\/\/www.arteartesania.com\/de\/","logo":{"@type":"ImageObject","inLanguage":"de","@id":"https:\/\/www.arteartesania.com\/de\/#\/schema\/logo\/image\/","url":"https:\/\/www.arteartesania.com\/wp-content\/uploads\/2019\/12\/cropped-logofooter.png","contentUrl":"https:\/\/www.arteartesania.com\/wp-content\/uploads\/2019\/12\/cropped-logofooter.png","width":539,"height":58,"caption":"Arteartesania"},"image":{"@id":"https:\/\/www.arteartesania.com\/de\/#\/schema\/logo\/image\/"}}]}},"_links":{"self":[{"href":"https:\/\/www.arteartesania.com\/de\/wp-json\/wp\/v2\/product\/11078"}],"collection":[{"href":"https:\/\/www.arteartesania.com\/de\/wp-json\/wp\/v2\/product"}],"about":[{"href":"https:\/\/www.arteartesania.com\/de\/wp-json\/wp\/v2\/types\/product"}],"replies":[{"embeddable":true,"href":"https:\/\/www.arteartesania.com\/de\/wp-json\/wp\/v2\/comments?post=11078"}],"wp:featuredmedia":[{"embeddable":true,"href":"https:\/\/www.arteartesania.com\/de\/wp-json\/wp\/v2\/media\/9805"}],"wp:attachment":[{"href":"https:\/\/www.arteartesania.com\/de\/wp-json\/wp\/v2\/media?parent=11078"}],"wp:term":[{"taxonomy":"product_cat","embeddable":true,"href":"https:\/\/www.arteartesania.com\/de\/wp-json\/wp\/v2\/product_cat?post=11078"},{"taxonomy":"product_tag","embeddable":true,"href":"https:\/\/www.arteartesania.com\/de\/wp-json\/wp\/v2\/product_tag?post=11078"}],"curies":[{"name":"wp","href":"https:\/\/api.w.org\/{rel}","templated":true}]}}