{"id":11075,"date":"2021-08-14T10:28:14","date_gmt":"2021-08-14T08:32:16","guid":{"rendered":"https:\/\/www.arteartesania.com\/?post_type=product&#038;p=11075"},"modified":"2021-08-14T10:32:18","modified_gmt":"2021-08-14T08:32:18","slug":"ring-mit-zwei-cala-mini-gekreuzt","status":"publish","type":"product","link":"https:\/\/www.arteartesania.com\/de\/producto\/ring-mit-zwei-cala-mini-gekreuzt\/","title":{"rendered":"Ring mit zwei Cala Mini gekreuzt"},"content":{"rendered":"<div class=\"col col7 fix570\">\n<div data-appears-component-name=\"listing_page_description\">\n<div class=\"ui-toolkit appears-ready\">\n<div class=\"col-group mt-xs-1 mt-lg-3 bg-white b-lg-0 bt-lg-1 bb-lg-1 pl-xs-2 pr-xs-2 pb-xs-2 pt-xs-0 pt-lg-2 pl-lg-0 pr-lg-0\">\n<div class=\"col-xs-12 pt-xs-1 pl-lg-0 pr-lg-0 break-word\">\n<div id=\"description-text\">\n<div class=\"max-height-text-container ui-toolkit\">\n<div class=\" text-gray prose\">\n<div>ST\u00dcCK: Ring 2 Mini gekreuzte Callas<br \/>\nMATERIAL: 925 Silber + 22 kt Gold Anwendung.<br \/>\nhandgemacht<br \/>\nDer Ring ist offen und seine Gr\u00f6\u00dfe ist einstellbar<\/div>\n<div><\/div>\n<\/div>\n<\/div>\n<\/div>\n<\/div>\n<\/div>\n<\/div>\n<\/div>\n<\/div>\n<p><em><strong>Herstellungstechnik, verwendete Materialien:<\/strong><\/em><\/p>\n<p><span style=\"font-weight: 400\">\u00a0<\/span><span style=\"font-weight: 400\">Die Blumen werden ausgehend von Draht und Silberplatte 925 hergestellt. Das Blatt wird in verschiedene Richtungen gefaltet, bis der K\u00f6rper der Blume erhalten ist, an den ein kleiner Drahtstempel geschwei\u00dft ist, der in einer Kugel endet.<\/span><\/p>\n<p><span style=\"font-weight: 400\">Sobald die Blumen in verschiedenen Gr\u00f6\u00dfen hergestellt sind, werden sie kombiniert, um die verschiedenen St\u00fccke der Sammlung, Armb\u00e4nder, Ohrringe, Ringe usw. zu erhalten.<\/span><\/p>\n<p><span style=\"font-weight: 400\">Die gesamte Kollektion besteht aus 925er Silber und ist mit 22 Karat Blattgold im Kelch der Blume versehen.<\/span><\/p>\n","protected":false},"excerpt":{"rendered":"<p>ST\u00dcCK: Ring 2 Mini gekreuzte Callas<br \/>\nMATERIAL: 925 Silber + 22 kt Gold Anwendung.<br \/>\nhandgemacht<br \/>\nDer Ring ist offen und seine Gr\u00f6\u00dfe ist einstellbar<br \/>\nW\u00e4hlen Sie zwischen S, M und L oder teilen Sie uns Ihre Ringgr\u00f6\u00dfe mit und wir senden Ihnen eine nach Ma\u00df<\/p>\n","protected":false},"featured_media":4765,"comment_status":"closed","ping_status":"closed","template":"","meta":{"_acf_changed":false,"inline_featured_image":false},"product_cat":[218,214,293,244,243],"product_tag":[571,296,342,343],"class_list":{"0":"post-11075","1":"product","2":"type-product","3":"status-publish","4":"has-post-thumbnail","6":"product_cat-carlos-tellechea-de","7":"product_cat-kuenstler","8":"product_cat-las-calas-de-oro-de","9":"product_cat-ringe","10":"product_cat-schmuck","11":"product_tag-carlos-tellechea-de","12":"product_tag-calas-de-oro-de","13":"product_tag-mallorca-de","14":"product_tag-soller-de","16":"first","17":"instock","18":"shipping-taxable","19":"purchasable","20":"product-type-simple"},"acf":[],"yoast_head":"<!-- This site is optimized with the Yoast SEO plugin v23.6 - https:\/\/yoast.com\/wordpress\/plugins\/seo\/ -->\n<title>Ring mit zwei Cala Mini gekreuzt - Arteartesania<\/title>\n<meta name=\"robots\" content=\"index, follow, max-snippet:-1, max-image-preview:large, max-video-preview:-1\" \/>\n<link rel=\"canonical\" href=\"https:\/\/www.arteartesania.com\/de\/producto\/ring-mit-zwei-cala-mini-gekreuzt\/\" \/>\n<meta property=\"og:locale\" content=\"de_DE\" \/>\n<meta property=\"og:type\" content=\"article\" \/>\n<meta property=\"og:title\" content=\"Ring mit zwei Cala Mini gekreuzt - Arteartesania\" \/>\n<meta property=\"og:description\" content=\"ST\u00dcCK: Ring 2 Mini gekreuzte Callas MATERIAL: 925 Silber + 22 kt Gold Anwendung. handgemacht Der Ring ist offen und seine Gr\u00f6\u00dfe ist einstellbar W\u00e4hlen Sie zwischen S, M und L oder teilen Sie uns Ihre Ringgr\u00f6\u00dfe mit und wir senden Ihnen eine nach Ma\u00df\" \/>\n<meta property=\"og:url\" content=\"https:\/\/www.arteartesania.com\/de\/producto\/ring-mit-zwei-cala-mini-gekreuzt\/\" \/>\n<meta property=\"og:site_name\" content=\"Arteartesania\" \/>\n<meta property=\"article:modified_time\" content=\"2021-08-14T08:32:18+00:00\" \/>\n<meta property=\"og:image\" content=\"https:\/\/www.arteartesania.com\/wp-content\/uploads\/2020\/03\/ANL_CT_2CMOC.jpg\" \/>\n\t<meta property=\"og:image:width\" content=\"1500\" \/>\n\t<meta property=\"og:image:height\" content=\"1500\" \/>\n\t<meta property=\"og:image:type\" content=\"image\/jpeg\" \/>\n<meta name=\"twitter:card\" content=\"summary_large_image\" \/>\n<meta name=\"twitter:label1\" content=\"Gesch\u00e4tzte Lesezeit\" \/>\n\t<meta name=\"twitter:data1\" content=\"1\u00a0Minute\" \/>\n<script type=\"application\/ld+json\" class=\"yoast-schema-graph\">{\"@context\":\"https:\/\/schema.org\",\"@graph\":[{\"@type\":\"WebPage\",\"@id\":\"https:\/\/www.arteartesania.com\/de\/producto\/ring-mit-zwei-cala-mini-gekreuzt\/\",\"url\":\"https:\/\/www.arteartesania.com\/de\/producto\/ring-mit-zwei-cala-mini-gekreuzt\/\",\"name\":\"Ring mit zwei Cala Mini gekreuzt - Arteartesania\",\"isPartOf\":{\"@id\":\"https:\/\/www.arteartesania.com\/de\/#website\"},\"primaryImageOfPage\":{\"@id\":\"https:\/\/www.arteartesania.com\/de\/producto\/ring-mit-zwei-cala-mini-gekreuzt\/#primaryimage\"},\"image\":{\"@id\":\"https:\/\/www.arteartesania.com\/de\/producto\/ring-mit-zwei-cala-mini-gekreuzt\/#primaryimage\"},\"thumbnailUrl\":\"https:\/\/www.arteartesania.com\/wp-content\/uploads\/2020\/03\/ANL_CT_2CMOC.jpg\",\"datePublished\":\"2021-08-14T08:32:16+00:00\",\"dateModified\":\"2021-08-14T08:32:18+00:00\",\"breadcrumb\":{\"@id\":\"https:\/\/www.arteartesania.com\/de\/producto\/ring-mit-zwei-cala-mini-gekreuzt\/#breadcrumb\"},\"inLanguage\":\"de\",\"potentialAction\":[{\"@type\":\"ReadAction\",\"target\":[\"https:\/\/www.arteartesania.com\/de\/producto\/ring-mit-zwei-cala-mini-gekreuzt\/\"]}]},{\"@type\":\"ImageObject\",\"inLanguage\":\"de\",\"@id\":\"https:\/\/www.arteartesania.com\/de\/producto\/ring-mit-zwei-cala-mini-gekreuzt\/#primaryimage\",\"url\":\"https:\/\/www.arteartesania.com\/wp-content\/uploads\/2020\/03\/ANL_CT_2CMOC.jpg\",\"contentUrl\":\"https:\/\/www.arteartesania.com\/wp-content\/uploads\/2020\/03\/ANL_CT_2CMOC.jpg\",\"width\":1500,\"height\":1500,\"caption\":\"carlos tellechea, Anillo flor cala oro, anillo artesanal cruzado, joyer\u00eda de autor\"},{\"@type\":\"BreadcrumbList\",\"@id\":\"https:\/\/www.arteartesania.com\/de\/producto\/ring-mit-zwei-cala-mini-gekreuzt\/#breadcrumb\",\"itemListElement\":[{\"@type\":\"ListItem\",\"position\":1,\"name\":\"Portada\",\"item\":\"https:\/\/www.arteartesania.com\/de\/\"},{\"@type\":\"ListItem\",\"position\":2,\"name\":\"Shop online\",\"item\":\"https:\/\/www.arteartesania.com\/de\/online-bastelladen\/\"},{\"@type\":\"ListItem\",\"position\":3,\"name\":\"Ring mit zwei Cala Mini gekreuzt\"}]},{\"@type\":\"WebSite\",\"@id\":\"https:\/\/www.arteartesania.com\/de\/#website\",\"url\":\"https:\/\/www.arteartesania.com\/de\/\",\"name\":\"Arteartesania\",\"description\":\"Original selecci\u00f3n de Artesan\u00eda Contempor\u00e1nea de Autor\",\"publisher\":{\"@id\":\"https:\/\/www.arteartesania.com\/de\/#organization\"},\"potentialAction\":[{\"@type\":\"SearchAction\",\"target\":{\"@type\":\"EntryPoint\",\"urlTemplate\":\"https:\/\/www.arteartesania.com\/de\/?s={search_term_string}\"},\"query-input\":{\"@type\":\"PropertyValueSpecification\",\"valueRequired\":true,\"valueName\":\"search_term_string\"}}],\"inLanguage\":\"de\"},{\"@type\":\"Organization\",\"@id\":\"https:\/\/www.arteartesania.com\/de\/#organization\",\"name\":\"Arteartesania\",\"url\":\"https:\/\/www.arteartesania.com\/de\/\",\"logo\":{\"@type\":\"ImageObject\",\"inLanguage\":\"de\",\"@id\":\"https:\/\/www.arteartesania.com\/de\/#\/schema\/logo\/image\/\",\"url\":\"https:\/\/www.arteartesania.com\/wp-content\/uploads\/2019\/12\/cropped-logofooter.png\",\"contentUrl\":\"https:\/\/www.arteartesania.com\/wp-content\/uploads\/2019\/12\/cropped-logofooter.png\",\"width\":539,\"height\":58,\"caption\":\"Arteartesania\"},\"image\":{\"@id\":\"https:\/\/www.arteartesania.com\/de\/#\/schema\/logo\/image\/\"}}]}<\/script>\n<!-- \/ Yoast SEO plugin. -->","yoast_head_json":{"title":"Ring mit zwei Cala Mini gekreuzt - Arteartesania","robots":{"index":"index","follow":"follow","max-snippet":"max-snippet:-1","max-image-preview":"max-image-preview:large","max-video-preview":"max-video-preview:-1"},"canonical":"https:\/\/www.arteartesania.com\/de\/producto\/ring-mit-zwei-cala-mini-gekreuzt\/","og_locale":"de_DE","og_type":"article","og_title":"Ring mit zwei Cala Mini gekreuzt - Arteartesania","og_description":"ST\u00dcCK: Ring 2 Mini gekreuzte Callas MATERIAL: 925 Silber + 22 kt Gold Anwendung. handgemacht Der Ring ist offen und seine Gr\u00f6\u00dfe ist einstellbar W\u00e4hlen Sie zwischen S, M und L oder teilen Sie uns Ihre Ringgr\u00f6\u00dfe mit und wir senden Ihnen eine nach Ma\u00df","og_url":"https:\/\/www.arteartesania.com\/de\/producto\/ring-mit-zwei-cala-mini-gekreuzt\/","og_site_name":"Arteartesania","article_modified_time":"2021-08-14T08:32:18+00:00","og_image":[{"width":1500,"height":1500,"url":"https:\/\/www.arteartesania.com\/wp-content\/uploads\/2020\/03\/ANL_CT_2CMOC.jpg","type":"image\/jpeg"}],"twitter_card":"summary_large_image","twitter_misc":{"Gesch\u00e4tzte Lesezeit":"1\u00a0Minute"},"schema":{"@context":"https:\/\/schema.org","@graph":[{"@type":"WebPage","@id":"https:\/\/www.arteartesania.com\/de\/producto\/ring-mit-zwei-cala-mini-gekreuzt\/","url":"https:\/\/www.arteartesania.com\/de\/producto\/ring-mit-zwei-cala-mini-gekreuzt\/","name":"Ring mit zwei Cala Mini gekreuzt - Arteartesania","isPartOf":{"@id":"https:\/\/www.arteartesania.com\/de\/#website"},"primaryImageOfPage":{"@id":"https:\/\/www.arteartesania.com\/de\/producto\/ring-mit-zwei-cala-mini-gekreuzt\/#primaryimage"},"image":{"@id":"https:\/\/www.arteartesania.com\/de\/producto\/ring-mit-zwei-cala-mini-gekreuzt\/#primaryimage"},"thumbnailUrl":"https:\/\/www.arteartesania.com\/wp-content\/uploads\/2020\/03\/ANL_CT_2CMOC.jpg","datePublished":"2021-08-14T08:32:16+00:00","dateModified":"2021-08-14T08:32:18+00:00","breadcrumb":{"@id":"https:\/\/www.arteartesania.com\/de\/producto\/ring-mit-zwei-cala-mini-gekreuzt\/#breadcrumb"},"inLanguage":"de","potentialAction":[{"@type":"ReadAction","target":["https:\/\/www.arteartesania.com\/de\/producto\/ring-mit-zwei-cala-mini-gekreuzt\/"]}]},{"@type":"ImageObject","inLanguage":"de","@id":"https:\/\/www.arteartesania.com\/de\/producto\/ring-mit-zwei-cala-mini-gekreuzt\/#primaryimage","url":"https:\/\/www.arteartesania.com\/wp-content\/uploads\/2020\/03\/ANL_CT_2CMOC.jpg","contentUrl":"https:\/\/www.arteartesania.com\/wp-content\/uploads\/2020\/03\/ANL_CT_2CMOC.jpg","width":1500,"height":1500,"caption":"carlos tellechea, Anillo flor cala oro, anillo artesanal cruzado, joyer\u00eda de autor"},{"@type":"BreadcrumbList","@id":"https:\/\/www.arteartesania.com\/de\/producto\/ring-mit-zwei-cala-mini-gekreuzt\/#breadcrumb","itemListElement":[{"@type":"ListItem","position":1,"name":"Portada","item":"https:\/\/www.arteartesania.com\/de\/"},{"@type":"ListItem","position":2,"name":"Shop online","item":"https:\/\/www.arteartesania.com\/de\/online-bastelladen\/"},{"@type":"ListItem","position":3,"name":"Ring mit zwei Cala Mini gekreuzt"}]},{"@type":"WebSite","@id":"https:\/\/www.arteartesania.com\/de\/#website","url":"https:\/\/www.arteartesania.com\/de\/","name":"Arteartesania","description":"Original selecci\u00f3n de Artesan\u00eda Contempor\u00e1nea de Autor","publisher":{"@id":"https:\/\/www.arteartesania.com\/de\/#organization"},"potentialAction":[{"@type":"SearchAction","target":{"@type":"EntryPoint","urlTemplate":"https:\/\/www.arteartesania.com\/de\/?s={search_term_string}"},"query-input":{"@type":"PropertyValueSpecification","valueRequired":true,"valueName":"search_term_string"}}],"inLanguage":"de"},{"@type":"Organization","@id":"https:\/\/www.arteartesania.com\/de\/#organization","name":"Arteartesania","url":"https:\/\/www.arteartesania.com\/de\/","logo":{"@type":"ImageObject","inLanguage":"de","@id":"https:\/\/www.arteartesania.com\/de\/#\/schema\/logo\/image\/","url":"https:\/\/www.arteartesania.com\/wp-content\/uploads\/2019\/12\/cropped-logofooter.png","contentUrl":"https:\/\/www.arteartesania.com\/wp-content\/uploads\/2019\/12\/cropped-logofooter.png","width":539,"height":58,"caption":"Arteartesania"},"image":{"@id":"https:\/\/www.arteartesania.com\/de\/#\/schema\/logo\/image\/"}}]}},"_links":{"self":[{"href":"https:\/\/www.arteartesania.com\/de\/wp-json\/wp\/v2\/product\/11075"}],"collection":[{"href":"https:\/\/www.arteartesania.com\/de\/wp-json\/wp\/v2\/product"}],"about":[{"href":"https:\/\/www.arteartesania.com\/de\/wp-json\/wp\/v2\/types\/product"}],"replies":[{"embeddable":true,"href":"https:\/\/www.arteartesania.com\/de\/wp-json\/wp\/v2\/comments?post=11075"}],"wp:featuredmedia":[{"embeddable":true,"href":"https:\/\/www.arteartesania.com\/de\/wp-json\/wp\/v2\/media\/4765"}],"wp:attachment":[{"href":"https:\/\/www.arteartesania.com\/de\/wp-json\/wp\/v2\/media?parent=11075"}],"wp:term":[{"taxonomy":"product_cat","embeddable":true,"href":"https:\/\/www.arteartesania.com\/de\/wp-json\/wp\/v2\/product_cat?post=11075"},{"taxonomy":"product_tag","embeddable":true,"href":"https:\/\/www.arteartesania.com\/de\/wp-json\/wp\/v2\/product_tag?post=11075"}],"curies":[{"name":"wp","href":"https:\/\/api.w.org\/{rel}","templated":true}]}}