{"id":11069,"date":"2021-08-14T10:23:33","date_gmt":"2021-08-14T08:26:28","guid":{"rendered":"https:\/\/www.arteartesania.com\/?post_type=product&#038;p=11069"},"modified":"2021-08-14T10:26:29","modified_gmt":"2021-08-14T08:26:29","slug":"cala-media-armband","status":"publish","type":"product","link":"https:\/\/www.arteartesania.com\/de\/producto\/cala-media-armband\/","title":{"rendered":"Cala Media Armband"},"content":{"rendered":"<p>ST\u00dcCK: Calas &#8222;MEDIA&#8220; Armband<br \/>\nMATERIAL: 925 Silber + 22 kt Goldapplikation.<br \/>\nGR\u00d6SSE: ca. 19cm lang<br \/>\nHandgefertigte Unikate von Carlos Tellechea<\/p>\n<p>Produktionstechnik, verwendete Materialien:<\/p>\n<p>Die Blumen bestehen aus Draht und 925er Silberplatte. Das Blatt wird in verschiedene Richtungen gefaltet, bis der Bl\u00fctenk\u00f6rper entsteht, an den ein kleiner Drahtstempel angeschwei\u00dft ist, der in einer Kugel endet.<\/p>\n<p>Sobald die Blumen in verschiedenen Gr\u00f6\u00dfen hergestellt sind, werden sie kombiniert, um die verschiedenen St\u00fccke der Kollektion, Armb\u00e4nder, Ohrringe, Ringe usw.<\/p>\n<p>Die gesamte Kollektion ist aus 925er Silber und mit einem 22-kar\u00e4tigen Blattgold-Finish im Kelch der Blume gefertigt.<\/p>\n","protected":false},"excerpt":{"rendered":"<p>ST\u00dcCK: Calas &#8222;MEDIA&#8220; Goldarmband<\/p>\n<p>MATERIAL: 925 Silber + 22 kt Goldapplikation.<\/p>\n<p>GR\u00d6SSE: ca. 19cm lang<\/p>\n<p>Einzelst\u00fccke handgefertigt von Carlos Tellechea<\/p>\n","protected":false},"featured_media":4930,"comment_status":"closed","ping_status":"closed","template":"","meta":{"_acf_changed":false,"inline_featured_image":false},"product_cat":[246,218,214,293,243],"product_tag":[571,296,342,343],"class_list":{"0":"post-11069","1":"product","2":"type-product","3":"status-publish","4":"has-post-thumbnail","6":"product_cat-armreifen","7":"product_cat-carlos-tellechea-de","8":"product_cat-kuenstler","9":"product_cat-las-calas-de-oro-de","10":"product_cat-schmuck","11":"product_tag-carlos-tellechea-de","12":"product_tag-calas-de-oro-de","13":"product_tag-mallorca-de","14":"product_tag-soller-de","16":"first","17":"instock","18":"shipping-taxable","19":"purchasable","20":"product-type-simple"},"acf":[],"yoast_head":"<!-- This site is optimized with the Yoast SEO plugin v23.6 - https:\/\/yoast.com\/wordpress\/plugins\/seo\/ -->\n<title>Cala Media Armband - Arteartesania<\/title>\n<meta name=\"robots\" content=\"index, follow, max-snippet:-1, max-image-preview:large, max-video-preview:-1\" \/>\n<link rel=\"canonical\" href=\"https:\/\/www.arteartesania.com\/de\/producto\/cala-media-armband\/\" \/>\n<meta property=\"og:locale\" content=\"de_DE\" \/>\n<meta property=\"og:type\" content=\"article\" \/>\n<meta property=\"og:title\" content=\"Cala Media Armband - Arteartesania\" \/>\n<meta property=\"og:description\" content=\"ST\u00dcCK: Calas &quot;MEDIA&quot; Goldarmband  MATERIAL: 925 Silber + 22 kt Goldapplikation.  GR\u00d6SSE: ca. 19cm lang  Einzelst\u00fccke handgefertigt von Carlos Tellechea\" \/>\n<meta property=\"og:url\" content=\"https:\/\/www.arteartesania.com\/de\/producto\/cala-media-armband\/\" \/>\n<meta property=\"og:site_name\" content=\"Arteartesania\" \/>\n<meta property=\"article:modified_time\" content=\"2021-08-14T08:26:29+00:00\" \/>\n<meta property=\"og:image\" content=\"https:\/\/www.arteartesania.com\/wp-content\/uploads\/2020\/03\/PULS_CT_CMO.jpg\" \/>\n\t<meta property=\"og:image:width\" content=\"1800\" \/>\n\t<meta property=\"og:image:height\" content=\"1800\" \/>\n\t<meta property=\"og:image:type\" content=\"image\/jpeg\" \/>\n<meta name=\"twitter:card\" content=\"summary_large_image\" \/>\n<meta name=\"twitter:label1\" content=\"Gesch\u00e4tzte Lesezeit\" \/>\n\t<meta name=\"twitter:data1\" content=\"1\u00a0Minute\" \/>\n<script type=\"application\/ld+json\" class=\"yoast-schema-graph\">{\"@context\":\"https:\/\/schema.org\",\"@graph\":[{\"@type\":\"WebPage\",\"@id\":\"https:\/\/www.arteartesania.com\/de\/producto\/cala-media-armband\/\",\"url\":\"https:\/\/www.arteartesania.com\/de\/producto\/cala-media-armband\/\",\"name\":\"Cala Media Armband - Arteartesania\",\"isPartOf\":{\"@id\":\"https:\/\/www.arteartesania.com\/de\/#website\"},\"primaryImageOfPage\":{\"@id\":\"https:\/\/www.arteartesania.com\/de\/producto\/cala-media-armband\/#primaryimage\"},\"image\":{\"@id\":\"https:\/\/www.arteartesania.com\/de\/producto\/cala-media-armband\/#primaryimage\"},\"thumbnailUrl\":\"https:\/\/www.arteartesania.com\/wp-content\/uploads\/2020\/03\/PULS_CT_CMO.jpg\",\"datePublished\":\"2021-08-14T08:26:28+00:00\",\"dateModified\":\"2021-08-14T08:26:29+00:00\",\"breadcrumb\":{\"@id\":\"https:\/\/www.arteartesania.com\/de\/producto\/cala-media-armband\/#breadcrumb\"},\"inLanguage\":\"de\",\"potentialAction\":[{\"@type\":\"ReadAction\",\"target\":[\"https:\/\/www.arteartesania.com\/de\/producto\/cala-media-armband\/\"]}]},{\"@type\":\"ImageObject\",\"inLanguage\":\"de\",\"@id\":\"https:\/\/www.arteartesania.com\/de\/producto\/cala-media-armband\/#primaryimage\",\"url\":\"https:\/\/www.arteartesania.com\/wp-content\/uploads\/2020\/03\/PULS_CT_CMO.jpg\",\"contentUrl\":\"https:\/\/www.arteartesania.com\/wp-content\/uploads\/2020\/03\/PULS_CT_CMO.jpg\",\"width\":1800,\"height\":1800,\"caption\":\"Medium Calas\"},{\"@type\":\"BreadcrumbList\",\"@id\":\"https:\/\/www.arteartesania.com\/de\/producto\/cala-media-armband\/#breadcrumb\",\"itemListElement\":[{\"@type\":\"ListItem\",\"position\":1,\"name\":\"Portada\",\"item\":\"https:\/\/www.arteartesania.com\/de\/\"},{\"@type\":\"ListItem\",\"position\":2,\"name\":\"Shop online\",\"item\":\"https:\/\/www.arteartesania.com\/de\/online-bastelladen\/\"},{\"@type\":\"ListItem\",\"position\":3,\"name\":\"Cala Media Armband\"}]},{\"@type\":\"WebSite\",\"@id\":\"https:\/\/www.arteartesania.com\/de\/#website\",\"url\":\"https:\/\/www.arteartesania.com\/de\/\",\"name\":\"Arteartesania\",\"description\":\"Original selecci\u00f3n de Artesan\u00eda Contempor\u00e1nea de Autor\",\"publisher\":{\"@id\":\"https:\/\/www.arteartesania.com\/de\/#organization\"},\"potentialAction\":[{\"@type\":\"SearchAction\",\"target\":{\"@type\":\"EntryPoint\",\"urlTemplate\":\"https:\/\/www.arteartesania.com\/de\/?s={search_term_string}\"},\"query-input\":{\"@type\":\"PropertyValueSpecification\",\"valueRequired\":true,\"valueName\":\"search_term_string\"}}],\"inLanguage\":\"de\"},{\"@type\":\"Organization\",\"@id\":\"https:\/\/www.arteartesania.com\/de\/#organization\",\"name\":\"Arteartesania\",\"url\":\"https:\/\/www.arteartesania.com\/de\/\",\"logo\":{\"@type\":\"ImageObject\",\"inLanguage\":\"de\",\"@id\":\"https:\/\/www.arteartesania.com\/de\/#\/schema\/logo\/image\/\",\"url\":\"https:\/\/www.arteartesania.com\/wp-content\/uploads\/2019\/12\/cropped-logofooter.png\",\"contentUrl\":\"https:\/\/www.arteartesania.com\/wp-content\/uploads\/2019\/12\/cropped-logofooter.png\",\"width\":539,\"height\":58,\"caption\":\"Arteartesania\"},\"image\":{\"@id\":\"https:\/\/www.arteartesania.com\/de\/#\/schema\/logo\/image\/\"}}]}<\/script>\n<!-- \/ Yoast SEO plugin. -->","yoast_head_json":{"title":"Cala Media Armband - Arteartesania","robots":{"index":"index","follow":"follow","max-snippet":"max-snippet:-1","max-image-preview":"max-image-preview:large","max-video-preview":"max-video-preview:-1"},"canonical":"https:\/\/www.arteartesania.com\/de\/producto\/cala-media-armband\/","og_locale":"de_DE","og_type":"article","og_title":"Cala Media Armband - Arteartesania","og_description":"ST\u00dcCK: Calas \"MEDIA\" Goldarmband  MATERIAL: 925 Silber + 22 kt Goldapplikation.  GR\u00d6SSE: ca. 19cm lang  Einzelst\u00fccke handgefertigt von Carlos Tellechea","og_url":"https:\/\/www.arteartesania.com\/de\/producto\/cala-media-armband\/","og_site_name":"Arteartesania","article_modified_time":"2021-08-14T08:26:29+00:00","og_image":[{"width":1800,"height":1800,"url":"https:\/\/www.arteartesania.com\/wp-content\/uploads\/2020\/03\/PULS_CT_CMO.jpg","type":"image\/jpeg"}],"twitter_card":"summary_large_image","twitter_misc":{"Gesch\u00e4tzte Lesezeit":"1\u00a0Minute"},"schema":{"@context":"https:\/\/schema.org","@graph":[{"@type":"WebPage","@id":"https:\/\/www.arteartesania.com\/de\/producto\/cala-media-armband\/","url":"https:\/\/www.arteartesania.com\/de\/producto\/cala-media-armband\/","name":"Cala Media Armband - Arteartesania","isPartOf":{"@id":"https:\/\/www.arteartesania.com\/de\/#website"},"primaryImageOfPage":{"@id":"https:\/\/www.arteartesania.com\/de\/producto\/cala-media-armband\/#primaryimage"},"image":{"@id":"https:\/\/www.arteartesania.com\/de\/producto\/cala-media-armband\/#primaryimage"},"thumbnailUrl":"https:\/\/www.arteartesania.com\/wp-content\/uploads\/2020\/03\/PULS_CT_CMO.jpg","datePublished":"2021-08-14T08:26:28+00:00","dateModified":"2021-08-14T08:26:29+00:00","breadcrumb":{"@id":"https:\/\/www.arteartesania.com\/de\/producto\/cala-media-armband\/#breadcrumb"},"inLanguage":"de","potentialAction":[{"@type":"ReadAction","target":["https:\/\/www.arteartesania.com\/de\/producto\/cala-media-armband\/"]}]},{"@type":"ImageObject","inLanguage":"de","@id":"https:\/\/www.arteartesania.com\/de\/producto\/cala-media-armband\/#primaryimage","url":"https:\/\/www.arteartesania.com\/wp-content\/uploads\/2020\/03\/PULS_CT_CMO.jpg","contentUrl":"https:\/\/www.arteartesania.com\/wp-content\/uploads\/2020\/03\/PULS_CT_CMO.jpg","width":1800,"height":1800,"caption":"Medium Calas"},{"@type":"BreadcrumbList","@id":"https:\/\/www.arteartesania.com\/de\/producto\/cala-media-armband\/#breadcrumb","itemListElement":[{"@type":"ListItem","position":1,"name":"Portada","item":"https:\/\/www.arteartesania.com\/de\/"},{"@type":"ListItem","position":2,"name":"Shop online","item":"https:\/\/www.arteartesania.com\/de\/online-bastelladen\/"},{"@type":"ListItem","position":3,"name":"Cala Media Armband"}]},{"@type":"WebSite","@id":"https:\/\/www.arteartesania.com\/de\/#website","url":"https:\/\/www.arteartesania.com\/de\/","name":"Arteartesania","description":"Original selecci\u00f3n de Artesan\u00eda Contempor\u00e1nea de Autor","publisher":{"@id":"https:\/\/www.arteartesania.com\/de\/#organization"},"potentialAction":[{"@type":"SearchAction","target":{"@type":"EntryPoint","urlTemplate":"https:\/\/www.arteartesania.com\/de\/?s={search_term_string}"},"query-input":{"@type":"PropertyValueSpecification","valueRequired":true,"valueName":"search_term_string"}}],"inLanguage":"de"},{"@type":"Organization","@id":"https:\/\/www.arteartesania.com\/de\/#organization","name":"Arteartesania","url":"https:\/\/www.arteartesania.com\/de\/","logo":{"@type":"ImageObject","inLanguage":"de","@id":"https:\/\/www.arteartesania.com\/de\/#\/schema\/logo\/image\/","url":"https:\/\/www.arteartesania.com\/wp-content\/uploads\/2019\/12\/cropped-logofooter.png","contentUrl":"https:\/\/www.arteartesania.com\/wp-content\/uploads\/2019\/12\/cropped-logofooter.png","width":539,"height":58,"caption":"Arteartesania"},"image":{"@id":"https:\/\/www.arteartesania.com\/de\/#\/schema\/logo\/image\/"}}]}},"_links":{"self":[{"href":"https:\/\/www.arteartesania.com\/de\/wp-json\/wp\/v2\/product\/11069"}],"collection":[{"href":"https:\/\/www.arteartesania.com\/de\/wp-json\/wp\/v2\/product"}],"about":[{"href":"https:\/\/www.arteartesania.com\/de\/wp-json\/wp\/v2\/types\/product"}],"replies":[{"embeddable":true,"href":"https:\/\/www.arteartesania.com\/de\/wp-json\/wp\/v2\/comments?post=11069"}],"wp:featuredmedia":[{"embeddable":true,"href":"https:\/\/www.arteartesania.com\/de\/wp-json\/wp\/v2\/media\/4930"}],"wp:attachment":[{"href":"https:\/\/www.arteartesania.com\/de\/wp-json\/wp\/v2\/media?parent=11069"}],"wp:term":[{"taxonomy":"product_cat","embeddable":true,"href":"https:\/\/www.arteartesania.com\/de\/wp-json\/wp\/v2\/product_cat?post=11069"},{"taxonomy":"product_tag","embeddable":true,"href":"https:\/\/www.arteartesania.com\/de\/wp-json\/wp\/v2\/product_tag?post=11069"}],"curies":[{"name":"wp","href":"https:\/\/api.w.org\/{rel}","templated":true}]}}