{"id":10473,"date":"2021-06-16T13:33:25","date_gmt":"2021-06-16T11:38:53","guid":{"rendered":"https:\/\/www.arteartesania.com\/?post_type=product&#038;p=10473"},"modified":"2021-06-19T11:18:39","modified_gmt":"2021-06-19T09:18:39","slug":"schalenring-aus-oxidiertem-925er-silber-18-karat-golddetail","status":"publish","type":"product","link":"https:\/\/www.arteartesania.com\/de\/producto\/schalenring-aus-oxidiertem-925er-silber-18-karat-golddetail\/","title":{"rendered":"Schalenring aus oxidiertem 925er Silber, 18 Karat Golddetail AUTOR: Carlos Tellechea"},"content":{"rendered":"<p>ST\u00dcCK: Schalenring aus oxidiertem 925er Silber, 18 Karat Golddetail<\/p>\n<p>MATERIAL: Oxidiertes 925er Silber, 18 Karat Gold<\/p>\n<p>AUTOR: Carlos Tellechea<\/p>\n<p>JAHR: 2021<\/p>\n<p>Silberoxid<\/p>\n<p>Silber wird wegen seines metallisch-wei\u00dfen Glanzes gesch\u00e4tzt, wenn es in Silbernitrat getaucht wird, um Silberoxid zu erzeugen und die Oberfl\u00e4che des Metalls Farb\u00e4nderungen erf\u00e4hrt. Erhalten einer &#8222;Patina&#8220; in einer &#8222;Mattschwarzen&#8220; Farbe, die bei diesen St\u00fccken dazu dient, sich von der 18 Karat Gold-Vergoldung abzuheben.<\/p>\n<p>Diese Patina ist stabil und wasserdicht<\/p>\n","protected":false},"excerpt":{"rendered":"<p>ST\u00dcCK: Schalenring aus oxidiertem 925er Silber, 18 Karat Golddetail<\/p>\n<p>MATERIAL: Oxidiertes 925er Silber, 18 Karat Gold<\/p>\n<p>AUTOR: Carlos Tellechea<\/p>\n<p>JAHR: 2021<\/p>\n","protected":false},"featured_media":10508,"comment_status":"closed","ping_status":"closed","template":"","meta":{"_acf_changed":false,"inline_featured_image":false},"product_cat":[218,214,244,243],"product_tag":[455,342,343],"class_list":{"0":"post-10473","1":"product","2":"type-product","3":"status-publish","4":"has-post-thumbnail","6":"product_cat-carlos-tellechea-de","7":"product_cat-kuenstler","8":"product_cat-ringe","9":"product_cat-schmuck","10":"product_tag-arteartesania-2-de","11":"product_tag-mallorca-de","12":"product_tag-soller-de","14":"first","15":"instock","16":"shipping-taxable","17":"purchasable","18":"product-type-simple"},"acf":[],"yoast_head":"<!-- This site is optimized with the Yoast SEO plugin v23.6 - https:\/\/yoast.com\/wordpress\/plugins\/seo\/ -->\n<title>Schalenring aus oxidiertem 925er Silber, 18 Karat Golddetail AUTOR: Carlos Tellechea - Arteartesania<\/title>\n<meta name=\"robots\" content=\"index, follow, max-snippet:-1, max-image-preview:large, max-video-preview:-1\" \/>\n<link rel=\"canonical\" href=\"https:\/\/www.arteartesania.com\/de\/producto\/schalenring-aus-oxidiertem-925er-silber-18-karat-golddetail\/\" \/>\n<meta property=\"og:locale\" content=\"de_DE\" \/>\n<meta property=\"og:type\" content=\"article\" \/>\n<meta property=\"og:title\" content=\"Schalenring aus oxidiertem 925er Silber, 18 Karat Golddetail AUTOR: Carlos Tellechea - Arteartesania\" \/>\n<meta property=\"og:description\" content=\"ST\u00dcCK: Schalenring aus oxidiertem 925er Silber, 18 Karat Golddetail  MATERIAL: Oxidiertes 925er Silber, 18 Karat Gold  AUTOR: Carlos Tellechea  JAHR: 2021\" \/>\n<meta property=\"og:url\" content=\"https:\/\/www.arteartesania.com\/de\/producto\/schalenring-aus-oxidiertem-925er-silber-18-karat-golddetail\/\" \/>\n<meta property=\"og:site_name\" content=\"Arteartesania\" \/>\n<meta property=\"article:modified_time\" content=\"2021-06-19T09:18:39+00:00\" \/>\n<meta property=\"og:image\" content=\"https:\/\/www.arteartesania.com\/wp-content\/uploads\/2021\/06\/IMG_9765_HEIC-2-scaled.jpeg\" \/>\n\t<meta property=\"og:image:width\" content=\"2560\" \/>\n\t<meta property=\"og:image:height\" content=\"1887\" \/>\n\t<meta property=\"og:image:type\" content=\"image\/jpeg\" \/>\n<meta name=\"twitter:card\" content=\"summary_large_image\" \/>\n<meta name=\"twitter:label1\" content=\"Gesch\u00e4tzte Lesezeit\" \/>\n\t<meta name=\"twitter:data1\" content=\"1\u00a0Minute\" \/>\n<script type=\"application\/ld+json\" class=\"yoast-schema-graph\">{\"@context\":\"https:\/\/schema.org\",\"@graph\":[{\"@type\":\"WebPage\",\"@id\":\"https:\/\/www.arteartesania.com\/de\/producto\/schalenring-aus-oxidiertem-925er-silber-18-karat-golddetail\/\",\"url\":\"https:\/\/www.arteartesania.com\/de\/producto\/schalenring-aus-oxidiertem-925er-silber-18-karat-golddetail\/\",\"name\":\"Schalenring aus oxidiertem 925er Silber, 18 Karat Golddetail AUTOR: Carlos Tellechea - Arteartesania\",\"isPartOf\":{\"@id\":\"https:\/\/www.arteartesania.com\/de\/#website\"},\"primaryImageOfPage\":{\"@id\":\"https:\/\/www.arteartesania.com\/de\/producto\/schalenring-aus-oxidiertem-925er-silber-18-karat-golddetail\/#primaryimage\"},\"image\":{\"@id\":\"https:\/\/www.arteartesania.com\/de\/producto\/schalenring-aus-oxidiertem-925er-silber-18-karat-golddetail\/#primaryimage\"},\"thumbnailUrl\":\"https:\/\/www.arteartesania.com\/wp-content\/uploads\/2021\/06\/IMG_9765_HEIC-2-scaled.jpeg\",\"datePublished\":\"2021-06-16T11:38:53+00:00\",\"dateModified\":\"2021-06-19T09:18:39+00:00\",\"breadcrumb\":{\"@id\":\"https:\/\/www.arteartesania.com\/de\/producto\/schalenring-aus-oxidiertem-925er-silber-18-karat-golddetail\/#breadcrumb\"},\"inLanguage\":\"de\",\"potentialAction\":[{\"@type\":\"ReadAction\",\"target\":[\"https:\/\/www.arteartesania.com\/de\/producto\/schalenring-aus-oxidiertem-925er-silber-18-karat-golddetail\/\"]}]},{\"@type\":\"ImageObject\",\"inLanguage\":\"de\",\"@id\":\"https:\/\/www.arteartesania.com\/de\/producto\/schalenring-aus-oxidiertem-925er-silber-18-karat-golddetail\/#primaryimage\",\"url\":\"https:\/\/www.arteartesania.com\/wp-content\/uploads\/2021\/06\/IMG_9765_HEIC-2-scaled.jpeg\",\"contentUrl\":\"https:\/\/www.arteartesania.com\/wp-content\/uploads\/2021\/06\/IMG_9765_HEIC-2-scaled.jpeg\",\"width\":2560,\"height\":1887},{\"@type\":\"BreadcrumbList\",\"@id\":\"https:\/\/www.arteartesania.com\/de\/producto\/schalenring-aus-oxidiertem-925er-silber-18-karat-golddetail\/#breadcrumb\",\"itemListElement\":[{\"@type\":\"ListItem\",\"position\":1,\"name\":\"Portada\",\"item\":\"https:\/\/www.arteartesania.com\/de\/\"},{\"@type\":\"ListItem\",\"position\":2,\"name\":\"Shop online\",\"item\":\"https:\/\/www.arteartesania.com\/de\/online-bastelladen\/\"},{\"@type\":\"ListItem\",\"position\":3,\"name\":\"Schalenring aus oxidiertem 925er Silber, 18 Karat Golddetail AUTOR: Carlos Tellechea\"}]},{\"@type\":\"WebSite\",\"@id\":\"https:\/\/www.arteartesania.com\/de\/#website\",\"url\":\"https:\/\/www.arteartesania.com\/de\/\",\"name\":\"Arteartesania\",\"description\":\"Original selecci\u00f3n de Artesan\u00eda Contempor\u00e1nea de Autor\",\"publisher\":{\"@id\":\"https:\/\/www.arteartesania.com\/de\/#organization\"},\"potentialAction\":[{\"@type\":\"SearchAction\",\"target\":{\"@type\":\"EntryPoint\",\"urlTemplate\":\"https:\/\/www.arteartesania.com\/de\/?s={search_term_string}\"},\"query-input\":{\"@type\":\"PropertyValueSpecification\",\"valueRequired\":true,\"valueName\":\"search_term_string\"}}],\"inLanguage\":\"de\"},{\"@type\":\"Organization\",\"@id\":\"https:\/\/www.arteartesania.com\/de\/#organization\",\"name\":\"Arteartesania\",\"url\":\"https:\/\/www.arteartesania.com\/de\/\",\"logo\":{\"@type\":\"ImageObject\",\"inLanguage\":\"de\",\"@id\":\"https:\/\/www.arteartesania.com\/de\/#\/schema\/logo\/image\/\",\"url\":\"https:\/\/www.arteartesania.com\/wp-content\/uploads\/2019\/12\/cropped-logofooter.png\",\"contentUrl\":\"https:\/\/www.arteartesania.com\/wp-content\/uploads\/2019\/12\/cropped-logofooter.png\",\"width\":539,\"height\":58,\"caption\":\"Arteartesania\"},\"image\":{\"@id\":\"https:\/\/www.arteartesania.com\/de\/#\/schema\/logo\/image\/\"}}]}<\/script>\n<!-- \/ Yoast SEO plugin. -->","yoast_head_json":{"title":"Schalenring aus oxidiertem 925er Silber, 18 Karat Golddetail AUTOR: Carlos Tellechea - Arteartesania","robots":{"index":"index","follow":"follow","max-snippet":"max-snippet:-1","max-image-preview":"max-image-preview:large","max-video-preview":"max-video-preview:-1"},"canonical":"https:\/\/www.arteartesania.com\/de\/producto\/schalenring-aus-oxidiertem-925er-silber-18-karat-golddetail\/","og_locale":"de_DE","og_type":"article","og_title":"Schalenring aus oxidiertem 925er Silber, 18 Karat Golddetail AUTOR: Carlos Tellechea - Arteartesania","og_description":"ST\u00dcCK: Schalenring aus oxidiertem 925er Silber, 18 Karat Golddetail  MATERIAL: Oxidiertes 925er Silber, 18 Karat Gold  AUTOR: Carlos Tellechea  JAHR: 2021","og_url":"https:\/\/www.arteartesania.com\/de\/producto\/schalenring-aus-oxidiertem-925er-silber-18-karat-golddetail\/","og_site_name":"Arteartesania","article_modified_time":"2021-06-19T09:18:39+00:00","og_image":[{"width":2560,"height":1887,"url":"https:\/\/www.arteartesania.com\/wp-content\/uploads\/2021\/06\/IMG_9765_HEIC-2-scaled.jpeg","type":"image\/jpeg"}],"twitter_card":"summary_large_image","twitter_misc":{"Gesch\u00e4tzte Lesezeit":"1\u00a0Minute"},"schema":{"@context":"https:\/\/schema.org","@graph":[{"@type":"WebPage","@id":"https:\/\/www.arteartesania.com\/de\/producto\/schalenring-aus-oxidiertem-925er-silber-18-karat-golddetail\/","url":"https:\/\/www.arteartesania.com\/de\/producto\/schalenring-aus-oxidiertem-925er-silber-18-karat-golddetail\/","name":"Schalenring aus oxidiertem 925er Silber, 18 Karat Golddetail AUTOR: Carlos Tellechea - Arteartesania","isPartOf":{"@id":"https:\/\/www.arteartesania.com\/de\/#website"},"primaryImageOfPage":{"@id":"https:\/\/www.arteartesania.com\/de\/producto\/schalenring-aus-oxidiertem-925er-silber-18-karat-golddetail\/#primaryimage"},"image":{"@id":"https:\/\/www.arteartesania.com\/de\/producto\/schalenring-aus-oxidiertem-925er-silber-18-karat-golddetail\/#primaryimage"},"thumbnailUrl":"https:\/\/www.arteartesania.com\/wp-content\/uploads\/2021\/06\/IMG_9765_HEIC-2-scaled.jpeg","datePublished":"2021-06-16T11:38:53+00:00","dateModified":"2021-06-19T09:18:39+00:00","breadcrumb":{"@id":"https:\/\/www.arteartesania.com\/de\/producto\/schalenring-aus-oxidiertem-925er-silber-18-karat-golddetail\/#breadcrumb"},"inLanguage":"de","potentialAction":[{"@type":"ReadAction","target":["https:\/\/www.arteartesania.com\/de\/producto\/schalenring-aus-oxidiertem-925er-silber-18-karat-golddetail\/"]}]},{"@type":"ImageObject","inLanguage":"de","@id":"https:\/\/www.arteartesania.com\/de\/producto\/schalenring-aus-oxidiertem-925er-silber-18-karat-golddetail\/#primaryimage","url":"https:\/\/www.arteartesania.com\/wp-content\/uploads\/2021\/06\/IMG_9765_HEIC-2-scaled.jpeg","contentUrl":"https:\/\/www.arteartesania.com\/wp-content\/uploads\/2021\/06\/IMG_9765_HEIC-2-scaled.jpeg","width":2560,"height":1887},{"@type":"BreadcrumbList","@id":"https:\/\/www.arteartesania.com\/de\/producto\/schalenring-aus-oxidiertem-925er-silber-18-karat-golddetail\/#breadcrumb","itemListElement":[{"@type":"ListItem","position":1,"name":"Portada","item":"https:\/\/www.arteartesania.com\/de\/"},{"@type":"ListItem","position":2,"name":"Shop online","item":"https:\/\/www.arteartesania.com\/de\/online-bastelladen\/"},{"@type":"ListItem","position":3,"name":"Schalenring aus oxidiertem 925er Silber, 18 Karat Golddetail AUTOR: Carlos Tellechea"}]},{"@type":"WebSite","@id":"https:\/\/www.arteartesania.com\/de\/#website","url":"https:\/\/www.arteartesania.com\/de\/","name":"Arteartesania","description":"Original selecci\u00f3n de Artesan\u00eda Contempor\u00e1nea de Autor","publisher":{"@id":"https:\/\/www.arteartesania.com\/de\/#organization"},"potentialAction":[{"@type":"SearchAction","target":{"@type":"EntryPoint","urlTemplate":"https:\/\/www.arteartesania.com\/de\/?s={search_term_string}"},"query-input":{"@type":"PropertyValueSpecification","valueRequired":true,"valueName":"search_term_string"}}],"inLanguage":"de"},{"@type":"Organization","@id":"https:\/\/www.arteartesania.com\/de\/#organization","name":"Arteartesania","url":"https:\/\/www.arteartesania.com\/de\/","logo":{"@type":"ImageObject","inLanguage":"de","@id":"https:\/\/www.arteartesania.com\/de\/#\/schema\/logo\/image\/","url":"https:\/\/www.arteartesania.com\/wp-content\/uploads\/2019\/12\/cropped-logofooter.png","contentUrl":"https:\/\/www.arteartesania.com\/wp-content\/uploads\/2019\/12\/cropped-logofooter.png","width":539,"height":58,"caption":"Arteartesania"},"image":{"@id":"https:\/\/www.arteartesania.com\/de\/#\/schema\/logo\/image\/"}}]}},"_links":{"self":[{"href":"https:\/\/www.arteartesania.com\/de\/wp-json\/wp\/v2\/product\/10473"}],"collection":[{"href":"https:\/\/www.arteartesania.com\/de\/wp-json\/wp\/v2\/product"}],"about":[{"href":"https:\/\/www.arteartesania.com\/de\/wp-json\/wp\/v2\/types\/product"}],"replies":[{"embeddable":true,"href":"https:\/\/www.arteartesania.com\/de\/wp-json\/wp\/v2\/comments?post=10473"}],"wp:featuredmedia":[{"embeddable":true,"href":"https:\/\/www.arteartesania.com\/de\/wp-json\/wp\/v2\/media\/10508"}],"wp:attachment":[{"href":"https:\/\/www.arteartesania.com\/de\/wp-json\/wp\/v2\/media?parent=10473"}],"wp:term":[{"taxonomy":"product_cat","embeddable":true,"href":"https:\/\/www.arteartesania.com\/de\/wp-json\/wp\/v2\/product_cat?post=10473"},{"taxonomy":"product_tag","embeddable":true,"href":"https:\/\/www.arteartesania.com\/de\/wp-json\/wp\/v2\/product_tag?post=10473"}],"curies":[{"name":"wp","href":"https:\/\/api.w.org\/{rel}","templated":true}]}}