{"id":7235,"date":"2020-07-14T09:02:55","date_gmt":"2020-07-14T07:02:55","guid":{"rendered":"https:\/\/www.arteartesania.com\/?page_id=7235"},"modified":"2025-03-14T13:35:29","modified_gmt":"2025-03-14T12:35:29","slug":"workshops","status":"publish","type":"page","link":"https:\/\/www.arteartesania.com\/de\/workshops\/","title":{"rendered":"Workshops"},"content":{"rendered":"\t\t<div data-elementor-type=\"wp-page\" data-elementor-id=\"7235\" class=\"elementor elementor-7235 elementor-7234\">\n\t\t\t\t\t\t<section class=\"elementor-section elementor-top-section elementor-element elementor-element-264f9386 elementor-section-stretched elementor-section-height-min-height elementor-section-full_width elementor-section-height-default elementor-section-items-middle\" data-id=\"264f9386\" data-element_type=\"section\" data-settings=\"{&quot;stretch_section&quot;:&quot;section-stretched&quot;,&quot;background_background&quot;:&quot;classic&quot;}\">\n\t\t\t\t\t\t<div class=\"elementor-container elementor-column-gap-no\">\n\t\t\t\t\t<div class=\"elementor-column elementor-col-100 elementor-top-column elementor-element elementor-element-17106610\" data-id=\"17106610\" data-element_type=\"column\">\n\t\t\t<div class=\"elementor-widget-wrap\">\n\t\t\t\t\t\t\t<\/div>\n\t\t<\/div>\n\t\t\t\t\t<\/div>\n\t\t<\/section>\n\t\t\t\t<section class=\"elementor-section elementor-top-section elementor-element elementor-element-1ee8f42 elementor-section-boxed elementor-section-height-default elementor-section-height-default\" data-id=\"1ee8f42\" data-element_type=\"section\">\n\t\t\t\t\t\t<div class=\"elementor-container elementor-column-gap-default\">\n\t\t\t\t\t<div class=\"elementor-column elementor-col-100 elementor-top-column elementor-element elementor-element-ec0b6bf\" data-id=\"ec0b6bf\" data-element_type=\"column\">\n\t\t\t<div class=\"elementor-widget-wrap elementor-element-populated\">\n\t\t\t\t\t\t<div class=\"elementor-element elementor-element-17e1cdc elementor-widget elementor-widget-image\" data-id=\"17e1cdc\" data-element_type=\"widget\" data-widget_type=\"image.default\">\n\t\t\t\t<div class=\"elementor-widget-container\">\n\t\t\t\t\t\t\t\t\t\t\t\t\t<img decoding=\"async\" width=\"387\" height=\"74\" data-src=\"https:\/\/www.arteartesania.com\/wp-content\/uploads\/2025\/02\/LOGOCARLOSTELLECHEA-1.jpg\" class=\"attachment-large size-large wp-image-17785 lazyload\" alt=\"\" data-srcset=\"https:\/\/www.arteartesania.com\/wp-content\/uploads\/2025\/02\/LOGOCARLOSTELLECHEA-1.jpg 387w, https:\/\/www.arteartesania.com\/wp-content\/uploads\/2025\/02\/LOGOCARLOSTELLECHEA-1-300x57.jpg 300w\" data-sizes=\"(max-width: 387px) 100vw, 387px\" src=\"data:image\/gif;base64,R0lGODlhAQABAAAAACH5BAEKAAEALAAAAAABAAEAAAICTAEAOw==\" style=\"--smush-placeholder-width: 387px; --smush-placeholder-aspect-ratio: 387\/74;\" \/><noscript><img decoding=\"async\" width=\"387\" height=\"74\" src=\"https:\/\/www.arteartesania.com\/wp-content\/uploads\/2025\/02\/LOGOCARLOSTELLECHEA-1.jpg\" class=\"attachment-large size-large wp-image-17785\" alt=\"\" srcset=\"https:\/\/www.arteartesania.com\/wp-content\/uploads\/2025\/02\/LOGOCARLOSTELLECHEA-1.jpg 387w, https:\/\/www.arteartesania.com\/wp-content\/uploads\/2025\/02\/LOGOCARLOSTELLECHEA-1-300x57.jpg 300w\" sizes=\"(max-width: 387px) 100vw, 387px\" \/><\/noscript>\t\t\t\t\t\t\t\t\t\t\t\t\t<\/div>\n\t\t\t\t<\/div>\n\t\t\t\t<div class=\"elementor-element elementor-element-3e064b3 elementor-widget elementor-widget-heading\" data-id=\"3e064b3\" data-element_type=\"widget\" data-widget_type=\"heading.default\">\n\t\t\t\t<div class=\"elementor-widget-container\">\n\t\t\t<div class=\"elementor-heading-wrapper\" ><div class=\"elementor-heading-wrapper-inner\"><h1 class=\"elementor-heading-title elementor-size-default\">WORKSHOPS<\/h1><\/div><\/div>\t\t<\/div>\n\t\t\t\t<\/div>\n\t\t\t\t\t<\/div>\n\t\t<\/div>\n\t\t\t\t\t<\/div>\n\t\t<\/section>\n\t\t\t\t<section class=\"elementor-section elementor-top-section elementor-element elementor-element-5a9252f elementor-section-boxed elementor-section-height-default elementor-section-height-default\" data-id=\"5a9252f\" data-element_type=\"section\">\n\t\t\t\t\t\t<div class=\"elementor-container elementor-column-gap-default\">\n\t\t\t\t\t<div class=\"elementor-column elementor-col-100 elementor-top-column elementor-element elementor-element-121fbaa\" data-id=\"121fbaa\" data-element_type=\"column\">\n\t\t\t<div class=\"elementor-widget-wrap elementor-element-populated\">\n\t\t\t\t\t\t<div class=\"elementor-element elementor-element-471c7e1 owl-nav-align-right elementor-widget elementor-widget-opal-products\" data-id=\"471c7e1\" data-element_type=\"widget\" data-widget_type=\"opal-products.default\">\n\t\t\t\t<div class=\"elementor-widget-container\">\n\t\t\t<div class=\"woocommerce columns-2 elementor-product-style-grid\"><ul class=\"products columns-2\">\n<li class=\"product type-product post-17755 status-publish first instock product_cat-workshops-de has-post-thumbnail shipping-taxable purchasable product-type-variable\">\n\t<div class=\"product-block\"><div class=\"product-transition\"><div class=\"product-image\"><img fetchpriority=\"high\" decoding=\"async\" width=\"300\" height=\"300\" src=\"https:\/\/www.arteartesania.com\/wp-content\/uploads\/2020\/12\/BRAZALETE-ANCHO-CHUMBERA-BRONCE.-3-300x300.jpg\" class=\"attachment-woocommerce_thumbnail size-woocommerce_thumbnail\" alt=\"BRAZALETE-ANCHO-CHUMBERA-BRONCE\" srcset=\"https:\/\/www.arteartesania.com\/wp-content\/uploads\/2020\/12\/BRAZALETE-ANCHO-CHUMBERA-BRONCE.-3-300x300.jpg 300w, https:\/\/www.arteartesania.com\/wp-content\/uploads\/2020\/12\/BRAZALETE-ANCHO-CHUMBERA-BRONCE.-3-150x150.jpg 150w, https:\/\/www.arteartesania.com\/wp-content\/uploads\/2020\/12\/BRAZALETE-ANCHO-CHUMBERA-BRONCE.-3-80x80.jpg 80w, https:\/\/www.arteartesania.com\/wp-content\/uploads\/2020\/12\/BRAZALETE-ANCHO-CHUMBERA-BRONCE.-3-100x100.jpg 100w\" sizes=\"(max-width: 300px) 100vw, 300px\" \/><\/div>        <div class=\"group-action\">\n            <div class=\"shop-action\">\n                <div class=\"opal-add-to-cart-button\"><a href=\"https:\/\/www.arteartesania.com\/de\/producto\/curso-workshop-capsula-patinas-con-soplete-y-oxidos-de-cobre\/\" aria-describedby=\"woocommerce_loop_add_to_cart_link_describedby_17755\" data-quantity=\"1\" class=\"button product_type_variable add_to_cart_button\" data-product_id=\"17755\" data-product_sku=\"\" aria-label=\"W\u00e4hle Optionen f\u00fcr \u201eWorkshop \u201eCapsule\u201c - Fackelpatinas und Kupferoxide\u201c\" rel=\"nofollow\">Ausf\u00fchrung w\u00e4hlen<\/a><\/div>\t<span id=\"woocommerce_loop_add_to_cart_link_describedby_17755\" class=\"screen-reader-text\">\n\t\tDieses Produkt weist mehrere Varianten auf. Die Optionen k\u00f6nnen auf der Produktseite gew\u00e4hlt werden\t<\/span>\n            <\/div>\n        <\/div>\n        <a href=\"https:\/\/www.arteartesania.com\/de\/producto\/curso-workshop-capsula-patinas-con-soplete-y-oxidos-de-cobre\/\" class=\"woocommerce-LoopProduct-link woocommerce-loop-product__link\"><\/a><\/div><div class=\"caption\"><h3 class=\"woocommerce-loop-product__title\"><a href=\"https:\/\/www.arteartesania.com\/de\/producto\/curso-workshop-capsula-patinas-con-soplete-y-oxidos-de-cobre\/\">Workshop \u201eCapsule\u201c &#8211; Fackelpatinas und Kupferoxide<\/a><\/h3>\n\t<span class=\"price\"><span class=\"woocommerce-Price-amount amount\"><bdi>300.00<span class=\"woocommerce-Price-currencySymbol\">&euro;<\/span><\/bdi><\/span><\/span>\n<\/div><\/div><\/li>\n<li class=\"product type-product post-17767 status-publish last instock product_cat-workshops-de has-post-thumbnail shipping-taxable purchasable product-type-variable\">\n\t<div class=\"product-block\"><div class=\"product-transition\"><div class=\"product-image\"><img decoding=\"async\" width=\"300\" height=\"300\" data-src=\"https:\/\/www.arteartesania.com\/wp-content\/uploads\/2025\/02\/ACHILLES-ROMAIN-CURSO2-copia-scaled-1-300x300.jpg\" class=\"attachment-woocommerce_thumbnail size-woocommerce_thumbnail lazyload\" alt=\"\" data-srcset=\"https:\/\/www.arteartesania.com\/wp-content\/uploads\/2025\/02\/ACHILLES-ROMAIN-CURSO2-copia-scaled-1-300x300.jpg 300w, https:\/\/www.arteartesania.com\/wp-content\/uploads\/2025\/02\/ACHILLES-ROMAIN-CURSO2-copia-scaled-1-150x150.jpg 150w, https:\/\/www.arteartesania.com\/wp-content\/uploads\/2025\/02\/ACHILLES-ROMAIN-CURSO2-copia-scaled-1-80x80.jpg 80w, https:\/\/www.arteartesania.com\/wp-content\/uploads\/2025\/02\/ACHILLES-ROMAIN-CURSO2-copia-scaled-1-100x100.jpg 100w, https:\/\/www.arteartesania.com\/wp-content\/uploads\/2025\/02\/ACHILLES-ROMAIN-CURSO2-copia-scaled-1-50x50.jpg 50w\" data-sizes=\"(max-width: 300px) 100vw, 300px\" src=\"data:image\/gif;base64,R0lGODlhAQABAAAAACH5BAEKAAEALAAAAAABAAEAAAICTAEAOw==\" style=\"--smush-placeholder-width: 300px; --smush-placeholder-aspect-ratio: 300\/300;\" \/><noscript><img decoding=\"async\" width=\"300\" height=\"300\" src=\"https:\/\/www.arteartesania.com\/wp-content\/uploads\/2025\/02\/ACHILLES-ROMAIN-CURSO2-copia-scaled-1-300x300.jpg\" class=\"attachment-woocommerce_thumbnail size-woocommerce_thumbnail\" alt=\"\" srcset=\"https:\/\/www.arteartesania.com\/wp-content\/uploads\/2025\/02\/ACHILLES-ROMAIN-CURSO2-copia-scaled-1-300x300.jpg 300w, https:\/\/www.arteartesania.com\/wp-content\/uploads\/2025\/02\/ACHILLES-ROMAIN-CURSO2-copia-scaled-1-150x150.jpg 150w, https:\/\/www.arteartesania.com\/wp-content\/uploads\/2025\/02\/ACHILLES-ROMAIN-CURSO2-copia-scaled-1-80x80.jpg 80w, https:\/\/www.arteartesania.com\/wp-content\/uploads\/2025\/02\/ACHILLES-ROMAIN-CURSO2-copia-scaled-1-100x100.jpg 100w, https:\/\/www.arteartesania.com\/wp-content\/uploads\/2025\/02\/ACHILLES-ROMAIN-CURSO2-copia-scaled-1-50x50.jpg 50w\" sizes=\"(max-width: 300px) 100vw, 300px\" \/><\/noscript><\/div>        <div class=\"group-action\">\n            <div class=\"shop-action\">\n                <div class=\"opal-add-to-cart-button\"><a href=\"https:\/\/www.arteartesania.com\/de\/producto\/tecnicas-basicas-de-joyeria\/\" aria-describedby=\"woocommerce_loop_add_to_cart_link_describedby_17767\" data-quantity=\"1\" class=\"button product_type_variable add_to_cart_button\" data-product_id=\"17767\" data-product_sku=\"\" aria-label=\"W\u00e4hle Optionen f\u00fcr \u201eGrundlegende Schmucktechniken\u201c\" rel=\"nofollow\">Ausf\u00fchrung w\u00e4hlen<\/a><\/div>\t<span id=\"woocommerce_loop_add_to_cart_link_describedby_17767\" class=\"screen-reader-text\">\n\t\tDieses Produkt weist mehrere Varianten auf. Die Optionen k\u00f6nnen auf der Produktseite gew\u00e4hlt werden\t<\/span>\n            <\/div>\n        <\/div>\n        <a href=\"https:\/\/www.arteartesania.com\/de\/producto\/tecnicas-basicas-de-joyeria\/\" class=\"woocommerce-LoopProduct-link woocommerce-loop-product__link\"><\/a><\/div><div class=\"caption\"><h3 class=\"woocommerce-loop-product__title\"><a href=\"https:\/\/www.arteartesania.com\/de\/producto\/tecnicas-basicas-de-joyeria\/\">Grundlegende Schmucktechniken<\/a><\/h3>\n\t<span class=\"price\"><span class=\"woocommerce-Price-amount amount\"><bdi>500.00<span class=\"woocommerce-Price-currencySymbol\">&euro;<\/span><\/bdi><\/span><\/span>\n<\/div><\/div><\/li>\n<\/ul>\n<\/div>\t\t<\/div>\n\t\t\t\t<\/div>\n\t\t\t\t\t<\/div>\n\t\t<\/div>\n\t\t\t\t\t<\/div>\n\t\t<\/section>\n\t\t\t\t<section class=\"elementor-section elementor-top-section elementor-element elementor-element-5df4fc5a elementor-section-stretched elementor-section-boxed elementor-section-height-default elementor-section-height-default\" data-id=\"5df4fc5a\" data-element_type=\"section\" data-settings=\"{&quot;stretch_section&quot;:&quot;section-stretched&quot;,&quot;background_background&quot;:&quot;classic&quot;}\">\n\t\t\t\t\t\t\t<div class=\"elementor-background-overlay\"><\/div>\n\t\t\t\t\t\t\t<div class=\"elementor-container elementor-column-gap-default\">\n\t\t\t\t\t<div class=\"elementor-column elementor-col-100 elementor-top-column elementor-element elementor-element-1b87896b\" data-id=\"1b87896b\" data-element_type=\"column\">\n\t\t\t<div class=\"elementor-widget-wrap elementor-element-populated\">\n\t\t\t\t\t\t<div class=\"elementor-element elementor-element-30c6d31 animated-fast elementor-invisible elementor-widget elementor-widget-heading\" data-id=\"30c6d31\" data-element_type=\"widget\" data-settings=\"{&quot;_animation&quot;:&quot;opal-move-up&quot;}\" data-widget_type=\"heading.default\">\n\t\t\t\t<div class=\"elementor-widget-container\">\n\t\t\t<div class=\"elementor-heading-wrapper\" ><div class=\"elementor-heading-wrapper-inner\"><h1 class=\"elementor-heading-title elementor-size-default\">KURSE \/ WORKSHOPS<\/h1><\/div><\/div>\t\t<\/div>\n\t\t\t\t<\/div>\n\t\t\t\t<div class=\"elementor-element elementor-element-461f720c animated-fast elementor-invisible elementor-widget elementor-widget-text-editor\" data-id=\"461f720c\" data-element_type=\"widget\" data-settings=\"{&quot;_animation&quot;:&quot;opal-move-up&quot;}\" data-widget_type=\"text-editor.default\">\n\t\t\t\t<div class=\"elementor-widget-container\">\n\t\t\t        <div class=\"elementor-text-editor elementor-clearfix\"><p><strong>Umsetzung:<\/strong> w\u00f6chentlich\/ monatlich<\/p><p><strong>Dauer:<\/strong> 10 Stunden, verteilt auf Einheiten je 2 Stunden<\/p><p><strong>Zeitraum:<\/strong> Montag bis Freitag (fr\u00fch 10 &#8211; 14 Uhr, sp\u00e4t 16 &#8211; 20 Uhr)<\/p><\/div>\n        \t\t<\/div>\n\t\t\t\t<\/div>\n\t\t\t\t<div class=\"elementor-element elementor-element-61ae4ca2 animated-fast elementor-invisible elementor-widget elementor-widget-text-editor\" data-id=\"61ae4ca2\" data-element_type=\"widget\" data-settings=\"{&quot;_animation&quot;:&quot;opal-move-up&quot;}\" data-widget_type=\"text-editor.default\">\n\t\t\t\t<div class=\"elementor-widget-container\">\n\t\t\t        <div class=\"elementor-text-editor elementor-clearfix\"><p>Sobald der erste Termin festgelegt ist, erbeten wir die Anzahlung von 50% der Kurskosten<\/p><\/div>\n        \t\t<\/div>\n\t\t\t\t<\/div>\n\t\t\t\t\t<\/div>\n\t\t<\/div>\n\t\t\t\t\t<\/div>\n\t\t<\/section>\n\t\t\t\t<\/div>\n\t\t","protected":false},"excerpt":{"rendered":"<p>WORKSHOPS Seleccionar opciones Este producto tiene m\u00faltiples variantes. Las opciones se pueden elegir en la p\u00e1gina de producto Capsule Workshop &#8211; Torch patinas and copper oxides 300.00&euro; Seleccionar opciones Este producto tiene m\u00faltiples variantes. Las opciones se pueden elegir en la p\u00e1gina de producto Basic jewellery techniques 500.00&euro; KURSE \/ WORKSHOPS Umsetzung: w\u00f6chentlich\/ monatlich Dauer: &hellip; <\/p>\n<p class=\"link-more\"><a href=\"https:\/\/www.arteartesania.com\/de\/workshops\/\" class=\"more-link\">Read More <span class=\"screen-reader-text\"> &#8222;Workshops&#8220;<\/span><\/a><\/p>\n","protected":false},"author":1,"featured_media":0,"parent":0,"menu_order":0,"comment_status":"closed","ping_status":"closed","template":"page-cursos.php","meta":{"_acf_changed":false,"inline_featured_image":false,"footnotes":""},"class_list":["post-7235","page","type-page","status-publish","hentry"],"acf":[],"yoast_head":"<!-- This site is optimized with the Yoast SEO plugin v23.6 - https:\/\/yoast.com\/wordpress\/plugins\/seo\/ -->\n<title>Arteartesania - Autorenhandwerksladen von Carlos Tellechea<\/title>\n<meta name=\"robots\" content=\"index, follow, max-snippet:-1, max-image-preview:large, max-video-preview:-1\" \/>\n<link rel=\"canonical\" href=\"https:\/\/www.arteartesania.com\/de\/workshops\/\" \/>\n<meta property=\"og:locale\" content=\"de_DE\" \/>\n<meta property=\"og:type\" content=\"article\" \/>\n<meta property=\"og:title\" content=\"Arteartesania - Autorenhandwerksladen von Carlos Tellechea\" \/>\n<meta property=\"og:description\" content=\"WORKSHOPS Seleccionar opciones Este producto tiene m\u00faltiples variantes. Las opciones se pueden elegir en la p\u00e1gina de producto Capsule Workshop &#8211; Torch patinas and copper oxides 300.00&euro; Seleccionar opciones Este producto tiene m\u00faltiples variantes. Las opciones se pueden elegir en la p\u00e1gina de producto Basic jewellery techniques 500.00&euro; KURSE \/ WORKSHOPS Umsetzung: w\u00f6chentlich\/ monatlich Dauer: &hellip; Read More &quot;Workshops&quot;\" \/>\n<meta property=\"og:url\" content=\"https:\/\/www.arteartesania.com\/de\/workshops\/\" \/>\n<meta property=\"og:site_name\" content=\"Arteartesania\" \/>\n<meta property=\"article:modified_time\" content=\"2025-03-14T12:35:29+00:00\" \/>\n<meta property=\"og:image\" content=\"https:\/\/www.arteartesania.com\/wp-content\/uploads\/2025\/02\/LOGOCARLOSTELLECHEA-1.jpg\" \/>\n\t<meta property=\"og:image:width\" content=\"387\" \/>\n\t<meta property=\"og:image:height\" content=\"74\" \/>\n\t<meta property=\"og:image:type\" content=\"image\/jpeg\" \/>\n<meta name=\"twitter:card\" content=\"summary_large_image\" \/>\n<meta name=\"twitter:label1\" content=\"Gesch\u00e4tzte Lesezeit\" \/>\n\t<meta name=\"twitter:data1\" content=\"2\u00a0Minuten\" \/>\n<script type=\"application\/ld+json\" class=\"yoast-schema-graph\">{\"@context\":\"https:\/\/schema.org\",\"@graph\":[{\"@type\":\"WebPage\",\"@id\":\"https:\/\/www.arteartesania.com\/de\/workshops\/\",\"url\":\"https:\/\/www.arteartesania.com\/de\/workshops\/\",\"name\":\"Arteartesania - Autorenhandwerksladen von Carlos Tellechea\",\"isPartOf\":{\"@id\":\"https:\/\/www.arteartesania.com\/de\/#website\"},\"primaryImageOfPage\":{\"@id\":\"https:\/\/www.arteartesania.com\/de\/workshops\/#primaryimage\"},\"image\":{\"@id\":\"https:\/\/www.arteartesania.com\/de\/workshops\/#primaryimage\"},\"thumbnailUrl\":\"https:\/\/www.arteartesania.com\/wp-content\/uploads\/2025\/02\/LOGOCARLOSTELLECHEA-1.jpg\",\"datePublished\":\"2020-07-14T07:02:55+00:00\",\"dateModified\":\"2025-03-14T12:35:29+00:00\",\"breadcrumb\":{\"@id\":\"https:\/\/www.arteartesania.com\/de\/workshops\/#breadcrumb\"},\"inLanguage\":\"de\",\"potentialAction\":[{\"@type\":\"ReadAction\",\"target\":[\"https:\/\/www.arteartesania.com\/de\/workshops\/\"]}]},{\"@type\":\"ImageObject\",\"inLanguage\":\"de\",\"@id\":\"https:\/\/www.arteartesania.com\/de\/workshops\/#primaryimage\",\"url\":\"https:\/\/www.arteartesania.com\/wp-content\/uploads\/2025\/02\/LOGOCARLOSTELLECHEA-1.jpg\",\"contentUrl\":\"https:\/\/www.arteartesania.com\/wp-content\/uploads\/2025\/02\/LOGOCARLOSTELLECHEA-1.jpg\"},{\"@type\":\"BreadcrumbList\",\"@id\":\"https:\/\/www.arteartesania.com\/de\/workshops\/#breadcrumb\",\"itemListElement\":[{\"@type\":\"ListItem\",\"position\":1,\"name\":\"Portada\",\"item\":\"https:\/\/www.arteartesania.com\/de\/\"},{\"@type\":\"ListItem\",\"position\":2,\"name\":\"Workshops\"}]},{\"@type\":\"WebSite\",\"@id\":\"https:\/\/www.arteartesania.com\/de\/#website\",\"url\":\"https:\/\/www.arteartesania.com\/de\/\",\"name\":\"Arteartesania\",\"description\":\"Original selecci\u00f3n de Artesan\u00eda Contempor\u00e1nea de Autor\",\"publisher\":{\"@id\":\"https:\/\/www.arteartesania.com\/de\/#organization\"},\"potentialAction\":[{\"@type\":\"SearchAction\",\"target\":{\"@type\":\"EntryPoint\",\"urlTemplate\":\"https:\/\/www.arteartesania.com\/de\/?s={search_term_string}\"},\"query-input\":{\"@type\":\"PropertyValueSpecification\",\"valueRequired\":true,\"valueName\":\"search_term_string\"}}],\"inLanguage\":\"de\"},{\"@type\":\"Organization\",\"@id\":\"https:\/\/www.arteartesania.com\/de\/#organization\",\"name\":\"Arteartesania\",\"url\":\"https:\/\/www.arteartesania.com\/de\/\",\"logo\":{\"@type\":\"ImageObject\",\"inLanguage\":\"de\",\"@id\":\"https:\/\/www.arteartesania.com\/de\/#\/schema\/logo\/image\/\",\"url\":\"https:\/\/www.arteartesania.com\/wp-content\/uploads\/2019\/12\/cropped-logofooter.png\",\"contentUrl\":\"https:\/\/www.arteartesania.com\/wp-content\/uploads\/2019\/12\/cropped-logofooter.png\",\"width\":539,\"height\":58,\"caption\":\"Arteartesania\"},\"image\":{\"@id\":\"https:\/\/www.arteartesania.com\/de\/#\/schema\/logo\/image\/\"}}]}<\/script>\n<!-- \/ Yoast SEO plugin. -->","yoast_head_json":{"title":"Arteartesania - Autorenhandwerksladen von Carlos Tellechea","robots":{"index":"index","follow":"follow","max-snippet":"max-snippet:-1","max-image-preview":"max-image-preview:large","max-video-preview":"max-video-preview:-1"},"canonical":"https:\/\/www.arteartesania.com\/de\/workshops\/","og_locale":"de_DE","og_type":"article","og_title":"Arteartesania - Autorenhandwerksladen von Carlos Tellechea","og_description":"WORKSHOPS Seleccionar opciones Este producto tiene m\u00faltiples variantes. Las opciones se pueden elegir en la p\u00e1gina de producto Capsule Workshop &#8211; Torch patinas and copper oxides 300.00&euro; Seleccionar opciones Este producto tiene m\u00faltiples variantes. Las opciones se pueden elegir en la p\u00e1gina de producto Basic jewellery techniques 500.00&euro; KURSE \/ WORKSHOPS Umsetzung: w\u00f6chentlich\/ monatlich Dauer: &hellip; Read More \"Workshops\"","og_url":"https:\/\/www.arteartesania.com\/de\/workshops\/","og_site_name":"Arteartesania","article_modified_time":"2025-03-14T12:35:29+00:00","og_image":[{"width":387,"height":74,"url":"https:\/\/www.arteartesania.com\/wp-content\/uploads\/2025\/02\/LOGOCARLOSTELLECHEA-1.jpg","type":"image\/jpeg"}],"twitter_card":"summary_large_image","twitter_misc":{"Gesch\u00e4tzte Lesezeit":"2\u00a0Minuten"},"schema":{"@context":"https:\/\/schema.org","@graph":[{"@type":"WebPage","@id":"https:\/\/www.arteartesania.com\/de\/workshops\/","url":"https:\/\/www.arteartesania.com\/de\/workshops\/","name":"Arteartesania - Autorenhandwerksladen von Carlos Tellechea","isPartOf":{"@id":"https:\/\/www.arteartesania.com\/de\/#website"},"primaryImageOfPage":{"@id":"https:\/\/www.arteartesania.com\/de\/workshops\/#primaryimage"},"image":{"@id":"https:\/\/www.arteartesania.com\/de\/workshops\/#primaryimage"},"thumbnailUrl":"https:\/\/www.arteartesania.com\/wp-content\/uploads\/2025\/02\/LOGOCARLOSTELLECHEA-1.jpg","datePublished":"2020-07-14T07:02:55+00:00","dateModified":"2025-03-14T12:35:29+00:00","breadcrumb":{"@id":"https:\/\/www.arteartesania.com\/de\/workshops\/#breadcrumb"},"inLanguage":"de","potentialAction":[{"@type":"ReadAction","target":["https:\/\/www.arteartesania.com\/de\/workshops\/"]}]},{"@type":"ImageObject","inLanguage":"de","@id":"https:\/\/www.arteartesania.com\/de\/workshops\/#primaryimage","url":"https:\/\/www.arteartesania.com\/wp-content\/uploads\/2025\/02\/LOGOCARLOSTELLECHEA-1.jpg","contentUrl":"https:\/\/www.arteartesania.com\/wp-content\/uploads\/2025\/02\/LOGOCARLOSTELLECHEA-1.jpg"},{"@type":"BreadcrumbList","@id":"https:\/\/www.arteartesania.com\/de\/workshops\/#breadcrumb","itemListElement":[{"@type":"ListItem","position":1,"name":"Portada","item":"https:\/\/www.arteartesania.com\/de\/"},{"@type":"ListItem","position":2,"name":"Workshops"}]},{"@type":"WebSite","@id":"https:\/\/www.arteartesania.com\/de\/#website","url":"https:\/\/www.arteartesania.com\/de\/","name":"Arteartesania","description":"Original selecci\u00f3n de Artesan\u00eda Contempor\u00e1nea de Autor","publisher":{"@id":"https:\/\/www.arteartesania.com\/de\/#organization"},"potentialAction":[{"@type":"SearchAction","target":{"@type":"EntryPoint","urlTemplate":"https:\/\/www.arteartesania.com\/de\/?s={search_term_string}"},"query-input":{"@type":"PropertyValueSpecification","valueRequired":true,"valueName":"search_term_string"}}],"inLanguage":"de"},{"@type":"Organization","@id":"https:\/\/www.arteartesania.com\/de\/#organization","name":"Arteartesania","url":"https:\/\/www.arteartesania.com\/de\/","logo":{"@type":"ImageObject","inLanguage":"de","@id":"https:\/\/www.arteartesania.com\/de\/#\/schema\/logo\/image\/","url":"https:\/\/www.arteartesania.com\/wp-content\/uploads\/2019\/12\/cropped-logofooter.png","contentUrl":"https:\/\/www.arteartesania.com\/wp-content\/uploads\/2019\/12\/cropped-logofooter.png","width":539,"height":58,"caption":"Arteartesania"},"image":{"@id":"https:\/\/www.arteartesania.com\/de\/#\/schema\/logo\/image\/"}}]}},"_links":{"self":[{"href":"https:\/\/www.arteartesania.com\/de\/wp-json\/wp\/v2\/pages\/7235"}],"collection":[{"href":"https:\/\/www.arteartesania.com\/de\/wp-json\/wp\/v2\/pages"}],"about":[{"href":"https:\/\/www.arteartesania.com\/de\/wp-json\/wp\/v2\/types\/page"}],"author":[{"embeddable":true,"href":"https:\/\/www.arteartesania.com\/de\/wp-json\/wp\/v2\/users\/1"}],"replies":[{"embeddable":true,"href":"https:\/\/www.arteartesania.com\/de\/wp-json\/wp\/v2\/comments?post=7235"}],"version-history":[{"count":12,"href":"https:\/\/www.arteartesania.com\/de\/wp-json\/wp\/v2\/pages\/7235\/revisions"}],"predecessor-version":[{"id":17804,"href":"https:\/\/www.arteartesania.com\/de\/wp-json\/wp\/v2\/pages\/7235\/revisions\/17804"}],"wp:attachment":[{"href":"https:\/\/www.arteartesania.com\/de\/wp-json\/wp\/v2\/media?parent=7235"}],"curies":[{"name":"wp","href":"https:\/\/api.w.org\/{rel}","templated":true}]}}