{"id":4545,"date":"2019-12-09T02:59:12","date_gmt":"2019-12-09T02:59:12","guid":{"rendered":"http:\/\/www.arteartesania.com\/faqs\/"},"modified":"2019-12-09T02:59:12","modified_gmt":"2019-12-09T02:59:12","slug":"faqs","status":"publish","type":"page","link":"https:\/\/www.arteartesania.com\/de\/faqs\/","title":{"rendered":"FAQs"},"content":{"rendered":"\t\t<div data-elementor-type=\"wp-page\" data-elementor-id=\"4545\" class=\"elementor elementor-4545 elementor-2719\">\n\t\t\t\t\t\t<section class=\"elementor-section elementor-top-section elementor-element elementor-element-350447f elementor-section-stretched elementor-section-boxed elementor-section-height-default elementor-section-height-default\" data-id=\"350447f\" data-element_type=\"section\" data-settings=\"{&quot;stretch_section&quot;:&quot;section-stretched&quot;}\">\n\t\t\t\t\t\t<div class=\"elementor-container elementor-column-gap-no\">\n\t\t\t\t\t<div class=\"elementor-column elementor-col-100 elementor-top-column elementor-element elementor-element-fdecdc4\" data-id=\"fdecdc4\" data-element_type=\"column\">\n\t\t\t<div class=\"elementor-widget-wrap elementor-element-populated\">\n\t\t\t\t\t\t<div class=\"elementor-element elementor-element-e0e3417 elementor-widget elementor-widget-accordion\" data-id=\"e0e3417\" data-element_type=\"widget\" data-widget_type=\"accordion.default\">\n\t\t\t\t<div class=\"elementor-widget-container\">\n\t\t\t        <div class=\"elementor-accordion\" role=\"tablist\">\n                    <div class=\"elementor-accordion-item\">\n            <div id=\"elementor-tab-title-2351\" class=\"elementor-tab-title\" tabindex=\"2351\" data-tab=\"1\" role=\"tab\" aria-controls=\"elementor-tab-content-2351\">\n                        <span class=\"elementor-accordion-icon\" aria-hidden=\"true\">\n\t\t\t\t\t\t\t<i class=\"elementor-accordion-icon-closed fa fa-caret-down\"><\/i>\n\t\t\t\t\t\t\t<i class=\"elementor-accordion-icon-opened fa fa-caret-up\"><\/i>\n\t\t\t\t\t\t<\/span>\n                    When will my card be charged for my order?            <\/div>\n            <div id=\"elementor-tab-content-2351\" class=\"elementor-tab-content elementor-clearfix\" data-tab=\"1\" role=\"tabpanel\" aria-labelledby=\"elementor-tab-title-2351\"><p>Yes, we use industry standard SSL encryption to protect your details. Potentially sensitive information such as your name, address and card details are encoded so they can only be read on the secure server. This information is authenticated to ensure it only gets sent to this secure server and is checked to make sure it has not been tampered with during transfer.<\/p><\/div>\n            <\/div>\n                    <div class=\"elementor-accordion-item\">\n            <div id=\"elementor-tab-title-2352\" class=\"elementor-tab-title\" tabindex=\"2352\" data-tab=\"2\" role=\"tab\" aria-controls=\"elementor-tab-content-2352\">\n                        <span class=\"elementor-accordion-icon\" aria-hidden=\"true\">\n\t\t\t\t\t\t\t<i class=\"elementor-accordion-icon-closed fa fa-caret-down\"><\/i>\n\t\t\t\t\t\t\t<i class=\"elementor-accordion-icon-opened fa fa-caret-up\"><\/i>\n\t\t\t\t\t\t<\/span>\n                    Do I have to pay Customs & import charges if I live outside of  the EU?            <\/div>\n            <div id=\"elementor-tab-content-2352\" class=\"elementor-tab-content elementor-clearfix\" data-tab=\"2\" role=\"tabpanel\" aria-labelledby=\"elementor-tab-title-2352\"><p>Yes, we use industry standard SSL encryption to protect your details. Potentially sensitive information such as your name, address and card details are encoded so they can only be read on the secure server. This information is authenticated to ensure it only gets sent to this secure server and is checked to make sure it has not been tampered with during transfer.<\/p><\/div>\n            <\/div>\n                    <div class=\"elementor-accordion-item\">\n            <div id=\"elementor-tab-title-2353\" class=\"elementor-tab-title\" tabindex=\"2353\" data-tab=\"3\" role=\"tab\" aria-controls=\"elementor-tab-content-2353\">\n                        <span class=\"elementor-accordion-icon\" aria-hidden=\"true\">\n\t\t\t\t\t\t\t<i class=\"elementor-accordion-icon-closed fa fa-caret-down\"><\/i>\n\t\t\t\t\t\t\t<i class=\"elementor-accordion-icon-opened fa fa-caret-up\"><\/i>\n\t\t\t\t\t\t<\/span>\n                    How long does it take for home delivery?            <\/div>\n            <div id=\"elementor-tab-content-2353\" class=\"elementor-tab-content elementor-clearfix\" data-tab=\"3\" role=\"tabpanel\" aria-labelledby=\"elementor-tab-title-2353\"><p>Yes, we use industry standard SSL encryption to protect your details. Potentially sensitive information such as your name, address and card details are encoded so they can only be read on the secure server. This information is authenticated to ensure it only gets sent to this secure server and is checked to make sure it has not been tampered with during transfer.<\/p><\/div>\n            <\/div>\n                    <div class=\"elementor-accordion-item\">\n            <div id=\"elementor-tab-title-2354\" class=\"elementor-tab-title\" tabindex=\"2354\" data-tab=\"4\" role=\"tab\" aria-controls=\"elementor-tab-content-2354\">\n                        <span class=\"elementor-accordion-icon\" aria-hidden=\"true\">\n\t\t\t\t\t\t\t<i class=\"elementor-accordion-icon-closed fa fa-caret-down\"><\/i>\n\t\t\t\t\t\t\t<i class=\"elementor-accordion-icon-opened fa fa-caret-up\"><\/i>\n\t\t\t\t\t\t<\/span>\n                    Which credit cards do you accept?            <\/div>\n            <div id=\"elementor-tab-content-2354\" class=\"elementor-tab-content elementor-clearfix\" data-tab=\"4\" role=\"tabpanel\" aria-labelledby=\"elementor-tab-title-2354\"><p>Yes, we use industry standard SSL encryption to protect your details. Potentially sensitive information such as your name, address and card details are encoded so they can only be read on the secure server. This information is authenticated to ensure it only gets sent to this secure server and is checked to make sure it has not been tampered with during transfer.<\/p><\/div>\n            <\/div>\n                <\/div>\n        \t\t<\/div>\n\t\t\t\t<\/div>\n\t\t\t\t\t<\/div>\n\t\t<\/div>\n\t\t\t\t\t<\/div>\n\t\t<\/section>\n\t\t\t\t<section class=\"elementor-section elementor-top-section elementor-element elementor-element-83607c9 elementor-section-stretched elementor-section-boxed elementor-section-height-default elementor-section-height-default\" data-id=\"83607c9\" data-element_type=\"section\" data-settings=\"{&quot;stretch_section&quot;:&quot;section-stretched&quot;}\">\n\t\t\t\t\t\t<div class=\"elementor-container elementor-column-gap-no\">\n\t\t\t\t\t<div class=\"elementor-column elementor-col-100 elementor-top-column elementor-element elementor-element-a29f9c1\" data-id=\"a29f9c1\" data-element_type=\"column\">\n\t\t\t<div class=\"elementor-widget-wrap elementor-element-populated\">\n\t\t\t\t\t\t<div class=\"elementor-element elementor-element-8a79376 elementor-widget elementor-widget-heading\" data-id=\"8a79376\" data-element_type=\"widget\" data-widget_type=\"heading.default\">\n\t\t\t\t<div class=\"elementor-widget-container\">\n\t\t\t<div class=\"elementor-heading-wrapper\" ><span class=\"sub-title\">NEWSLETTER<\/span><div class=\"elementor-heading-wrapper-inner\"><h2 class=\"elementor-heading-title elementor-size-default\">Subscribe to the Quapa<\/h2><\/div><\/div>\t\t<\/div>\n\t\t\t\t<\/div>\n\t\t\t\t<div class=\"elementor-element elementor-element-8f88837 elementor-widget elementor-widget-text-editor\" data-id=\"8f88837\" data-element_type=\"widget\" data-widget_type=\"text-editor.default\">\n\t\t\t\t<div class=\"elementor-widget-container\">\n\t\t\t        <div class=\"elementor-text-editor elementor-clearfix\"><p>Subscribe to the free newsletter and receive notification of new products and promotions!<\/p><\/div>\n        \t\t<\/div>\n\t\t\t\t<\/div>\n\t\t\t\t<div class=\"elementor-element elementor-element-d7819e6 mailchimp-button-default elementor-widget elementor-widget-opal-mailchmip\" data-id=\"d7819e6\" data-element_type=\"widget\" data-widget_type=\"opal-mailchmip.default\">\n\t\t\t\t<div class=\"elementor-widget-container\">\n\t\t\t<div class=\"form-style\"><script>(function() {\n\twindow.mc4wp = window.mc4wp || {\n\t\tlisteners: [],\n\t\tforms: {\n\t\t\ton: function(evt, cb) {\n\t\t\t\twindow.mc4wp.listeners.push(\n\t\t\t\t\t{\n\t\t\t\t\t\tevent   : evt,\n\t\t\t\t\t\tcallback: cb\n\t\t\t\t\t}\n\t\t\t\t);\n\t\t\t}\n\t\t}\n\t}\n})();\n<\/script><!-- Mailchimp for WordPress v4.9.17 - https:\/\/wordpress.org\/plugins\/mailchimp-for-wp\/ --><form id=\"mc4wp-form-1\" class=\"mc4wp-form mc4wp-form-2074\" method=\"post\" data-id=\"2074\" data-name=\"Opal MailChimp\" ><div class=\"mc4wp-form-fields\"><input type=\"email\" name=\"EMAIL\" placeholder=\"Enter your e-mail...\" required \/>\r\n<button type=\"submit\" value=\"Submit\">\r\n<span>Subscribe<\/span><i class=\"opal-icon-arrow\" aria-hidden=\"true\"><\/i>\r\n<\/button><\/div><label style=\"display: none !important;\">Wenn du ein Mensch bist, lasse das Feld leer: <input type=\"text\" name=\"_mc4wp_honeypot\" value=\"\" tabindex=\"-1\" autocomplete=\"off\" \/><\/label><input type=\"hidden\" name=\"_mc4wp_timestamp\" value=\"1777504933\" \/><input type=\"hidden\" name=\"_mc4wp_form_id\" value=\"2074\" \/><input type=\"hidden\" name=\"_mc4wp_form_element_id\" value=\"mc4wp-form-1\" \/><div class=\"mc4wp-response\"><\/div><\/form><!-- \/ Mailchimp for WordPress Plugin --><\/div>\t\t<\/div>\n\t\t\t\t<\/div>\n\t\t\t\t\t<\/div>\n\t\t<\/div>\n\t\t\t\t\t<\/div>\n\t\t<\/section>\n\t\t\t\t<\/div>\n\t\t","protected":false},"excerpt":{"rendered":"","protected":false},"author":1,"featured_media":0,"parent":0,"menu_order":0,"comment_status":"closed","ping_status":"closed","template":"page-elementor.php","meta":{"_acf_changed":false,"inline_featured_image":false,"footnotes":""},"class_list":["post-4545","page","type-page","status-publish","hentry"],"acf":[],"yoast_head":"<!-- This site is optimized with the Yoast SEO plugin v23.6 - https:\/\/yoast.com\/wordpress\/plugins\/seo\/ -->\n<title>FAQs - Arteartesania<\/title>\n<meta name=\"robots\" content=\"index, follow, max-snippet:-1, max-image-preview:large, max-video-preview:-1\" \/>\n<link rel=\"canonical\" href=\"https:\/\/www.arteartesania.com\/de\/faqs\/\" \/>\n<meta property=\"og:locale\" content=\"de_DE\" \/>\n<meta property=\"og:type\" content=\"article\" \/>\n<meta property=\"og:title\" content=\"FAQs - Arteartesania\" \/>\n<meta property=\"og:url\" content=\"https:\/\/www.arteartesania.com\/de\/faqs\/\" \/>\n<meta property=\"og:site_name\" content=\"Arteartesania\" \/>\n<meta name=\"twitter:card\" content=\"summary_large_image\" \/>\n<script type=\"application\/ld+json\" class=\"yoast-schema-graph\">{\"@context\":\"https:\/\/schema.org\",\"@graph\":[{\"@type\":\"WebPage\",\"@id\":\"https:\/\/www.arteartesania.com\/de\/faqs\/\",\"url\":\"https:\/\/www.arteartesania.com\/de\/faqs\/\",\"name\":\"FAQs - Arteartesania\",\"isPartOf\":{\"@id\":\"https:\/\/www.arteartesania.com\/de\/#website\"},\"datePublished\":\"2019-12-09T02:59:12+00:00\",\"dateModified\":\"2019-12-09T02:59:12+00:00\",\"breadcrumb\":{\"@id\":\"https:\/\/www.arteartesania.com\/de\/faqs\/#breadcrumb\"},\"inLanguage\":\"de\",\"potentialAction\":[{\"@type\":\"ReadAction\",\"target\":[\"https:\/\/www.arteartesania.com\/de\/faqs\/\"]}]},{\"@type\":\"BreadcrumbList\",\"@id\":\"https:\/\/www.arteartesania.com\/de\/faqs\/#breadcrumb\",\"itemListElement\":[{\"@type\":\"ListItem\",\"position\":1,\"name\":\"Portada\",\"item\":\"https:\/\/www.arteartesania.com\/de\/\"},{\"@type\":\"ListItem\",\"position\":2,\"name\":\"FAQs\"}]},{\"@type\":\"WebSite\",\"@id\":\"https:\/\/www.arteartesania.com\/de\/#website\",\"url\":\"https:\/\/www.arteartesania.com\/de\/\",\"name\":\"Arteartesania\",\"description\":\"Original selecci\u00f3n de Artesan\u00eda Contempor\u00e1nea de Autor\",\"publisher\":{\"@id\":\"https:\/\/www.arteartesania.com\/de\/#organization\"},\"potentialAction\":[{\"@type\":\"SearchAction\",\"target\":{\"@type\":\"EntryPoint\",\"urlTemplate\":\"https:\/\/www.arteartesania.com\/de\/?s={search_term_string}\"},\"query-input\":{\"@type\":\"PropertyValueSpecification\",\"valueRequired\":true,\"valueName\":\"search_term_string\"}}],\"inLanguage\":\"de\"},{\"@type\":\"Organization\",\"@id\":\"https:\/\/www.arteartesania.com\/de\/#organization\",\"name\":\"Arteartesania\",\"url\":\"https:\/\/www.arteartesania.com\/de\/\",\"logo\":{\"@type\":\"ImageObject\",\"inLanguage\":\"de\",\"@id\":\"https:\/\/www.arteartesania.com\/de\/#\/schema\/logo\/image\/\",\"url\":\"https:\/\/www.arteartesania.com\/wp-content\/uploads\/2019\/12\/cropped-logofooter.png\",\"contentUrl\":\"https:\/\/www.arteartesania.com\/wp-content\/uploads\/2019\/12\/cropped-logofooter.png\",\"width\":539,\"height\":58,\"caption\":\"Arteartesania\"},\"image\":{\"@id\":\"https:\/\/www.arteartesania.com\/de\/#\/schema\/logo\/image\/\"}}]}<\/script>\n<!-- \/ Yoast SEO plugin. -->","yoast_head_json":{"title":"FAQs - Arteartesania","robots":{"index":"index","follow":"follow","max-snippet":"max-snippet:-1","max-image-preview":"max-image-preview:large","max-video-preview":"max-video-preview:-1"},"canonical":"https:\/\/www.arteartesania.com\/de\/faqs\/","og_locale":"de_DE","og_type":"article","og_title":"FAQs - Arteartesania","og_url":"https:\/\/www.arteartesania.com\/de\/faqs\/","og_site_name":"Arteartesania","twitter_card":"summary_large_image","schema":{"@context":"https:\/\/schema.org","@graph":[{"@type":"WebPage","@id":"https:\/\/www.arteartesania.com\/de\/faqs\/","url":"https:\/\/www.arteartesania.com\/de\/faqs\/","name":"FAQs - Arteartesania","isPartOf":{"@id":"https:\/\/www.arteartesania.com\/de\/#website"},"datePublished":"2019-12-09T02:59:12+00:00","dateModified":"2019-12-09T02:59:12+00:00","breadcrumb":{"@id":"https:\/\/www.arteartesania.com\/de\/faqs\/#breadcrumb"},"inLanguage":"de","potentialAction":[{"@type":"ReadAction","target":["https:\/\/www.arteartesania.com\/de\/faqs\/"]}]},{"@type":"BreadcrumbList","@id":"https:\/\/www.arteartesania.com\/de\/faqs\/#breadcrumb","itemListElement":[{"@type":"ListItem","position":1,"name":"Portada","item":"https:\/\/www.arteartesania.com\/de\/"},{"@type":"ListItem","position":2,"name":"FAQs"}]},{"@type":"WebSite","@id":"https:\/\/www.arteartesania.com\/de\/#website","url":"https:\/\/www.arteartesania.com\/de\/","name":"Arteartesania","description":"Original selecci\u00f3n de Artesan\u00eda Contempor\u00e1nea de Autor","publisher":{"@id":"https:\/\/www.arteartesania.com\/de\/#organization"},"potentialAction":[{"@type":"SearchAction","target":{"@type":"EntryPoint","urlTemplate":"https:\/\/www.arteartesania.com\/de\/?s={search_term_string}"},"query-input":{"@type":"PropertyValueSpecification","valueRequired":true,"valueName":"search_term_string"}}],"inLanguage":"de"},{"@type":"Organization","@id":"https:\/\/www.arteartesania.com\/de\/#organization","name":"Arteartesania","url":"https:\/\/www.arteartesania.com\/de\/","logo":{"@type":"ImageObject","inLanguage":"de","@id":"https:\/\/www.arteartesania.com\/de\/#\/schema\/logo\/image\/","url":"https:\/\/www.arteartesania.com\/wp-content\/uploads\/2019\/12\/cropped-logofooter.png","contentUrl":"https:\/\/www.arteartesania.com\/wp-content\/uploads\/2019\/12\/cropped-logofooter.png","width":539,"height":58,"caption":"Arteartesania"},"image":{"@id":"https:\/\/www.arteartesania.com\/de\/#\/schema\/logo\/image\/"}}]}},"_links":{"self":[{"href":"https:\/\/www.arteartesania.com\/de\/wp-json\/wp\/v2\/pages\/4545"}],"collection":[{"href":"https:\/\/www.arteartesania.com\/de\/wp-json\/wp\/v2\/pages"}],"about":[{"href":"https:\/\/www.arteartesania.com\/de\/wp-json\/wp\/v2\/types\/page"}],"author":[{"embeddable":true,"href":"https:\/\/www.arteartesania.com\/de\/wp-json\/wp\/v2\/users\/1"}],"replies":[{"embeddable":true,"href":"https:\/\/www.arteartesania.com\/de\/wp-json\/wp\/v2\/comments?post=4545"}],"version-history":[{"count":0,"href":"https:\/\/www.arteartesania.com\/de\/wp-json\/wp\/v2\/pages\/4545\/revisions"}],"wp:attachment":[{"href":"https:\/\/www.arteartesania.com\/de\/wp-json\/wp\/v2\/media?parent=4545"}],"curies":[{"name":"wp","href":"https:\/\/api.w.org\/{rel}","templated":true}]}}