{"id":4537,"date":"2019-11-29T08:04:17","date_gmt":"2019-11-29T07:04:17","guid":{"rendered":"http:\/\/www.arteartesania.com\/contacto\/"},"modified":"2024-07-23T09:17:45","modified_gmt":"2024-07-23T07:17:45","slug":"lage-und-kontakt","status":"publish","type":"page","link":"https:\/\/www.arteartesania.com\/de\/lage-und-kontakt\/","title":{"rendered":"Kontakt"},"content":{"rendered":"\t\t<div data-elementor-type=\"wp-page\" data-elementor-id=\"4537\" class=\"elementor elementor-4537 elementor-1598\">\n\t\t\t\t\t\t<section class=\"elementor-section elementor-top-section elementor-element elementor-element-b004166 elementor-section-stretched elementor-section-height-min-height elementor-section-boxed elementor-section-height-default elementor-section-items-middle\" data-id=\"b004166\" data-element_type=\"section\" data-settings=\"{&quot;stretch_section&quot;:&quot;section-stretched&quot;}\">\n\t\t\t\t\t\t<div class=\"elementor-container elementor-column-gap-default\">\n\t\t\t\t\t<div class=\"elementor-column elementor-col-100 elementor-top-column elementor-element elementor-element-d378317\" data-id=\"d378317\" data-element_type=\"column\">\n\t\t\t<div class=\"elementor-widget-wrap\">\n\t\t\t\t\t\t\t<\/div>\n\t\t<\/div>\n\t\t\t\t\t<\/div>\n\t\t<\/section>\n\t\t\t\t<section class=\"elementor-section elementor-top-section elementor-element elementor-element-969a089 elementor-section-stretched elementor-section-boxed elementor-section-height-default elementor-section-height-default\" data-id=\"969a089\" data-element_type=\"section\" data-settings=\"{&quot;stretch_section&quot;:&quot;section-stretched&quot;}\">\n\t\t\t\t\t\t<div class=\"elementor-container elementor-column-gap-default\">\n\t\t\t\t\t<div class=\"elementor-column elementor-col-100 elementor-top-column elementor-element elementor-element-19dca8a\" data-id=\"19dca8a\" data-element_type=\"column\">\n\t\t\t<div class=\"elementor-widget-wrap elementor-element-populated\">\n\t\t\t\t\t\t<div class=\"elementor-element elementor-element-83ff41d elementor-widget elementor-widget-heading\" data-id=\"83ff41d\" data-element_type=\"widget\" data-widget_type=\"heading.default\">\n\t\t\t\t<div class=\"elementor-widget-container\">\n\t\t\t<div class=\"elementor-heading-wrapper\" ><div class=\"elementor-heading-wrapper-inner\"><h4 class=\"elementor-heading-title elementor-size-default\">STANDORT SOLLER<\/h4><\/div><\/div>\t\t<\/div>\n\t\t\t\t<\/div>\n\t\t\t\t<div class=\"elementor-element elementor-element-8502e15 elementor-widget elementor-widget-html\" data-id=\"8502e15\" data-element_type=\"widget\" data-widget_type=\"html.default\">\n\t\t\t\t<div class=\"elementor-widget-container\">\n\t\t\t<table class=\"table\">\r\n\r\n  <tbody>\r\n    <tr>\r\n      <td>C\/ Sa Lluna 43, 07100 Soller<br>Mallorca \u2013 Baleares<\/td>\r\n    <\/tr>\r\n    <tr>\r\n      <td>+34 971 631 732 <\/td>\r\n    <\/tr>\r\n    <tr>\r\n      <td>correo@arteartesania.com<\/td>\r\n    <\/tr>\r\n  <\/tbody>\r\n<\/table>\t\t<\/div>\n\t\t\t\t<\/div>\n\t\t\t\t<div class=\"elementor-element elementor-element-add7bfe elementor-widget elementor-widget-google_maps\" data-id=\"add7bfe\" data-element_type=\"widget\" data-widget_type=\"google_maps.default\">\n\t\t\t\t<div class=\"elementor-widget-container\">\n\t\t\t\t\t<div class=\"elementor-custom-embed\">\n\t\t\t<iframe loading=\"lazy\"\n\t\t\t\t\tdata-src=\"https:\/\/maps.google.com\/maps?q=C%2F%20Sa%20Lluna%2043%20S%C3%B3ller&#038;t=m&#038;z=20&#038;output=embed&#038;iwloc=near\"\n\t\t\t\t\ttitle=\"C\/ Sa Lluna 43 S\u00f3ller\"\n\t\t\t\t\taria-label=\"C\/ Sa Lluna 43 S\u00f3ller\"\n\t\t\t src=\"data:image\/gif;base64,R0lGODlhAQABAAAAACH5BAEKAAEALAAAAAABAAEAAAICTAEAOw==\" class=\"lazyload\" data-load-mode=\"1\"><\/iframe>\n\t\t<\/div>\n\t\t\t\t<\/div>\n\t\t\t\t<\/div>\n\t\t\t\t\t<\/div>\n\t\t<\/div>\n\t\t\t\t\t<\/div>\n\t\t<\/section>\n\t\t\t\t<section class=\"elementor-section elementor-top-section elementor-element elementor-element-43fcd59 elementor-section-stretched elementor-section-full_width elementor-section-height-default elementor-section-height-default\" data-id=\"43fcd59\" data-element_type=\"section\" data-settings=\"{&quot;stretch_section&quot;:&quot;section-stretched&quot;}\">\n\t\t\t\t\t\t<div class=\"elementor-container elementor-column-gap-default\">\n\t\t\t\t\t<div class=\"elementor-column elementor-col-33 elementor-top-column elementor-element elementor-element-dcacdc2\" data-id=\"dcacdc2\" data-element_type=\"column\">\n\t\t\t<div class=\"elementor-widget-wrap\">\n\t\t\t\t\t\t\t<\/div>\n\t\t<\/div>\n\t\t\t\t<div class=\"elementor-column elementor-col-33 elementor-top-column elementor-element elementor-element-5012aa3\" data-id=\"5012aa3\" data-element_type=\"column\">\n\t\t\t<div class=\"elementor-widget-wrap elementor-element-populated\">\n\t\t\t\t\t\t<div class=\"elementor-element elementor-element-d71505d elementor-widget elementor-widget-heading\" data-id=\"d71505d\" data-element_type=\"widget\" data-widget_type=\"heading.default\">\n\t\t\t\t<div class=\"elementor-widget-container\">\n\t\t\t<div class=\"elementor-heading-wrapper\" ><div class=\"elementor-heading-wrapper-inner\"><h4 class=\"elementor-heading-title elementor-size-default\">HABEN SIE FRAGEN?<\/h4><\/div><\/div>\t\t<\/div>\n\t\t\t\t<\/div>\n\t\t\t\t<div class=\"elementor-element elementor-element-35a3a2f elementor-wpcf7-button-dark elementor-align-left elementor-wpcf7-button-md elementor-widget elementor-widget-opal-contactform7\" data-id=\"35a3a2f\" data-element_type=\"widget\" data-widget_type=\"opal-contactform7.default\">\n\t\t\t\t<div class=\"elementor-widget-container\">\n\t\t\t\n<div class=\"wpcf7 no-js\" id=\"wpcf7-f2940-o1\" lang=\"en-US\" dir=\"ltr\">\n<div class=\"screen-reader-response\"><p role=\"status\" aria-live=\"polite\" aria-atomic=\"true\"><\/p> <ul><\/ul><\/div>\n<form action=\"\/de\/wp-json\/wp\/v2\/pages\/4537#wpcf7-f2940-o1\" method=\"post\" class=\"wpcf7-form init\" aria-label=\"Contact form\" novalidate=\"novalidate\" data-status=\"init\">\n<div style=\"display: none;\">\n<input type=\"hidden\" name=\"_wpcf7\" value=\"2940\" \/>\n<input type=\"hidden\" name=\"_wpcf7_version\" value=\"5.9.8\" \/>\n<input type=\"hidden\" name=\"_wpcf7_locale\" value=\"en_US\" \/>\n<input type=\"hidden\" name=\"_wpcf7_unit_tag\" value=\"wpcf7-f2940-o1\" \/>\n<input type=\"hidden\" name=\"_wpcf7_container_post\" value=\"0\" \/>\n<input type=\"hidden\" name=\"_wpcf7_posted_data_hash\" value=\"\" \/>\n<input type=\"hidden\" name=\"_wpcf7_recaptcha_response\" value=\"\" \/>\n<\/div>\n<p><label> Your Name (required)<br \/>\n<span class=\"wpcf7-form-control-wrap\" data-name=\"your-name\"><input size=\"40\" maxlength=\"400\" class=\"wpcf7-form-control wpcf7-text wpcf7-validates-as-required\" aria-required=\"true\" aria-invalid=\"false\" value=\"\" type=\"text\" name=\"your-name\" \/><\/span> <\/label>\n<\/p>\n<p><label> Your Email (required)<br \/>\n<span class=\"wpcf7-form-control-wrap\" data-name=\"your-email\"><input size=\"40\" maxlength=\"400\" class=\"wpcf7-form-control wpcf7-email wpcf7-validates-as-required wpcf7-text wpcf7-validates-as-email\" aria-required=\"true\" aria-invalid=\"false\" value=\"\" type=\"email\" name=\"your-email\" \/><\/span> <\/label>\n<\/p>\n<p><label> Subject<br \/>\n<span class=\"wpcf7-form-control-wrap\" data-name=\"your-subject\"><input size=\"40\" maxlength=\"400\" class=\"wpcf7-form-control wpcf7-text\" aria-invalid=\"false\" value=\"\" type=\"text\" name=\"your-subject\" \/><\/span> <\/label>\n<\/p>\n<p><label> Your Message<br \/>\n<span class=\"wpcf7-form-control-wrap\" data-name=\"your-message\"><textarea cols=\"40\" rows=\"10\" maxlength=\"2000\" class=\"wpcf7-form-control wpcf7-textarea\" aria-invalid=\"false\" name=\"your-message\"><\/textarea><\/span> <\/label>\n<\/p>\n<p><input class=\"wpcf7-form-control wpcf7-submit has-spinner\" type=\"submit\" value=\"Send\" \/>\n<\/p><div class=\"wpcf7-response-output\" aria-hidden=\"true\"><\/div>\n<\/form>\n<\/div>\n\t\t<\/div>\n\t\t\t\t<\/div>\n\t\t\t\t\t<\/div>\n\t\t<\/div>\n\t\t\t\t<div class=\"elementor-column elementor-col-33 elementor-top-column elementor-element elementor-element-ddd46b9\" data-id=\"ddd46b9\" data-element_type=\"column\">\n\t\t\t<div class=\"elementor-widget-wrap\">\n\t\t\t\t\t\t\t<\/div>\n\t\t<\/div>\n\t\t\t\t\t<\/div>\n\t\t<\/section>\n\t\t\t\t<section class=\"elementor-section elementor-top-section elementor-element elementor-element-33db5151 elementor-section-stretched elementor-section-boxed elementor-section-height-default elementor-section-height-default\" data-id=\"33db5151\" data-element_type=\"section\" data-settings=\"{&quot;stretch_section&quot;:&quot;section-stretched&quot;,&quot;background_background&quot;:&quot;slideshow&quot;,&quot;background_slideshow_gallery&quot;:[{&quot;id&quot;:1971,&quot;url&quot;:&quot;http:\\\/\\\/localhost\\\/wordpress\\\/quapa\\\/wp-content\\\/uploads\\\/2019\\\/12\\\/h10_bg5-1.jpg&quot;},{&quot;id&quot;:1972,&quot;url&quot;:&quot;http:\\\/\\\/localhost\\\/wordpress\\\/quapa\\\/wp-content\\\/uploads\\\/2019\\\/12\\\/h10_bg5-2.jpg&quot;}],&quot;background_slideshow_ken_burns&quot;:&quot;yes&quot;,&quot;background_slideshow_loop&quot;:&quot;yes&quot;,&quot;background_slideshow_slide_duration&quot;:5000,&quot;background_slideshow_slide_transition&quot;:&quot;fade&quot;,&quot;background_slideshow_transition_duration&quot;:500,&quot;background_slideshow_ken_burns_zoom_direction&quot;:&quot;in&quot;}\">\n\t\t\t\t\t\t<div class=\"elementor-container elementor-column-gap-no\">\n\t\t\t\t\t<div class=\"elementor-column elementor-col-100 elementor-top-column elementor-element elementor-element-11d7dc6e\" data-id=\"11d7dc6e\" data-element_type=\"column\" data-settings=\"{&quot;background_background&quot;:&quot;classic&quot;}\">\n\t\t\t<div class=\"elementor-widget-wrap elementor-element-populated\">\n\t\t\t\t\t\t<div class=\"elementor-element elementor-element-654ff3a7 animated-fast elementor-invisible elementor-widget elementor-widget-heading\" data-id=\"654ff3a7\" data-element_type=\"widget\" data-settings=\"{&quot;_animation&quot;:&quot;opal-move-up&quot;}\" data-widget_type=\"heading.default\">\n\t\t\t\t<div class=\"elementor-widget-container\">\n\t\t\t<div class=\"elementor-heading-wrapper\" ><div class=\"elementor-heading-wrapper-inner\"><h2 class=\"elementor-heading-title elementor-size-default\">Newsletter<\/h2><\/div><\/div>\t\t<\/div>\n\t\t\t\t<\/div>\n\t\t\t\t<div class=\"elementor-element elementor-element-25166954 animated-fast elementor-invisible elementor-widget elementor-widget-text-editor\" data-id=\"25166954\" data-element_type=\"widget\" data-settings=\"{&quot;_animation&quot;:&quot;opal-move-up&quot;}\" data-widget_type=\"text-editor.default\">\n\t\t\t\t<div class=\"elementor-widget-container\">\n\t\t\t        <div class=\"elementor-text-editor elementor-clearfix\"><p>Bleiben sie informiert \u00fcber bevorstehende Ausstellungen, Workshops und Neuigkeiten.<\/p>\n<\/div>\n        \t\t<\/div>\n\t\t\t\t<\/div>\n\t\t\t\t<div class=\"elementor-element elementor-element-63691fbc animated-fast mailchimp-button-default elementor-invisible elementor-widget elementor-widget-opal-mailchmip\" data-id=\"63691fbc\" data-element_type=\"widget\" data-settings=\"{&quot;_animation&quot;:&quot;opal-move-up&quot;}\" data-widget_type=\"opal-mailchmip.default\">\n\t\t\t\t<div class=\"elementor-widget-container\">\n\t\t\t<div class=\"form-style\"><script>(function() {\n\twindow.mc4wp = window.mc4wp || {\n\t\tlisteners: [],\n\t\tforms: {\n\t\t\ton: function(evt, cb) {\n\t\t\t\twindow.mc4wp.listeners.push(\n\t\t\t\t\t{\n\t\t\t\t\t\tevent   : evt,\n\t\t\t\t\t\tcallback: cb\n\t\t\t\t\t}\n\t\t\t\t);\n\t\t\t}\n\t\t}\n\t}\n})();\n<\/script><!-- Mailchimp for WordPress v4.9.17 - https:\/\/wordpress.org\/plugins\/mailchimp-for-wp\/ --><form id=\"mc4wp-form-1\" class=\"mc4wp-form mc4wp-form-2074\" method=\"post\" data-id=\"2074\" data-name=\"Opal MailChimp\" ><div class=\"mc4wp-form-fields\"><input type=\"email\" name=\"EMAIL\" placeholder=\"Enter your e-mail...\" required \/>\r\n<button type=\"submit\" value=\"Submit\">\r\n<span>Subscribe<\/span><i class=\"opal-icon-arrow\" aria-hidden=\"true\"><\/i>\r\n<\/button><\/div><label style=\"display: none !important;\">Wenn du ein Mensch bist, lasse das Feld leer: <input type=\"text\" name=\"_mc4wp_honeypot\" value=\"\" tabindex=\"-1\" autocomplete=\"off\" \/><\/label><input type=\"hidden\" name=\"_mc4wp_timestamp\" value=\"1777604621\" \/><input type=\"hidden\" name=\"_mc4wp_form_id\" value=\"2074\" \/><input type=\"hidden\" name=\"_mc4wp_form_element_id\" value=\"mc4wp-form-1\" \/><div class=\"mc4wp-response\"><\/div><\/form><!-- \/ Mailchimp for WordPress Plugin --><\/div>\t\t<\/div>\n\t\t\t\t<\/div>\n\t\t\t\t\t<\/div>\n\t\t<\/div>\n\t\t\t\t\t<\/div>\n\t\t<\/section>\n\t\t\t\t<\/div>\n\t\t","protected":false},"excerpt":{"rendered":"<p>STANDORT SOLLER C\/ Sa Lluna 43, 07100 SollerMallorca \u2013 Baleares +34 971 631 732 correo@arteartesania.com HABEN SIE FRAGEN? Your Name (required) Your Email (required) Subject Your Message Newsletter Bleiben sie informiert \u00fcber bevorstehende Ausstellungen, Workshops und Neuigkeiten. Subscribe Deja vac\u00edo este campo si eres humano:<\/p>\n","protected":false},"author":1,"featured_media":0,"parent":0,"menu_order":0,"comment_status":"closed","ping_status":"closed","template":"","meta":{"_acf_changed":false,"inline_featured_image":false,"footnotes":""},"class_list":["post-4537","page","type-page","status-publish","hentry"],"acf":[],"yoast_head":"<!-- This site is optimized with the Yoast SEO plugin v23.6 - https:\/\/yoast.com\/wordpress\/plugins\/seo\/ -->\n<title>Arteartesania - Handwerksladen des Autors in Soller, Mallorca<\/title>\n<meta name=\"robots\" content=\"index, follow, max-snippet:-1, max-image-preview:large, max-video-preview:-1\" \/>\n<link rel=\"canonical\" href=\"https:\/\/www.arteartesania.com\/de\/lage-und-kontakt\/\" \/>\n<meta property=\"og:locale\" content=\"de_DE\" \/>\n<meta property=\"og:type\" content=\"article\" \/>\n<meta property=\"og:title\" content=\"Arteartesania - Handwerksladen des Autors in Soller, Mallorca\" \/>\n<meta property=\"og:description\" content=\"STANDORT SOLLER C\/ Sa Lluna 43, 07100 SollerMallorca \u2013 Baleares +34 971 631 732 correo@arteartesania.com HABEN SIE FRAGEN? Your Name (required) Your Email (required) Subject Your Message Newsletter Bleiben sie informiert \u00fcber bevorstehende Ausstellungen, Workshops und Neuigkeiten. Subscribe Deja vac\u00edo este campo si eres humano:\" \/>\n<meta property=\"og:url\" content=\"https:\/\/www.arteartesania.com\/de\/lage-und-kontakt\/\" \/>\n<meta property=\"og:site_name\" content=\"Arteartesania\" \/>\n<meta property=\"article:modified_time\" content=\"2024-07-23T07:17:45+00:00\" \/>\n<meta name=\"twitter:card\" content=\"summary_large_image\" \/>\n<meta name=\"twitter:label1\" content=\"Gesch\u00e4tzte Lesezeit\" \/>\n\t<meta name=\"twitter:data1\" content=\"1\u00a0Minute\" \/>\n<script type=\"application\/ld+json\" class=\"yoast-schema-graph\">{\"@context\":\"https:\/\/schema.org\",\"@graph\":[{\"@type\":\"WebPage\",\"@id\":\"https:\/\/www.arteartesania.com\/de\/lage-und-kontakt\/\",\"url\":\"https:\/\/www.arteartesania.com\/de\/lage-und-kontakt\/\",\"name\":\"Arteartesania - Handwerksladen des Autors in Soller, Mallorca\",\"isPartOf\":{\"@id\":\"https:\/\/www.arteartesania.com\/de\/#website\"},\"datePublished\":\"2019-11-29T07:04:17+00:00\",\"dateModified\":\"2024-07-23T07:17:45+00:00\",\"breadcrumb\":{\"@id\":\"https:\/\/www.arteartesania.com\/de\/lage-und-kontakt\/#breadcrumb\"},\"inLanguage\":\"de\",\"potentialAction\":[{\"@type\":\"ReadAction\",\"target\":[\"https:\/\/www.arteartesania.com\/de\/lage-und-kontakt\/\"]}]},{\"@type\":\"BreadcrumbList\",\"@id\":\"https:\/\/www.arteartesania.com\/de\/lage-und-kontakt\/#breadcrumb\",\"itemListElement\":[{\"@type\":\"ListItem\",\"position\":1,\"name\":\"Portada\",\"item\":\"https:\/\/www.arteartesania.com\/de\/\"},{\"@type\":\"ListItem\",\"position\":2,\"name\":\"Kontakt\"}]},{\"@type\":\"WebSite\",\"@id\":\"https:\/\/www.arteartesania.com\/de\/#website\",\"url\":\"https:\/\/www.arteartesania.com\/de\/\",\"name\":\"Arteartesania\",\"description\":\"Original selecci\u00f3n de Artesan\u00eda Contempor\u00e1nea de Autor\",\"publisher\":{\"@id\":\"https:\/\/www.arteartesania.com\/de\/#organization\"},\"potentialAction\":[{\"@type\":\"SearchAction\",\"target\":{\"@type\":\"EntryPoint\",\"urlTemplate\":\"https:\/\/www.arteartesania.com\/de\/?s={search_term_string}\"},\"query-input\":{\"@type\":\"PropertyValueSpecification\",\"valueRequired\":true,\"valueName\":\"search_term_string\"}}],\"inLanguage\":\"de\"},{\"@type\":\"Organization\",\"@id\":\"https:\/\/www.arteartesania.com\/de\/#organization\",\"name\":\"Arteartesania\",\"url\":\"https:\/\/www.arteartesania.com\/de\/\",\"logo\":{\"@type\":\"ImageObject\",\"inLanguage\":\"de\",\"@id\":\"https:\/\/www.arteartesania.com\/de\/#\/schema\/logo\/image\/\",\"url\":\"https:\/\/www.arteartesania.com\/wp-content\/uploads\/2019\/12\/cropped-logofooter.png\",\"contentUrl\":\"https:\/\/www.arteartesania.com\/wp-content\/uploads\/2019\/12\/cropped-logofooter.png\",\"width\":539,\"height\":58,\"caption\":\"Arteartesania\"},\"image\":{\"@id\":\"https:\/\/www.arteartesania.com\/de\/#\/schema\/logo\/image\/\"}}]}<\/script>\n<!-- \/ Yoast SEO plugin. -->","yoast_head_json":{"title":"Arteartesania - Handwerksladen des Autors in Soller, Mallorca","robots":{"index":"index","follow":"follow","max-snippet":"max-snippet:-1","max-image-preview":"max-image-preview:large","max-video-preview":"max-video-preview:-1"},"canonical":"https:\/\/www.arteartesania.com\/de\/lage-und-kontakt\/","og_locale":"de_DE","og_type":"article","og_title":"Arteartesania - Handwerksladen des Autors in Soller, Mallorca","og_description":"STANDORT SOLLER C\/ Sa Lluna 43, 07100 SollerMallorca \u2013 Baleares +34 971 631 732 correo@arteartesania.com HABEN SIE FRAGEN? Your Name (required) Your Email (required) Subject Your Message Newsletter Bleiben sie informiert \u00fcber bevorstehende Ausstellungen, Workshops und Neuigkeiten. Subscribe Deja vac\u00edo este campo si eres humano:","og_url":"https:\/\/www.arteartesania.com\/de\/lage-und-kontakt\/","og_site_name":"Arteartesania","article_modified_time":"2024-07-23T07:17:45+00:00","twitter_card":"summary_large_image","twitter_misc":{"Gesch\u00e4tzte Lesezeit":"1\u00a0Minute"},"schema":{"@context":"https:\/\/schema.org","@graph":[{"@type":"WebPage","@id":"https:\/\/www.arteartesania.com\/de\/lage-und-kontakt\/","url":"https:\/\/www.arteartesania.com\/de\/lage-und-kontakt\/","name":"Arteartesania - Handwerksladen des Autors in Soller, Mallorca","isPartOf":{"@id":"https:\/\/www.arteartesania.com\/de\/#website"},"datePublished":"2019-11-29T07:04:17+00:00","dateModified":"2024-07-23T07:17:45+00:00","breadcrumb":{"@id":"https:\/\/www.arteartesania.com\/de\/lage-und-kontakt\/#breadcrumb"},"inLanguage":"de","potentialAction":[{"@type":"ReadAction","target":["https:\/\/www.arteartesania.com\/de\/lage-und-kontakt\/"]}]},{"@type":"BreadcrumbList","@id":"https:\/\/www.arteartesania.com\/de\/lage-und-kontakt\/#breadcrumb","itemListElement":[{"@type":"ListItem","position":1,"name":"Portada","item":"https:\/\/www.arteartesania.com\/de\/"},{"@type":"ListItem","position":2,"name":"Kontakt"}]},{"@type":"WebSite","@id":"https:\/\/www.arteartesania.com\/de\/#website","url":"https:\/\/www.arteartesania.com\/de\/","name":"Arteartesania","description":"Original selecci\u00f3n de Artesan\u00eda Contempor\u00e1nea de Autor","publisher":{"@id":"https:\/\/www.arteartesania.com\/de\/#organization"},"potentialAction":[{"@type":"SearchAction","target":{"@type":"EntryPoint","urlTemplate":"https:\/\/www.arteartesania.com\/de\/?s={search_term_string}"},"query-input":{"@type":"PropertyValueSpecification","valueRequired":true,"valueName":"search_term_string"}}],"inLanguage":"de"},{"@type":"Organization","@id":"https:\/\/www.arteartesania.com\/de\/#organization","name":"Arteartesania","url":"https:\/\/www.arteartesania.com\/de\/","logo":{"@type":"ImageObject","inLanguage":"de","@id":"https:\/\/www.arteartesania.com\/de\/#\/schema\/logo\/image\/","url":"https:\/\/www.arteartesania.com\/wp-content\/uploads\/2019\/12\/cropped-logofooter.png","contentUrl":"https:\/\/www.arteartesania.com\/wp-content\/uploads\/2019\/12\/cropped-logofooter.png","width":539,"height":58,"caption":"Arteartesania"},"image":{"@id":"https:\/\/www.arteartesania.com\/de\/#\/schema\/logo\/image\/"}}]}},"_links":{"self":[{"href":"https:\/\/www.arteartesania.com\/de\/wp-json\/wp\/v2\/pages\/4537"}],"collection":[{"href":"https:\/\/www.arteartesania.com\/de\/wp-json\/wp\/v2\/pages"}],"about":[{"href":"https:\/\/www.arteartesania.com\/de\/wp-json\/wp\/v2\/types\/page"}],"author":[{"embeddable":true,"href":"https:\/\/www.arteartesania.com\/de\/wp-json\/wp\/v2\/users\/1"}],"replies":[{"embeddable":true,"href":"https:\/\/www.arteartesania.com\/de\/wp-json\/wp\/v2\/comments?post=4537"}],"version-history":[{"count":28,"href":"https:\/\/www.arteartesania.com\/de\/wp-json\/wp\/v2\/pages\/4537\/revisions"}],"predecessor-version":[{"id":16482,"href":"https:\/\/www.arteartesania.com\/de\/wp-json\/wp\/v2\/pages\/4537\/revisions\/16482"}],"wp:attachment":[{"href":"https:\/\/www.arteartesania.com\/de\/wp-json\/wp\/v2\/media?parent=4537"}],"curies":[{"name":"wp","href":"https:\/\/api.w.org\/{rel}","templated":true}]}}